
{"id":27,"date":"2017-06-20T10:36:58","date_gmt":"2017-06-20T10:36:58","guid":{"rendered":"http:\/\/www.uhu.es\/ccth\/?page_id=27"},"modified":"2023-05-12T09:41:54","modified_gmt":"2023-05-12T09:41:54","slug":"rnm276-geociencias-aplicadas-e-ingenieria-ambiental","status":"publish","type":"page","link":"https:\/\/www.uhu.es\/ccth\/rnm276-geociencias-aplicadas-e-ingenieria-ambiental\/","title":{"rendered":"Departamento de Geociencias Aplicadas."},"content":{"rendered":"<p>El Departamento de Geociencias Aplicadas esta formado por miembros del grupo de investigaci\u00f3n: RNM (Geociencias Aplicadas e Ingenier\u00eda Ambiental)<\/p>\n<p>Investigadores que integran el Departamento:<\/p>\n<p>Mayoral Alfaro,\u00a0Eduardo Jes\u00fas (Coordinador\/Investigador responsable)<br \/>\nMorales Gonz\u00e1lez,\u00a0Juan Antonio<br \/>\nRodr\u00edguez Ram\u00edrez,\u00a0Antonio<br \/>\nBorrego Flores,\u00a0Jos\u00e9<br \/>\nAlonso Chaves,\u00a0Francisco Manuel<br \/>\nGarc\u00eda Navarro,\u00a0Encarnaci\u00f3n<br \/>\nLozano Guerra-Librero, Claudio<br \/>\nCamacho Cerro,\u00a0Manuel<\/p>\n<p style=\"text-align: justify;\">El Grupo de Investigaci\u00f3n RNM 276: \u201cGEOCIENCIAS APLICADAS E INGENIER\u00cdA AMBIENTAL\u201d (GAIA), constituido en el a\u00f1o 2012, es actualmente el producto de la fusi\u00f3n de los antiguos Grupos de Investigaci\u00f3n RNM276 Geolog\u00eda Costera y Recursos H\u00eddricos y RNM316 Tect\u00f3nica y Paleontolog\u00eda.<\/p>\n<p style=\"text-align: justify;\"><span lang=\"ES-TRAD\"><span style=\"color: #000000; font-family: Arial; font-size: medium;\">Desde entonces sus l\u00edneas de investigaci\u00f3n se han centrado en la sedimentolog\u00eda de medios litorales actuales, destacando desde el principio la investigaci\u00f3n sobre la sedimentaci\u00f3n en las playas y los estuarios de la Costa de Huelva. Posteriormente, con el desarrollo de sucesivos proyectos de investigaci\u00f3n, la actividad se ha ido especializando, de tal modo que actualmente se ha ido adquiriendo un enfoque multidisciplinar de la investigaci\u00f3n costera que abarca: <\/span><\/span><\/p>\n<p><span lang=\"ES-TRAD\"><span style=\"color: #000000; font-family: Arial; font-size: medium;\">a) procesos f\u00edsicos en sistemas costeros<\/span><\/span><br \/>\n<span lang=\"ES-TRAD\"><span style=\"color: #000000; font-family: Arial; font-size: medium;\">b) sedimentaci\u00f3n y erosi\u00f3n en medios costeros<\/span><\/span><br \/>\n<span lang=\"ES-TRAD\"><span style=\"color: #000000; font-family: Arial; font-size: medium;\">c) modelos sedimentarios costeros <\/span><\/span><br \/>\n<span lang=\"ES-TRAD\"><span style=\"color: #000000; font-family: Arial; font-size: medium;\">d) riesgos geol\u00f3gicos en \u00e1reas litorales.\u00a0 <\/span><\/span><\/p>\n<p style=\"text-align: justify;\">Tambi\u00e9n se ha dedicado un especial inter\u00e9s a las cuestiones relacionadas con el Patrimonio Paleontol\u00f3gico, tanto en su versi\u00f3n de investigaci\u00f3n, como de puesta en valor, protecci\u00f3n y difusi\u00f3n, que han servido de criterio para implementar los valores culturales y de ocio, as\u00ed como de gesti\u00f3n en zonas de gran valor natural reconocidas como de inter\u00e9s mundial por la UNESCO (Geoparque de la Sierra Norte de Sevilla).<\/p>\n<p style=\"text-align: justify;\">La participaci\u00f3n de investigadores del \u00e1rea de conocimiento de Geodin\u00e1mica Interna se ha llevado a cabo en el estudio tect\u00f3nico del z\u00f3calo varisco y cuencas de antepa\u00eds y su relaci\u00f3n, entre otras, con la actividad s\u00edsmica reciente en el sur de la pen\u00ednsula Ib\u00e9rica. En el \u00e1mbito de la Ingenier\u00eda Ambiental las l\u00edneas prioritarias de intervenci\u00f3n se han llevado a cabo en dos \u00e1reas:<\/p>\n<ul>\n<li>\u00c1rea estrat\u00e9gica de agua y miner\u00eda.<\/li>\n<li>\u00c1rea estrat\u00e9gica de especies invasoras.<\/li>\n<\/ul>\n<p style=\"text-align: justify;\">En el primer caso las investigaciones que se han llevado a cabo y que se pretende continuar en el futuro han sido:<\/p>\n<ul>\n<li>Miner\u00eda Sostenible y Econom\u00eda Circular.<\/li>\n<li>Drenaje acido de mina.<\/li>\n<li>Recuperaci\u00f3n de elementos de inter\u00e9s en escombreras mineras, transformando pasivos ambientales en activos econ\u00f3micos con vertido cero a la red fluvial.<\/li>\n<li>Desarrollo de t\u00e9cnicas y herramientas para la gesti\u00f3n sostenible de espacios mineros<\/li>\n<li>Reintroducci\u00f3n de residuos en el ciclo productivo<\/li>\n<li>Preservaci\u00f3n del medio h\u00eddrico.<\/li>\n<\/ul>\n<p style=\"text-align: justify;\">Y en relaci\u00f3n a la segunda \u00e1rea:<\/p>\n<ul>\n<li>Especies invasoras en medios acu\u00e1ticos.<\/li>\n<li>Afecci\u00f3n de especies invasoras en infraestructuras hidr\u00e1ulicas.<\/li>\n<\/ul>\n","protected":false},"excerpt":{"rendered":"<p>El Departamento de Geociencias Aplicadas esta formado por miembros del grupo de investigaci\u00f3n: RNM (Geociencias Aplicadas e Ingenier\u00eda Ambiental) Investigadores que integran el Departamento: Mayoral Alfaro,\u00a0Eduardo Jes\u00fas (Coordinador\/Investigador responsable) Morales Gonz\u00e1lez,\u00a0Juan Antonio Rodr\u00edguez Ram\u00edrez,\u00a0Antonio Borrego Flores,\u00a0Jos\u00e9 Alonso Chaves,\u00a0Francisco Manuel Garc\u00eda Navarro,\u00a0Encarnaci\u00f3n Lozano Guerra-Librero, Claudio Camacho Cerro,\u00a0Manuel El Grupo de Investigaci\u00f3n RNM 276: \u201cGEOCIENCIAS APLICADAS E&hellip; <br \/> <a class=\"read-more\" href=\"https:\/\/www.uhu.es\/ccth\/rnm276-geociencias-aplicadas-e-ingenieria-ambiental\/\">Read more<\/a><\/p>\n","protected":false},"author":1,"featured_media":0,"parent":0,"menu_order":0,"comment_status":"closed","ping_status":"closed","template":"","meta":{"footnotes":""},"_links":{"self":[{"href":"https:\/\/www.uhu.es\/ccth\/wp-json\/wp\/v2\/pages\/27"}],"collection":[{"href":"https:\/\/www.uhu.es\/ccth\/wp-json\/wp\/v2\/pages"}],"about":[{"href":"https:\/\/www.uhu.es\/ccth\/wp-json\/wp\/v2\/types\/page"}],"author":[{"embeddable":true,"href":"https:\/\/www.uhu.es\/ccth\/wp-json\/wp\/v2\/users\/1"}],"replies":[{"embeddable":true,"href":"https:\/\/www.uhu.es\/ccth\/wp-json\/wp\/v2\/comments?post=27"}],"version-history":[{"count":8,"href":"https:\/\/www.uhu.es\/ccth\/wp-json\/wp\/v2\/pages\/27\/revisions"}],"predecessor-version":[{"id":1857,"href":"https:\/\/www.uhu.es\/ccth\/wp-json\/wp\/v2\/pages\/27\/revisions\/1857"}],"wp:attachment":[{"href":"https:\/\/www.uhu.es\/ccth\/wp-json\/wp\/v2\/media?parent=27"}],"curies":[{"name":"wp","href":"https:\/\/api.w.org\/{rel}","templated":true}]}}