
{"id":33,"date":"2017-06-20T11:39:09","date_gmt":"2017-06-20T11:39:09","guid":{"rendered":"http:\/\/www.uhu.es\/ccth\/?page_id=33"},"modified":"2025-06-23T10:19:12","modified_gmt":"2025-06-23T10:19:12","slug":"tic165-sistemas-electronicos-y-mecatronica","status":"publish","type":"page","link":"https:\/\/www.uhu.es\/ccth\/tic165-sistemas-electronicos-y-mecatronica\/","title":{"rendered":"Departamento de Ingenier\u00eda Electr\u00f3nica y Mecatr\u00f3nica."},"content":{"rendered":"<p>El Departamento de Ingenier\u00eda Electr\u00f3nica y Mecatr\u00f3nica esta formado por miembros del grupo de investigaci\u00f3n: TIC165 (Sistemas Electr\u00f3nicos y Mecatr\u00f3nica)<\/p>\n<p>Investigadores que integran el Departamento:<\/p>\n<p>G\u00f3mez Gal\u00e1n,\u00a0Juan Antonio\u00a0(Coordinador\/Investigador responsable)<br \/>\nHermoso Fern\u00e1ndez, Adoraci\u00f3n.<br \/>\nL\u00f3pez Garc\u00eda, Diego Antonio.<br \/>\nPedro Carrasco, Manuel.<br \/>\nS\u00e1nchez Raya, Manuel.<br \/>\nS\u00e1nchez Rodr\u00edguez, Trinidad .<br \/>\nMedina Garc\u00eda, Jonatan .<br \/>\nTall\u00f3n Ballesteros, Antonio Javier .<\/p>\n<p style=\"text-align: justify;\">Este grupo fue creado en 1999, todos los miembros del grupo pertenecen al departamento de Ingenier\u00eda Electr\u00f3nica, de Sistemas Autom\u00e1ticos y Autom\u00e1tica.<\/p>\n<p style=\"text-align: justify;\">Los miembros del grupo de investigaci\u00f3n forman un equipo multidisciplinar capaz de abordar proyectos relacionados con el dise\u00f1o electr\u00f3nico de circuitos, tanto discretos como integrados, para su aplicaci\u00f3n en sistemas de comunicaci\u00f3n, control industrial y detectores de radiaci\u00f3n, incluyendo bloques digitales de procesamiento de informaci\u00f3n y circuitos de interface anal\u00f3gica de altas prestaciones y bajo consumo para acondicionamiento de se\u00f1ales procedentes de sensores y actuadores. Tambi\u00e9n se abordan l\u00edneas de trabajo relacionadas con el control inteligente y el dise\u00f1o de sistemas empotrados para aplicaciones de rob\u00f3tica. En los \u00faltimos 5 a\u00f1os el Grupo ha conseguido 4 proyectos en convocatorias competitivas y 16 contratos con empresas. Adem\u00e1s, se han dirigido 6 tesis doctorales y actualmente se est\u00e1n dirigiendo otras 3. De entre las l\u00edneas de investigaci\u00f3n espec\u00edficas se destacan:<\/p>\n<ul>\n<li>Instrumentaci\u00f3n electr\u00f3nica para detectores de radiaci\u00f3n.<\/li>\n<li>Dise\u00f1o de circuitos anal\u00f3gicos, digitales y mixtos.<\/li>\n<li>Redes de sensores y dise\u00f1o de sistemas empotrados<\/li>\n<li>Rob\u00f3tica, control inteligente y sistemas de percepci\u00f3n.<\/li>\n<\/ul>\n<p>&nbsp;<\/p>\n","protected":false},"excerpt":{"rendered":"<p>El Departamento de Ingenier\u00eda Electr\u00f3nica y Mecatr\u00f3nica esta formado por miembros del grupo de investigaci\u00f3n: TIC165 (Sistemas Electr\u00f3nicos y Mecatr\u00f3nica) Investigadores que integran el Departamento: G\u00f3mez Gal\u00e1n,\u00a0Juan Antonio\u00a0(Coordinador\/Investigador responsable) Hermoso Fern\u00e1ndez, Adoraci\u00f3n. L\u00f3pez Garc\u00eda, Diego Antonio. Pedro Carrasco, Manuel. S\u00e1nchez Raya, Manuel. S\u00e1nchez Rodr\u00edguez, Trinidad . Medina Garc\u00eda, Jonatan . Tall\u00f3n Ballesteros, Antonio Javier .&hellip; <br \/> <a class=\"read-more\" href=\"https:\/\/www.uhu.es\/ccth\/tic165-sistemas-electronicos-y-mecatronica\/\">Read more<\/a><\/p>\n","protected":false},"author":1,"featured_media":0,"parent":0,"menu_order":0,"comment_status":"closed","ping_status":"closed","template":"","meta":{"footnotes":""},"_links":{"self":[{"href":"https:\/\/www.uhu.es\/ccth\/wp-json\/wp\/v2\/pages\/33"}],"collection":[{"href":"https:\/\/www.uhu.es\/ccth\/wp-json\/wp\/v2\/pages"}],"about":[{"href":"https:\/\/www.uhu.es\/ccth\/wp-json\/wp\/v2\/types\/page"}],"author":[{"embeddable":true,"href":"https:\/\/www.uhu.es\/ccth\/wp-json\/wp\/v2\/users\/1"}],"replies":[{"embeddable":true,"href":"https:\/\/www.uhu.es\/ccth\/wp-json\/wp\/v2\/comments?post=33"}],"version-history":[{"count":13,"href":"https:\/\/www.uhu.es\/ccth\/wp-json\/wp\/v2\/pages\/33\/revisions"}],"predecessor-version":[{"id":2038,"href":"https:\/\/www.uhu.es\/ccth\/wp-json\/wp\/v2\/pages\/33\/revisions\/2038"}],"wp:attachment":[{"href":"https:\/\/www.uhu.es\/ccth\/wp-json\/wp\/v2\/media?parent=33"}],"curies":[{"name":"wp","href":"https:\/\/api.w.org\/{rel}","templated":true}]}}