
{"id":39,"date":"2017-06-20T11:54:22","date_gmt":"2017-06-20T11:54:22","guid":{"rendered":"http:\/\/www.uhu.es\/ccth\/?page_id=39"},"modified":"2025-06-23T10:08:40","modified_gmt":"2025-06-23T10:08:40","slug":"fqm318-estructura-de-la-materia-ciencia-y-tecnologia-nuclear","status":"publish","type":"page","link":"https:\/\/www.uhu.es\/ccth\/fqm318-estructura-de-la-materia-ciencia-y-tecnologia-nuclear\/","title":{"rendered":"Departamento de Tecnolog\u00eda Nuclear y Oncolog\u00eda."},"content":{"rendered":"<p style=\"text-align: justify;\">El Departamento de Tecnolog\u00eda Nuclear y Oncolog\u00eda. esta formado por miembros de los grupos de investigaci\u00f3n: FQM318 (Estructura de la Materia),\u00a0 CTS616 (Atenci\u00f3n al Paciente Oncol\u00f3gico) y RNM323 (Ingenier\u00eda Civil y Calidad Ambiental).<\/p>\n<p>Investigadores que integran el Departamento:<\/p>\n<p>Martel Bravo, Ismael (Coordinador\/Investigador responsable)(FQM318)<br \/>\nPizarro Navarrete,\u00a0Francisco (FQM318)<br \/>\nCarrasco,\u00a0Rafael\u00a0 (FQM318)<br \/>\nRuiz Pomares,\u00a0Mar\u00eda Jos\u00e9 (FQM318)<br \/>\nRodr\u00edguez P\u00e9rez, \u00c1ngel Mariano (FQM318)<br \/>\nS\u00e1nchez Segovia, Jos\u00e9 (CTS616)<br \/>\nGarc\u00eda Ramos, Carlos (FQM318)<br \/>\nSalguero, Francisco (RNM323)<br \/>\nJuan Luis Aguado Casas.<\/p>\n<p>Investigadores pertenecientes a otras Universidades:<br \/>\nLabrador Bernal, Juan \u00c1ngel (Laboratorio CNA, Universidad de Sevilla)<br \/>\nVivek Parkar (Laboratorio BARC, Mumbai, India)<br \/>\nAcosta,\u00a0Luis (Universidad Aut\u00f3noma de M\u00e9xico, M\u00e9xico)<br \/>\nAntonio C.C. Villari (Universidad de Michigan, EEUU)<\/p>\n<p>Investigadores pertenecientes a Empresas de car\u00e1cter privado:<br \/>\nGarc\u00eda, Trinidad (Solutions SL)<br \/>\nPinto, Alonso<br \/>\nMarqu\u00ednez Dur\u00e1n, Gloria<br \/>\nBontoiu Cristian<br \/>\nBerjillos Morente,\u00a0Rafael<\/p>\n<p style=\"text-align: justify;\">El grupo de Estructura de la Materia (FQM318) fue creado en el a\u00f1o 1999, este grupo desde su origen ha tenido una intensa actividad investigadora en dos vertientes: f\u00edsica nuclear experimental y f\u00edsica te\u00f3rica. En la componente experimental, el grupo ha participado en innumerables experimentos en grandes laboratorios de f\u00edsica nuclear de todo el mundo, mientras que, en la vertiente te\u00f3rica, el grupo ha trabajado en estructura y reacciones nucleares y astrof\u00edsica. El Grupo ha participado en m\u00e1s de 30 proyectos competitivos de convocatorias auton\u00f3micas, nacionales e internacionales, as\u00ed como en 4 contratos\/proyectos con empresas y organismos p\u00fablicos y privados<\/p>\n<p style=\"text-align: justify;\">Podemos destacar las siguientes l\u00edneas de trabajo:<\/p>\n<ul>\n<li>Reacciones y estructura nuclear.<\/li>\n<li>Astrof\u00edsica nuclear.<\/li>\n<li>Aceleradores de part\u00edculas.<\/li>\n<li>Instrumentaci\u00f3n nuclear.<\/li>\n<li>\u00a0F\u00edsica m\u00e9dica.<\/li>\n<\/ul>\n<p>Small Array of Neutron Detectors (SAND)<\/p>\n<p><a href=\"https:\/\/sites.google.com\/view\/sand-detector\/p\u00e1gina-principal\">https:\/\/sites.google.com\/view\/sand-detector\/p\u00e1gina-principal<\/a><\/p>\n<p><a href=\"http:\/\/www.uhu.es\/ccth\/wp-content\/uploads\/2017\/06\/EmbeddedImage.jpg\"><img decoding=\"async\" loading=\"lazy\" class=\"alignnone wp-image-1327 size-large\" src=\"http:\/\/web5n.uhu.es\/ccth\/wp-content\/uploads\/2017\/06\/EmbeddedImage-1024x985.jpg\" alt=\"\" width=\"1024\" height=\"985\" srcset=\"https:\/\/www.uhu.es\/ccth\/wp-content\/uploads\/2017\/06\/EmbeddedImage-1024x985.jpg 1024w, https:\/\/www.uhu.es\/ccth\/wp-content\/uploads\/2017\/06\/EmbeddedImage-300x289.jpg 300w, https:\/\/www.uhu.es\/ccth\/wp-content\/uploads\/2017\/06\/EmbeddedImage-768x739.jpg 768w, https:\/\/www.uhu.es\/ccth\/wp-content\/uploads\/2017\/06\/EmbeddedImage-312x300.jpg 312w, https:\/\/www.uhu.es\/ccth\/wp-content\/uploads\/2017\/06\/EmbeddedImage.jpg 1280w\" sizes=\"(max-width: 1024px) 100vw, 1024px\" \/><\/a><\/p>\n","protected":false},"excerpt":{"rendered":"<p>El Departamento de Tecnolog\u00eda Nuclear y Oncolog\u00eda. esta formado por miembros de los grupos de investigaci\u00f3n: FQM318 (Estructura de la Materia),\u00a0 CTS616 (Atenci\u00f3n al Paciente Oncol\u00f3gico) y RNM323 (Ingenier\u00eda Civil y Calidad Ambiental). Investigadores que integran el Departamento: Martel Bravo, Ismael (Coordinador\/Investigador responsable)(FQM318) Pizarro Navarrete,\u00a0Francisco (FQM318) Carrasco,\u00a0Rafael\u00a0 (FQM318) Ruiz Pomares,\u00a0Mar\u00eda Jos\u00e9 (FQM318) Rodr\u00edguez P\u00e9rez, \u00c1ngel&hellip; <br \/> <a class=\"read-more\" href=\"https:\/\/www.uhu.es\/ccth\/fqm318-estructura-de-la-materia-ciencia-y-tecnologia-nuclear\/\">Read more<\/a><\/p>\n","protected":false},"author":1,"featured_media":0,"parent":0,"menu_order":0,"comment_status":"closed","ping_status":"closed","template":"","meta":{"footnotes":""},"_links":{"self":[{"href":"https:\/\/www.uhu.es\/ccth\/wp-json\/wp\/v2\/pages\/39"}],"collection":[{"href":"https:\/\/www.uhu.es\/ccth\/wp-json\/wp\/v2\/pages"}],"about":[{"href":"https:\/\/www.uhu.es\/ccth\/wp-json\/wp\/v2\/types\/page"}],"author":[{"embeddable":true,"href":"https:\/\/www.uhu.es\/ccth\/wp-json\/wp\/v2\/users\/1"}],"replies":[{"embeddable":true,"href":"https:\/\/www.uhu.es\/ccth\/wp-json\/wp\/v2\/comments?post=39"}],"version-history":[{"count":23,"href":"https:\/\/www.uhu.es\/ccth\/wp-json\/wp\/v2\/pages\/39\/revisions"}],"predecessor-version":[{"id":2034,"href":"https:\/\/www.uhu.es\/ccth\/wp-json\/wp\/v2\/pages\/39\/revisions\/2034"}],"wp:attachment":[{"href":"https:\/\/www.uhu.es\/ccth\/wp-json\/wp\/v2\/media?parent=39"}],"curies":[{"name":"wp","href":"https:\/\/api.w.org\/{rel}","templated":true}]}}