
{"id":421,"date":"2017-09-28T09:44:54","date_gmt":"2017-09-28T09:44:54","guid":{"rendered":"http:\/\/www.uhu.es\/ccth\/?page_id=421"},"modified":"2023-07-23T14:55:44","modified_gmt":"2023-07-23T14:55:44","slug":"infraestructuras-de-investigacion","status":"publish","type":"page","link":"https:\/\/www.uhu.es\/ccth\/infraestructuras-de-investigacion\/","title":{"rendered":"Infraestructuras"},"content":{"rendered":"<h2>Infraestructuras de investigaci\u00f3n disponibles en el centro cient\u00edfico tecnol\u00f3gico de Huelva seg\u00fan departamentos.<\/h2>\n<p><strong>GRUPO DE INVESTIGACI\u00d3N FQM318: ESTRUCTURA DE LA MATERIA. <\/strong><strong>(Ciencia y Tecnolog\u00eda Nuclear)<\/strong><\/p>\n<p><span style=\"text-decoration: underline;\">Investigador responsable<\/span>: Ismael Martel Bravo<br \/>\n<span style=\"text-decoration: underline;\">Tfno.<\/span>: 628 313 966<br \/>\n<span style=\"text-decoration: underline;\">E-mail<\/span>: imartel@uhu.es<\/p>\n<ul>\n<li>Banco de pruebas con iones de baja energ\u00eda (20-300 KeV)<\/li>\n<li>Banco de pruebas de alto vac\u00edo con altas\/bajas temperaturas (4 &#8211; 700 K)<\/li>\n<li>Banco de pruebas para sensores de silicio<\/li>\n<li>Sala limpia 20 m2<\/li>\n<li>Taller de mec\u00e1nica torneado automatizado (CNC)<\/li>\n<li>Sistema de verificaci\u00f3n de acabado mec\u00e1nico (30 micras).<\/li>\n<li>Taller de electr\u00f3nica (fabricaci\u00f3n PCB)<\/li>\n<li>Impresora 3D<\/li>\n<li>Sistema de modelado electromagn\u00e9tico, mec\u00e1nico (CAD) y termomec\u00e1nico<\/li>\n<\/ul>\n<p><strong>GRUPO DE INVESTIGACI\u00d3N RNM 276. GEOCIENCIAS APLICADAS E INGENIER\u00cdA AMBIENTAL<\/strong><\/p>\n<p><u>Investigador responsable<\/u>: Dr. D. Eduardo Jes\u00fas Mayoral Alfaro<br \/>\n<u>Tfno.<\/u>: 959 21 98 58<br \/>\n<u>e-mail<\/u>: mayoral@uhu.es<\/p>\n<p>El Grupo RNM276 cuenta con la siguiente infraestructura:<\/p>\n<p><u>Material de Laboratorio (Grupo Geociencias)<\/u><\/p>\n<ul>\n<li>pHmetro marca CRISON, modelo 0466.<\/li>\n<li>Conductiv\u00edmetro marca HANNA, modelo HI-8633.<\/li>\n<li>Ox\u00edmetro YSI modelo 58.<\/li>\n<li>Ion\u00f3mero medidor del contenido en carbonatos, marca ORION.<\/li>\n<li>Horno de Mufla digital, marca HOBERSAL, modelo HD-150 &#8220;pad&#8221;.<\/li>\n<li>Estufa convencional.<\/li>\n<li>Contador de part\u00edculas COULTER COUNTER modelo ZM, con rango de medida entre 2 y 2000 \u00b5m.<\/li>\n<li>Contador de part\u00edculas Laser Mastersizer 2000 con muestreadores en seco y en v\u00eda l\u00edquida, con rango de medida entre 2mm y 0,02 \u00b5m.<\/li>\n<li>Sierra de mesa para corte longitudinal de testigos de sedimento.<\/li>\n<li>Cubeta de ultrasonidos Selecta. Capacidad 1 L. Cod. 3000617. Serial: 0415763<\/li>\n<\/ul>\n<p><u>Equipos propios en el laboratorio de aguas (Grupo Ingenier\u00eda Ambiental) <\/u><br \/>\n<u><\/u><\/p>\n<ul>\n<li>Absorci\u00f3n at\u00f3mica; marca PERKIN ELMER; modelo Analyst 800,<\/li>\n<li>Destilador; marca OPTIC IVYMEN SYSTEM; modelo AC-L4<\/li>\n<li>Ordenador port\u00e1til; marca SAMSUNG; modelo RV510<\/li>\n<li>Microscopio \u00f3ptico; marca OLYMPUS; modelo CH30<\/li>\n<li>Fot\u00f3metro; marca MACHEREY NAGEL; modelo PF-11Material de Microscop\u00eda (Grupo Geociencias)<\/li>\n<li>Bloque \u00d3ptico Microscopio Multi-Zoom Az100 (NIKON), compuesto por:<\/li>\n<li>Portaoculares Triocular Ergon\u00f3mico Az-Te80<\/li>\n<li>Ocular Az-W 10x<\/li>\n<li>Rev\u00f3lver Manual Triple Az-Np3<\/li>\n<li>Objetivo Plan Apo 0,5x Para Az100<\/li>\n<li>Acoplador Mando De Enfoque Az-Fm<\/li>\n<li>Estativo Episc\u00f3pico Para Multizoom Az100<\/li>\n<li>Platina Para Episcopia Sobre Multizoom Az100<\/li>\n<li>Adaptador Ccd Montura C-Iso<\/li>\n<li>Set de Imagen Digital Ds-Fi-U2, compuesto por:<\/li>\n<li>C\u00e1mara de Fotomicrograf\u00eda Ds-Fi1 (1 Unidad).<\/li>\n<li>Unidad de Control Ds-U2 (1 Unidad).<\/li>\n<li>Cable Interfaz I\/F 3metros (1 Unidad).<\/li>\n<li>Adaptador Ac Dz 100-240v. (1 Unidad).<\/li>\n<li>Cable Be de Conexi\u00f3n A Red 220-240 V (1 Unidad).<\/li>\n<li>Cable Usb (1 Unidad).<\/li>\n<li>Lupa Binocular Estereosc\u00f3pica &#8220;Motic&#8221; SMZ 140 N2GG con Zoom 1x a 4x<\/li>\n<li>Objetivo W10x20<\/li>\n<li>Luz Incidente Hal\u00f3gena y Luz Transmitida de Tugnsteno.<\/li>\n<li>Software Motic Images Plus 2.0<\/li>\n<li>FLG-2 Iluminador de fibra \u00f3ptica KYOWA con dos brazos de 600 mm.<\/li>\n<\/ul>\n<p><u>Material de Campo (Grupo Geociencias)<\/u><\/p>\n<ul>\n<li style=\"list-style-type: none;\">\n<ul>\n<li>Botella de muestreo vertical de agua con capacidad de toma de muestras l\u00edquidas de hasta 10 litros, a profundidades de hasta 50 metros.<\/li>\n<li>Draga de fondo de tipo Van Veen Grabs, marca EIJKELKAMP, modelo 04.30<\/li>\n<li>Testificador tipo piston (Hand corer beeker sampler), marca EIJKELKAMP, modelo 04.20 modificado. (Permite obtener testigos cil\u00edndricos de 63 cm de di\u00e1metro y de hasta 2 m de longitud).<\/li>\n<li>Vibrador marca Honda de 3 C.V. con adaptaci\u00f3n de cabeza vibradora TECHNOFLEX de 3000 r.p.m. (Permite obtener testigos de hasta 6 m por el m\u00e9todo de Grumerskii y Kamarov, 1961)<\/li>\n<li>Martillo percutor de alta frecuencia marca Bosch y varillaje de acero (Permite obtener testigos de sedimento no consolidado de hasta 17 metros de longitud por el m\u00e9todo de percusi\u00f3n de alta frecuencia).<\/li>\n<li>Tr\u00edpode y poleas para la estracci\u00f3n de los testigos<\/li>\n<li>Sonda monohaz Valeport Midas Surveyor, con Transductor de 210kHz y dGPS integrado, 12 canales, EGNOS.<\/li>\n<li>Sonar de barrido lateral (Side-Scan Sonar) C-MAX 2000 con software de navegaci\u00f3n y tratamiento de im\u00e1genes.<\/li>\n<li>Sistema perfilador de velocidad de corrientes de agua por efecto Doppler (ADCP) marca Teledyne RDI, modelo Workhorse, con software de tratamiento de datos<\/li>\n<\/ul>\n<\/li>\n<\/ul>\n<p><u>Embarcaciones\/Veh\u00edculos (Grupo Geociencias)<\/u><\/p>\n<ul>\n<li style=\"list-style-type: none;\">\n<ul>\n<li>Barco Universidad de Huelva, marca Starfisher de 4.5 metros de eslora, con motor fueraborda MERCURY de 15 C.V. de direcci\u00f3n y aceleraci\u00f3n centralizadas.<\/li>\n<\/ul>\n<\/li>\n<\/ul>\n<p>Esta embarcaci\u00f3n lleva instalada una Sonda Gr\u00e1fica tridimensional marca HUMMINBIRD modelo Wide3D y un navegador autom\u00e1tico tipo GPS, marca GARMIN, modelo 38. Asimismo, est\u00e1 equipada con br\u00fajula de navegaci\u00f3n y radio de onda corta frecuencia modulada.<\/p>\n<ul>\n<li style=\"list-style-type: none;\">\n<ul>\n<li>Embarcaci\u00f3n neum\u00e1tica Zodiac de 4 metros de eslora, con motor fueraborda MARINER de 8 C.V.<\/li>\n<li>Veh\u00edculo Land Rover Defender. Universidad de Huelva, Matr\u00edcula 7230 CTF.<\/li>\n<\/ul>\n<\/li>\n<\/ul>\n<p><u>Equipos propios de medici\u00f3n en campo (Grupo Ingenier\u00eda Ambiental) <\/u><\/p>\n<ul>\n<li>Multiparam\u00e9trico; marca CRISON; modelo MM40<\/li>\n<li>pHmetro; marca CRISON; modelo 507<\/li>\n<li>Conductiv\u00edmetro; marca CRISON; modelo 524<\/li>\n<li>Conductiv\u00edmetro; marca WATERPROOF; modelo EC tester 11<\/li>\n<li>Medidor potencial redox; marca WATERPROOF; modelo ORP testr 10<\/li>\n<li>Sonda; marca HYDROLAB; modelo Quanta<\/li>\n<li>Sonda; marca HYDROLAB; modelo MS5<\/li>\n<li>Caudal\u00edmetro molinete; marca Eijkelkamp; modelo 2030R<\/li>\n<li>Caudal\u00edmetro digital; marca ISOIL; modelo ML110<\/li>\n<li>Georradar; marca Mala; modelo Ramac X3M<\/li>\n<\/ul>\n<p><strong><span style=\"color: #000000;\">El Grupo Sistemas Electr\u00f3nicos y Mecatr\u00f3nica, TIC-165 de la Universidad de Huelva cuenta con laboratorios de investigaci\u00f3n en las diferentes ramas de su actividad.<\/span><\/strong><\/p>\n<p><u>Investigador responsable<\/u>: Dr. D. Juan Antonio G\u00f3mez Gal\u00e1n.<br \/>\n<u>Tfno.<\/u>: 959 21 76 50<br \/>\n<u>e-mail<\/u>: jgalan@diesia.uhu.es<\/p>\n<p><span style=\"text-decoration: underline;\">Equipos de dise\u00f1o de circuitos integrados:<\/span><\/p>\n<ul>\n<li>Varios servidores de aplicaciones EDA (Mentor Graphics, Xilinx, etc) con plataformas Linux y Solaris.<\/li>\n<li>Software de Dise\u00f1o: 1 licencia de Mentor Graphics, software dise\u00f1o de sistemas embebidos (MPLAB, CCS, etc).<\/li>\n<\/ul>\n<p><span style=\"text-decoration: underline;\">Equipos de medida electr\u00f3nica:<\/span> El laboratorio e investigaci\u00f3n dispone de equipamiento para medidas tanto anal\u00f3gicas como digitales y analizadores de se\u00f1al de comunicaciones. Se puede destacar:<\/p>\n<ul>\n<li>1 Analizador de espectros 9 kHz-1.6 GHz HP4411B.<\/li>\n<li>1 Analizador de espectros 9 kHz-3 GHz, de Agilent Technology (CXA N9900A).<\/li>\n<li>1 Osciloscopio de 4 GHz de Agilent Technology (MSO9404A INFINIUM 4 GHz).<\/li>\n<li>2 Osciloscopios de 500 MHz de Agilent Technology.<\/li>\n<li>1 Generador de se\u00f1al arbitraria de altas prestaciones de Agilent (modelo 81160A).<\/li>\n<li>1 Analizador L\u00f3gico de Agilent modelo 16902B y m\u00f3dulo de an\u00e1lisis l\u00f3gico (16911A).<\/li>\n<li>Varias Fuentes de Alimentaci\u00f3n fijas y programables (HP).<\/li>\n<\/ul>\n<p><span style=\"text-decoration: underline;\">Sistemas Rob\u00f3ticos y Mecatr\u00f3nicos:<\/span><\/p>\n<ul>\n<li>Plataforma de M\u00f3vil de investigaci\u00f3n ROVEX (Robot 4R)<\/li>\n<li>Manipulador flexible de 5 DOF.<\/li>\n<li>Brazo rob\u00f3tico recolector cartesiano.<\/li>\n<li>Equipo de micro robots cooperativos.<\/li>\n<li>Equipo de Robots m\u00f3viles Turtle-Bot.<\/li>\n<li>Sistemas LIDAR 2D para interiores.<\/li>\n<\/ul>\n<p><strong>Grupo BIO-282 &#8220;Respuestas celulares frente al estr\u00e9s ambiental&#8221;<\/strong><\/p>\n<p><u>Investigador responsable<\/u>: Dr. D. Francisco C\u00f3rdoba Garc\u00eda.<br \/>\n<u>Tfno.<\/u>: 959 21 98 96 &#8211; 686 958 750<br \/>\n<u>e-mail<\/u>: fcordoba@uhu.es(alternativo: <a class=\"moz-txt-link-abbreviated\">cordobagarciaf@gmail.com<\/a>)<\/p>\n<p>Infraestructuras disponibles:<\/p>\n<ul>\n<li>Microscopios (provistos de c\u00e1mara, software de an\u00e1lisis de imagen, sistema de contraste de fase, sistema de fluorescencia).<\/li>\n<li>Centr\u00edfugas y ultracentrifugas (m\u00e1s una diversidad de rotores).<\/li>\n<li>Espectrofot\u00f3metros UV-Vis.<\/li>\n<li>Ba\u00f1os termostatizados y s\u00f3nicos.<\/li>\n<li>Agitadores magn\u00e9ticos, pHmetros, medidores multiparam\u00e9tricos&#8230;<\/li>\n<li>Estufas de cultivos microbiol\u00f3gicos y de parafina, micr\u00f3tomo, c\u00e1mara de flujo laminar, autoclave&#8230;<\/li>\n<li>C\u00e1mara fr\u00eda (regulaci\u00f3n 4\u00baC) y c\u00e1maras de cultivo para organismos fotosint\u00e9ticos.<\/li>\n<\/ul>\n<p><strong>GRUPO DE INVESTIGACI\u00d3N TEP182: ELECTROTECNIA Y ELECTR\u00d3NICA DE LA R\u00c1BIDA<\/strong><\/p>\n<p><span style=\"text-decoration: underline;\">Investigador Responsable<\/span>: Patricio Salmer\u00f3n Revuelta<br \/>\n<span style=\"text-decoration: underline;\">Tfno.<\/span>: 959 21 75 77<br \/>\n<span style=\"text-decoration: underline;\">E-mail<\/span>: patricio@uhu.es<\/p>\n<p>Equipos de investigaci\u00f3n:<\/p>\n<ul>\n<li>Equipo destinado a ensayos de compatibilidad electromagn\u00e9tica, CEM:<br \/>\n&#8211; Una fuente de potencia programable de 4,5 kVA, iL4500-400.<br \/>\n&#8211; Una fuente de potencia programable de formas de ondas trif\u00e1sicas de 15 kVA, 15003iX-400-CTS-LR3-EOS3-MODE-CICPC<br \/>\n&#8211; Cargas electr\u00f3nicas:<br \/>\n&#8211; Tres cargas maestras de 3 kW cada una con software e interface RS223\/IEEE<br \/>\n&#8211; Seis cargas esclavas programables de 3 kW cada una.<\/li>\n<li>Sistema h\u00edbrido de generaci\u00f3n de energ\u00eda el\u00e9ctrica e\u00f3lico-fotovoltaica de 2+5 kW.<\/li>\n<\/ul>\n<p><strong>GRUPO DE INVESTIGACION CTS 616: ATENCION INTEGRAL AL PACIENTE ONCOL\u00d3GICO<\/strong><\/p>\n<p>Complejo Hospitalario Universitario de Huelva (CHUH) contamos con las siguientes infraestructuras cient\u00edficas:<\/p>\n\n\t\t<style type=\"text\/css\">\n\t\t\t#gallery-1 {\n\t\t\t\tmargin: auto;\n\t\t\t}\n\t\t\t#gallery-1 .gallery-item {\n\t\t\t\tfloat: left;\n\t\t\t\tmargin-top: 10px;\n\t\t\t\ttext-align: center;\n\t\t\t\twidth: 33%;\n\t\t\t}\n\t\t\t#gallery-1 img {\n\t\t\t\tborder: 2px solid #cfcfcf;\n\t\t\t}\n\t\t\t#gallery-1 .gallery-caption {\n\t\t\t\tmargin-left: 0;\n\t\t\t}\n\t\t\t\/* see gallery_shortcode() in wp-includes\/media.php *\/\n\t\t<\/style>\n\t\t<div id='gallery-1' class='gallery galleryid-421 gallery-columns-3 gallery-size-medium'><dl class='gallery-item'>\n\t\t\t<dt class='gallery-icon portrait'>\n\t\t\t\t<a href='https:\/\/www.uhu.es\/ccth\/infraestructuras-de-investigacion\/infrestructurasjr\/'><img width=\"289\" height=\"300\" src=\"https:\/\/www.uhu.es\/ccth\/wp-content\/uploads\/2017\/09\/infrestructurasjr-289x300.jpg\" class=\"attachment-medium size-medium\" alt=\"\" decoding=\"async\" aria-describedby=\"gallery-1-495\" loading=\"lazy\" srcset=\"https:\/\/www.uhu.es\/ccth\/wp-content\/uploads\/2017\/09\/infrestructurasjr-289x300.jpg 289w, https:\/\/www.uhu.es\/ccth\/wp-content\/uploads\/2017\/09\/infrestructurasjr.jpg 750w\" sizes=\"(max-width: 289px) 100vw, 289px\" \/><\/a>\n\t\t\t<\/dt>\n\t\t\t\t<dd class='wp-caption-text gallery-caption' id='gallery-1-495'>\n\t\t\t\tAcelerador Lineal de Electrones PRIMUS de Siemens. \n\t\t\t\t<\/dd><\/dl><dl class='gallery-item'>\n\t\t\t<dt class='gallery-icon landscape'>\n\t\t\t\t<a href='https:\/\/www.uhu.es\/ccth\/infraestructuras-de-investigacion\/infraestru\/'><img width=\"215\" height=\"172\" src=\"https:\/\/www.uhu.es\/ccth\/wp-content\/uploads\/2017\/09\/infraestru.jpg\" class=\"attachment-medium size-medium\" alt=\"\" decoding=\"async\" aria-describedby=\"gallery-1-502\" loading=\"lazy\" \/><\/a>\n\t\t\t<\/dt>\n\t\t\t\t<dd class='wp-caption-text gallery-caption' id='gallery-1-502'>\n\t\t\t\tAcelerador Lineal de Electrones ONCOR\n\t\t\t\t<\/dd><\/dl><dl class='gallery-item'>\n\t\t\t<dt class='gallery-icon landscape'>\n\t\t\t\t<a href='https:\/\/www.uhu.es\/ccth\/infraestructuras-de-investigacion\/infrestructurajr\/'><img width=\"300\" height=\"224\" src=\"https:\/\/www.uhu.es\/ccth\/wp-content\/uploads\/2017\/09\/infrestructurajr-300x224.jpg\" class=\"attachment-medium size-medium\" alt=\"\" decoding=\"async\" aria-describedby=\"gallery-1-503\" loading=\"lazy\" srcset=\"https:\/\/www.uhu.es\/ccth\/wp-content\/uploads\/2017\/09\/infrestructurajr-300x224.jpg 300w, https:\/\/www.uhu.es\/ccth\/wp-content\/uploads\/2017\/09\/infrestructurajr-402x300.jpg 402w, https:\/\/www.uhu.es\/ccth\/wp-content\/uploads\/2017\/09\/infrestructurajr.jpg 600w\" sizes=\"(max-width: 300px) 100vw, 300px\" \/><\/a>\n\t\t\t<\/dt>\n\t\t\t\t<dd class='wp-caption-text gallery-caption' id='gallery-1-503'>\n\t\t\t\tAcelerador Lineal de Electrones ONCOR.\n\t\t\t\t<\/dd><\/dl><br style=\"clear: both\" \/><dl class='gallery-item'>\n\t\t\t<dt class='gallery-icon landscape'>\n\t\t\t\t<a href='https:\/\/www.uhu.es\/ccth\/infraestructuras-de-investigacion\/infra\/'><img width=\"300\" height=\"225\" src=\"https:\/\/www.uhu.es\/ccth\/wp-content\/uploads\/2017\/09\/infra-300x225.png\" class=\"attachment-medium size-medium\" alt=\"\" decoding=\"async\" aria-describedby=\"gallery-1-501\" loading=\"lazy\" srcset=\"https:\/\/www.uhu.es\/ccth\/wp-content\/uploads\/2017\/09\/infra-300x225.png 300w, https:\/\/www.uhu.es\/ccth\/wp-content\/uploads\/2017\/09\/infra-400x300.png 400w, https:\/\/www.uhu.es\/ccth\/wp-content\/uploads\/2017\/09\/infra.png 683w\" sizes=\"(max-width: 300px) 100vw, 300px\" \/><\/a>\n\t\t\t<\/dt>\n\t\t\t\t<dd class='wp-caption-text gallery-caption' id='gallery-1-501'>\n\t\t\t\tSPECT-TAC Symbia Evo de Siemens\n\t\t\t\t<\/dd><\/dl><dl class='gallery-item'>\n\t\t\t<dt class='gallery-icon landscape'>\n\t\t\t\t<a href='https:\/\/www.uhu.es\/ccth\/infraestructuras-de-investigacion\/jr-2\/'><img width=\"300\" height=\"169\" src=\"https:\/\/www.uhu.es\/ccth\/wp-content\/uploads\/2017\/09\/jr-300x169.png\" class=\"attachment-medium size-medium\" alt=\"\" decoding=\"async\" aria-describedby=\"gallery-1-505\" loading=\"lazy\" srcset=\"https:\/\/www.uhu.es\/ccth\/wp-content\/uploads\/2017\/09\/jr-300x169.png 300w, https:\/\/www.uhu.es\/ccth\/wp-content\/uploads\/2017\/09\/jr.png 435w\" sizes=\"(max-width: 300px) 100vw, 300px\" \/><\/a>\n\t\t\t<\/dt>\n\t\t\t\t<dd class='wp-caption-text gallery-caption' id='gallery-1-505'>\n\t\t\t\tPlanificador de tratamiento, Philips Sistemas M\u00e9dicos, Pinnacle 3D\n\t\t\t\t<\/dd><\/dl><dl class='gallery-item'>\n\t\t\t<dt class='gallery-icon landscape'>\n\t\t\t\t<a href='https:\/\/www.uhu.es\/ccth\/infraestructuras-de-investigacion\/jr\/'><img width=\"281\" height=\"236\" src=\"https:\/\/www.uhu.es\/ccth\/wp-content\/uploads\/2017\/09\/Jr.jpg\" class=\"attachment-medium size-medium\" alt=\"\" decoding=\"async\" aria-describedby=\"gallery-1-504\" loading=\"lazy\" \/><\/a>\n\t\t\t<\/dt>\n\t\t\t\t<dd class='wp-caption-text gallery-caption' id='gallery-1-504'>\n\t\t\t\tManiqu\u00eds de densidades electr\u00f3nicas, CIRS, 062\n\t\t\t\t<\/dd><\/dl><br style=\"clear: both\" \/><dl class='gallery-item'>\n\t\t\t<dt class='gallery-icon landscape'>\n\t\t\t\t<a href='https:\/\/www.uhu.es\/ccth\/infraestructuras-de-investigacion\/attachment\/8\/'><img width=\"205\" height=\"205\" src=\"https:\/\/www.uhu.es\/ccth\/wp-content\/uploads\/2017\/09\/8.jpg\" class=\"attachment-medium size-medium\" alt=\"\" decoding=\"async\" aria-describedby=\"gallery-1-500\" loading=\"lazy\" srcset=\"https:\/\/www.uhu.es\/ccth\/wp-content\/uploads\/2017\/09\/8.jpg 205w, https:\/\/www.uhu.es\/ccth\/wp-content\/uploads\/2017\/09\/8-150x150.jpg 150w\" sizes=\"(max-width: 205px) 100vw, 205px\" \/><\/a>\n\t\t\t<\/dt>\n\t\t\t\t<dd class='wp-caption-text gallery-caption' id='gallery-1-500'>\n\t\t\t\tElectr\u00f3metro, Scanditronix-Wellhofer, MCU, DAB000501 \n\t\t\t\t<\/dd><\/dl><dl class='gallery-item'>\n\t\t\t<dt class='gallery-icon landscape'>\n\t\t\t\t<a href='https:\/\/www.uhu.es\/ccth\/infraestructuras-de-investigacion\/attachment\/1\/'><img width=\"256\" height=\"217\" src=\"https:\/\/www.uhu.es\/ccth\/wp-content\/uploads\/2017\/09\/1.jpg\" class=\"attachment-medium size-medium\" alt=\"\" decoding=\"async\" aria-describedby=\"gallery-1-496\" loading=\"lazy\" \/><\/a>\n\t\t\t<\/dt>\n\t\t\t\t<dd class='wp-caption-text gallery-caption' id='gallery-1-496'>\n\t\t\t\tIBA dosimetry, RFA 300, DAC100-0383\n\t\t\t\t<\/dd><\/dl><dl class='gallery-item'>\n\t\t\t<dt class='gallery-icon landscape'>\n\t\t\t\t<a href='https:\/\/www.uhu.es\/ccth\/infraestructuras-de-investigacion\/attachment\/2\/'><img width=\"300\" height=\"107\" src=\"https:\/\/www.uhu.es\/ccth\/wp-content\/uploads\/2017\/09\/2-300x107.png\" class=\"attachment-medium size-medium\" alt=\"\" decoding=\"async\" loading=\"lazy\" srcset=\"https:\/\/www.uhu.es\/ccth\/wp-content\/uploads\/2017\/09\/2-300x107.png 300w, https:\/\/www.uhu.es\/ccth\/wp-content\/uploads\/2017\/09\/2-500x178.png 500w, https:\/\/www.uhu.es\/ccth\/wp-content\/uploads\/2017\/09\/2.png 544w\" sizes=\"(max-width: 300px) 100vw, 300px\" \/><\/a>\n\t\t\t<\/dt><\/dl><br style=\"clear: both\" \/><dl class='gallery-item'>\n\t\t\t<dt class='gallery-icon landscape'>\n\t\t\t\t<a href='https:\/\/www.uhu.es\/ccth\/infraestructuras-de-investigacion\/attachment\/3\/'><img width=\"300\" height=\"114\" src=\"https:\/\/www.uhu.es\/ccth\/wp-content\/uploads\/2017\/09\/3-300x114.png\" class=\"attachment-medium size-medium\" alt=\"\" decoding=\"async\" loading=\"lazy\" srcset=\"https:\/\/www.uhu.es\/ccth\/wp-content\/uploads\/2017\/09\/3-300x114.png 300w, https:\/\/www.uhu.es\/ccth\/wp-content\/uploads\/2017\/09\/3-500x190.png 500w, https:\/\/www.uhu.es\/ccth\/wp-content\/uploads\/2017\/09\/3.png 504w\" sizes=\"(max-width: 300px) 100vw, 300px\" \/><\/a>\n\t\t\t<\/dt><\/dl><dl class='gallery-item'>\n\t\t\t<dt class='gallery-icon landscape'>\n\t\t\t\t<a href='https:\/\/www.uhu.es\/ccth\/infraestructuras-de-investigacion\/attachment\/5\/'><img width=\"300\" height=\"208\" src=\"https:\/\/www.uhu.es\/ccth\/wp-content\/uploads\/2017\/09\/5-300x208.png\" class=\"attachment-medium size-medium\" alt=\"\" decoding=\"async\" loading=\"lazy\" srcset=\"https:\/\/www.uhu.es\/ccth\/wp-content\/uploads\/2017\/09\/5-300x208.png 300w, https:\/\/www.uhu.es\/ccth\/wp-content\/uploads\/2017\/09\/5-433x300.png 433w, https:\/\/www.uhu.es\/ccth\/wp-content\/uploads\/2017\/09\/5.png 608w\" sizes=\"(max-width: 300px) 100vw, 300px\" \/><\/a>\n\t\t\t<\/dt><\/dl>\n\t\t\t<br style='clear: both' \/>\n\t\t<\/div>\n\n<ul>\n<li>\u2022 1 Acelerador Lineal de Electrones (ALE) con energ\u00edas de 6MV y 15Mv para fotones y 6, 9, 12, 18 y 21MeV para electrones, con colimador multil\u00e1minas de 180 l\u00e1minas y sistema de imagen portal (flat panel) basado en silicio amorfo<br \/>\n\u2022 1 Acelerador Lineal de Electrones (ALE) con energ\u00edas de 6MV y 15Mv para fotones y 6, 9, 12, 18 y 21MeV para electrones, con colimador multil\u00e1minas de 80 l\u00e1minas y sistema de imagen portal mediante chasis digitales.<br \/>\n\u2022 2 Gammac\u00e1maras SPECT\/TAC con diversos colimadores y rangos de energ\u00eda 73<br \/>\n\u2022 Radiofarmacia para control de calidad de radiof\u00e1rmacos: cabina de guantes, detectores de radiaci\u00f3n, activ\u00edmetros, etc.<br \/>\n\u2022 Conjunta de medidas para dosimetr\u00eda absoluta y relativa de dosis en fotones y electrones con maniqu\u00eds de simulaci\u00f3n: c\u00e1maras de ionizaci\u00f3n, electr\u00f3metro, etc. \u2022 Fuentes radiactivas para calibraci\u00f3n y verificaci\u00f3n de instrumentos y gammac\u00e1maras.<br \/>\n\u2022 Tom\u00f3grafo computarizado (CT) con gantry de 90cm de di\u00e1metro.<br \/>\n\u2022 Equipo de braquiterapia con fuente de Ir.192 de alta actividad (10 Ci). \u2022 Equipos de medida de radiaci\u00f3n ambiental y de contaminaci\u00f3n.<br \/>\n\u2022 Equipamiento para control de RX.<br \/>\n\u2022 Instalaciones radiactivas de 2\u00aa categor\u00eda para albergar fuentes de alta actividad y gran cantidad de radiois\u00f3topos (1000 MBq).<\/li>\n<\/ul>\n<p>&nbsp;<\/p>\n<p><strong>GRUPO DE INVESTIGACION TEP 952: SISTEMAS DE VISION, PREDICCION, OPTIMIZACION Y CONTROL<\/strong><\/p>\n<p>Equipos disponibles:<\/p>\n<p>1. Maqueta de sistema de dep\u00f3sitos de agua.<br \/>\n2. Maqueta de sistema intercambiador de calor. 3. Servidores de Altas prestaciones.<\/p>\n","protected":false},"excerpt":{"rendered":"<p>Infraestructuras de investigaci\u00f3n disponibles en el centro cient\u00edfico tecnol\u00f3gico de Huelva seg\u00fan departamentos. GRUPO DE INVESTIGACI\u00d3N FQM318: ESTRUCTURA DE LA MATERIA. (Ciencia y Tecnolog\u00eda Nuclear) Investigador responsable: Ismael Martel Bravo Tfno.: 628 313 966 E-mail: imartel@uhu.es Banco de pruebas con iones de baja energ\u00eda (20-300 KeV) Banco de pruebas de alto vac\u00edo con altas\/bajas temperaturas&hellip; <br \/> <a class=\"read-more\" href=\"https:\/\/www.uhu.es\/ccth\/infraestructuras-de-investigacion\/\">Read more<\/a><\/p>\n","protected":false},"author":1,"featured_media":0,"parent":0,"menu_order":0,"comment_status":"closed","ping_status":"closed","template":"","meta":{"footnotes":""},"_links":{"self":[{"href":"https:\/\/www.uhu.es\/ccth\/wp-json\/wp\/v2\/pages\/421"}],"collection":[{"href":"https:\/\/www.uhu.es\/ccth\/wp-json\/wp\/v2\/pages"}],"about":[{"href":"https:\/\/www.uhu.es\/ccth\/wp-json\/wp\/v2\/types\/page"}],"author":[{"embeddable":true,"href":"https:\/\/www.uhu.es\/ccth\/wp-json\/wp\/v2\/users\/1"}],"replies":[{"embeddable":true,"href":"https:\/\/www.uhu.es\/ccth\/wp-json\/wp\/v2\/comments?post=421"}],"version-history":[{"count":33,"href":"https:\/\/www.uhu.es\/ccth\/wp-json\/wp\/v2\/pages\/421\/revisions"}],"predecessor-version":[{"id":1883,"href":"https:\/\/www.uhu.es\/ccth\/wp-json\/wp\/v2\/pages\/421\/revisions\/1883"}],"wp:attachment":[{"href":"https:\/\/www.uhu.es\/ccth\/wp-json\/wp\/v2\/media?parent=421"}],"curies":[{"name":"wp","href":"https:\/\/api.w.org\/{rel}","templated":true}]}}