
{"id":49,"date":"2017-06-20T12:11:09","date_gmt":"2017-06-20T12:11:09","guid":{"rendered":"http:\/\/www.uhu.es\/ccth\/?page_id=49"},"modified":"2023-03-13T10:53:27","modified_gmt":"2023-03-13T10:53:27","slug":"tep952-sistemas-de-vision-prediccion-optimizacion-y-control","status":"publish","type":"page","link":"https:\/\/www.uhu.es\/ccth\/tep952-sistemas-de-vision-prediccion-optimizacion-y-control\/","title":{"rendered":"Departamento de Sistemas de Visi\u00f3n, Predicci\u00f3n, Optimizaci\u00f3n y Control."},"content":{"rendered":"<p>El Departamento de Sistemas de Visi\u00f3n, Predicci\u00f3n, Optimizaci\u00f3n y Control esta formado por miembros del grupos de investigaci\u00f3n: TEP952 (Sistemas de Visi\u00f3n, Predicci\u00f3n, Optimizaci\u00f3n y Control)<\/p>\n<p>Investigadores que integran el Departamento:<\/p>\n<p>Geg\u00fandez Arias,\u00a0Manuel Emilio\u00a0\u00a0(Coordinador\/Investigador responsable)<br \/>\nBravo Caro, Jos\u00e9 Manuel<br \/>\nMar\u00edn Santos, Diego<br \/>\nVasallo V\u00e1zquez, Manuel Jes\u00fas<br \/>\nCort\u00e9s Ancos, Estefan\u00eda<br \/>\nP\u00e9rez Borrero, Isaac<\/p>\n<p style=\"text-align: justify;\">Este grupo fue creado en 2015 y en la actualidad est\u00e1 formado por 4 doctores y 1 investigador pre-doctoral. Los miembros del grupo pertenecen a los departamentos de Ingenier\u00eda Electr\u00f3nica, de Sistemas Autom\u00e1ticos y Autom\u00e1tica y de Ciencias Integradas.<\/p>\n<p style=\"text-align: justify;\">Las actividades realizadas dentro de las l\u00edneas de investigaci\u00f3n en las que trabaja el grupo TEP-952 se resumen de la siguiente forma:<\/p>\n<ul>\n<li style=\"text-align: justify;\">Detecci\u00f3n de fallos en sistemas din\u00e1micos.<\/li>\n<li style=\"text-align: justify;\">Dise\u00f1o y desarrollo de sistemas de automatizaci\u00f3n y control.<\/li>\n<li style=\"text-align: justify;\">Predicci\u00f3n, control y optimizaci\u00f3n de sistemas de energ\u00eda renovable.<\/li>\n<li style=\"text-align: justify;\">Visi\u00f3n artificial \/ tratamiento digital de im\u00e1genes.<\/li>\n<li style=\"text-align: justify;\">Dise\u00f1o y desarrollo de sistemas de estimaci\u00f3n y predicci\u00f3n<\/li>\n<\/ul>\n","protected":false},"excerpt":{"rendered":"<p>El Departamento de Sistemas de Visi\u00f3n, Predicci\u00f3n, Optimizaci\u00f3n y Control esta formado por miembros del grupos de investigaci\u00f3n: TEP952 (Sistemas de Visi\u00f3n, Predicci\u00f3n, Optimizaci\u00f3n y Control) Investigadores que integran el Departamento: Geg\u00fandez Arias,\u00a0Manuel Emilio\u00a0\u00a0(Coordinador\/Investigador responsable) Bravo Caro, Jos\u00e9 Manuel Mar\u00edn Santos, Diego Vasallo V\u00e1zquez, Manuel Jes\u00fas Cort\u00e9s Ancos, Estefan\u00eda P\u00e9rez Borrero, Isaac Este grupo fue&hellip; <br \/> <a class=\"read-more\" href=\"https:\/\/www.uhu.es\/ccth\/tep952-sistemas-de-vision-prediccion-optimizacion-y-control\/\">Read more<\/a><\/p>\n","protected":false},"author":1,"featured_media":0,"parent":0,"menu_order":0,"comment_status":"closed","ping_status":"closed","template":"","meta":{"footnotes":""},"_links":{"self":[{"href":"https:\/\/www.uhu.es\/ccth\/wp-json\/wp\/v2\/pages\/49"}],"collection":[{"href":"https:\/\/www.uhu.es\/ccth\/wp-json\/wp\/v2\/pages"}],"about":[{"href":"https:\/\/www.uhu.es\/ccth\/wp-json\/wp\/v2\/types\/page"}],"author":[{"embeddable":true,"href":"https:\/\/www.uhu.es\/ccth\/wp-json\/wp\/v2\/users\/1"}],"replies":[{"embeddable":true,"href":"https:\/\/www.uhu.es\/ccth\/wp-json\/wp\/v2\/comments?post=49"}],"version-history":[{"count":6,"href":"https:\/\/www.uhu.es\/ccth\/wp-json\/wp\/v2\/pages\/49\/revisions"}],"predecessor-version":[{"id":985,"href":"https:\/\/www.uhu.es\/ccth\/wp-json\/wp\/v2\/pages\/49\/revisions\/985"}],"wp:attachment":[{"href":"https:\/\/www.uhu.es\/ccth\/wp-json\/wp\/v2\/media?parent=49"}],"curies":[{"name":"wp","href":"https:\/\/api.w.org\/{rel}","templated":true}]}}