
{"id":982,"date":"2018-10-15T12:07:30","date_gmt":"2018-10-15T12:07:30","guid":{"rendered":"http:\/\/www.uhu.es\/ccth\/?page_id=982"},"modified":"2025-06-23T10:12:56","modified_gmt":"2025-06-23T10:12:56","slug":"departamento-de-agua-mineria-y-medioambiente","status":"publish","type":"page","link":"https:\/\/www.uhu.es\/ccth\/departamento-de-agua-mineria-y-medioambiente\/","title":{"rendered":"Departamento de Agua, Miner\u00eda y Medioambiente."},"content":{"rendered":"<h2>El Departamento de Agua, Miner\u00eda y Medioambiente esta formado por miembros del grupo de investigaci\u00f3n: RNM925 (Grupo de Investigaci\u00f3n Ingenier\u00eda Minera Sostenible GIMSO).<\/h2>\n<p>Investigadores que integran el Departamento:<\/p>\n<p>Santisteban Fern\u00e1ndez,\u00a0Mar\u00eda\u00a0\u00a0(Coordinadora\/Investigadora responsable)<br \/>\nGrande Gil, Jos\u00e9 Antonio.<br \/>\nMiguel Sarmiento, Aguasanta.<br \/>\nD\u00e1vila Mart\u00edn,\u00a0Jos\u00e9 Miguel.<br \/>\nFortes Garrido,\u00a0Juan Carlos.<br \/>\nLopes Ferreira Luis, Ana Teresa.<br \/>\nCaraballo Monge, Manuel Antonio.<br \/>\nDiosdado Arag\u00f3n, Antonio Jes\u00fas.<br \/>\nRodr\u00edguez Gonz\u00e1lez, C\u00e9sar Antonio.<br \/>\nTerrones Saeta, Juan Mar\u00eda.<br \/>\nBr\u00edgida Dom\u00ednguez, Alba.<\/p>\n<p>&nbsp;<\/p>\n","protected":false},"excerpt":{"rendered":"<p>El Departamento de Agua, Miner\u00eda y Medioambiente esta formado por miembros del grupo de investigaci\u00f3n: RNM925 (Grupo de Investigaci\u00f3n Ingenier\u00eda Minera Sostenible GIMSO). Investigadores que integran el Departamento: Santisteban Fern\u00e1ndez,\u00a0Mar\u00eda\u00a0\u00a0(Coordinadora\/Investigadora responsable) Grande Gil, Jos\u00e9 Antonio. Miguel Sarmiento, Aguasanta. D\u00e1vila Mart\u00edn,\u00a0Jos\u00e9 Miguel. Fortes Garrido,\u00a0Juan Carlos. Lopes Ferreira Luis, Ana Teresa. Caraballo Monge, Manuel Antonio. Diosdado Arag\u00f3n,&hellip; <br \/> <a class=\"read-more\" href=\"https:\/\/www.uhu.es\/ccth\/departamento-de-agua-mineria-y-medioambiente\/\">Read more<\/a><\/p>\n","protected":false},"author":1,"featured_media":0,"parent":0,"menu_order":0,"comment_status":"closed","ping_status":"closed","template":"","meta":{"footnotes":""},"_links":{"self":[{"href":"https:\/\/www.uhu.es\/ccth\/wp-json\/wp\/v2\/pages\/982"}],"collection":[{"href":"https:\/\/www.uhu.es\/ccth\/wp-json\/wp\/v2\/pages"}],"about":[{"href":"https:\/\/www.uhu.es\/ccth\/wp-json\/wp\/v2\/types\/page"}],"author":[{"embeddable":true,"href":"https:\/\/www.uhu.es\/ccth\/wp-json\/wp\/v2\/users\/1"}],"replies":[{"embeddable":true,"href":"https:\/\/www.uhu.es\/ccth\/wp-json\/wp\/v2\/comments?post=982"}],"version-history":[{"count":12,"href":"https:\/\/www.uhu.es\/ccth\/wp-json\/wp\/v2\/pages\/982\/revisions"}],"predecessor-version":[{"id":2035,"href":"https:\/\/www.uhu.es\/ccth\/wp-json\/wp\/v2\/pages\/982\/revisions\/2035"}],"wp:attachment":[{"href":"https:\/\/www.uhu.es\/ccth\/wp-json\/wp\/v2\/media?parent=982"}],"curies":[{"name":"wp","href":"https:\/\/api.w.org\/{rel}","templated":true}]}}