
{"id":986,"date":"2018-10-15T12:19:53","date_gmt":"2018-10-15T12:19:53","guid":{"rendered":"http:\/\/www.uhu.es\/ccth\/?page_id=986"},"modified":"2023-03-13T10:53:03","modified_gmt":"2023-03-13T10:53:03","slug":"departamento-de-electroquimica-aplicada","status":"publish","type":"page","link":"https:\/\/www.uhu.es\/ccth\/departamento-de-electroquimica-aplicada\/","title":{"rendered":"Departamento de Electroqu\u00edmica Aplicada."},"content":{"rendered":"<p>El Departamento de Electroqu\u00edmica Aplicada esta formado por miembros del grupo de investigaci\u00f3n: FQM269 (Electroqu\u00edmica Aplicada)<\/p>\n<p>Investigadores que integran el Departamento:<\/p>\n<p>Mozo Llamazares,\u00a0Juan Daniel\u00a0(Coordinador\/Investigador responsable)<br \/>\nCarbajo Timoteo,\u00a0Jos\u00e9 de la Coronada<br \/>\nMaraver Puig,\u00a0Jos\u00e9 Joaqu\u00edn<br \/>\nL\u00f3pez L\u00f3pez,\u00a0Manuel<\/p>\n","protected":false},"excerpt":{"rendered":"<p>El Departamento de Electroqu\u00edmica Aplicada esta formado por miembros del grupo de investigaci\u00f3n: FQM269 (Electroqu\u00edmica Aplicada) Investigadores que integran el Departamento: Mozo Llamazares,\u00a0Juan Daniel\u00a0(Coordinador\/Investigador responsable) Carbajo Timoteo,\u00a0Jos\u00e9 de la Coronada Maraver Puig,\u00a0Jos\u00e9 Joaqu\u00edn L\u00f3pez L\u00f3pez,\u00a0Manuel<\/p>\n","protected":false},"author":1,"featured_media":0,"parent":0,"menu_order":0,"comment_status":"closed","ping_status":"closed","template":"","meta":{"footnotes":""},"_links":{"self":[{"href":"https:\/\/www.uhu.es\/ccth\/wp-json\/wp\/v2\/pages\/986"}],"collection":[{"href":"https:\/\/www.uhu.es\/ccth\/wp-json\/wp\/v2\/pages"}],"about":[{"href":"https:\/\/www.uhu.es\/ccth\/wp-json\/wp\/v2\/types\/page"}],"author":[{"embeddable":true,"href":"https:\/\/www.uhu.es\/ccth\/wp-json\/wp\/v2\/users\/1"}],"replies":[{"embeddable":true,"href":"https:\/\/www.uhu.es\/ccth\/wp-json\/wp\/v2\/comments?post=986"}],"version-history":[{"count":2,"href":"https:\/\/www.uhu.es\/ccth\/wp-json\/wp\/v2\/pages\/986\/revisions"}],"predecessor-version":[{"id":1318,"href":"https:\/\/www.uhu.es\/ccth\/wp-json\/wp\/v2\/pages\/986\/revisions\/1318"}],"wp:attachment":[{"href":"https:\/\/www.uhu.es\/ccth\/wp-json\/wp\/v2\/media?parent=986"}],"curies":[{"name":"wp","href":"https:\/\/api.w.org\/{rel}","templated":true}]}}