{"id":11397,"date":"2016-05-06T08:03:10","date_gmt":"2016-05-06T08:03:10","guid":{"rendered":"http:\/\/www.uhu.es\/etsi\/?page_id=11397"},"modified":"2017-12-12T14:28:50","modified_gmt":"2017-12-12T13:28:50","slug":"formulario-acreditacion","status":"publish","type":"page","link":"https:\/\/www.uhu.es\/etsi\/formulario-acreditacion\/","title":{"rendered":"Formulario Acreditaci\u00f3n"},"content":{"rendered":"<p><center><b><span style=\"color: red;\">BUZ\u00d3N DE SUGERENCIAS<\/span> <\/b><\/center>&nbsp;<\/p>\n<p><center><b><span style=\"color: red;\">Renovaci\u00f3n de la acreditaci\u00f3n de los t\u00edtulos de M\u00e1ster Universitario en:<\/span> <\/b><\/center>&nbsp;<br \/>\n<center><b><span style=\"color: red;\">En Ingenier\u00eda Industrial<\/span> <\/b><\/center>&nbsp;<br \/>\n<center><b><span style=\"color: red;\">En Ingenier\u00eda Qu\u00edmica<\/span> <\/b><\/center>&nbsp;<br \/>\n<center><b><span style=\"color: red;\">En Ingenier\u00eda Inform\u00e1tica<\/span> <\/b><\/center>&nbsp;<br \/>\n<center><b><span style=\"color: red;\">En Ingenier\u00eda De Montes<\/span> <\/b><\/center>&nbsp;<\/p>\n<form class=\"formuini\" action=\"http:\/\/uhu.es\/etsi\/wp_formulario\/conexion_acreditacion.php\" enctype=\"text\" method=\"post\" name=\"formularioinicio\">\n<fieldset>\n<table style=\"border: none;\">\n<tbody>\n<tr>\n<td style=\"border: none;\"><label for=\"nomb\"> Nombre: <\/label><\/td>\n<td style=\"border: none;\"><input name=\"nomb\" required=\"\" size=\"75\" type=\"text\" placeholder=\"Nombre\" \/><\/td>\n<\/tr>\n<tr>\n<td style=\"border: none;\"><label for=\"ape\"> Apellidos: <\/label><\/td>\n<td style=\"border: none;\"><input name=\"ape\" required=\"\" size=\"75\" type=\"text\" placeholder=\"Apellidos\" \/><\/td>\n<\/tr>\n<tr>\n<td style=\"border: none;\"><label for=\"correo\">Correo: <\/label><\/td>\n<td style=\"border: none;\"><input name=\"correo\" required=\"\" size=\"75\" type=\"text\" placeholder=\"example@mail.com\" \/><\/td>\n<\/tr>\n<tr>\n<td style=\"border: none;\"><label for=\"cargo\">Colectivo: <\/label><\/td>\n<td style=\"border: none;\"><input name=\"cargo\" required=\"\" size=\"75\" type=\"text\" placeholder=\"PDI,PAS....\" \/><\/td>\n<\/tr>\n<tr>\n<td style=\"border: none;\"><label for=\"desc\">Escribe aqu\u00ed tu Sugerencia:<\/label><\/td>\n<td style=\"border: none;\"><textarea id=\"myTextArea\" cols=\"80\" name=\"desc\" required=\"\" rows=\"7\"> <\/textarea><\/td>\n<\/tr>\n<tr>\n<td style=\"border: none;\"><button class=\"boton\" name=\"nboton\" type=\"submit\">Enviar<\/button><\/td>\n<\/tr>\n<\/tbody>\n<\/table>\n<\/fieldset>\n<\/form>\n","protected":false},"excerpt":{"rendered":"<p>BUZ\u00d3N DE SUGERENCIAS &nbsp; Renovaci\u00f3n de la acreditaci\u00f3n de los t\u00edtulos de M\u00e1ster Universitario en: &nbsp; En Ingenier\u00eda Industrial &nbsp; &#8230; <\/p>\n<div><a href=\"https:\/\/www.uhu.es\/etsi\/formulario-acreditacion\/\" class=\"more-link\">Read More<\/a><\/div>\n","protected":false},"author":7,"featured_media":0,"parent":0,"menu_order":0,"comment_status":"closed","ping_status":"closed","template":"template-layout-full-width.php","meta":[],"yoast_head":"<!-- This site is optimized with the Yoast SEO plugin v20.2.1 - https:\/\/yoast.com\/wordpress\/plugins\/seo\/ -->\n<title>Formulario Acreditaci\u00f3n - ETSI, UHU<\/title>\n<meta name=\"robots\" content=\"index, follow, max-snippet:-1, max-image-preview:large, max-video-preview:-1\" \/>\n<link rel=\"canonical\" href=\"https:\/\/www.uhu.es\/etsi\/formulario-acreditacion\/\" \/>\n<meta property=\"og:locale\" content=\"es_ES\" \/>\n<meta property=\"og:type\" content=\"article\" \/>\n<meta property=\"og:title\" content=\"Formulario Acreditaci\u00f3n - ETSI, UHU\" \/>\n<meta property=\"og:description\" content=\"BUZ\u00d3N DE SUGERENCIAS &nbsp; Renovaci\u00f3n de la acreditaci\u00f3n de los t\u00edtulos de M\u00e1ster Universitario en: &nbsp; En Ingenier\u00eda Industrial &nbsp; ... Read More\" \/>\n<meta property=\"og:url\" content=\"https:\/\/www.uhu.es\/etsi\/formulario-acreditacion\/\" \/>\n<meta property=\"og:site_name\" content=\"ETSI, UHU\" \/>\n<meta property=\"article:modified_time\" content=\"2017-12-12T13:28:50+00:00\" \/>\n<script type=\"application\/ld+json\" class=\"yoast-schema-graph\">{\"@context\":\"https:\/\/schema.org\",\"@graph\":[{\"@type\":\"WebPage\",\"@id\":\"https:\/\/www.uhu.es\/etsi\/formulario-acreditacion\/\",\"url\":\"https:\/\/www.uhu.es\/etsi\/formulario-acreditacion\/\",\"name\":\"Formulario Acreditaci\u00f3n - ETSI, UHU\",\"isPartOf\":{\"@id\":\"https:\/\/www.uhu.es\/etsi\/#website\"},\"datePublished\":\"2016-05-06T08:03:10+00:00\",\"dateModified\":\"2017-12-12T13:28:50+00:00\",\"breadcrumb\":{\"@id\":\"https:\/\/www.uhu.es\/etsi\/formulario-acreditacion\/#breadcrumb\"},\"inLanguage\":\"es-ES\",\"potentialAction\":[{\"@type\":\"ReadAction\",\"target\":[\"https:\/\/www.uhu.es\/etsi\/formulario-acreditacion\/\"]}]},{\"@type\":\"BreadcrumbList\",\"@id\":\"https:\/\/www.uhu.es\/etsi\/formulario-acreditacion\/#breadcrumb\",\"itemListElement\":[{\"@type\":\"ListItem\",\"position\":1,\"name\":\"Portada\",\"item\":\"https:\/\/www.uhu.es\/etsi\/\"},{\"@type\":\"ListItem\",\"position\":2,\"name\":\"Formulario Acreditaci\u00f3n\"}]},{\"@type\":\"WebSite\",\"@id\":\"https:\/\/www.uhu.es\/etsi\/#website\",\"url\":\"https:\/\/www.uhu.es\/etsi\/\",\"name\":\"ETSI, UHU\",\"description\":\"Escuela T\u00e9cnica Superior de  Ingenier\u00eda de la Universidad de Huelva\",\"publisher\":{\"@id\":\"https:\/\/www.uhu.es\/etsi\/#organization\"},\"potentialAction\":[{\"@type\":\"SearchAction\",\"target\":{\"@type\":\"EntryPoint\",\"urlTemplate\":\"https:\/\/www.uhu.es\/etsi\/?s={search_term_string}\"},\"query-input\":\"required name=search_term_string\"}],\"inLanguage\":\"es-ES\"},{\"@type\":\"Organization\",\"@id\":\"https:\/\/www.uhu.es\/etsi\/#organization\",\"name\":\"UHU ETSI\",\"url\":\"https:\/\/www.uhu.es\/etsi\/\",\"logo\":{\"@type\":\"ImageObject\",\"inLanguage\":\"es-ES\",\"@id\":\"https:\/\/www.uhu.es\/etsi\/#\/schema\/logo\/image\/\",\"url\":\"http:\/\/www.uhu.es\/etsi\/wp-content\/uploads\/2016\/02\/membrete_ETSI.jpg\",\"contentUrl\":\"http:\/\/www.uhu.es\/etsi\/wp-content\/uploads\/2016\/02\/membrete_ETSI.jpg\",\"width\":423,\"height\":81,\"caption\":\"UHU ETSI\"},\"image\":{\"@id\":\"https:\/\/www.uhu.es\/etsi\/#\/schema\/logo\/image\/\"}}]}<\/script>\n<!-- \/ Yoast SEO plugin. -->","yoast_head_json":{"title":"Formulario Acreditaci\u00f3n - ETSI, UHU","robots":{"index":"index","follow":"follow","max-snippet":"max-snippet:-1","max-image-preview":"max-image-preview:large","max-video-preview":"max-video-preview:-1"},"canonical":"https:\/\/www.uhu.es\/etsi\/formulario-acreditacion\/","og_locale":"es_ES","og_type":"article","og_title":"Formulario Acreditaci\u00f3n - ETSI, UHU","og_description":"BUZ\u00d3N DE SUGERENCIAS &nbsp; Renovaci\u00f3n de la acreditaci\u00f3n de los t\u00edtulos de M\u00e1ster Universitario en: &nbsp; En Ingenier\u00eda Industrial &nbsp; ... Read More","og_url":"https:\/\/www.uhu.es\/etsi\/formulario-acreditacion\/","og_site_name":"ETSI, UHU","article_modified_time":"2017-12-12T13:28:50+00:00","schema":{"@context":"https:\/\/schema.org","@graph":[{"@type":"WebPage","@id":"https:\/\/www.uhu.es\/etsi\/formulario-acreditacion\/","url":"https:\/\/www.uhu.es\/etsi\/formulario-acreditacion\/","name":"Formulario Acreditaci\u00f3n - ETSI, UHU","isPartOf":{"@id":"https:\/\/www.uhu.es\/etsi\/#website"},"datePublished":"2016-05-06T08:03:10+00:00","dateModified":"2017-12-12T13:28:50+00:00","breadcrumb":{"@id":"https:\/\/www.uhu.es\/etsi\/formulario-acreditacion\/#breadcrumb"},"inLanguage":"es-ES","potentialAction":[{"@type":"ReadAction","target":["https:\/\/www.uhu.es\/etsi\/formulario-acreditacion\/"]}]},{"@type":"BreadcrumbList","@id":"https:\/\/www.uhu.es\/etsi\/formulario-acreditacion\/#breadcrumb","itemListElement":[{"@type":"ListItem","position":1,"name":"Portada","item":"https:\/\/www.uhu.es\/etsi\/"},{"@type":"ListItem","position":2,"name":"Formulario Acreditaci\u00f3n"}]},{"@type":"WebSite","@id":"https:\/\/www.uhu.es\/etsi\/#website","url":"https:\/\/www.uhu.es\/etsi\/","name":"ETSI, UHU","description":"Escuela T\u00e9cnica Superior de  Ingenier\u00eda de la Universidad de Huelva","publisher":{"@id":"https:\/\/www.uhu.es\/etsi\/#organization"},"potentialAction":[{"@type":"SearchAction","target":{"@type":"EntryPoint","urlTemplate":"https:\/\/www.uhu.es\/etsi\/?s={search_term_string}"},"query-input":"required name=search_term_string"}],"inLanguage":"es-ES"},{"@type":"Organization","@id":"https:\/\/www.uhu.es\/etsi\/#organization","name":"UHU ETSI","url":"https:\/\/www.uhu.es\/etsi\/","logo":{"@type":"ImageObject","inLanguage":"es-ES","@id":"https:\/\/www.uhu.es\/etsi\/#\/schema\/logo\/image\/","url":"http:\/\/www.uhu.es\/etsi\/wp-content\/uploads\/2016\/02\/membrete_ETSI.jpg","contentUrl":"http:\/\/www.uhu.es\/etsi\/wp-content\/uploads\/2016\/02\/membrete_ETSI.jpg","width":423,"height":81,"caption":"UHU ETSI"},"image":{"@id":"https:\/\/www.uhu.es\/etsi\/#\/schema\/logo\/image\/"}}]}},"_links":{"self":[{"href":"https:\/\/www.uhu.es\/etsi\/wp-json\/wp\/v2\/pages\/11397"}],"collection":[{"href":"https:\/\/www.uhu.es\/etsi\/wp-json\/wp\/v2\/pages"}],"about":[{"href":"https:\/\/www.uhu.es\/etsi\/wp-json\/wp\/v2\/types\/page"}],"author":[{"embeddable":true,"href":"https:\/\/www.uhu.es\/etsi\/wp-json\/wp\/v2\/users\/7"}],"replies":[{"embeddable":true,"href":"https:\/\/www.uhu.es\/etsi\/wp-json\/wp\/v2\/comments?post=11397"}],"version-history":[{"count":12,"href":"https:\/\/www.uhu.es\/etsi\/wp-json\/wp\/v2\/pages\/11397\/revisions"}],"predecessor-version":[{"id":11404,"href":"https:\/\/www.uhu.es\/etsi\/wp-json\/wp\/v2\/pages\/11397\/revisions\/11404"}],"wp:attachment":[{"href":"https:\/\/www.uhu.es\/etsi\/wp-json\/wp\/v2\/media?parent=11397"}],"curies":[{"name":"wp","href":"https:\/\/api.w.org\/{rel}","templated":true}]}}