{"id":11511,"date":"2016-05-23T07:55:37","date_gmt":"2016-05-23T07:55:37","guid":{"rendered":"http:\/\/www.uhu.es\/etsi\/?page_id=11511"},"modified":"2021-01-25T10:21:08","modified_gmt":"2021-01-25T09:21:08","slug":"acreditacion-del-nivel-b1-lengua-extranjera-la-obtencion-titulos-gradomaster","status":"publish","type":"page","link":"https:\/\/www.uhu.es\/etsi\/estudiantes-2\/acreditacion-del-nivel-b1-lengua-extranjera-la-obtencion-titulos-gradomaster\/","title":{"rendered":"Acreditaci\u00f3n del nivel B1 de lengua extranjera para la obtenci\u00f3n de t\u00edtulos de Grado\/M\u00e1ster"},"content":{"rendered":"<p style=\"text-align: center;\"><strong>ACREDITACI\u00d3N DE NIVEL B1 DE LENGUA EXTRANJERA <\/strong><\/p>\n<p style=\"text-align: center;\"><strong>ESCUELA T\u00c9CNICA SUPERIOR DE INGENIER\u00cdA<\/strong><\/p>\n<p>Para obtener el t\u00edtulo de Grado o M\u00e1ster todos los estudiantes de la Universidad de Huelva deben acreditar el dominio elemental (nivel B1) de una lengua extranjera moderna. A continuaci\u00f3n se exponen algunos aspectos fundamentales:<\/p>\n<p><strong>\u00bfQu\u00e9 significa acreditar un idioma? <\/strong><\/p>\n<p>Acreditar un idioma significa demostrar mediante un examen de dominio que se posee un determinado nivel de competencia ling\u00fc\u00edstica en un idioma determinado. Este examen da lugar a la acreditaci\u00f3n. Los organismos acreditadores pasan un riguroso control de calidad en todos los aspectos relativos a la prueba de dominio.<\/p>\n<p><strong>\u00bfQu\u00e9 es el B1? <\/strong><\/p>\n<p>El B1 es el nivel m\u00ednimo de conocimiento de una lengua extranjera que alumnos y alumnas de las universidades andaluzas deben acreditar para obtener su t\u00edtulo de Grado. Esta misma exigencia se contempla tambi\u00e9n para el acceso como para la finalizaci\u00f3n de estudios en algunos t\u00edtulos de M\u00e1ster Universitario.<\/p>\n<p><strong>\u00bfC\u00f3mo se acredita el B1? <\/strong><\/p>\n<p>La acreditaci\u00f3n de lenguas extranjeras est\u00e1 regulada por la <em>Normativa sobre la acreditaci\u00f3n del conocimiento de una lengua extranjera para la obtenci\u00f3n de los t\u00edtulos de Grado o M\u00e1ster y para el acceso al M\u00e1ster de Formaci\u00f3n de Profesorado de Ense\u00f1anza Secundaria en la Universidad de Huelva <\/em>(en adelante Normativa), aprobada por el Consejo de Gobierno de 19 de febrero de 2013 y modificada con fecha del 3 de julio de 2015. Dicha Normativa, en su art\u00edculo 3, especifica los siguientes mecanismos para la acreditaci\u00f3n de idiomas:<\/p>\n<ul style=\"list-style-type: circle;\">\n<li>Mediante la presentaci\u00f3n en la secretar\u00eda del Centro donde se encuentre matriculado el estudiante de alguno de los diplomas o certificados de segundas lenguas para la acreditaci\u00f3n de los niveles del MCERL (Marco Com\u00fan Europeo de Referencia para las Lenguas), que relacionan en el Anexo II de la Normativa <a href=\"http:\/\/www.uhu.es\/sec.general\/Normativa\/Texto_Normativa\/Anexo%20II%20normativa%20acreditaci\u00f3n.pdf\">http:\/\/www.uhu.es\/sec.general\/Normativa\/Texto_Normativa\/Anexo II normativa acreditaci\u00f3n.pdf<\/a><\/li>\n<\/ul>\n<ul style=\"list-style-type: circle;\">\n<li>Mediante la realizaci\u00f3n de un examen que acredite el dominio de la lengua evaluada seg\u00fan las directrices de la AAC. M\u00e1s abajo se presentan las lenguas y pruebas que se realizan en la UHU.<\/li>\n<\/ul>\n<p>Tambi\u00e9n se contemplan en la normativa algunas excepciones de acreditaci\u00f3n que puedes consultar, si bien se refieren a estudiantes con grados de estudio de idiomas, por lo que no suele afectar a los estudiantes de ingenier\u00eda.<\/p>\n<p><strong>\u00bfD\u00f3nde y c\u00f3mo realizo la presentaci\u00f3n de la acreditaci\u00f3n de idioma extranjero? <\/strong><\/p>\n<p><!--Para que tu acreditaci\u00f3n sea reconocida por tu Centro tienes que presentar en la ETSI el certificado correspondiente. La presentaci\u00f3n se puede hacer en cualquier momento, redactando una <strong>Instancia de Solicitud<\/strong> dirigida al Director del Centro, que debe acompa\u00f1ar al certificado oficial del nivel de idioma.--><\/p>\n<p>Para que tu acreditaci\u00f3n sea reconocida por tu Centro tienes que <strong>presentar en la Secretar\u00eda de la ETSI<\/strong> el certificado correspondiente. La presentaci\u00f3n se puede hacer en cualquier momento, redactando una Instancia de Solicitud dirigida al Director del Centro, que debe acompa\u00f1ar al certificado oficial del nivel de idioma.<br \/>\nLa solicitud debes remitirla a la persona de Secretar\u00eda responsable de tu titulaci\u00f3n, dicha informaci\u00f3n la puedes encontrar en: <a href=\"https:\/\/www.uhu.es\/etsi\/secretaria\/listado-telefonico-secretaria\/\">https:\/\/www.uhu.es\/etsi\/secretaria\/listado-telefonico-secretaria\/<\/a><\/p>\n<p><strong>\u00bfC\u00f3mo s\u00e9 que he acreditado correctamente el idioma extranjero?<\/strong><\/p>\n<p>Una vez comprobado que tu certificado se encuentra dentro de los tipos admitidos, recibir\u00e1s una comunicaci\u00f3n escrita de aceptaci\u00f3n de tu acreditaci\u00f3n de nivel de idioma extranjero desde la ETSI. No tienes que hacer nada m\u00e1s al respecto, pues se realizar\u00e1 el apunte informatizado de esta acreditaci\u00f3n en tu expediente acad\u00e9mico, para que pueda expedirse tu t\u00edtulo acad\u00e9mico, una vez completes las asignaturas y cr\u00e9ditos requeridos.<\/p>\n<p><strong>\u00bfMe puedo presentar a alguna prueba de acreditaci\u00f3n oficial en la Universidad de Huelva? <\/strong><\/p>\n<p>S\u00ed. La Universidad de Huelva es actualmente centro examinador de las siguientes pruebas de acreditaci\u00f3n:<\/p>\n<table class=\" aligncenter\" style=\"width: 858px;\">\n<tbody>\n<tr>\n<td style=\"width: 371px; text-align: center;\">Ingles<\/td>\n<td style=\"width: 150px; text-align: center;\">Alem\u00e1n<\/td>\n<td style=\"width: 138px; text-align: center;\">Italiano<\/td>\n<td style=\"width: 297px; text-align: center;\">Espa\u00f1ol como Lengua Extranjera<\/td>\n<\/tr>\n<tr>\n<td style=\"width: 371px; text-align: center;\">CAMBRIDGE: PET (B1), FCE (B2), CAE (C1)<\/td>\n<td style=\"width: 150px; text-align: center;\">Telc Deutsch B1<\/td>\n<td style=\"width: 138px; text-align: center;\">CELI (A1-C2)<\/td>\n<td style=\"width: 297px; text-align: center;\">DELE (A1-C2)<\/td>\n<\/tr>\n<tr>\n<td style=\"width: 371px; text-align: center;\">TOEIC (A1-C)<\/td>\n<td style=\"width: 150px; text-align: center;\">Telc Deutsch B2<\/td>\n<td style=\"width: 138px;\"><\/td>\n<td style=\"width: 297px; text-align: center;\">ELADE (B1\/B2)<\/td>\n<\/tr>\n<tr>\n<td style=\"width: 371px; text-align: center;\">APTIS (A1-C)<\/td>\n<td style=\"width: 150px;\"><\/td>\n<td style=\"width: 138px;\"><\/td>\n<td style=\"width: 297px;\"><\/td>\n<\/tr>\n<\/tbody>\n<\/table>\n<p>El Servicio de Lenguas Modernas expone en su web de forma continua las fechas en las que se realizan las pruebas y los requisitos de inscripci\u00f3n:<\/p>\n<p><a href=\"http:\/\/www.uhu.es\/lenguasmodernas\/\">http:\/\/www.uhu.es\/lenguasmodernas\/<\/a><\/p>\n<p>Tambi\u00e9n a trav\u00e9s del Servicio de Lenguas Modernas puedes acceder a la informaci\u00f3n sobre los <strong>cursos de formaci\u00f3n<\/strong> para la preparaci\u00f3n de estas pruebas que imparte la UHU. <strong>Al menos uno de estos cursos se imparte en la ETSI.<\/strong><\/p>\n<p><strong>Puedes obtener informaci\u00f3n complementaria en las siguientes presentaciones on-line:<\/strong><\/p>\n<ol>\n<li>a) Presentaci\u00f3n de PowerPoint utilizada en las sesiones informativas de abril-2016: <a href=\"http:\/\/uhu.es\/lenguasmodernas\/doc\/Acreditaci%C3%B3nDeIdiomas.pdf\">http:\/\/uhu.es\/lenguasmodernas\/doc\/Acreditaci%C3%B3nDeIdiomas.pdf<\/a><\/li>\n<li>b) Gu\u00eda de preguntas frecuentes sobre la acreditaci\u00f3n: <a href=\"http:\/\/www.uhu.es\/lenguasmodernas\/doc\/FAQ%20acreditacion.pdf\">http:\/\/www.uhu.es\/lenguasmodernas\/doc\/FAQ%20acreditacion.pdf<\/a><\/li>\n<\/ol>\n<p><strong>\u00bfM\u00e1s informaci\u00f3n?<\/strong><\/p>\n<ul style=\"list-style-type: square;\">\n<li>Servicio de Lenguas Modernas<\/li>\n<\/ul>\n<p style=\"text-align: left; padding-left: 90px;\">Edificio Juan Agust\u00edn de Mora<\/p>\n<p style=\"text-align: left; padding-left: 90px;\">Campus El Carmen<\/p>\n<p style=\"text-align: left; padding-left: 90px;\">21071 Huelva<\/p>\n<p style=\"text-align: left; padding-left: 90px;\">+34 959219334 (8-9334)<\/p>\n<p style=\"text-align: left; padding-left: 90px;\"><a href=\"http:\/\/lenguas.mod@sc.uhu.es\">lenguas.mod@sc.uhu.es<\/a><\/p>\n<p><!--\n\n\n<ul style=\"list-style-type: square;\">\n \t\n\n<li>Subdirecci\u00f3n de la ETSI con competencias en Movilidad<\/li>\n\n\n<\/ul>\n\n\n\n\n<p style=\"text-align: left; padding-left: 90px;\"><a href=\"mailto:sub.innovacion@etsi.uhu.es\">sub.innovacion@etsi.uhu.es<\/a><\/p>\n\n\n\n\n<p style=\"text-align: left; padding-left: 90px;\">Pabell\u00f3n Salt\u00e9s despacho STPB-52<\/p>\n\n\n\n\n<p style=\"text-align: left; padding-left: 90px;\">Tel\u00e9fono: +34 959 217 517<\/p>\n\n\n--><\/p>\n","protected":false},"excerpt":{"rendered":"<p>ACREDITACI\u00d3N DE NIVEL B1 DE LENGUA EXTRANJERA ESCUELA T\u00c9CNICA SUPERIOR DE INGENIER\u00cdA Para obtener el t\u00edtulo de Grado o M\u00e1ster &#8230; <\/p>\n<div><a href=\"https:\/\/www.uhu.es\/etsi\/estudiantes-2\/acreditacion-del-nivel-b1-lengua-extranjera-la-obtencion-titulos-gradomaster\/\" class=\"more-link\">Read More<\/a><\/div>\n","protected":false},"author":7,"featured_media":0,"parent":7815,"menu_order":0,"comment_status":"closed","ping_status":"closed","template":"template-layout-full-width.php","meta":[],"yoast_head":"<!-- This site is optimized with the Yoast SEO plugin v20.2.1 - https:\/\/yoast.com\/wordpress\/plugins\/seo\/ -->\n<title>Acreditaci\u00f3n del nivel B1 de lengua extranjera para la obtenci\u00f3n de t\u00edtulos de Grado\/M\u00e1ster - ETSI, UHU<\/title>\n<meta name=\"robots\" content=\"index, follow, max-snippet:-1, max-image-preview:large, max-video-preview:-1\" \/>\n<link rel=\"canonical\" href=\"https:\/\/www.uhu.es\/etsi\/estudiantes-2\/acreditacion-del-nivel-b1-lengua-extranjera-la-obtencion-titulos-gradomaster\/\" \/>\n<meta property=\"og:locale\" content=\"es_ES\" \/>\n<meta property=\"og:type\" content=\"article\" \/>\n<meta property=\"og:title\" content=\"Acreditaci\u00f3n del nivel B1 de lengua extranjera para la obtenci\u00f3n de t\u00edtulos de Grado\/M\u00e1ster - ETSI, UHU\" \/>\n<meta property=\"og:description\" content=\"ACREDITACI\u00d3N DE NIVEL B1 DE LENGUA EXTRANJERA ESCUELA T\u00c9CNICA SUPERIOR DE INGENIER\u00cdA Para obtener el t\u00edtulo de Grado o M\u00e1ster ... Read More\" \/>\n<meta property=\"og:url\" content=\"https:\/\/www.uhu.es\/etsi\/estudiantes-2\/acreditacion-del-nivel-b1-lengua-extranjera-la-obtencion-titulos-gradomaster\/\" \/>\n<meta property=\"og:site_name\" content=\"ETSI, UHU\" \/>\n<meta property=\"article:modified_time\" content=\"2021-01-25T09:21:08+00:00\" \/>\n<meta name=\"twitter:label1\" content=\"Est. reading time\" \/>\n\t<meta name=\"twitter:data1\" content=\"4 minutes\" \/>\n<script type=\"application\/ld+json\" class=\"yoast-schema-graph\">{\"@context\":\"https:\/\/schema.org\",\"@graph\":[{\"@type\":\"WebPage\",\"@id\":\"https:\/\/www.uhu.es\/etsi\/estudiantes-2\/acreditacion-del-nivel-b1-lengua-extranjera-la-obtencion-titulos-gradomaster\/\",\"url\":\"https:\/\/www.uhu.es\/etsi\/estudiantes-2\/acreditacion-del-nivel-b1-lengua-extranjera-la-obtencion-titulos-gradomaster\/\",\"name\":\"Acreditaci\u00f3n del nivel B1 de lengua extranjera para la obtenci\u00f3n de t\u00edtulos de Grado\/M\u00e1ster - ETSI, UHU\",\"isPartOf\":{\"@id\":\"https:\/\/www.uhu.es\/etsi\/#website\"},\"datePublished\":\"2016-05-23T07:55:37+00:00\",\"dateModified\":\"2021-01-25T09:21:08+00:00\",\"breadcrumb\":{\"@id\":\"https:\/\/www.uhu.es\/etsi\/estudiantes-2\/acreditacion-del-nivel-b1-lengua-extranjera-la-obtencion-titulos-gradomaster\/#breadcrumb\"},\"inLanguage\":\"es-ES\",\"potentialAction\":[{\"@type\":\"ReadAction\",\"target\":[\"https:\/\/www.uhu.es\/etsi\/estudiantes-2\/acreditacion-del-nivel-b1-lengua-extranjera-la-obtencion-titulos-gradomaster\/\"]}]},{\"@type\":\"BreadcrumbList\",\"@id\":\"https:\/\/www.uhu.es\/etsi\/estudiantes-2\/acreditacion-del-nivel-b1-lengua-extranjera-la-obtencion-titulos-gradomaster\/#breadcrumb\",\"itemListElement\":[{\"@type\":\"ListItem\",\"position\":1,\"name\":\"Portada\",\"item\":\"https:\/\/www.uhu.es\/etsi\/\"},{\"@type\":\"ListItem\",\"position\":2,\"name\":\"Estudiantes\",\"item\":\"https:\/\/www.uhu.es\/etsi\/estudiantes-2\/\"},{\"@type\":\"ListItem\",\"position\":3,\"name\":\"Acreditaci\u00f3n del nivel B1 de lengua extranjera para la obtenci\u00f3n de t\u00edtulos de Grado\/M\u00e1ster\"}]},{\"@type\":\"WebSite\",\"@id\":\"https:\/\/www.uhu.es\/etsi\/#website\",\"url\":\"https:\/\/www.uhu.es\/etsi\/\",\"name\":\"ETSI, UHU\",\"description\":\"Escuela T\u00e9cnica Superior de  Ingenier\u00eda de la Universidad de Huelva\",\"publisher\":{\"@id\":\"https:\/\/www.uhu.es\/etsi\/#organization\"},\"potentialAction\":[{\"@type\":\"SearchAction\",\"target\":{\"@type\":\"EntryPoint\",\"urlTemplate\":\"https:\/\/www.uhu.es\/etsi\/?s={search_term_string}\"},\"query-input\":\"required name=search_term_string\"}],\"inLanguage\":\"es-ES\"},{\"@type\":\"Organization\",\"@id\":\"https:\/\/www.uhu.es\/etsi\/#organization\",\"name\":\"UHU ETSI\",\"url\":\"https:\/\/www.uhu.es\/etsi\/\",\"logo\":{\"@type\":\"ImageObject\",\"inLanguage\":\"es-ES\",\"@id\":\"https:\/\/www.uhu.es\/etsi\/#\/schema\/logo\/image\/\",\"url\":\"http:\/\/www.uhu.es\/etsi\/wp-content\/uploads\/2016\/02\/membrete_ETSI.jpg\",\"contentUrl\":\"http:\/\/www.uhu.es\/etsi\/wp-content\/uploads\/2016\/02\/membrete_ETSI.jpg\",\"width\":423,\"height\":81,\"caption\":\"UHU ETSI\"},\"image\":{\"@id\":\"https:\/\/www.uhu.es\/etsi\/#\/schema\/logo\/image\/\"}}]}<\/script>\n<!-- \/ Yoast SEO plugin. -->","yoast_head_json":{"title":"Acreditaci\u00f3n del nivel B1 de lengua extranjera para la obtenci\u00f3n de t\u00edtulos de Grado\/M\u00e1ster - ETSI, UHU","robots":{"index":"index","follow":"follow","max-snippet":"max-snippet:-1","max-image-preview":"max-image-preview:large","max-video-preview":"max-video-preview:-1"},"canonical":"https:\/\/www.uhu.es\/etsi\/estudiantes-2\/acreditacion-del-nivel-b1-lengua-extranjera-la-obtencion-titulos-gradomaster\/","og_locale":"es_ES","og_type":"article","og_title":"Acreditaci\u00f3n del nivel B1 de lengua extranjera para la obtenci\u00f3n de t\u00edtulos de Grado\/M\u00e1ster - ETSI, UHU","og_description":"ACREDITACI\u00d3N DE NIVEL B1 DE LENGUA EXTRANJERA ESCUELA T\u00c9CNICA SUPERIOR DE INGENIER\u00cdA Para obtener el t\u00edtulo de Grado o M\u00e1ster ... Read More","og_url":"https:\/\/www.uhu.es\/etsi\/estudiantes-2\/acreditacion-del-nivel-b1-lengua-extranjera-la-obtencion-titulos-gradomaster\/","og_site_name":"ETSI, UHU","article_modified_time":"2021-01-25T09:21:08+00:00","twitter_misc":{"Est. reading time":"4 minutes"},"schema":{"@context":"https:\/\/schema.org","@graph":[{"@type":"WebPage","@id":"https:\/\/www.uhu.es\/etsi\/estudiantes-2\/acreditacion-del-nivel-b1-lengua-extranjera-la-obtencion-titulos-gradomaster\/","url":"https:\/\/www.uhu.es\/etsi\/estudiantes-2\/acreditacion-del-nivel-b1-lengua-extranjera-la-obtencion-titulos-gradomaster\/","name":"Acreditaci\u00f3n del nivel B1 de lengua extranjera para la obtenci\u00f3n de t\u00edtulos de Grado\/M\u00e1ster - ETSI, UHU","isPartOf":{"@id":"https:\/\/www.uhu.es\/etsi\/#website"},"datePublished":"2016-05-23T07:55:37+00:00","dateModified":"2021-01-25T09:21:08+00:00","breadcrumb":{"@id":"https:\/\/www.uhu.es\/etsi\/estudiantes-2\/acreditacion-del-nivel-b1-lengua-extranjera-la-obtencion-titulos-gradomaster\/#breadcrumb"},"inLanguage":"es-ES","potentialAction":[{"@type":"ReadAction","target":["https:\/\/www.uhu.es\/etsi\/estudiantes-2\/acreditacion-del-nivel-b1-lengua-extranjera-la-obtencion-titulos-gradomaster\/"]}]},{"@type":"BreadcrumbList","@id":"https:\/\/www.uhu.es\/etsi\/estudiantes-2\/acreditacion-del-nivel-b1-lengua-extranjera-la-obtencion-titulos-gradomaster\/#breadcrumb","itemListElement":[{"@type":"ListItem","position":1,"name":"Portada","item":"https:\/\/www.uhu.es\/etsi\/"},{"@type":"ListItem","position":2,"name":"Estudiantes","item":"https:\/\/www.uhu.es\/etsi\/estudiantes-2\/"},{"@type":"ListItem","position":3,"name":"Acreditaci\u00f3n del nivel B1 de lengua extranjera para la obtenci\u00f3n de t\u00edtulos de Grado\/M\u00e1ster"}]},{"@type":"WebSite","@id":"https:\/\/www.uhu.es\/etsi\/#website","url":"https:\/\/www.uhu.es\/etsi\/","name":"ETSI, UHU","description":"Escuela T\u00e9cnica Superior de  Ingenier\u00eda de la Universidad de Huelva","publisher":{"@id":"https:\/\/www.uhu.es\/etsi\/#organization"},"potentialAction":[{"@type":"SearchAction","target":{"@type":"EntryPoint","urlTemplate":"https:\/\/www.uhu.es\/etsi\/?s={search_term_string}"},"query-input":"required name=search_term_string"}],"inLanguage":"es-ES"},{"@type":"Organization","@id":"https:\/\/www.uhu.es\/etsi\/#organization","name":"UHU ETSI","url":"https:\/\/www.uhu.es\/etsi\/","logo":{"@type":"ImageObject","inLanguage":"es-ES","@id":"https:\/\/www.uhu.es\/etsi\/#\/schema\/logo\/image\/","url":"http:\/\/www.uhu.es\/etsi\/wp-content\/uploads\/2016\/02\/membrete_ETSI.jpg","contentUrl":"http:\/\/www.uhu.es\/etsi\/wp-content\/uploads\/2016\/02\/membrete_ETSI.jpg","width":423,"height":81,"caption":"UHU ETSI"},"image":{"@id":"https:\/\/www.uhu.es\/etsi\/#\/schema\/logo\/image\/"}}]}},"_links":{"self":[{"href":"https:\/\/www.uhu.es\/etsi\/wp-json\/wp\/v2\/pages\/11511"}],"collection":[{"href":"https:\/\/www.uhu.es\/etsi\/wp-json\/wp\/v2\/pages"}],"about":[{"href":"https:\/\/www.uhu.es\/etsi\/wp-json\/wp\/v2\/types\/page"}],"author":[{"embeddable":true,"href":"https:\/\/www.uhu.es\/etsi\/wp-json\/wp\/v2\/users\/7"}],"replies":[{"embeddable":true,"href":"https:\/\/www.uhu.es\/etsi\/wp-json\/wp\/v2\/comments?post=11511"}],"version-history":[{"count":6,"href":"https:\/\/www.uhu.es\/etsi\/wp-json\/wp\/v2\/pages\/11511\/revisions"}],"predecessor-version":[{"id":20130,"href":"https:\/\/www.uhu.es\/etsi\/wp-json\/wp\/v2\/pages\/11511\/revisions\/20130"}],"up":[{"embeddable":true,"href":"https:\/\/www.uhu.es\/etsi\/wp-json\/wp\/v2\/pages\/7815"}],"wp:attachment":[{"href":"https:\/\/www.uhu.es\/etsi\/wp-json\/wp\/v2\/media?parent=11511"}],"curies":[{"name":"wp","href":"https:\/\/api.w.org\/{rel}","templated":true}]}}