{"id":13473,"date":"2017-02-07T13:36:54","date_gmt":"2017-02-07T12:36:54","guid":{"rendered":"http:\/\/www.uhu.es\/etsi\/?page_id=13473"},"modified":"2018-02-27T11:03:37","modified_gmt":"2018-02-27T10:03:37","slug":"taller-definir-perfil-profesional-ingenieria","status":"publish","type":"page","link":"https:\/\/www.uhu.es\/etsi\/estudiantes-2\/programa-mentorizacion\/programa-faro-curso-2016-2017\/taller-definir-perfil-profesional-ingenieria\/","title":{"rendered":"Taller: \u201cC\u00f3mo definir un perfil profesional en Ingenier\u00eda\u201d"},"content":{"rendered":"<p><a href=\"https:\/\/www.uhu.es\/etsi\/wp-content\/uploads\/2017\/02\/faro.gif\"><img decoding=\"async\" loading=\"lazy\" class=\"size-full wp-image-13474 aligncenter\" src=\"https:\/\/www.uhu.es\/etsi\/wp-content\/uploads\/2017\/02\/faro.gif\" alt=\"\" width=\"297\" height=\"127\" \/><\/a><\/p>\n<p><strong>OBJETIVOS:<\/strong><\/p>\n<ul>\n<li>Ofrecer a los y las asistentes algunas pautas de autoconocimiento personal que les ayude a la toma de decisiones en este \u00e1mbito.<\/li>\n<li>Tomar consciencia del punto de partida de cada persona en relaci\u00f3n con las aspiraciones que posee.<br \/>\nReflexionar sobre las posibilidades de inserci\u00f3n laboral.<\/li>\n<li>Conocer algunas herramientas b\u00e1sicas para mejorar la empleabilidad.<\/li>\n<\/ul>\n<p><strong>CONTENIDOS:<\/strong><\/p>\n<ul>\n<li>La importancia de tener un objetivo profesional (claro y realista)<\/li>\n<li>El proceso de toma de decisiones.<\/li>\n<li>Autoconocimiento personal.<\/li>\n<li>Conocimiento del mercado laboral: barreras que dificultan la inserci\u00f3n laboral y recursos para mejorar la empleabilidad.<\/li>\n<\/ul>\n<p><strong>METODOLOG\u00cdA:<\/strong><\/p>\n<p>Se realizar\u00e1 una peque\u00f1a introducci\u00f3n sobre la tem\u00e1tica a tratar y se ofrecer\u00e1n, con el apoyo de transparencias, las explicaciones de los contenidos a partir delas conclusiones que los propios alumnos y alumnas obtengan de los ejercicios propuestos durante el desarrollo del taller. Se trata de realizar una tutorizaci\u00f3n de las reflexiones que el alumnado haga en sus puestas en com\u00fan en el grupo y aclarar las dudas planteadas deforma pr\u00e1ctica, dando lugar a un taller din\u00e1mico y participativo.<\/p>\n<p><strong>ORGANIZACI\u00d3N Y TEMPORALIZACI\u00d3N:<\/strong><\/p>\n<p>La duraci\u00f3n total del taller ser\u00e1 de 4 horas distribuidas en dos sesiones de 2 horas cada una.<\/p>\n<p>No se trata de sesiones independientes por lo que no cabe la posibilidad de que el alumnado se pueda inscribir a una s\u00ed y a otra no, ya que se perder\u00eda el sentido de los contenidos a tratar y la evoluci\u00f3n de las reflexiones que se trabajen con el alumnado.<\/p>\n<p>1\u00aa Sesi\u00f3n: martes 7 de marzo de 2017 de 12:00 a 14:00 h.<br \/>\n2\u00aa Sesi\u00f3n: martes 14 de marzo de 2017 de 12:00 a 14:00 h.<\/p>\n<p><strong>MATERIAL:<\/strong> Se repartir\u00e1 entre el alumnado material de apoyo con informaci\u00f3n\u00a0relevante para su empleabilidad.<\/p>\n<p><strong>LUGAR<\/strong>: Aula I.M. B.8 del Edificio Isidoro Morales. ETSI. Campus El Carmen.<\/p>\n<p><strong>OBSERVACIONES:<\/strong> Para que el taller sea operativo y pr\u00e1ctico no deber\u00e1 superar las 20\u00a0o 25 inscripciones.<\/p>\n<p style=\"text-align: center;\"><span style=\"font-size: 24pt; color: #ff0000;\"><a style=\"color: #ff0000;\" href=\"https:\/\/www.uhu.es\/etsi\/taller-definir-perfil-profesional-ingenieria\/13478-2\/\">Formulario de Inscripci\u00f3n<\/a><\/span><\/p>\n","protected":false},"excerpt":{"rendered":"<p>OBJETIVOS: Ofrecer a los y las asistentes algunas pautas de autoconocimiento personal que les ayude a la toma de decisiones &#8230; <\/p>\n<div><a href=\"https:\/\/www.uhu.es\/etsi\/estudiantes-2\/programa-mentorizacion\/programa-faro-curso-2016-2017\/taller-definir-perfil-profesional-ingenieria\/\" class=\"more-link\">Read More<\/a><\/div>\n","protected":false},"author":7,"featured_media":0,"parent":14631,"menu_order":0,"comment_status":"closed","ping_status":"closed","template":"template-layout-full-width.php","meta":[],"yoast_head":"<!-- This site is optimized with the Yoast SEO plugin v20.2.1 - https:\/\/yoast.com\/wordpress\/plugins\/seo\/ -->\n<title>Taller: \u201cC\u00f3mo definir un perfil profesional en Ingenier\u00eda\u201d - ETSI, UHU<\/title>\n<meta name=\"robots\" content=\"index, follow, max-snippet:-1, max-image-preview:large, max-video-preview:-1\" \/>\n<link rel=\"canonical\" href=\"https:\/\/www.uhu.es\/etsi\/estudiantes-2\/programa-mentorizacion\/programa-faro-curso-2016-2017\/taller-definir-perfil-profesional-ingenieria\/\" \/>\n<meta property=\"og:locale\" content=\"es_ES\" \/>\n<meta property=\"og:type\" content=\"article\" \/>\n<meta property=\"og:title\" content=\"Taller: \u201cC\u00f3mo definir un perfil profesional en Ingenier\u00eda\u201d - ETSI, UHU\" \/>\n<meta property=\"og:description\" content=\"OBJETIVOS: Ofrecer a los y las asistentes algunas pautas de autoconocimiento personal que les ayude a la toma de decisiones ... Read More\" \/>\n<meta property=\"og:url\" content=\"https:\/\/www.uhu.es\/etsi\/estudiantes-2\/programa-mentorizacion\/programa-faro-curso-2016-2017\/taller-definir-perfil-profesional-ingenieria\/\" \/>\n<meta property=\"og:site_name\" content=\"ETSI, UHU\" \/>\n<meta property=\"article:modified_time\" content=\"2018-02-27T10:03:37+00:00\" \/>\n<meta property=\"og:image\" content=\"http:\/\/www.uhu.es\/etsi\/wp-content\/uploads\/2017\/02\/faro.gif\" \/>\n<meta name=\"twitter:label1\" content=\"Est. reading time\" \/>\n\t<meta name=\"twitter:data1\" content=\"2 minutes\" \/>\n<script type=\"application\/ld+json\" class=\"yoast-schema-graph\">{\"@context\":\"https:\/\/schema.org\",\"@graph\":[{\"@type\":\"WebPage\",\"@id\":\"https:\/\/www.uhu.es\/etsi\/estudiantes-2\/programa-mentorizacion\/programa-faro-curso-2016-2017\/taller-definir-perfil-profesional-ingenieria\/\",\"url\":\"https:\/\/www.uhu.es\/etsi\/estudiantes-2\/programa-mentorizacion\/programa-faro-curso-2016-2017\/taller-definir-perfil-profesional-ingenieria\/\",\"name\":\"Taller: \u201cC\u00f3mo definir un perfil profesional en Ingenier\u00eda\u201d - ETSI, UHU\",\"isPartOf\":{\"@id\":\"https:\/\/www.uhu.es\/etsi\/#website\"},\"datePublished\":\"2017-02-07T12:36:54+00:00\",\"dateModified\":\"2018-02-27T10:03:37+00:00\",\"breadcrumb\":{\"@id\":\"https:\/\/www.uhu.es\/etsi\/estudiantes-2\/programa-mentorizacion\/programa-faro-curso-2016-2017\/taller-definir-perfil-profesional-ingenieria\/#breadcrumb\"},\"inLanguage\":\"es-ES\",\"potentialAction\":[{\"@type\":\"ReadAction\",\"target\":[\"https:\/\/www.uhu.es\/etsi\/estudiantes-2\/programa-mentorizacion\/programa-faro-curso-2016-2017\/taller-definir-perfil-profesional-ingenieria\/\"]}]},{\"@type\":\"BreadcrumbList\",\"@id\":\"https:\/\/www.uhu.es\/etsi\/estudiantes-2\/programa-mentorizacion\/programa-faro-curso-2016-2017\/taller-definir-perfil-profesional-ingenieria\/#breadcrumb\",\"itemListElement\":[{\"@type\":\"ListItem\",\"position\":1,\"name\":\"Portada\",\"item\":\"https:\/\/www.uhu.es\/etsi\/\"},{\"@type\":\"ListItem\",\"position\":2,\"name\":\"Estudiantes\",\"item\":\"https:\/\/www.uhu.es\/etsi\/estudiantes-2\/\"},{\"@type\":\"ListItem\",\"position\":3,\"name\":\"Programa De Mentorizacion\",\"item\":\"https:\/\/www.uhu.es\/etsi\/estudiantes-2\/programa-mentorizacion\/\"},{\"@type\":\"ListItem\",\"position\":4,\"name\":\"Programa Faro &#8212; Curso 2016-2017\",\"item\":\"https:\/\/www.uhu.es\/etsi\/estudiantes-2\/programa-mentorizacion\/programa-faro-curso-2016-2017\/\"},{\"@type\":\"ListItem\",\"position\":5,\"name\":\"Taller: \u201cC\u00f3mo definir un perfil profesional en Ingenier\u00eda\u201d\"}]},{\"@type\":\"WebSite\",\"@id\":\"https:\/\/www.uhu.es\/etsi\/#website\",\"url\":\"https:\/\/www.uhu.es\/etsi\/\",\"name\":\"ETSI, UHU\",\"description\":\"Escuela T\u00e9cnica Superior de  Ingenier\u00eda de la Universidad de Huelva\",\"publisher\":{\"@id\":\"https:\/\/www.uhu.es\/etsi\/#organization\"},\"potentialAction\":[{\"@type\":\"SearchAction\",\"target\":{\"@type\":\"EntryPoint\",\"urlTemplate\":\"https:\/\/www.uhu.es\/etsi\/?s={search_term_string}\"},\"query-input\":\"required name=search_term_string\"}],\"inLanguage\":\"es-ES\"},{\"@type\":\"Organization\",\"@id\":\"https:\/\/www.uhu.es\/etsi\/#organization\",\"name\":\"UHU ETSI\",\"url\":\"https:\/\/www.uhu.es\/etsi\/\",\"logo\":{\"@type\":\"ImageObject\",\"inLanguage\":\"es-ES\",\"@id\":\"https:\/\/www.uhu.es\/etsi\/#\/schema\/logo\/image\/\",\"url\":\"http:\/\/www.uhu.es\/etsi\/wp-content\/uploads\/2016\/02\/membrete_ETSI.jpg\",\"contentUrl\":\"http:\/\/www.uhu.es\/etsi\/wp-content\/uploads\/2016\/02\/membrete_ETSI.jpg\",\"width\":423,\"height\":81,\"caption\":\"UHU ETSI\"},\"image\":{\"@id\":\"https:\/\/www.uhu.es\/etsi\/#\/schema\/logo\/image\/\"}}]}<\/script>\n<!-- \/ Yoast SEO plugin. -->","yoast_head_json":{"title":"Taller: \u201cC\u00f3mo definir un perfil profesional en Ingenier\u00eda\u201d - ETSI, UHU","robots":{"index":"index","follow":"follow","max-snippet":"max-snippet:-1","max-image-preview":"max-image-preview:large","max-video-preview":"max-video-preview:-1"},"canonical":"https:\/\/www.uhu.es\/etsi\/estudiantes-2\/programa-mentorizacion\/programa-faro-curso-2016-2017\/taller-definir-perfil-profesional-ingenieria\/","og_locale":"es_ES","og_type":"article","og_title":"Taller: \u201cC\u00f3mo definir un perfil profesional en Ingenier\u00eda\u201d - ETSI, UHU","og_description":"OBJETIVOS: Ofrecer a los y las asistentes algunas pautas de autoconocimiento personal que les ayude a la toma de decisiones ... Read More","og_url":"https:\/\/www.uhu.es\/etsi\/estudiantes-2\/programa-mentorizacion\/programa-faro-curso-2016-2017\/taller-definir-perfil-profesional-ingenieria\/","og_site_name":"ETSI, UHU","article_modified_time":"2018-02-27T10:03:37+00:00","og_image":[{"url":"http:\/\/www.uhu.es\/etsi\/wp-content\/uploads\/2017\/02\/faro.gif"}],"twitter_misc":{"Est. reading time":"2 minutes"},"schema":{"@context":"https:\/\/schema.org","@graph":[{"@type":"WebPage","@id":"https:\/\/www.uhu.es\/etsi\/estudiantes-2\/programa-mentorizacion\/programa-faro-curso-2016-2017\/taller-definir-perfil-profesional-ingenieria\/","url":"https:\/\/www.uhu.es\/etsi\/estudiantes-2\/programa-mentorizacion\/programa-faro-curso-2016-2017\/taller-definir-perfil-profesional-ingenieria\/","name":"Taller: \u201cC\u00f3mo definir un perfil profesional en Ingenier\u00eda\u201d - ETSI, UHU","isPartOf":{"@id":"https:\/\/www.uhu.es\/etsi\/#website"},"datePublished":"2017-02-07T12:36:54+00:00","dateModified":"2018-02-27T10:03:37+00:00","breadcrumb":{"@id":"https:\/\/www.uhu.es\/etsi\/estudiantes-2\/programa-mentorizacion\/programa-faro-curso-2016-2017\/taller-definir-perfil-profesional-ingenieria\/#breadcrumb"},"inLanguage":"es-ES","potentialAction":[{"@type":"ReadAction","target":["https:\/\/www.uhu.es\/etsi\/estudiantes-2\/programa-mentorizacion\/programa-faro-curso-2016-2017\/taller-definir-perfil-profesional-ingenieria\/"]}]},{"@type":"BreadcrumbList","@id":"https:\/\/www.uhu.es\/etsi\/estudiantes-2\/programa-mentorizacion\/programa-faro-curso-2016-2017\/taller-definir-perfil-profesional-ingenieria\/#breadcrumb","itemListElement":[{"@type":"ListItem","position":1,"name":"Portada","item":"https:\/\/www.uhu.es\/etsi\/"},{"@type":"ListItem","position":2,"name":"Estudiantes","item":"https:\/\/www.uhu.es\/etsi\/estudiantes-2\/"},{"@type":"ListItem","position":3,"name":"Programa De Mentorizacion","item":"https:\/\/www.uhu.es\/etsi\/estudiantes-2\/programa-mentorizacion\/"},{"@type":"ListItem","position":4,"name":"Programa Faro &#8212; Curso 2016-2017","item":"https:\/\/www.uhu.es\/etsi\/estudiantes-2\/programa-mentorizacion\/programa-faro-curso-2016-2017\/"},{"@type":"ListItem","position":5,"name":"Taller: \u201cC\u00f3mo definir un perfil profesional en Ingenier\u00eda\u201d"}]},{"@type":"WebSite","@id":"https:\/\/www.uhu.es\/etsi\/#website","url":"https:\/\/www.uhu.es\/etsi\/","name":"ETSI, UHU","description":"Escuela T\u00e9cnica Superior de  Ingenier\u00eda de la Universidad de Huelva","publisher":{"@id":"https:\/\/www.uhu.es\/etsi\/#organization"},"potentialAction":[{"@type":"SearchAction","target":{"@type":"EntryPoint","urlTemplate":"https:\/\/www.uhu.es\/etsi\/?s={search_term_string}"},"query-input":"required name=search_term_string"}],"inLanguage":"es-ES"},{"@type":"Organization","@id":"https:\/\/www.uhu.es\/etsi\/#organization","name":"UHU ETSI","url":"https:\/\/www.uhu.es\/etsi\/","logo":{"@type":"ImageObject","inLanguage":"es-ES","@id":"https:\/\/www.uhu.es\/etsi\/#\/schema\/logo\/image\/","url":"http:\/\/www.uhu.es\/etsi\/wp-content\/uploads\/2016\/02\/membrete_ETSI.jpg","contentUrl":"http:\/\/www.uhu.es\/etsi\/wp-content\/uploads\/2016\/02\/membrete_ETSI.jpg","width":423,"height":81,"caption":"UHU ETSI"},"image":{"@id":"https:\/\/www.uhu.es\/etsi\/#\/schema\/logo\/image\/"}}]}},"_links":{"self":[{"href":"https:\/\/www.uhu.es\/etsi\/wp-json\/wp\/v2\/pages\/13473"}],"collection":[{"href":"https:\/\/www.uhu.es\/etsi\/wp-json\/wp\/v2\/pages"}],"about":[{"href":"https:\/\/www.uhu.es\/etsi\/wp-json\/wp\/v2\/types\/page"}],"author":[{"embeddable":true,"href":"https:\/\/www.uhu.es\/etsi\/wp-json\/wp\/v2\/users\/7"}],"replies":[{"embeddable":true,"href":"https:\/\/www.uhu.es\/etsi\/wp-json\/wp\/v2\/comments?post=13473"}],"version-history":[{"count":2,"href":"https:\/\/www.uhu.es\/etsi\/wp-json\/wp\/v2\/pages\/13473\/revisions"}],"predecessor-version":[{"id":13482,"href":"https:\/\/www.uhu.es\/etsi\/wp-json\/wp\/v2\/pages\/13473\/revisions\/13482"}],"up":[{"embeddable":true,"href":"https:\/\/www.uhu.es\/etsi\/wp-json\/wp\/v2\/pages\/14631"}],"wp:attachment":[{"href":"https:\/\/www.uhu.es\/etsi\/wp-json\/wp\/v2\/media?parent=13473"}],"curies":[{"name":"wp","href":"https:\/\/api.w.org\/{rel}","templated":true}]}}