{"id":14335,"date":"2017-07-21T11:14:23","date_gmt":"2017-07-21T10:14:23","guid":{"rendered":"http:\/\/www.uhu.es\/etsi\/?page_id=14335"},"modified":"2023-03-10T12:10:23","modified_gmt":"2023-03-10T11:10:23","slug":"guias-docentes-2017-2018","status":"publish","type":"page","link":"https:\/\/www.uhu.es\/etsi\/informacion-academica\/informacion-comun-todos-los-titulos\/guias-docentes\/guias-docentes-2017-2018\/","title":{"rendered":"Gu\u00edas Docentes &#8212; Curso 2017-2018"},"content":{"rendered":"<div id=\"my-accordion\" class=\"x-accordion\" ><\/div><div  class=\"x-accordion-group\" ><div class=\"x-accordion-heading\"><a class=\"x-accordion-toggle collapsed\" data-toggle=\"collapse\" data-parent=\"#my-accordion\" href=\"#collapse-1\">T\u00edtulos de Grado<\/a><\/div> <!-- end .x-accordion-heading --><div id=\"collapse-1\" class=\"accordion-body collapse\"><div class=\"x-accordion-inner\">\n<tr>\n<td width=\"416\">\n<div align=\"left\">\n<ul style=\"list-style-type: square;\">\n<li><a href=\"https:\/\/www.uhu.es\/etsi\/informacion-academica\/informacion-comun-todos-los-titulos\/guias-docentes\/guias-docentes-2017-2018\/listado-guias\/?grado=1&#038;curso=2017\" target=\"_blank\" rel=\"noopener\">Grado en Ingenier\u00eda Agr\u00edcola<\/a><\/li>\n<\/ul>\n<\/div>\n<\/td>\n<\/tr>\n<tr>\n<td width=\"416\">\n<div align=\"left\">\n<ul style=\"list-style-type: square;\">\n<li><a href=\"https:\/\/www.uhu.es\/etsi\/informacion-academica\/informacion-comun-todos-los-titulos\/guias-docentes\/guias-docentes-2017-2018\/listado-guias\/?grado=2&#038;curso=2017\" target=\"_blank\" rel=\"noopener\">Grado en Ingenier\u00eda Inform\u00e1tica<\/a><\/li>\n<\/ul>\n<\/div>\n<\/td>\n<\/tr>\n<tr>\n<td width=\"416\">\n<div align=\"left\">\n<ul style=\"list-style-type: square;\">\n<li><a href=\"https:\/\/www.uhu.es\/etsi\/informacion-academica\/informacion-comun-todos-los-titulos\/guias-docentes\/guias-docentes-2017-2018\/listado-guias\/?grado=3&#038;curso=2017\" target=\"_blank\" rel=\"noopener\">Grado de Ingenier\u00eda en Explotaci\u00f3n de Minas y Recursos Energ\u00e9ticos<\/a><\/li>\n<\/ul>\n<\/div>\n<\/td>\n<\/tr>\n<tr>\n<td width=\"416\">\n<div align=\"left\">\n<ul style=\"list-style-type: square;\">\n<li><a href=\"https:\/\/www.uhu.es\/etsi\/informacion-academica\/informacion-comun-todos-los-titulos\/guias-docentes\/guias-docentes-2017-2018\/listado-guias\/?grado=4&#038;curso=2017\" target=\"_blank\" rel=\"noopener\">Grado en Ingenier\u00eda El\u00e9ctrica<\/a><\/li>\n<\/ul>\n<\/div>\n<\/td>\n<\/tr>\n<tr>\n<td width=\"416\">\n<div align=\"left\">\n<ul style=\"list-style-type: square;\">\n<li><a href=\"https:\/\/www.uhu.es\/etsi\/informacion-academica\/informacion-comun-todos-los-titulos\/guias-docentes\/guias-docentes-2017-2018\/listado-guias\/?grado=5&#038;curso=2017\" target=\"_blank\" rel=\"noopener\">Grado en Ingenier\u00eda Electr\u00f3nica Industrial<\/a><\/li>\n<\/ul>\n<\/div>\n<\/td>\n<\/tr>\n<tr>\n<td width=\"416\">\n<div align=\"left\">\n<ul style=\"list-style-type: square;\">\n<li><a href=\"https:\/\/www.uhu.es\/etsi\/informacion-academica\/informacion-comun-todos-los-titulos\/guias-docentes\/guias-docentes-2017-2018\/listado-guias\/?grado=6&#038;curso=2017\" target=\"_blank\" rel=\"noopener\">Grado en Ingenier\u00eda Forestal y del Medio Natural<\/a><\/li>\n<\/ul>\n<\/div>\n<\/td>\n<\/tr>\n<tr>\n<td width=\"416\">\n<div align=\"left\">\n<ul style=\"list-style-type: square;\">\n<li><a href=\"https:\/\/www.uhu.es\/etsi\/informacion-academica\/informacion-comun-todos-los-titulos\/guias-docentes\/guias-docentes-2017-2018\/listado-guias\/?grado=7&#038;curso=2017\" target=\"_blank\" rel=\"noopener\">Grado en Ingenier\u00eda Mec\u00e1nica<\/a><\/li>\n<\/ul>\n<\/div>\n<\/td>\n<\/tr>\n<tr>\n<td width=\"416\">\n<div align=\"left\">\n<ul style=\"list-style-type: square;\">\n<li><a href=\"https:\/\/www.uhu.es\/etsi\/informacion-academica\/informacion-comun-todos-los-titulos\/guias-docentes\/guias-docentes-2017-2018\/listado-guias\/?grado=8&#038;curso=2017\" target=\"_blank\" rel=\"noopener\">Grado en Ingenier\u00eda Qu\u00edmica Industrial<\/a><\/li>\n<\/ul>\n<\/div>\n<\/td>\n<\/tr>\n<tr>\n<td width=\"416\">\n<div align=\"left\">\n<ul style=\"list-style-type: square;\">\n<li><a href=\"https:\/\/www.uhu.es\/etsi\/informacion-academica\/informacion-comun-todos-los-titulos\/guias-docentes\/guias-docentes-2017-2018\/listado-guias\/?grado=9&#038;curso=2017\" target=\"_blank\" rel=\"noopener\">Grado en Ingenier\u00eda Energ\u00e9tica<\/a><\/li>\n<\/ul>\n<\/div>\n<\/td>\n<\/tr>\n<tr>\n<td width=\"416\">\n<div align=\"left\">\n<ul style=\"list-style-type: square;\">\n<li><a href=\"https:\/\/www.uhu.es\/etsi\/informacion-academica\/informacion-comun-todos-los-titulos\/guias-docentes\/guias-docentes-2017-2018\/listado-guias\/?grado=17&#038;curso=2017\" target=\"_blank\" rel=\"noopener\">Doble Grado en Ingenier\u00eda El\u00e9ctrica e Ingenier\u00eda Energ\u00e9tica<\/a><\/li>\n<\/ul>\n<\/div>\n<\/td>\n<\/tr>\n<tr>\n<td width=\"416\">\n<div align=\"left\">\n<ul style=\"list-style-type: square;\">\n<li><a href=\"https:\/\/www.uhu.es\/etsi\/informacion-academica\/informacion-comun-todos-los-titulos\/guias-docentes\/guias-docentes-2017-2018\/listado-guias\/?grado=18&#038;curso=2017\" target=\"_blank\" rel=\"noopener\">Doble Grado en Ingenier\u00eda Electr\u00f3nica Industrial e Ingenier\u00eda Mec\u00e1nica<\/a><\/li>\n<\/ul>\n<\/div>\n<\/td>\n<\/tr>\n<tr>\n<td width=\"416\">\n<div align=\"left\">\n<ul style=\"list-style-type: square;\">\n<li><a href=\"https:\/\/www.uhu.es\/etsi\/informacion-academica\/informacion-comun-todos-los-titulos\/guias-docentes\/guias-docentes-2017-2018\/listado-guias\/?grado=19&#038;curso=2017\" target=\"_blank\" rel=\"noopener\">Doble Grado en Ciencias Ambientales e Ingenier\u00eda Forestal y del Medio Natural <\/a><\/li>\n<\/ul>\n<\/div>\n<\/td>\n<\/tr>\n<\/div> <!-- end .x-accordion-inner --><\/div> <!-- end .x-accordion-body --><\/div> <!-- end .x-accordion-group -->\n<div id=\"my-accordion\" class=\"x-accordion\" ><\/div> <div  class=\"x-accordion-group\" ><div class=\"x-accordion-heading\"><a class=\"x-accordion-toggle collapsed\" data-toggle=\"collapse\" data-parent=\"#my-accordion\" href=\"#collapse-2\">T\u00edtulos de M\u00e1ster<\/a><\/div> <!-- end .x-accordion-heading --><div id=\"collapse-2\" class=\"accordion-body collapse\"><div class=\"x-accordion-inner\">\n<tr>\n<td width=\"416\">\n<div align=\"left\">\n<ul style=\"list-style-type: square;\">\n<li><a href=\"https:\/\/www.uhu.es\/etsi\/informacion-academica\/informacion-comun-todos-los-titulos\/guias-docentes\/guias-docentes-2017-2018\/listado-guias\/?grado=20&#038;curso=2017\" target=\"_blank\" rel=\"noopener\">M\u00e1ster Oficial en Ingenier\u00eda Industrial <\/a><\/li>\n<\/ul>\n<\/div>\n<\/td>\n<\/tr>\n<tr>\n<td width=\"416\">\n<div align=\"left\">\n<ul style=\"list-style-type: square;\">\n<li><a href=\"https:\/\/www.uhu.es\/etsi\/informacion-academica\/informacion-comun-todos-los-titulos\/guias-docentes\/guias-docentes-2017-2018\/listado-guias\/?grado=21&#038;curso=2017\" target=\"_blank\" rel=\"noopener\">M\u00e1ster Oficial en Ingenier\u00eda Inform\u00e1tica <\/a><\/li>\n<\/ul>\n<\/div>\n<\/td>\n<\/tr>\n<tr>\n<td width=\"416\">\n<div align=\"left\">\n<ul style=\"list-style-type: square;\">\n<li><a href=\"https:\/\/www.uhu.es\/etsi\/informacion-academica\/informacion-comun-todos-los-titulos\/guias-docentes\/guias-docentes-2017-2018\/listado-guias\/?grado=22&#038;curso=2017\" target=\"_blank\" rel=\"noopener\">M\u00e1ster Oficial en Ingenier\u00eda Qu\u00edmica <\/a><\/li>\n<\/ul>\n<\/div>\n<\/td>\n<\/tr>\n<tr>\n<td width=\"416\">\n<div align=\"left\">\n<ul style=\"list-style-type: square;\">\n<li><a href=\"https:\/\/www.uhu.es\/etsi\/informacion-academica\/informacion-comun-todos-los-titulos\/guias-docentes\/guias-docentes-2017-2018\/listado-guias\/?grado=23&#038;curso=2017\" target=\"_blank\" rel=\"noopener\">M\u00e1ster Oficial en Ingenier\u00eda de Montes <\/a><\/li>\n<\/ul>\n<\/div>\n<\/td>\n<\/tr>\n<tr>\n<td width=\"416\">\n<div align=\"left\">\n<ul style=\"list-style-type: square;\">\n<li><a href=\"https:\/\/www.uhu.es\/etsi\/informacion-academica\/informacion-comun-todos-los-titulos\/guias-docentes\/guias-docentes-2017-2018\/listado-guias\/?grado=24&#038;curso=2017\" target=\"_blank\" rel=\"noopener\">M\u00e1ster Oficial en Ingenier\u00eda de Minas <\/a><\/li>\n<\/ul>\n<\/div>\n<\/td>\n<\/tr>\n<\/div> <!-- end .x-accordion-inner --><\/div> <!-- end .x-accordion-body --><\/div> <!-- end .x-accordion-group --> <\/p>\n","protected":false},"excerpt":{"rendered":"T\u00edtulos de Grado T\u00edtulos de M\u00e1ster","protected":false},"author":7,"featured_media":0,"parent":6958,"menu_order":0,"comment_status":"closed","ping_status":"closed","template":"template-layout-full-width.php","meta":[],"yoast_head":"<!-- This site is optimized with the Yoast SEO plugin v20.2.1 - https:\/\/yoast.com\/wordpress\/plugins\/seo\/ -->\n<title>Gu\u00edas Docentes - Curso 2017-2018 - ETSI, UHU<\/title>\n<meta name=\"robots\" content=\"index, follow, max-snippet:-1, max-image-preview:large, max-video-preview:-1\" \/>\n<link rel=\"canonical\" href=\"https:\/\/www.uhu.es\/etsi\/informacion-academica\/informacion-comun-todos-los-titulos\/guias-docentes\/guias-docentes-2017-2018\/\" \/>\n<meta property=\"og:locale\" content=\"es_ES\" \/>\n<meta property=\"og:type\" content=\"article\" \/>\n<meta property=\"og:title\" content=\"Gu\u00edas Docentes - Curso 2017-2018 - ETSI, UHU\" \/>\n<meta property=\"og:url\" content=\"https:\/\/www.uhu.es\/etsi\/informacion-academica\/informacion-comun-todos-los-titulos\/guias-docentes\/guias-docentes-2017-2018\/\" \/>\n<meta property=\"og:site_name\" content=\"ETSI, UHU\" \/>\n<meta property=\"article:modified_time\" content=\"2023-03-10T11:10:23+00:00\" \/>\n<meta name=\"twitter:label1\" content=\"Est. reading time\" \/>\n\t<meta name=\"twitter:data1\" content=\"1 minute\" \/>\n<script type=\"application\/ld+json\" class=\"yoast-schema-graph\">{\"@context\":\"https:\/\/schema.org\",\"@graph\":[{\"@type\":\"WebPage\",\"@id\":\"https:\/\/www.uhu.es\/etsi\/informacion-academica\/informacion-comun-todos-los-titulos\/guias-docentes\/guias-docentes-2017-2018\/\",\"url\":\"https:\/\/www.uhu.es\/etsi\/informacion-academica\/informacion-comun-todos-los-titulos\/guias-docentes\/guias-docentes-2017-2018\/\",\"name\":\"Gu\u00edas Docentes - Curso 2017-2018 - ETSI, UHU\",\"isPartOf\":{\"@id\":\"https:\/\/www.uhu.es\/etsi\/#website\"},\"datePublished\":\"2017-07-21T10:14:23+00:00\",\"dateModified\":\"2023-03-10T11:10:23+00:00\",\"breadcrumb\":{\"@id\":\"https:\/\/www.uhu.es\/etsi\/informacion-academica\/informacion-comun-todos-los-titulos\/guias-docentes\/guias-docentes-2017-2018\/#breadcrumb\"},\"inLanguage\":\"es-ES\",\"potentialAction\":[{\"@type\":\"ReadAction\",\"target\":[\"https:\/\/www.uhu.es\/etsi\/informacion-academica\/informacion-comun-todos-los-titulos\/guias-docentes\/guias-docentes-2017-2018\/\"]}]},{\"@type\":\"BreadcrumbList\",\"@id\":\"https:\/\/www.uhu.es\/etsi\/informacion-academica\/informacion-comun-todos-los-titulos\/guias-docentes\/guias-docentes-2017-2018\/#breadcrumb\",\"itemListElement\":[{\"@type\":\"ListItem\",\"position\":1,\"name\":\"Portada\",\"item\":\"https:\/\/www.uhu.es\/etsi\/\"},{\"@type\":\"ListItem\",\"position\":2,\"name\":\"Informaci\u00f3n Acad\u00e9mica\",\"item\":\"https:\/\/www.uhu.es\/etsi\/informacion-academica\/\"},{\"@type\":\"ListItem\",\"position\":3,\"name\":\"Informaci\u00f3n Com\u00fan a todos los T\u00edtulos\",\"item\":\"https:\/\/www.uhu.es\/etsi\/informacion-academica\/informacion-comun-todos-los-titulos\/\"},{\"@type\":\"ListItem\",\"position\":4,\"name\":\"Gu\u00edas Docentes\",\"item\":\"https:\/\/www.uhu.es\/etsi\/informacion-academica\/informacion-comun-todos-los-titulos\/guias-docentes\/\"},{\"@type\":\"ListItem\",\"position\":5,\"name\":\"Gu\u00edas Docentes &#8212; Curso 2017-2018\"}]},{\"@type\":\"WebSite\",\"@id\":\"https:\/\/www.uhu.es\/etsi\/#website\",\"url\":\"https:\/\/www.uhu.es\/etsi\/\",\"name\":\"ETSI, UHU\",\"description\":\"Escuela T\u00e9cnica Superior de  Ingenier\u00eda de la Universidad de Huelva\",\"publisher\":{\"@id\":\"https:\/\/www.uhu.es\/etsi\/#organization\"},\"potentialAction\":[{\"@type\":\"SearchAction\",\"target\":{\"@type\":\"EntryPoint\",\"urlTemplate\":\"https:\/\/www.uhu.es\/etsi\/?s={search_term_string}\"},\"query-input\":\"required name=search_term_string\"}],\"inLanguage\":\"es-ES\"},{\"@type\":\"Organization\",\"@id\":\"https:\/\/www.uhu.es\/etsi\/#organization\",\"name\":\"UHU ETSI\",\"url\":\"https:\/\/www.uhu.es\/etsi\/\",\"logo\":{\"@type\":\"ImageObject\",\"inLanguage\":\"es-ES\",\"@id\":\"https:\/\/www.uhu.es\/etsi\/#\/schema\/logo\/image\/\",\"url\":\"http:\/\/www.uhu.es\/etsi\/wp-content\/uploads\/2016\/02\/membrete_ETSI.jpg\",\"contentUrl\":\"http:\/\/www.uhu.es\/etsi\/wp-content\/uploads\/2016\/02\/membrete_ETSI.jpg\",\"width\":423,\"height\":81,\"caption\":\"UHU ETSI\"},\"image\":{\"@id\":\"https:\/\/www.uhu.es\/etsi\/#\/schema\/logo\/image\/\"}}]}<\/script>\n<!-- \/ Yoast SEO plugin. -->","yoast_head_json":{"title":"Gu\u00edas Docentes - Curso 2017-2018 - ETSI, UHU","robots":{"index":"index","follow":"follow","max-snippet":"max-snippet:-1","max-image-preview":"max-image-preview:large","max-video-preview":"max-video-preview:-1"},"canonical":"https:\/\/www.uhu.es\/etsi\/informacion-academica\/informacion-comun-todos-los-titulos\/guias-docentes\/guias-docentes-2017-2018\/","og_locale":"es_ES","og_type":"article","og_title":"Gu\u00edas Docentes - Curso 2017-2018 - ETSI, UHU","og_url":"https:\/\/www.uhu.es\/etsi\/informacion-academica\/informacion-comun-todos-los-titulos\/guias-docentes\/guias-docentes-2017-2018\/","og_site_name":"ETSI, UHU","article_modified_time":"2023-03-10T11:10:23+00:00","twitter_misc":{"Est. reading time":"1 minute"},"schema":{"@context":"https:\/\/schema.org","@graph":[{"@type":"WebPage","@id":"https:\/\/www.uhu.es\/etsi\/informacion-academica\/informacion-comun-todos-los-titulos\/guias-docentes\/guias-docentes-2017-2018\/","url":"https:\/\/www.uhu.es\/etsi\/informacion-academica\/informacion-comun-todos-los-titulos\/guias-docentes\/guias-docentes-2017-2018\/","name":"Gu\u00edas Docentes - Curso 2017-2018 - ETSI, UHU","isPartOf":{"@id":"https:\/\/www.uhu.es\/etsi\/#website"},"datePublished":"2017-07-21T10:14:23+00:00","dateModified":"2023-03-10T11:10:23+00:00","breadcrumb":{"@id":"https:\/\/www.uhu.es\/etsi\/informacion-academica\/informacion-comun-todos-los-titulos\/guias-docentes\/guias-docentes-2017-2018\/#breadcrumb"},"inLanguage":"es-ES","potentialAction":[{"@type":"ReadAction","target":["https:\/\/www.uhu.es\/etsi\/informacion-academica\/informacion-comun-todos-los-titulos\/guias-docentes\/guias-docentes-2017-2018\/"]}]},{"@type":"BreadcrumbList","@id":"https:\/\/www.uhu.es\/etsi\/informacion-academica\/informacion-comun-todos-los-titulos\/guias-docentes\/guias-docentes-2017-2018\/#breadcrumb","itemListElement":[{"@type":"ListItem","position":1,"name":"Portada","item":"https:\/\/www.uhu.es\/etsi\/"},{"@type":"ListItem","position":2,"name":"Informaci\u00f3n Acad\u00e9mica","item":"https:\/\/www.uhu.es\/etsi\/informacion-academica\/"},{"@type":"ListItem","position":3,"name":"Informaci\u00f3n Com\u00fan a todos los T\u00edtulos","item":"https:\/\/www.uhu.es\/etsi\/informacion-academica\/informacion-comun-todos-los-titulos\/"},{"@type":"ListItem","position":4,"name":"Gu\u00edas Docentes","item":"https:\/\/www.uhu.es\/etsi\/informacion-academica\/informacion-comun-todos-los-titulos\/guias-docentes\/"},{"@type":"ListItem","position":5,"name":"Gu\u00edas Docentes &#8212; Curso 2017-2018"}]},{"@type":"WebSite","@id":"https:\/\/www.uhu.es\/etsi\/#website","url":"https:\/\/www.uhu.es\/etsi\/","name":"ETSI, UHU","description":"Escuela T\u00e9cnica Superior de  Ingenier\u00eda de la Universidad de Huelva","publisher":{"@id":"https:\/\/www.uhu.es\/etsi\/#organization"},"potentialAction":[{"@type":"SearchAction","target":{"@type":"EntryPoint","urlTemplate":"https:\/\/www.uhu.es\/etsi\/?s={search_term_string}"},"query-input":"required name=search_term_string"}],"inLanguage":"es-ES"},{"@type":"Organization","@id":"https:\/\/www.uhu.es\/etsi\/#organization","name":"UHU ETSI","url":"https:\/\/www.uhu.es\/etsi\/","logo":{"@type":"ImageObject","inLanguage":"es-ES","@id":"https:\/\/www.uhu.es\/etsi\/#\/schema\/logo\/image\/","url":"http:\/\/www.uhu.es\/etsi\/wp-content\/uploads\/2016\/02\/membrete_ETSI.jpg","contentUrl":"http:\/\/www.uhu.es\/etsi\/wp-content\/uploads\/2016\/02\/membrete_ETSI.jpg","width":423,"height":81,"caption":"UHU ETSI"},"image":{"@id":"https:\/\/www.uhu.es\/etsi\/#\/schema\/logo\/image\/"}}]}},"_links":{"self":[{"href":"https:\/\/www.uhu.es\/etsi\/wp-json\/wp\/v2\/pages\/14335"}],"collection":[{"href":"https:\/\/www.uhu.es\/etsi\/wp-json\/wp\/v2\/pages"}],"about":[{"href":"https:\/\/www.uhu.es\/etsi\/wp-json\/wp\/v2\/types\/page"}],"author":[{"embeddable":true,"href":"https:\/\/www.uhu.es\/etsi\/wp-json\/wp\/v2\/users\/7"}],"replies":[{"embeddable":true,"href":"https:\/\/www.uhu.es\/etsi\/wp-json\/wp\/v2\/comments?post=14335"}],"version-history":[{"count":5,"href":"https:\/\/www.uhu.es\/etsi\/wp-json\/wp\/v2\/pages\/14335\/revisions"}],"predecessor-version":[{"id":22855,"href":"https:\/\/www.uhu.es\/etsi\/wp-json\/wp\/v2\/pages\/14335\/revisions\/22855"}],"up":[{"embeddable":true,"href":"https:\/\/www.uhu.es\/etsi\/wp-json\/wp\/v2\/pages\/6958"}],"wp:attachment":[{"href":"https:\/\/www.uhu.es\/etsi\/wp-json\/wp\/v2\/media?parent=14335"}],"curies":[{"name":"wp","href":"https:\/\/api.w.org\/{rel}","templated":true}]}}