{"id":14408,"date":"2017-07-24T13:12:26","date_gmt":"2017-07-24T12:12:26","guid":{"rendered":"http:\/\/www.uhu.es\/etsi\/?page_id=14408"},"modified":"2023-02-07T12:18:12","modified_gmt":"2023-02-07T11:18:12","slug":"horarios-2017-2018","status":"publish","type":"page","link":"https:\/\/www.uhu.es\/etsi\/informacion-academica\/informacion-comun-todos-los-titulos\/horarios-2017-2018\/","title":{"rendered":"Horarios 2017-2018"},"content":{"rendered":"<div  class=\"x-alert x-alert-warning x-alert-block\" >\n<p><strong>AVISO: <\/strong><br \/>\nLos cambios en los grupos reducidos y\/o pr\u00e1cticas deben gestionarse directamente con el profesorado de la asignatura.<\/p>\n<\/div>\n<p><!-- COMENTADO\n[alert type=\"warning\"]\n<strong>AVISO: <\/strong>\n<a href=\"https:\/\/www.uhu.es\/etsi\/Horarios_GR_1718\/aulas_grupos_reducidos_grado_master.7z\" target=\"_blank\" rel=\"noopener\">Pincha aqu\u00ed para ver la actualizaci\u00f3n de las aulas de grupos reducidos del segundo cuatrimestre<\/a>\n[\/alert]\n--><\/p>\n<div  class=\"x-accordion-group\" ><div class=\"x-accordion-heading\"><a class=\"x-accordion-toggle collapsed\" data-toggle=\"collapse\" data-parent=\"#my-accordion\" href=\"#collapse-1\">T\u00edtulos de Grado<\/a><\/div> <!-- end .x-accordion-heading --><div id=\"collapse-1\" class=\"accordion-body collapse\"><div class=\"x-accordion-inner\">\n<div  class=\"x-alert x-alert-info x-alert-block\" >\n<p><strong>NOTA: <\/strong><\/p>\n<p>Para conocer el horario de aquellas asignaturas que no aparezcan en el Horario de grupos Reducidos\/Pr\u00e1cticas, debe ponerse en contacto con el profesor\/coordinador correspondiente.<\/p>\n<p>Para dobles titulaciones, se debe consultar los horarios de aquellas titulaciones que las componen.<\/p>\n<\/div>\n<table>\n<tbody>\n<tr>\n<td><strong>Titulaci\u00f3n<\/strong><\/td>\n<td style=\"text-align: center;\"><strong>Teor\u00eda<\/strong><\/td>\n<td style=\"text-align: center;\"><strong>Pr\u00e1cticas\/Grupos Reducidos<\/strong><\/td>\n<\/tr>\n<tr>\n<td>\n<ul>\n<li><strong>Grado en Ingenier\u00eda Agr\u00edcola<\/strong><\/li>\n<\/ul>\n<\/td>\n<td style=\"text-align: center;\"><a href=\"https:\/\/www.uhu.es\/etsi\/InformacionAcademica\/17-18\/HorarioClases\/horario_agricola.pdf\" target=\"_blank\" rel=\"noopener\">Descargar<\/a><\/td>\n<td style=\"text-align: center;\">\u00a0<a href=\" https:\/\/www.uhu.es\/etsi\/informacion-academica\/informacion-comun-todos-los-titulos\/horarios-2\/horarios-de-grupos-reducidos-1718\/?tit=1\">Descargar<\/a><\/td>\n<\/tr>\n<tr>\n<td>\n<ul>\n<li><strong>Grado de Ingenier\u00eda en Explotaci\u00f3n de Minas y Recursos Energ\u00e9ticos<\/strong><\/li>\n<\/ul>\n<\/td>\n<td style=\"text-align: center;\"><a href=\"https:\/\/www.uhu.es\/etsi\/InformacionAcademica\/17-18\/HorarioClases\/horario_minas.pdf\" target=\"_blank\" rel=\"noopener\">Descargar<\/a><\/td>\n<td style=\"text-align: center;\"><a href=\" https:\/\/www.uhu.es\/etsi\/informacion-academica\/informacion-comun-todos-los-titulos\/horarios-2\/horarios-de-grupos-reducidos-1718\/?tit=3\">Descargar<\/a><\/td>\n<\/tr>\n<tr>\n<td>\n<ul>\n<li><strong>Grado en Ingenier\u00eda Inform\u00e1tica<\/strong><\/li>\n<\/ul>\n<\/td>\n<td style=\"text-align: center;\"><a href=\"https:\/\/www.uhu.es\/etsi\/InformacionAcademica\/17-18\/HorarioClases\/horario_informatica.pdf\" target=\"_blank\" rel=\"noopener\">Descargar<\/a><\/td>\n<td style=\"text-align: center;\"><a href=\" https:\/\/www.uhu.es\/etsi\/informacion-academica\/informacion-comun-todos-los-titulos\/horarios-2\/horarios-de-grupos-reducidos-1718\/?tit=2\">Descargar<\/a><\/td>\n<\/tr>\n<tr>\n<td>\n<ul>\n<li><strong>Grado en Ingenier\u00eda Forestal y del Medio Natural<\/strong><\/li>\n<\/ul>\n<\/td>\n<td style=\"text-align: center;\"><a href=\"https:\/\/www.uhu.es\/etsi\/InformacionAcademica\/17-18\/HorarioClases\/horario_forestal.pdf\">Descargar<\/a><\/td>\n<td style=\"text-align: center;\"><a href=\" https:\/\/www.uhu.es\/etsi\/informacion-academica\/informacion-comun-todos-los-titulos\/horarios-2\/horarios-de-grupos-reducidos-1718\/?tit=6\">Descargar<\/a><\/td>\n<\/tr>\n<tr>\n<td>\n<ul>\n<li><strong>Grado en Ingenier\u00eda El\u00e9ctrica<\/strong><\/li>\n<\/ul>\n<\/td>\n<td style=\"text-align: center;\"><a href=\"https:\/\/www.uhu.es\/etsi\/InformacionAcademica\/17-18\/HorarioClases\/horario_electrica.pdf\" target=\"_blank\" rel=\"noopener\">Descargar<\/a><\/td>\n<td style=\"text-align: center;\"><a href=\" https:\/\/www.uhu.es\/etsi\/informacion-academica\/informacion-comun-todos-los-titulos\/horarios-2\/horarios-de-grupos-reducidos-1718\/?tit=4\">Descargar<\/a><\/td>\n<\/tr>\n<tr>\n<td>\n<ul>\n<li><strong>Grado en Ingenier\u00eda Electr\u00f3nica Industrial<\/strong><\/li>\n<\/ul>\n<\/td>\n<td style=\"text-align: center;\"><a href=\"https:\/\/www.uhu.es\/etsi\/InformacionAcademica\/17-18\/HorarioClases\/horario_electronica.pdf\">Descargar<\/a><\/td>\n<td style=\"text-align: center;\"><a href=\" https:\/\/www.uhu.es\/etsi\/informacion-academica\/informacion-comun-todos-los-titulos\/horarios-2\/horarios-de-grupos-reducidos-1718\/?tit=5\">Descargar<\/a><\/td>\n<\/tr>\n<tr>\n<td>\n<ul>\n<li><strong>Grado en Ingenier\u00eda Energ\u00e9tica<\/strong><\/li>\n<\/ul>\n<\/td>\n<td style=\"text-align: center;\"><a href=\"https:\/\/www.uhu.es\/etsi\/InformacionAcademica\/17-18\/HorarioClases\/horario_energetica.pdf\">Descargar<\/a><\/td>\n<td style=\"text-align: center;\"><a href=\" https:\/\/www.uhu.es\/etsi\/informacion-academica\/informacion-comun-todos-los-titulos\/horarios-2\/horarios-de-grupos-reducidos-1718\/?tit=9\">Descargar<\/a><\/td>\n<\/tr>\n<tr>\n<td>\n<ul>\n<li><strong>Grado en Ingenier\u00eda Mec\u00e1nica<\/strong><\/li>\n<\/ul>\n<\/td>\n<td style=\"text-align: center;\"><a href=\"https:\/\/www.uhu.es\/etsi\/InformacionAcademica\/17-18\/HorarioClases\/horario_mecanica.pdf\">Descargar<\/a><\/td>\n<td style=\"text-align: center;\"><a href=\" https:\/\/www.uhu.es\/etsi\/informacion-academica\/informacion-comun-todos-los-titulos\/horarios-2\/horarios-de-grupos-reducidos-1718\/?tit=7\">Descargar<\/a><\/td>\n<\/tr>\n<tr>\n<td>\n<ul>\n<li><strong>Grado en Ingenier\u00eda Qu\u00edmica Industrial<\/strong><\/li>\n<\/ul>\n<\/td>\n<td style=\"text-align: center;\"><a href=\"https:\/\/www.uhu.es\/etsi\/InformacionAcademica\/17-18\/HorarioClases\/horario_quimica.pdf\">Descargar<\/a><\/td>\n<td style=\"text-align: center;\"><a href=\" https:\/\/www.uhu.es\/etsi\/informacion-academica\/informacion-comun-todos-los-titulos\/horarios-2\/horarios-de-grupos-reducidos-1718\/?tit=8\">Descargar<\/a><\/td>\n<\/tr>\n<tr>\n<td>\n<ul style=\"list-style-type: disc;\">\n<li><strong>Doble Grado en Ingenier\u00eda Electr\u00f3nica Industrial e Ingenier\u00eda Mec\u00e1nica<\/strong><\/li>\n<\/ul>\n<\/td>\n<td style=\"text-align: center;\"><a href=\"https:\/\/www.uhu.es\/etsi\/InformacionAcademica\/17-18\/HorarioClases\/doble_horario_electronica_mecanica.pdf\">Descargar<\/a><\/td>\n<td style=\"text-align: center;\">No disponible<\/td>\n<\/tr>\n<tr>\n<td>\n<ul style=\"list-style-type: disc;\">\n<li><strong>Doble Grado en Ingenier\u00eda El\u00e9ctrica e Ingenier\u00eda Energ\u00e9tica<\/strong><\/li>\n<\/ul>\n<\/td>\n<td style=\"text-align: center;\"><a href=\"https:\/\/www.uhu.es\/etsi\/InformacionAcademica\/17-18\/HorarioClases\/doble_horario_electrica_energetica.pdf\">Descargar<\/a><\/td>\n<td style=\"text-align: center;\">No disponible<\/td>\n<\/tr>\n<\/tbody>\n<\/table>\n<\/div> <!-- end .x-accordion-inner --><\/div> <!-- end .x-accordion-body --><\/div> <!-- end .x-accordion-group -->\n<div id=\"my-accordion\" class=\"x-accordion\" > <div  class=\"x-accordion-group\" ><div class=\"x-accordion-heading\"><a class=\"x-accordion-toggle collapsed\" data-toggle=\"collapse\" data-parent=\"#my-accordion\" href=\"#collapse-2\">T\u00edtulos de M\u00e1ster<\/a><\/div> <!-- end .x-accordion-heading --><div id=\"collapse-2\" class=\"accordion-body collapse\"><div class=\"x-accordion-inner\">\n<div  class=\"x-alert x-alert-info x-alert-block\" >\u00a0<strong>NOTA:\u00a0<\/strong>debido a que el M\u00e1ster Interuniversitario en Ingenier\u00eda de Minas se imparte en distintas universidades toda la informaci\u00f3n relacionada con el mismo se encuentra en su\u00a0<a href=\"https:\/\/www.uhu.es\/etsi\/master_ingminas\/index.php\" target=\"_blank\" rel=\"noopener\">p\u00e1gina web<\/a>\u00a0 <\/div>\n<table>\n<tbody>\n<tr>\n<td><strong>Titulaci\u00f3n<\/strong><\/td>\n<td style=\"text-align: center;\">\u00a0<strong>Teor\u00eda<\/strong><\/td>\n<td style=\"text-align: center;\"><strong>Pr\u00e1cticas\/Grupos Reducidos<\/strong><\/td>\n<\/tr>\n<tr>\n<td>\n<ul style=\"text-align: center;\">\n<li style=\"text-align: left;\"><strong>M\u00e1ster en Ingenier\u00eda Qu\u00edmica<\/strong><\/li>\n<\/ul>\n<\/td>\n<td style=\"text-align: center;\">\u00a0<a href=\"https:\/\/www.uhu.es\/etsi\/InformacionAcademica\/17-18\/HorarioClases\/horario_mquimica.pdf\">Descargar<\/a><\/td>\n<td style=\"text-align: center;\"><a href=\" https:\/\/www.uhu.es\/etsi\/informacion-academica\/informacion-comun-todos-los-titulos\/horarios-2\/horarios-de-grupos-reducidos-1718\/?tit=22\">Descargar<\/a><\/td>\n<\/tr>\n<tr>\n<td>\n<ul>\n<li><strong>M\u00e1ster en Ingenier\u00eda Inform\u00e1tica<\/strong><\/li>\n<\/ul>\n<\/td>\n<td style=\"text-align: center;\">\u00a0<a href=\"https:\/\/www.uhu.es\/etsi\/InformacionAcademica\/17-18\/HorarioClases\/horario_minformatica.pdf\">Descargar<\/a><\/td>\n<td style=\"text-align: center;\"><a href=\" https:\/\/www.uhu.es\/etsi\/informacion-academica\/informacion-comun-todos-los-titulos\/horarios-2\/horarios-de-grupos-reducidos-1718\/?tit=21\">Descargar<\/a><\/td>\n<\/tr>\n<tr>\n<td>\n<ul>\n<li><strong>M\u00e1ster en Ingenier\u00eda Industrial<\/strong><\/li>\n<\/ul>\n<\/td>\n<td style=\"text-align: center;\">\u00a0<a href=\"https:\/\/www.uhu.es\/etsi\/InformacionAcademica\/17-18\/HorarioClases\/horario_mindustrial.pdf\">Descargar<\/a><\/td>\n<td style=\"text-align: center;\"><a href=\" https:\/\/www.uhu.es\/etsi\/informacion-academica\/informacion-comun-todos-los-titulos\/horarios-2\/horarios-de-grupos-reducidos-1718\/?tit=20\">Descargar<\/a><\/td>\n<\/tr>\n<tr>\n<td>\n<ul>\n<li><strong>M\u00e1ster en Ingenier\u00eda de Montes<\/strong><\/li>\n<\/ul>\n<\/td>\n<td style=\"text-align: center;\">\u00a0<a href=\"https:\/\/www.uhu.es\/etsi\/InformacionAcademica\/17-18\/HorarioClases\/horario_mmontes.pdf\">Descargar<\/a><\/td>\n<td style=\"text-align: center;\"><a href=\" https:\/\/www.uhu.es\/etsi\/informacion-academica\/informacion-comun-todos-los-titulos\/horarios-2\/horarios-de-grupos-reducidos-1718\/?tit=23\">Descargar<\/a><\/td>\n<\/tr>\n<\/tbody>\n<\/table>\n<\/div> <!-- end .x-accordion-inner --><\/div> <!-- end .x-accordion-body --><\/div> <!-- end .x-accordion-group --><\/div>\n","protected":false},"excerpt":{"rendered":"AVISO: Los cambios en los grupos reducidos y\/o pr\u00e1cticas deben gestionarse directamente con el profesorado de la asignatura. T\u00edtulos de ... <div><a href=\"https:\/\/www.uhu.es\/etsi\/informacion-academica\/informacion-comun-todos-los-titulos\/horarios-2017-2018\/\" class=\"more-link\">Read More<\/a><\/div>","protected":false},"author":7,"featured_media":0,"parent":6951,"menu_order":0,"comment_status":"closed","ping_status":"closed","template":"template-layout-full-width.php","meta":[],"yoast_head":"<!-- This site is optimized with the Yoast SEO plugin v20.2.1 - https:\/\/yoast.com\/wordpress\/plugins\/seo\/ -->\n<title>Horarios 2017-2018 - ETSI, UHU<\/title>\n<meta name=\"robots\" content=\"index, follow, max-snippet:-1, max-image-preview:large, max-video-preview:-1\" \/>\n<link rel=\"canonical\" href=\"https:\/\/www.uhu.es\/etsi\/informacion-academica\/informacion-comun-todos-los-titulos\/horarios-2017-2018\/\" \/>\n<meta property=\"og:locale\" content=\"es_ES\" \/>\n<meta property=\"og:type\" content=\"article\" \/>\n<meta property=\"og:title\" content=\"Horarios 2017-2018 - ETSI, UHU\" \/>\n<meta property=\"og:url\" content=\"https:\/\/www.uhu.es\/etsi\/informacion-academica\/informacion-comun-todos-los-titulos\/horarios-2017-2018\/\" \/>\n<meta property=\"og:site_name\" content=\"ETSI, UHU\" \/>\n<meta property=\"article:modified_time\" content=\"2023-02-07T11:18:12+00:00\" \/>\n<meta name=\"twitter:label1\" content=\"Est. reading time\" \/>\n\t<meta name=\"twitter:data1\" content=\"2 minutes\" \/>\n<script type=\"application\/ld+json\" class=\"yoast-schema-graph\">{\"@context\":\"https:\/\/schema.org\",\"@graph\":[{\"@type\":\"WebPage\",\"@id\":\"https:\/\/www.uhu.es\/etsi\/informacion-academica\/informacion-comun-todos-los-titulos\/horarios-2017-2018\/\",\"url\":\"https:\/\/www.uhu.es\/etsi\/informacion-academica\/informacion-comun-todos-los-titulos\/horarios-2017-2018\/\",\"name\":\"Horarios 2017-2018 - ETSI, UHU\",\"isPartOf\":{\"@id\":\"https:\/\/www.uhu.es\/etsi\/#website\"},\"datePublished\":\"2017-07-24T12:12:26+00:00\",\"dateModified\":\"2023-02-07T11:18:12+00:00\",\"breadcrumb\":{\"@id\":\"https:\/\/www.uhu.es\/etsi\/informacion-academica\/informacion-comun-todos-los-titulos\/horarios-2017-2018\/#breadcrumb\"},\"inLanguage\":\"es-ES\",\"potentialAction\":[{\"@type\":\"ReadAction\",\"target\":[\"https:\/\/www.uhu.es\/etsi\/informacion-academica\/informacion-comun-todos-los-titulos\/horarios-2017-2018\/\"]}]},{\"@type\":\"BreadcrumbList\",\"@id\":\"https:\/\/www.uhu.es\/etsi\/informacion-academica\/informacion-comun-todos-los-titulos\/horarios-2017-2018\/#breadcrumb\",\"itemListElement\":[{\"@type\":\"ListItem\",\"position\":1,\"name\":\"Portada\",\"item\":\"https:\/\/www.uhu.es\/etsi\/\"},{\"@type\":\"ListItem\",\"position\":2,\"name\":\"Informaci\u00f3n Acad\u00e9mica\",\"item\":\"https:\/\/www.uhu.es\/etsi\/informacion-academica\/\"},{\"@type\":\"ListItem\",\"position\":3,\"name\":\"Informaci\u00f3n Com\u00fan a todos los T\u00edtulos\",\"item\":\"https:\/\/www.uhu.es\/etsi\/informacion-academica\/informacion-comun-todos-los-titulos\/\"},{\"@type\":\"ListItem\",\"position\":4,\"name\":\"Horarios 2017-2018\"}]},{\"@type\":\"WebSite\",\"@id\":\"https:\/\/www.uhu.es\/etsi\/#website\",\"url\":\"https:\/\/www.uhu.es\/etsi\/\",\"name\":\"ETSI, UHU\",\"description\":\"Escuela T\u00e9cnica Superior de  Ingenier\u00eda de la Universidad de Huelva\",\"publisher\":{\"@id\":\"https:\/\/www.uhu.es\/etsi\/#organization\"},\"potentialAction\":[{\"@type\":\"SearchAction\",\"target\":{\"@type\":\"EntryPoint\",\"urlTemplate\":\"https:\/\/www.uhu.es\/etsi\/?s={search_term_string}\"},\"query-input\":\"required name=search_term_string\"}],\"inLanguage\":\"es-ES\"},{\"@type\":\"Organization\",\"@id\":\"https:\/\/www.uhu.es\/etsi\/#organization\",\"name\":\"UHU ETSI\",\"url\":\"https:\/\/www.uhu.es\/etsi\/\",\"logo\":{\"@type\":\"ImageObject\",\"inLanguage\":\"es-ES\",\"@id\":\"https:\/\/www.uhu.es\/etsi\/#\/schema\/logo\/image\/\",\"url\":\"http:\/\/www.uhu.es\/etsi\/wp-content\/uploads\/2016\/02\/membrete_ETSI.jpg\",\"contentUrl\":\"http:\/\/www.uhu.es\/etsi\/wp-content\/uploads\/2016\/02\/membrete_ETSI.jpg\",\"width\":423,\"height\":81,\"caption\":\"UHU ETSI\"},\"image\":{\"@id\":\"https:\/\/www.uhu.es\/etsi\/#\/schema\/logo\/image\/\"}}]}<\/script>\n<!-- \/ Yoast SEO plugin. -->","yoast_head_json":{"title":"Horarios 2017-2018 - ETSI, UHU","robots":{"index":"index","follow":"follow","max-snippet":"max-snippet:-1","max-image-preview":"max-image-preview:large","max-video-preview":"max-video-preview:-1"},"canonical":"https:\/\/www.uhu.es\/etsi\/informacion-academica\/informacion-comun-todos-los-titulos\/horarios-2017-2018\/","og_locale":"es_ES","og_type":"article","og_title":"Horarios 2017-2018 - ETSI, UHU","og_url":"https:\/\/www.uhu.es\/etsi\/informacion-academica\/informacion-comun-todos-los-titulos\/horarios-2017-2018\/","og_site_name":"ETSI, UHU","article_modified_time":"2023-02-07T11:18:12+00:00","twitter_misc":{"Est. reading time":"2 minutes"},"schema":{"@context":"https:\/\/schema.org","@graph":[{"@type":"WebPage","@id":"https:\/\/www.uhu.es\/etsi\/informacion-academica\/informacion-comun-todos-los-titulos\/horarios-2017-2018\/","url":"https:\/\/www.uhu.es\/etsi\/informacion-academica\/informacion-comun-todos-los-titulos\/horarios-2017-2018\/","name":"Horarios 2017-2018 - ETSI, UHU","isPartOf":{"@id":"https:\/\/www.uhu.es\/etsi\/#website"},"datePublished":"2017-07-24T12:12:26+00:00","dateModified":"2023-02-07T11:18:12+00:00","breadcrumb":{"@id":"https:\/\/www.uhu.es\/etsi\/informacion-academica\/informacion-comun-todos-los-titulos\/horarios-2017-2018\/#breadcrumb"},"inLanguage":"es-ES","potentialAction":[{"@type":"ReadAction","target":["https:\/\/www.uhu.es\/etsi\/informacion-academica\/informacion-comun-todos-los-titulos\/horarios-2017-2018\/"]}]},{"@type":"BreadcrumbList","@id":"https:\/\/www.uhu.es\/etsi\/informacion-academica\/informacion-comun-todos-los-titulos\/horarios-2017-2018\/#breadcrumb","itemListElement":[{"@type":"ListItem","position":1,"name":"Portada","item":"https:\/\/www.uhu.es\/etsi\/"},{"@type":"ListItem","position":2,"name":"Informaci\u00f3n Acad\u00e9mica","item":"https:\/\/www.uhu.es\/etsi\/informacion-academica\/"},{"@type":"ListItem","position":3,"name":"Informaci\u00f3n Com\u00fan a todos los T\u00edtulos","item":"https:\/\/www.uhu.es\/etsi\/informacion-academica\/informacion-comun-todos-los-titulos\/"},{"@type":"ListItem","position":4,"name":"Horarios 2017-2018"}]},{"@type":"WebSite","@id":"https:\/\/www.uhu.es\/etsi\/#website","url":"https:\/\/www.uhu.es\/etsi\/","name":"ETSI, UHU","description":"Escuela T\u00e9cnica Superior de  Ingenier\u00eda de la Universidad de Huelva","publisher":{"@id":"https:\/\/www.uhu.es\/etsi\/#organization"},"potentialAction":[{"@type":"SearchAction","target":{"@type":"EntryPoint","urlTemplate":"https:\/\/www.uhu.es\/etsi\/?s={search_term_string}"},"query-input":"required name=search_term_string"}],"inLanguage":"es-ES"},{"@type":"Organization","@id":"https:\/\/www.uhu.es\/etsi\/#organization","name":"UHU ETSI","url":"https:\/\/www.uhu.es\/etsi\/","logo":{"@type":"ImageObject","inLanguage":"es-ES","@id":"https:\/\/www.uhu.es\/etsi\/#\/schema\/logo\/image\/","url":"http:\/\/www.uhu.es\/etsi\/wp-content\/uploads\/2016\/02\/membrete_ETSI.jpg","contentUrl":"http:\/\/www.uhu.es\/etsi\/wp-content\/uploads\/2016\/02\/membrete_ETSI.jpg","width":423,"height":81,"caption":"UHU ETSI"},"image":{"@id":"https:\/\/www.uhu.es\/etsi\/#\/schema\/logo\/image\/"}}]}},"_links":{"self":[{"href":"https:\/\/www.uhu.es\/etsi\/wp-json\/wp\/v2\/pages\/14408"}],"collection":[{"href":"https:\/\/www.uhu.es\/etsi\/wp-json\/wp\/v2\/pages"}],"about":[{"href":"https:\/\/www.uhu.es\/etsi\/wp-json\/wp\/v2\/types\/page"}],"author":[{"embeddable":true,"href":"https:\/\/www.uhu.es\/etsi\/wp-json\/wp\/v2\/users\/7"}],"replies":[{"embeddable":true,"href":"https:\/\/www.uhu.es\/etsi\/wp-json\/wp\/v2\/comments?post=14408"}],"version-history":[{"count":22,"href":"https:\/\/www.uhu.es\/etsi\/wp-json\/wp\/v2\/pages\/14408\/revisions"}],"predecessor-version":[{"id":22725,"href":"https:\/\/www.uhu.es\/etsi\/wp-json\/wp\/v2\/pages\/14408\/revisions\/22725"}],"up":[{"embeddable":true,"href":"https:\/\/www.uhu.es\/etsi\/wp-json\/wp\/v2\/pages\/6951"}],"wp:attachment":[{"href":"https:\/\/www.uhu.es\/etsi\/wp-json\/wp\/v2\/media?parent=14408"}],"curies":[{"name":"wp","href":"https:\/\/api.w.org\/{rel}","templated":true}]}}