{"id":14421,"date":"2017-07-25T09:41:43","date_gmt":"2017-07-25T08:41:43","guid":{"rendered":"http:\/\/www.uhu.es\/etsi\/?page_id=14421"},"modified":"2025-09-12T09:30:04","modified_gmt":"2025-09-12T08:30:04","slug":"calendario-academico","status":"publish","type":"page","link":"https:\/\/www.uhu.es\/etsi\/informacion-academica\/informacion-comun-todos-los-titulos\/calendario-academico\/","title":{"rendered":"Calendario Acad\u00e9mico"},"content":{"rendered":"<div id=\"my-accordion\" class=\"x-accordion\" >\n<!--\n&#091;accordion_item parent_id=\"my-accordion\" title=\"Curso Pr\u00f3ximo\" open=\"false\"&#093;\n\n\n&#091;\/accordion_item&#093;\n--><\/p>\n<div  class=\"x-accordion-group\" ><div class=\"x-accordion-heading\"><a class=\"x-accordion-toggle\" data-toggle=\"collapse\" data-parent=\"#my-accordion\" href=\"#collapse-1\">Curso Actual<\/a><\/div> <!-- end .x-accordion-heading --><div id=\"collapse-1\" class=\"accordion-body collapse in\"><div class=\"x-accordion-inner\">\n<p style=\"color: red;\"><strong>CURSO 2025-2026<\/strong><\/p>\n<ul>\n<li><strong>T\u00edtulos de Grados:<\/strong> <a href=\"https:\/\/apppruebaetsi.uhu.es\/simplesaml\/app_gestion_cursos\/C_grado\/xml\/xml_calend_grado.php?year=2025&#038;id=51\"> (Web)<\/a><a href=\"https:\/\/www.uhu.es\/etsi\/InformacionAcademica\/25-26\/Calendario_Academico\/calendario_grados.pdf\"> (Pdf)<\/a><\/li>\n<li><strong>M\u00e1ster en Ingenier\u00eda Industrial: <\/strong><a href=\"https:\/\/apppruebaetsi.uhu.es\/simplesaml\/app_gestion_cursos\/C_grado\/xml\/xml_calend_grado.php?year=2025&#038;id=52\"> (Web)<\/a><a href=\"https:\/\/www.uhu.es\/etsi\/InformacionAcademica\/25-26\/Calendario_Academico\/calendario_master_industrial.pdf\"> (Pdf)<\/a><\/li>\n<li><strong>M\u00e1ster en Ingenier\u00eda Inform\u00e1tica:<\/strong><a href=\" https:\/\/apppruebaetsi.uhu.es\/simplesaml\/app_gestion_cursos\/C_grado\/xml\/xml_calend_grado.php?year=2025&#038;id=53\"> (Web)<\/a><a href=\"https:\/\/www.uhu.es\/etsi\/InformacionAcademica\/25-26\/Calendario_Academico\/calendario_master_informatica.pdf\"> (Pdf)<\/a><\/li>\n<li><strong>M\u00e1ster en Ingenier\u00eda Qu\u00edmica<\/strong><a href=\" https:\/\/apppruebaetsi.uhu.es\/simplesaml\/app_gestion_cursos\/C_grado\/xml\/xml_calend_grado.php?year=2025&#038;id=54\"> (Web)<\/a><a href=\"https:\/\/www.uhu.es\/etsi\/InformacionAcademica\/25-26\/Calendario_Academico\/calendario_master_quimica.pdf\"> (Pdf)<\/a><\/li>\n<li><strong>M\u00e1ster en Ingenier\u00eda de Montes<\/strong><a href=\" https:\/\/apppruebaetsi.uhu.es\/simplesaml\/app_gestion_cursos\/C_grado\/xml\/xml_calend_grado.php?year=2025&#038;id=55\"> (Web)<\/a><a href=\"https:\/\/www.uhu.es\/etsi\/InformacionAcademica\/25-26\/Calendario_Academico\/calendario_master_montes.pdf\"> (Pdf)<\/a><\/li>\n<li><strong>M\u00e1ster en Ingenier\u00eda de Minas <\/strong><a href=\" https:\/\/apppruebaetsi.uhu.es\/simplesaml\/app_gestion_cursos\/C_grado\/xml\/xml_calend_grado.php?year=2025&#038;id=56\" > (Web)<\/a><a href=\"https:\/\/www.uhu.es\/etsi\/InformacionAcademica\/25-26\/Calendario_Academico\/CalendarioMinas.pdf\"> (Pdf)<\/a><\/li>\n<\/ul>\n<\/div> <!-- end .x-accordion-inner --><\/div> <!-- end .x-accordion-body --><\/div> <!-- end .x-accordion-group -->\n<div  class=\"x-accordion-group\" ><div class=\"x-accordion-heading\"><a class=\"x-accordion-toggle collapsed\" data-toggle=\"collapse\" data-parent=\"#my-accordion\" href=\"#collapse-2\">Cursos Anteriores<\/a><\/div> <!-- end .x-accordion-heading --><div id=\"collapse-2\" class=\"accordion-body collapse\"><div class=\"x-accordion-inner\">\n<p style=\"color: red;\"><strong>CURSO 2024-2025<\/strong><\/p>\n<ul>\n<li><strong>T\u00edtulos de Grados:<\/strong> <a href=\" https:\/\/apppruebaetsi.uhu.es\/simplesaml\/app_gestion_cursos\/C_grado\/xml\/xml_calend_grado.php?year=2024&#038;id=45\"> (Web)<\/a><a href=\"https:\/\/www.uhu.es\/etsi\/InformacionAcademica\/24-25\/Calendario_Academico\/calendario_grado.pdf\"> (Pdf)<\/a><\/li>\n<li><strong>M\u00e1ster en Ingenier\u00eda Industrial: <\/strong><a href=\"https:\/\/apppruebaetsi.uhu.es\/simplesaml\/app_gestion_cursos\/C_grado\/xml\/xml_calend_grado.php?year=2024&#038;id=46\"> (Web)<\/a><a href=\"https:\/\/www.uhu.es\/etsi\/InformacionAcademica\/24-25\/Calendario_Academico\/calendario_master_industriales.pdf\"> (Pdf)<\/a><\/li>\n<li><strong>M\u00e1ster en Ingenier\u00eda Inform\u00e1tica:<\/strong><a href=\" https:\/\/apppruebaetsi.uhu.es\/simplesaml\/app_gestion_cursos\/C_grado\/xml\/xml_calend_grado.php?year=2024&#038;id=47\"> (Web)<\/a><a href=\"https:\/\/www.uhu.es\/etsi\/InformacionAcademica\/24-25\/Calendario_Academico\/calendario_master_informatica.pdf\"> (Pdf)<\/a><\/li>\n<li><strong>M\u00e1ster en Ingenier\u00eda de Minas<\/strong><a href=\" https:\/\/apppruebaetsi.uhu.es\/simplesaml\/app_gestion_cursos\/C_grado\/xml\/xml_calend_grado.php?year=2024&#038;id=48\"> (Web)<\/a><a href=\"https:\/\/www.uhu.es\/etsi\/InformacionAcademica\/24-25\/Calendario_Academico\/calendario_master_minas.pdf\"> (Pdf)<\/a><\/li>\n<li><strong>M\u00e1ster en Ingenier\u00eda Qu\u00edmica<\/strong><a href=\" https:\/\/apppruebaetsi.uhu.es\/simplesaml\/app_gestion_cursos\/C_grado\/xml\/xml_calend_grado.php?year=2024&#038;id=50\"> (Web)<\/a><a href=\"https:\/\/www.uhu.es\/etsi\/InformacionAcademica\/24-25\/Calendario_Academico\/calendario_master_quimica.pdf\"> (Pdf)<\/a><\/li>\n<li><strong>M\u00e1ster en Ingenier\u00eda de Montes<\/strong><a href=\" https:\/\/apppruebaetsi.uhu.es\/simplesaml\/app_gestion_cursos\/C_grado\/xml\/xml_calend_grado.php?year=2024&#038;id=49\"> (Web)<\/a><a href=\"https:\/\/www.uhu.es\/etsi\/InformacionAcademica\/24-25\/Calendario_Academico\/calendario_master_montes.pdf\"> (Pdf)<\/a><\/li>\n<\/ul>\n<p style=\"color: red;\"><strong>CURSO 2023-2024<\/strong><\/p>\n<ul>\n<li><strong>T\u00edtulos de Grados:<\/strong> <a href=\" https:\/\/apppruebaetsi.uhu.es\/simplesaml\/app_gestion_cursos\/C_grado\/xml\/xml_calend_grado.php?year=2023&#038;id=39\"> (Web)<\/a><a href=\"https:\/\/www.uhu.es\/etsi\/InformacionAcademica\/23-24\/Calendario_Academico\/Calendario_grados.pdf\"> (Pdf)<\/a><\/li>\n<li><strong>M\u00e1ster en Ingenier\u00eda Industrial: <\/strong><a href=\"https:\/\/apppruebaetsi.uhu.es\/simplesaml\/app_gestion_cursos\/C_grado\/xml\/xml_calend_grado.php?year=2023&#038;id=41\"> (Web)<\/a><a href=\"https:\/\/www.uhu.es\/etsi\/InformacionAcademica\/23-24\/Calendario_Academico\/Calendario_master_industrial.pdf\"> (Pdf)<\/a><\/li>\n<li><strong>M\u00e1ster en Ingenier\u00eda Inform\u00e1tica:<\/strong><a href=\" https:\/\/apppruebaetsi.uhu.es\/simplesaml\/app_gestion_cursos\/C_grado\/xml\/xml_calend_grado.php?year=2023&#038;id=40\"> (Web)<\/a><a href=\"https:\/\/www.uhu.es\/etsi\/InformacionAcademica\/23-24\/Calendario_Academico\/Calendario_master_informatica.pdf\"> (Pdf)<\/a><\/li>\n<li><strong>M\u00e1ster en Ingenier\u00eda de Minas<\/strong><a href=\" https:\/\/apppruebaetsi.uhu.es\/simplesaml\/app_gestion_cursos\/C_grado\/xml\/xml_calend_grado.php?year=2023&#038;id=44\"> (Web)<\/a><a href=\"https:\/\/www.uhu.es\/etsi\/InformacionAcademica\/23-24\/Calendario_Academico\/Calendario_master_minas.pdf\"> (Pdf)<\/a><\/li>\n<li><strong>M\u00e1ster en Ingenier\u00eda Qu\u00edmica<\/strong><a href=\" https:\/\/apppruebaetsi.uhu.es\/simplesaml\/app_gestion_cursos\/C_grado\/xml\/xml_calend_grado.php?year=2023&#038;id=42\"> (Web)<\/a><a href=\"https:\/\/www.uhu.es\/etsi\/InformacionAcademica\/23-24\/Calendario_Academico\/Calendario_master_quimica.pdf\"> (Pdf)<\/a><\/li>\n<li><strong>M\u00e1ster en Ingenier\u00eda de Montes<\/strong><a href=\" https:\/\/apppruebaetsi.uhu.es\/simplesaml\/app_gestion_cursos\/C_grado\/xml\/xml_calend_grado.php?year=2023&#038;id=43\"> (Web)<\/a><a href=\"https:\/\/www.uhu.es\/etsi\/InformacionAcademica\/23-24\/Calendario_Academico\/Calendario_master_montes.pdf\"> (Pdf)<\/a><\/li>\n<\/ul>\n<p style=\"color: red;\"><strong>CURSO 2022-2023<\/strong><\/p>\n<ul>\n<li><strong>T\u00edtulos de Grados:<\/strong> <a href=\"https:\/\/apppruebaetsi.uhu.es\/simplesaml\/app_gestion_cursos\/C_grado\/xml\/xml_calend_grado.php?year=2022&#038;id=31\"> (Web)<\/a><a href=\"https:\/\/www.uhu.es\/etsi\/InformacionAcademica\/22-23\/CalendarioAcademico\/calendario_grados_etsi.pdf\"> (Pdf)<\/a><\/li>\n<li><strong>M\u00e1ster en Ingenier\u00eda Industrial: <\/strong><a href=\"https:\/\/apppruebaetsi.uhu.es\/simplesaml\/app_gestion_cursos\/C_grado\/xml\/xml_calend_grado.php?year=2022&amp;id=34\"> (Web)<\/a><a href=\"https:\/\/www.uhu.es\/etsi\/InformacionAcademica\/22-23\/CalendarioAcademico\/calendario_mindustrial_etsi.pdf\"> (Pdf)<\/a><\/li>\n<li><strong>M\u00e1ster en Ingenier\u00eda Inform\u00e1tica:<\/strong><a href=\"https:\/\/apppruebaetsi.uhu.es\/simplesaml\/app_gestion_cursos\/C_grado\/xml\/xml_calend_grado.php?year=2022&amp;id=32\"> (Web)<\/a><a href=\"https:\/\/www.uhu.es\/etsi\/InformacionAcademica\/22-23\/CalendarioAcademico\/calendario_minformatica_etsi.pdf\"> (Pdf)<\/a><\/li>\n<li><strong>M\u00e1ster en Ingenier\u00eda de Minas<\/strong><a href=\"https:\/\/apppruebaetsi.uhu.es\/simplesaml\/app_gestion_cursos\/C_grado\/xml\/xml_calend_grado.php?year=2022&amp;id=36\"> (Web)<\/a><a href=\"https:\/\/www.uhu.es\/etsi\/InformacionAcademica\/22-23\/CalendarioAcademico\/calendario_mminas_etsi.pdf\"> (Pdf)<\/a><\/li>\n<li><strong>M\u00e1ster en Ingenier\u00eda Qu\u00edmica<\/strong><a href=\"https:\/\/apppruebaetsi.uhu.es\/simplesaml\/app_gestion_cursos\/C_grado\/xml\/xml_calend_grado.php?year=2022&#038;id=33\"> (Web)<\/a><a href=\"https:\/\/www.uhu.es\/etsi\/InformacionAcademica\/22-23\/CalendarioAcademico\/calendario_mquimica_etsi.pdf\"> (Pdf)<\/a><\/li>\n<li><strong>M\u00e1ster en Ingenier\u00eda de Montes<\/strong><a href=\"https:\/\/apppruebaetsi.uhu.es\/simplesaml\/app_gestion_cursos\/C_grado\/xml\/xml_calend_grado.php?year=2022&#038;id=35\"> (Web)<\/a><a href=\"https:\/\/www.uhu.es\/etsi\/InformacionAcademica\/22-23\/CalendarioAcademico\/calendario_mmontes_etsi.pdf\"> (Pdf)<\/a><\/li>\n<\/ul>\n<p style=\"color: red;\"><strong>CURSO 2021-2022<\/strong><\/p>\n<ul>\n<li><strong>T\u00edtulos de Grados:<\/strong> <a href=\"https:\/\/apppruebaetsi.uhu.es\/simplesaml\/app_gestion_cursos\/C_grado\/xml\/xml_calend_grado.php?year=2021&#038;id=25\"> (Web)<\/a><a href=\"https:\/\/www.uhu.es\/etsi\/InformacionAcademica\/21-22\/CalendarioAcademico\/calendario_grado_etsi.pdf\"> (Pdf)<\/a><\/li>\n<li><strong>M\u00e1ster en Ingenier\u00eda Industrial: <\/strong><a href=\"https:\/\/apppruebaetsi.uhu.es\/simplesaml\/app_gestion_cursos\/C_grado\/xml\/xml_calend_grado.php?year=2021&amp;id=26\"> (Web)<\/a><a href=\"https:\/\/www.uhu.es\/etsi\/InformacionAcademica\/21-22\/CalendarioAcademico\/calendario_master_ind_etsi.pdf\"> (Pdf)<\/a><\/li>\n<li><strong>M\u00e1ster en Ingenier\u00eda Inform\u00e1tica:<\/strong><a href=\"https:\/\/apppruebaetsi.uhu.es\/simplesaml\/app_gestion_cursos\/C_grado\/xml\/xml_calend_grado.php?year=2021&amp;id=27\"> (Web)<\/a><a href=\"https:\/\/www.uhu.es\/etsi\/InformacionAcademica\/21-22\/CalendarioAcademico\/calendario_master_informatica_etsi.pdf\"> (Pdf)<\/a><\/li>\n<li><strong>M\u00e1ster en Ingenier\u00eda de Minas<\/strong><a href=\"https:\/\/apppruebaetsi.uhu.es\/simplesaml\/app_gestion_cursos\/C_grado\/xml\/xml_calend_grado.php?year=2021&amp;id=30\"> (Web)<\/a><a href=\"https:\/\/www.uhu.es\/etsi\/InformacionAcademica\/21-22\/CalendarioAcademico\/calendario_master_minas_etsi.pdf\"> (Pdf)<\/a><\/li>\n<li><strong>M\u00e1ster en Ingenier\u00eda Qu\u00edmica<\/strong><a href=\"https:\/\/apppruebaetsi.uhu.es\/simplesaml\/app_gestion_cursos\/C_grado\/xml\/xml_calend_grado.php?year=2021&#038;id=28\"> (Web)<\/a><a href=\"https:\/\/www.uhu.es\/etsi\/InformacionAcademica\/21-22\/CalendarioAcademico\/calendario_master_quimica_etsi.pdf\"> (Pdf)<\/a><\/li>\n<li><strong>M\u00e1ster en Ingenier\u00eda de Montes<\/strong><a href=\"https:\/\/apppruebaetsi.uhu.es\/simplesaml\/app_gestion_cursos\/C_grado\/xml\/xml_calend_grado.php?year=2021&#038;id=29\"> (Web)<\/a><a href=\"https:\/\/www.uhu.es\/etsi\/InformacionAcademica\/21-22\/CalendarioAcademico\/calendario_master_montes_etsi.pdf\"> (Pdf)<\/a><\/li>\n<\/ul>\n<p style=\"color: red;\"><strong>CURSO 2020-2021<\/strong><\/p>\n<ul>\n<li><strong>T\u00edtulos de Grados:<\/strong> <a href=\"https:\/\/apppruebaetsi.uhu.es\/simplesaml\/app_gestion_cursos\/C_grado\/xml\/xml_calend_grado.php?year=2020&#038;id=19\"> (Web)<\/a><a href=\"https:\/\/www.uhu.es\/etsi\/InformacionAcademica\/20-21\/CalendarioAcademico\/calendario_grado_etsi.pdf\"> (Pdf)<\/a><\/li>\n<li><strong>M\u00e1ster en Ingenier\u00eda Industrial: <\/strong><a href=\"https:\/\/apppruebaetsi.uhu.es\/simplesaml\/app_gestion_cursos\/C_grado\/xml\/xml_calend_grado.php?year=2020&amp;id=20\"> (Web)<\/a><a href=\"https:\/\/www.uhu.es\/etsi\/InformacionAcademica\/20-21\/CalendarioAcademico\/calendario_master_ind_etsi.pdf\"> (Pdf)<\/a><\/li>\n<li><strong>M\u00e1ster en Ingenier\u00eda Inform\u00e1tica:<\/strong><a href=\"https:\/\/apppruebaetsi.uhu.es\/simplesaml\/app_gestion_cursos\/C_grado\/xml\/xml_calend_grado.php?year=2020&amp;id=22\"> (Web)<\/a><a href=\"https:\/\/www.uhu.es\/etsi\/InformacionAcademica\/20-21\/CalendarioAcademico\/calendario_master_informatica_etsi.pdf\"> (Pdf)<\/a><\/li>\n<li><strong>M\u00e1ster en Ingenier\u00eda de Minas<\/strong><a href=\"https:\/\/apppruebaetsi.uhu.es\/simplesaml\/app_gestion_cursos\/C_grado\/xml\/xml_calend_grado.php?year=2020&amp;id=21\"> (Web)<\/a><a href=\"https:\/\/www.uhu.es\/etsi\/InformacionAcademica\/20-21\/CalendarioAcademico\/calendario_master_minas_etsi.pdf\"> (Pdf)<\/a><\/li>\n<li><strong>M\u00e1ster en Ingenier\u00eda Qu\u00edmica<\/strong><a href=\"https:\/\/apppruebaetsi.uhu.es\/simplesaml\/app_gestion_cursos\/C_grado\/xml\/xml_calend_grado.php?year=2020&#038;id=23\"> (Web)<\/a><a href=\"https:\/\/www.uhu.es\/etsi\/InformacionAcademica\/20-21\/CalendarioAcademico\/calendario_master_quimica_etsi.pdf\"> (Pdf)<\/a><\/li>\n<li><strong>M\u00e1ster en Ingenier\u00eda de Montes<\/strong><a href=\"https:\/\/apppruebaetsi.uhu.es\/simplesaml\/app_gestion_cursos\/C_grado\/xml\/xml_calend_grado.php?year=2020&#038;id=24\"> (Web)<\/a><a href=\"https:\/\/www.uhu.es\/etsi\/InformacionAcademica\/20-21\/CalendarioAcademico\/calendario_master_montes_etsi.pdf\"> (Pdf)<\/a><\/li>\n<\/ul>\n<p style=\"color: red;\"><strong>CURSO 2019-2020<\/strong><\/p>\n<ul>\n<li><strong>T\u00edtulos de Grado<\/strong> <a href=\"https:\/\/apppruebaetsi.uhu.es\/simplesaml\/app_gestion_cursos\/C_grado\/xml\/xml_calend_grado.php?year=2019&amp;id=13\"> (Web)<\/a><a href=\"https:\/\/www.uhu.es\/etsi\/InformacionAcademica\/19-20\/CalendarioAcademico\/calendario_grado.pdf\"> (Pdf)<\/a><\/li>\n<li><strong>M\u00e1ster en Ingenier\u00eda Industrial: <\/strong><a href=\"https:\/\/apppruebaetsi.uhu.es\/simplesaml\/app_gestion_cursos\/C_grado\/xml\/xml_calend_grado.php?year=2019&amp;id=15\"> (Web)<\/a><a href=\"https:\/\/www.uhu.es\/etsi\/InformacionAcademica\/19-20\/CalendarioAcademico\/calendario_mindustrial_mmontes.pdf\"> (Pdf)<\/a><\/li>\n<li><strong>M\u00e1ster en Ingenier\u00eda Inform\u00e1tica:<\/strong><a href=\"https:\/\/apppruebaetsi.uhu.es\/simplesaml\/app_gestion_cursos\/C_grado\/xml\/xml_calend_grado.php?year=2019&amp;id=16\"> (Web)<\/a><a href=\"https:\/\/www.uhu.es\/etsi\/InformacionAcademica\/19-20\/CalendarioAcademico\/calendario_minformatica.pdf\"> (Pdf)<\/a><\/li>\n<li><strong>M\u00e1ster en Ingenier\u00eda de Minas<\/strong><a href=\"https:\/\/apppruebaetsi.uhu.es\/simplesaml\/app_gestion_cursos\/C_grado\/xml\/xml_calend_grado.php?year=2019&amp;id=17\"> (Web)<\/a><a href=\"https:\/\/www.uhu.es\/etsi\/InformacionAcademica\/19-20\/CalendarioAcademico\/calendario_mminas.pdf\"> (Pdf)<\/a><\/li>\n<li><strong>M\u00e1ster en Ingenier\u00eda Qu\u00edmica<\/strong><a href=\"https:\/\/apppruebaetsi.uhu.es\/simplesaml\/app_gestion_cursos\/C_grado\/xml\/xml_calend_grado.php?year=2019&#038;id=18\"> (Web)<\/a><a href=\"https:\/\/www.uhu.es\/etsi\/InformacionAcademica\/19-20\/CalendarioAcademico\/calendario_mquimica.pdf\"> (Pdf)<\/a><\/li>\n<p><!--(<span style=\"color: #ff0000;\"><b>Disponible pr\u00f3ximamente<\/b><\/span>).-->\n<\/ul>\n<p style=\"color: red;\"><strong>CURSO 2018-2019<\/strong><\/p>\n<ul>\n<li><a href=\"https:\/\/www.uhu.es\/etsi\/InformacionAcademica\/18-19\/CalendarioAcademico\/calendario_grado_master.pdf\">Calendario Acad\u00e9mico Grado y M\u00e1ster*<\/a><\/li>\n<li><a href=\"https:\/\/www.uhu.es\/etsi\/InformacionAcademica\/18-19\/CalendarioAcademico\/calendario_master_minas_junta.pdf\">Calendario Acad\u00e9mico M\u00e1ster de Minas<\/a><\/li>\n<li><a href=\"https:\/\/www.uhu.es\/etsi\/InformacionAcademica\/18-19\/CalendarioAcademico\/calendario_master_quimica_plan_2018.pdf\">Calendario Acad\u00e9mico M\u00e1ster de Ingenier\u00eda Qu\u00edmica (plan 2018)<\/a><\/li>\n<\/ul>\n<p>*Para M\u00e1ster Oficial en Ingenier\u00eda Industrial, M\u00e1ster Oficial en Ingenier\u00eda Inform\u00e1tica, M\u00e1ster Oficial en Ingenier\u00eda de Montes y M\u00e1ster Oficial en Ingenier\u00eda Qu\u00edmica (plan a extinguir).<\/p>\n<p style=\"color: red;\"><strong>CURSO 2017-2018<\/strong><\/p>\n<ul>\n<li><a href=\"https:\/\/www.uhu.es\/etsi\/InformacionAcademica\/17-18\/CalendarioAcademico\/Calendario_Academico_Grado_17_18.pdf\">Calendario Acad\u00e9mico Grado<\/a><\/li>\n<li><a href=\"https:\/\/www.uhu.es\/etsi\/InformacionAcademica\/17-18\/CalendarioAcademico\/Calendario_Academico_Master_17_18.pdf\">Calendario Acad\u00e9mico M\u00e1ster<\/a><\/li>\n<\/ul>\n<p style=\"color: red;\"><strong>CURSO 2016-2017<\/strong><\/p>\n<ul>\n<li><a href=\"https:\/\/www.uhu.es\/etsi\/InformacionAcademica\/16-17\/CalendarioAcademico\/Calendario_Academico_16_17.pdf\">Calendario Acad\u00e9mico Grado y M\u00e1ster<\/a><\/li>\n<\/ul>\n<\/div> <!-- end .x-accordion-inner --><\/div> <!-- end .x-accordion-body --><\/div> <!-- end .x-accordion-group -->\n<\/div>\n","protected":false},"excerpt":{"rendered":"Curso Actual CURSO 2025-2026 T\u00edtulos de Grados: (Web) (Pdf) M\u00e1ster en Ingenier\u00eda Industrial: (Web) (Pdf) M\u00e1ster en Ingenier\u00eda Inform\u00e1tica: (Web) ... <div><a href=\"https:\/\/www.uhu.es\/etsi\/informacion-academica\/informacion-comun-todos-los-titulos\/calendario-academico\/\" class=\"more-link\">Read More<\/a><\/div>","protected":false},"author":7,"featured_media":0,"parent":6951,"menu_order":0,"comment_status":"closed","ping_status":"closed","template":"template-layout-full-width.php","meta":[],"yoast_head":"<!-- This site is optimized with the Yoast SEO plugin v20.2.1 - https:\/\/yoast.com\/wordpress\/plugins\/seo\/ -->\n<title>Calendario Acad\u00e9mico - ETSI, UHU<\/title>\n<meta name=\"robots\" content=\"index, follow, max-snippet:-1, max-image-preview:large, max-video-preview:-1\" \/>\n<link rel=\"canonical\" href=\"https:\/\/www.uhu.es\/etsi\/informacion-academica\/informacion-comun-todos-los-titulos\/calendario-academico\/\" \/>\n<meta property=\"og:locale\" content=\"es_ES\" \/>\n<meta property=\"og:type\" content=\"article\" \/>\n<meta property=\"og:title\" content=\"Calendario Acad\u00e9mico - ETSI, UHU\" \/>\n<meta property=\"og:url\" content=\"https:\/\/www.uhu.es\/etsi\/informacion-academica\/informacion-comun-todos-los-titulos\/calendario-academico\/\" \/>\n<meta property=\"og:site_name\" content=\"ETSI, UHU\" \/>\n<meta property=\"article:modified_time\" content=\"2025-09-12T08:30:04+00:00\" \/>\n<meta name=\"twitter:label1\" content=\"Est. reading time\" \/>\n\t<meta name=\"twitter:data1\" content=\"2 minutes\" \/>\n<script type=\"application\/ld+json\" class=\"yoast-schema-graph\">{\"@context\":\"https:\/\/schema.org\",\"@graph\":[{\"@type\":\"WebPage\",\"@id\":\"https:\/\/www.uhu.es\/etsi\/informacion-academica\/informacion-comun-todos-los-titulos\/calendario-academico\/\",\"url\":\"https:\/\/www.uhu.es\/etsi\/informacion-academica\/informacion-comun-todos-los-titulos\/calendario-academico\/\",\"name\":\"Calendario Acad\u00e9mico - ETSI, UHU\",\"isPartOf\":{\"@id\":\"https:\/\/www.uhu.es\/etsi\/#website\"},\"datePublished\":\"2017-07-25T08:41:43+00:00\",\"dateModified\":\"2025-09-12T08:30:04+00:00\",\"breadcrumb\":{\"@id\":\"https:\/\/www.uhu.es\/etsi\/informacion-academica\/informacion-comun-todos-los-titulos\/calendario-academico\/#breadcrumb\"},\"inLanguage\":\"es-ES\",\"potentialAction\":[{\"@type\":\"ReadAction\",\"target\":[\"https:\/\/www.uhu.es\/etsi\/informacion-academica\/informacion-comun-todos-los-titulos\/calendario-academico\/\"]}]},{\"@type\":\"BreadcrumbList\",\"@id\":\"https:\/\/www.uhu.es\/etsi\/informacion-academica\/informacion-comun-todos-los-titulos\/calendario-academico\/#breadcrumb\",\"itemListElement\":[{\"@type\":\"ListItem\",\"position\":1,\"name\":\"Portada\",\"item\":\"https:\/\/www.uhu.es\/etsi\/\"},{\"@type\":\"ListItem\",\"position\":2,\"name\":\"Informaci\u00f3n Acad\u00e9mica\",\"item\":\"https:\/\/www.uhu.es\/etsi\/informacion-academica\/\"},{\"@type\":\"ListItem\",\"position\":3,\"name\":\"Informaci\u00f3n Com\u00fan a todos los T\u00edtulos\",\"item\":\"https:\/\/www.uhu.es\/etsi\/informacion-academica\/informacion-comun-todos-los-titulos\/\"},{\"@type\":\"ListItem\",\"position\":4,\"name\":\"Calendario Acad\u00e9mico\"}]},{\"@type\":\"WebSite\",\"@id\":\"https:\/\/www.uhu.es\/etsi\/#website\",\"url\":\"https:\/\/www.uhu.es\/etsi\/\",\"name\":\"ETSI, UHU\",\"description\":\"Escuela T\u00e9cnica Superior de  Ingenier\u00eda de la Universidad de Huelva\",\"publisher\":{\"@id\":\"https:\/\/www.uhu.es\/etsi\/#organization\"},\"potentialAction\":[{\"@type\":\"SearchAction\",\"target\":{\"@type\":\"EntryPoint\",\"urlTemplate\":\"https:\/\/www.uhu.es\/etsi\/?s={search_term_string}\"},\"query-input\":\"required name=search_term_string\"}],\"inLanguage\":\"es-ES\"},{\"@type\":\"Organization\",\"@id\":\"https:\/\/www.uhu.es\/etsi\/#organization\",\"name\":\"UHU ETSI\",\"url\":\"https:\/\/www.uhu.es\/etsi\/\",\"logo\":{\"@type\":\"ImageObject\",\"inLanguage\":\"es-ES\",\"@id\":\"https:\/\/www.uhu.es\/etsi\/#\/schema\/logo\/image\/\",\"url\":\"http:\/\/www.uhu.es\/etsi\/wp-content\/uploads\/2016\/02\/membrete_ETSI.jpg\",\"contentUrl\":\"http:\/\/www.uhu.es\/etsi\/wp-content\/uploads\/2016\/02\/membrete_ETSI.jpg\",\"width\":423,\"height\":81,\"caption\":\"UHU ETSI\"},\"image\":{\"@id\":\"https:\/\/www.uhu.es\/etsi\/#\/schema\/logo\/image\/\"}}]}<\/script>\n<!-- \/ Yoast SEO plugin. -->","yoast_head_json":{"title":"Calendario Acad\u00e9mico - ETSI, UHU","robots":{"index":"index","follow":"follow","max-snippet":"max-snippet:-1","max-image-preview":"max-image-preview:large","max-video-preview":"max-video-preview:-1"},"canonical":"https:\/\/www.uhu.es\/etsi\/informacion-academica\/informacion-comun-todos-los-titulos\/calendario-academico\/","og_locale":"es_ES","og_type":"article","og_title":"Calendario Acad\u00e9mico - ETSI, UHU","og_url":"https:\/\/www.uhu.es\/etsi\/informacion-academica\/informacion-comun-todos-los-titulos\/calendario-academico\/","og_site_name":"ETSI, UHU","article_modified_time":"2025-09-12T08:30:04+00:00","twitter_misc":{"Est. reading time":"2 minutes"},"schema":{"@context":"https:\/\/schema.org","@graph":[{"@type":"WebPage","@id":"https:\/\/www.uhu.es\/etsi\/informacion-academica\/informacion-comun-todos-los-titulos\/calendario-academico\/","url":"https:\/\/www.uhu.es\/etsi\/informacion-academica\/informacion-comun-todos-los-titulos\/calendario-academico\/","name":"Calendario Acad\u00e9mico - ETSI, UHU","isPartOf":{"@id":"https:\/\/www.uhu.es\/etsi\/#website"},"datePublished":"2017-07-25T08:41:43+00:00","dateModified":"2025-09-12T08:30:04+00:00","breadcrumb":{"@id":"https:\/\/www.uhu.es\/etsi\/informacion-academica\/informacion-comun-todos-los-titulos\/calendario-academico\/#breadcrumb"},"inLanguage":"es-ES","potentialAction":[{"@type":"ReadAction","target":["https:\/\/www.uhu.es\/etsi\/informacion-academica\/informacion-comun-todos-los-titulos\/calendario-academico\/"]}]},{"@type":"BreadcrumbList","@id":"https:\/\/www.uhu.es\/etsi\/informacion-academica\/informacion-comun-todos-los-titulos\/calendario-academico\/#breadcrumb","itemListElement":[{"@type":"ListItem","position":1,"name":"Portada","item":"https:\/\/www.uhu.es\/etsi\/"},{"@type":"ListItem","position":2,"name":"Informaci\u00f3n Acad\u00e9mica","item":"https:\/\/www.uhu.es\/etsi\/informacion-academica\/"},{"@type":"ListItem","position":3,"name":"Informaci\u00f3n Com\u00fan a todos los T\u00edtulos","item":"https:\/\/www.uhu.es\/etsi\/informacion-academica\/informacion-comun-todos-los-titulos\/"},{"@type":"ListItem","position":4,"name":"Calendario Acad\u00e9mico"}]},{"@type":"WebSite","@id":"https:\/\/www.uhu.es\/etsi\/#website","url":"https:\/\/www.uhu.es\/etsi\/","name":"ETSI, UHU","description":"Escuela T\u00e9cnica Superior de  Ingenier\u00eda de la Universidad de Huelva","publisher":{"@id":"https:\/\/www.uhu.es\/etsi\/#organization"},"potentialAction":[{"@type":"SearchAction","target":{"@type":"EntryPoint","urlTemplate":"https:\/\/www.uhu.es\/etsi\/?s={search_term_string}"},"query-input":"required name=search_term_string"}],"inLanguage":"es-ES"},{"@type":"Organization","@id":"https:\/\/www.uhu.es\/etsi\/#organization","name":"UHU ETSI","url":"https:\/\/www.uhu.es\/etsi\/","logo":{"@type":"ImageObject","inLanguage":"es-ES","@id":"https:\/\/www.uhu.es\/etsi\/#\/schema\/logo\/image\/","url":"http:\/\/www.uhu.es\/etsi\/wp-content\/uploads\/2016\/02\/membrete_ETSI.jpg","contentUrl":"http:\/\/www.uhu.es\/etsi\/wp-content\/uploads\/2016\/02\/membrete_ETSI.jpg","width":423,"height":81,"caption":"UHU ETSI"},"image":{"@id":"https:\/\/www.uhu.es\/etsi\/#\/schema\/logo\/image\/"}}]}},"_links":{"self":[{"href":"https:\/\/www.uhu.es\/etsi\/wp-json\/wp\/v2\/pages\/14421"}],"collection":[{"href":"https:\/\/www.uhu.es\/etsi\/wp-json\/wp\/v2\/pages"}],"about":[{"href":"https:\/\/www.uhu.es\/etsi\/wp-json\/wp\/v2\/types\/page"}],"author":[{"embeddable":true,"href":"https:\/\/www.uhu.es\/etsi\/wp-json\/wp\/v2\/users\/7"}],"replies":[{"embeddable":true,"href":"https:\/\/www.uhu.es\/etsi\/wp-json\/wp\/v2\/comments?post=14421"}],"version-history":[{"count":60,"href":"https:\/\/www.uhu.es\/etsi\/wp-json\/wp\/v2\/pages\/14421\/revisions"}],"predecessor-version":[{"id":25505,"href":"https:\/\/www.uhu.es\/etsi\/wp-json\/wp\/v2\/pages\/14421\/revisions\/25505"}],"up":[{"embeddable":true,"href":"https:\/\/www.uhu.es\/etsi\/wp-json\/wp\/v2\/pages\/6951"}],"wp:attachment":[{"href":"https:\/\/www.uhu.es\/etsi\/wp-json\/wp\/v2\/media?parent=14421"}],"curies":[{"name":"wp","href":"https:\/\/api.w.org\/{rel}","templated":true}]}}