{"id":14591,"date":"2017-09-25T12:22:42","date_gmt":"2017-09-25T11:22:42","guid":{"rendered":"http:\/\/www.uhu.es\/etsi\/?page_id=14591"},"modified":"2025-11-11T10:15:39","modified_gmt":"2025-11-11T09:15:39","slug":"resolucion-cambio-modalidad-matricula","status":"publish","type":"page","link":"https:\/\/www.uhu.es\/etsi\/secretaria\/resolucion-cambio-modalidad-matricula\/","title":{"rendered":"Cambio de Modalidad de Matr\u00edcula"},"content":{"rendered":"<div id=\"my-accordion\" class=\"x-accordion\" ><\/div>\n<p><!--\n[accordion_item parent_id=\"my-accordion\" title=\"Pr\u00f3ximo Curso\" open=\"true\"]\nc\n[\/accordion_item]\n--><\/p>\n<div id=\"my-accordion\" class=\"x-accordion\" ><\/div> <div  class=\"x-accordion-group\" ><div class=\"x-accordion-heading\"><a class=\"x-accordion-toggle\" data-toggle=\"collapse\" data-parent=\"#my-accordion\" href=\"#collapse-1\">Cambio Modalidad Matr\u00edcula 2025-2026<\/a><\/div> <!-- end .x-accordion-heading --><div id=\"collapse-1\" class=\"accordion-body collapse in\"><div class=\"x-accordion-inner\">\n<ul>\n<li><span style=\"font-size: large;\"><a href=\"https:\/\/www.uhu.es\/etsi\/secretariaDocumentos\/CambioModalidadMatricula\/2025\/Calendario%20resolucion%20cambio%20modalidad%20matricula%2025-26.report-1.pdf\">Calendario para la resoluci\u00f3n de solicitudes<\/a><\/span><\/li>\n<li><span style=\"font-size: large;\"><a href=\"https:\/\/www.uhu.es\/etsi\/secretariaDocumentos\/CambioModalidadMatricula\/2025\/Resolucion cambio modalidad matricula 25-26_Fase 1.report_Reg.pdf\">Resoluci\u00f3n colectiva Fase 1<\/a><\/span><\/li>\n<li><span style=\"font-size: large;\"><a href=\"https:\/\/www.uhu.es\/etsi\/secretariaDocumentos\/CambioModalidadMatricula\/2025\/Resolucion cambio modalidad matricula 25-26_Fase 2.report_REG.pdf\">Resoluci\u00f3n colectiva Fase 2<\/a><\/span><\/li>\n<li><span style=\"font-size: large;\"><a href=\"https:\/\/www.uhu.es\/etsi\/secretariaDocumentos\/CambioModalidadMatricula\/2025\/Resolucion%20cambio%20modalidad%20matricula%2025-26_Fase%203.report_Reg.pdf\">Resoluci\u00f3n colectiva Fase 3<\/a><\/span><\/li>\n<li><span style=\"font-size: large;\"><a href=\"https:\/\/www.uhu.es\/etsi\/secretariaDocumentos\/CambioGrupoMatricula\/2025\/1_Resolucion cambio modalidad matricula 25-26_Fase 4.report_Reg.pdf\"> Resoluci\u00f3n colectiva Fase 4 <\/a><\/span><\/li>\n<li><span style=\"font-size: large;\"><a href=\"https:\/\/www.uhu.es\/etsi\/secretariaDocumentos\/CambioGrupoMatricula\/2025\/1_Resolucion cambio modalidad matricula 25-26_Fase 5_2_RS.report.pdf\"> Resoluci\u00f3n colectiva Fase 5 <\/a><\/span><\/li>\n<li><span style=\"font-size: large;\"><a href=\"https:\/\/www.uhu.es\/etsi\/secretariaDocumentos\/CambioGrupoMatricula\/2025\/1_Resolucion cambio modalidad matricula 25-26_Fase 6_Ultima.report_RS.pdf\"> Resoluci\u00f3n colectiva Fase 6 <\/a><\/span><\/li>\n<\/ul>\n<\/div> <!-- end .x-accordion-inner --><\/div> <!-- end .x-accordion-body --><\/div> <!-- end .x-accordion-group -->\n<div id=\"my-accordion\" class=\"x-accordion\" ><\/div> <div  class=\"x-accordion-group\" ><div class=\"x-accordion-heading\"><a class=\"x-accordion-toggle collapsed\" data-toggle=\"collapse\" data-parent=\"#my-accordion\" href=\"#collapse-2\">Cambio Modalidad Matr\u00edcula Cursos Anteriores<\/a><\/div> <!-- end .x-accordion-heading --><div id=\"collapse-2\" class=\"accordion-body collapse\"><div class=\"x-accordion-inner\">\n<span style=\"font-size: large;\"><span style=\"color: #ff0000;\">Cambio Modalidad Matr\u00edcula 2024-2025<\/span><\/span><\/p>\n<ul>\n<li><span style=\"font-size: large;\"><a href=\"https:\/\/www.uhu.es\/etsi\/wp-content\/uploads\/2024\/07\/Calendario-resolucion-cambio-modalidad-matricula-24-25.report.pdf\">Calendario para la resoluci\u00f3n de solicitudes.<\/a><\/span><\/li>\n<li><span style=\"font-size: large;\"><a href=\"https:\/\/www.uhu.es\/etsi\/wp-content\/uploads\/2024\/09\/Resolucion cambio modalidad matricula 24-25_Fase 1.report_c_REG.pdf\">Resoluci\u00f3n colectiva Fase 1.<\/a><\/span><\/li>\n<li><span style=\"font-size: large;\"><a href=\"https:\/\/www.uhu.es\/etsi\/wp-content\/uploads\/2024\/09\/Resolucion%20cambio%20modalidad%20matricula%2024-25_Fase%202_2.report_Reg.pdf\">Resoluci\u00f3n colectiva Fase 2.<\/a><\/span><\/li>\n<li><span style=\"font-size: large;\"><a href=\"https:\/\/www.uhu.es\/etsi\/wp-content\/uploads\/2024\/09\/Resoluci\u00f3n cambio modalidad matr\u00edcula 24-25_Fase 2_ADENDA_report_Reg.pdf\">Resoluci\u00f3n colectiva Fase 2. ADENDA<\/a><\/span><\/li>\n<li><span style=\"font-size: large;\"><a href=\"https:\/\/www.uhu.es\/etsi\/secretariaDocumentos\/CambioModalidadMatricula\/2024\/Resolucion%20cambio%20modalidad%20matricula%2024-25_Fase%203.report_REG.pdf\">Resoluci\u00f3n colectiva Fase 3.<\/a><\/span><\/li>\n<li><span style=\"font-size: large;\"><a href=\"https:\/\/www.uhu.es\/etsi\/wp-content\/uploads\/2024\/10\/Resolucion cambio modalidad matricula 24-25_Fase 4.report_REG.pdf\">Resoluci\u00f3n colectiva Fase 4 .<\/a><\/span><\/li>\n<li><span style=\"font-size: large;\"><a href=\"https:\/\/www.uhu.es\/etsi\/wp-content\/uploads\/2024\/10\/Resolucion cambio modalidad matricula 24-25_Fase 4.report_REG.pdf\">Resoluci\u00f3n colectiva Fase 4. ADENDA.<\/a><\/span><\/li>\n<li><span style=\"font-size: large;\"><a href=\"https:\/\/www.uhu.es\/etsi\/wp-content\/uploads\/2024\/10\/Resolucion cambio modalidad matricula 24-25_Fase 5.report_REG.pdf\">Resoluci\u00f3n colectiva Fase 5.<\/a><\/span><\/li>\n<li><span style=\"font-size: large;\"><a href=\"https:\/\/www.uhu.es\/etsi\/wp-content\/uploads\/2024\/11\/Resoluci\u00f3n Cambio Modalidad de Matr\u00edcula 24-25. Fase 6.pdf\">Resoluci\u00f3n colectiva Fase 6.<\/a><\/span><\/li>\n<\/ul>\n<p><span style=\"font-size: large;\"><span style=\"color: #ff0000;\">Cambio Modalidad Matr\u00edcula 2023-2024<\/span><\/span><\/p>\n<ul>\n<li><span style=\"font-size: large;\"><a href=\"https:\/\/www.uhu.es\/etsi\/secretariaDocumentos\/CambioModalidadMatricula\/2023\/Calendario%20resolucion%20cambio%20modalidad%20matricula%2023-24_Fdo.pdf\">Calendario para la resoluci\u00f3n de solicitudes.<\/a><\/span><\/li>\n<li><span style=\"font-size: large;\"><a href=\"https:\/\/www.uhu.es\/etsi\/secretariaDocumentos\/CambioModalidadMatricula\/2023\/Resolucion%20cambio%20modalidad%20matricula%2023-24_Fase%201.report_Rgdo.pdf\">Resoluci\u00f3n colectiva Fase 1.<\/a><\/span><\/li>\n<li><span style=\"font-size: large;\"><a href=\"https:\/\/www.uhu.es\/etsi\/wp-content\/uploads\/2023\/09\/Resolucion-cambio-modalidad-matricula-23-24_Fase-2.report_Rgdo.pdf\">Resoluci\u00f3n colectiva Fase 2.<\/a><\/span><\/li>\n<li><span style=\"font-size: large;\"><a href=\"https:\/\/www.uhu.es\/etsi\/wp-content\/uploads\/2023\/10\/Resolucion-cambio-modalidad-matricula-23-24_Fase-2_Correccion.report_Rgdo.pdf\">Resoluci\u00f3n colectiva Fase 2(Correcci\u00f3n).<\/a><\/span><\/li>\n<li><span style=\"font-size: large;\"><a href=\"https:\/\/www.uhu.es\/etsi\/wp-content\/uploads\/2023\/10\/Resolucion-cambio-modalidad-matricula-23-24_Fase-2_Adenda.report_Rgdo2.pdf\">Resoluci\u00f3n colectiva Fase 2(Adenda).<\/a><\/span><\/li>\n<li><span style=\"font-size: large;\"><a href=\"https:\/\/www.uhu.es\/etsi\/wp-content\/uploads\/2023\/10\/Resolucion-cambio-modalidad-matricula-23-24_Fase-3.report_Rgdo.pdf\">Resoluci\u00f3n colectiva Fase 3.<\/a><\/span><\/li>\n<li><span style=\"font-size: large;\"><a href=\"https:\/\/www.uhu.es\/etsi\/wp-content\/uploads\/2023\/10\/Resolucion-cambio-modalidad-matricula-23-24_Fase-3_Correccion-y-Adenda.report_Rgdo.pdf\">Resoluci\u00f3n colectiva Fase 3 (Correcci\u00f3n y Adenda).<\/a><\/span><\/li>\n<li><span style=\"font-size: large;\"><a href=\"https:\/\/www.uhu.es\/etsi\/wp-content\/uploads\/2023\/10\/Resolucion-cambio-modalidad-matricula-23-24_Fase-4.report_Reg.pdf\">Resoluci\u00f3n colectiva Fase 4.<\/a><\/span><\/li>\n<li><span style=\"font-size: large;\">Resoluci\u00f3n colectiva Fase 5 (pendiente).<\/span><\/li>\n<\/ul>\n<p><span style=\"font-size: large;\"><span style=\"color: #ff0000;\">Cambio Modalidad Matr\u00edcula 2022-2023<\/span><\/span><\/p>\n<ul>\n<li><span style=\"font-size: large;\"><a href=\"https:\/\/www.uhu.es\/etsi\/secretariaDocumentos\/CambioModalidadMatricula\/2022\/Plazos%20resoluci%C3%B3n%20cambio%20modalidad%20matr%C3%ADcula%2022-23_Fdo.pdf\">Calendario para la resoluci\u00f3n de solicitudes.<\/a><\/span><\/li>\n<li><span style=\"font-size: large;\"><a href=\"https:\/\/www.uhu.es\/etsi\/secretariaDocumentos\/CambioModalidadMatricula\/2022\/Resoluci\u00f3n cambio modalidad matr\u00edcula 22-23_Fase 1_Fdo_Rgdo.pdf\">Fase 1.<\/a><\/span><\/li>\n<li><span style=\"font-size: large;\"><a href=\"https:\/\/www.uhu.es\/etsi\/secretariaDocumentos\/CambioModalidadMatricula\/2022\/Resoluci\u00f3n cambio modalidad matr\u00edcula 22-23_Fase 2_Fdo_Rgdo.pdf\">Fase 2.<\/a><\/span><\/li>\n<li><span style=\"font-size: large;\"><a href=\"https:\/\/www.uhu.es\/etsi\/secretariaDocumentos\/CambioModalidadMatricula\/2022\/Resoluci\u00f3n cambio modalidad matr\u00edcula 22-23_Fase 3_Fdo_Rgdo.pdf\">Fase 3.<\/a><\/span><\/li>\n<li><span style=\"font-size: large;\"><a href=\"https:\/\/www.uhu.es\/etsi\/secretariaDocumentos\/CambioModalidadMatricula\/2022\/Resoluci\u00f3n cambio modalidad matr\u00edcula 22-23_Fase 4_Fdo_Rgdo.pdf\">Fase 4.<\/a><\/span><\/li>\n<li><span style=\"font-size: large;\"><a href=\"https:\/\/www.uhu.es\/etsi\/secretariaDocumentos\/CambioModalidadMatricula\/2022\/Resoluci\u00f3n cambio modalidad matr\u00edcula 22-23_Fase 5_Fdo_Rgdo.pdf\">Fase 5.<\/a><\/span><\/li>\n<\/ul>\n<p><span style=\"font-size: large;\"><span style=\"color: #ff0000;\">Cambio Modalidad Matr\u00edcula 2021-2022<\/span><\/span><\/p>\n<ul>\n<li><span style=\"font-size: large;\"><a href=\"https:\/\/www.uhu.es\/etsi\/secretariaDocumentos\/CambioModalidadMatricula\/2021\/Solicitud%20Cambio%20Modalidad%20Matr%C3%ADcula_20211005.pdf\">Impreso de Solicitud de Cambio Modalidad de Matr\u00edcula.<\/a><\/span><\/li>\n<li><span style=\"font-size: large;\"><a href=\"https:\/\/www.uhu.es\/etsi\/secretariaDocumentos\/CambioModalidadMatricula\/2021\/Plazos%20Resoluci%C3%B3n%20Cambio%20Modalidad%20de%20Matr%C3%ADcula%20curso%2021-22.pdf\">Plazos de Resoluci\u00f3n Cambio Modalidad de Matr\u00edcula curso 2021-2022.<\/a><\/span><\/li>\n<li><span style=\"font-size: large;\"><a href=\"https:\/\/www.uhu.es\/etsi\/secretariaDocumentos\/CambioModalidadMatricula\/2021\/Resoluci\u00f3n_cambio_modalidad_matr\u00edcula_21-22_Fase_1_FDO_RDO.pdf\">Resoluci\u00f3n Fase 1<\/a><\/span><\/li>\n<li><span style=\"font-size: large;\"><a href=\"https:\/\/www.uhu.es\/etsi\/secretariaDocumentos\/CambioModalidadMatricula\/2021\/Resoluci%C3%B3n%20cambio%20modalidad%20matr%C3%ADcula%2021-22_Fase%202-I_FDO_RDO.pdf\">Resoluci\u00f3n Fase 1 Subsanaci\u00f3n<\/a><\/span><\/li>\n<li><span style=\"font-size: large;\"><a href=\"https:\/\/www.uhu.es\/etsi\/secretariaDocumentos\/CambioModalidadMatricula\/2021\/Resoluci%C3%B3n%20cambio%20modalidad%20matr%C3%ADcula%2021-22_Fase%202-I_FDO_RDO.pdfResoluci\u00f3n_cambio _modalidad_matr\u00edcula_21-22_Fase_1_FDO_RDO.pdf\">Resoluci\u00f3n. Fase 2-I. Permanencia<\/a><\/span><\/li>\n<li><span style=\"font-size: large;\"><a href=\"https:\/\/www.uhu.es\/etsi\/secretariaDocumentos\/CambioModalidadMatricula\/2021\/Resoluci%C3%B3n%20cambio%20modalidad%20matr%C3%ADcula%2021-22_Fase%202-II%282%29_Fdo_Rgdo.pdf\">Resoluci\u00f3n. Fase 2-II. Permanencia<\/a><\/span><\/li>\n<li><span style=\"font-size: large;\"><a href=\"https:\/\/www.uhu.es\/etsi\/secretariaDocumentos\/CambioModalidadMatricula\/2021\/Resoluci%C3%B3n%20cambio%20modalidad%20matr%C3%ADcula%2021-22_Fase%202-III_2_Fdo_Rgdo.pdf\">Resoluci\u00f3n. Fase 2-III<\/a><\/span><\/li>\n<\/ul>\n<p><span style=\"font-size: large;\"><span style=\"color: #ff0000;\">Cambio Modalidad Matr\u00edcula 2020-2021<\/span><\/span><\/p>\n<ul>\n<li><span style=\"font-size: large;\"><a href=\"https:\/\/www.uhu.es\/etsi\/secretariaDocumentos\/CambioModalidadMatricula\/2020\/Resolucion_Cambio_Modalidad_20-21.pdf\">Resoluci\u00f3n Fase 1<\/a><\/span><\/li>\n<li><span style=\"font-size: large;\"><a href=\"https:\/\/www.uhu.es\/etsi\/secretariaDocumentos\/CambioModalidadMatricula\/2020\/Resolucio%CC%81n_cambio_modalidad_matri%CC%81cula_Fase%202_Reg.pdf\">Resoluci\u00f3n Fase 2<\/a><\/span><\/li>\n<\/ul>\n<p><span style=\"font-size: large;\"><span style=\"color: #ff0000;\">Cambio Modalidad Matr\u00edcula 2019-2020<\/span><\/span><\/p>\n<ul>\n<li><span style=\"font-size: large;\"><a href=\"https:\/\/www.uhu.es\/etsi\/secretariaDocumentos\/CambioModalidadMatricula\/2019\/Resoluci%C3%B3n%20Cambio%20Modalidad%20Matr%C3%ADcula%2019-20%20Fase%201.pdf\">Fase 1<\/a><\/span><\/li>\n<li><span style=\"font-size: large;\"><a href=\"https:\/\/www.uhu.es\/etsi\/secretariaDocumentos\/CambioModalidadMatricula\/2019\/Resoluci%C3%B3n%20cambio%20modalidad%20matr%C3%ADcula_Fase%202.pdf\">Fase 2<\/a><\/span><\/li>\n<\/ul>\n<p><span style=\"font-size: large;\"><span style=\"color: #ff0000;\">Cambio Modalidad Matr\u00edcula 2018-2019<\/span><\/span><\/p>\n<ul>\n<li><span style=\"font-size: large;\"><a href=\"https:\/\/www.uhu.es\/etsi\/secretariaDocumentos\/CambioModalidadMatricula\/2018\/Resoluci%C3%B3n%20cambio%20modalidad%20matr%C3%ADcula_Fase%201_OFICIO_20181008_Firmada.pdf\">Fase 1<\/a><\/span><\/li>\n<li><span style=\"font-size: large;\"><a href=\"https:\/\/www.uhu.es\/etsi\/secretariaDocumentos\/CambioModalidadMatricula\/2018\/Resoluci%C3%B3n_cambio_modalidad_matr%C3%ADcula18-19_Fase%202_Firmada.pdf\">Fase 2<\/a><\/span><\/li>\n<li><span style=\"font-size: large;\"><a href=\"https:\/\/www.uhu.es\/etsi\/secretariaDocumentos\/CambioModalidadMatricula\/2018\/Resoluci%C3%B3n%20cambio%20modalidad%20matr%C3%ADcula%2018-19_Fase%202_Rev%20Amine%20Tayebi_Firm-Registr.pdf\">Fase 2.1<\/a><\/span><\/li>\n<\/ul>\n<p><span style=\"font-size: large;\"><span style=\"color: #ff0000;\">Cambio Modalidad Matr\u00edcula 2017-2018<\/span><\/span><\/p>\n<ul>\n<li><span style=\"font-size: large;\"><a href=\"https:\/\/www.uhu.es\/etsi\/secretariaDocumentos\/CambioModalidadMatricula\/2017\/Cambio_Modalidad_Fase_1.pdf\">Fase 1<\/a><\/span><\/li>\n<li><span style=\"font-size: large;\"><a href=\"https:\/\/www.uhu.es\/etsi\/secretariaDocumentos\/CambioModalidadMatricula\/2017\/Cambio_Modalidad_Fase_2.pdf\">Fase 2<\/a><\/span><\/li>\n<\/ul>\n<\/div> <!-- end .x-accordion-inner --><\/div> <!-- end .x-accordion-body --><\/div> <!-- end .x-accordion-group -->\n","protected":false},"excerpt":{"rendered":"Cambio Modalidad Matr\u00edcula 2025-2026 Calendario para la resoluci\u00f3n de solicitudes Resoluci\u00f3n colectiva Fase 1 Resoluci\u00f3n colectiva Fase 2 Resoluci\u00f3n colectiva ... <div><a href=\"https:\/\/www.uhu.es\/etsi\/secretaria\/resolucion-cambio-modalidad-matricula\/\" class=\"more-link\">Read More<\/a><\/div>","protected":false},"author":7,"featured_media":0,"parent":6660,"menu_order":0,"comment_status":"closed","ping_status":"closed","template":"template-layout-full-width.php","meta":[],"yoast_head":"<!-- This site is optimized with the Yoast SEO plugin v20.2.1 - https:\/\/yoast.com\/wordpress\/plugins\/seo\/ -->\n<title>Cambio de Modalidad de Matr\u00edcula - ETSI, UHU<\/title>\n<meta name=\"robots\" content=\"index, follow, max-snippet:-1, max-image-preview:large, max-video-preview:-1\" \/>\n<link rel=\"canonical\" href=\"https:\/\/www.uhu.es\/etsi\/secretaria\/resolucion-cambio-modalidad-matricula\/\" \/>\n<meta property=\"og:locale\" content=\"es_ES\" \/>\n<meta property=\"og:type\" content=\"article\" \/>\n<meta property=\"og:title\" content=\"Cambio de Modalidad de Matr\u00edcula - ETSI, UHU\" \/>\n<meta property=\"og:url\" content=\"https:\/\/www.uhu.es\/etsi\/secretaria\/resolucion-cambio-modalidad-matricula\/\" \/>\n<meta property=\"og:site_name\" content=\"ETSI, UHU\" \/>\n<meta property=\"article:modified_time\" content=\"2025-11-11T09:15:39+00:00\" \/>\n<meta name=\"twitter:label1\" content=\"Est. reading time\" \/>\n\t<meta name=\"twitter:data1\" content=\"2 minutes\" \/>\n<script type=\"application\/ld+json\" class=\"yoast-schema-graph\">{\"@context\":\"https:\/\/schema.org\",\"@graph\":[{\"@type\":\"WebPage\",\"@id\":\"https:\/\/www.uhu.es\/etsi\/secretaria\/resolucion-cambio-modalidad-matricula\/\",\"url\":\"https:\/\/www.uhu.es\/etsi\/secretaria\/resolucion-cambio-modalidad-matricula\/\",\"name\":\"Cambio de Modalidad de Matr\u00edcula - ETSI, UHU\",\"isPartOf\":{\"@id\":\"https:\/\/www.uhu.es\/etsi\/#website\"},\"datePublished\":\"2017-09-25T11:22:42+00:00\",\"dateModified\":\"2025-11-11T09:15:39+00:00\",\"breadcrumb\":{\"@id\":\"https:\/\/www.uhu.es\/etsi\/secretaria\/resolucion-cambio-modalidad-matricula\/#breadcrumb\"},\"inLanguage\":\"es-ES\",\"potentialAction\":[{\"@type\":\"ReadAction\",\"target\":[\"https:\/\/www.uhu.es\/etsi\/secretaria\/resolucion-cambio-modalidad-matricula\/\"]}]},{\"@type\":\"BreadcrumbList\",\"@id\":\"https:\/\/www.uhu.es\/etsi\/secretaria\/resolucion-cambio-modalidad-matricula\/#breadcrumb\",\"itemListElement\":[{\"@type\":\"ListItem\",\"position\":1,\"name\":\"Portada\",\"item\":\"https:\/\/www.uhu.es\/etsi\/\"},{\"@type\":\"ListItem\",\"position\":2,\"name\":\"Secretar\u00eda\",\"item\":\"https:\/\/www.uhu.es\/etsi\/secretaria\/\"},{\"@type\":\"ListItem\",\"position\":3,\"name\":\"Cambio de Modalidad de Matr\u00edcula\"}]},{\"@type\":\"WebSite\",\"@id\":\"https:\/\/www.uhu.es\/etsi\/#website\",\"url\":\"https:\/\/www.uhu.es\/etsi\/\",\"name\":\"ETSI, UHU\",\"description\":\"Escuela T\u00e9cnica Superior de  Ingenier\u00eda de la Universidad de Huelva\",\"publisher\":{\"@id\":\"https:\/\/www.uhu.es\/etsi\/#organization\"},\"potentialAction\":[{\"@type\":\"SearchAction\",\"target\":{\"@type\":\"EntryPoint\",\"urlTemplate\":\"https:\/\/www.uhu.es\/etsi\/?s={search_term_string}\"},\"query-input\":\"required name=search_term_string\"}],\"inLanguage\":\"es-ES\"},{\"@type\":\"Organization\",\"@id\":\"https:\/\/www.uhu.es\/etsi\/#organization\",\"name\":\"UHU ETSI\",\"url\":\"https:\/\/www.uhu.es\/etsi\/\",\"logo\":{\"@type\":\"ImageObject\",\"inLanguage\":\"es-ES\",\"@id\":\"https:\/\/www.uhu.es\/etsi\/#\/schema\/logo\/image\/\",\"url\":\"http:\/\/www.uhu.es\/etsi\/wp-content\/uploads\/2016\/02\/membrete_ETSI.jpg\",\"contentUrl\":\"http:\/\/www.uhu.es\/etsi\/wp-content\/uploads\/2016\/02\/membrete_ETSI.jpg\",\"width\":423,\"height\":81,\"caption\":\"UHU ETSI\"},\"image\":{\"@id\":\"https:\/\/www.uhu.es\/etsi\/#\/schema\/logo\/image\/\"}}]}<\/script>\n<!-- \/ Yoast SEO plugin. -->","yoast_head_json":{"title":"Cambio de Modalidad de Matr\u00edcula - ETSI, UHU","robots":{"index":"index","follow":"follow","max-snippet":"max-snippet:-1","max-image-preview":"max-image-preview:large","max-video-preview":"max-video-preview:-1"},"canonical":"https:\/\/www.uhu.es\/etsi\/secretaria\/resolucion-cambio-modalidad-matricula\/","og_locale":"es_ES","og_type":"article","og_title":"Cambio de Modalidad de Matr\u00edcula - ETSI, UHU","og_url":"https:\/\/www.uhu.es\/etsi\/secretaria\/resolucion-cambio-modalidad-matricula\/","og_site_name":"ETSI, UHU","article_modified_time":"2025-11-11T09:15:39+00:00","twitter_misc":{"Est. reading time":"2 minutes"},"schema":{"@context":"https:\/\/schema.org","@graph":[{"@type":"WebPage","@id":"https:\/\/www.uhu.es\/etsi\/secretaria\/resolucion-cambio-modalidad-matricula\/","url":"https:\/\/www.uhu.es\/etsi\/secretaria\/resolucion-cambio-modalidad-matricula\/","name":"Cambio de Modalidad de Matr\u00edcula - ETSI, UHU","isPartOf":{"@id":"https:\/\/www.uhu.es\/etsi\/#website"},"datePublished":"2017-09-25T11:22:42+00:00","dateModified":"2025-11-11T09:15:39+00:00","breadcrumb":{"@id":"https:\/\/www.uhu.es\/etsi\/secretaria\/resolucion-cambio-modalidad-matricula\/#breadcrumb"},"inLanguage":"es-ES","potentialAction":[{"@type":"ReadAction","target":["https:\/\/www.uhu.es\/etsi\/secretaria\/resolucion-cambio-modalidad-matricula\/"]}]},{"@type":"BreadcrumbList","@id":"https:\/\/www.uhu.es\/etsi\/secretaria\/resolucion-cambio-modalidad-matricula\/#breadcrumb","itemListElement":[{"@type":"ListItem","position":1,"name":"Portada","item":"https:\/\/www.uhu.es\/etsi\/"},{"@type":"ListItem","position":2,"name":"Secretar\u00eda","item":"https:\/\/www.uhu.es\/etsi\/secretaria\/"},{"@type":"ListItem","position":3,"name":"Cambio de Modalidad de Matr\u00edcula"}]},{"@type":"WebSite","@id":"https:\/\/www.uhu.es\/etsi\/#website","url":"https:\/\/www.uhu.es\/etsi\/","name":"ETSI, UHU","description":"Escuela T\u00e9cnica Superior de  Ingenier\u00eda de la Universidad de Huelva","publisher":{"@id":"https:\/\/www.uhu.es\/etsi\/#organization"},"potentialAction":[{"@type":"SearchAction","target":{"@type":"EntryPoint","urlTemplate":"https:\/\/www.uhu.es\/etsi\/?s={search_term_string}"},"query-input":"required name=search_term_string"}],"inLanguage":"es-ES"},{"@type":"Organization","@id":"https:\/\/www.uhu.es\/etsi\/#organization","name":"UHU ETSI","url":"https:\/\/www.uhu.es\/etsi\/","logo":{"@type":"ImageObject","inLanguage":"es-ES","@id":"https:\/\/www.uhu.es\/etsi\/#\/schema\/logo\/image\/","url":"http:\/\/www.uhu.es\/etsi\/wp-content\/uploads\/2016\/02\/membrete_ETSI.jpg","contentUrl":"http:\/\/www.uhu.es\/etsi\/wp-content\/uploads\/2016\/02\/membrete_ETSI.jpg","width":423,"height":81,"caption":"UHU ETSI"},"image":{"@id":"https:\/\/www.uhu.es\/etsi\/#\/schema\/logo\/image\/"}}]}},"_links":{"self":[{"href":"https:\/\/www.uhu.es\/etsi\/wp-json\/wp\/v2\/pages\/14591"}],"collection":[{"href":"https:\/\/www.uhu.es\/etsi\/wp-json\/wp\/v2\/pages"}],"about":[{"href":"https:\/\/www.uhu.es\/etsi\/wp-json\/wp\/v2\/types\/page"}],"author":[{"embeddable":true,"href":"https:\/\/www.uhu.es\/etsi\/wp-json\/wp\/v2\/users\/7"}],"replies":[{"embeddable":true,"href":"https:\/\/www.uhu.es\/etsi\/wp-json\/wp\/v2\/comments?post=14591"}],"version-history":[{"count":78,"href":"https:\/\/www.uhu.es\/etsi\/wp-json\/wp\/v2\/pages\/14591\/revisions"}],"predecessor-version":[{"id":25645,"href":"https:\/\/www.uhu.es\/etsi\/wp-json\/wp\/v2\/pages\/14591\/revisions\/25645"}],"up":[{"embeddable":true,"href":"https:\/\/www.uhu.es\/etsi\/wp-json\/wp\/v2\/pages\/6660"}],"wp:attachment":[{"href":"https:\/\/www.uhu.es\/etsi\/wp-json\/wp\/v2\/media?parent=14591"}],"curies":[{"name":"wp","href":"https:\/\/api.w.org\/{rel}","templated":true}]}}