{"id":14757,"date":"2017-10-11T09:37:39","date_gmt":"2017-10-11T08:37:39","guid":{"rendered":"http:\/\/www.uhu.es\/etsi\/?page_id=14757"},"modified":"2025-11-19T11:59:53","modified_gmt":"2025-11-19T10:59:53","slug":"convocatoria-extraordinaria-examenes-noviembre","status":"publish","type":"page","link":"https:\/\/www.uhu.es\/etsi\/secretaria\/convocatoria-extraordinaria-examenes-noviembre\/","title":{"rendered":"Convocatorias de ex\u00e1menes Ordinaria III y Extraordinaria."},"content":{"rendered":"<div  class=\"x-alert x-alert-info x-alert-block\" >\n<p style=\"font-size: 20px;\"><strong>En el curso acad\u00e9mico 2018-2019, se implant\u00f3 en la ETSI la aplicaci\u00f3n para la gesti\u00f3n telem\u00e1tica del procedimiento de participaci\u00f3n en la convocatoria extraordinaria de ex\u00e1menes de noviembre.<br \/>\nEn el curso 2019-2020, con la aprobaci\u00f3n del nuevo reglamento de evaluaci\u00f3n de la Universidad de Huelva, dicha aplicaci\u00f3n de gesti\u00f3n telem\u00e1tica se utilizar\u00e1 tanto para los ex\u00e1menes de la Convocatoria Ordinaria Tercera como la Convocatoria Extraordinaria<br \/>\n<\/strong><\/p>\n<p><!--\n\n\n<p style=\"font-size: 20px;\"><strong>En el curso acad\u00e9mico 2018-2019, se implanta la aplicaci\u00f3n para la gesti\u00f3n telem\u00e1tica del procedimiento de participaci\u00f3n en la convocatoria extraordinaria de ex\u00e1menes de noviembre.<\/strong><\/p>\n\n\n--><br \/>\n<\/div>\n<h6><strong style=\"color: red;\">Aplicaci\u00f3n de gesti\u00f3n<\/strong><\/h6>\n<ul>\n<li style=\"list-style-type: none;\">\n<ul>\n<li><a style=\"font-size: 16px;\" href=\"https:\/\/apppruebaetsi.uhu.es\/simplesaml\/app_gestion_cursos\/sol_convocatoria\/manuales\/tutorial_estudiante.pdf\" target=\"_blank\" rel=\"noopener\">Manual de usuario.<\/a><\/li>\n<li><a style=\"font-size: 16px;\" href=\"https:\/\/apppruebaetsi.uhu.es\/simplesaml\/app_gestion_cursos\/sol_convocatoria\/\" target=\"_blank\" rel=\"noopener\">Acceso a la aplicaci\u00f3n<\/a><\/li>\n<\/ul>\n<\/li>\n<\/ul>\n<p><!--\n \t\n\n<li><a style=\"font-size: 16px;\" href=\"https:\/\/www.uhu.es\/etsi\/normativas\/manual_noviembre.pdf\" rel=\"noopener\" target=\"_blank\">Manual de usuario.<\/a><\/li>\n\n\n \t\n\n<li><a style=\"font-size: 16px;\" href=\"https:\/\/www.uhu.es\/etsi\/simplesml\/www\/sol_convocatoria\/sol_noviembre.php\" rel=\"noopener\" target=\"_blank\">Acceso a la aplicaci\u00f3n<\/a><\/li>\n\n\n--><\/p>\n<div id=\"my-accordion\" class=\"x-accordion\" >\n<div  class=\"x-accordion-group\" ><div class=\"x-accordion-heading\"><a class=\"x-accordion-toggle collapsed\" data-toggle=\"collapse\" data-parent=\"#my-accordion\" href=\"#collapse-1\">Curso 2025-2026<\/a><\/div> <!-- end .x-accordion-heading --><div id=\"collapse-1\" class=\"accordion-body collapse\"><div class=\"x-accordion-inner\">\n<ul>\n<li><a style=\"font-size: 16px;\" href=\"https:\/\/www.uhu.es\/etsi\/secretariaDocumentos\/ConvocatoriaExamenes\/2025\/Calendario Web_Conv Ord-III y Extr_20250724.report.pdf\">Calendario<\/a><\/li>\n<li><a style=\"font-size: 16px;\" href=\"https:\/\/www.uhu.es\/etsi\/secretariaDocumentos\/ConvocatoriaExamenes\/2025\/25-26_OR3_GRADO_ResProvsional.report_Reg.pdf\">Convocatoria Ordinaria III. Grado. Resoluci\u00f3n Provisional<\/a><\/li>\n<li><a style=\"font-size: 16px;\" href=\"https:\/\/www.uhu.es\/etsi\/secretariaDocumentos\/ConvocatoriaExamenes\/2025\/ORDIII_GRADO_25-26_Resolucion Definitiva.report_Reg.pdf\">Convocatoria Ordinaria III. Grado. Resoluci\u00f3n Definitiva<\/a><\/li>\n<li><a style=\"font-size: 16px;\" href=\"https:\/\/www.uhu.es\/etsi\/secretariaDocumentos\/ConvocatoriaExamenes\/2025\/5_OR3_25-26_Master_Resolucion Provisional.report_REG.pdf\">Convocatoria Ordinaria III. M\u00e1ster. Resoluci\u00f3n Provisional<\/a><\/li>\n<li><a style=\"font-size: 16px;\" href=\"https:\/\/www.uhu.es\/etsi\/secretariaDocumentos\/ConvocatoriaExamenes\/2025\/4_OR3_25-26_Master_Resolucion Definitiva.report_Reg.pdf\">Convocatoria Ordinaria III. M\u00e1ster. Resoluci\u00f3n Definitiva<\/a><\/li>\n<li><a style=\"font-size: 16px;\" href=\"https:\/\/www.uhu.es\/etsi\/secretariaDocumentos\/ConvocatoriaExamenes\/2025\/3_25-26_EXT_Grado_Resol Prov.report_Reg.pdf\">Convocatoria Extraordinaria. Grado. Resoluci\u00f3n Provisional<\/a><\/li>\n<li><a style=\"font-size: 16px;\" href=\"https:\/\/www.uhu.es\/etsi\/secretariaDocumentos\/ConvocatoriaExamenes\/2025\/3_25-26_EXT_Grado_ResDefinitiva.report_Reg.pdf\">Convocatoria Extraordinaria. Grado. Resoluci\u00f3n Definitiva <\/a><\/li>\n<li><a style=\"font-size: 16px;\" href=\"https:\/\/www.uhu.es\/etsi\/secretariaDocumentos\/ConvocatoriaExamenes\/2025\/4_25-26_EXT_Master_Resol Prov.report._RSpdf.pdf\">Convocatoria Extraordinaria. M\u00e1ster. Resoluci\u00f3n Provisional<\/a><\/li>\n<li><a style=\"font-size: 16px;\" href=\"https:\/\/www.uhu.es\/etsi\/secretariaDocumentos\/ConvocatoriaExamenes\/2025\/3_25-26_EXT_Master_Resolucion Definitiva.report_Reg.pdf\">Convocatoria Extraordinaria. M\u00e1ster. Resoluci\u00f3n Definitiva <\/a><\/li>\n<\/ul>\n<\/div> <!-- end .x-accordion-inner --><\/div> <!-- end .x-accordion-body --><\/div> <!-- end .x-accordion-group -->\n<div  class=\"x-accordion-group\" ><div class=\"x-accordion-heading\"><a class=\"x-accordion-toggle collapsed\" data-toggle=\"collapse\" data-parent=\"#my-accordion\" href=\"#collapse-2\">Cursos anteriores<\/a><\/div> <!-- end .x-accordion-heading --><div id=\"collapse-2\" class=\"accordion-body collapse\"><div class=\"x-accordion-inner\">\n<strong>Curso 2024-2025<\/strong><\/p>\n<ul>\n<li><a style=\"font-size: 16px;\" href=\"https:\/\/www.uhu.es\/etsi\/secretariaDocumentos\/ConvocatoriaExamenes\/2024\/Anuncio%20Conv%20Ord-III%20y%20Extr_2024-09-04.report.pdf\">Anuncio Convocatoria<\/a><\/li>\n<li><a style=\"font-size: 16px;\" href=\"https:\/\/www.uhu.es\/etsi\/secretariaDocumentos\/ConvocatoriaExamenes\/2024\/ORDIII_GRADO_Res%20Prov_24-25.report-2_REG.pdf\">Convocatoria Ordinaria III. Grado. Resoluci\u00f3n Provisional<\/a><\/li>\n<li><a style=\"font-size: 16px;\" href=\"https:\/\/www.uhu.es\/etsi\/secretariaDocumentos\/ConvocatoriaExamenes\/2024\/ORDIII_GRADO_24-25_Resolucion Definitiva.report-1_REG.pdf\"> Convocatoria Ordinaria III. Grado. Resoluci\u00f3n Definitiva<\/a> <\/li>\n<li><a style=\"font-size: 16px;\" href=\"https:\/\/www.uhu.es\/etsi\/secretariaDocumentos\/ConvocatoriaExamenes\/2024\/OR3_24-25_MASTER_Resolucion%20Provisional2.report-1_REG.pdf\"> Convocatoria Ordinaria III. M\u00e1ster. Resoluci\u00f3n Provisional<\/a> <\/li>\n<li><a style=\"font-size: 16px;\" href=\"https:\/\/www.uhu.es\/etsi\/secretariaDocumentos\/ConvocatoriaExamenes\/2024\/OR3_24-25_MASTER_Resolucion Definitiva.report_REG.pdf\">Convocatoria Ordinaria III. M\u00e1ster. Resoluci\u00f3n Definitiva <\/a><\/li>\n<li><a style=\"font-size: 16px;\" href=\"https:\/\/www.uhu.es\/etsi\/secretariaDocumentos\/ConvocatoriaExamenes\/2024\/EXT_24-25_Res Prov.report-1_reg.pdf\">Convocatoria Extraordinaria. Resoluci\u00f3n Provisional <\/a><\/li>\n<li><a style=\"font-size: 16px;\" href=\"https:\/\/www.uhu.es\/etsi\/secretariaDocumentos\/ConvocatoriaExamenes\/2024\/EXT_24-25_Res Prov.report-1_reg.pdf\">Convocatoria Extraordinaria. Resoluci\u00f3n Definitiva<\/a><\/li>\n<\/ul>\n<p><strong>Curso 2023-2024<\/strong><\/p>\n<ul>\n<li><a style=\"font-size: 16px;\" href=\"https:\/\/www.uhu.es\/etsi\/secretariaDocumentos\/ConvocatoriaExamenes\/2023\/Anuncio%20Conv%20Ord-III%20y%20Extr_2023-07-18_Fdo.pdf\">Anuncio Convocatoria<\/a><\/li>\n<li><a style=\"font-size: 16px;\" href=\"https:\/\/www.uhu.es\/etsi\/wp-content\/uploads\/2023\/09\/ORDIII_Res-Prov_23-24.report_Rgdo.pdf\">Convocatoria Ordinaria III. Resoluci\u00f3n Provisional<\/a><\/li>\n<li><a style=\"font-size: 16px;\" href=\"https:\/\/www.uhu.es\/etsi\/secretariaDocumentos\/ConvocatoriaExamenes\/2023\/ORDIII_23-24_Resolucion%20Definitiva.report_Rgdo.pdf\">Convocatoria Ordinaria III. Resoluci\u00f3n Definitiva<\/a><\/li>\n<li><a style=\"font-size: 16px;\" href=\"https:\/\/www.uhu.es\/etsi\/wp-content\/uploads\/2023\/10\/ORDIII_23-24_Resolucion-Definitiva_Adenda.report_Rgdo.pdf\">Convocatoria Ordinaria III. Adenda Resoluci\u00f3n Definitiva<\/a><\/li>\n<li><a style=\"font-size: 16px;\" href=\"https:\/\/www.uhu.es\/etsi\/\/wp-content\/uploads\/2023\/11\/Resoluci\u00f3n Provisional Convocatoria Extraordinaria 23-24.pdf\">Convocatoria Extraordinaria. Resoluci\u00f3n Provisional<\/a><\/li>\n<li><a style=\"font-size: 16px;\" href=\"https:\/\/www.uhu.es\/etsi\/\/wp-content\/uploads\/2023\/11\/Conv Extraordinaria_2023-24_Resolucion Definitiva.report_REG.pdf\">Convocatoria Extraordinaria. Resoluci\u00f3n Definitiva<\/a><\/li>\n<li><a style=\"font-size: 16px;\" href=\"https:\/\/www.uhu.es\/etsi\/wp-content\/uploads\/2023\/11\/Conv-Extraordinaria_2023-24_Resolucion-Definitiva_RevisionOficio.report_Rgdo.pdf\">Convocatoria Extraordinaria. Resoluci\u00f3n Definitiva. Revisi\u00f3n de Oficio<\/a><\/li>\n<li><a style=\"font-size: 16px;\" href=\"https:\/\/www.uhu.es\/etsi\/wp-content\/uploads\/2023\/11\/Conv-Extraordinaria_2023-24_Resolucion-Definitiva_RevisionOficio2.report_RG.pdf\">Convocatoria Extraordinaria. Resoluci\u00f3n Definitiva. Revisi\u00f3n de Oficio 2<\/a><\/li>\n<\/ul>\n<p><strong>Curso 2022-2023<\/strong><\/p>\n<ul>\n<li><a style=\"font-size: 16px;\" href=\"https:\/\/www.uhu.es\/etsi\/secretariaDocumentos\/ConvocatoriaExamenes\/2022\/Anuncio%20Conv%20Extr-OrdIII_2022-09-13_Fdo.pdf\">Anuncio Convocatoria <\/a><\/li>\n<li><a style=\"font-size: 16px;\" href=\"https:\/\/www.uhu.es\/etsi\/secretariaDocumentos\/ConvocatoriaExamenes\/2022\/NOV%202022%20Resoluci%C3%B3n%20Provisional_Fdo_Rgdo-1.pdf\">Resoluci\u00f3n Provisional Noviembre <\/a><\/li>\n<li><a style=\"font-size: 16px;\" href=\"https:\/\/www.uhu.es\/etsi\/secretariaDocumentos\/ConvocatoriaExamenes\/2022\/Resoluci%C3%B3n%20Definitiva_Conv%20Extraordinaria-2022_Rectificaci%C3%B3n_Fdo_Rgdo.pdf\">Resoluci\u00f3n Definitiva Conv. Extraordinaria<\/a><\/li>\n<li><a style=\"font-size: 16px;\" href=\"https:\/\/www.uhu.es\/etsi\/secretariaDocumentos\/ConvocatoriaExamenes\/2022\/ORDIII%202022%20Resoluci%C3%B3n%20Provisional_Fdo_Rgdo.pdf\">Resoluci\u00f3n Provisional Conv. Ordinaria III.<\/a><\/li>\n<li><a style=\"font-size: 16px;\" href=\"https:\/\/www.uhu.es\/etsi\/secretariaDocumentos\/ConvocatoriaExamenes\/2022\/ORDIII%202022%20Resoluci%C3%B3n%20Provisional_ADENDA%20Y%20CORRECCI%C3%93N_Fdp_Rgdo.pdf\">Resoluci\u00f3n Provisional Conv. Ordinaria III. Correcci\u00f3n y adenda<\/a><\/li>\n<li><a style=\"font-size: 16px;\" href=\"https:\/\/www.uhu.es\/etsi\/secretariaDocumentos\/ConvocatoriaExamenes\/2022\/ORDIII-2022_Resoluci%C3%B3n%20Definitiva_actualizada_Fdo_Rgdo.pdf\">Resoluci\u00f3n Definitiva Conv. Ordinaria III<\/a><\/li>\n<\/ul>\n<p><strong>Curso 2021-2022<\/strong><\/p>\n<ul>\n<li><a style=\"font-size: 16px;\" href=\"https:\/\/www.uhu.es\/etsi\/secretariaDocumentos\/ConvocatoriaExamenes\/2021\/NOV-DIC_2021_Aviso%20web_20211006_FDO.pdf\">Anuncio Convocatoria <\/a><\/li>\n<li><a style=\"font-size: 16px;\" href=\"https:\/\/www.uhu.es\/etsi\/secretariaDocumentos\/ConvocatoriaExamenes\/2021\/3_NOV%202021%20Resoluci%C3%B3n%20Provisional_Fdo_Rgdo.pdf\">Resoluci\u00f3n Provisional Noviembre <\/a><\/li>\n<li><a style=\"font-size: 16px;\" href=\"https:\/\/www.uhu.es\/etsi\/secretariaDocumentos\/ConvocatoriaExamenes\/2021\/4_NOV%202021%20Resoluci%C3%B3n%20Definitiva_Fdo_Rgdo.pdf\">Resoluci\u00f3n Definitiva Noviembre<\/a><\/li>\n<li><a style=\"font-size: 16px;\" href=\"https:\/\/www.uhu.es\/etsi\/secretariaDocumentos\/ConvocatoriaExamenes\/2021\/3_DIC-2021_Resoluci%C3%B3n%20Provisional_Fdo_Rgdo.pdf\">Resoluci\u00f3n Provisional Diciembre<\/a><\/li>\n<li><a style=\"font-size: 16px;\" href=\"https:\/\/www.uhu.es\/etsi\/secretariaDocumentos\/ConvocatoriaExamenes\/2021\/3_Resoluci%C3%B3n%20Definitiva%20DIC-2021_Fdo_Rgdo.pdf\">Resoluci\u00f3n Definitiva Diciembre<\/a><\/li>\n<li><a style=\"font-size: 16px;\" href=\"https:\/\/www.uhu.es\/etsi\/informacion-academica\/informacion-comun-todos-los-titulos\/examenes\/\">Calendario de Ex\u00e1menes <\/a><\/li>\n<\/ul>\n<p><strong>Curso 2020-2021<\/strong><\/p>\n<ul>\n<li><a style=\"font-size: 16px;\" href=\"https:\/\/www.uhu.es\/etsi\/secretariaDocumentos\/ConvocatoriaExamenes\/2020\/NOV-DIC_2020_Aviso.pdf\">Anuncio Convocatoria <\/a><\/li>\n<li><a style=\"font-size: 16px;\" href=\"https:\/\/www.uhu.es\/etsi\/secretariaDocumentos\/ConvocatoriaExamenes\/2020\/NOV2020_Resolucion_Provisional_Dir_Firmado.pdf\" target=\"_blank\" rel=\"noopener\">Resoluci\u00f3n Provisional Noviembre<\/a><\/li>\n<li><a style=\"font-size: 16px;\" href=\"https:\/\/www.uhu.es\/etsi\/secretariaDocumentos\/ConvocatoriaExamenes\/2020\/8_NOV_2020_Resolucio%CC%81nDefinitiva_20201027_Firmado_Reg.pdf\">Resoluci\u00f3n Definitiva Noviembre<\/a><\/li>\n<li><a style=\"font-size: 16px;\" href=\"https:\/\/www.uhu.es\/etsi\/secretariaDocumentos\/ConvocatoriaExamenes\/2020\/DIC%202020%20Resolucio%CC%81n%20Provisional_4_Firmado_Reg.pdf\">Resoluci\u00f3n Provisional Diciembre<\/a><\/li>\n<li><a style=\"font-size: 16px;\" href=\"https:\/\/www.uhu.es\/etsi\/secretariaDocumentos\/ConvocatoriaExamenes\/2020\/Resolucio%CC%81n%20Definitiva_Reg.pdf\">Resoluci\u00f3n Definitiva Diciembre<\/a><\/li>\n<li><a style=\"font-size: 16px;\" href=\"https:\/\/www.uhu.es\/etsi\/informacion-academica\/informacion-comun-todos-los-titulos\/examenes\/\">Calendario de Ex\u00e1menes <\/a><\/li>\n<\/ul>\n<p><strong>Curso 2019-2020<\/strong><\/p>\n<ul>\n<li><a style=\"font-size: 16px;\" href=\"https:\/\/www.uhu.es\/etsi\/secretariaDocumentos\/ConvocatoriaExamenes\/2019\/CONVOCATORIAS%20DE%20EXAMENES.pdf\">Anuncio Convocatoria <\/a><\/li>\n<li><a style=\"font-size: 16px;\" href=\"https:\/\/www.uhu.es\/etsi\/secretariaDocumentos\/ConvocatoriaExamenes\/2019\/Conv_NOV%202019_Resoluci%C3%B3n%20Provisional.pdf\" target=\"_blank\" rel=\"noopener\">Resoluci\u00f3n Provisional Noviembre<\/a><\/li>\n<li><a style=\"font-size: 16px;\" href=\"https:\/\/www.uhu.es\/etsi\/secretariaDocumentos\/ConvocatoriaExamenes\/2019\/NOV%202019%20Resoluci%C3%B3n%20Definitiva.pdf\">Resoluci\u00f3n Definitiva Noviembre<\/a><\/li>\n<li><a style=\"font-size: 16px;\" href=\"https:\/\/www.uhu.es\/etsi\/secretariaDocumentos\/ConvocatoriaExamenes\/2019\/Conv_DIC%202019_Resoluci%C3%B3n%20Provisional.pdf\">Resoluci\u00f3n Provisional Diciembre<\/a>\n<ul>\n<li><a href=\"https:\/\/www.uhu.es\/etsi\/secretariaDocumentos\/ConvocatoriaExamenes\/2019\/DIC%202019%20Resoluci%C3%B3n%20Provisional_ADENDA.pdf\">ADENDA<\/a><\/li>\n<\/ul>\n<\/li>\n<li><a style=\"font-size: 16px;\" href=\"https:\/\/www.uhu.es\/etsi\/secretariaDocumentos\/ConvocatoriaExamenes\/2019\/DIC%202019%20Resoluci%C3%B3n%20Definitiva.pdf\">Resoluci\u00f3n Definitiva Diciembre<\/a><\/li>\n<li><a style=\"font-size: 16px;\" href=\"https:\/\/www.uhu.es\/etsi\/informacion-academica\/informacion-comun-todos-los-titulos\/examenes\/\">Calendario de Ex\u00e1menes <\/a><\/li>\n<\/ul>\n<p><strong>Curso 2018-2019<\/strong><\/p>\n<ul>\n<li><a style=\"font-size: 16px;\" href=\"https:\/\/www.uhu.es\/etsi\/secretariaDocumentos\/ConvocatoriaExamenes\/2018\/NOV2018_AvisoWeb20181004_MODIF.pdf\">Anuncio Convocatoria <\/a><\/li>\n<li><a style=\"font-size: 16px;\" href=\"https:\/\/www.uhu.es\/etsi\/secretariaDocumentos\/ConvocatoriaExamenes\/2018\/NOV2018%20Resoluci%C3%B3n%20Provisional.pdf\">Resoluci\u00f3n Provisional <\/a><\/li>\n<li><a style=\"font-size: 16px;\" href=\"https:\/\/www.uhu.es\/etsi\/secretariaDocumentos\/ConvocatoriaExamenes\/2018\/NOV2018%20Resoluci%C3%B3n%20Definitiva_PO-SubMov.pdf\">Resoluci\u00f3n Definitiva<\/a><\/li>\n<li><a style=\"font-size: 16px;\" href=\"https:\/\/www.uhu.es\/etsi\/secretariaDocumentos\/ConvocatoriaExamenes\/2018\/calendario_noviembre.pdf\">Calendario de Ex\u00e1menes <\/a><\/li>\n<\/ul>\n<p><strong>Curso 2017-2018<\/strong><\/p>\n<ul>\n<li><a style=\"font-size: 16px;\" href=\"https:\/\/www.uhu.es\/etsi\/secretariaDocumentos\/ConvocatoriaExamenes\/2017\/NOV_2017_Anuncio.pdf\">Anuncio Convocatoria Curso 2017-2018<\/a><\/li>\n<li><a style=\"font-size: 16px;\" href=\"https:\/\/www.uhu.es\/etsi\/secretariaDocumentos\/ConvocatoriaExamenes\/2017\/NOV_2017%20Resoluci%C3%B3n%20Provisional.pdf\">Resoluci\u00f3n Provisional Curso 2017-2018<\/a><\/li>\n<li><a style=\"font-size: 16px;\" href=\"http:\/\/www.uhu.es\/secretariaDocumentos\/ConvocatoriaExamenes\/2017\/Resoluci\u00f3n Definitiva Noviembre 2017.pdf\">Resoluci\u00f3n Definitiva Curso 2017-2018<\/a><\/li>\n<li><a style=\"font-size: 16px;\" href=\"http:\/\/www.uhu.es\/secretariaDocumentos\/ConvocatoriaExamenes\/2017\/calendario_noviembre.pdf\">Calendario de Ex\u00e1menes Curso 2017-2018 <\/a><\/li>\n<\/ul>\n<\/div> <!-- end .x-accordion-inner --><\/div> <!-- end .x-accordion-body --><\/div> <!-- end .x-accordion-group -->\n<\/div>\n","protected":false},"excerpt":{"rendered":"<p>Aplicaci\u00f3n de gesti\u00f3n Manual de usuario. Acceso a la aplicaci\u00f3n<\/p>\n","protected":false},"author":7,"featured_media":0,"parent":6660,"menu_order":0,"comment_status":"closed","ping_status":"closed","template":"template-layout-full-width.php","meta":[],"yoast_head":"<!-- This site is optimized with the Yoast SEO plugin v20.2.1 - https:\/\/yoast.com\/wordpress\/plugins\/seo\/ -->\n<title>Convocatorias de ex\u00e1menes Ordinaria III y Extraordinaria. - ETSI, UHU<\/title>\n<meta name=\"robots\" content=\"index, follow, max-snippet:-1, max-image-preview:large, max-video-preview:-1\" \/>\n<link rel=\"canonical\" href=\"https:\/\/www.uhu.es\/etsi\/secretaria\/convocatoria-extraordinaria-examenes-noviembre\/\" \/>\n<meta property=\"og:locale\" content=\"es_ES\" \/>\n<meta property=\"og:type\" content=\"article\" \/>\n<meta property=\"og:title\" content=\"Convocatorias de ex\u00e1menes Ordinaria III y Extraordinaria. - ETSI, UHU\" \/>\n<meta property=\"og:description\" content=\"Aplicaci\u00f3n de gesti\u00f3n Manual de usuario. Acceso a la aplicaci\u00f3n\" \/>\n<meta property=\"og:url\" content=\"https:\/\/www.uhu.es\/etsi\/secretaria\/convocatoria-extraordinaria-examenes-noviembre\/\" \/>\n<meta property=\"og:site_name\" content=\"ETSI, UHU\" \/>\n<meta property=\"article:modified_time\" content=\"2025-11-19T10:59:53+00:00\" \/>\n<meta name=\"twitter:label1\" content=\"Est. reading time\" \/>\n\t<meta name=\"twitter:data1\" content=\"2 minutes\" \/>\n<script type=\"application\/ld+json\" class=\"yoast-schema-graph\">{\"@context\":\"https:\/\/schema.org\",\"@graph\":[{\"@type\":\"WebPage\",\"@id\":\"https:\/\/www.uhu.es\/etsi\/secretaria\/convocatoria-extraordinaria-examenes-noviembre\/\",\"url\":\"https:\/\/www.uhu.es\/etsi\/secretaria\/convocatoria-extraordinaria-examenes-noviembre\/\",\"name\":\"Convocatorias de ex\u00e1menes Ordinaria III y Extraordinaria. - ETSI, UHU\",\"isPartOf\":{\"@id\":\"https:\/\/www.uhu.es\/etsi\/#website\"},\"datePublished\":\"2017-10-11T08:37:39+00:00\",\"dateModified\":\"2025-11-19T10:59:53+00:00\",\"breadcrumb\":{\"@id\":\"https:\/\/www.uhu.es\/etsi\/secretaria\/convocatoria-extraordinaria-examenes-noviembre\/#breadcrumb\"},\"inLanguage\":\"es-ES\",\"potentialAction\":[{\"@type\":\"ReadAction\",\"target\":[\"https:\/\/www.uhu.es\/etsi\/secretaria\/convocatoria-extraordinaria-examenes-noviembre\/\"]}]},{\"@type\":\"BreadcrumbList\",\"@id\":\"https:\/\/www.uhu.es\/etsi\/secretaria\/convocatoria-extraordinaria-examenes-noviembre\/#breadcrumb\",\"itemListElement\":[{\"@type\":\"ListItem\",\"position\":1,\"name\":\"Portada\",\"item\":\"https:\/\/www.uhu.es\/etsi\/\"},{\"@type\":\"ListItem\",\"position\":2,\"name\":\"Secretar\u00eda\",\"item\":\"https:\/\/www.uhu.es\/etsi\/secretaria\/\"},{\"@type\":\"ListItem\",\"position\":3,\"name\":\"Convocatorias de ex\u00e1menes Ordinaria III y Extraordinaria.\"}]},{\"@type\":\"WebSite\",\"@id\":\"https:\/\/www.uhu.es\/etsi\/#website\",\"url\":\"https:\/\/www.uhu.es\/etsi\/\",\"name\":\"ETSI, UHU\",\"description\":\"Escuela T\u00e9cnica Superior de  Ingenier\u00eda de la Universidad de Huelva\",\"publisher\":{\"@id\":\"https:\/\/www.uhu.es\/etsi\/#organization\"},\"potentialAction\":[{\"@type\":\"SearchAction\",\"target\":{\"@type\":\"EntryPoint\",\"urlTemplate\":\"https:\/\/www.uhu.es\/etsi\/?s={search_term_string}\"},\"query-input\":\"required name=search_term_string\"}],\"inLanguage\":\"es-ES\"},{\"@type\":\"Organization\",\"@id\":\"https:\/\/www.uhu.es\/etsi\/#organization\",\"name\":\"UHU ETSI\",\"url\":\"https:\/\/www.uhu.es\/etsi\/\",\"logo\":{\"@type\":\"ImageObject\",\"inLanguage\":\"es-ES\",\"@id\":\"https:\/\/www.uhu.es\/etsi\/#\/schema\/logo\/image\/\",\"url\":\"http:\/\/www.uhu.es\/etsi\/wp-content\/uploads\/2016\/02\/membrete_ETSI.jpg\",\"contentUrl\":\"http:\/\/www.uhu.es\/etsi\/wp-content\/uploads\/2016\/02\/membrete_ETSI.jpg\",\"width\":423,\"height\":81,\"caption\":\"UHU ETSI\"},\"image\":{\"@id\":\"https:\/\/www.uhu.es\/etsi\/#\/schema\/logo\/image\/\"}}]}<\/script>\n<!-- \/ Yoast SEO plugin. -->","yoast_head_json":{"title":"Convocatorias de ex\u00e1menes Ordinaria III y Extraordinaria. - ETSI, UHU","robots":{"index":"index","follow":"follow","max-snippet":"max-snippet:-1","max-image-preview":"max-image-preview:large","max-video-preview":"max-video-preview:-1"},"canonical":"https:\/\/www.uhu.es\/etsi\/secretaria\/convocatoria-extraordinaria-examenes-noviembre\/","og_locale":"es_ES","og_type":"article","og_title":"Convocatorias de ex\u00e1menes Ordinaria III y Extraordinaria. - ETSI, UHU","og_description":"Aplicaci\u00f3n de gesti\u00f3n Manual de usuario. Acceso a la aplicaci\u00f3n","og_url":"https:\/\/www.uhu.es\/etsi\/secretaria\/convocatoria-extraordinaria-examenes-noviembre\/","og_site_name":"ETSI, UHU","article_modified_time":"2025-11-19T10:59:53+00:00","twitter_misc":{"Est. reading time":"2 minutes"},"schema":{"@context":"https:\/\/schema.org","@graph":[{"@type":"WebPage","@id":"https:\/\/www.uhu.es\/etsi\/secretaria\/convocatoria-extraordinaria-examenes-noviembre\/","url":"https:\/\/www.uhu.es\/etsi\/secretaria\/convocatoria-extraordinaria-examenes-noviembre\/","name":"Convocatorias de ex\u00e1menes Ordinaria III y Extraordinaria. - ETSI, UHU","isPartOf":{"@id":"https:\/\/www.uhu.es\/etsi\/#website"},"datePublished":"2017-10-11T08:37:39+00:00","dateModified":"2025-11-19T10:59:53+00:00","breadcrumb":{"@id":"https:\/\/www.uhu.es\/etsi\/secretaria\/convocatoria-extraordinaria-examenes-noviembre\/#breadcrumb"},"inLanguage":"es-ES","potentialAction":[{"@type":"ReadAction","target":["https:\/\/www.uhu.es\/etsi\/secretaria\/convocatoria-extraordinaria-examenes-noviembre\/"]}]},{"@type":"BreadcrumbList","@id":"https:\/\/www.uhu.es\/etsi\/secretaria\/convocatoria-extraordinaria-examenes-noviembre\/#breadcrumb","itemListElement":[{"@type":"ListItem","position":1,"name":"Portada","item":"https:\/\/www.uhu.es\/etsi\/"},{"@type":"ListItem","position":2,"name":"Secretar\u00eda","item":"https:\/\/www.uhu.es\/etsi\/secretaria\/"},{"@type":"ListItem","position":3,"name":"Convocatorias de ex\u00e1menes Ordinaria III y Extraordinaria."}]},{"@type":"WebSite","@id":"https:\/\/www.uhu.es\/etsi\/#website","url":"https:\/\/www.uhu.es\/etsi\/","name":"ETSI, UHU","description":"Escuela T\u00e9cnica Superior de  Ingenier\u00eda de la Universidad de Huelva","publisher":{"@id":"https:\/\/www.uhu.es\/etsi\/#organization"},"potentialAction":[{"@type":"SearchAction","target":{"@type":"EntryPoint","urlTemplate":"https:\/\/www.uhu.es\/etsi\/?s={search_term_string}"},"query-input":"required name=search_term_string"}],"inLanguage":"es-ES"},{"@type":"Organization","@id":"https:\/\/www.uhu.es\/etsi\/#organization","name":"UHU ETSI","url":"https:\/\/www.uhu.es\/etsi\/","logo":{"@type":"ImageObject","inLanguage":"es-ES","@id":"https:\/\/www.uhu.es\/etsi\/#\/schema\/logo\/image\/","url":"http:\/\/www.uhu.es\/etsi\/wp-content\/uploads\/2016\/02\/membrete_ETSI.jpg","contentUrl":"http:\/\/www.uhu.es\/etsi\/wp-content\/uploads\/2016\/02\/membrete_ETSI.jpg","width":423,"height":81,"caption":"UHU ETSI"},"image":{"@id":"https:\/\/www.uhu.es\/etsi\/#\/schema\/logo\/image\/"}}]}},"_links":{"self":[{"href":"https:\/\/www.uhu.es\/etsi\/wp-json\/wp\/v2\/pages\/14757"}],"collection":[{"href":"https:\/\/www.uhu.es\/etsi\/wp-json\/wp\/v2\/pages"}],"about":[{"href":"https:\/\/www.uhu.es\/etsi\/wp-json\/wp\/v2\/types\/page"}],"author":[{"embeddable":true,"href":"https:\/\/www.uhu.es\/etsi\/wp-json\/wp\/v2\/users\/7"}],"replies":[{"embeddable":true,"href":"https:\/\/www.uhu.es\/etsi\/wp-json\/wp\/v2\/comments?post=14757"}],"version-history":[{"count":91,"href":"https:\/\/www.uhu.es\/etsi\/wp-json\/wp\/v2\/pages\/14757\/revisions"}],"predecessor-version":[{"id":25660,"href":"https:\/\/www.uhu.es\/etsi\/wp-json\/wp\/v2\/pages\/14757\/revisions\/25660"}],"up":[{"embeddable":true,"href":"https:\/\/www.uhu.es\/etsi\/wp-json\/wp\/v2\/pages\/6660"}],"wp:attachment":[{"href":"https:\/\/www.uhu.es\/etsi\/wp-json\/wp\/v2\/media?parent=14757"}],"curies":[{"name":"wp","href":"https:\/\/api.w.org\/{rel}","templated":true}]}}