{"id":14914,"date":"2017-11-02T10:50:49","date_gmt":"2017-11-02T09:50:49","guid":{"rendered":"http:\/\/www.uhu.es\/etsi\/?page_id=14914"},"modified":"2017-11-02T12:02:28","modified_gmt":"2017-11-02T11:02:28","slug":"taller-tecnicas-estudio","status":"publish","type":"page","link":"https:\/\/www.uhu.es\/etsi\/estudiantes-2\/programa-mentorizacion\/programa-faro\/taller-tecnicas-estudio\/","title":{"rendered":"Taller: &#8220;T\u00e9cnicas de Estudio&#8221;"},"content":{"rendered":"<p><img decoding=\"async\" loading=\"lazy\" class=\"size-full wp-image-13474 aligncenter\" src=\"https:\/\/www.uhu.es\/etsi\/wp-content\/uploads\/2017\/02\/faro.gif\" alt=\"\" width=\"297\" height=\"127\" \/><\/p>\n<p><strong>DESCRIPCI\u00d3N:\u00a0<\/strong><\/p>\n<p>Con la llegada a la Universidad, aumentan los contenidos y el nivel de exigencia y disminuye el control externo, esto exige a la mayor\u00eda del alumnado mejorar sus estrategias de organizaci\u00f3n del tiempo, su habilidad para tomar notas, sus t\u00e9cnicas de b\u00fasqueda y selecci\u00f3n de informaci\u00f3n, su atenci\u00f3n y concentraci\u00f3n prolongadas.<\/p>\n<p>Conocer y entrenarse en <strong>T\u00e9cnicas de Estudio<\/strong> que potencien y faciliten la habilidad para aprender, son pasos claves para sacar el m\u00e1ximo provecho y conseguir el mejor rendimiento en los a\u00f1os de formaci\u00f3n acad\u00e9mica.<\/p>\n<p>En el Taller de T\u00e9cnicas de Estudio conoceremos t\u00e9cnicas din\u00e1micas para mejorar los resultados y rendimiento a la hora de estudiar. Estas t\u00e9cnicas no son infalibles, ya que cada persona deber\u00e1, primero conocerlas y despu\u00e9s elegir aquellas que se adapten a su forma de aprender y retener contenidos e incluso adaptarlas o inventar nuevas maneras de llevarlas a la pr\u00e1ctica.<\/p>\n<p><strong>LUGAR:<\/strong>\u00a0Edificio Jos\u00e9 Isidoro Morales (Campus El Carmen) &#8212; Aula IM 2.8.<\/p>\n<p><strong>D\u00cdAS:<\/strong> 7 (de 11:30 a 12:30) y 8 (de 12:30 a 13:30) de noviembre.<\/p>\n<p><strong>OBSERVACIONES:<\/strong> Para que el taller sea operativo y pr\u00e1ctico no deber\u00e1 superar las 50 inscripciones.<\/p>\n<p style=\"text-align: center;\"><span style=\"font-size: 24pt; color: #ff0000;\"><a style=\"color: #ff0000;\" href=\"https:\/\/www.uhu.es\/etsi\/estudiantes-2\/programa-faro\/programa-faro-2017-2018\/taller-tecnicas-estudio\/formulario-inscripcion-taller\/\">Formulario de Inscripci\u00f3n<\/a><\/span><\/p>\n","protected":false},"excerpt":{"rendered":"<p>DESCRIPCI\u00d3N:\u00a0 Con la llegada a la Universidad, aumentan los contenidos y el nivel de exigencia y disminuye el control externo, &#8230; <\/p>\n<div><a href=\"https:\/\/www.uhu.es\/etsi\/estudiantes-2\/programa-mentorizacion\/programa-faro\/taller-tecnicas-estudio\/\" class=\"more-link\">Read More<\/a><\/div>\n","protected":false},"author":7,"featured_media":0,"parent":9989,"menu_order":0,"comment_status":"closed","ping_status":"closed","template":"template-layout-full-width.php","meta":[],"yoast_head":"<!-- This site is optimized with the Yoast SEO plugin v20.2.1 - https:\/\/yoast.com\/wordpress\/plugins\/seo\/ -->\n<title>Taller: &quot;T\u00e9cnicas de Estudio&quot; - ETSI, UHU<\/title>\n<meta name=\"robots\" content=\"index, follow, max-snippet:-1, max-image-preview:large, max-video-preview:-1\" \/>\n<link rel=\"canonical\" href=\"https:\/\/www.uhu.es\/etsi\/estudiantes-2\/programa-mentorizacion\/programa-faro\/taller-tecnicas-estudio\/\" \/>\n<meta property=\"og:locale\" content=\"es_ES\" \/>\n<meta property=\"og:type\" content=\"article\" \/>\n<meta property=\"og:title\" content=\"Taller: &quot;T\u00e9cnicas de Estudio&quot; - ETSI, UHU\" \/>\n<meta property=\"og:description\" content=\"DESCRIPCI\u00d3N:\u00a0 Con la llegada a la Universidad, aumentan los contenidos y el nivel de exigencia y disminuye el control externo, ... Read More\" \/>\n<meta property=\"og:url\" content=\"https:\/\/www.uhu.es\/etsi\/estudiantes-2\/programa-mentorizacion\/programa-faro\/taller-tecnicas-estudio\/\" \/>\n<meta property=\"og:site_name\" content=\"ETSI, UHU\" \/>\n<meta property=\"article:modified_time\" content=\"2017-11-02T11:02:28+00:00\" \/>\n<meta property=\"og:image\" content=\"http:\/\/www.uhu.es\/etsi\/wp-content\/uploads\/2017\/02\/faro.gif\" \/>\n<meta name=\"twitter:label1\" content=\"Est. reading time\" \/>\n\t<meta name=\"twitter:data1\" content=\"1 minute\" \/>\n<script type=\"application\/ld+json\" class=\"yoast-schema-graph\">{\"@context\":\"https:\/\/schema.org\",\"@graph\":[{\"@type\":\"WebPage\",\"@id\":\"https:\/\/www.uhu.es\/etsi\/estudiantes-2\/programa-mentorizacion\/programa-faro\/taller-tecnicas-estudio\/\",\"url\":\"https:\/\/www.uhu.es\/etsi\/estudiantes-2\/programa-mentorizacion\/programa-faro\/taller-tecnicas-estudio\/\",\"name\":\"Taller: \\\"T\u00e9cnicas de Estudio\\\" - ETSI, UHU\",\"isPartOf\":{\"@id\":\"https:\/\/www.uhu.es\/etsi\/#website\"},\"datePublished\":\"2017-11-02T09:50:49+00:00\",\"dateModified\":\"2017-11-02T11:02:28+00:00\",\"breadcrumb\":{\"@id\":\"https:\/\/www.uhu.es\/etsi\/estudiantes-2\/programa-mentorizacion\/programa-faro\/taller-tecnicas-estudio\/#breadcrumb\"},\"inLanguage\":\"es-ES\",\"potentialAction\":[{\"@type\":\"ReadAction\",\"target\":[\"https:\/\/www.uhu.es\/etsi\/estudiantes-2\/programa-mentorizacion\/programa-faro\/taller-tecnicas-estudio\/\"]}]},{\"@type\":\"BreadcrumbList\",\"@id\":\"https:\/\/www.uhu.es\/etsi\/estudiantes-2\/programa-mentorizacion\/programa-faro\/taller-tecnicas-estudio\/#breadcrumb\",\"itemListElement\":[{\"@type\":\"ListItem\",\"position\":1,\"name\":\"Portada\",\"item\":\"https:\/\/www.uhu.es\/etsi\/\"},{\"@type\":\"ListItem\",\"position\":2,\"name\":\"Estudiantes\",\"item\":\"https:\/\/www.uhu.es\/etsi\/estudiantes-2\/\"},{\"@type\":\"ListItem\",\"position\":3,\"name\":\"Programa De Mentorizacion\",\"item\":\"https:\/\/www.uhu.es\/etsi\/estudiantes-2\/programa-mentorizacion\/\"},{\"@type\":\"ListItem\",\"position\":4,\"name\":\"Programa Faro\",\"item\":\"https:\/\/www.uhu.es\/etsi\/estudiantes-2\/programa-mentorizacion\/programa-faro\/\"},{\"@type\":\"ListItem\",\"position\":5,\"name\":\"Taller: &#8220;T\u00e9cnicas de Estudio&#8221;\"}]},{\"@type\":\"WebSite\",\"@id\":\"https:\/\/www.uhu.es\/etsi\/#website\",\"url\":\"https:\/\/www.uhu.es\/etsi\/\",\"name\":\"ETSI, UHU\",\"description\":\"Escuela T\u00e9cnica Superior de  Ingenier\u00eda de la Universidad de Huelva\",\"publisher\":{\"@id\":\"https:\/\/www.uhu.es\/etsi\/#organization\"},\"potentialAction\":[{\"@type\":\"SearchAction\",\"target\":{\"@type\":\"EntryPoint\",\"urlTemplate\":\"https:\/\/www.uhu.es\/etsi\/?s={search_term_string}\"},\"query-input\":\"required name=search_term_string\"}],\"inLanguage\":\"es-ES\"},{\"@type\":\"Organization\",\"@id\":\"https:\/\/www.uhu.es\/etsi\/#organization\",\"name\":\"UHU ETSI\",\"url\":\"https:\/\/www.uhu.es\/etsi\/\",\"logo\":{\"@type\":\"ImageObject\",\"inLanguage\":\"es-ES\",\"@id\":\"https:\/\/www.uhu.es\/etsi\/#\/schema\/logo\/image\/\",\"url\":\"http:\/\/www.uhu.es\/etsi\/wp-content\/uploads\/2016\/02\/membrete_ETSI.jpg\",\"contentUrl\":\"http:\/\/www.uhu.es\/etsi\/wp-content\/uploads\/2016\/02\/membrete_ETSI.jpg\",\"width\":423,\"height\":81,\"caption\":\"UHU ETSI\"},\"image\":{\"@id\":\"https:\/\/www.uhu.es\/etsi\/#\/schema\/logo\/image\/\"}}]}<\/script>\n<!-- \/ Yoast SEO plugin. -->","yoast_head_json":{"title":"Taller: \"T\u00e9cnicas de Estudio\" - ETSI, UHU","robots":{"index":"index","follow":"follow","max-snippet":"max-snippet:-1","max-image-preview":"max-image-preview:large","max-video-preview":"max-video-preview:-1"},"canonical":"https:\/\/www.uhu.es\/etsi\/estudiantes-2\/programa-mentorizacion\/programa-faro\/taller-tecnicas-estudio\/","og_locale":"es_ES","og_type":"article","og_title":"Taller: \"T\u00e9cnicas de Estudio\" - ETSI, UHU","og_description":"DESCRIPCI\u00d3N:\u00a0 Con la llegada a la Universidad, aumentan los contenidos y el nivel de exigencia y disminuye el control externo, ... Read More","og_url":"https:\/\/www.uhu.es\/etsi\/estudiantes-2\/programa-mentorizacion\/programa-faro\/taller-tecnicas-estudio\/","og_site_name":"ETSI, UHU","article_modified_time":"2017-11-02T11:02:28+00:00","og_image":[{"url":"http:\/\/www.uhu.es\/etsi\/wp-content\/uploads\/2017\/02\/faro.gif"}],"twitter_misc":{"Est. reading time":"1 minute"},"schema":{"@context":"https:\/\/schema.org","@graph":[{"@type":"WebPage","@id":"https:\/\/www.uhu.es\/etsi\/estudiantes-2\/programa-mentorizacion\/programa-faro\/taller-tecnicas-estudio\/","url":"https:\/\/www.uhu.es\/etsi\/estudiantes-2\/programa-mentorizacion\/programa-faro\/taller-tecnicas-estudio\/","name":"Taller: \"T\u00e9cnicas de Estudio\" - ETSI, UHU","isPartOf":{"@id":"https:\/\/www.uhu.es\/etsi\/#website"},"datePublished":"2017-11-02T09:50:49+00:00","dateModified":"2017-11-02T11:02:28+00:00","breadcrumb":{"@id":"https:\/\/www.uhu.es\/etsi\/estudiantes-2\/programa-mentorizacion\/programa-faro\/taller-tecnicas-estudio\/#breadcrumb"},"inLanguage":"es-ES","potentialAction":[{"@type":"ReadAction","target":["https:\/\/www.uhu.es\/etsi\/estudiantes-2\/programa-mentorizacion\/programa-faro\/taller-tecnicas-estudio\/"]}]},{"@type":"BreadcrumbList","@id":"https:\/\/www.uhu.es\/etsi\/estudiantes-2\/programa-mentorizacion\/programa-faro\/taller-tecnicas-estudio\/#breadcrumb","itemListElement":[{"@type":"ListItem","position":1,"name":"Portada","item":"https:\/\/www.uhu.es\/etsi\/"},{"@type":"ListItem","position":2,"name":"Estudiantes","item":"https:\/\/www.uhu.es\/etsi\/estudiantes-2\/"},{"@type":"ListItem","position":3,"name":"Programa De Mentorizacion","item":"https:\/\/www.uhu.es\/etsi\/estudiantes-2\/programa-mentorizacion\/"},{"@type":"ListItem","position":4,"name":"Programa Faro","item":"https:\/\/www.uhu.es\/etsi\/estudiantes-2\/programa-mentorizacion\/programa-faro\/"},{"@type":"ListItem","position":5,"name":"Taller: &#8220;T\u00e9cnicas de Estudio&#8221;"}]},{"@type":"WebSite","@id":"https:\/\/www.uhu.es\/etsi\/#website","url":"https:\/\/www.uhu.es\/etsi\/","name":"ETSI, UHU","description":"Escuela T\u00e9cnica Superior de  Ingenier\u00eda de la Universidad de Huelva","publisher":{"@id":"https:\/\/www.uhu.es\/etsi\/#organization"},"potentialAction":[{"@type":"SearchAction","target":{"@type":"EntryPoint","urlTemplate":"https:\/\/www.uhu.es\/etsi\/?s={search_term_string}"},"query-input":"required name=search_term_string"}],"inLanguage":"es-ES"},{"@type":"Organization","@id":"https:\/\/www.uhu.es\/etsi\/#organization","name":"UHU ETSI","url":"https:\/\/www.uhu.es\/etsi\/","logo":{"@type":"ImageObject","inLanguage":"es-ES","@id":"https:\/\/www.uhu.es\/etsi\/#\/schema\/logo\/image\/","url":"http:\/\/www.uhu.es\/etsi\/wp-content\/uploads\/2016\/02\/membrete_ETSI.jpg","contentUrl":"http:\/\/www.uhu.es\/etsi\/wp-content\/uploads\/2016\/02\/membrete_ETSI.jpg","width":423,"height":81,"caption":"UHU ETSI"},"image":{"@id":"https:\/\/www.uhu.es\/etsi\/#\/schema\/logo\/image\/"}}]}},"_links":{"self":[{"href":"https:\/\/www.uhu.es\/etsi\/wp-json\/wp\/v2\/pages\/14914"}],"collection":[{"href":"https:\/\/www.uhu.es\/etsi\/wp-json\/wp\/v2\/pages"}],"about":[{"href":"https:\/\/www.uhu.es\/etsi\/wp-json\/wp\/v2\/types\/page"}],"author":[{"embeddable":true,"href":"https:\/\/www.uhu.es\/etsi\/wp-json\/wp\/v2\/users\/7"}],"replies":[{"embeddable":true,"href":"https:\/\/www.uhu.es\/etsi\/wp-json\/wp\/v2\/comments?post=14914"}],"version-history":[{"count":3,"href":"https:\/\/www.uhu.es\/etsi\/wp-json\/wp\/v2\/pages\/14914\/revisions"}],"predecessor-version":[{"id":14920,"href":"https:\/\/www.uhu.es\/etsi\/wp-json\/wp\/v2\/pages\/14914\/revisions\/14920"}],"up":[{"embeddable":true,"href":"https:\/\/www.uhu.es\/etsi\/wp-json\/wp\/v2\/pages\/9989"}],"wp:attachment":[{"href":"https:\/\/www.uhu.es\/etsi\/wp-json\/wp\/v2\/media?parent=14914"}],"curies":[{"name":"wp","href":"https:\/\/api.w.org\/{rel}","templated":true}]}}