{"id":14916,"date":"2017-11-02T11:35:17","date_gmt":"2017-11-02T10:35:17","guid":{"rendered":"http:\/\/www.uhu.es\/etsi\/?page_id=14916"},"modified":"2017-11-02T12:14:55","modified_gmt":"2017-11-02T11:14:55","slug":"formulario-inscripcion-taller","status":"publish","type":"page","link":"https:\/\/www.uhu.es\/etsi\/estudiantes-2\/programa-mentorizacion\/programa-faro\/taller-tecnicas-estudio\/formulario-inscripcion-taller\/","title":{"rendered":"Formulario Inscripci\u00f3n Taller"},"content":{"rendered":"<p>Las personas que deseen apuntarse deben rellenar el siguiente formulario on-line:<\/p>\n<form action=\"http:\/\/uhu.es\/etsi\/wp_formulario\/conexion_taller_tecnicas_estudio.php\" method=\"post\" class=\"formuini\" enctype=\"text\" name=\"formularioinicio\">\n<fieldset>\n<table style=\"border:none;\">\n<tr>\n<td style=\"border:none;\"><label for=\"nomb\"> Nombre:  <\/label><\/td>\n<td style=\"border:none;\"><input type=\"text\" size=\"75\" placeholder=\"Nombre\" name=\"nomb\" required\/><\/td>\n<\/tr>\n<tr>\n<td style=\"border:none;\"><label for=\"ape\"> Apellidos:  <\/label><\/td>\n<td style=\"border:none;\"><input type=\"text\" size=\"75\" placeholder=\"Apellidos\" name=\"ape\" required\/><\/td>\n<\/tr>\n<tr>\n<td style=\"border:none;\"><label for=\"correo\">Correo: <\/label><\/td>\n<td style=\"border:none;\"><input type=\"text\" size=\"75\" placeholder=\"example@mail.com\" name=\"correo\" required\/><\/td>\n<\/tr>\n<tr>\n<td style=\"border:none;\"><label for=\"tit\">Titulaci\u00f3n: <\/label> <\/td>\n<td style=\"border:none;\"><select id=\"tit\" name=\"tit\"><option value=\"\" selected=\"selected\">&#8211; selecciona &#8211;<\/option><option value=\"Grado en Ingenier\u00eda Agr\u00edcola\">Grado en Ingenier\u00eda Agr\u00edcola<\/option><option value=\"Grado en Ingenier\u00eda Inform\u00e1tica\">Grado en Ingenier\u00eda Inform\u00e1tica<\/option><option value=\"Grado de Ingenier\u00eda Explotaci\u00f3n de Minas y Recursos Energ\u00e9ticos\">Grado de Ingenier\u00eda Explotaci\u00f3n de Minas y Recursos Energ\u00e9ticos<\/option><option value=\"Grado en Ingenier\u00eda El\u00e9ctrica\">Grado en Ingenier\u00eda El\u00e9ctrica<\/option><option value=\"Grado en Ingenier\u00eda Electr\u00f3nica Industrial\">Grado en Ingenier\u00eda Electr\u00f3nica Industrial<\/option><option value=\"Grado en Ingenier\u00eda Energ\u00e9tica\">Grado en Ingenier\u00eda Energ\u00e9tica<\/option><option value=\"Grado en Ingenier\u00eda Forestal y del Medio Natural\">Grado en Ingenier\u00eda Forestal y del Medio Natural<\/option><option value=\"Grado en Ingenier\u00eda Mec\u00e1nica\">Grado en Ingenier\u00eda Mec\u00e1nica<\/option><option value=\"Grado en Ingenier\u00eda Qu\u00edmica Industrial\">Grado en Ingenier\u00eda Qu\u00edmica Industrial<\/option><option value=\"Doble Grado en Ingenier\u00eda El\u00e9ctrica e Ingenier\u00eda Energ\u00e9tica\">Doble Grado en Ingenier\u00eda El\u00e9ctrica e Ingenier\u00eda Energ\u00e9tica<\/option><option value=\"Doble Grado en Ingenier\u00eda Electr\u00f3nica Industrial e Ingenier\u00eda Mec\u00e1nica\">Doble Grado en Ingenier\u00eda Electr\u00f3nica Industrial e Ingenier\u00eda Mec\u00e1nica<\/option><option value=\"M\u00e1ster Oficial en Ingenier\u00eda Industrial\">M\u00e1ster Oficial en Ingenier\u00eda Industrial<\/option><option value=\"M\u00e1ster Oficial en Ingenier\u00eda Qu\u00edmica\">M\u00e1ster Oficial en Ingenier\u00eda Qu\u00edmica<\/option><option value=\"M\u00e1ster Oficial en Ingenier\u00eda Inform\u00e1tica\">M\u00e1ster Oficial en Ingenier\u00eda Inform\u00e1tica<\/option><option value=\"M\u00e1ster Oficial en Ingenier\u00eda de Montes\">M\u00e1ster Oficial en Ingenier\u00eda de Montes<\/option><\/select><\/td>\n<\/tr>\n<tr>\n<td style=\"border:none;\"><button class=\"boton\" name=\"nboton\" type=\"submit\">Enviar<\/button><\/td>\n<\/tr>\n<\/table>\n<\/fieldset>\n<\/form>\n","protected":false},"excerpt":{"rendered":"<p>Las personas que deseen apuntarse deben rellenar el siguiente formulario on-line: Nombre: Apellidos: Correo: Titulaci\u00f3n: &#8211; selecciona &#8211;Grado en Ingenier\u00eda &#8230; <\/p>\n<div><a href=\"https:\/\/www.uhu.es\/etsi\/estudiantes-2\/programa-mentorizacion\/programa-faro\/taller-tecnicas-estudio\/formulario-inscripcion-taller\/\" class=\"more-link\">Read More<\/a><\/div>\n","protected":false},"author":7,"featured_media":0,"parent":14914,"menu_order":0,"comment_status":"closed","ping_status":"closed","template":"template-layout-full-width.php","meta":[],"yoast_head":"<!-- This site is optimized with the Yoast SEO plugin v20.2.1 - https:\/\/yoast.com\/wordpress\/plugins\/seo\/ -->\n<title>Formulario Inscripci\u00f3n Taller - ETSI, UHU<\/title>\n<meta name=\"robots\" content=\"index, follow, max-snippet:-1, max-image-preview:large, max-video-preview:-1\" \/>\n<link rel=\"canonical\" href=\"https:\/\/www.uhu.es\/etsi\/estudiantes-2\/programa-mentorizacion\/programa-faro\/taller-tecnicas-estudio\/formulario-inscripcion-taller\/\" \/>\n<meta property=\"og:locale\" content=\"es_ES\" \/>\n<meta property=\"og:type\" content=\"article\" \/>\n<meta property=\"og:title\" content=\"Formulario Inscripci\u00f3n Taller - ETSI, UHU\" \/>\n<meta property=\"og:description\" content=\"Las personas que deseen apuntarse deben rellenar el siguiente formulario on-line: Nombre: Apellidos: Correo: Titulaci\u00f3n: &#8211; selecciona &#8211;Grado en Ingenier\u00eda ... Read More\" \/>\n<meta property=\"og:url\" content=\"https:\/\/www.uhu.es\/etsi\/estudiantes-2\/programa-mentorizacion\/programa-faro\/taller-tecnicas-estudio\/formulario-inscripcion-taller\/\" \/>\n<meta property=\"og:site_name\" content=\"ETSI, UHU\" \/>\n<meta property=\"article:modified_time\" content=\"2017-11-02T11:14:55+00:00\" \/>\n<meta name=\"twitter:label1\" content=\"Est. reading time\" \/>\n\t<meta name=\"twitter:data1\" content=\"1 minute\" \/>\n<script type=\"application\/ld+json\" class=\"yoast-schema-graph\">{\"@context\":\"https:\/\/schema.org\",\"@graph\":[{\"@type\":\"WebPage\",\"@id\":\"https:\/\/www.uhu.es\/etsi\/estudiantes-2\/programa-mentorizacion\/programa-faro\/taller-tecnicas-estudio\/formulario-inscripcion-taller\/\",\"url\":\"https:\/\/www.uhu.es\/etsi\/estudiantes-2\/programa-mentorizacion\/programa-faro\/taller-tecnicas-estudio\/formulario-inscripcion-taller\/\",\"name\":\"Formulario Inscripci\u00f3n Taller - ETSI, UHU\",\"isPartOf\":{\"@id\":\"https:\/\/www.uhu.es\/etsi\/#website\"},\"datePublished\":\"2017-11-02T10:35:17+00:00\",\"dateModified\":\"2017-11-02T11:14:55+00:00\",\"breadcrumb\":{\"@id\":\"https:\/\/www.uhu.es\/etsi\/estudiantes-2\/programa-mentorizacion\/programa-faro\/taller-tecnicas-estudio\/formulario-inscripcion-taller\/#breadcrumb\"},\"inLanguage\":\"es-ES\",\"potentialAction\":[{\"@type\":\"ReadAction\",\"target\":[\"https:\/\/www.uhu.es\/etsi\/estudiantes-2\/programa-mentorizacion\/programa-faro\/taller-tecnicas-estudio\/formulario-inscripcion-taller\/\"]}]},{\"@type\":\"BreadcrumbList\",\"@id\":\"https:\/\/www.uhu.es\/etsi\/estudiantes-2\/programa-mentorizacion\/programa-faro\/taller-tecnicas-estudio\/formulario-inscripcion-taller\/#breadcrumb\",\"itemListElement\":[{\"@type\":\"ListItem\",\"position\":1,\"name\":\"Portada\",\"item\":\"https:\/\/www.uhu.es\/etsi\/\"},{\"@type\":\"ListItem\",\"position\":2,\"name\":\"Estudiantes\",\"item\":\"https:\/\/www.uhu.es\/etsi\/estudiantes-2\/\"},{\"@type\":\"ListItem\",\"position\":3,\"name\":\"Programa De Mentorizacion\",\"item\":\"https:\/\/www.uhu.es\/etsi\/estudiantes-2\/programa-mentorizacion\/\"},{\"@type\":\"ListItem\",\"position\":4,\"name\":\"Programa Faro\",\"item\":\"https:\/\/www.uhu.es\/etsi\/estudiantes-2\/programa-mentorizacion\/programa-faro\/\"},{\"@type\":\"ListItem\",\"position\":5,\"name\":\"Taller: &#8220;T\u00e9cnicas de Estudio&#8221;\",\"item\":\"https:\/\/www.uhu.es\/etsi\/estudiantes-2\/programa-mentorizacion\/programa-faro\/taller-tecnicas-estudio\/\"},{\"@type\":\"ListItem\",\"position\":6,\"name\":\"Formulario Inscripci\u00f3n Taller\"}]},{\"@type\":\"WebSite\",\"@id\":\"https:\/\/www.uhu.es\/etsi\/#website\",\"url\":\"https:\/\/www.uhu.es\/etsi\/\",\"name\":\"ETSI, UHU\",\"description\":\"Escuela T\u00e9cnica Superior de  Ingenier\u00eda de la Universidad de Huelva\",\"publisher\":{\"@id\":\"https:\/\/www.uhu.es\/etsi\/#organization\"},\"potentialAction\":[{\"@type\":\"SearchAction\",\"target\":{\"@type\":\"EntryPoint\",\"urlTemplate\":\"https:\/\/www.uhu.es\/etsi\/?s={search_term_string}\"},\"query-input\":\"required name=search_term_string\"}],\"inLanguage\":\"es-ES\"},{\"@type\":\"Organization\",\"@id\":\"https:\/\/www.uhu.es\/etsi\/#organization\",\"name\":\"UHU ETSI\",\"url\":\"https:\/\/www.uhu.es\/etsi\/\",\"logo\":{\"@type\":\"ImageObject\",\"inLanguage\":\"es-ES\",\"@id\":\"https:\/\/www.uhu.es\/etsi\/#\/schema\/logo\/image\/\",\"url\":\"http:\/\/www.uhu.es\/etsi\/wp-content\/uploads\/2016\/02\/membrete_ETSI.jpg\",\"contentUrl\":\"http:\/\/www.uhu.es\/etsi\/wp-content\/uploads\/2016\/02\/membrete_ETSI.jpg\",\"width\":423,\"height\":81,\"caption\":\"UHU ETSI\"},\"image\":{\"@id\":\"https:\/\/www.uhu.es\/etsi\/#\/schema\/logo\/image\/\"}}]}<\/script>\n<!-- \/ Yoast SEO plugin. -->","yoast_head_json":{"title":"Formulario Inscripci\u00f3n Taller - ETSI, UHU","robots":{"index":"index","follow":"follow","max-snippet":"max-snippet:-1","max-image-preview":"max-image-preview:large","max-video-preview":"max-video-preview:-1"},"canonical":"https:\/\/www.uhu.es\/etsi\/estudiantes-2\/programa-mentorizacion\/programa-faro\/taller-tecnicas-estudio\/formulario-inscripcion-taller\/","og_locale":"es_ES","og_type":"article","og_title":"Formulario Inscripci\u00f3n Taller - ETSI, UHU","og_description":"Las personas que deseen apuntarse deben rellenar el siguiente formulario on-line: Nombre: Apellidos: Correo: Titulaci\u00f3n: &#8211; selecciona &#8211;Grado en Ingenier\u00eda ... Read More","og_url":"https:\/\/www.uhu.es\/etsi\/estudiantes-2\/programa-mentorizacion\/programa-faro\/taller-tecnicas-estudio\/formulario-inscripcion-taller\/","og_site_name":"ETSI, UHU","article_modified_time":"2017-11-02T11:14:55+00:00","twitter_misc":{"Est. reading time":"1 minute"},"schema":{"@context":"https:\/\/schema.org","@graph":[{"@type":"WebPage","@id":"https:\/\/www.uhu.es\/etsi\/estudiantes-2\/programa-mentorizacion\/programa-faro\/taller-tecnicas-estudio\/formulario-inscripcion-taller\/","url":"https:\/\/www.uhu.es\/etsi\/estudiantes-2\/programa-mentorizacion\/programa-faro\/taller-tecnicas-estudio\/formulario-inscripcion-taller\/","name":"Formulario Inscripci\u00f3n Taller - ETSI, UHU","isPartOf":{"@id":"https:\/\/www.uhu.es\/etsi\/#website"},"datePublished":"2017-11-02T10:35:17+00:00","dateModified":"2017-11-02T11:14:55+00:00","breadcrumb":{"@id":"https:\/\/www.uhu.es\/etsi\/estudiantes-2\/programa-mentorizacion\/programa-faro\/taller-tecnicas-estudio\/formulario-inscripcion-taller\/#breadcrumb"},"inLanguage":"es-ES","potentialAction":[{"@type":"ReadAction","target":["https:\/\/www.uhu.es\/etsi\/estudiantes-2\/programa-mentorizacion\/programa-faro\/taller-tecnicas-estudio\/formulario-inscripcion-taller\/"]}]},{"@type":"BreadcrumbList","@id":"https:\/\/www.uhu.es\/etsi\/estudiantes-2\/programa-mentorizacion\/programa-faro\/taller-tecnicas-estudio\/formulario-inscripcion-taller\/#breadcrumb","itemListElement":[{"@type":"ListItem","position":1,"name":"Portada","item":"https:\/\/www.uhu.es\/etsi\/"},{"@type":"ListItem","position":2,"name":"Estudiantes","item":"https:\/\/www.uhu.es\/etsi\/estudiantes-2\/"},{"@type":"ListItem","position":3,"name":"Programa De Mentorizacion","item":"https:\/\/www.uhu.es\/etsi\/estudiantes-2\/programa-mentorizacion\/"},{"@type":"ListItem","position":4,"name":"Programa Faro","item":"https:\/\/www.uhu.es\/etsi\/estudiantes-2\/programa-mentorizacion\/programa-faro\/"},{"@type":"ListItem","position":5,"name":"Taller: &#8220;T\u00e9cnicas de Estudio&#8221;","item":"https:\/\/www.uhu.es\/etsi\/estudiantes-2\/programa-mentorizacion\/programa-faro\/taller-tecnicas-estudio\/"},{"@type":"ListItem","position":6,"name":"Formulario Inscripci\u00f3n Taller"}]},{"@type":"WebSite","@id":"https:\/\/www.uhu.es\/etsi\/#website","url":"https:\/\/www.uhu.es\/etsi\/","name":"ETSI, UHU","description":"Escuela T\u00e9cnica Superior de  Ingenier\u00eda de la Universidad de Huelva","publisher":{"@id":"https:\/\/www.uhu.es\/etsi\/#organization"},"potentialAction":[{"@type":"SearchAction","target":{"@type":"EntryPoint","urlTemplate":"https:\/\/www.uhu.es\/etsi\/?s={search_term_string}"},"query-input":"required name=search_term_string"}],"inLanguage":"es-ES"},{"@type":"Organization","@id":"https:\/\/www.uhu.es\/etsi\/#organization","name":"UHU ETSI","url":"https:\/\/www.uhu.es\/etsi\/","logo":{"@type":"ImageObject","inLanguage":"es-ES","@id":"https:\/\/www.uhu.es\/etsi\/#\/schema\/logo\/image\/","url":"http:\/\/www.uhu.es\/etsi\/wp-content\/uploads\/2016\/02\/membrete_ETSI.jpg","contentUrl":"http:\/\/www.uhu.es\/etsi\/wp-content\/uploads\/2016\/02\/membrete_ETSI.jpg","width":423,"height":81,"caption":"UHU ETSI"},"image":{"@id":"https:\/\/www.uhu.es\/etsi\/#\/schema\/logo\/image\/"}}]}},"_links":{"self":[{"href":"https:\/\/www.uhu.es\/etsi\/wp-json\/wp\/v2\/pages\/14916"}],"collection":[{"href":"https:\/\/www.uhu.es\/etsi\/wp-json\/wp\/v2\/pages"}],"about":[{"href":"https:\/\/www.uhu.es\/etsi\/wp-json\/wp\/v2\/types\/page"}],"author":[{"embeddable":true,"href":"https:\/\/www.uhu.es\/etsi\/wp-json\/wp\/v2\/users\/7"}],"replies":[{"embeddable":true,"href":"https:\/\/www.uhu.es\/etsi\/wp-json\/wp\/v2\/comments?post=14916"}],"version-history":[{"count":4,"href":"https:\/\/www.uhu.es\/etsi\/wp-json\/wp\/v2\/pages\/14916\/revisions"}],"predecessor-version":[{"id":14923,"href":"https:\/\/www.uhu.es\/etsi\/wp-json\/wp\/v2\/pages\/14916\/revisions\/14923"}],"up":[{"embeddable":true,"href":"https:\/\/www.uhu.es\/etsi\/wp-json\/wp\/v2\/pages\/14914"}],"wp:attachment":[{"href":"https:\/\/www.uhu.es\/etsi\/wp-json\/wp\/v2\/media?parent=14916"}],"curies":[{"name":"wp","href":"https:\/\/api.w.org\/{rel}","templated":true}]}}