{"id":14972,"date":"2017-11-14T12:13:55","date_gmt":"2017-11-14T11:13:55","guid":{"rendered":"http:\/\/www.uhu.es\/etsi\/?page_id=14972"},"modified":"2017-11-15T11:23:18","modified_gmt":"2017-11-15T10:23:18","slug":"taller-habilidades-comunicacion","status":"publish","type":"page","link":"https:\/\/www.uhu.es\/etsi\/estudiantes-2\/programa-mentorizacion\/programa-faro\/taller-habilidades-comunicacion\/","title":{"rendered":"Taller: &#8220;Habilidades de Comunicaci\u00f3n&#8221;"},"content":{"rendered":"<p><img decoding=\"async\" loading=\"lazy\" class=\"size-full wp-image-13474 aligncenter\" src=\"https:\/\/www.uhu.es\/etsi\/wp-content\/uploads\/2017\/02\/faro.gif\" alt=\"\" width=\"297\" height=\"127\" \/><\/p>\n<p><strong>DESCRIPCI\u00d3N:\u00a0<\/strong><\/p>\n<p>Las Habilidades de Comunicaci\u00f3n son conductas que nos facilitan las relaciones con los dem\u00e1s, mediante las que expresamos nuestros deseos, sentimientos, opiniones y actitudes de forma asertiva, respetando las de los dem\u00e1s; estas habilidades de comunicaci\u00f3n no son algo innato, sino que las aprendemos a lo largo de nuestra vida. As\u00ed mismo, est\u00e1n intr\u00ednsecamente relacionadas con la inteligencia emocional, la cual tambi\u00e9n se va desarrollando y aprendiendo a lo largo de todo el ciclo vital.<\/p>\n<p>En el Taller de Habilidades de Comunicaci\u00f3n trabajaremos todos estos conceptos, los cuales repercuten de forma tanto directa o indirecta en la vida acad\u00e9mica del alumnado.<\/p>\n<p><strong>LUGAR:<\/strong>\u00a0Edificio Jos\u00e9 Isidoro Morales (Campus El Carmen) &#8212; Aula IM 2.7.<\/p>\n<p><strong>D\u00cdA:<\/strong> 30 de noviembre de 12:30-14:30.<\/p>\n<p><strong>OBSERVACIONES:<\/strong> Para que el taller sea operativo y pr\u00e1ctico no deber\u00e1 superar las 50 inscripciones.<\/p>\n<p style=\"text-align: center;\"><span style=\"font-size: 24pt; color: #ff0000;\"><a style=\"color: #ff0000;\" href=\"https:\/\/www.uhu.es\/etsi\/estudiantes-2\/programa-faro\/programa-faro-2017-2018\/taller-habilidades-comunicacion\/formulario-inscripcion-taller\/\">Formulario de Inscripci\u00f3n<\/a><\/span><\/p>\n","protected":false},"excerpt":{"rendered":"<p>DESCRIPCI\u00d3N:\u00a0 Las Habilidades de Comunicaci\u00f3n son conductas que nos facilitan las relaciones con los dem\u00e1s, mediante las que expresamos nuestros &#8230; <\/p>\n<div><a href=\"https:\/\/www.uhu.es\/etsi\/estudiantes-2\/programa-mentorizacion\/programa-faro\/taller-habilidades-comunicacion\/\" class=\"more-link\">Read More<\/a><\/div>\n","protected":false},"author":7,"featured_media":0,"parent":9989,"menu_order":0,"comment_status":"closed","ping_status":"closed","template":"template-layout-full-width.php","meta":[],"yoast_head":"<!-- This site is optimized with the Yoast SEO plugin v20.2.1 - https:\/\/yoast.com\/wordpress\/plugins\/seo\/ -->\n<title>Taller: &quot;Habilidades de Comunicaci\u00f3n&quot; - ETSI, UHU<\/title>\n<meta name=\"robots\" content=\"index, follow, max-snippet:-1, max-image-preview:large, max-video-preview:-1\" \/>\n<link rel=\"canonical\" href=\"https:\/\/www.uhu.es\/etsi\/estudiantes-2\/programa-mentorizacion\/programa-faro\/taller-habilidades-comunicacion\/\" \/>\n<meta property=\"og:locale\" content=\"es_ES\" \/>\n<meta property=\"og:type\" content=\"article\" \/>\n<meta property=\"og:title\" content=\"Taller: &quot;Habilidades de Comunicaci\u00f3n&quot; - ETSI, UHU\" \/>\n<meta property=\"og:description\" content=\"DESCRIPCI\u00d3N:\u00a0 Las Habilidades de Comunicaci\u00f3n son conductas que nos facilitan las relaciones con los dem\u00e1s, mediante las que expresamos nuestros ... Read More\" \/>\n<meta property=\"og:url\" content=\"https:\/\/www.uhu.es\/etsi\/estudiantes-2\/programa-mentorizacion\/programa-faro\/taller-habilidades-comunicacion\/\" \/>\n<meta property=\"og:site_name\" content=\"ETSI, UHU\" \/>\n<meta property=\"article:modified_time\" content=\"2017-11-15T10:23:18+00:00\" \/>\n<meta property=\"og:image\" content=\"http:\/\/www.uhu.es\/etsi\/wp-content\/uploads\/2017\/02\/faro.gif\" \/>\n<meta name=\"twitter:label1\" content=\"Est. reading time\" \/>\n\t<meta name=\"twitter:data1\" content=\"1 minute\" \/>\n<script type=\"application\/ld+json\" class=\"yoast-schema-graph\">{\"@context\":\"https:\/\/schema.org\",\"@graph\":[{\"@type\":\"WebPage\",\"@id\":\"https:\/\/www.uhu.es\/etsi\/estudiantes-2\/programa-mentorizacion\/programa-faro\/taller-habilidades-comunicacion\/\",\"url\":\"https:\/\/www.uhu.es\/etsi\/estudiantes-2\/programa-mentorizacion\/programa-faro\/taller-habilidades-comunicacion\/\",\"name\":\"Taller: \\\"Habilidades de Comunicaci\u00f3n\\\" - ETSI, UHU\",\"isPartOf\":{\"@id\":\"https:\/\/www.uhu.es\/etsi\/#website\"},\"datePublished\":\"2017-11-14T11:13:55+00:00\",\"dateModified\":\"2017-11-15T10:23:18+00:00\",\"breadcrumb\":{\"@id\":\"https:\/\/www.uhu.es\/etsi\/estudiantes-2\/programa-mentorizacion\/programa-faro\/taller-habilidades-comunicacion\/#breadcrumb\"},\"inLanguage\":\"es-ES\",\"potentialAction\":[{\"@type\":\"ReadAction\",\"target\":[\"https:\/\/www.uhu.es\/etsi\/estudiantes-2\/programa-mentorizacion\/programa-faro\/taller-habilidades-comunicacion\/\"]}]},{\"@type\":\"BreadcrumbList\",\"@id\":\"https:\/\/www.uhu.es\/etsi\/estudiantes-2\/programa-mentorizacion\/programa-faro\/taller-habilidades-comunicacion\/#breadcrumb\",\"itemListElement\":[{\"@type\":\"ListItem\",\"position\":1,\"name\":\"Portada\",\"item\":\"https:\/\/www.uhu.es\/etsi\/\"},{\"@type\":\"ListItem\",\"position\":2,\"name\":\"Estudiantes\",\"item\":\"https:\/\/www.uhu.es\/etsi\/estudiantes-2\/\"},{\"@type\":\"ListItem\",\"position\":3,\"name\":\"Programa De Mentorizacion\",\"item\":\"https:\/\/www.uhu.es\/etsi\/estudiantes-2\/programa-mentorizacion\/\"},{\"@type\":\"ListItem\",\"position\":4,\"name\":\"Programa Faro\",\"item\":\"https:\/\/www.uhu.es\/etsi\/estudiantes-2\/programa-mentorizacion\/programa-faro\/\"},{\"@type\":\"ListItem\",\"position\":5,\"name\":\"Taller: &#8220;Habilidades de Comunicaci\u00f3n&#8221;\"}]},{\"@type\":\"WebSite\",\"@id\":\"https:\/\/www.uhu.es\/etsi\/#website\",\"url\":\"https:\/\/www.uhu.es\/etsi\/\",\"name\":\"ETSI, UHU\",\"description\":\"Escuela T\u00e9cnica Superior de  Ingenier\u00eda de la Universidad de Huelva\",\"publisher\":{\"@id\":\"https:\/\/www.uhu.es\/etsi\/#organization\"},\"potentialAction\":[{\"@type\":\"SearchAction\",\"target\":{\"@type\":\"EntryPoint\",\"urlTemplate\":\"https:\/\/www.uhu.es\/etsi\/?s={search_term_string}\"},\"query-input\":\"required name=search_term_string\"}],\"inLanguage\":\"es-ES\"},{\"@type\":\"Organization\",\"@id\":\"https:\/\/www.uhu.es\/etsi\/#organization\",\"name\":\"UHU ETSI\",\"url\":\"https:\/\/www.uhu.es\/etsi\/\",\"logo\":{\"@type\":\"ImageObject\",\"inLanguage\":\"es-ES\",\"@id\":\"https:\/\/www.uhu.es\/etsi\/#\/schema\/logo\/image\/\",\"url\":\"http:\/\/www.uhu.es\/etsi\/wp-content\/uploads\/2016\/02\/membrete_ETSI.jpg\",\"contentUrl\":\"http:\/\/www.uhu.es\/etsi\/wp-content\/uploads\/2016\/02\/membrete_ETSI.jpg\",\"width\":423,\"height\":81,\"caption\":\"UHU ETSI\"},\"image\":{\"@id\":\"https:\/\/www.uhu.es\/etsi\/#\/schema\/logo\/image\/\"}}]}<\/script>\n<!-- \/ Yoast SEO plugin. -->","yoast_head_json":{"title":"Taller: \"Habilidades de Comunicaci\u00f3n\" - ETSI, UHU","robots":{"index":"index","follow":"follow","max-snippet":"max-snippet:-1","max-image-preview":"max-image-preview:large","max-video-preview":"max-video-preview:-1"},"canonical":"https:\/\/www.uhu.es\/etsi\/estudiantes-2\/programa-mentorizacion\/programa-faro\/taller-habilidades-comunicacion\/","og_locale":"es_ES","og_type":"article","og_title":"Taller: \"Habilidades de Comunicaci\u00f3n\" - ETSI, UHU","og_description":"DESCRIPCI\u00d3N:\u00a0 Las Habilidades de Comunicaci\u00f3n son conductas que nos facilitan las relaciones con los dem\u00e1s, mediante las que expresamos nuestros ... Read More","og_url":"https:\/\/www.uhu.es\/etsi\/estudiantes-2\/programa-mentorizacion\/programa-faro\/taller-habilidades-comunicacion\/","og_site_name":"ETSI, UHU","article_modified_time":"2017-11-15T10:23:18+00:00","og_image":[{"url":"http:\/\/www.uhu.es\/etsi\/wp-content\/uploads\/2017\/02\/faro.gif"}],"twitter_misc":{"Est. reading time":"1 minute"},"schema":{"@context":"https:\/\/schema.org","@graph":[{"@type":"WebPage","@id":"https:\/\/www.uhu.es\/etsi\/estudiantes-2\/programa-mentorizacion\/programa-faro\/taller-habilidades-comunicacion\/","url":"https:\/\/www.uhu.es\/etsi\/estudiantes-2\/programa-mentorizacion\/programa-faro\/taller-habilidades-comunicacion\/","name":"Taller: \"Habilidades de Comunicaci\u00f3n\" - ETSI, UHU","isPartOf":{"@id":"https:\/\/www.uhu.es\/etsi\/#website"},"datePublished":"2017-11-14T11:13:55+00:00","dateModified":"2017-11-15T10:23:18+00:00","breadcrumb":{"@id":"https:\/\/www.uhu.es\/etsi\/estudiantes-2\/programa-mentorizacion\/programa-faro\/taller-habilidades-comunicacion\/#breadcrumb"},"inLanguage":"es-ES","potentialAction":[{"@type":"ReadAction","target":["https:\/\/www.uhu.es\/etsi\/estudiantes-2\/programa-mentorizacion\/programa-faro\/taller-habilidades-comunicacion\/"]}]},{"@type":"BreadcrumbList","@id":"https:\/\/www.uhu.es\/etsi\/estudiantes-2\/programa-mentorizacion\/programa-faro\/taller-habilidades-comunicacion\/#breadcrumb","itemListElement":[{"@type":"ListItem","position":1,"name":"Portada","item":"https:\/\/www.uhu.es\/etsi\/"},{"@type":"ListItem","position":2,"name":"Estudiantes","item":"https:\/\/www.uhu.es\/etsi\/estudiantes-2\/"},{"@type":"ListItem","position":3,"name":"Programa De Mentorizacion","item":"https:\/\/www.uhu.es\/etsi\/estudiantes-2\/programa-mentorizacion\/"},{"@type":"ListItem","position":4,"name":"Programa Faro","item":"https:\/\/www.uhu.es\/etsi\/estudiantes-2\/programa-mentorizacion\/programa-faro\/"},{"@type":"ListItem","position":5,"name":"Taller: &#8220;Habilidades de Comunicaci\u00f3n&#8221;"}]},{"@type":"WebSite","@id":"https:\/\/www.uhu.es\/etsi\/#website","url":"https:\/\/www.uhu.es\/etsi\/","name":"ETSI, UHU","description":"Escuela T\u00e9cnica Superior de  Ingenier\u00eda de la Universidad de Huelva","publisher":{"@id":"https:\/\/www.uhu.es\/etsi\/#organization"},"potentialAction":[{"@type":"SearchAction","target":{"@type":"EntryPoint","urlTemplate":"https:\/\/www.uhu.es\/etsi\/?s={search_term_string}"},"query-input":"required name=search_term_string"}],"inLanguage":"es-ES"},{"@type":"Organization","@id":"https:\/\/www.uhu.es\/etsi\/#organization","name":"UHU ETSI","url":"https:\/\/www.uhu.es\/etsi\/","logo":{"@type":"ImageObject","inLanguage":"es-ES","@id":"https:\/\/www.uhu.es\/etsi\/#\/schema\/logo\/image\/","url":"http:\/\/www.uhu.es\/etsi\/wp-content\/uploads\/2016\/02\/membrete_ETSI.jpg","contentUrl":"http:\/\/www.uhu.es\/etsi\/wp-content\/uploads\/2016\/02\/membrete_ETSI.jpg","width":423,"height":81,"caption":"UHU ETSI"},"image":{"@id":"https:\/\/www.uhu.es\/etsi\/#\/schema\/logo\/image\/"}}]}},"_links":{"self":[{"href":"https:\/\/www.uhu.es\/etsi\/wp-json\/wp\/v2\/pages\/14972"}],"collection":[{"href":"https:\/\/www.uhu.es\/etsi\/wp-json\/wp\/v2\/pages"}],"about":[{"href":"https:\/\/www.uhu.es\/etsi\/wp-json\/wp\/v2\/types\/page"}],"author":[{"embeddable":true,"href":"https:\/\/www.uhu.es\/etsi\/wp-json\/wp\/v2\/users\/7"}],"replies":[{"embeddable":true,"href":"https:\/\/www.uhu.es\/etsi\/wp-json\/wp\/v2\/comments?post=14972"}],"version-history":[{"count":3,"href":"https:\/\/www.uhu.es\/etsi\/wp-json\/wp\/v2\/pages\/14972\/revisions"}],"predecessor-version":[{"id":14985,"href":"https:\/\/www.uhu.es\/etsi\/wp-json\/wp\/v2\/pages\/14972\/revisions\/14985"}],"up":[{"embeddable":true,"href":"https:\/\/www.uhu.es\/etsi\/wp-json\/wp\/v2\/pages\/9989"}],"wp:attachment":[{"href":"https:\/\/www.uhu.es\/etsi\/wp-json\/wp\/v2\/media?parent=14972"}],"curies":[{"name":"wp","href":"https:\/\/api.w.org\/{rel}","templated":true}]}}