{"id":15771,"date":"2018-04-06T11:20:26","date_gmt":"2018-04-06T10:20:26","guid":{"rendered":"http:\/\/www.uhu.es\/etsi\/?page_id=15771"},"modified":"2018-04-06T11:33:20","modified_gmt":"2018-04-06T10:33:20","slug":"taller-lego-serious-play-para-redescubrir-tu-modelo-de-negocio-2","status":"publish","type":"page","link":"https:\/\/www.uhu.es\/etsi\/estudiantes-2\/programa-mentorizacion\/programa-faro\/taller-lego-serious-play-para-redescubrir-tu-modelo-de-negocio-2\/","title":{"rendered":"Taller \u201cLego\u00ae Serious Play\u00ae para Redescubrir Tu Modelo de Negocio 2\u201d"},"content":{"rendered":"<p>Nueva sesi\u00f3n.<br \/>\nDescripci\u00f3n: LEGO\u00ae Serious Play\u00ae es una disciplina de reflexi\u00f3n, construcci\u00f3n y creaci\u00f3n de met\u00e1foras que se convierten en espacios de an\u00e1lisis, debate y conviviencia de personas, ideas y proyectos. Por medio de preguntas clave, los participantes van profundizando en temas de una manera que nunca antes hab\u00edan hecho hasta alcanzar soluciones y respuestas altamente creativas, disruptivas e inspiradoras para la toma de acciones reales. Este taller est\u00e1 dirigido por un experto y certificado facilitador de Lego\u00ae Serious Play\u00ae, pero tambi\u00e9n emprendedor, que ha dise\u00f1ado especialmente este taller para que obtengas los siguientes beneficios:<\/p>\n<ul>\n<li>Mayor n\u00famero de respuestas<\/li>\n<li>Entrenar el an\u00e1lisis de tu modelo de negocio.<\/li>\n<li>Situaciones y escenarios futuros que, muy probablemente, todav\u00eda no tengan una clara respuesta para ti.<\/li>\n<li>Descubrirte.<\/li>\n<li>Conocer otras visiones.<\/li>\n<li>Miradas de personas en tu misma situaci\u00f3n y con similares cuestionamientos, pero tambi\u00e9n diferentes enfoques.<\/li>\n<li>Comunicar tu modelo de negocio con mayor refectividad.<\/li>\n<li>Un enriquecimiento a todos los niveles.<\/li>\n<\/ul>\n<h5> M\u00e1s informaci\u00f3n e inscripci\u00f3n en <a style=\"color: #ff0000;\" href=\"https:\/\/www.eoi.es\/es\/eventos\/27109\/taller-legor-serious-playr-para-redescubrir-tu-modelo-de-negocio-huelva\"><strong>aqu\u00ed<\/strong><\/a> <\/h5>\n<p><img decoding=\"async\" src=\"https:\/\/www.uhu.es\/etsi\/wp-content\/uploads\/2018\/04\/lego2.jpg\" alt=\"Imagen\" \/><\/p>\n","protected":false},"excerpt":{"rendered":"<p>Nueva sesi\u00f3n. Descripci\u00f3n: LEGO\u00ae Serious Play\u00ae es una disciplina de reflexi\u00f3n, construcci\u00f3n y creaci\u00f3n de met\u00e1foras que se convierten en &#8230; <\/p>\n<div><a href=\"https:\/\/www.uhu.es\/etsi\/estudiantes-2\/programa-mentorizacion\/programa-faro\/taller-lego-serious-play-para-redescubrir-tu-modelo-de-negocio-2\/\" class=\"more-link\">Read More<\/a><\/div>\n","protected":false},"author":7,"featured_media":0,"parent":9989,"menu_order":0,"comment_status":"closed","ping_status":"closed","template":"template-layout-full-width.php","meta":[],"yoast_head":"<!-- This site is optimized with the Yoast SEO plugin v20.2.1 - https:\/\/yoast.com\/wordpress\/plugins\/seo\/ -->\n<title>Taller \u201cLego\u00ae Serious Play\u00ae para Redescubrir Tu Modelo de Negocio 2\u201d - ETSI, UHU<\/title>\n<meta name=\"robots\" content=\"index, follow, max-snippet:-1, max-image-preview:large, max-video-preview:-1\" \/>\n<link rel=\"canonical\" href=\"https:\/\/www.uhu.es\/etsi\/estudiantes-2\/programa-mentorizacion\/programa-faro\/taller-lego-serious-play-para-redescubrir-tu-modelo-de-negocio-2\/\" \/>\n<meta property=\"og:locale\" content=\"es_ES\" \/>\n<meta property=\"og:type\" content=\"article\" \/>\n<meta property=\"og:title\" content=\"Taller \u201cLego\u00ae Serious Play\u00ae para Redescubrir Tu Modelo de Negocio 2\u201d - ETSI, UHU\" \/>\n<meta property=\"og:description\" content=\"Nueva sesi\u00f3n. Descripci\u00f3n: LEGO\u00ae Serious Play\u00ae es una disciplina de reflexi\u00f3n, construcci\u00f3n y creaci\u00f3n de met\u00e1foras que se convierten en ... Read More\" \/>\n<meta property=\"og:url\" content=\"https:\/\/www.uhu.es\/etsi\/estudiantes-2\/programa-mentorizacion\/programa-faro\/taller-lego-serious-play-para-redescubrir-tu-modelo-de-negocio-2\/\" \/>\n<meta property=\"og:site_name\" content=\"ETSI, UHU\" \/>\n<meta property=\"article:modified_time\" content=\"2018-04-06T10:33:20+00:00\" \/>\n<meta property=\"og:image\" content=\"http:\/\/www.uhu.es\/etsi\/wp-content\/uploads\/2018\/04\/lego2.jpg\" \/>\n<meta name=\"twitter:label1\" content=\"Est. reading time\" \/>\n\t<meta name=\"twitter:data1\" content=\"1 minute\" \/>\n<script type=\"application\/ld+json\" class=\"yoast-schema-graph\">{\"@context\":\"https:\/\/schema.org\",\"@graph\":[{\"@type\":\"WebPage\",\"@id\":\"https:\/\/www.uhu.es\/etsi\/estudiantes-2\/programa-mentorizacion\/programa-faro\/taller-lego-serious-play-para-redescubrir-tu-modelo-de-negocio-2\/\",\"url\":\"https:\/\/www.uhu.es\/etsi\/estudiantes-2\/programa-mentorizacion\/programa-faro\/taller-lego-serious-play-para-redescubrir-tu-modelo-de-negocio-2\/\",\"name\":\"Taller \u201cLego\u00ae Serious Play\u00ae para Redescubrir Tu Modelo de Negocio 2\u201d - ETSI, UHU\",\"isPartOf\":{\"@id\":\"https:\/\/www.uhu.es\/etsi\/#website\"},\"datePublished\":\"2018-04-06T10:20:26+00:00\",\"dateModified\":\"2018-04-06T10:33:20+00:00\",\"breadcrumb\":{\"@id\":\"https:\/\/www.uhu.es\/etsi\/estudiantes-2\/programa-mentorizacion\/programa-faro\/taller-lego-serious-play-para-redescubrir-tu-modelo-de-negocio-2\/#breadcrumb\"},\"inLanguage\":\"es-ES\",\"potentialAction\":[{\"@type\":\"ReadAction\",\"target\":[\"https:\/\/www.uhu.es\/etsi\/estudiantes-2\/programa-mentorizacion\/programa-faro\/taller-lego-serious-play-para-redescubrir-tu-modelo-de-negocio-2\/\"]}]},{\"@type\":\"BreadcrumbList\",\"@id\":\"https:\/\/www.uhu.es\/etsi\/estudiantes-2\/programa-mentorizacion\/programa-faro\/taller-lego-serious-play-para-redescubrir-tu-modelo-de-negocio-2\/#breadcrumb\",\"itemListElement\":[{\"@type\":\"ListItem\",\"position\":1,\"name\":\"Portada\",\"item\":\"https:\/\/www.uhu.es\/etsi\/\"},{\"@type\":\"ListItem\",\"position\":2,\"name\":\"Estudiantes\",\"item\":\"https:\/\/www.uhu.es\/etsi\/estudiantes-2\/\"},{\"@type\":\"ListItem\",\"position\":3,\"name\":\"Programa De Mentorizacion\",\"item\":\"https:\/\/www.uhu.es\/etsi\/estudiantes-2\/programa-mentorizacion\/\"},{\"@type\":\"ListItem\",\"position\":4,\"name\":\"Programa Faro\",\"item\":\"https:\/\/www.uhu.es\/etsi\/estudiantes-2\/programa-mentorizacion\/programa-faro\/\"},{\"@type\":\"ListItem\",\"position\":5,\"name\":\"Taller \u201cLego\u00ae Serious Play\u00ae para Redescubrir Tu Modelo de Negocio 2\u201d\"}]},{\"@type\":\"WebSite\",\"@id\":\"https:\/\/www.uhu.es\/etsi\/#website\",\"url\":\"https:\/\/www.uhu.es\/etsi\/\",\"name\":\"ETSI, UHU\",\"description\":\"Escuela T\u00e9cnica Superior de  Ingenier\u00eda de la Universidad de Huelva\",\"publisher\":{\"@id\":\"https:\/\/www.uhu.es\/etsi\/#organization\"},\"potentialAction\":[{\"@type\":\"SearchAction\",\"target\":{\"@type\":\"EntryPoint\",\"urlTemplate\":\"https:\/\/www.uhu.es\/etsi\/?s={search_term_string}\"},\"query-input\":\"required name=search_term_string\"}],\"inLanguage\":\"es-ES\"},{\"@type\":\"Organization\",\"@id\":\"https:\/\/www.uhu.es\/etsi\/#organization\",\"name\":\"UHU ETSI\",\"url\":\"https:\/\/www.uhu.es\/etsi\/\",\"logo\":{\"@type\":\"ImageObject\",\"inLanguage\":\"es-ES\",\"@id\":\"https:\/\/www.uhu.es\/etsi\/#\/schema\/logo\/image\/\",\"url\":\"http:\/\/www.uhu.es\/etsi\/wp-content\/uploads\/2016\/02\/membrete_ETSI.jpg\",\"contentUrl\":\"http:\/\/www.uhu.es\/etsi\/wp-content\/uploads\/2016\/02\/membrete_ETSI.jpg\",\"width\":423,\"height\":81,\"caption\":\"UHU ETSI\"},\"image\":{\"@id\":\"https:\/\/www.uhu.es\/etsi\/#\/schema\/logo\/image\/\"}}]}<\/script>\n<!-- \/ Yoast SEO plugin. -->","yoast_head_json":{"title":"Taller \u201cLego\u00ae Serious Play\u00ae para Redescubrir Tu Modelo de Negocio 2\u201d - ETSI, UHU","robots":{"index":"index","follow":"follow","max-snippet":"max-snippet:-1","max-image-preview":"max-image-preview:large","max-video-preview":"max-video-preview:-1"},"canonical":"https:\/\/www.uhu.es\/etsi\/estudiantes-2\/programa-mentorizacion\/programa-faro\/taller-lego-serious-play-para-redescubrir-tu-modelo-de-negocio-2\/","og_locale":"es_ES","og_type":"article","og_title":"Taller \u201cLego\u00ae Serious Play\u00ae para Redescubrir Tu Modelo de Negocio 2\u201d - ETSI, UHU","og_description":"Nueva sesi\u00f3n. Descripci\u00f3n: LEGO\u00ae Serious Play\u00ae es una disciplina de reflexi\u00f3n, construcci\u00f3n y creaci\u00f3n de met\u00e1foras que se convierten en ... Read More","og_url":"https:\/\/www.uhu.es\/etsi\/estudiantes-2\/programa-mentorizacion\/programa-faro\/taller-lego-serious-play-para-redescubrir-tu-modelo-de-negocio-2\/","og_site_name":"ETSI, UHU","article_modified_time":"2018-04-06T10:33:20+00:00","og_image":[{"url":"http:\/\/www.uhu.es\/etsi\/wp-content\/uploads\/2018\/04\/lego2.jpg"}],"twitter_misc":{"Est. reading time":"1 minute"},"schema":{"@context":"https:\/\/schema.org","@graph":[{"@type":"WebPage","@id":"https:\/\/www.uhu.es\/etsi\/estudiantes-2\/programa-mentorizacion\/programa-faro\/taller-lego-serious-play-para-redescubrir-tu-modelo-de-negocio-2\/","url":"https:\/\/www.uhu.es\/etsi\/estudiantes-2\/programa-mentorizacion\/programa-faro\/taller-lego-serious-play-para-redescubrir-tu-modelo-de-negocio-2\/","name":"Taller \u201cLego\u00ae Serious Play\u00ae para Redescubrir Tu Modelo de Negocio 2\u201d - ETSI, UHU","isPartOf":{"@id":"https:\/\/www.uhu.es\/etsi\/#website"},"datePublished":"2018-04-06T10:20:26+00:00","dateModified":"2018-04-06T10:33:20+00:00","breadcrumb":{"@id":"https:\/\/www.uhu.es\/etsi\/estudiantes-2\/programa-mentorizacion\/programa-faro\/taller-lego-serious-play-para-redescubrir-tu-modelo-de-negocio-2\/#breadcrumb"},"inLanguage":"es-ES","potentialAction":[{"@type":"ReadAction","target":["https:\/\/www.uhu.es\/etsi\/estudiantes-2\/programa-mentorizacion\/programa-faro\/taller-lego-serious-play-para-redescubrir-tu-modelo-de-negocio-2\/"]}]},{"@type":"BreadcrumbList","@id":"https:\/\/www.uhu.es\/etsi\/estudiantes-2\/programa-mentorizacion\/programa-faro\/taller-lego-serious-play-para-redescubrir-tu-modelo-de-negocio-2\/#breadcrumb","itemListElement":[{"@type":"ListItem","position":1,"name":"Portada","item":"https:\/\/www.uhu.es\/etsi\/"},{"@type":"ListItem","position":2,"name":"Estudiantes","item":"https:\/\/www.uhu.es\/etsi\/estudiantes-2\/"},{"@type":"ListItem","position":3,"name":"Programa De Mentorizacion","item":"https:\/\/www.uhu.es\/etsi\/estudiantes-2\/programa-mentorizacion\/"},{"@type":"ListItem","position":4,"name":"Programa Faro","item":"https:\/\/www.uhu.es\/etsi\/estudiantes-2\/programa-mentorizacion\/programa-faro\/"},{"@type":"ListItem","position":5,"name":"Taller \u201cLego\u00ae Serious Play\u00ae para Redescubrir Tu Modelo de Negocio 2\u201d"}]},{"@type":"WebSite","@id":"https:\/\/www.uhu.es\/etsi\/#website","url":"https:\/\/www.uhu.es\/etsi\/","name":"ETSI, UHU","description":"Escuela T\u00e9cnica Superior de  Ingenier\u00eda de la Universidad de Huelva","publisher":{"@id":"https:\/\/www.uhu.es\/etsi\/#organization"},"potentialAction":[{"@type":"SearchAction","target":{"@type":"EntryPoint","urlTemplate":"https:\/\/www.uhu.es\/etsi\/?s={search_term_string}"},"query-input":"required name=search_term_string"}],"inLanguage":"es-ES"},{"@type":"Organization","@id":"https:\/\/www.uhu.es\/etsi\/#organization","name":"UHU ETSI","url":"https:\/\/www.uhu.es\/etsi\/","logo":{"@type":"ImageObject","inLanguage":"es-ES","@id":"https:\/\/www.uhu.es\/etsi\/#\/schema\/logo\/image\/","url":"http:\/\/www.uhu.es\/etsi\/wp-content\/uploads\/2016\/02\/membrete_ETSI.jpg","contentUrl":"http:\/\/www.uhu.es\/etsi\/wp-content\/uploads\/2016\/02\/membrete_ETSI.jpg","width":423,"height":81,"caption":"UHU ETSI"},"image":{"@id":"https:\/\/www.uhu.es\/etsi\/#\/schema\/logo\/image\/"}}]}},"_links":{"self":[{"href":"https:\/\/www.uhu.es\/etsi\/wp-json\/wp\/v2\/pages\/15771"}],"collection":[{"href":"https:\/\/www.uhu.es\/etsi\/wp-json\/wp\/v2\/pages"}],"about":[{"href":"https:\/\/www.uhu.es\/etsi\/wp-json\/wp\/v2\/types\/page"}],"author":[{"embeddable":true,"href":"https:\/\/www.uhu.es\/etsi\/wp-json\/wp\/v2\/users\/7"}],"replies":[{"embeddable":true,"href":"https:\/\/www.uhu.es\/etsi\/wp-json\/wp\/v2\/comments?post=15771"}],"version-history":[{"count":3,"href":"https:\/\/www.uhu.es\/etsi\/wp-json\/wp\/v2\/pages\/15771\/revisions"}],"predecessor-version":[{"id":15777,"href":"https:\/\/www.uhu.es\/etsi\/wp-json\/wp\/v2\/pages\/15771\/revisions\/15777"}],"up":[{"embeddable":true,"href":"https:\/\/www.uhu.es\/etsi\/wp-json\/wp\/v2\/pages\/9989"}],"wp:attachment":[{"href":"https:\/\/www.uhu.es\/etsi\/wp-json\/wp\/v2\/media?parent=15771"}],"curies":[{"name":"wp","href":"https:\/\/api.w.org\/{rel}","templated":true}]}}