{"id":16141,"date":"2018-06-27T11:09:11","date_gmt":"2018-06-27T10:09:11","guid":{"rendered":"http:\/\/www.uhu.es\/etsi\/?page_id=16141"},"modified":"2019-06-03T09:15:15","modified_gmt":"2019-06-03T08:15:15","slug":"proceso-de-elaboracion-de-las-guias-docentes-2017-2018","status":"publish","type":"page","link":"https:\/\/www.uhu.es\/etsi\/proceso-de-elaboracion-de-las-guias-docentes-2017-2018\/","title":{"rendered":"Proceso de Elaboraci\u00f3n de las Gu\u00edas Docentes (2017-2018)"},"content":{"rendered":"<p>El proceso de elaboraci\u00f3n y aprobaci\u00f3n de las gu\u00edas docentes implica cambios cada a\u00f1o, de acuerdo con los criterios y recomendaciones de la DEVA. Mediante esta web se pretende recopilar todos los enlaces, documentos y recomendaciones necesarias para llevar a cabo este proceso de forma sencilla.<\/p>\n<p>Gu\u00edaMe es la aplicaci\u00f3n web para crear y subir las gu\u00edas docentes de la ETSI. Es una aplicaci\u00f3n de c\u00f3digo abierto que ha sido desarrollada \u00edntegramente en la Escuela. Facilita la creaci\u00f3n y gesti\u00f3n de gu\u00edas docentes gracias a un entorno intuitivo y datos autocontenido y modificables.<\/p>\n<div id=\"my-accordion\" class=\"x-accordion\" ><div  class=\"x-accordion-group\" ><div class=\"x-accordion-heading\"><a class=\"x-accordion-toggle collapsed\" data-toggle=\"collapse\" data-parent=\"#my-accordion\" href=\"#collapse-1\">C\u00f3mo llevar a cabo el procedimiento sin perderte<\/a><\/div> <!-- end .x-accordion-heading --><div id=\"collapse-1\" class=\"accordion-body collapse\"><div class=\"x-accordion-inner\">\n<ul  class=\"x-nav x-nav-tabs two-up left\" >\n<li  class=\"x-nav-tabs-item active\" ><a href=\"#tab-1\" data-toggle=\"tab\">Fechas a tener en cuenta <\/a><\/li>\n<li  class=\"x-nav-tabs-item\" ><a href=\"#tab-2\" data-toggle=\"tab\">\u00bfA qu\u00e9 hay que prestar especial atenci\u00f3n este a\u00f1o? <\/a><\/li>\n<li  class=\"x-nav-tabs-item\" ><a href=\"#tab-3\" data-toggle=\"tab\">Enlaces Imprescindibles<\/a><\/li>\n<li  class=\"x-nav-tabs-item\" ><a href=\"#tab-4\" data-toggle=\"tab\">Campos no editables<\/a><\/li>\n<li  class=\"x-nav-tabs-item\" ><a href=\"#tab-5\" data-toggle=\"tab\">Cambio de profesor\/a<\/a><\/li>\n<\/ul>\n<div  class=\"x-tab-content\" >\n<div id=\"tab-1\" class=\"x-tab-pane fade in fade in active\" >\n<ul>\n<li>Hasta el <strong>4 de julio<\/strong>.- Plazo para cumplimentar las Gu\u00edas Docentes a trav\u00e9s de la aplicaci\u00f3n inform\u00e1tica Gu\u00edaMe<\/li>\n<li><strong>5-7 de julio<\/strong>.- Se reunir\u00e1n las Comisiones para la Garant\u00eda de la Calidad de los T\u00edtulos y emitir\u00e1n un informe provisional que enviar\u00e1n a los Departamentos para la subsanaci\u00f3n de las posibles no-conformidades detectadas.<\/li>\n<li><strong>10-12 de julio<\/strong>.- Los Departamentos informar\u00e1n a los profesores para que subsanen las no-conformidades detectadas. Este proceso tambi\u00e9n se realizar\u00e1 a trav\u00e9s de la aplicaci\u00f3n Gu\u00edaMe.<\/li>\n<li><strong>13-14 de julio<\/strong>.- Las Comisiones emitir\u00e1n los informes definitivos.<\/li>\n<li><strong>17-18 de julio<\/strong>.- Los Departamentos, como responsables de la docencia, aprobar\u00e1n las gu\u00edas de las asignaturas adscritas a sus \u00e1reas, siempre que hayan sido valoradas favorablemente por la Comisi\u00f3n para la Garant\u00eda de la Calidad correspondiente. Los Departamentos deben remitir al Centro un documento en el que se refleje la aprobaci\u00f3n de sus gu\u00edas.<\/li>\n<li><strong>20 de julio<\/strong>.- Junta de Centro para someter las gu\u00edas a su aprobaci\u00f3n y poder publicarlas en la web.<\/li>\n<\/ul>\n<\/div>\n<div id=\"tab-2\" class=\"x-tab-pane fade in\" >\n<p>En el siguiente documento se recogen los \u00faltimos cambios aceptados por la DEVA que debemos reflejar en nuestras gu\u00edas docentes:<\/p>\n<p><a href=\"https:\/\/www.uhu.es\/etsi\/titulaciones\/Modificaciones\/Modificaciones_titulos_ETSI_Guias_17_18.pdf\">Modificaciones del curso 2017-18<\/a><\/p>\n<p>B\u00e1sicamente, en este documento se reflejan los cambios en &#8220;Resultados de Aprendizaje&#8221;, algunas correcciones en los porcentajes m\u00ednimos y m\u00e1ximos de los sistemas de evaluaci\u00f3n y cambios en los nombres de algunas asignaturas.<\/p>\n<p>Teniendo esto en cuenta, lo que hay que hacer es:<\/p>\n<p>&#8211; Con respecto a los &#8220;Resultados de Aprendizaje&#8221;, ya el a\u00f1o pasado lo a\u00f1adimos a \u00a0fichas de las asignaturas. Por tanto, est\u00e1n ya almacenados en la aplicaci\u00f3n Gu\u00edaMe y <strong>NO HAY QUE MOFICARLOS<\/strong> (a menos que se quiera corregir alguna expresi\u00f3n o retocar el formato). Es decir, en este caso, <strong>no hay que hacer nada<\/strong>.<\/p>\n<p>&#8211; Con respecto a los porcentajes de los sistemas de evaluaci\u00f3n, en la secci\u00f3n &#8220;Criterios de evaluaci\u00f3n y calificaci\u00f3n&#8221;, simplemente deb\u00e9is consultar el documento y elegir los pesos de los distintos sistemas de evaluaci\u00f3n <strong>dentro de los nuevos m\u00e1rgenes establecidos<\/strong>.<\/p>\n<p>&#8211; Con respecto a los cambios de nombres, tan solo chequead que el nombre de la asignatura aparece correctamente en la aplicaci\u00f3n.<\/p>\n<p>Adem\u00e1s, os pedimos que atend\u00e1is a la recomendaci\u00f3n de los evaluadores de la acreditaci\u00f3n y se especifiquen y concreten, en el apartado &#8220;Criterios de evaluaci\u00f3n y calificaci\u00f3n&#8221;, cu\u00e1les son las actividades evaluables que aplican en cada asignatura para garantizar la adquisici\u00f3n de las competencias establecidas. Por ejemplo:<\/p>\n<p><em>&#8220;\u2026 mediante el examen te\u00f3rico-pr\u00e1ctico se adquirir\u00e1n las competencias CC01, CC05 y G03, mientras que mediante la evaluaci\u00f3n de la elaboraci\u00f3n y exposici\u00f3n p\u00fablica de los trabajos se evaluar\u00e1n las competencias CG03 y CG06 \u2026&#8221;<\/em><\/p>\n<\/div>\n<div id=\"tab-3\" class=\"x-tab-pane fade in\" >\n<p><strong>Calendario acad\u00e9mico:<\/strong><\/p>\n<p><a href=\"https:\/\/www.uhu.es\/etsi\/descargas\/2017\/Junio\/Calendario_Academico_ETSI_17-18_Grados.pdf\">Calendario acad\u00e9mico de grados<\/a><\/p>\n<p><a href=\"https:\/\/www.uhu.es\/etsi\/descargas\/2017\/Junio\/Calendario_Academico_ETSI_17-18_MOF.pdf\">Calendario acad\u00e9mico de m\u00e1steres<\/a><\/p>\n<p><strong>Modificaciones aprobadas en las memorias de Grados y M\u00e1steres de la ETSI a tener en cuenta en la elaboraci\u00f3n de las gu\u00edas docentes :<\/strong><\/p>\n<p><a href=\"https:\/\/www.uhu.es\/etsi\/titulaciones\/Modificaciones\/Modificaciones_titulos_ETSI_Guias_17_18.pdf\">Modificaciones del curso 2017-18<\/a><\/p>\n<p><strong>Memorias de verificaci\u00f3n<\/strong><\/p>\n<table>\n<tbody>\n<tr>\n<td colspan=\"2\"><strong>T\u00edtulos de Grado<\/strong><\/td>\n<\/tr>\n<tr>\n<td><strong>Titulaci\u00f3n<\/strong><\/td>\n<td><strong>Memoria de Verificaci\u00f3n<\/strong><\/td>\n<\/tr>\n<tr>\n<td>Grado en Ingenier\u00eda Agr\u00edcola<\/td>\n<td><a href=\"https:\/\/www.uhu.es\/etsi\/descargas\/memoriasGrados\/memoria-verificacion-2015\/agricola.pdf\">Descargar<\/a><\/td>\n<\/tr>\n<tr>\n<td>Grado en Ingenier\u00eda Inform\u00e1tica<\/td>\n<td><a href=\"https:\/\/www.uhu.es\/etsi\/descargas\/memoriasGrados\/memoria-verificacion-2015\/informatica.pdf\">Descargar<\/a><\/td>\n<\/tr>\n<tr>\n<td>Grado de Ingenier\u00eda en Explotaci\u00f3n de Minas y Recursos Energ\u00e9ticos<\/td>\n<td><a href=\"https:\/\/www.uhu.es\/etsi\/descargas\/memoriasGrados\/memoria-verificacion-2015\/minas.pdf\">Descargar<\/a><\/td>\n<\/tr>\n<tr>\n<td>Grado en Ingenier\u00eda El\u00e9ctrica<\/td>\n<td><a href=\"https:\/\/www.uhu.es\/etsi\/descargas\/memoriasGrados\/memoria-verificacion-2015\/electrica.pdf\">Descargar<\/a><\/td>\n<\/tr>\n<tr>\n<td>Grado en Ingenier\u00eda Electr\u00f3nica Industrial<\/td>\n<td><a href=\"https:\/\/www.uhu.es\/etsi\/descargas\/memoriasGrados\/memoria-verificacion-2015\/electronicaIndustrial.pdf\">Descargar<\/a><\/td>\n<\/tr>\n<tr>\n<td>Grado en Ingenier\u00eda Energ\u00e9tica<\/td>\n<td><a href=\"https:\/\/www.uhu.es\/etsi\/descargas\/memoriasGrados\/memoria-verificacion-2015\/energetica.pdf\">Descargar<\/a><\/td>\n<\/tr>\n<tr>\n<td>Grado en Ingenier\u00eda Forestal y del Medio Natural<\/td>\n<td><a href=\"https:\/\/www.uhu.es\/etsi\/descargas\/memoriasGrados\/memoria-verificacion-2015\/forestal.pdf\">Descargar<\/a><\/td>\n<\/tr>\n<tr>\n<td>Grado en Ingenier\u00eda Qu\u00edmica Industrial<\/td>\n<td><a href=\"https:\/\/www.uhu.es\/etsi\/descargas\/memoriasGrados\/memoria-verificacion-2015\/quimicaIndustrial.pdf\">Descargar<\/a><\/td>\n<\/tr>\n<tr>\n<td>Grado en Ingenier\u00eda Mec\u00e1nica<\/td>\n<td><a href=\"https:\/\/www.uhu.es\/etsi\/descargas\/memoriasGrados\/memoria-verificacion-2015\/mecanica.pdf\">Descargar<\/a><\/td>\n<\/tr>\n<\/tbody>\n<\/table>\n<p>&nbsp;<\/p>\n<table>\n<tbody>\n<tr>\n<td colspan=\"2\">T\u00edtulos de M\u00e1ster<\/td>\n<\/tr>\n<tr>\n<td>Titulaci\u00f3n<\/td>\n<td>Memoria de Verificaci\u00f3n<\/td>\n<\/tr>\n<tr>\n<td>M\u00e1ster Oficial en Ingenier\u00eda Inform\u00e1tica<\/td>\n<td><a href=\"https:\/\/www.uhu.es\/etsi\/descargas\/memoriasGrados\/Master_IInformatica_Sede.pdf\">Descargar<\/a><\/td>\n<\/tr>\n<tr>\n<td>M\u00e1ster Oficial en Ingenier\u00eda Industrial<\/td>\n<td><a href=\"https:\/\/www.uhu.es\/etsi\/descargas\/memoriasGrados\/Master_IIndustrial_Sede.pdf\">Descargar<\/a><\/td>\n<\/tr>\n<tr>\n<td>M\u00e1ster Oficial en Ingenier\u00eda Qu\u00edmica<\/td>\n<td><a href=\"https:\/\/www.uhu.es\/etsi\/descargas\/memoriasGrados\/Master_IQuimica_Sede.pdf\">Descargar<\/a><\/td>\n<\/tr>\n<tr>\n<td>M\u00e1ster Oficial en Ingenier\u00eda de Montes<\/td>\n<td><a href=\"https:\/\/www.uhu.es\/etsi\/descargas\/memoriasGrados\/Master_IMontes_Sede.pdf\">Descargar<\/a><\/td>\n<\/tr>\n<\/tbody>\n<\/table>\n<p>&nbsp;<\/p>\n<\/div>\n<div id=\"tab-4\" class=\"x-tab-pane fade in\" >\n<p>Los campos no editables son aquellos que no puedes modificar porque su contenido es fijo. La aplicaci\u00f3n los rellena por ti autom\u00e1ticamente y aparecen coloreados en fondo gris. De esta forma, evitamos errores en la generaci\u00f3n de las gu\u00edas y la creaci\u00f3n de la misma te resultar\u00e1 m\u00e1s sencilla. Estos campos son:<\/p>\n<ul>\n<li><strong>Los datos b\u00e1sicos de la asignatura (nombre, c\u00f3digo, \u00e1rea de adscripci\u00f3n, cr\u00e9ditos, etc).<\/strong><\/li>\n<li><strong>Breve descripci\u00f3n (en castellano)<\/strong><\/li>\n<li><strong>Competencias espec\u00edficas<\/strong><\/li>\n<li><strong>Competencias b\u00e1sicas y transversales<\/strong><\/li>\n<\/ul>\n<p>Si detectas alg\u00fan error en alguno de estos campos, por favor contacta con los becarios.<\/p>\n<\/div>\n<div id=\"tab-5\" class=\"x-tab-pane fade in\" >\n<p>Si ya no impartes una asignatura, recuerda que, en la secci\u00f3n &#8220;Profesores de la Asignatura&#8221; tienes que a\u00f1adir al nuevo profesor y quitarte t\u00fa. Este proceso tambi\u00e9n lo pueden realizar nuestros becarios. No dudes en contactar con ellos si lo necesitas.<\/p>\n<\/div>\n<\/div>\n<\/div> <!-- end .x-accordion-inner --><\/div> <!-- end .x-accordion-body --><\/div> <!-- end .x-accordion-group -->\n<\/div>\n<table>\n<tbody>\n<tr>\n<td style=\"text-align: center;\"><strong>Enlace a la aplicaci\u00f3n<\/strong><\/td>\n<td style=\"text-align: center;\"><strong>Descarga del manual de uso<\/strong><\/td>\n<td style=\"text-align: center;\"><strong>Contacto<\/strong><\/td>\n<\/tr>\n<tr>\n<td style=\"text-align: center;\"><a style=\"color: red;\" href=\"https:\/\/www.uhu.es\/etsi\/guiame_vacaciones\">Gu\u00edame<\/a><\/td>\n<td style=\"text-align: center;\"><a style=\"color: red;\" href=\"https:\/\/www.uhu.es\/etsi\/guiame\/Tutorial\/Tutorial_Guiame.pdf\">Descargar<\/a><\/td>\n<td style=\"text-align: center;\"><a style=\"color: red;\" href=\"mailto:sub.estudios@etsi.uhu.es\">\u00a0sub.estudios@etsi.uhu.es<\/a> &#8211; <a style=\"color: red;\" href=\"mailto:sub.ordenacion@etsi.uhu.es\">sub.ordenacion@etsi.uhu.es<\/a> &#8211; <a style=\"color: red;\" href=\"mailto:webmaster@etsi.uhu.es\">webmaster@etsi.uhu.es<\/a><\/td>\n<\/tr>\n<\/tbody>\n<\/table>\n<p>&nbsp;<\/p>\n","protected":false},"excerpt":{"rendered":"<p>El proceso de elaboraci\u00f3n y aprobaci\u00f3n de las gu\u00edas docentes implica cambios cada a\u00f1o, de acuerdo con los criterios y &#8230; <\/p>\n<div><a href=\"https:\/\/www.uhu.es\/etsi\/proceso-de-elaboracion-de-las-guias-docentes-2017-2018\/\" class=\"more-link\">Read More<\/a><\/div>\n","protected":false},"author":7,"featured_media":0,"parent":0,"menu_order":0,"comment_status":"closed","ping_status":"closed","template":"template-layout-full-width.php","meta":[],"yoast_head":"<!-- This site is optimized with the Yoast SEO plugin v20.2.1 - https:\/\/yoast.com\/wordpress\/plugins\/seo\/ -->\n<title>Proceso de Elaboraci\u00f3n de las Gu\u00edas Docentes (2017-2018) - ETSI, UHU<\/title>\n<meta name=\"robots\" content=\"index, follow, max-snippet:-1, max-image-preview:large, max-video-preview:-1\" \/>\n<link rel=\"canonical\" href=\"https:\/\/www.uhu.es\/etsi\/proceso-de-elaboracion-de-las-guias-docentes-2017-2018\/\" \/>\n<meta property=\"og:locale\" content=\"es_ES\" \/>\n<meta property=\"og:type\" content=\"article\" \/>\n<meta property=\"og:title\" content=\"Proceso de Elaboraci\u00f3n de las Gu\u00edas Docentes (2017-2018) - ETSI, UHU\" \/>\n<meta property=\"og:description\" content=\"El proceso de elaboraci\u00f3n y aprobaci\u00f3n de las gu\u00edas docentes implica cambios cada a\u00f1o, de acuerdo con los criterios y ... Read More\" \/>\n<meta property=\"og:url\" content=\"https:\/\/www.uhu.es\/etsi\/proceso-de-elaboracion-de-las-guias-docentes-2017-2018\/\" \/>\n<meta property=\"og:site_name\" content=\"ETSI, UHU\" \/>\n<meta property=\"article:modified_time\" content=\"2019-06-03T08:15:15+00:00\" \/>\n<meta name=\"twitter:label1\" content=\"Est. reading time\" \/>\n\t<meta name=\"twitter:data1\" content=\"5 minutes\" \/>\n<script type=\"application\/ld+json\" class=\"yoast-schema-graph\">{\"@context\":\"https:\/\/schema.org\",\"@graph\":[{\"@type\":\"WebPage\",\"@id\":\"https:\/\/www.uhu.es\/etsi\/proceso-de-elaboracion-de-las-guias-docentes-2017-2018\/\",\"url\":\"https:\/\/www.uhu.es\/etsi\/proceso-de-elaboracion-de-las-guias-docentes-2017-2018\/\",\"name\":\"Proceso de Elaboraci\u00f3n de las Gu\u00edas Docentes (2017-2018) - ETSI, UHU\",\"isPartOf\":{\"@id\":\"https:\/\/www.uhu.es\/etsi\/#website\"},\"datePublished\":\"2018-06-27T10:09:11+00:00\",\"dateModified\":\"2019-06-03T08:15:15+00:00\",\"breadcrumb\":{\"@id\":\"https:\/\/www.uhu.es\/etsi\/proceso-de-elaboracion-de-las-guias-docentes-2017-2018\/#breadcrumb\"},\"inLanguage\":\"es-ES\",\"potentialAction\":[{\"@type\":\"ReadAction\",\"target\":[\"https:\/\/www.uhu.es\/etsi\/proceso-de-elaboracion-de-las-guias-docentes-2017-2018\/\"]}]},{\"@type\":\"BreadcrumbList\",\"@id\":\"https:\/\/www.uhu.es\/etsi\/proceso-de-elaboracion-de-las-guias-docentes-2017-2018\/#breadcrumb\",\"itemListElement\":[{\"@type\":\"ListItem\",\"position\":1,\"name\":\"Portada\",\"item\":\"https:\/\/www.uhu.es\/etsi\/\"},{\"@type\":\"ListItem\",\"position\":2,\"name\":\"Proceso de Elaboraci\u00f3n de las Gu\u00edas Docentes (2017-2018)\"}]},{\"@type\":\"WebSite\",\"@id\":\"https:\/\/www.uhu.es\/etsi\/#website\",\"url\":\"https:\/\/www.uhu.es\/etsi\/\",\"name\":\"ETSI, UHU\",\"description\":\"Escuela T\u00e9cnica Superior de  Ingenier\u00eda de la Universidad de Huelva\",\"publisher\":{\"@id\":\"https:\/\/www.uhu.es\/etsi\/#organization\"},\"potentialAction\":[{\"@type\":\"SearchAction\",\"target\":{\"@type\":\"EntryPoint\",\"urlTemplate\":\"https:\/\/www.uhu.es\/etsi\/?s={search_term_string}\"},\"query-input\":\"required name=search_term_string\"}],\"inLanguage\":\"es-ES\"},{\"@type\":\"Organization\",\"@id\":\"https:\/\/www.uhu.es\/etsi\/#organization\",\"name\":\"UHU ETSI\",\"url\":\"https:\/\/www.uhu.es\/etsi\/\",\"logo\":{\"@type\":\"ImageObject\",\"inLanguage\":\"es-ES\",\"@id\":\"https:\/\/www.uhu.es\/etsi\/#\/schema\/logo\/image\/\",\"url\":\"http:\/\/www.uhu.es\/etsi\/wp-content\/uploads\/2016\/02\/membrete_ETSI.jpg\",\"contentUrl\":\"http:\/\/www.uhu.es\/etsi\/wp-content\/uploads\/2016\/02\/membrete_ETSI.jpg\",\"width\":423,\"height\":81,\"caption\":\"UHU ETSI\"},\"image\":{\"@id\":\"https:\/\/www.uhu.es\/etsi\/#\/schema\/logo\/image\/\"}}]}<\/script>\n<!-- \/ Yoast SEO plugin. -->","yoast_head_json":{"title":"Proceso de Elaboraci\u00f3n de las Gu\u00edas Docentes (2017-2018) - ETSI, UHU","robots":{"index":"index","follow":"follow","max-snippet":"max-snippet:-1","max-image-preview":"max-image-preview:large","max-video-preview":"max-video-preview:-1"},"canonical":"https:\/\/www.uhu.es\/etsi\/proceso-de-elaboracion-de-las-guias-docentes-2017-2018\/","og_locale":"es_ES","og_type":"article","og_title":"Proceso de Elaboraci\u00f3n de las Gu\u00edas Docentes (2017-2018) - ETSI, UHU","og_description":"El proceso de elaboraci\u00f3n y aprobaci\u00f3n de las gu\u00edas docentes implica cambios cada a\u00f1o, de acuerdo con los criterios y ... Read More","og_url":"https:\/\/www.uhu.es\/etsi\/proceso-de-elaboracion-de-las-guias-docentes-2017-2018\/","og_site_name":"ETSI, UHU","article_modified_time":"2019-06-03T08:15:15+00:00","twitter_misc":{"Est. reading time":"5 minutes"},"schema":{"@context":"https:\/\/schema.org","@graph":[{"@type":"WebPage","@id":"https:\/\/www.uhu.es\/etsi\/proceso-de-elaboracion-de-las-guias-docentes-2017-2018\/","url":"https:\/\/www.uhu.es\/etsi\/proceso-de-elaboracion-de-las-guias-docentes-2017-2018\/","name":"Proceso de Elaboraci\u00f3n de las Gu\u00edas Docentes (2017-2018) - ETSI, UHU","isPartOf":{"@id":"https:\/\/www.uhu.es\/etsi\/#website"},"datePublished":"2018-06-27T10:09:11+00:00","dateModified":"2019-06-03T08:15:15+00:00","breadcrumb":{"@id":"https:\/\/www.uhu.es\/etsi\/proceso-de-elaboracion-de-las-guias-docentes-2017-2018\/#breadcrumb"},"inLanguage":"es-ES","potentialAction":[{"@type":"ReadAction","target":["https:\/\/www.uhu.es\/etsi\/proceso-de-elaboracion-de-las-guias-docentes-2017-2018\/"]}]},{"@type":"BreadcrumbList","@id":"https:\/\/www.uhu.es\/etsi\/proceso-de-elaboracion-de-las-guias-docentes-2017-2018\/#breadcrumb","itemListElement":[{"@type":"ListItem","position":1,"name":"Portada","item":"https:\/\/www.uhu.es\/etsi\/"},{"@type":"ListItem","position":2,"name":"Proceso de Elaboraci\u00f3n de las Gu\u00edas Docentes (2017-2018)"}]},{"@type":"WebSite","@id":"https:\/\/www.uhu.es\/etsi\/#website","url":"https:\/\/www.uhu.es\/etsi\/","name":"ETSI, UHU","description":"Escuela T\u00e9cnica Superior de  Ingenier\u00eda de la Universidad de Huelva","publisher":{"@id":"https:\/\/www.uhu.es\/etsi\/#organization"},"potentialAction":[{"@type":"SearchAction","target":{"@type":"EntryPoint","urlTemplate":"https:\/\/www.uhu.es\/etsi\/?s={search_term_string}"},"query-input":"required name=search_term_string"}],"inLanguage":"es-ES"},{"@type":"Organization","@id":"https:\/\/www.uhu.es\/etsi\/#organization","name":"UHU ETSI","url":"https:\/\/www.uhu.es\/etsi\/","logo":{"@type":"ImageObject","inLanguage":"es-ES","@id":"https:\/\/www.uhu.es\/etsi\/#\/schema\/logo\/image\/","url":"http:\/\/www.uhu.es\/etsi\/wp-content\/uploads\/2016\/02\/membrete_ETSI.jpg","contentUrl":"http:\/\/www.uhu.es\/etsi\/wp-content\/uploads\/2016\/02\/membrete_ETSI.jpg","width":423,"height":81,"caption":"UHU ETSI"},"image":{"@id":"https:\/\/www.uhu.es\/etsi\/#\/schema\/logo\/image\/"}}]}},"_links":{"self":[{"href":"https:\/\/www.uhu.es\/etsi\/wp-json\/wp\/v2\/pages\/16141"}],"collection":[{"href":"https:\/\/www.uhu.es\/etsi\/wp-json\/wp\/v2\/pages"}],"about":[{"href":"https:\/\/www.uhu.es\/etsi\/wp-json\/wp\/v2\/types\/page"}],"author":[{"embeddable":true,"href":"https:\/\/www.uhu.es\/etsi\/wp-json\/wp\/v2\/users\/7"}],"replies":[{"embeddable":true,"href":"https:\/\/www.uhu.es\/etsi\/wp-json\/wp\/v2\/comments?post=16141"}],"version-history":[{"count":6,"href":"https:\/\/www.uhu.es\/etsi\/wp-json\/wp\/v2\/pages\/16141\/revisions"}],"predecessor-version":[{"id":17753,"href":"https:\/\/www.uhu.es\/etsi\/wp-json\/wp\/v2\/pages\/16141\/revisions\/17753"}],"wp:attachment":[{"href":"https:\/\/www.uhu.es\/etsi\/wp-json\/wp\/v2\/media?parent=16141"}],"curies":[{"name":"wp","href":"https:\/\/api.w.org\/{rel}","templated":true}]}}