{"id":16192,"date":"2018-07-09T08:49:03","date_gmt":"2018-07-09T07:49:03","guid":{"rendered":"http:\/\/www.uhu.es\/etsi\/?page_id=16192"},"modified":"2023-03-13T12:41:18","modified_gmt":"2023-03-13T11:41:18","slug":"examenes-2018-2019","status":"publish","type":"page","link":"https:\/\/www.uhu.es\/etsi\/informacion-academica\/informacion-comun-todos-los-titulos\/examenes\/examenes-2018-2019\/","title":{"rendered":"Ex\u00e1menes 2018-2019"},"content":{"rendered":"<div  class=\"x-alert x-alert-info x-alert-block\" >\n<p style=\"font-size: 15px;\"><strong>ATENCI\u00d3N<\/strong>:<\/p>\n<p style=\"font-size: 15px;\"> <strong>En el curso acad\u00e9mico 2018-2019, se implanta la aplicaci\u00f3n para la gesti\u00f3n telem\u00e1tica del procedimiento de participaci\u00f3n en la convocatoria extraordinaria de ex\u00e1menes de noviembre.  <\/strong><\/p>\n<\/div>\n<hr>\n<div id=\"my-accordion\" class=\"x-accordion\" >\n<div  class=\"x-accordion-group\" ><div class=\"x-accordion-heading\"><a class=\"x-accordion-toggle collapsed\" data-toggle=\"collapse\" data-parent=\"#my-accordion\" href=\"#collapse-1\"> Ex\u00e1menes de incidencias de Junio<\/a><\/div> <!-- end .x-accordion-heading --><div id=\"collapse-1\" class=\"accordion-body collapse\"><div class=\"x-accordion-inner\">\n<ul>\n<li><a href=\"https:\/\/www.uhu.es\/etsi\/InformacionAcademica\/18-19\/CalendarioExamenes\/1819_calendario_junio_incidencias.pdf\" rel=\"noopener\" target=\"_blank\">Calendario Incidencias Junio.<\/a><\/li>\n<li><a href=\"https:\/\/www.uhu.es\/etsi\/InformacionAcademica\/18-19\/CalendarioExamenes\/1819_alumnos_junio_incidencias.pdf\" rel=\"noopener\" target=\"_blank\">Listado de Alumnos<\/a><\/li>\n<\/ul>\n<\/div> <!-- end .x-accordion-inner --><\/div> <!-- end .x-accordion-body --><\/div> <!-- end .x-accordion-group -->\n<div  class=\"x-accordion-group\" ><div class=\"x-accordion-heading\"><a class=\"x-accordion-toggle collapsed\" data-toggle=\"collapse\" data-parent=\"#my-accordion\" href=\"#collapse-2\"> Ex\u00e1menes de incidencias de Febrero<\/a><\/div> <!-- end .x-accordion-heading --><div id=\"collapse-2\" class=\"accordion-body collapse\"><div class=\"x-accordion-inner\">\n<ul>\n<li><a href=\"https:\/\/www.uhu.es\/etsi\/InformacionAcademica\/18-19\/CalendarioExamenes\/1819_calendario_febrero_incidencias.pdf\" rel=\"noopener\" target=\"_blank\">Calendario Incidencias Febrero.<\/a><\/li>\n<li><a href=\"https:\/\/www.uhu.es\/etsi\/InformacionAcademica\/18-19\/CalendarioExamenes\/1819_alumnos_febrero_incidencias.pdf\" rel=\"noopener\" target=\"_blank\">Listado de Alumnos<\/a><\/li>\n<\/ul>\n<\/div> <!-- end .x-accordion-inner --><\/div> <!-- end .x-accordion-body --><\/div> <!-- end .x-accordion-group -->\n<div  class=\"x-accordion-group\" ><div class=\"x-accordion-heading\"><a class=\"x-accordion-toggle collapsed\" data-toggle=\"collapse\" data-parent=\"#my-accordion\" href=\"#collapse-3\"> Ex\u00e1menes de incidencias de Septiembre<\/a><\/div> <!-- end .x-accordion-heading --><div id=\"collapse-3\" class=\"accordion-body collapse\"><div class=\"x-accordion-inner\">\n<ul>\n<li><a href=\"https:\/\/www.uhu.es\/etsi\/InformacionAcademica\/18-19\/CalendarioExamenes\/1819_calendario_septiembre_incidencias.pdf\" rel=\"noopener\" target=\"_blank\">Calendario Incidencias Septiembre.<\/a><\/li>\n<li><a href=\"https:\/\/www.uhu.es\/etsi\/InformacionAcademica\/18-19\/CalendarioExamenes\/1819_alumnos_septiembre_incidencias.pdf\" rel=\"noopener\" target=\"_blank\">Listado de Alumnos<\/a><\/li>\n<\/ul>\n<\/div> <!-- end .x-accordion-inner --><\/div> <!-- end .x-accordion-body --><\/div> <!-- end .x-accordion-group -->\n<div  class=\"x-accordion-group\" ><div class=\"x-accordion-heading\"><a class=\"x-accordion-toggle collapsed\" data-toggle=\"collapse\" data-parent=\"#my-accordion\" href=\"#collapse-4\"> Convocatoria Extraordinaria de Noviembre<\/a><\/div> <!-- end .x-accordion-heading --><div id=\"collapse-4\" class=\"accordion-body collapse\"><div class=\"x-accordion-inner\">\n<ul>\n<li><a href=\"https:\/\/www.uhu.es\/etsi\/normativas\/manual_noviembre.pdf\" rel=\"noopener\" target=\"_blank\">Manual de usuario.<\/a><\/li>\n<li><a href=\"https:\/\/apppruebaetsi.uhu.es\/simplesaml\/sol_convocatoria\/sol_noviembre.php\" rel=\"noopener\" target=\"_blank\">Acceso a la aplicaci\u00f3n<\/a><\/li>\n<li><a href=\"https:\/\/www.uhu.es\/etsi\/descargas\/2018\/octubre\/calendario_noviembre.pdf\" rel=\"noopener\" target=\"_blank\">Calendario de noviembre<\/a><\/li>\n<\/ul>\n<\/div> <!-- end .x-accordion-inner --><\/div> <!-- end .x-accordion-body --><\/div> <!-- end .x-accordion-group -->\n<div  class=\"x-accordion-group\" ><div class=\"x-accordion-heading\"><a class=\"x-accordion-toggle collapsed\" data-toggle=\"collapse\" data-parent=\"#my-accordion\" href=\"#collapse-5\"> T\u00edtulos de Grado<\/a><\/div> <!-- end .x-accordion-heading --><div id=\"collapse-5\" class=\"accordion-body collapse\"><div class=\"x-accordion-inner\">\n<ul>\n<li><a href=\"https:\/\/www.uhu.es\/etsi\/InformacionAcademica\/18-19\/CalendarioExamenes\/examenes_grado_agricola.pdf\">Grado en Ingenier\u00eda Agr\u00edcola<\/a><\/li>\n<li><a href=\"https:\/\/www.uhu.es\/etsi\/InformacionAcademica\/18-19\/CalendarioExamenes\/examenes_grado_minas.pdf\">Grado de Ingenier\u00eda en Explotaci\u00f3n de Minas y Recursos Energ\u00e9ticos<\/a><\/li>\n<li><a href=\"https:\/\/www.uhu.es\/etsi\/InformacionAcademica\/18-19\/CalendarioExamenes\/examenes_grado_informatica.pdf\">Grado en Ingenier\u00eda Inform\u00e1tica<\/a><\/li>\n<li><a href=\"https:\/\/www.uhu.es\/etsi\/InformacionAcademica\/18-19\/CalendarioExamenes\/examenes_grado_forestal.pdf\">Grado en Ingenier\u00eda Forestal y del Medio Natural<\/a><\/li>\n<li><a href=\"https:\/\/www.uhu.es\/etsi\/InformacionAcademica\/18-19\/CalendarioExamenes\/examenes_grado_electrica.pdf\">Grado en Ingenier\u00eda El\u00e9ctrica<\/a><\/li>\n<li><a href=\"https:\/\/www.uhu.es\/etsi\/InformacionAcademica\/18-19\/CalendarioExamenes\/examenes_grado_electronica.pdf\">Grado en Ingenier\u00eda Electr\u00f3nica Industrial<\/a><\/li>\n<li><a href=\"https:\/\/www.uhu.es\/etsi\/InformacionAcademica\/18-19\/CalendarioExamenes\/examenes_grado_energetica.pdf\">Grado en Ingenier\u00eda Energ\u00e9tica<\/a><\/li>\n<li><a href=\"https:\/\/www.uhu.es\/etsi\/InformacionAcademica\/18-19\/CalendarioExamenes\/examenes_grado_mecanica.pdf\">Grado en Ingenier\u00eda Mec\u00e1nica<\/a><\/li>\n<li><a href=\"https:\/\/www.uhu.es\/etsi\/InformacionAcademica\/18-19\/CalendarioExamenes\/examenes_grado_quimica.pdf\">Grado en Ingenier\u00eda Qu\u00edmica Industrial<\/a><\/li>\n<li><a href=\"https:\/\/www.uhu.es\/etsi\/InformacionAcademica\/18-19\/CalendarioExamenes\/examenes_grado_electronica_mecanica.pdf\">Doble Grado en Ingenier\u00eda Electr\u00f3nica Industrial e Ingenier\u00eda Mec\u00e1nica<\/a><\/li>\n<li><a href=\"https:\/\/www.uhu.es\/etsi\/InformacionAcademica\/18-19\/CalendarioExamenes\/examenes_grado_electrica_energetica.pdf\">Doble Grado en Ingenier\u00eda El\u00e9ctrica e Ingenier\u00eda Energ\u00e9tica<\/a><\/li>\n<\/ul>\n<\/div> <!-- end .x-accordion-inner --><\/div> <!-- end .x-accordion-body --><\/div> <!-- end .x-accordion-group --> <div  class=\"x-accordion-group\" ><div class=\"x-accordion-heading\"><a class=\"x-accordion-toggle collapsed\" data-toggle=\"collapse\" data-parent=\"#my-accordion\" href=\"#collapse-6\">T\u00edtulos de M\u00e1ster<\/a><\/div> <!-- end .x-accordion-heading --><div id=\"collapse-6\" class=\"accordion-body collapse\"><div class=\"x-accordion-inner\">\n<ul style=\"list-style-type: square;\">\n<li><a href=\"https:\/\/www.uhu.es\/etsi\/InformacionAcademica\/18-19\/CalendarioExamenes\/examenes_master_quimica.pdf\">M\u00e1ster en Ingenier\u00eda Qu\u00edmica&nbsp;<\/a><\/li>\n<li><a href=\"https:\/\/www.uhu.es\/etsi\/InformacionAcademica\/18-19\/CalendarioExamenes\/examenes_master_quimica_extinguir.pdf\">M\u00e1ster en Ingenier\u00eda Qu\u00edmica (<span style=\"color: #ff0000;\"><strong>A Extinguir<\/strong><\/span>)<\/a><\/li>\n<li><a href=\"https:\/\/www.uhu.es\/etsi\/InformacionAcademica\/18-19\/CalendarioExamenes\/examenes_master_informatica.pdf\">M\u00e1ster en Ingenier\u00eda Inform\u00e1tica<\/a><\/li>\n<li><a href=\"https:\/\/www.uhu.es\/etsi\/InformacionAcademica\/18-19\/CalendarioExamenes\/examenes_master_industrial.pdf\">M\u00e1ster en Ingenier\u00eda Industrial<\/a><\/li>\n<li><a href=\"https:\/\/www.uhu.es\/etsi\/InformacionAcademica\/18-19\/CalendarioExamenes\/examenes_master_montes.pdf\">M\u00e1ster en Ingenier\u00eda de Montes<\/a><\/li>\n<li><a href=\"https:\/\/www.uhu.es\/etsi\/InformacionAcademica\/18-19\/CalendarioExamenes\/examenes_master_minas.pdf\">M\u00e1ster en Ingenier\u00eda de Minas&nbsp;<\/a><\/li>\n<\/ul>\n<p><!--\n&#091;alert type=\"info\"&#093; <strong>NOTA: <\/strong>debido a que el M\u00e1ster Interuniversitario en Ingenier\u00eda de Minas se imparte en distintas universidades toda la informaci\u00f3n relacionada con el mismo se encuentra en su <a href=\"https:\/\/www.uhu.es\/etsi\/master_ingminas\/index.php\" target=\"_blank\" rel=\"noopener\">p\u00e1gina web<\/a>\u00a0 &#091;\/alert&#093;\n--><br \/>\n<\/div> <!-- end .x-accordion-inner --><\/div> <!-- end .x-accordion-body --><\/div> <!-- end .x-accordion-group -->\n<\/div>\n<table>\n<tbody>\n<tr>\n<td><strong>Leyenda de las aulas:<\/strong><br \/>\n<span class=\"txtnormal\">I.M: Isidoro Morales.<\/span><br \/>\n<span class=\"txtnormal\">P.Q: P\u00e9rez Quintero.<\/span><br \/>\n<span class=\"txtnormal\">ENF: Enfermer\u00eda.<\/span><br \/>\n<span class=\"txtnormal\">G.: Galileo Galilei.<\/span><br \/>\n<span class=\"txtnormal\">FCCE: Facultad de Ciencias Experimentales.<\/span><\/td>\n<\/tr>\n<\/tbody>\n<\/table>\n","protected":false},"excerpt":{"rendered":"<p>Leyenda de las aulas: I.M: Isidoro Morales. P.Q: P\u00e9rez Quintero. ENF: Enfermer\u00eda. G.: Galileo Galilei. FCCE: Facultad de Ciencias Experimentales.<\/p>\n","protected":false},"author":7,"featured_media":0,"parent":6960,"menu_order":0,"comment_status":"closed","ping_status":"closed","template":"template-layout-full-width.php","meta":[],"yoast_head":"<!-- This site is optimized with the Yoast SEO plugin v20.2.1 - https:\/\/yoast.com\/wordpress\/plugins\/seo\/ -->\n<title>Ex\u00e1menes 2018-2019 - ETSI, UHU<\/title>\n<meta name=\"robots\" content=\"index, follow, max-snippet:-1, max-image-preview:large, max-video-preview:-1\" \/>\n<link rel=\"canonical\" href=\"https:\/\/www.uhu.es\/etsi\/informacion-academica\/informacion-comun-todos-los-titulos\/examenes\/examenes-2018-2019\/\" \/>\n<meta property=\"og:locale\" content=\"es_ES\" \/>\n<meta property=\"og:type\" content=\"article\" \/>\n<meta property=\"og:title\" content=\"Ex\u00e1menes 2018-2019 - ETSI, UHU\" \/>\n<meta property=\"og:description\" content=\"Leyenda de las aulas: I.M: Isidoro Morales. P.Q: P\u00e9rez Quintero. ENF: Enfermer\u00eda. G.: Galileo Galilei. FCCE: Facultad de Ciencias Experimentales.\" \/>\n<meta property=\"og:url\" content=\"https:\/\/www.uhu.es\/etsi\/informacion-academica\/informacion-comun-todos-los-titulos\/examenes\/examenes-2018-2019\/\" \/>\n<meta property=\"og:site_name\" content=\"ETSI, UHU\" \/>\n<meta property=\"article:modified_time\" content=\"2023-03-13T11:41:18+00:00\" \/>\n<meta name=\"twitter:label1\" content=\"Est. reading time\" \/>\n\t<meta name=\"twitter:data1\" content=\"2 minutes\" \/>\n<script type=\"application\/ld+json\" class=\"yoast-schema-graph\">{\"@context\":\"https:\/\/schema.org\",\"@graph\":[{\"@type\":\"WebPage\",\"@id\":\"https:\/\/www.uhu.es\/etsi\/informacion-academica\/informacion-comun-todos-los-titulos\/examenes\/examenes-2018-2019\/\",\"url\":\"https:\/\/www.uhu.es\/etsi\/informacion-academica\/informacion-comun-todos-los-titulos\/examenes\/examenes-2018-2019\/\",\"name\":\"Ex\u00e1menes 2018-2019 - ETSI, UHU\",\"isPartOf\":{\"@id\":\"https:\/\/www.uhu.es\/etsi\/#website\"},\"datePublished\":\"2018-07-09T07:49:03+00:00\",\"dateModified\":\"2023-03-13T11:41:18+00:00\",\"breadcrumb\":{\"@id\":\"https:\/\/www.uhu.es\/etsi\/informacion-academica\/informacion-comun-todos-los-titulos\/examenes\/examenes-2018-2019\/#breadcrumb\"},\"inLanguage\":\"es-ES\",\"potentialAction\":[{\"@type\":\"ReadAction\",\"target\":[\"https:\/\/www.uhu.es\/etsi\/informacion-academica\/informacion-comun-todos-los-titulos\/examenes\/examenes-2018-2019\/\"]}]},{\"@type\":\"BreadcrumbList\",\"@id\":\"https:\/\/www.uhu.es\/etsi\/informacion-academica\/informacion-comun-todos-los-titulos\/examenes\/examenes-2018-2019\/#breadcrumb\",\"itemListElement\":[{\"@type\":\"ListItem\",\"position\":1,\"name\":\"Portada\",\"item\":\"https:\/\/www.uhu.es\/etsi\/\"},{\"@type\":\"ListItem\",\"position\":2,\"name\":\"Informaci\u00f3n Acad\u00e9mica\",\"item\":\"https:\/\/www.uhu.es\/etsi\/informacion-academica\/\"},{\"@type\":\"ListItem\",\"position\":3,\"name\":\"Informaci\u00f3n Com\u00fan a todos los T\u00edtulos\",\"item\":\"https:\/\/www.uhu.es\/etsi\/informacion-academica\/informacion-comun-todos-los-titulos\/\"},{\"@type\":\"ListItem\",\"position\":4,\"name\":\"Calendario de Ex\u00e1menes\",\"item\":\"https:\/\/www.uhu.es\/etsi\/informacion-academica\/informacion-comun-todos-los-titulos\/examenes\/\"},{\"@type\":\"ListItem\",\"position\":5,\"name\":\"Ex\u00e1menes 2018-2019\"}]},{\"@type\":\"WebSite\",\"@id\":\"https:\/\/www.uhu.es\/etsi\/#website\",\"url\":\"https:\/\/www.uhu.es\/etsi\/\",\"name\":\"ETSI, UHU\",\"description\":\"Escuela T\u00e9cnica Superior de  Ingenier\u00eda de la Universidad de Huelva\",\"publisher\":{\"@id\":\"https:\/\/www.uhu.es\/etsi\/#organization\"},\"potentialAction\":[{\"@type\":\"SearchAction\",\"target\":{\"@type\":\"EntryPoint\",\"urlTemplate\":\"https:\/\/www.uhu.es\/etsi\/?s={search_term_string}\"},\"query-input\":\"required name=search_term_string\"}],\"inLanguage\":\"es-ES\"},{\"@type\":\"Organization\",\"@id\":\"https:\/\/www.uhu.es\/etsi\/#organization\",\"name\":\"UHU ETSI\",\"url\":\"https:\/\/www.uhu.es\/etsi\/\",\"logo\":{\"@type\":\"ImageObject\",\"inLanguage\":\"es-ES\",\"@id\":\"https:\/\/www.uhu.es\/etsi\/#\/schema\/logo\/image\/\",\"url\":\"http:\/\/www.uhu.es\/etsi\/wp-content\/uploads\/2016\/02\/membrete_ETSI.jpg\",\"contentUrl\":\"http:\/\/www.uhu.es\/etsi\/wp-content\/uploads\/2016\/02\/membrete_ETSI.jpg\",\"width\":423,\"height\":81,\"caption\":\"UHU ETSI\"},\"image\":{\"@id\":\"https:\/\/www.uhu.es\/etsi\/#\/schema\/logo\/image\/\"}}]}<\/script>\n<!-- \/ Yoast SEO plugin. -->","yoast_head_json":{"title":"Ex\u00e1menes 2018-2019 - ETSI, UHU","robots":{"index":"index","follow":"follow","max-snippet":"max-snippet:-1","max-image-preview":"max-image-preview:large","max-video-preview":"max-video-preview:-1"},"canonical":"https:\/\/www.uhu.es\/etsi\/informacion-academica\/informacion-comun-todos-los-titulos\/examenes\/examenes-2018-2019\/","og_locale":"es_ES","og_type":"article","og_title":"Ex\u00e1menes 2018-2019 - ETSI, UHU","og_description":"Leyenda de las aulas: I.M: Isidoro Morales. P.Q: P\u00e9rez Quintero. ENF: Enfermer\u00eda. G.: Galileo Galilei. FCCE: Facultad de Ciencias Experimentales.","og_url":"https:\/\/www.uhu.es\/etsi\/informacion-academica\/informacion-comun-todos-los-titulos\/examenes\/examenes-2018-2019\/","og_site_name":"ETSI, UHU","article_modified_time":"2023-03-13T11:41:18+00:00","twitter_misc":{"Est. reading time":"2 minutes"},"schema":{"@context":"https:\/\/schema.org","@graph":[{"@type":"WebPage","@id":"https:\/\/www.uhu.es\/etsi\/informacion-academica\/informacion-comun-todos-los-titulos\/examenes\/examenes-2018-2019\/","url":"https:\/\/www.uhu.es\/etsi\/informacion-academica\/informacion-comun-todos-los-titulos\/examenes\/examenes-2018-2019\/","name":"Ex\u00e1menes 2018-2019 - ETSI, UHU","isPartOf":{"@id":"https:\/\/www.uhu.es\/etsi\/#website"},"datePublished":"2018-07-09T07:49:03+00:00","dateModified":"2023-03-13T11:41:18+00:00","breadcrumb":{"@id":"https:\/\/www.uhu.es\/etsi\/informacion-academica\/informacion-comun-todos-los-titulos\/examenes\/examenes-2018-2019\/#breadcrumb"},"inLanguage":"es-ES","potentialAction":[{"@type":"ReadAction","target":["https:\/\/www.uhu.es\/etsi\/informacion-academica\/informacion-comun-todos-los-titulos\/examenes\/examenes-2018-2019\/"]}]},{"@type":"BreadcrumbList","@id":"https:\/\/www.uhu.es\/etsi\/informacion-academica\/informacion-comun-todos-los-titulos\/examenes\/examenes-2018-2019\/#breadcrumb","itemListElement":[{"@type":"ListItem","position":1,"name":"Portada","item":"https:\/\/www.uhu.es\/etsi\/"},{"@type":"ListItem","position":2,"name":"Informaci\u00f3n Acad\u00e9mica","item":"https:\/\/www.uhu.es\/etsi\/informacion-academica\/"},{"@type":"ListItem","position":3,"name":"Informaci\u00f3n Com\u00fan a todos los T\u00edtulos","item":"https:\/\/www.uhu.es\/etsi\/informacion-academica\/informacion-comun-todos-los-titulos\/"},{"@type":"ListItem","position":4,"name":"Calendario de Ex\u00e1menes","item":"https:\/\/www.uhu.es\/etsi\/informacion-academica\/informacion-comun-todos-los-titulos\/examenes\/"},{"@type":"ListItem","position":5,"name":"Ex\u00e1menes 2018-2019"}]},{"@type":"WebSite","@id":"https:\/\/www.uhu.es\/etsi\/#website","url":"https:\/\/www.uhu.es\/etsi\/","name":"ETSI, UHU","description":"Escuela T\u00e9cnica Superior de  Ingenier\u00eda de la Universidad de Huelva","publisher":{"@id":"https:\/\/www.uhu.es\/etsi\/#organization"},"potentialAction":[{"@type":"SearchAction","target":{"@type":"EntryPoint","urlTemplate":"https:\/\/www.uhu.es\/etsi\/?s={search_term_string}"},"query-input":"required name=search_term_string"}],"inLanguage":"es-ES"},{"@type":"Organization","@id":"https:\/\/www.uhu.es\/etsi\/#organization","name":"UHU ETSI","url":"https:\/\/www.uhu.es\/etsi\/","logo":{"@type":"ImageObject","inLanguage":"es-ES","@id":"https:\/\/www.uhu.es\/etsi\/#\/schema\/logo\/image\/","url":"http:\/\/www.uhu.es\/etsi\/wp-content\/uploads\/2016\/02\/membrete_ETSI.jpg","contentUrl":"http:\/\/www.uhu.es\/etsi\/wp-content\/uploads\/2016\/02\/membrete_ETSI.jpg","width":423,"height":81,"caption":"UHU ETSI"},"image":{"@id":"https:\/\/www.uhu.es\/etsi\/#\/schema\/logo\/image\/"}}]}},"_links":{"self":[{"href":"https:\/\/www.uhu.es\/etsi\/wp-json\/wp\/v2\/pages\/16192"}],"collection":[{"href":"https:\/\/www.uhu.es\/etsi\/wp-json\/wp\/v2\/pages"}],"about":[{"href":"https:\/\/www.uhu.es\/etsi\/wp-json\/wp\/v2\/types\/page"}],"author":[{"embeddable":true,"href":"https:\/\/www.uhu.es\/etsi\/wp-json\/wp\/v2\/users\/7"}],"replies":[{"embeddable":true,"href":"https:\/\/www.uhu.es\/etsi\/wp-json\/wp\/v2\/comments?post=16192"}],"version-history":[{"count":21,"href":"https:\/\/www.uhu.es\/etsi\/wp-json\/wp\/v2\/pages\/16192\/revisions"}],"predecessor-version":[{"id":18086,"href":"https:\/\/www.uhu.es\/etsi\/wp-json\/wp\/v2\/pages\/16192\/revisions\/18086"}],"up":[{"embeddable":true,"href":"https:\/\/www.uhu.es\/etsi\/wp-json\/wp\/v2\/pages\/6960"}],"wp:attachment":[{"href":"https:\/\/www.uhu.es\/etsi\/wp-json\/wp\/v2\/media?parent=16192"}],"curies":[{"name":"wp","href":"https:\/\/api.w.org\/{rel}","templated":true}]}}