{"id":16237,"date":"2018-07-18T09:18:52","date_gmt":"2018-07-18T08:18:52","guid":{"rendered":"http:\/\/www.uhu.es\/etsi\/?page_id=16237"},"modified":"2025-12-01T17:00:02","modified_gmt":"2025-12-01T16:00:02","slug":"matricula_","status":"publish","type":"page","link":"https:\/\/www.uhu.es\/etsi\/secretaria\/matricula_\/","title":{"rendered":"MATR\u00cdCULA"},"content":{"rendered":"<div id=\"my-accordion\" class=\"x-accordion\" ><\/div><div  class=\"x-accordion-group\" ><div class=\"x-accordion-heading\"><a class=\"x-accordion-toggle collapsed\" data-toggle=\"collapse\" data-parent=\"#my-accordion\" href=\"#collapse-1\">Alumnado de nuevo ingreso<\/a><\/div> <!-- end .x-accordion-heading --><div id=\"collapse-1\" class=\"accordion-body collapse\"><div class=\"x-accordion-inner\">\n<!--\n\n\n<ul style=\"list-style-type: square;\">\n\n\n<ul><span style=\"display: inline-block; width: 0px; overflow: hidden; line-height: 0;\" data-mce-type=\"bookmark\" class=\"mce_SELRES_start\"><\/span>\n\n \t\n\n<li><span style=\"font-size: 18pt; color: #ff0000;\"><strong> <a style=\"color: #ff0000;\" href=\"https:\/\/www.uhu.es\/etsi\/alumnos\/INFORMACI%C3%93N%20GENERAL.pdf\"><span style=\"font-size: 14pt;\">Informaci\u00f3n general<\/span><\/a><\/strong><\/span><\/li>\n\n\n\n\n<ul>\n \t\n\n<li><span style=\"font-size: 18pt; color: #ff0000;\"><strong> <a style=\"color: #ff0000;\" href=\"https:\/\/www.uhu.es\/etsi\/alumnos\/MATRICULA NUEVO INGRESO_2025.pdf\"><span style=\"font-size: 14pt;\">Matr\u00edcula<\/span><\/a><\/strong><\/span><\/li>\n\n\n \t\n\n<\/li>\n\n\n \t\n\n<li><span style=\"font-size: 18pt;\"><a href=\"\"><strong>Alumnos<\/strong><\/a><\/span><\/li>\n\n\n<\/ul>\n\n\n\n<\/ul>\n\n\n--><\/p>\n<ul style=\"list-style-type: square;\">\n<li><span style=\"font-size: 18pt; \"><strong> <a href=\"https:\/\/www.uhu.es\/etsi\/secretariaDocumentos\/Matricula\/MATRICULA NUEVO INGRESO_20251126.pdf\"><span style=\"font-size: 14pt;\">Matr\u00edcula<\/span><\/a><\/strong><\/span><\/li>\n<\/ul>\n<\/div> <!-- end .x-accordion-inner --><\/div> <!-- end .x-accordion-body --><\/div> <!-- end .x-accordion-group -->\n<div id=\"my-accordion\" class=\"x-accordion\" ><\/div><div  class=\"x-accordion-group\" ><div class=\"x-accordion-heading\"><a class=\"x-accordion-toggle collapsed\" data-toggle=\"collapse\" data-parent=\"#my-accordion\" href=\"#collapse-2\">Resto de Alumnado<\/a><\/div> <!-- end .x-accordion-heading --><div id=\"collapse-2\" class=\"accordion-body collapse\"><div class=\"x-accordion-inner\">\n<ul style=\"list-style-type: square;\">\n<li><span style=\"font-size: 18pt; \"><strong> <a href=\"https:\/\/www.uhu.es\/etsi\/secretariaDocumentos\/Matricula\/MATRICULA%202022_23%20ALUMNOS%20ANTIGUOS.pdf\"><span style=\"font-size: 14pt;\">Matr\u00edcula<\/span><\/a><\/strong><\/span><\/li>\n<\/ul>\n<\/div> <!-- end .x-accordion-inner --><\/div> <!-- end .x-accordion-body --><\/div> <!-- end .x-accordion-group -->\n<p><!--\n\n\n<ul><span style=\"display: inline-block; width: 0px; overflow: hidden; line-height: 0;\" data-mce-type=\"bookmark\" class=\"mce_SELRES_start\"><\/span>\n \t\n\n<li><span style=\"font-size: 18pt;\"><strong>Matr\u00edcula 2021-22<\/strong><\/span>\n\n\n<ul>\n \t\n\n<li><span style=\"font-size: 18pt; color: #ff0000;\"><strong> <a style=\"color: #ff0000;\" href=\"https:\/\/www.uhu.es\/etsi\/upload\/nuevo_ingreso_grado.pdf\"><span style=\"font-size: 14pt;\">Estudiantes de nuevo ingreso de Grado<\/span><\/a><\/strong><\/span><\/li>\n\n\n \t\n\n<li><span style=\"font-size: 18pt;\"><strong> <span style=\"color: #ff0000;\"><a style=\"color: #ff0000;\" href=\"https:\/\/www.uhu.es\/etsi\/upload\/nuevo_ingreso_icc_grado_master.pdf\"><span style=\"font-size: 14pt;\">Estudiantes de nuevo ingreso de Itinerario Curricular Concreto de Grado (ICC) y de M\u00e1ster<\/span><\/a><\/span><\/strong><\/span><\/li>\n\n\n<\/ul>\n\n\n<\/li>\n\n\n \t\n\n<li><span style=\"font-size: 18pt;\"><a href=\"https:\/\/www.uhu.es\/etsi\/wp-content\/uploads\/2018\/05\/matriculaEscalonada.pdf\"><strong>Matr\u00edcula escalonada en Grado (Estudiantes que no son de nuevo ingreso)<\/strong><\/a><\/span><\/li>\n\n\n<\/ul>\n\n\n--><\/p>\n<p><!--\nAcceso al <strong>Portal de Informaci\u00f3n al Estudiante de la Universidad de Huelva (PIE)<\/strong>: <a href=\"http:\/\/www.uhu.es\/pie\/Matr\u00edcula.htm\">http:\/\/www.uhu.es\/pie\/Matr\u00edcula.htm<\/a>\n\nAcceso a la <strong>AUTOMATR\u00cdCULA<\/strong>: <a href=\"http:\/\/www.uhu.es\/gestion.academica\/automatricula\/\">http:\/\/www.uhu.es\/gestion.academica\/automatricula\/<\/a>\n\n\n<p style=\"text-align: left;\">\n\n\n\n\n<p style=\"text-align: left; padding-left: 60px;\"><span class=\"fontstyle0\">A la hora de elegir el <\/span><strong><span class=\"fontstyle2\">grupo de la asignatura<\/span><\/strong><span class=\"fontstyle0\">, la aplicaci\u00f3n de Automatr\u00edcula le asignar\u00e1,\ninicialmente, uno de los grupos ofertados con plaza disponible (el de menor ocupaci\u00f3n hasta ese\nmomento) y, si lo desea, le permitir\u00e1 cambiar a otro grupo que no est\u00e9 ocupado.\nAlgunas asignaturas ofertan un <\/span><strong><span class=\"fontstyle2\">g<\/span><\/strong><strong><span class=\"fontstyle2\">rupo en lengua inglesa<\/span><\/strong><span class=\"fontstyle0\">. Preste atenci\u00f3n por si la aplicaci\u00f3n,\ninicialmente, le asignara este grupo.<\/span><\/p>\n\n\n\n\n<p style=\"text-align: left;\">\n\n\n<strong><u>Estudiantes de nuevo ingreso<\/u><\/strong><strong>:<\/strong>\n\n\n<ul>\n \t\n\n<li><strong><u>Calendario<\/u><\/strong><strong>: <\/strong><a href=\"http:\/\/www.juntadeandalucia.es\/economiayconocimiento\/sguit\/\">http:\/\/www.juntadeandalucia.es\/economiayconocimiento\/sguit\/<\/a><\/li>\n\n\n \t\n\n<li><strong><u>Documentaci\u00f3n<\/u><\/strong><strong>: <\/strong><a href=\"http:\/\/www.uhu.es\/gestion.academica\/automatricula\/07documentacion.htm\">http:\/\/www.uhu.es\/gestion.academica\/automatricula\/07documentacion.htm<\/a><\/li>\n\n\n<\/ul>\n\n\n<strong><u>Estudiantes que NO son de nuevo ingreso<\/u><\/strong><strong>:<\/strong>\n\n\n<ul>\n \t\n\n<li><strong><u>Calendario<\/u><\/strong><strong>: <\/strong>\n\n\n<ul>\n \t\n\n<li><strong>Grado e Itinerario Curricular Concreto de Grado. <u>Matriculaci\u00f3n escalonada<\/u>: <\/strong><a href=\"http:\/\/www.uhu.es\/gestion.academica\/matricula\/matricula_grados.htm\">http:\/\/www.uhu.es\/gestion.academica\/matricula\/matricula_grados.htm<\/a><\/li>\n\n\n \t\n\n<li><strong>M\u00e1ster: <\/strong><a href=\"http:\/\/www.uhu.es\/gestion.academica\/matricula\/matricula_master.htm\">http:\/\/www.uhu.es\/gestion.academica\/matricula\/matricula_master.htm<\/a><\/li>\n\n\n<\/ul>\n\n\n<\/li>\n\n\n \t\n\n<li><strong><u>Documentaci\u00f3n<\/u><\/strong><strong>:<\/strong>\n\n\n<ul>\n \t\n\n<li><strong>Con car\u00e1cter general:<\/strong>\n\n\n<ul>\n \t\n\n<li style=\"list-style-type: none;\">\n\n\n<ul>\n \t\n\n<li>Resguardo de matr\u00edcula.<\/li>\n\n\n \t\n\n<li>Acreditaci\u00f3n de los descuentos aplicados.<\/li>\n\n\n<\/ul>\n\n\n<\/li>\n\n\n<\/ul>\n\n\n<\/li>\n\n\n \t\n\n<li><strong>Con caracter particular: <\/strong>consultar el apartado B) en <a href=\"http:\/\/www.uhu.es\/gestion.academica\/automatricula\/07documentacion.htm\">http:\/\/www.uhu.es\/gestion.academica\/automatricula\/07documentacion.htm<\/a><\/li>\n\n\n<\/ul>\n\n\n<\/li>\n\n\n<\/ul>\n\n\n\n--><\/p>\n","protected":false},"excerpt":{"rendered":"Alumnado de nuevo ingreso Matr\u00edcula Resto de Alumnado Matr\u00edcula","protected":false},"author":7,"featured_media":0,"parent":6660,"menu_order":0,"comment_status":"closed","ping_status":"closed","template":"template-layout-full-width.php","meta":[],"yoast_head":"<!-- This site is optimized with the Yoast SEO plugin v20.2.1 - https:\/\/yoast.com\/wordpress\/plugins\/seo\/ -->\n<title>MATR\u00cdCULA - ETSI, UHU<\/title>\n<meta name=\"robots\" content=\"index, follow, max-snippet:-1, max-image-preview:large, max-video-preview:-1\" \/>\n<link rel=\"canonical\" href=\"https:\/\/www.uhu.es\/etsi\/secretaria\/matricula_\/\" \/>\n<meta property=\"og:locale\" content=\"es_ES\" \/>\n<meta property=\"og:type\" content=\"article\" \/>\n<meta property=\"og:title\" content=\"MATR\u00cdCULA - ETSI, UHU\" \/>\n<meta property=\"og:url\" content=\"https:\/\/www.uhu.es\/etsi\/secretaria\/matricula_\/\" \/>\n<meta property=\"og:site_name\" content=\"ETSI, UHU\" \/>\n<meta property=\"article:modified_time\" content=\"2025-12-01T16:00:02+00:00\" \/>\n<meta name=\"twitter:label1\" content=\"Est. reading time\" \/>\n\t<meta name=\"twitter:data1\" content=\"1 minute\" \/>\n<script type=\"application\/ld+json\" class=\"yoast-schema-graph\">{\"@context\":\"https:\/\/schema.org\",\"@graph\":[{\"@type\":\"WebPage\",\"@id\":\"https:\/\/www.uhu.es\/etsi\/secretaria\/matricula_\/\",\"url\":\"https:\/\/www.uhu.es\/etsi\/secretaria\/matricula_\/\",\"name\":\"MATR\u00cdCULA - ETSI, UHU\",\"isPartOf\":{\"@id\":\"https:\/\/www.uhu.es\/etsi\/#website\"},\"datePublished\":\"2018-07-18T08:18:52+00:00\",\"dateModified\":\"2025-12-01T16:00:02+00:00\",\"breadcrumb\":{\"@id\":\"https:\/\/www.uhu.es\/etsi\/secretaria\/matricula_\/#breadcrumb\"},\"inLanguage\":\"es-ES\",\"potentialAction\":[{\"@type\":\"ReadAction\",\"target\":[\"https:\/\/www.uhu.es\/etsi\/secretaria\/matricula_\/\"]}]},{\"@type\":\"BreadcrumbList\",\"@id\":\"https:\/\/www.uhu.es\/etsi\/secretaria\/matricula_\/#breadcrumb\",\"itemListElement\":[{\"@type\":\"ListItem\",\"position\":1,\"name\":\"Portada\",\"item\":\"https:\/\/www.uhu.es\/etsi\/\"},{\"@type\":\"ListItem\",\"position\":2,\"name\":\"Secretar\u00eda\",\"item\":\"https:\/\/www.uhu.es\/etsi\/secretaria\/\"},{\"@type\":\"ListItem\",\"position\":3,\"name\":\"MATR\u00cdCULA\"}]},{\"@type\":\"WebSite\",\"@id\":\"https:\/\/www.uhu.es\/etsi\/#website\",\"url\":\"https:\/\/www.uhu.es\/etsi\/\",\"name\":\"ETSI, UHU\",\"description\":\"Escuela T\u00e9cnica Superior de  Ingenier\u00eda de la Universidad de Huelva\",\"publisher\":{\"@id\":\"https:\/\/www.uhu.es\/etsi\/#organization\"},\"potentialAction\":[{\"@type\":\"SearchAction\",\"target\":{\"@type\":\"EntryPoint\",\"urlTemplate\":\"https:\/\/www.uhu.es\/etsi\/?s={search_term_string}\"},\"query-input\":\"required name=search_term_string\"}],\"inLanguage\":\"es-ES\"},{\"@type\":\"Organization\",\"@id\":\"https:\/\/www.uhu.es\/etsi\/#organization\",\"name\":\"UHU ETSI\",\"url\":\"https:\/\/www.uhu.es\/etsi\/\",\"logo\":{\"@type\":\"ImageObject\",\"inLanguage\":\"es-ES\",\"@id\":\"https:\/\/www.uhu.es\/etsi\/#\/schema\/logo\/image\/\",\"url\":\"http:\/\/www.uhu.es\/etsi\/wp-content\/uploads\/2016\/02\/membrete_ETSI.jpg\",\"contentUrl\":\"http:\/\/www.uhu.es\/etsi\/wp-content\/uploads\/2016\/02\/membrete_ETSI.jpg\",\"width\":423,\"height\":81,\"caption\":\"UHU ETSI\"},\"image\":{\"@id\":\"https:\/\/www.uhu.es\/etsi\/#\/schema\/logo\/image\/\"}}]}<\/script>\n<!-- \/ Yoast SEO plugin. -->","yoast_head_json":{"title":"MATR\u00cdCULA - ETSI, UHU","robots":{"index":"index","follow":"follow","max-snippet":"max-snippet:-1","max-image-preview":"max-image-preview:large","max-video-preview":"max-video-preview:-1"},"canonical":"https:\/\/www.uhu.es\/etsi\/secretaria\/matricula_\/","og_locale":"es_ES","og_type":"article","og_title":"MATR\u00cdCULA - ETSI, UHU","og_url":"https:\/\/www.uhu.es\/etsi\/secretaria\/matricula_\/","og_site_name":"ETSI, UHU","article_modified_time":"2025-12-01T16:00:02+00:00","twitter_misc":{"Est. reading time":"1 minute"},"schema":{"@context":"https:\/\/schema.org","@graph":[{"@type":"WebPage","@id":"https:\/\/www.uhu.es\/etsi\/secretaria\/matricula_\/","url":"https:\/\/www.uhu.es\/etsi\/secretaria\/matricula_\/","name":"MATR\u00cdCULA - ETSI, UHU","isPartOf":{"@id":"https:\/\/www.uhu.es\/etsi\/#website"},"datePublished":"2018-07-18T08:18:52+00:00","dateModified":"2025-12-01T16:00:02+00:00","breadcrumb":{"@id":"https:\/\/www.uhu.es\/etsi\/secretaria\/matricula_\/#breadcrumb"},"inLanguage":"es-ES","potentialAction":[{"@type":"ReadAction","target":["https:\/\/www.uhu.es\/etsi\/secretaria\/matricula_\/"]}]},{"@type":"BreadcrumbList","@id":"https:\/\/www.uhu.es\/etsi\/secretaria\/matricula_\/#breadcrumb","itemListElement":[{"@type":"ListItem","position":1,"name":"Portada","item":"https:\/\/www.uhu.es\/etsi\/"},{"@type":"ListItem","position":2,"name":"Secretar\u00eda","item":"https:\/\/www.uhu.es\/etsi\/secretaria\/"},{"@type":"ListItem","position":3,"name":"MATR\u00cdCULA"}]},{"@type":"WebSite","@id":"https:\/\/www.uhu.es\/etsi\/#website","url":"https:\/\/www.uhu.es\/etsi\/","name":"ETSI, UHU","description":"Escuela T\u00e9cnica Superior de  Ingenier\u00eda de la Universidad de Huelva","publisher":{"@id":"https:\/\/www.uhu.es\/etsi\/#organization"},"potentialAction":[{"@type":"SearchAction","target":{"@type":"EntryPoint","urlTemplate":"https:\/\/www.uhu.es\/etsi\/?s={search_term_string}"},"query-input":"required name=search_term_string"}],"inLanguage":"es-ES"},{"@type":"Organization","@id":"https:\/\/www.uhu.es\/etsi\/#organization","name":"UHU ETSI","url":"https:\/\/www.uhu.es\/etsi\/","logo":{"@type":"ImageObject","inLanguage":"es-ES","@id":"https:\/\/www.uhu.es\/etsi\/#\/schema\/logo\/image\/","url":"http:\/\/www.uhu.es\/etsi\/wp-content\/uploads\/2016\/02\/membrete_ETSI.jpg","contentUrl":"http:\/\/www.uhu.es\/etsi\/wp-content\/uploads\/2016\/02\/membrete_ETSI.jpg","width":423,"height":81,"caption":"UHU ETSI"},"image":{"@id":"https:\/\/www.uhu.es\/etsi\/#\/schema\/logo\/image\/"}}]}},"_links":{"self":[{"href":"https:\/\/www.uhu.es\/etsi\/wp-json\/wp\/v2\/pages\/16237"}],"collection":[{"href":"https:\/\/www.uhu.es\/etsi\/wp-json\/wp\/v2\/pages"}],"about":[{"href":"https:\/\/www.uhu.es\/etsi\/wp-json\/wp\/v2\/types\/page"}],"author":[{"embeddable":true,"href":"https:\/\/www.uhu.es\/etsi\/wp-json\/wp\/v2\/users\/7"}],"replies":[{"embeddable":true,"href":"https:\/\/www.uhu.es\/etsi\/wp-json\/wp\/v2\/comments?post=16237"}],"version-history":[{"count":19,"href":"https:\/\/www.uhu.es\/etsi\/wp-json\/wp\/v2\/pages\/16237\/revisions"}],"predecessor-version":[{"id":16240,"href":"https:\/\/www.uhu.es\/etsi\/wp-json\/wp\/v2\/pages\/16237\/revisions\/16240"}],"up":[{"embeddable":true,"href":"https:\/\/www.uhu.es\/etsi\/wp-json\/wp\/v2\/pages\/6660"}],"wp:attachment":[{"href":"https:\/\/www.uhu.es\/etsi\/wp-json\/wp\/v2\/media?parent=16237"}],"curies":[{"name":"wp","href":"https:\/\/api.w.org\/{rel}","templated":true}]}}