{"id":16564,"date":"2018-10-03T10:45:25","date_gmt":"2018-10-03T09:45:25","guid":{"rendered":"http:\/\/www.uhu.es\/etsi\/?page_id=16564"},"modified":"2019-11-06T11:24:32","modified_gmt":"2019-11-06T10:24:32","slug":"programa-faro-curso-2018-2019","status":"publish","type":"page","link":"https:\/\/www.uhu.es\/etsi\/estudiantes-2\/programa-mentorizacion\/programa-faro-curso-2018-2019\/","title":{"rendered":"Programa Faro &#8212; Curso 2018-2019"},"content":{"rendered":"<p style=\"text-align: justify;\"><a href=\"https:\/\/www.uhu.es\/etsi\/wp-content\/uploads\/2015\/09\/cabecera-patbuenA.jpg\"><img decoding=\"async\" loading=\"lazy\" class=\"size-full wp-image-10021 aligncenter\" src=\"https:\/\/www.uhu.es\/etsi\/wp-content\/uploads\/2015\/09\/cabecera-patbuenA.jpg\" alt=\"cabecera patbuenA\" width=\"757\" height=\"105\" \/><\/a><\/p>\n<div id=\"my-accordion\" class=\"x-accordion\" > <div  class=\"x-accordion-group\" ><div class=\"x-accordion-heading\"><a class=\"x-accordion-toggle collapsed\" data-toggle=\"collapse\" data-parent=\"#my-accordion\" href=\"#collapse-1\">Presentaci\u00f3n<\/a><\/div> <!-- end .x-accordion-heading --><div id=\"collapse-1\" class=\"accordion-body collapse\"><div class=\"x-accordion-inner\">\n<ul  class=\"x-nav x-nav-tabs six-up left\" >\n<li  class=\"x-nav-tabs-item active\" ><a href=\"#tab-1\" data-toggle=\"tab\">\u00bfQu\u00e9 es el Plan de Acci\u00f3n Tutorial?<\/a><\/li>\n<li  class=\"x-nav-tabs-item\" ><a href=\"#tab-2\" data-toggle=\"tab\">\u00bfQu\u00e9 har\u00e1 el tutor por m\u00ed?<\/a><\/li>\n<li  class=\"x-nav-tabs-item\" ><a href=\"#tab-3\" data-toggle=\"tab\">Pero, \u00bfC\u00f3mo me va a orientar?<\/a><\/li>\n<li  class=\"x-nav-tabs-item\" ><a href=\"#tab-4\" data-toggle=\"tab\">\u00bfMe quitar\u00e1 mucho tiempo?<\/a><\/li>\n<p>&nbsp;<\/p>\n<\/ul><div  class=\"x-tab-content\" >\n<div id=\"tab-1\" class=\"x-tab-pane fade in fade in active\" >El Plan de Acci\u00f3n Tutorial es una iniciativa de la Escuela T\u00e9cnica Superior de Ingenier\u00eda para proporcionar asistencia y orientaci\u00f3n a todos los estudiantes de nuevo ingreso.\u00a0Como alumno de la ETSI, podr\u00e1s contar con el asesoramiento de un profesor tutor de tu titulaci\u00f3n.<\/p>\n<p>Adem\u00e1s, como parte del Programa Faro, se organizar\u00e1n actividades de orientaci\u00f3n al mundo profesional.<\/div>\n<div id=\"tab-2\" class=\"x-tab-pane fade in\" >El asesoramiento proporcionado por el tutor va encaminado a tu integraci\u00f3n en la Universidad, a tu correcta preparaci\u00f3n en general y a la superaci\u00f3n de las pruebas de evaluaci\u00f3n en particular.<\/p>\n<p>El tutor tambi\u00e9n puede orientarte sobre tus intereses profesionales y el dise\u00f1o curricular m\u00e1s adecuado para t\u00ed dentro de la titulaci\u00f3n. <\/div>\n<div id=\"tab-3\" class=\"x-tab-pane fade in\" >Ofreci\u00e9ndote informaci\u00f3n sobre la estructura, funcionamiento y servicios de la Escuela y la Universidad.<\/p>\n<p>Orient\u00e1ndote en t\u00e9cnicas y h\u00e1bitos de trabajos y estudios, para que tu rendimiento sea \u00f3ptimo. Aconsej\u00e1ndote el orden en el que debes cursar las asignaturas de la titulaci\u00f3n para obtener el m\u00e1ximo aprovechamiento. Sugiri\u00e9ndote actividades complementarias que mejoren tu formaci\u00f3n. <\/div>\n<div id=\"tab-4\" class=\"x-tab-pane fade in\" >Las consultas al tutor son voluntarias, a demanda del alumno, por lo que s\u00f3lo te ocupar\u00e1 el tiempo que consideres que merece la pena invertir. <\/div>\n<\/div>\n<\/div> <!-- end .x-accordion-inner --><\/div> <!-- end .x-accordion-body --><\/div> <!-- end .x-accordion-group -->\n<div  class=\"x-accordion-group\" ><div class=\"x-accordion-heading\"><a class=\"x-accordion-toggle collapsed\" data-toggle=\"collapse\" data-parent=\"#my-accordion\" href=\"#collapse-2\">Tutores<\/a><\/div> <!-- end .x-accordion-heading --><div id=\"collapse-2\" class=\"accordion-body collapse\"><div class=\"x-accordion-inner\">\n<p>Puede consultarlo en este <a href=\"#\"><strong>enlace<\/strong><\/a>.<br \/>\n<!--\n\n\n<p> <em><strong>En construcci\u00f3n<\/strong><\/em><\/p>\n\n\n--><\/p>\n<\/div> <!-- end .x-accordion-inner --><\/div> <!-- end .x-accordion-body --><\/div> <!-- end .x-accordion-group -->\n<div  class=\"x-accordion-group\" ><div class=\"x-accordion-heading\"><a class=\"x-accordion-toggle collapsed\" data-toggle=\"collapse\" data-parent=\"#my-accordion\" href=\"#collapse-3\">Cursos<\/a><\/div> <!-- end .x-accordion-heading --><div id=\"collapse-3\" class=\"accordion-body collapse\"><div class=\"x-accordion-inner\">\n<ul>\n<li><a href=\"https:\/\/www.uhu.es\/etsi\/wp-content\/uploads\/2018\/10\/Cartel-Cursos-Excel-Estudiantes-1y2_2018_19.pdf\">Curso b\u00e1sico de EXCEL para su aplicaci\u00f3n en la resoluci\u00f3n de problemas de Ingenier\u00eda Qu\u00edmica<\/a> <\/li>\n<li><a href=\"https:\/\/www.uhu.es\/etsi\/wp-content\/uploads\/2018\/10\/Cartel-Cursos-Excel-Estudiantes-3y4_2018_19.pdf\">Curso: EXCEL para la resoluci\u00f3n de problemas de Ingenier\u00eda Qu\u00edmica<\/a><\/li>\n<li><a href=\"https:\/\/www.uhu.es\/etsi\/estudiantes-2\/programa-faro\/programa-faro-curso-2018-2019\/taller-tecnicas-de-estudio\/\">Taller: \u201cT\u00e9cnicas de Estudio\u201d<\/a><\/li>\n<li><a href=\"https:\/\/www.uhu.es\/etsi\/estudiantes-2\/programa-faro\/programa-faro-curso-2018-2019\/curso-mathcad-para-calculos-complejos-en-ingenieria-quimica\/\">Curso: Mathcad para c\u00e1lculos complejos en Ingenier\u00eda Qu\u00edmica<\/a><\/li>\n<\/ul>\n<\/div> <!-- end .x-accordion-inner --><\/div> <!-- end .x-accordion-body --><\/div> <!-- end .x-accordion-group -->\n<\/div>\n","protected":false},"excerpt":{"rendered":"Presentaci\u00f3n \u00bfQu\u00e9 es el Plan de Acci\u00f3n Tutorial? \u00bfQu\u00e9 har\u00e1 el tutor por m\u00ed? Pero, \u00bfC\u00f3mo me va a orientar? ... <div><a href=\"https:\/\/www.uhu.es\/etsi\/estudiantes-2\/programa-mentorizacion\/programa-faro-curso-2018-2019\/\" class=\"more-link\">Read More<\/a><\/div>","protected":false},"author":7,"featured_media":0,"parent":14632,"menu_order":0,"comment_status":"closed","ping_status":"closed","template":"template-layout-full-width.php","meta":[],"yoast_head":"<!-- This site is optimized with the Yoast SEO plugin v20.2.1 - https:\/\/yoast.com\/wordpress\/plugins\/seo\/ -->\n<title>Programa Faro - Curso 2018-2019 - ETSI, UHU<\/title>\n<meta name=\"robots\" content=\"index, follow, max-snippet:-1, max-image-preview:large, max-video-preview:-1\" \/>\n<link rel=\"canonical\" href=\"https:\/\/www.uhu.es\/etsi\/estudiantes-2\/programa-mentorizacion\/programa-faro-curso-2018-2019\/\" \/>\n<meta property=\"og:locale\" content=\"es_ES\" \/>\n<meta property=\"og:type\" content=\"article\" \/>\n<meta property=\"og:title\" content=\"Programa Faro - Curso 2018-2019 - ETSI, UHU\" \/>\n<meta property=\"og:url\" content=\"https:\/\/www.uhu.es\/etsi\/estudiantes-2\/programa-mentorizacion\/programa-faro-curso-2018-2019\/\" \/>\n<meta property=\"og:site_name\" content=\"ETSI, UHU\" \/>\n<meta property=\"article:modified_time\" content=\"2019-11-06T10:24:32+00:00\" \/>\n<meta property=\"og:image\" content=\"http:\/\/www.uhu.es\/etsi\/wp-content\/uploads\/2015\/09\/cabecera-patbuenA.jpg\" \/>\n<meta name=\"twitter:label1\" content=\"Est. reading time\" \/>\n\t<meta name=\"twitter:data1\" content=\"2 minutes\" \/>\n<script type=\"application\/ld+json\" class=\"yoast-schema-graph\">{\"@context\":\"https:\/\/schema.org\",\"@graph\":[{\"@type\":\"WebPage\",\"@id\":\"https:\/\/www.uhu.es\/etsi\/estudiantes-2\/programa-mentorizacion\/programa-faro-curso-2018-2019\/\",\"url\":\"https:\/\/www.uhu.es\/etsi\/estudiantes-2\/programa-mentorizacion\/programa-faro-curso-2018-2019\/\",\"name\":\"Programa Faro - Curso 2018-2019 - ETSI, UHU\",\"isPartOf\":{\"@id\":\"https:\/\/www.uhu.es\/etsi\/#website\"},\"datePublished\":\"2018-10-03T09:45:25+00:00\",\"dateModified\":\"2019-11-06T10:24:32+00:00\",\"breadcrumb\":{\"@id\":\"https:\/\/www.uhu.es\/etsi\/estudiantes-2\/programa-mentorizacion\/programa-faro-curso-2018-2019\/#breadcrumb\"},\"inLanguage\":\"es-ES\",\"potentialAction\":[{\"@type\":\"ReadAction\",\"target\":[\"https:\/\/www.uhu.es\/etsi\/estudiantes-2\/programa-mentorizacion\/programa-faro-curso-2018-2019\/\"]}]},{\"@type\":\"BreadcrumbList\",\"@id\":\"https:\/\/www.uhu.es\/etsi\/estudiantes-2\/programa-mentorizacion\/programa-faro-curso-2018-2019\/#breadcrumb\",\"itemListElement\":[{\"@type\":\"ListItem\",\"position\":1,\"name\":\"Portada\",\"item\":\"https:\/\/www.uhu.es\/etsi\/\"},{\"@type\":\"ListItem\",\"position\":2,\"name\":\"Estudiantes\",\"item\":\"https:\/\/www.uhu.es\/etsi\/estudiantes-2\/\"},{\"@type\":\"ListItem\",\"position\":3,\"name\":\"Programa De Mentorizacion\",\"item\":\"https:\/\/www.uhu.es\/etsi\/estudiantes-2\/programa-mentorizacion\/\"},{\"@type\":\"ListItem\",\"position\":4,\"name\":\"Programa Faro &#8212; Curso 2018-2019\"}]},{\"@type\":\"WebSite\",\"@id\":\"https:\/\/www.uhu.es\/etsi\/#website\",\"url\":\"https:\/\/www.uhu.es\/etsi\/\",\"name\":\"ETSI, UHU\",\"description\":\"Escuela T\u00e9cnica Superior de  Ingenier\u00eda de la Universidad de Huelva\",\"publisher\":{\"@id\":\"https:\/\/www.uhu.es\/etsi\/#organization\"},\"potentialAction\":[{\"@type\":\"SearchAction\",\"target\":{\"@type\":\"EntryPoint\",\"urlTemplate\":\"https:\/\/www.uhu.es\/etsi\/?s={search_term_string}\"},\"query-input\":\"required name=search_term_string\"}],\"inLanguage\":\"es-ES\"},{\"@type\":\"Organization\",\"@id\":\"https:\/\/www.uhu.es\/etsi\/#organization\",\"name\":\"UHU ETSI\",\"url\":\"https:\/\/www.uhu.es\/etsi\/\",\"logo\":{\"@type\":\"ImageObject\",\"inLanguage\":\"es-ES\",\"@id\":\"https:\/\/www.uhu.es\/etsi\/#\/schema\/logo\/image\/\",\"url\":\"http:\/\/www.uhu.es\/etsi\/wp-content\/uploads\/2016\/02\/membrete_ETSI.jpg\",\"contentUrl\":\"http:\/\/www.uhu.es\/etsi\/wp-content\/uploads\/2016\/02\/membrete_ETSI.jpg\",\"width\":423,\"height\":81,\"caption\":\"UHU ETSI\"},\"image\":{\"@id\":\"https:\/\/www.uhu.es\/etsi\/#\/schema\/logo\/image\/\"}}]}<\/script>\n<!-- \/ Yoast SEO plugin. -->","yoast_head_json":{"title":"Programa Faro - Curso 2018-2019 - ETSI, UHU","robots":{"index":"index","follow":"follow","max-snippet":"max-snippet:-1","max-image-preview":"max-image-preview:large","max-video-preview":"max-video-preview:-1"},"canonical":"https:\/\/www.uhu.es\/etsi\/estudiantes-2\/programa-mentorizacion\/programa-faro-curso-2018-2019\/","og_locale":"es_ES","og_type":"article","og_title":"Programa Faro - Curso 2018-2019 - ETSI, UHU","og_url":"https:\/\/www.uhu.es\/etsi\/estudiantes-2\/programa-mentorizacion\/programa-faro-curso-2018-2019\/","og_site_name":"ETSI, UHU","article_modified_time":"2019-11-06T10:24:32+00:00","og_image":[{"url":"http:\/\/www.uhu.es\/etsi\/wp-content\/uploads\/2015\/09\/cabecera-patbuenA.jpg"}],"twitter_misc":{"Est. reading time":"2 minutes"},"schema":{"@context":"https:\/\/schema.org","@graph":[{"@type":"WebPage","@id":"https:\/\/www.uhu.es\/etsi\/estudiantes-2\/programa-mentorizacion\/programa-faro-curso-2018-2019\/","url":"https:\/\/www.uhu.es\/etsi\/estudiantes-2\/programa-mentorizacion\/programa-faro-curso-2018-2019\/","name":"Programa Faro - Curso 2018-2019 - ETSI, UHU","isPartOf":{"@id":"https:\/\/www.uhu.es\/etsi\/#website"},"datePublished":"2018-10-03T09:45:25+00:00","dateModified":"2019-11-06T10:24:32+00:00","breadcrumb":{"@id":"https:\/\/www.uhu.es\/etsi\/estudiantes-2\/programa-mentorizacion\/programa-faro-curso-2018-2019\/#breadcrumb"},"inLanguage":"es-ES","potentialAction":[{"@type":"ReadAction","target":["https:\/\/www.uhu.es\/etsi\/estudiantes-2\/programa-mentorizacion\/programa-faro-curso-2018-2019\/"]}]},{"@type":"BreadcrumbList","@id":"https:\/\/www.uhu.es\/etsi\/estudiantes-2\/programa-mentorizacion\/programa-faro-curso-2018-2019\/#breadcrumb","itemListElement":[{"@type":"ListItem","position":1,"name":"Portada","item":"https:\/\/www.uhu.es\/etsi\/"},{"@type":"ListItem","position":2,"name":"Estudiantes","item":"https:\/\/www.uhu.es\/etsi\/estudiantes-2\/"},{"@type":"ListItem","position":3,"name":"Programa De Mentorizacion","item":"https:\/\/www.uhu.es\/etsi\/estudiantes-2\/programa-mentorizacion\/"},{"@type":"ListItem","position":4,"name":"Programa Faro &#8212; Curso 2018-2019"}]},{"@type":"WebSite","@id":"https:\/\/www.uhu.es\/etsi\/#website","url":"https:\/\/www.uhu.es\/etsi\/","name":"ETSI, UHU","description":"Escuela T\u00e9cnica Superior de  Ingenier\u00eda de la Universidad de Huelva","publisher":{"@id":"https:\/\/www.uhu.es\/etsi\/#organization"},"potentialAction":[{"@type":"SearchAction","target":{"@type":"EntryPoint","urlTemplate":"https:\/\/www.uhu.es\/etsi\/?s={search_term_string}"},"query-input":"required name=search_term_string"}],"inLanguage":"es-ES"},{"@type":"Organization","@id":"https:\/\/www.uhu.es\/etsi\/#organization","name":"UHU ETSI","url":"https:\/\/www.uhu.es\/etsi\/","logo":{"@type":"ImageObject","inLanguage":"es-ES","@id":"https:\/\/www.uhu.es\/etsi\/#\/schema\/logo\/image\/","url":"http:\/\/www.uhu.es\/etsi\/wp-content\/uploads\/2016\/02\/membrete_ETSI.jpg","contentUrl":"http:\/\/www.uhu.es\/etsi\/wp-content\/uploads\/2016\/02\/membrete_ETSI.jpg","width":423,"height":81,"caption":"UHU ETSI"},"image":{"@id":"https:\/\/www.uhu.es\/etsi\/#\/schema\/logo\/image\/"}}]}},"_links":{"self":[{"href":"https:\/\/www.uhu.es\/etsi\/wp-json\/wp\/v2\/pages\/16564"}],"collection":[{"href":"https:\/\/www.uhu.es\/etsi\/wp-json\/wp\/v2\/pages"}],"about":[{"href":"https:\/\/www.uhu.es\/etsi\/wp-json\/wp\/v2\/types\/page"}],"author":[{"embeddable":true,"href":"https:\/\/www.uhu.es\/etsi\/wp-json\/wp\/v2\/users\/7"}],"replies":[{"embeddable":true,"href":"https:\/\/www.uhu.es\/etsi\/wp-json\/wp\/v2\/comments?post=16564"}],"version-history":[{"count":9,"href":"https:\/\/www.uhu.es\/etsi\/wp-json\/wp\/v2\/pages\/16564\/revisions"}],"predecessor-version":[{"id":18521,"href":"https:\/\/www.uhu.es\/etsi\/wp-json\/wp\/v2\/pages\/16564\/revisions\/18521"}],"up":[{"embeddable":true,"href":"https:\/\/www.uhu.es\/etsi\/wp-json\/wp\/v2\/pages\/14632"}],"wp:attachment":[{"href":"https:\/\/www.uhu.es\/etsi\/wp-json\/wp\/v2\/media?parent=16564"}],"curies":[{"name":"wp","href":"https:\/\/api.w.org\/{rel}","templated":true}]}}