{"id":16592,"date":"2018-10-08T09:04:23","date_gmt":"2018-10-08T08:04:23","guid":{"rendered":"http:\/\/www.uhu.es\/etsi\/?page_id=16592"},"modified":"2018-10-08T09:07:51","modified_gmt":"2018-10-08T08:07:51","slug":"taller-tecnicas-de-estudio","status":"publish","type":"page","link":"https:\/\/www.uhu.es\/etsi\/estudiantes-2\/programa-mentorizacion\/programa-faro-curso-2018-2019\/taller-tecnicas-de-estudio\/","title":{"rendered":"Taller: \u201cT\u00e9cnicas de Estudio\u201d"},"content":{"rendered":"<p><img decoding=\"async\" loading=\"lazy\" class=\"size-full wp-image-13474 aligncenter\" src=\"https:\/\/www.uhu.es\/etsi\/wp-content\/uploads\/2017\/02\/faro.gif\" alt=\"\" width=\"297\" height=\"127\" \/><\/p>\n<p><strong>DESCRIPCI\u00d3N: <\/strong><br \/>\nCon la llegada a la Universidad, aumentan los contenidos y el nivel de exigencia y disminuye el control externo, esto exige a la mayor\u00eda del alumnado mejorar sus estrategias de organizaci\u00f3n del tiempo, su habilidad para tomar notas, sus t\u00e9cnicas de b\u00fasqueda y selecci\u00f3n de informaci\u00f3n, su atenci\u00f3n y concentraci\u00f3n prolongadas.<br \/>\nConocer y entrenarse en T\u00e9cnicas de Estudio que potencien y faciliten la habilidad para aprender, son pasos claves para sacar el m\u00e1ximo provecho y conseguir el mejor rendimiento en los a\u00f1os de formaci\u00f3n acad\u00e9mica.<br \/>\nEn el Taller de T\u00e9cnicas de Estudio conoceremos t\u00e9cnicas din\u00e1micas para mejorar los resultados y rendimiento a la hora de estudiar. Estas t\u00e9cnicas no son infalibles, ya que cada persona deber\u00e1, primero conocerlas y despu\u00e9s elegir aquellas que se adapten a su forma de aprender y retener contenidos e incluso adaptarlas o inventar nuevas maneras de llevarlas a la pr\u00e1ctica. <\/p>\n<p><strong>HORARIO:<\/strong><\/p>\n<p>Martes 9 de octubre. IM 1.2 de 10 a 11:30 h<\/p>\n<ul>\n<li>Grado en Ingenier\u00eda El\u00e9ctrica<\/li>\n<li>Grado en Ingenier\u00eda Energ\u00e9tica<\/li>\n<\/ul>\n<p>Martes 9 de octubre IM 2.9 de 12 a 13.30<\/p>\n<ul>\n<li>Grado en Ingenier\u00eda Agr\u00edcola<\/li>\n<li>Grado en Ingenier\u00eda Forestal y del Medio Natural<\/li>\n<li>Grado en Ingenier\u00eda Mec\u00e1nica<\/li>\n<li>Grado en Ingenier\u00eda Qu\u00edmica<\/li>\n<\/ul>\n<p>Mi\u00e9rcoles 10 de octubre IM 2.9: 12:00 a 13:30h<\/p>\n<ul>\n<li>Grado en Ingenier\u00eda Inform\u00e1tica<\/li>\n<li>Grado en Explotaci\u00f3n de Minas y Recursos Energ\u00e9ticos<\/li>\n<\/ul>\n","protected":false},"excerpt":{"rendered":"<p>DESCRIPCI\u00d3N: Con la llegada a la Universidad, aumentan los contenidos y el nivel de exigencia y disminuye el control externo, &#8230; <\/p>\n<div><a href=\"https:\/\/www.uhu.es\/etsi\/estudiantes-2\/programa-mentorizacion\/programa-faro-curso-2018-2019\/taller-tecnicas-de-estudio\/\" class=\"more-link\">Read More<\/a><\/div>\n","protected":false},"author":7,"featured_media":0,"parent":16564,"menu_order":0,"comment_status":"closed","ping_status":"closed","template":"template-layout-full-width.php","meta":[],"yoast_head":"<!-- This site is optimized with the Yoast SEO plugin v20.2.1 - https:\/\/yoast.com\/wordpress\/plugins\/seo\/ -->\n<title>Taller: \u201cT\u00e9cnicas de Estudio\u201d - ETSI, UHU<\/title>\n<meta name=\"robots\" content=\"index, follow, max-snippet:-1, max-image-preview:large, max-video-preview:-1\" \/>\n<link rel=\"canonical\" href=\"https:\/\/www.uhu.es\/etsi\/estudiantes-2\/programa-mentorizacion\/programa-faro-curso-2018-2019\/taller-tecnicas-de-estudio\/\" \/>\n<meta property=\"og:locale\" content=\"es_ES\" \/>\n<meta property=\"og:type\" content=\"article\" \/>\n<meta property=\"og:title\" content=\"Taller: \u201cT\u00e9cnicas de Estudio\u201d - ETSI, UHU\" \/>\n<meta property=\"og:description\" content=\"DESCRIPCI\u00d3N: Con la llegada a la Universidad, aumentan los contenidos y el nivel de exigencia y disminuye el control externo, ... Read More\" \/>\n<meta property=\"og:url\" content=\"https:\/\/www.uhu.es\/etsi\/estudiantes-2\/programa-mentorizacion\/programa-faro-curso-2018-2019\/taller-tecnicas-de-estudio\/\" \/>\n<meta property=\"og:site_name\" content=\"ETSI, UHU\" \/>\n<meta property=\"article:modified_time\" content=\"2018-10-08T08:07:51+00:00\" \/>\n<meta property=\"og:image\" content=\"http:\/\/www.uhu.es\/etsi\/wp-content\/uploads\/2017\/02\/faro.gif\" \/>\n<meta name=\"twitter:label1\" content=\"Est. reading time\" \/>\n\t<meta name=\"twitter:data1\" content=\"1 minute\" \/>\n<script type=\"application\/ld+json\" class=\"yoast-schema-graph\">{\"@context\":\"https:\/\/schema.org\",\"@graph\":[{\"@type\":\"WebPage\",\"@id\":\"https:\/\/www.uhu.es\/etsi\/estudiantes-2\/programa-mentorizacion\/programa-faro-curso-2018-2019\/taller-tecnicas-de-estudio\/\",\"url\":\"https:\/\/www.uhu.es\/etsi\/estudiantes-2\/programa-mentorizacion\/programa-faro-curso-2018-2019\/taller-tecnicas-de-estudio\/\",\"name\":\"Taller: \u201cT\u00e9cnicas de Estudio\u201d - ETSI, UHU\",\"isPartOf\":{\"@id\":\"https:\/\/www.uhu.es\/etsi\/#website\"},\"datePublished\":\"2018-10-08T08:04:23+00:00\",\"dateModified\":\"2018-10-08T08:07:51+00:00\",\"breadcrumb\":{\"@id\":\"https:\/\/www.uhu.es\/etsi\/estudiantes-2\/programa-mentorizacion\/programa-faro-curso-2018-2019\/taller-tecnicas-de-estudio\/#breadcrumb\"},\"inLanguage\":\"es-ES\",\"potentialAction\":[{\"@type\":\"ReadAction\",\"target\":[\"https:\/\/www.uhu.es\/etsi\/estudiantes-2\/programa-mentorizacion\/programa-faro-curso-2018-2019\/taller-tecnicas-de-estudio\/\"]}]},{\"@type\":\"BreadcrumbList\",\"@id\":\"https:\/\/www.uhu.es\/etsi\/estudiantes-2\/programa-mentorizacion\/programa-faro-curso-2018-2019\/taller-tecnicas-de-estudio\/#breadcrumb\",\"itemListElement\":[{\"@type\":\"ListItem\",\"position\":1,\"name\":\"Portada\",\"item\":\"https:\/\/www.uhu.es\/etsi\/\"},{\"@type\":\"ListItem\",\"position\":2,\"name\":\"Estudiantes\",\"item\":\"https:\/\/www.uhu.es\/etsi\/estudiantes-2\/\"},{\"@type\":\"ListItem\",\"position\":3,\"name\":\"Programa De Mentorizacion\",\"item\":\"https:\/\/www.uhu.es\/etsi\/estudiantes-2\/programa-mentorizacion\/\"},{\"@type\":\"ListItem\",\"position\":4,\"name\":\"Programa Faro &#8212; Curso 2018-2019\",\"item\":\"https:\/\/www.uhu.es\/etsi\/estudiantes-2\/programa-mentorizacion\/programa-faro-curso-2018-2019\/\"},{\"@type\":\"ListItem\",\"position\":5,\"name\":\"Taller: \u201cT\u00e9cnicas de Estudio\u201d\"}]},{\"@type\":\"WebSite\",\"@id\":\"https:\/\/www.uhu.es\/etsi\/#website\",\"url\":\"https:\/\/www.uhu.es\/etsi\/\",\"name\":\"ETSI, UHU\",\"description\":\"Escuela T\u00e9cnica Superior de  Ingenier\u00eda de la Universidad de Huelva\",\"publisher\":{\"@id\":\"https:\/\/www.uhu.es\/etsi\/#organization\"},\"potentialAction\":[{\"@type\":\"SearchAction\",\"target\":{\"@type\":\"EntryPoint\",\"urlTemplate\":\"https:\/\/www.uhu.es\/etsi\/?s={search_term_string}\"},\"query-input\":\"required name=search_term_string\"}],\"inLanguage\":\"es-ES\"},{\"@type\":\"Organization\",\"@id\":\"https:\/\/www.uhu.es\/etsi\/#organization\",\"name\":\"UHU ETSI\",\"url\":\"https:\/\/www.uhu.es\/etsi\/\",\"logo\":{\"@type\":\"ImageObject\",\"inLanguage\":\"es-ES\",\"@id\":\"https:\/\/www.uhu.es\/etsi\/#\/schema\/logo\/image\/\",\"url\":\"http:\/\/www.uhu.es\/etsi\/wp-content\/uploads\/2016\/02\/membrete_ETSI.jpg\",\"contentUrl\":\"http:\/\/www.uhu.es\/etsi\/wp-content\/uploads\/2016\/02\/membrete_ETSI.jpg\",\"width\":423,\"height\":81,\"caption\":\"UHU ETSI\"},\"image\":{\"@id\":\"https:\/\/www.uhu.es\/etsi\/#\/schema\/logo\/image\/\"}}]}<\/script>\n<!-- \/ Yoast SEO plugin. -->","yoast_head_json":{"title":"Taller: \u201cT\u00e9cnicas de Estudio\u201d - ETSI, UHU","robots":{"index":"index","follow":"follow","max-snippet":"max-snippet:-1","max-image-preview":"max-image-preview:large","max-video-preview":"max-video-preview:-1"},"canonical":"https:\/\/www.uhu.es\/etsi\/estudiantes-2\/programa-mentorizacion\/programa-faro-curso-2018-2019\/taller-tecnicas-de-estudio\/","og_locale":"es_ES","og_type":"article","og_title":"Taller: \u201cT\u00e9cnicas de Estudio\u201d - ETSI, UHU","og_description":"DESCRIPCI\u00d3N: Con la llegada a la Universidad, aumentan los contenidos y el nivel de exigencia y disminuye el control externo, ... Read More","og_url":"https:\/\/www.uhu.es\/etsi\/estudiantes-2\/programa-mentorizacion\/programa-faro-curso-2018-2019\/taller-tecnicas-de-estudio\/","og_site_name":"ETSI, UHU","article_modified_time":"2018-10-08T08:07:51+00:00","og_image":[{"url":"http:\/\/www.uhu.es\/etsi\/wp-content\/uploads\/2017\/02\/faro.gif"}],"twitter_misc":{"Est. reading time":"1 minute"},"schema":{"@context":"https:\/\/schema.org","@graph":[{"@type":"WebPage","@id":"https:\/\/www.uhu.es\/etsi\/estudiantes-2\/programa-mentorizacion\/programa-faro-curso-2018-2019\/taller-tecnicas-de-estudio\/","url":"https:\/\/www.uhu.es\/etsi\/estudiantes-2\/programa-mentorizacion\/programa-faro-curso-2018-2019\/taller-tecnicas-de-estudio\/","name":"Taller: \u201cT\u00e9cnicas de Estudio\u201d - ETSI, UHU","isPartOf":{"@id":"https:\/\/www.uhu.es\/etsi\/#website"},"datePublished":"2018-10-08T08:04:23+00:00","dateModified":"2018-10-08T08:07:51+00:00","breadcrumb":{"@id":"https:\/\/www.uhu.es\/etsi\/estudiantes-2\/programa-mentorizacion\/programa-faro-curso-2018-2019\/taller-tecnicas-de-estudio\/#breadcrumb"},"inLanguage":"es-ES","potentialAction":[{"@type":"ReadAction","target":["https:\/\/www.uhu.es\/etsi\/estudiantes-2\/programa-mentorizacion\/programa-faro-curso-2018-2019\/taller-tecnicas-de-estudio\/"]}]},{"@type":"BreadcrumbList","@id":"https:\/\/www.uhu.es\/etsi\/estudiantes-2\/programa-mentorizacion\/programa-faro-curso-2018-2019\/taller-tecnicas-de-estudio\/#breadcrumb","itemListElement":[{"@type":"ListItem","position":1,"name":"Portada","item":"https:\/\/www.uhu.es\/etsi\/"},{"@type":"ListItem","position":2,"name":"Estudiantes","item":"https:\/\/www.uhu.es\/etsi\/estudiantes-2\/"},{"@type":"ListItem","position":3,"name":"Programa De Mentorizacion","item":"https:\/\/www.uhu.es\/etsi\/estudiantes-2\/programa-mentorizacion\/"},{"@type":"ListItem","position":4,"name":"Programa Faro &#8212; Curso 2018-2019","item":"https:\/\/www.uhu.es\/etsi\/estudiantes-2\/programa-mentorizacion\/programa-faro-curso-2018-2019\/"},{"@type":"ListItem","position":5,"name":"Taller: \u201cT\u00e9cnicas de Estudio\u201d"}]},{"@type":"WebSite","@id":"https:\/\/www.uhu.es\/etsi\/#website","url":"https:\/\/www.uhu.es\/etsi\/","name":"ETSI, UHU","description":"Escuela T\u00e9cnica Superior de  Ingenier\u00eda de la Universidad de Huelva","publisher":{"@id":"https:\/\/www.uhu.es\/etsi\/#organization"},"potentialAction":[{"@type":"SearchAction","target":{"@type":"EntryPoint","urlTemplate":"https:\/\/www.uhu.es\/etsi\/?s={search_term_string}"},"query-input":"required name=search_term_string"}],"inLanguage":"es-ES"},{"@type":"Organization","@id":"https:\/\/www.uhu.es\/etsi\/#organization","name":"UHU ETSI","url":"https:\/\/www.uhu.es\/etsi\/","logo":{"@type":"ImageObject","inLanguage":"es-ES","@id":"https:\/\/www.uhu.es\/etsi\/#\/schema\/logo\/image\/","url":"http:\/\/www.uhu.es\/etsi\/wp-content\/uploads\/2016\/02\/membrete_ETSI.jpg","contentUrl":"http:\/\/www.uhu.es\/etsi\/wp-content\/uploads\/2016\/02\/membrete_ETSI.jpg","width":423,"height":81,"caption":"UHU ETSI"},"image":{"@id":"https:\/\/www.uhu.es\/etsi\/#\/schema\/logo\/image\/"}}]}},"_links":{"self":[{"href":"https:\/\/www.uhu.es\/etsi\/wp-json\/wp\/v2\/pages\/16592"}],"collection":[{"href":"https:\/\/www.uhu.es\/etsi\/wp-json\/wp\/v2\/pages"}],"about":[{"href":"https:\/\/www.uhu.es\/etsi\/wp-json\/wp\/v2\/types\/page"}],"author":[{"embeddable":true,"href":"https:\/\/www.uhu.es\/etsi\/wp-json\/wp\/v2\/users\/7"}],"replies":[{"embeddable":true,"href":"https:\/\/www.uhu.es\/etsi\/wp-json\/wp\/v2\/comments?post=16592"}],"version-history":[{"count":3,"href":"https:\/\/www.uhu.es\/etsi\/wp-json\/wp\/v2\/pages\/16592\/revisions"}],"predecessor-version":[{"id":16596,"href":"https:\/\/www.uhu.es\/etsi\/wp-json\/wp\/v2\/pages\/16592\/revisions\/16596"}],"up":[{"embeddable":true,"href":"https:\/\/www.uhu.es\/etsi\/wp-json\/wp\/v2\/pages\/16564"}],"wp:attachment":[{"href":"https:\/\/www.uhu.es\/etsi\/wp-json\/wp\/v2\/media?parent=16592"}],"curies":[{"name":"wp","href":"https:\/\/api.w.org\/{rel}","templated":true}]}}