{"id":16660,"date":"2018-10-11T13:01:53","date_gmt":"2018-10-11T12:01:53","guid":{"rendered":"http:\/\/www.uhu.es\/etsi\/?page_id=16660"},"modified":"2025-10-17T09:17:36","modified_gmt":"2025-10-17T08:17:36","slug":"formulario-para-innovacion","status":"publish","type":"page","link":"https:\/\/www.uhu.es\/etsi\/formulario-para-innovacion\/","title":{"rendered":"XI CONVOCATORIA de Ayudas para Actividades Docentes de la  ESCUELA T\u00c9CNICA SUPERIOR DE INGENIER\u00cdA CURSO 2025-26"},"content":{"rendered":"<style>\n  span{\n    font-style: italic;\n    color:red;\n    font-size:small;\n  } \n<\/style>\n<form action=\"https:\/\/uhu.es\/etsi\/wp_formulario\/conexion_formulario_convocatoriaActividadesDocentesCOVID19.php\" enctype=\"text\" method=\"post\" name=\"formulariotipo\">\n<p><input type=\"hidden\" value=\"formulario-para-innovacion\/ \" name=\"url\" \/><br \/>\n<input type=\"hidden\" value=\"sub.estudios@etsi.uhu.es \" name=\"copia_correo\" \/><br \/>\n<input type=\"hidden\" value=\"IX Convocatoria de Ayudas para Actividades Docentes \" name=\"titulo\" \/><\/p>\n<h2>Datos del\/la solicitante<\/h2>\n<div>\n<p><strong>Nombre:<\/strong> <span>Requerido*<\/span><input name=\"nombre\" type=\"text\" placeholder=\"Nombre\" size=\"78\" required><\/input><\/p>\n<\/p><\/div>\n<div>\n<p><strong>Apellidos:<\/strong> <span>Requerido*<\/span><input name=\"apellido\" type=\"text\" placeholder=\"Apellidos \" size=\"76\" required><\/input><\/p>\n<\/p><\/div>\n<div>\n<p><strong>Email:<\/strong> <span>Requerido*<\/span> <input name=\"email\" type=\"email\" placeholder=\"Email\" size=\"80\" required><\/input> <\/p>\n<\/p><\/div>\n<div>\n<p><strong>DNI:<\/strong> <span>Requerido*<\/span> <input name=\"dni\" type=\"text\" placeholder=\"DNI\" maxlength=\"10\" size=\"20\" required><\/input> <\/p>\n<\/p><\/div>\n<p>        <!-- \n\n<table style=\"border: hidden\"> \n\t\t\n\n<tr style=\"border: hidden\"> \n\t\t\t \n\n<td> <strong>Nombre:<\/strong> <span> Requerido* <\/span> <\/td>\n\n \n\t\t\t \n\n<td> <input name=\"nombre\" type=\"text\" placeholder=\"Nombre\" size=\"78\" required> <\/td>\n\n\n\t\t<\/tr>\n\n\n\t\t\n\n<tr style=\"border: hidden\"> \n\t\t\t \n\n<td> <strong>Apellidos:<\/strong> <span> Requerido*<\/span> <\/span> <\/td>\n\n \n\t\t\t \n\n<td> <input name=\"apellido\" type=\"text\" placeholder=\"Apellidos \" size=\"76\" required> <\/td>\n\n\n\t\t<\/tr>\n\n\n\t\t\n\n<tr style=\"border: hidden\"> \n\t\t\t \n\n<td> <strong>Email:<\/strong> <span> Requerido* <\/span> <\/td>\n\n \n\t\t\t \n\n<td> <input name=\"email\" type=\"email\" placeholder=\"Email\" size=\"80\" required> <\/td>\n\n\n\t\t<\/tr>\n\n\n\t\t\n\n<tr style=\"border: hidden\"> \n\t\t\t \n\n<td> <strong>DNI:<\/strong> <span> Requerido* <\/span> <\/td>\n\n \n\t\t\t \n\n<td> <input name=\"dni\" type=\"text\" placeholder=\"DNI\" maxlength=\"10\" size=\"20\" required> <\/td>\n\n\n\t\t<\/tr>\n\n\n\t\t<\/table>\n\n --><\/p>\n<div>\n<p><strong>Vinculaci\u00f3n al centro:<\/strong> <span>Requerido*<\/span><\/p>\n<p>            <textarea name=\"vinculacion\" rows=\"4\" cols=\"100\" placeholder=\"Escriba aqu\u00ed la vinculaci\u00f3n con el centro\" required><\/textarea >\n        <\/div>\n<div>\n<p><strong>Departamento:<\/strong> <span>Requerido*<\/span><br \/>\n            <select required name=\"departamento\"><option disabled value=\"\">Selecciona un departamento<\/option><option value=\"Econom\u00eda\">Econom\u00eda<\/option><option value=\"Ciencias Agroforestales\">Ciencias Agroforestales<\/option><option value=\"Tecnolog\u00edas de la Informaci\u00f3n\">Tecnolog\u00edas de la Informaci\u00f3n<\/option><option value=\"Sociolog\u00eda, Trabajo Social y Salud P\u00fablica\">Sociolog\u00eda, Trabajo Social y Salud P\u00fablica<\/option><option value=\"Ingenier\u00eda Qu\u00edmica, Qu\u00edmica F\u00edsica y Ciencias de los Materiales\">Ingenier\u00eda Qu\u00edmica, Qu\u00edmica F\u00edsica y Ciencias de los Materiales<\/option><option value=\"Qu\u00edmica Profesor Jos\u00e9 Carlos V\u00eflchez\">Qu\u00edmica &#8220;Profesor Jos\u00e9 Carlos V\u00eflchez&#8221;<\/option><option value=\"Ciencias Integradas\">Ciencias Integradas<\/option><option value=\"Ingenier\u00eda Electr\u00f3nica, de Sistemas Inform\u00e1ticos y Autom\u00e1tica\">Ingenier\u00eda Electr\u00f3nica, de Sistemas Inform\u00e1ticos y Autom\u00e1tica<\/option><option value=\"Ingenier\u00eda Minera, Mec\u00e1nica, Energ\u00e9tica y de la Construcci\u00f3n\">Ingenier\u00eda Minera, Mec\u00e1nica, Energ\u00e9tica y de la Construcci\u00f3n<\/option><option value=\"Ingenier\u00eda El\u00e9ctrica y T\u00e9rmica, de Dise\u00f1o y Proyectos\">Ingenier\u00eda El\u00e9ctrica y T\u00e9rmica, de Dise\u00f1o y Proyectos<\/option><option value=\"Direcci\u00f3n de Empresas y Marketing\">Direcci\u00f3n de Empresas y Marketing<\/option><option value=\"Ingenier\u00eda Minera, Mec\u00e1nica, Energ\u00e9tica y de la Construcci\u00f3n\">Ingenier\u00eda Minera, Mec\u00e1nica, Energ\u00e9tica y de la Construcci\u00f3n<\/option><option value=\"Econom\u00eda financiera, Contabilidad y Direcci\u00f3n de Operaciones\">Econom\u00eda financiera, Contabilidad y Direcci\u00f3n de Operaciones<\/option><\/select> <\/p>\n<\/p><\/div>\n<div>\n<p><strong>Elige la titulaci\u00f3n o titulaciones<\/strong><span> Requerido al menos uno*<\/span><\/p>\n<p><input type=\"checkbox\" value=\"Grado en Ingenier\u00eda Inform\u00e1tica\" name=\"titulacion[]\" >  Grado en Ingenier\u00eda Inform\u00e1tica<\/p>\n<p><input type=\"checkbox\" value=\"Grado en Ingenier\u00eda Agr\u00edcola\" name=\"titulacion[]\" >  Grado en Ingenier\u00eda Agr\u00edcola<\/p>\n<p><input type=\"checkbox\" value=\"Grado en Ingenier\u00eda Qu\u00edmica industrial\" name=\"titulacion[]\" >  Grado en Ingenier\u00eda Qu\u00edmica industrial<\/p>\n<p><input type=\"checkbox\" value=\"Grado en Ingenier\u00eda El\u00e9ctrica\" name=\"titulacion[]\" >  Grado en Ingenier\u00eda El\u00e9ctrica<\/p>\n<p><input type=\"checkbox\" value=\"Grado en Ingenier\u00eda Electr\u00f3nica Industrial\" name=\"titulacion[]\" >  Grado en Ingenier\u00eda Electr\u00f3nica Industrial<\/p>\n<p><input type=\"checkbox\" value=\"Grado en Ingenier\u00eda Forestal y del Medio Natural\" name=\"titulacion[]\" >  Grado en Ingenier\u00eda Forestal y del Medio Natural<\/p>\n<p><input type=\"checkbox\" value=\"Grado en Ingenier\u00eda Mec\u00e1nica\" name=\"titulacion[]\" >  Grado en Ingenier\u00eda Mec\u00e1nica<\/p>\n<p><input type=\"checkbox\" value=\"Grado en Ingenier\u00eda Qu\u00edmica Industrial\" name=\"titulacion[]\" >  Grado en Ingenier\u00eda Qu\u00edmica Industrial<\/p>\n<p><input type=\"checkbox\" value=\"Grado en Ingenier\u00eda Energ\u00e9tica\" name=\"titulacion[]\" >  Grado en Ingenier\u00eda Energ\u00e9tica<\/p>\n<p><input type=\"checkbox\" value=\"Grado de Ingenier\u00eda en Explotaci\u00f3n de Minas y Recursos Energ\u00e9ticos\" name=\"titulacion[]\" >  Grado de Ingenier\u00eda en Explotaci\u00f3n de Minas y Recursos Energ\u00e9ticos<\/p>\n<p><input type=\"checkbox\" value=\"Doble Grado en Ingenier\u00eda El\u00e9ctrica e Ingenier\u00eda Energ\u00e9tica\" name=\"titulacion[]\" >  Doble Grado en Ingenier\u00eda El\u00e9ctrica e Ingenier\u00eda Energ\u00e9tica<\/p>\n<p><input type=\"checkbox\" value=\"Doble Grado en Ingenier\u00eda Electr\u00f3nica Industrial e Ingenier\u00eda Mec\u00e1nica\" name=\"titulacion[]\" >  Doble Grado en Ingenier\u00eda Electr\u00f3nica Industrial e Ingenier\u00eda Mec\u00e1nica<\/p>\n<p><input type=\"checkbox\" value=\"M\u00e1ster Oficial en Ingenier\u00eda Industrial\" name=\"titulacion[]\" >  M\u00e1ster Oficial en Ingenier\u00eda Industrial<\/p>\n<p><input type=\"checkbox\" value=\"M\u00e1ster Oficial en Ingenier\u00eda Inform\u00e1tica\" name=\"titulacion[]\" >  M\u00e1ster Oficial en Ingenier\u00eda Inform\u00e1tica<\/p>\n<p><input type=\"checkbox\" value=\"M\u00e1ster Oficial en Ingenier\u00eda Qu\u00edmica\" name=\"titulacion[]\" >  M\u00e1ster Oficial en Ingenier\u00eda Qu\u00edmica<\/p>\n<p><input type=\"checkbox\" value=\"M\u00e1ster Oficial en Ingenier\u00eda de Montes\" name=\"titulacion[]\" >  M\u00e1ster Oficial en Ingenier\u00eda de Montes<\/p>\n<p><input type=\"checkbox\" value=\"M\u00e1ster Oficial en Ingenier\u00eda de Minas\" name=\"titulacion[]\" >  M\u00e1ster Oficial en Ingenier\u00eda de Minas<\/p>\n<p><input type=\"checkbox\" value=\"M\u00e1ster en Ingenier\u00eda Inform\u00e1tica (Plan 2018)\" name=\"titulacion[]\" >  M\u00e1ster en Ingenier\u00eda Inform\u00e1tica (Plan 2018)<\/p>\n<p><input type=\"checkbox\" value=\"M\u00e1ster en Ingenier\u00eda Qu\u00edmica (Plan 2018)\" name=\"titulacion[]\" >  M\u00e1ster en Ingenier\u00eda Qu\u00edmica (Plan 2018)<\/p>\n<\/p><\/div>\n<div>\n            <\/p>\n<p><strong>Nombre de otros organizadores:<\/strong> <span>Requerido*<\/span><\/p>\n<p>            <textarea rows=\"6\" cols=\"100\" placeholder=\"indicar nombre del docente responsable del gasto, en caso de actividades propuestas por estudiantes\" name=\"otrosNombres\" required><\/textarea>\n        <\/div>\n<p><\/p>\n<h2>Datos de la actividad<\/h2>\n<div>\n<p><strong>Nombre de la actividad: <\/strong><span>Requerido*<\/span> <\/p>\n<p>            <textarea name=\"nombreActividad\" rows=\"3\" cols=\"100\" placeholder=\"Nombre de la actividad\" required><\/textarea>\n        <\/div>\n<div>\n<p><strong>Tipo de actividad:<\/strong><span>Requerido*<\/span><br \/>\n                <select required name=\"tipoActividad\"><option disabled value=\"\">Seleccione un tipo:<\/option><option value=\"1\">Conferencia<\/option><option value=\"2\">Taller<\/option><option value=\"3\">Seminario<\/option><option value=\"4\">Visita<\/option><option value=\"5\">Charla<\/option><option value=\"6\">Otros<\/option><\/select>\n            <\/p>\n<\/p><\/div>\n<div>\n<p><strong>Presencial u Online:<\/strong><span> Requerido*<\/span><br \/>\n                <select required name=\"online\"><option disabled value=\"\">Seleccione un tipo:<\/option><option value=\"Presencial\">Presencial<\/option><option value=\"Online\">Online<\/option><\/select>\n            <\/p>\n<\/p><\/div>\n<div>\n<p><strong>Aforo m\u00e1ximo:<\/strong>  <input name=\"aforo\" type=\"text\" placeholder=\"30\" maxlength=\"3\" size=\"3\" > <span> Requerido solo si la actividad es presencial*<\/span> <\/p>\n<\/div>\n<div>\n<p><strong>Ponentes o responsables de impartir la actividad:<\/strong> <span>Requerido*<\/span> <\/p>\n<p>            <textarea name=\"ponentesActividad\" rows=\"6\" cols=\"100\" placeholder=\"Ponentes de la actividad\" required><\/textarea>\n        <\/div>\n<div>\n<p><strong>Informaci\u00f3n breve sobre la experiencia profesional del ponente:<\/strong><\/p>\n<p>            <textarea name=\"ponentesInformacion\" rows=\"6\" cols=\"100\" placeholder=\"Informaci\u00f3n sobre los ponentes\" ><\/textarea>\n        <\/div>\n<div>\n<p><strong>Justificaci\u00f3n de la actividad:<\/strong> <span>Requerido*<\/span><\/p>\n<p>            <textarea name=\"justificacionActividad\" rows=\"6\" cols=\"100\" placeholder=\"Importancia, objetivos, etc. y breve resumen de la actividad.\" required><\/textarea>\n        <\/div>\n<div>\n<h6>Calendario:<\/h6>\n<div>\n<p><strong>Fecha inicio Actividad:<\/strong> <input name=\"fechaInicioActividad\" type=\"date\" placeholder=\"Fecha de inicio de actividad.\" required><span>Requerido*<\/span><\/p>\n<\/p><\/div>\n<div>\n<p><strong>Fecha de finalizaci\u00f3n de actividad.<\/strong> <input name=\"fechaFinActividad\" type=\"date\" placeholder=\"\" required><span>Requerido*<\/span><\/p>\n<\/div><\/div>\n<div>\n<h6>Duraci\u00f3n:<\/h6>\n<div>\n<p> <strong>Duracion en d\u00edas:<\/strong>  <input name=\"duracionActividadDias\" type=\"number\" placeholder=\"00\" required><span>Requerido*<\/span><\/p>\n<\/div>\n<div>\n<p> <strong>N\u00famero de horas: <\/strong>  <input type=\"number\" placeholder=\"000\" name=\"duracionActividadHoras\" required><span>Requerido*<\/span><\/p>\n<\/div><\/div>\n<div>\n<p><strong>Lugar de celebraci\u00f3n: <\/strong> <input name=\"lugarActividad\" type=\"text\" placeholder=\"\" size=\"75\" required><span>Requerido*<\/span><\/p>\n<\/div>\n<div>\n<p><strong>Personas a las que va dirigida la actividad:<\/strong> <input name=\"targetActividad\" type=\"text\" size=\"75\" placeholder=\"Personas a las que va dirigida la actividad\" required><span>Requerido*<\/span><\/p>\n<\/div>\n<div>\n<p> <strong>N\u00famero aproximado de participantes: <\/strong>  <input type=\"number\" placeholder=\"000\" name=\"participantesActividad\" required><span>Requerido*<\/span><\/p>\n<\/div>\n<div>\n<p><strong>Programa de la actividad<\/strong> (con indicaci\u00f3n expresa de los ponentes, conferenciantes&#8230; ): <span>Requerido*<\/span><\/p>\n<p>        <textarea rows=\"6\" cols=\"100\" name=\"programaActividad\" required><\/textarea>\n        <\/div>\n<h2>Presupuesto<\/h2>\n<div>\n<p><strong>Detalle de gastos totales que se prev\u00e9 conlleva la actividad:<\/strong><\/p>\n<div>\n<table>\n<thead>\n<tr>\n<th>CONCEPTO<\/th>\n<th>CANTIDAD SOLICITADA<\/th>\n<\/tr>\n<\/thead>\n<tbody>\n<tr>\n<td width=\"50%\">Ponencia\/Charla\/Conferencia <\/td>\n<td><input type=\"number\" name =\"tablaPonencia\" placeholder=\"Importe \u20ac\"><\/input><\/td>\n<\/tr>\n<tr>\n<td width=\"50%\">Desplazamientos <\/td>\n<td><input type=\"number\" name = \"tablaDesplazamiento\" placeholder=\"Importe \u20ac\"><\/input><\/td>\n<\/tr>\n<tr>\n<td width=\"50%\">Alojamiento <\/td>\n<td><input type=\"number\" name=\"tablaAlojamiento\" placeholder=\"Importe \u20ac\"><\/input><\/td>\n<\/tr>\n<tr>\n<td width=\"50%\">Dieta y protocolo<\/td>\n<td><input type=\"number\" name=\"tablaDieta\" placeholder=\"Importe \u20ac\" ><\/input><\/td>\n<\/tr>\n<tr>\n<td width=\"50%\">Publicidad <\/td>\n<td><input type=\"number\" name=\"tablaPublicidad\" placeholder=\"Importe \u20ac\" ><\/input><\/td>\n<\/tr>\n<tr>\n<td width=\"50%\">Material fungible y recursos did\u00e1cticos <\/td>\n<td><input type=\"number\" name=\"tablaMaterial\" placeholder=\"Importe \u20ac\" ><\/input><\/td>\n<\/tr>\n<tr>\n<td width=\"50%\">Talleres\/Cursos\/Jornadas\/Seminarios <\/td>\n<td><input type=\"number\" name=\"tablaTaller\"placeholder=\"Importe \u20ac\"><\/input><\/td>\n<\/tr>\n<tr>\n<td width=\"50%\">Otros<\/td>\n<td><input type=\"number\" name=\"tablaOtros\" placeholder=\"Importe \u20ac\"><\/input><\/td>\n<\/tr>\n<tr>\n<td width=\"50%\">Total <\/td>\n<td><input type=\"number\" name=\"total\" placeholder=\"Importe \u20ac\"><\/input><\/td>\n<td>El total se calcular\u00e1 autom\u00e1ticamente m\u00e1s tarde<\/td>\n<\/tr>\n<\/tbody>\n<\/table><\/div><\/div>\n<div>\n<p><strong>Observaciones:<\/strong> Detalle adicional o justificaci\u00f3n del presupuesto <span>Requerido*<\/span><\/p>\n<p><textarea class=\"form-control\" rows=\"6\" cols=\"100\" name=\"observaciones\" required><\/textarea><\/div>\n<div style=\"border: none;\"><button class=\"boton\" name=\"nboton\" type=\"submit\">Enviar<\/button><\/div>\n<\/form>\n","protected":false},"excerpt":{"rendered":"<p>Datos del\/la solicitante Nombre: Requerido* Apellidos: Requerido* Email: Requerido* DNI: Requerido* Vinculaci\u00f3n al centro: Requerido* Departamento: Requerido* Selecciona un departamentoEconom\u00edaCiencias &#8230; <\/p>\n<div><a href=\"https:\/\/www.uhu.es\/etsi\/formulario-para-innovacion\/\" class=\"more-link\">Read More<\/a><\/div>\n","protected":false},"author":7,"featured_media":0,"parent":0,"menu_order":0,"comment_status":"closed","ping_status":"closed","template":"template-layout-full-width.php","meta":[],"yoast_head":"<!-- This site is optimized with the Yoast SEO plugin v20.2.1 - https:\/\/yoast.com\/wordpress\/plugins\/seo\/ -->\n<title>XI CONVOCATORIA de Ayudas para Actividades Docentes de la ESCUELA T\u00c9CNICA SUPERIOR DE INGENIER\u00cdA CURSO 2025-26 - ETSI, UHU<\/title>\n<meta name=\"robots\" content=\"index, follow, max-snippet:-1, max-image-preview:large, max-video-preview:-1\" \/>\n<link rel=\"canonical\" href=\"https:\/\/www.uhu.es\/etsi\/formulario-para-innovacion\/\" \/>\n<meta property=\"og:locale\" content=\"es_ES\" \/>\n<meta property=\"og:type\" content=\"article\" \/>\n<meta property=\"og:title\" content=\"XI CONVOCATORIA de Ayudas para Actividades Docentes de la ESCUELA T\u00c9CNICA SUPERIOR DE INGENIER\u00cdA CURSO 2025-26 - ETSI, UHU\" \/>\n<meta property=\"og:description\" content=\"Datos del\/la solicitante Nombre: Requerido* Apellidos: Requerido* Email: Requerido* DNI: Requerido* Vinculaci\u00f3n al centro: Requerido* Departamento: Requerido* Selecciona un departamentoEconom\u00edaCiencias ... Read More\" \/>\n<meta property=\"og:url\" content=\"https:\/\/www.uhu.es\/etsi\/formulario-para-innovacion\/\" \/>\n<meta property=\"og:site_name\" content=\"ETSI, UHU\" \/>\n<meta property=\"article:modified_time\" content=\"2025-10-17T08:17:36+00:00\" \/>\n<meta name=\"twitter:label1\" content=\"Est. reading time\" \/>\n\t<meta name=\"twitter:data1\" content=\"3 minutes\" \/>\n<script type=\"application\/ld+json\" class=\"yoast-schema-graph\">{\"@context\":\"https:\/\/schema.org\",\"@graph\":[{\"@type\":\"WebPage\",\"@id\":\"https:\/\/www.uhu.es\/etsi\/formulario-para-innovacion\/\",\"url\":\"https:\/\/www.uhu.es\/etsi\/formulario-para-innovacion\/\",\"name\":\"XI CONVOCATORIA de Ayudas para Actividades Docentes de la ESCUELA T\u00c9CNICA SUPERIOR DE INGENIER\u00cdA CURSO 2025-26 - ETSI, UHU\",\"isPartOf\":{\"@id\":\"https:\/\/www.uhu.es\/etsi\/#website\"},\"datePublished\":\"2018-10-11T12:01:53+00:00\",\"dateModified\":\"2025-10-17T08:17:36+00:00\",\"breadcrumb\":{\"@id\":\"https:\/\/www.uhu.es\/etsi\/formulario-para-innovacion\/#breadcrumb\"},\"inLanguage\":\"es-ES\",\"potentialAction\":[{\"@type\":\"ReadAction\",\"target\":[\"https:\/\/www.uhu.es\/etsi\/formulario-para-innovacion\/\"]}]},{\"@type\":\"BreadcrumbList\",\"@id\":\"https:\/\/www.uhu.es\/etsi\/formulario-para-innovacion\/#breadcrumb\",\"itemListElement\":[{\"@type\":\"ListItem\",\"position\":1,\"name\":\"Portada\",\"item\":\"https:\/\/www.uhu.es\/etsi\/\"},{\"@type\":\"ListItem\",\"position\":2,\"name\":\"XI CONVOCATORIA de Ayudas para Actividades Docentes de la ESCUELA T\u00c9CNICA SUPERIOR DE INGENIER\u00cdA CURSO 2025-26\"}]},{\"@type\":\"WebSite\",\"@id\":\"https:\/\/www.uhu.es\/etsi\/#website\",\"url\":\"https:\/\/www.uhu.es\/etsi\/\",\"name\":\"ETSI, UHU\",\"description\":\"Escuela T\u00e9cnica Superior de  Ingenier\u00eda de la Universidad de Huelva\",\"publisher\":{\"@id\":\"https:\/\/www.uhu.es\/etsi\/#organization\"},\"potentialAction\":[{\"@type\":\"SearchAction\",\"target\":{\"@type\":\"EntryPoint\",\"urlTemplate\":\"https:\/\/www.uhu.es\/etsi\/?s={search_term_string}\"},\"query-input\":\"required name=search_term_string\"}],\"inLanguage\":\"es-ES\"},{\"@type\":\"Organization\",\"@id\":\"https:\/\/www.uhu.es\/etsi\/#organization\",\"name\":\"UHU ETSI\",\"url\":\"https:\/\/www.uhu.es\/etsi\/\",\"logo\":{\"@type\":\"ImageObject\",\"inLanguage\":\"es-ES\",\"@id\":\"https:\/\/www.uhu.es\/etsi\/#\/schema\/logo\/image\/\",\"url\":\"http:\/\/www.uhu.es\/etsi\/wp-content\/uploads\/2016\/02\/membrete_ETSI.jpg\",\"contentUrl\":\"http:\/\/www.uhu.es\/etsi\/wp-content\/uploads\/2016\/02\/membrete_ETSI.jpg\",\"width\":423,\"height\":81,\"caption\":\"UHU ETSI\"},\"image\":{\"@id\":\"https:\/\/www.uhu.es\/etsi\/#\/schema\/logo\/image\/\"}}]}<\/script>\n<!-- \/ Yoast SEO plugin. -->","yoast_head_json":{"title":"XI CONVOCATORIA de Ayudas para Actividades Docentes de la ESCUELA T\u00c9CNICA SUPERIOR DE INGENIER\u00cdA CURSO 2025-26 - ETSI, UHU","robots":{"index":"index","follow":"follow","max-snippet":"max-snippet:-1","max-image-preview":"max-image-preview:large","max-video-preview":"max-video-preview:-1"},"canonical":"https:\/\/www.uhu.es\/etsi\/formulario-para-innovacion\/","og_locale":"es_ES","og_type":"article","og_title":"XI CONVOCATORIA de Ayudas para Actividades Docentes de la ESCUELA T\u00c9CNICA SUPERIOR DE INGENIER\u00cdA CURSO 2025-26 - ETSI, UHU","og_description":"Datos del\/la solicitante Nombre: Requerido* Apellidos: Requerido* Email: Requerido* DNI: Requerido* Vinculaci\u00f3n al centro: Requerido* Departamento: Requerido* Selecciona un departamentoEconom\u00edaCiencias ... Read More","og_url":"https:\/\/www.uhu.es\/etsi\/formulario-para-innovacion\/","og_site_name":"ETSI, UHU","article_modified_time":"2025-10-17T08:17:36+00:00","twitter_misc":{"Est. reading time":"3 minutes"},"schema":{"@context":"https:\/\/schema.org","@graph":[{"@type":"WebPage","@id":"https:\/\/www.uhu.es\/etsi\/formulario-para-innovacion\/","url":"https:\/\/www.uhu.es\/etsi\/formulario-para-innovacion\/","name":"XI CONVOCATORIA de Ayudas para Actividades Docentes de la ESCUELA T\u00c9CNICA SUPERIOR DE INGENIER\u00cdA CURSO 2025-26 - ETSI, UHU","isPartOf":{"@id":"https:\/\/www.uhu.es\/etsi\/#website"},"datePublished":"2018-10-11T12:01:53+00:00","dateModified":"2025-10-17T08:17:36+00:00","breadcrumb":{"@id":"https:\/\/www.uhu.es\/etsi\/formulario-para-innovacion\/#breadcrumb"},"inLanguage":"es-ES","potentialAction":[{"@type":"ReadAction","target":["https:\/\/www.uhu.es\/etsi\/formulario-para-innovacion\/"]}]},{"@type":"BreadcrumbList","@id":"https:\/\/www.uhu.es\/etsi\/formulario-para-innovacion\/#breadcrumb","itemListElement":[{"@type":"ListItem","position":1,"name":"Portada","item":"https:\/\/www.uhu.es\/etsi\/"},{"@type":"ListItem","position":2,"name":"XI CONVOCATORIA de Ayudas para Actividades Docentes de la ESCUELA T\u00c9CNICA SUPERIOR DE INGENIER\u00cdA CURSO 2025-26"}]},{"@type":"WebSite","@id":"https:\/\/www.uhu.es\/etsi\/#website","url":"https:\/\/www.uhu.es\/etsi\/","name":"ETSI, UHU","description":"Escuela T\u00e9cnica Superior de  Ingenier\u00eda de la Universidad de Huelva","publisher":{"@id":"https:\/\/www.uhu.es\/etsi\/#organization"},"potentialAction":[{"@type":"SearchAction","target":{"@type":"EntryPoint","urlTemplate":"https:\/\/www.uhu.es\/etsi\/?s={search_term_string}"},"query-input":"required name=search_term_string"}],"inLanguage":"es-ES"},{"@type":"Organization","@id":"https:\/\/www.uhu.es\/etsi\/#organization","name":"UHU ETSI","url":"https:\/\/www.uhu.es\/etsi\/","logo":{"@type":"ImageObject","inLanguage":"es-ES","@id":"https:\/\/www.uhu.es\/etsi\/#\/schema\/logo\/image\/","url":"http:\/\/www.uhu.es\/etsi\/wp-content\/uploads\/2016\/02\/membrete_ETSI.jpg","contentUrl":"http:\/\/www.uhu.es\/etsi\/wp-content\/uploads\/2016\/02\/membrete_ETSI.jpg","width":423,"height":81,"caption":"UHU ETSI"},"image":{"@id":"https:\/\/www.uhu.es\/etsi\/#\/schema\/logo\/image\/"}}]}},"_links":{"self":[{"href":"https:\/\/www.uhu.es\/etsi\/wp-json\/wp\/v2\/pages\/16660"}],"collection":[{"href":"https:\/\/www.uhu.es\/etsi\/wp-json\/wp\/v2\/pages"}],"about":[{"href":"https:\/\/www.uhu.es\/etsi\/wp-json\/wp\/v2\/types\/page"}],"author":[{"embeddable":true,"href":"https:\/\/www.uhu.es\/etsi\/wp-json\/wp\/v2\/users\/7"}],"replies":[{"embeddable":true,"href":"https:\/\/www.uhu.es\/etsi\/wp-json\/wp\/v2\/comments?post=16660"}],"version-history":[{"count":67,"href":"https:\/\/www.uhu.es\/etsi\/wp-json\/wp\/v2\/pages\/16660\/revisions"}],"predecessor-version":[{"id":25587,"href":"https:\/\/www.uhu.es\/etsi\/wp-json\/wp\/v2\/pages\/16660\/revisions\/25587"}],"wp:attachment":[{"href":"https:\/\/www.uhu.es\/etsi\/wp-json\/wp\/v2\/media?parent=16660"}],"curies":[{"name":"wp","href":"https:\/\/api.w.org\/{rel}","templated":true}]}}