{"id":16862,"date":"2018-11-22T11:04:44","date_gmt":"2018-11-22T10:04:44","guid":{"rendered":"http:\/\/www.uhu.es\/etsi\/?page_id=16862"},"modified":"2025-10-30T10:53:46","modified_gmt":"2025-10-30T09:53:46","slug":"acto-academico","status":"publish","type":"page","link":"https:\/\/www.uhu.es\/etsi\/acto-academico\/","title":{"rendered":"Acto Acad\u00e9mico"},"content":{"rendered":"<p><\/br><br \/>\n<center><img decoding=\"async\" align=center src=\"https:\/\/www.uhu.es\/etsi\/wp-content\/uploads\/2018\/11\/banner.jpg\" alt=\"img\" \/><\/center><br \/>\n<\/br><\/p>\n<h4>\nEl d\u00eda 25 de octubre, conmemorando el d\u00eda de la creaci\u00f3n del Instituto Polit\u00e9cnico &#8220;La R\u00e1bida&#8221;, la Escuela T\u00e9cnica Superior de Ingenier\u00eda celebra su Acto Acad\u00e9mico denominado &#8220;D\u00eda de la Escuela&#8221;. <\/p>\n<p>Es el acto acad\u00e9mico m\u00e1s significativo de nuestro Centro, en el que se entrega un reconocimiento a todos los egresados del curso anterior as\u00ed como a los mejores expedientes de cada titulaci\u00f3n. Tambi\u00e9n se reconoce la trayectoria docente e investigadora del PDI, se distingue a las empresas y a los investigadores j\u00f3venes, se recuerda a las personas que se han jubilado, y otras muchas distinciones.<\/p>\n<\/h4>\n<p><\/p>\n<hr>\n<div  class=\"x-accordion-group\" ><div class=\"x-accordion-heading\"><a class=\"x-accordion-toggle collapsed\" data-toggle=\"collapse\" data-parent=\"#my-accordion\" href=\"#collapse-1\">A\u00f1o 2025 (Aniversario)<\/a><\/div> <!-- end .x-accordion-heading --><div id=\"collapse-1\" class=\"accordion-body collapse\"><div class=\"x-accordion-inner\">\n<ul>\n<li><a href=\"https:\/\/www.flickr.com\/photos\/199397615@N05\/albums\/72177720330016339\" rel=\"noopener\" target=\"_blank\">Galer\u00eda de Fotograf\u00edas<\/a><\/li>\n<\/div> <!-- end .x-accordion-inner --><\/div> <!-- end .x-accordion-body --><\/div> <!-- end .x-accordion-group -->\n<div  class=\"x-accordion-group\" ><div class=\"x-accordion-heading\"><a class=\"x-accordion-toggle collapsed\" data-toggle=\"collapse\" data-parent=\"#my-accordion\" href=\"#collapse-2\">A\u00f1o 2025 (Graduaci\u00f3n)<\/a><\/div> <!-- end .x-accordion-heading --><div id=\"collapse-2\" class=\"accordion-body collapse\"><div class=\"x-accordion-inner\">\n<ul>\n<li><a href=\"https:\/\/www.flickr.com\/photos\/199397615@N05\/albums\/72177720329793976\" rel=\"noopener\" target=\"_blank\">Galer\u00eda de Fotograf\u00edas<\/a><\/li>\n<\/div> <!-- end .x-accordion-inner --><\/div> <!-- end .x-accordion-body --><\/div> <!-- end .x-accordion-group -->\n<div  class=\"x-accordion-group\" ><div class=\"x-accordion-heading\"><a class=\"x-accordion-toggle collapsed\" data-toggle=\"collapse\" data-parent=\"#my-accordion\" href=\"#collapse-3\">A\u00f1o 2025 (30 Aniversario IQ)<\/a><\/div> <!-- end .x-accordion-heading --><div id=\"collapse-3\" class=\"accordion-body collapse\"><div class=\"x-accordion-inner\">\n<ul>\n<li><a href=\"https:\/\/www.flickr.com\/photos\/199397615@N05\/sets\/72177720326956636\/\" rel=\"noopener\" target=\"_blank\">Galer\u00eda de Fotograf\u00edas<\/a><\/li>\n<\/div> <!-- end .x-accordion-inner --><\/div> <!-- end .x-accordion-body --><\/div> <!-- end .x-accordion-group -->\n<div  class=\"x-accordion-group\" ><div class=\"x-accordion-heading\"><a class=\"x-accordion-toggle collapsed\" data-toggle=\"collapse\" data-parent=\"#my-accordion\" href=\"#collapse-4\">A\u00f1o 2024 (Aniversario)<\/a><\/div> <!-- end .x-accordion-heading --><div id=\"collapse-4\" class=\"accordion-body collapse\"><div class=\"x-accordion-inner\">\n<ul>\n<li><a href=\"https:\/\/flic.kr\/s\/aHBqjBPJm3\" rel=\"noopener\" target=\"_blank\">Galer\u00eda de Fotograf\u00edas<\/a><\/li>\n<li><a href=\"https:\/\/www.youtube.com\/watch?v=Vs4L2AhFUTg\" rel=\"noopener\" target=\"_blank\">Video<\/a><\/li>\n<\/div> <!-- end .x-accordion-inner --><\/div> <!-- end .x-accordion-body --><\/div> <!-- end .x-accordion-group -->\n<div  class=\"x-accordion-group\" ><div class=\"x-accordion-heading\"><a class=\"x-accordion-toggle collapsed\" data-toggle=\"collapse\" data-parent=\"#my-accordion\" href=\"#collapse-5\">A\u00f1o 2024 (Graduaci\u00f3n)<\/a><\/div> <!-- end .x-accordion-heading --><div id=\"collapse-5\" class=\"accordion-body collapse\"><div class=\"x-accordion-inner\">\n<ul>\n<li><a href=\"https:\/\/flic.kr\/s\/aHBqjBNf5P\" rel=\"noopener\" target=\"_blank\">Galer\u00eda de Fotograf\u00edas<\/a><\/li>\n<li><a href=\"https:\/\/www.youtube.com\/watch?v=YspCqh_a6E8\" rel=\"noopener\" target=\"_blank\">Video<\/a><\/li>\n<\/div> <!-- end .x-accordion-inner --><\/div> <!-- end .x-accordion-body --><\/div> <!-- end .x-accordion-group -->\n<div  class=\"x-accordion-group\" ><div class=\"x-accordion-heading\"><a class=\"x-accordion-toggle collapsed\" data-toggle=\"collapse\" data-parent=\"#my-accordion\" href=\"#collapse-6\">A\u00f1o 2023 (D\u00eda de la Escuela)<\/a><\/div> <!-- end .x-accordion-heading --><div id=\"collapse-6\" class=\"accordion-body collapse\"><div class=\"x-accordion-inner\">\n<ul>\n<li><a href=\"https:\/\/flic.kr\/s\/aHBqjB1bQd\" rel=\"noopener\" target=\"_blank\">Galer\u00eda de Fotograf\u00edas<\/a><\/li>\n<\/div> <!-- end .x-accordion-inner --><\/div> <!-- end .x-accordion-body --><\/div> <!-- end .x-accordion-group -->\n<div  class=\"x-accordion-group\" ><div class=\"x-accordion-heading\"><a class=\"x-accordion-toggle collapsed\" data-toggle=\"collapse\" data-parent=\"#my-accordion\" href=\"#collapse-7\">A\u00f1o 2023 (Graduaci\u00f3n)<\/a><\/div> <!-- end .x-accordion-heading --><div id=\"collapse-7\" class=\"accordion-body collapse\"><div class=\"x-accordion-inner\">\n<ul>\n<li><a href=\"https:\/\/flic.kr\/s\/aHBqjAXUyH\" rel=\"noopener\" target=\"_blank\">Galer\u00eda de Fotograf\u00edas<\/a><\/li>\n<\/div> <!-- end .x-accordion-inner --><\/div> <!-- end .x-accordion-body --><\/div> <!-- end .x-accordion-group -->\n<div  class=\"x-accordion-group\" ><div class=\"x-accordion-heading\"><a class=\"x-accordion-toggle collapsed\" data-toggle=\"collapse\" data-parent=\"#my-accordion\" href=\"#collapse-8\">A\u00f1o 2022 (Graduaci\u00f3n)<\/a><\/div> <!-- end .x-accordion-heading --><div id=\"collapse-8\" class=\"accordion-body collapse\"><div class=\"x-accordion-inner\">\n<ul>\n<li><a href=\"https:\/\/flic.kr\/s\/aHBqjAdGzL\" rel=\"noopener\" target=\"_blank\">Galer\u00eda de Fotograf\u00edas<\/a><\/li>\n<li><a href=\"https:\/\/www.youtube.com\/watch?v=RfGbLlq_6zI&#038;t=1954s\" target=\"_blank\" rel=\"noopener\">V\u00eddeo<\/a><\/li>\n<\/div> <!-- end .x-accordion-inner --><\/div> <!-- end .x-accordion-body --><\/div> <!-- end .x-accordion-group -->\n<div  class=\"x-accordion-group\" ><div class=\"x-accordion-heading\"><a class=\"x-accordion-toggle collapsed\" data-toggle=\"collapse\" data-parent=\"#my-accordion\" href=\"#collapse-9\">A\u00f1o 2022 (D\u00eda de la Escuela)<\/a><\/div> <!-- end .x-accordion-heading --><div id=\"collapse-9\" class=\"accordion-body collapse\"><div class=\"x-accordion-inner\">\n<ul>\n<li><a href=\"https:\/\/flic.kr\/s\/aHBqjAdDSc\" rel=\"noopener\" target=\"_blank\">Galer\u00eda de Fotograf\u00edas<\/a><\/li>\n<li><a href=\"https:\/\/www.youtube.com\/watch?v=ILOB8RAjX9c&#038;t=3902s\" target=\"_blank\" rel=\"noopener\">V\u00eddeo<\/a><\/li>\n<\/ul>\n<\/div> <!-- end .x-accordion-inner --><\/div> <!-- end .x-accordion-body --><\/div> <!-- end .x-accordion-group -->\n<div  class=\"x-accordion-group\" ><div class=\"x-accordion-heading\"><a class=\"x-accordion-toggle collapsed\" data-toggle=\"collapse\" data-parent=\"#my-accordion\" href=\"#collapse-10\">A\u00f1o 2021 (Graduaci\u00f3n)<\/a><\/div> <!-- end .x-accordion-heading --><div id=\"collapse-10\" class=\"accordion-body collapse\"><div class=\"x-accordion-inner\">\n<ul>\n<li><a href=\"https:\/\/www.flickr.com\/photos\/167748249@N03\/albums\/72157720076923263\/with\/51634111397\/\" rel=\"noopener\" target=\"_blank\">Galer\u00eda de Fotograf\u00edas<\/a><\/li>\n<p>        <!--\n\n<li><a href=\"https:\/\/www.flickr.com\/photos\/167748249@N03\/albums\/72157711578727057\" rel=\"noopener\" target=\"_blank\">Galer\u00eda de Fotograf\u00edas (Versi\u00f3n impresi\u00f3n) <\/a><\/li>\n\n-->\n<\/ul>\n<\/div> <!-- end .x-accordion-inner --><\/div> <!-- end .x-accordion-body --><\/div> <!-- end .x-accordion-group -->\n<div  class=\"x-accordion-group\" ><div class=\"x-accordion-heading\"><a class=\"x-accordion-toggle collapsed\" data-toggle=\"collapse\" data-parent=\"#my-accordion\" href=\"#collapse-11\">A\u00f1o 2021 (D\u00eda de la Escuela)<\/a><\/div> <!-- end .x-accordion-heading --><div id=\"collapse-11\" class=\"accordion-body collapse\"><div class=\"x-accordion-inner\">\n<ul>\n<li><a href=\"https:\/\/www.flickr.com\/photos\/167748249@N03\/albums\/72157720078679334\" rel=\"noopener\" target=\"_blank\">Galer\u00eda de Fotograf\u00edas<\/a><\/li>\n<li><a href=\"https:\/\/youtu.be\/8yR4TsujHxI\" rel=\"noopener\" target=\"_blank\">V\u00eddeo<\/a><\/li>\n<p>        <!--\n\n<li><a href=\"https:\/\/www.flickr.com\/photos\/167748249@N03\/albums\/72157711578727057\" rel=\"noopener\" target=\"_blank\">Galer\u00eda de Fotograf\u00edas (Versi\u00f3n impresi\u00f3n) <\/a><\/li>\n\n-->\n<\/ul>\n<\/div> <!-- end .x-accordion-inner --><\/div> <!-- end .x-accordion-body --><\/div> <!-- end .x-accordion-group -->\n<div  class=\"x-accordion-group\" ><div class=\"x-accordion-heading\"><a class=\"x-accordion-toggle collapsed\" data-toggle=\"collapse\" data-parent=\"#my-accordion\" href=\"#collapse-12\">A\u00f1o 2020 (D\u00eda de la Escuela)<\/a><\/div> <!-- end .x-accordion-heading --><div id=\"collapse-12\" class=\"accordion-body collapse\"><div class=\"x-accordion-inner\">\n<ul>\n<li><a href=\"https:\/\/www.flickr.com\/photos\/167748249@N03\/albums\/72157716864255768\" rel=\"noopener\" target=\"_blank\">Galer\u00eda de Fotograf\u00edas<\/a><\/li>\n<p>        <!--\n\n<li><a href=\"https:\/\/www.flickr.com\/photos\/167748249@N03\/albums\/72157711578727057\" rel=\"noopener\" target=\"_blank\">Galer\u00eda de Fotograf\u00edas (Versi\u00f3n impresi\u00f3n) <\/a><\/li>\n\n-->\n<\/ul>\n<\/div> <!-- end .x-accordion-inner --><\/div> <!-- end .x-accordion-body --><\/div> <!-- end .x-accordion-group -->\n<div  class=\"x-accordion-group\" ><div class=\"x-accordion-heading\"><a class=\"x-accordion-toggle collapsed\" data-toggle=\"collapse\" data-parent=\"#my-accordion\" href=\"#collapse-13\">A\u00f1o 2019 (50 Aniversario)<\/a><\/div> <!-- end .x-accordion-heading --><div id=\"collapse-13\" class=\"accordion-body collapse\"><div class=\"x-accordion-inner\">\n<ul>\n        <!--\n\n<li><a href=\"https:\/\/www.flickr.com\/photos\/167748249@N03\/albums\/72157711562671092\" rel=\"noopener\" target=\"_blank\">Galer\u00eda de Fotograf\u00edas (Versi\u00f3n NO impresi\u00f3n)<\/a><\/li>\n\n--><\/p>\n<li><a href=\"https:\/\/www.flickr.com\/photos\/167748249@N03\/albums\/72157711578727057\" rel=\"noopener\" target=\"_blank\">Galer\u00eda de Fotograf\u00edas<\/a><\/li>\n<li><a href=\"https:\/\/www.flickr.com\/photos\/167748249@N03\/albums\/72157711578063131\" rel=\"noopener\" target=\"_blank\">Galer\u00eda de Fotograf\u00edas (Canal UHU)<\/a><\/li>\n<li><a href=\"https:\/\/www.youtube.com\/watch?v=qcvytcLon04#t=1\" rel=\"noopener\" target=\"_blank\">V\u00eddeo conmemorativo del 50 Aniversario de le creaci\u00f3n de la ETSI <\/a><\/li>\n<\/ul>\n<\/div> <!-- end .x-accordion-inner --><\/div> <!-- end .x-accordion-body --><\/div> <!-- end .x-accordion-group -->\n<div  class=\"x-accordion-group\" ><div class=\"x-accordion-heading\"><a class=\"x-accordion-toggle collapsed\" data-toggle=\"collapse\" data-parent=\"#my-accordion\" href=\"#collapse-14\">A\u00f1o 2018<\/a><\/div> <!-- end .x-accordion-heading --><div id=\"collapse-14\" class=\"accordion-body collapse\"><div class=\"x-accordion-inner\">\n<ul>\n\t<!-- \n\n<li><a href=\"https:\/\/www.flickr.com\/gp\/167748249@N03\/4HcN18\" rel=\"noopener\" target=\"_blank\">Galer\u00eda de Fotograf\u00edas <\/a><\/li>\n\n --><\/p>\n<li><a href=\"https:\/\/drive.google.com\/drive\/folders\/1-nheDFyKh54TztB4G_Tem0CqcHkxcw5_?usp=sharing\" rel=\"noopener\" target=\"_blank\">Galer\u00eda de fotograf\u00edas <\/a><\/li>\n<li><a href=\"https:\/\/www.youtube.com\/watch?v=XOOUexxcnxo#t=1\" rel=\"noopener\" target=\"_blank\">V\u00eddeo completo del acto <\/a><\/li>\n<li><a href=\"https:\/\/www.youtube.com\/watch?v=P5807xUH-Lg\" rel=\"noopener\" target=\"_blank\">V\u00eddeo resumen<\/a><\/li>\n<\/ul>\n<\/div> <!-- end .x-accordion-inner --><\/div> <!-- end .x-accordion-body --><\/div> <!-- end .x-accordion-group -->\n","protected":false},"excerpt":{"rendered":"<p>El d\u00eda 25 de octubre, conmemorando el d\u00eda de la creaci\u00f3n del Instituto Polit\u00e9cnico &#8220;La R\u00e1bida&#8221;, la Escuela T\u00e9cnica Superior &#8230; <\/p>\n<div><a href=\"https:\/\/www.uhu.es\/etsi\/acto-academico\/\" class=\"more-link\">Read More<\/a><\/div>\n","protected":false},"author":7,"featured_media":0,"parent":0,"menu_order":0,"comment_status":"closed","ping_status":"closed","template":"template-layout-full-width.php","meta":[],"yoast_head":"<!-- This site is optimized with the Yoast SEO plugin v20.2.1 - https:\/\/yoast.com\/wordpress\/plugins\/seo\/ -->\n<title>Acto Acad\u00e9mico - ETSI, UHU<\/title>\n<meta name=\"robots\" content=\"index, follow, max-snippet:-1, max-image-preview:large, max-video-preview:-1\" \/>\n<link rel=\"canonical\" href=\"https:\/\/www.uhu.es\/etsi\/acto-academico\/\" \/>\n<meta property=\"og:locale\" content=\"es_ES\" \/>\n<meta property=\"og:type\" content=\"article\" \/>\n<meta property=\"og:title\" content=\"Acto Acad\u00e9mico - ETSI, UHU\" \/>\n<meta property=\"og:description\" content=\"El d\u00eda 25 de octubre, conmemorando el d\u00eda de la creaci\u00f3n del Instituto Polit\u00e9cnico &#8220;La R\u00e1bida&#8221;, la Escuela T\u00e9cnica Superior ... Read More\" \/>\n<meta property=\"og:url\" content=\"https:\/\/www.uhu.es\/etsi\/acto-academico\/\" \/>\n<meta property=\"og:site_name\" content=\"ETSI, UHU\" \/>\n<meta property=\"article:modified_time\" content=\"2025-10-30T09:53:46+00:00\" \/>\n<meta property=\"og:image\" content=\"http:\/\/www.uhu.es\/etsi\/wp-content\/uploads\/2018\/11\/banner.jpg\" \/>\n<meta name=\"twitter:label1\" content=\"Est. reading time\" \/>\n\t<meta name=\"twitter:data1\" content=\"2 minutes\" \/>\n<script type=\"application\/ld+json\" class=\"yoast-schema-graph\">{\"@context\":\"https:\/\/schema.org\",\"@graph\":[{\"@type\":\"WebPage\",\"@id\":\"https:\/\/www.uhu.es\/etsi\/acto-academico\/\",\"url\":\"https:\/\/www.uhu.es\/etsi\/acto-academico\/\",\"name\":\"Acto Acad\u00e9mico - ETSI, UHU\",\"isPartOf\":{\"@id\":\"https:\/\/www.uhu.es\/etsi\/#website\"},\"datePublished\":\"2018-11-22T10:04:44+00:00\",\"dateModified\":\"2025-10-30T09:53:46+00:00\",\"breadcrumb\":{\"@id\":\"https:\/\/www.uhu.es\/etsi\/acto-academico\/#breadcrumb\"},\"inLanguage\":\"es-ES\",\"potentialAction\":[{\"@type\":\"ReadAction\",\"target\":[\"https:\/\/www.uhu.es\/etsi\/acto-academico\/\"]}]},{\"@type\":\"BreadcrumbList\",\"@id\":\"https:\/\/www.uhu.es\/etsi\/acto-academico\/#breadcrumb\",\"itemListElement\":[{\"@type\":\"ListItem\",\"position\":1,\"name\":\"Portada\",\"item\":\"https:\/\/www.uhu.es\/etsi\/\"},{\"@type\":\"ListItem\",\"position\":2,\"name\":\"Acto Acad\u00e9mico\"}]},{\"@type\":\"WebSite\",\"@id\":\"https:\/\/www.uhu.es\/etsi\/#website\",\"url\":\"https:\/\/www.uhu.es\/etsi\/\",\"name\":\"ETSI, UHU\",\"description\":\"Escuela T\u00e9cnica Superior de  Ingenier\u00eda de la Universidad de Huelva\",\"publisher\":{\"@id\":\"https:\/\/www.uhu.es\/etsi\/#organization\"},\"potentialAction\":[{\"@type\":\"SearchAction\",\"target\":{\"@type\":\"EntryPoint\",\"urlTemplate\":\"https:\/\/www.uhu.es\/etsi\/?s={search_term_string}\"},\"query-input\":\"required name=search_term_string\"}],\"inLanguage\":\"es-ES\"},{\"@type\":\"Organization\",\"@id\":\"https:\/\/www.uhu.es\/etsi\/#organization\",\"name\":\"UHU ETSI\",\"url\":\"https:\/\/www.uhu.es\/etsi\/\",\"logo\":{\"@type\":\"ImageObject\",\"inLanguage\":\"es-ES\",\"@id\":\"https:\/\/www.uhu.es\/etsi\/#\/schema\/logo\/image\/\",\"url\":\"http:\/\/www.uhu.es\/etsi\/wp-content\/uploads\/2016\/02\/membrete_ETSI.jpg\",\"contentUrl\":\"http:\/\/www.uhu.es\/etsi\/wp-content\/uploads\/2016\/02\/membrete_ETSI.jpg\",\"width\":423,\"height\":81,\"caption\":\"UHU ETSI\"},\"image\":{\"@id\":\"https:\/\/www.uhu.es\/etsi\/#\/schema\/logo\/image\/\"}}]}<\/script>\n<!-- \/ Yoast SEO plugin. -->","yoast_head_json":{"title":"Acto Acad\u00e9mico - ETSI, UHU","robots":{"index":"index","follow":"follow","max-snippet":"max-snippet:-1","max-image-preview":"max-image-preview:large","max-video-preview":"max-video-preview:-1"},"canonical":"https:\/\/www.uhu.es\/etsi\/acto-academico\/","og_locale":"es_ES","og_type":"article","og_title":"Acto Acad\u00e9mico - ETSI, UHU","og_description":"El d\u00eda 25 de octubre, conmemorando el d\u00eda de la creaci\u00f3n del Instituto Polit\u00e9cnico &#8220;La R\u00e1bida&#8221;, la Escuela T\u00e9cnica Superior ... Read More","og_url":"https:\/\/www.uhu.es\/etsi\/acto-academico\/","og_site_name":"ETSI, UHU","article_modified_time":"2025-10-30T09:53:46+00:00","og_image":[{"url":"http:\/\/www.uhu.es\/etsi\/wp-content\/uploads\/2018\/11\/banner.jpg"}],"twitter_misc":{"Est. reading time":"2 minutes"},"schema":{"@context":"https:\/\/schema.org","@graph":[{"@type":"WebPage","@id":"https:\/\/www.uhu.es\/etsi\/acto-academico\/","url":"https:\/\/www.uhu.es\/etsi\/acto-academico\/","name":"Acto Acad\u00e9mico - ETSI, UHU","isPartOf":{"@id":"https:\/\/www.uhu.es\/etsi\/#website"},"datePublished":"2018-11-22T10:04:44+00:00","dateModified":"2025-10-30T09:53:46+00:00","breadcrumb":{"@id":"https:\/\/www.uhu.es\/etsi\/acto-academico\/#breadcrumb"},"inLanguage":"es-ES","potentialAction":[{"@type":"ReadAction","target":["https:\/\/www.uhu.es\/etsi\/acto-academico\/"]}]},{"@type":"BreadcrumbList","@id":"https:\/\/www.uhu.es\/etsi\/acto-academico\/#breadcrumb","itemListElement":[{"@type":"ListItem","position":1,"name":"Portada","item":"https:\/\/www.uhu.es\/etsi\/"},{"@type":"ListItem","position":2,"name":"Acto Acad\u00e9mico"}]},{"@type":"WebSite","@id":"https:\/\/www.uhu.es\/etsi\/#website","url":"https:\/\/www.uhu.es\/etsi\/","name":"ETSI, UHU","description":"Escuela T\u00e9cnica Superior de  Ingenier\u00eda de la Universidad de Huelva","publisher":{"@id":"https:\/\/www.uhu.es\/etsi\/#organization"},"potentialAction":[{"@type":"SearchAction","target":{"@type":"EntryPoint","urlTemplate":"https:\/\/www.uhu.es\/etsi\/?s={search_term_string}"},"query-input":"required name=search_term_string"}],"inLanguage":"es-ES"},{"@type":"Organization","@id":"https:\/\/www.uhu.es\/etsi\/#organization","name":"UHU ETSI","url":"https:\/\/www.uhu.es\/etsi\/","logo":{"@type":"ImageObject","inLanguage":"es-ES","@id":"https:\/\/www.uhu.es\/etsi\/#\/schema\/logo\/image\/","url":"http:\/\/www.uhu.es\/etsi\/wp-content\/uploads\/2016\/02\/membrete_ETSI.jpg","contentUrl":"http:\/\/www.uhu.es\/etsi\/wp-content\/uploads\/2016\/02\/membrete_ETSI.jpg","width":423,"height":81,"caption":"UHU ETSI"},"image":{"@id":"https:\/\/www.uhu.es\/etsi\/#\/schema\/logo\/image\/"}}]}},"_links":{"self":[{"href":"https:\/\/www.uhu.es\/etsi\/wp-json\/wp\/v2\/pages\/16862"}],"collection":[{"href":"https:\/\/www.uhu.es\/etsi\/wp-json\/wp\/v2\/pages"}],"about":[{"href":"https:\/\/www.uhu.es\/etsi\/wp-json\/wp\/v2\/types\/page"}],"author":[{"embeddable":true,"href":"https:\/\/www.uhu.es\/etsi\/wp-json\/wp\/v2\/users\/7"}],"replies":[{"embeddable":true,"href":"https:\/\/www.uhu.es\/etsi\/wp-json\/wp\/v2\/comments?post=16862"}],"version-history":[{"count":39,"href":"https:\/\/www.uhu.es\/etsi\/wp-json\/wp\/v2\/pages\/16862\/revisions"}],"predecessor-version":[{"id":25614,"href":"https:\/\/www.uhu.es\/etsi\/wp-json\/wp\/v2\/pages\/16862\/revisions\/25614"}],"wp:attachment":[{"href":"https:\/\/www.uhu.es\/etsi\/wp-json\/wp\/v2\/media?parent=16862"}],"curies":[{"name":"wp","href":"https:\/\/api.w.org\/{rel}","templated":true}]}}