{"id":17547,"date":"2019-04-04T08:55:45","date_gmt":"2019-04-04T07:55:45","guid":{"rendered":"http:\/\/www.uhu.es\/etsi\/?page_id=17547"},"modified":"2019-06-03T13:51:17","modified_gmt":"2019-06-03T12:51:17","slug":"taller-de-extraccion-de-datos-de-apis-con-python","status":"publish","type":"page","link":"https:\/\/www.uhu.es\/etsi\/taller-de-extraccion-de-datos-de-apis-con-python\/","title":{"rendered":"Taller de extracci\u00f3n de datos de APIs con Python"},"content":{"rendered":"<div  class=\"x-alert x-alert-danger x-alert-block\" > <center> <strong> El periodo de registro ha finalizado, disculpen las molestias . <\/strong><\/center> <\/div>\n<h4 style=\"font-family:arial;\"><strong>T\u00edtulo: <\/strong>Taller de extracci\u00f3n de datos de APIs con Python <\/h4>\n","protected":false},"excerpt":{"rendered":"<p>T\u00edtulo: Taller de extracci\u00f3n de datos de APIs con Python<\/p>\n","protected":false},"author":7,"featured_media":0,"parent":0,"menu_order":0,"comment_status":"closed","ping_status":"closed","template":"","meta":[],"yoast_head":"<!-- This site is optimized with the Yoast SEO plugin v20.2.1 - https:\/\/yoast.com\/wordpress\/plugins\/seo\/ -->\n<title>Taller de extracci\u00f3n de datos de APIs con Python - ETSI, UHU<\/title>\n<meta name=\"robots\" content=\"index, follow, max-snippet:-1, max-image-preview:large, max-video-preview:-1\" \/>\n<link rel=\"canonical\" href=\"https:\/\/www.uhu.es\/etsi\/taller-de-extraccion-de-datos-de-apis-con-python\/\" \/>\n<meta property=\"og:locale\" content=\"es_ES\" \/>\n<meta property=\"og:type\" content=\"article\" \/>\n<meta property=\"og:title\" content=\"Taller de extracci\u00f3n de datos de APIs con Python - ETSI, UHU\" \/>\n<meta property=\"og:description\" content=\"T\u00edtulo: Taller de extracci\u00f3n de datos de APIs con Python\" \/>\n<meta property=\"og:url\" content=\"https:\/\/www.uhu.es\/etsi\/taller-de-extraccion-de-datos-de-apis-con-python\/\" \/>\n<meta property=\"og:site_name\" content=\"ETSI, UHU\" \/>\n<meta property=\"article:modified_time\" content=\"2019-06-03T12:51:17+00:00\" \/>\n<meta property=\"og:image\" content=\"http:\/\/www.uhu.es\/etsi\/wp-content\/uploads\/2019\/04\/240595638_2.jpg\" \/>\n<meta name=\"twitter:label1\" content=\"Est. reading time\" \/>\n\t<meta name=\"twitter:data1\" content=\"1 minute\" \/>\n<script type=\"application\/ld+json\" class=\"yoast-schema-graph\">{\"@context\":\"https:\/\/schema.org\",\"@graph\":[{\"@type\":\"WebPage\",\"@id\":\"https:\/\/www.uhu.es\/etsi\/taller-de-extraccion-de-datos-de-apis-con-python\/\",\"url\":\"https:\/\/www.uhu.es\/etsi\/taller-de-extraccion-de-datos-de-apis-con-python\/\",\"name\":\"Taller de extracci\u00f3n de datos de APIs con Python - ETSI, UHU\",\"isPartOf\":{\"@id\":\"https:\/\/www.uhu.es\/etsi\/#website\"},\"datePublished\":\"2019-04-04T07:55:45+00:00\",\"dateModified\":\"2019-06-03T12:51:17+00:00\",\"breadcrumb\":{\"@id\":\"https:\/\/www.uhu.es\/etsi\/taller-de-extraccion-de-datos-de-apis-con-python\/#breadcrumb\"},\"inLanguage\":\"es-ES\",\"potentialAction\":[{\"@type\":\"ReadAction\",\"target\":[\"https:\/\/www.uhu.es\/etsi\/taller-de-extraccion-de-datos-de-apis-con-python\/\"]}]},{\"@type\":\"BreadcrumbList\",\"@id\":\"https:\/\/www.uhu.es\/etsi\/taller-de-extraccion-de-datos-de-apis-con-python\/#breadcrumb\",\"itemListElement\":[{\"@type\":\"ListItem\",\"position\":1,\"name\":\"Portada\",\"item\":\"https:\/\/www.uhu.es\/etsi\/\"},{\"@type\":\"ListItem\",\"position\":2,\"name\":\"Taller de extracci\u00f3n de datos de APIs con Python\"}]},{\"@type\":\"WebSite\",\"@id\":\"https:\/\/www.uhu.es\/etsi\/#website\",\"url\":\"https:\/\/www.uhu.es\/etsi\/\",\"name\":\"ETSI, UHU\",\"description\":\"Escuela T\u00e9cnica Superior de  Ingenier\u00eda de la Universidad de Huelva\",\"publisher\":{\"@id\":\"https:\/\/www.uhu.es\/etsi\/#organization\"},\"potentialAction\":[{\"@type\":\"SearchAction\",\"target\":{\"@type\":\"EntryPoint\",\"urlTemplate\":\"https:\/\/www.uhu.es\/etsi\/?s={search_term_string}\"},\"query-input\":\"required name=search_term_string\"}],\"inLanguage\":\"es-ES\"},{\"@type\":\"Organization\",\"@id\":\"https:\/\/www.uhu.es\/etsi\/#organization\",\"name\":\"UHU ETSI\",\"url\":\"https:\/\/www.uhu.es\/etsi\/\",\"logo\":{\"@type\":\"ImageObject\",\"inLanguage\":\"es-ES\",\"@id\":\"https:\/\/www.uhu.es\/etsi\/#\/schema\/logo\/image\/\",\"url\":\"http:\/\/www.uhu.es\/etsi\/wp-content\/uploads\/2016\/02\/membrete_ETSI.jpg\",\"contentUrl\":\"http:\/\/www.uhu.es\/etsi\/wp-content\/uploads\/2016\/02\/membrete_ETSI.jpg\",\"width\":423,\"height\":81,\"caption\":\"UHU ETSI\"},\"image\":{\"@id\":\"https:\/\/www.uhu.es\/etsi\/#\/schema\/logo\/image\/\"}}]}<\/script>\n<!-- \/ Yoast SEO plugin. -->","yoast_head_json":{"title":"Taller de extracci\u00f3n de datos de APIs con Python - ETSI, UHU","robots":{"index":"index","follow":"follow","max-snippet":"max-snippet:-1","max-image-preview":"max-image-preview:large","max-video-preview":"max-video-preview:-1"},"canonical":"https:\/\/www.uhu.es\/etsi\/taller-de-extraccion-de-datos-de-apis-con-python\/","og_locale":"es_ES","og_type":"article","og_title":"Taller de extracci\u00f3n de datos de APIs con Python - ETSI, UHU","og_description":"T\u00edtulo: Taller de extracci\u00f3n de datos de APIs con Python","og_url":"https:\/\/www.uhu.es\/etsi\/taller-de-extraccion-de-datos-de-apis-con-python\/","og_site_name":"ETSI, UHU","article_modified_time":"2019-06-03T12:51:17+00:00","og_image":[{"url":"http:\/\/www.uhu.es\/etsi\/wp-content\/uploads\/2019\/04\/240595638_2.jpg"}],"twitter_misc":{"Est. reading time":"1 minute"},"schema":{"@context":"https:\/\/schema.org","@graph":[{"@type":"WebPage","@id":"https:\/\/www.uhu.es\/etsi\/taller-de-extraccion-de-datos-de-apis-con-python\/","url":"https:\/\/www.uhu.es\/etsi\/taller-de-extraccion-de-datos-de-apis-con-python\/","name":"Taller de extracci\u00f3n de datos de APIs con Python - ETSI, UHU","isPartOf":{"@id":"https:\/\/www.uhu.es\/etsi\/#website"},"datePublished":"2019-04-04T07:55:45+00:00","dateModified":"2019-06-03T12:51:17+00:00","breadcrumb":{"@id":"https:\/\/www.uhu.es\/etsi\/taller-de-extraccion-de-datos-de-apis-con-python\/#breadcrumb"},"inLanguage":"es-ES","potentialAction":[{"@type":"ReadAction","target":["https:\/\/www.uhu.es\/etsi\/taller-de-extraccion-de-datos-de-apis-con-python\/"]}]},{"@type":"BreadcrumbList","@id":"https:\/\/www.uhu.es\/etsi\/taller-de-extraccion-de-datos-de-apis-con-python\/#breadcrumb","itemListElement":[{"@type":"ListItem","position":1,"name":"Portada","item":"https:\/\/www.uhu.es\/etsi\/"},{"@type":"ListItem","position":2,"name":"Taller de extracci\u00f3n de datos de APIs con Python"}]},{"@type":"WebSite","@id":"https:\/\/www.uhu.es\/etsi\/#website","url":"https:\/\/www.uhu.es\/etsi\/","name":"ETSI, UHU","description":"Escuela T\u00e9cnica Superior de  Ingenier\u00eda de la Universidad de Huelva","publisher":{"@id":"https:\/\/www.uhu.es\/etsi\/#organization"},"potentialAction":[{"@type":"SearchAction","target":{"@type":"EntryPoint","urlTemplate":"https:\/\/www.uhu.es\/etsi\/?s={search_term_string}"},"query-input":"required name=search_term_string"}],"inLanguage":"es-ES"},{"@type":"Organization","@id":"https:\/\/www.uhu.es\/etsi\/#organization","name":"UHU ETSI","url":"https:\/\/www.uhu.es\/etsi\/","logo":{"@type":"ImageObject","inLanguage":"es-ES","@id":"https:\/\/www.uhu.es\/etsi\/#\/schema\/logo\/image\/","url":"http:\/\/www.uhu.es\/etsi\/wp-content\/uploads\/2016\/02\/membrete_ETSI.jpg","contentUrl":"http:\/\/www.uhu.es\/etsi\/wp-content\/uploads\/2016\/02\/membrete_ETSI.jpg","width":423,"height":81,"caption":"UHU ETSI"},"image":{"@id":"https:\/\/www.uhu.es\/etsi\/#\/schema\/logo\/image\/"}}]}},"_links":{"self":[{"href":"https:\/\/www.uhu.es\/etsi\/wp-json\/wp\/v2\/pages\/17547"}],"collection":[{"href":"https:\/\/www.uhu.es\/etsi\/wp-json\/wp\/v2\/pages"}],"about":[{"href":"https:\/\/www.uhu.es\/etsi\/wp-json\/wp\/v2\/types\/page"}],"author":[{"embeddable":true,"href":"https:\/\/www.uhu.es\/etsi\/wp-json\/wp\/v2\/users\/7"}],"replies":[{"embeddable":true,"href":"https:\/\/www.uhu.es\/etsi\/wp-json\/wp\/v2\/comments?post=17547"}],"version-history":[{"count":5,"href":"https:\/\/www.uhu.es\/etsi\/wp-json\/wp\/v2\/pages\/17547\/revisions"}],"predecessor-version":[{"id":17767,"href":"https:\/\/www.uhu.es\/etsi\/wp-json\/wp\/v2\/pages\/17547\/revisions\/17767"}],"wp:attachment":[{"href":"https:\/\/www.uhu.es\/etsi\/wp-json\/wp\/v2\/media?parent=17547"}],"curies":[{"name":"wp","href":"https:\/\/api.w.org\/{rel}","templated":true}]}}