{"id":17783,"date":"2019-06-11T11:44:30","date_gmt":"2019-06-11T10:44:30","guid":{"rendered":"http:\/\/www.uhu.es\/etsi\/?page_id=17783"},"modified":"2019-06-11T12:03:03","modified_gmt":"2019-06-11T11:03:03","slug":"distribucion-de-creditos-segun-pod-de-la-uhu","status":"publish","type":"page","link":"https:\/\/www.uhu.es\/etsi\/distribucion-de-creditos-segun-pod-de-la-uhu\/","title":{"rendered":"Distribuci\u00f3n de cr\u00e9ditos seg\u00fan POD de la UHU"},"content":{"rendered":"<h5 style=\"background-color: red; color: white; text-align: center;\"><strong>Los siguientes enlaces solo se podr\u00e1n visualizar con el navegador con Mozilla firefox<\/strong><\/h5>\n<p>&nbsp;<\/p>\n<ul>\n<li>Grado en Ingenier\u00eda Agr\u00edcola -&gt; <a href=\"https:\/\/www.uhu.es\/etsi\/simplesml\/www\/app_gestion_cursos\/Grupos_reducidos\/HorarioGR_coordinadores_sub\/xml\/plantilla_xml_creditos.php?tit=1&amp;year=2019&amp;cuatr=1\">pulse aqu\u00ed<\/a><\/li>\n<li>Grado en Ingenier\u00eda Inform\u00e1tica -&gt; <a href=\"https:\/\/www.uhu.es\/etsi\/simplesml\/www\/app_gestion_cursos\/Grupos_reducidos\/HorarioGR_coordinadores_sub\/xml\/plantilla_xml_creditos.php?tit=2&amp;year=2019&amp;cuatr=1\">pulse aqu\u00ed<\/a><\/li>\n<li>Grado de Ingenier\u00eda en Explotaci\u00f3n de Minas y Recursos Energ\u00e9ticos -&gt; <a href=\"https:\/\/www.uhu.es\/etsi\/simplesml\/www\/app_gestion_cursos\/Grupos_reducidos\/HorarioGR_coordinadores_sub\/xml\/plantilla_xml_creditos.php?tit=3&amp;year=2019&amp;cuatr=1\">pulse aqu\u00ed<\/a><\/li>\n<li>Grado en Ingenier\u00eda El\u00e9ctrica -&gt; <a href=\"https:\/\/www.uhu.es\/etsi\/simplesml\/www\/app_gestion_cursos\/Grupos_reducidos\/HorarioGR_coordinadores_sub\/xml\/plantilla_xml_creditos.php?tit=4&amp;year=2019&amp;cuatr=1\">pulse aqu\u00ed<\/a><\/li>\n<li>Grado en Ingenier\u00eda Electr\u00f3nica Industrial -&gt; <a href=\"https:\/\/www.uhu.es\/etsi\/simplesml\/www\/app_gestion_cursos\/Grupos_reducidos\/HorarioGR_coordinadores_sub\/xml\/plantilla_xml_creditos.php?tit=5&amp;year=2019&amp;cuatr=1\">pulse aqu\u00ed<\/a><\/li>\n<li>Grado en Ingenier\u00eda Forestal y del Medio Natural -&gt; <a href=\"https:\/\/www.uhu.es\/etsi\/simplesml\/www\/app_gestion_cursos\/Grupos_reducidos\/HorarioGR_coordinadores_sub\/xml\/plantilla_xml_creditos.php?tit=6&amp;year=2019&amp;cuatr=1\">pulse aqu\u00ed<\/a><\/li>\n<li>Grado en Ingenier\u00eda Mec\u00e1nica -&gt;<a href=\"https:\/\/www.uhu.es\/etsi\/simplesml\/www\/app_gestion_cursos\/Grupos_reducidos\/HorarioGR_coordinadores_sub\/xml\/plantilla_xml_creditos.php?tit=7&amp;year=2019&amp;cuatr=1\">pulse aqu\u00ed<\/a><\/li>\n<li>Grado en Ingenier\u00eda Qu\u00edmica Industrial -&gt;<a href=\"https:\/\/www.uhu.es\/etsi\/simplesml\/www\/app_gestion_cursos\/Grupos_reducidos\/HorarioGR_coordinadores_sub\/xml\/plantilla_xml_creditos.php?tit=8&amp;year=2019&amp;cuatr=1\">pulse aqu\u00ed<\/a><\/li>\n<li>Grado en Ingenier\u00eda Energ\u00e9tica -&gt; <a href=\"https:\/\/www.uhu.es\/etsi\/simplesml\/www\/app_gestion_cursos\/Grupos_reducidos\/HorarioGR_coordinadores_sub\/xml\/plantilla_xml_creditos.php?tit=9&amp;year=2019&amp;cuatr=1\">pulse aqu\u00ed<\/a><\/li>\n<li>Doble Grado en Ingenier\u00eda El\u00e9ctrica e Ingenier\u00eda Energ\u00e9tica -&gt; <a href=\"https:\/\/www.uhu.es\/etsi\/simplesml\/www\/app_gestion_cursos\/Grupos_reducidos\/HorarioGR_coordinadores_sub\/xml\/plantilla_xml_creditos.php?tit=17&amp;year=2019&amp;cuatr=1\">pulse aqu\u00ed<\/a><\/li>\n<li>Doble Grado en Ingenier\u00eda Electr\u00f3nica Industrial e Ingenier\u00eda Mec\u00e1nica -&gt; <a href=\"https:\/\/www.uhu.es\/etsi\/simplesml\/www\/app_gestion_cursos\/Grupos_reducidos\/HorarioGR_coordinadores_sub\/xml\/plantilla_xml_creditos.php?tit=18&amp;year=2019&amp;cuatr=1\">pulse aqu\u00ed<\/a><\/li>\n<li>M\u00e1ster Oficial en Ingenier\u00eda Industrial -&gt; No hay grupos reducidos de aula<\/li>\n<li>M\u00e1ster Oficial en Ingenier\u00eda de Montes -&gt; No hay grupos reducidos de aula<\/li>\n<li>M\u00e1ster Oficial en Ingenier\u00eda de Minas -&gt; No hay grupos reducidos de aula<\/li>\n<li>M\u00e1ster en Ingenier\u00eda Inform\u00e1tica -&gt; No hay grupos reducidos de aula<\/li>\n<li>M\u00e1ster en Ingenier\u00eda Qu\u00edmica -&gt; No hay grupos reducidos de aula<\/li>\n<\/ul>\n","protected":false},"excerpt":{"rendered":"<p>Los siguientes enlaces solo se podr\u00e1n visualizar con el navegador con Mozilla firefox &nbsp; Grado en Ingenier\u00eda Agr\u00edcola -&gt; pulse &#8230; <\/p>\n<div><a href=\"https:\/\/www.uhu.es\/etsi\/distribucion-de-creditos-segun-pod-de-la-uhu\/\" class=\"more-link\">Read More<\/a><\/div>\n","protected":false},"author":7,"featured_media":0,"parent":0,"menu_order":0,"comment_status":"closed","ping_status":"closed","template":"","meta":[],"yoast_head":"<!-- This site is optimized with the Yoast SEO plugin v20.2.1 - https:\/\/yoast.com\/wordpress\/plugins\/seo\/ -->\n<title>Distribuci\u00f3n de cr\u00e9ditos seg\u00fan POD de la UHU - ETSI, UHU<\/title>\n<meta name=\"robots\" content=\"index, follow, max-snippet:-1, max-image-preview:large, max-video-preview:-1\" \/>\n<link rel=\"canonical\" href=\"https:\/\/www.uhu.es\/etsi\/distribucion-de-creditos-segun-pod-de-la-uhu\/\" \/>\n<meta property=\"og:locale\" content=\"es_ES\" \/>\n<meta property=\"og:type\" content=\"article\" \/>\n<meta property=\"og:title\" content=\"Distribuci\u00f3n de cr\u00e9ditos seg\u00fan POD de la UHU - ETSI, UHU\" \/>\n<meta property=\"og:description\" content=\"Los siguientes enlaces solo se podr\u00e1n visualizar con el navegador con Mozilla firefox &nbsp; Grado en Ingenier\u00eda Agr\u00edcola -&gt; pulse ... Read More\" \/>\n<meta property=\"og:url\" content=\"https:\/\/www.uhu.es\/etsi\/distribucion-de-creditos-segun-pod-de-la-uhu\/\" \/>\n<meta property=\"og:site_name\" content=\"ETSI, UHU\" \/>\n<meta property=\"article:modified_time\" content=\"2019-06-11T11:03:03+00:00\" \/>\n<meta name=\"twitter:label1\" content=\"Est. reading time\" \/>\n\t<meta name=\"twitter:data1\" content=\"1 minute\" \/>\n<script type=\"application\/ld+json\" class=\"yoast-schema-graph\">{\"@context\":\"https:\/\/schema.org\",\"@graph\":[{\"@type\":\"WebPage\",\"@id\":\"https:\/\/www.uhu.es\/etsi\/distribucion-de-creditos-segun-pod-de-la-uhu\/\",\"url\":\"https:\/\/www.uhu.es\/etsi\/distribucion-de-creditos-segun-pod-de-la-uhu\/\",\"name\":\"Distribuci\u00f3n de cr\u00e9ditos seg\u00fan POD de la UHU - ETSI, UHU\",\"isPartOf\":{\"@id\":\"https:\/\/www.uhu.es\/etsi\/#website\"},\"datePublished\":\"2019-06-11T10:44:30+00:00\",\"dateModified\":\"2019-06-11T11:03:03+00:00\",\"breadcrumb\":{\"@id\":\"https:\/\/www.uhu.es\/etsi\/distribucion-de-creditos-segun-pod-de-la-uhu\/#breadcrumb\"},\"inLanguage\":\"es-ES\",\"potentialAction\":[{\"@type\":\"ReadAction\",\"target\":[\"https:\/\/www.uhu.es\/etsi\/distribucion-de-creditos-segun-pod-de-la-uhu\/\"]}]},{\"@type\":\"BreadcrumbList\",\"@id\":\"https:\/\/www.uhu.es\/etsi\/distribucion-de-creditos-segun-pod-de-la-uhu\/#breadcrumb\",\"itemListElement\":[{\"@type\":\"ListItem\",\"position\":1,\"name\":\"Portada\",\"item\":\"https:\/\/www.uhu.es\/etsi\/\"},{\"@type\":\"ListItem\",\"position\":2,\"name\":\"Distribuci\u00f3n de cr\u00e9ditos seg\u00fan POD de la UHU\"}]},{\"@type\":\"WebSite\",\"@id\":\"https:\/\/www.uhu.es\/etsi\/#website\",\"url\":\"https:\/\/www.uhu.es\/etsi\/\",\"name\":\"ETSI, UHU\",\"description\":\"Escuela T\u00e9cnica Superior de  Ingenier\u00eda de la Universidad de Huelva\",\"publisher\":{\"@id\":\"https:\/\/www.uhu.es\/etsi\/#organization\"},\"potentialAction\":[{\"@type\":\"SearchAction\",\"target\":{\"@type\":\"EntryPoint\",\"urlTemplate\":\"https:\/\/www.uhu.es\/etsi\/?s={search_term_string}\"},\"query-input\":\"required name=search_term_string\"}],\"inLanguage\":\"es-ES\"},{\"@type\":\"Organization\",\"@id\":\"https:\/\/www.uhu.es\/etsi\/#organization\",\"name\":\"UHU ETSI\",\"url\":\"https:\/\/www.uhu.es\/etsi\/\",\"logo\":{\"@type\":\"ImageObject\",\"inLanguage\":\"es-ES\",\"@id\":\"https:\/\/www.uhu.es\/etsi\/#\/schema\/logo\/image\/\",\"url\":\"http:\/\/www.uhu.es\/etsi\/wp-content\/uploads\/2016\/02\/membrete_ETSI.jpg\",\"contentUrl\":\"http:\/\/www.uhu.es\/etsi\/wp-content\/uploads\/2016\/02\/membrete_ETSI.jpg\",\"width\":423,\"height\":81,\"caption\":\"UHU ETSI\"},\"image\":{\"@id\":\"https:\/\/www.uhu.es\/etsi\/#\/schema\/logo\/image\/\"}}]}<\/script>\n<!-- \/ Yoast SEO plugin. -->","yoast_head_json":{"title":"Distribuci\u00f3n de cr\u00e9ditos seg\u00fan POD de la UHU - ETSI, UHU","robots":{"index":"index","follow":"follow","max-snippet":"max-snippet:-1","max-image-preview":"max-image-preview:large","max-video-preview":"max-video-preview:-1"},"canonical":"https:\/\/www.uhu.es\/etsi\/distribucion-de-creditos-segun-pod-de-la-uhu\/","og_locale":"es_ES","og_type":"article","og_title":"Distribuci\u00f3n de cr\u00e9ditos seg\u00fan POD de la UHU - ETSI, UHU","og_description":"Los siguientes enlaces solo se podr\u00e1n visualizar con el navegador con Mozilla firefox &nbsp; Grado en Ingenier\u00eda Agr\u00edcola -&gt; pulse ... Read More","og_url":"https:\/\/www.uhu.es\/etsi\/distribucion-de-creditos-segun-pod-de-la-uhu\/","og_site_name":"ETSI, UHU","article_modified_time":"2019-06-11T11:03:03+00:00","twitter_misc":{"Est. reading time":"1 minute"},"schema":{"@context":"https:\/\/schema.org","@graph":[{"@type":"WebPage","@id":"https:\/\/www.uhu.es\/etsi\/distribucion-de-creditos-segun-pod-de-la-uhu\/","url":"https:\/\/www.uhu.es\/etsi\/distribucion-de-creditos-segun-pod-de-la-uhu\/","name":"Distribuci\u00f3n de cr\u00e9ditos seg\u00fan POD de la UHU - ETSI, UHU","isPartOf":{"@id":"https:\/\/www.uhu.es\/etsi\/#website"},"datePublished":"2019-06-11T10:44:30+00:00","dateModified":"2019-06-11T11:03:03+00:00","breadcrumb":{"@id":"https:\/\/www.uhu.es\/etsi\/distribucion-de-creditos-segun-pod-de-la-uhu\/#breadcrumb"},"inLanguage":"es-ES","potentialAction":[{"@type":"ReadAction","target":["https:\/\/www.uhu.es\/etsi\/distribucion-de-creditos-segun-pod-de-la-uhu\/"]}]},{"@type":"BreadcrumbList","@id":"https:\/\/www.uhu.es\/etsi\/distribucion-de-creditos-segun-pod-de-la-uhu\/#breadcrumb","itemListElement":[{"@type":"ListItem","position":1,"name":"Portada","item":"https:\/\/www.uhu.es\/etsi\/"},{"@type":"ListItem","position":2,"name":"Distribuci\u00f3n de cr\u00e9ditos seg\u00fan POD de la UHU"}]},{"@type":"WebSite","@id":"https:\/\/www.uhu.es\/etsi\/#website","url":"https:\/\/www.uhu.es\/etsi\/","name":"ETSI, UHU","description":"Escuela T\u00e9cnica Superior de  Ingenier\u00eda de la Universidad de Huelva","publisher":{"@id":"https:\/\/www.uhu.es\/etsi\/#organization"},"potentialAction":[{"@type":"SearchAction","target":{"@type":"EntryPoint","urlTemplate":"https:\/\/www.uhu.es\/etsi\/?s={search_term_string}"},"query-input":"required name=search_term_string"}],"inLanguage":"es-ES"},{"@type":"Organization","@id":"https:\/\/www.uhu.es\/etsi\/#organization","name":"UHU ETSI","url":"https:\/\/www.uhu.es\/etsi\/","logo":{"@type":"ImageObject","inLanguage":"es-ES","@id":"https:\/\/www.uhu.es\/etsi\/#\/schema\/logo\/image\/","url":"http:\/\/www.uhu.es\/etsi\/wp-content\/uploads\/2016\/02\/membrete_ETSI.jpg","contentUrl":"http:\/\/www.uhu.es\/etsi\/wp-content\/uploads\/2016\/02\/membrete_ETSI.jpg","width":423,"height":81,"caption":"UHU ETSI"},"image":{"@id":"https:\/\/www.uhu.es\/etsi\/#\/schema\/logo\/image\/"}}]}},"_links":{"self":[{"href":"https:\/\/www.uhu.es\/etsi\/wp-json\/wp\/v2\/pages\/17783"}],"collection":[{"href":"https:\/\/www.uhu.es\/etsi\/wp-json\/wp\/v2\/pages"}],"about":[{"href":"https:\/\/www.uhu.es\/etsi\/wp-json\/wp\/v2\/types\/page"}],"author":[{"embeddable":true,"href":"https:\/\/www.uhu.es\/etsi\/wp-json\/wp\/v2\/users\/7"}],"replies":[{"embeddable":true,"href":"https:\/\/www.uhu.es\/etsi\/wp-json\/wp\/v2\/comments?post=17783"}],"version-history":[{"count":18,"href":"https:\/\/www.uhu.es\/etsi\/wp-json\/wp\/v2\/pages\/17783\/revisions"}],"predecessor-version":[{"id":17802,"href":"https:\/\/www.uhu.es\/etsi\/wp-json\/wp\/v2\/pages\/17783\/revisions\/17802"}],"wp:attachment":[{"href":"https:\/\/www.uhu.es\/etsi\/wp-json\/wp\/v2\/media?parent=17783"}],"curies":[{"name":"wp","href":"https:\/\/api.w.org\/{rel}","templated":true}]}}