{"id":17914,"date":"2019-07-15T08:46:47","date_gmt":"2019-07-15T07:46:47","guid":{"rendered":"http:\/\/www.uhu.es\/etsi\/?page_id=17914"},"modified":"2023-03-21T09:34:19","modified_gmt":"2023-03-21T08:34:19","slug":"guia_1920","status":"publish","type":"page","link":"https:\/\/www.uhu.es\/etsi\/informacion-academica\/informacion-comun-todos-los-titulos\/guias-docentes\/guias-docentes-2019-2020\/listado-guias\/guia_1920\/","title":{"rendered":""},"content":{"rendered":"<h3 style='margin-top:-50px; padding:15px;'> &#8211;  &#8211; Curso 2019\/20 <\/h3>\n<div id=\"my-accordion\" class=\"x-accordion\" >\n<div  class=\"x-accordion-group\" ><div class=\"x-accordion-heading\"><a class=\"x-accordion-toggle collapsed\" data-toggle=\"collapse\" data-parent=\"#my-accordion\" href=\"#collapse-1\">Datos de la asignatura <\/a><\/div> <!-- end .x-accordion-heading --><div id=\"collapse-1\" class=\"accordion-body collapse\"><div class=\"x-accordion-inner\">\n<div style=\"min-width:250px;overflow:auto;\">\n<table>\n<tbody>\n<tr>\n<td style=\"background-color: #999999;color : white;\">C\u00f3digo<\/td>\n<td><\/td>\n<td style=\"background-color: #999999;color : white;\">Curso<\/td>\n<td>-1<\/td>\n<td style=\"background-color: #999999;color : white;\">Cuatrimestre<\/td>\n<td><\/td>\n<\/tr>\n<tr>\n<td style=\"background-color: #999999;color : white;\">Cr\u00e9ditos<\/td>\n<td>0<\/td>\n<td style=\"background-color: #999999;color : white;\">Car\u00e1cter<\/td>\n<td colspan=\"3\"><center><\/center><\/td>\n<\/tr>\n<tr>\n<td style=\"background-color: #999999;color : white;\">\u00c1rea y Departamento<\/td>\n<td> &#8211; <\/td>\n<td style=\"background-color: #999999;color : white;\">Denominaci\u00f3n en espa\u00f1ol<\/td>\n<td><\/td>\n<td style=\"background-color: #999999;color : white;\">Denominaci\u00f3n en Ingles<\/td>\n<td><\/td>\n<\/tr>\n<\/tbody>\n<\/table>\n<\/div>\n<\/div> <!-- end .x-accordion-inner --><\/div> <!-- end .x-accordion-body --><\/div> <!-- end .x-accordion-group -->\n<div  class=\"x-accordion-group\" ><div class=\"x-accordion-heading\"><a class=\"x-accordion-toggle collapsed\" data-toggle=\"collapse\" data-parent=\"#my-accordion\" href=\"#collapse-2\">Desglose de cr\u00e9ditos y n\u00famero de horas<\/a><\/div> <!-- end .x-accordion-heading --><div id=\"collapse-2\" class=\"accordion-body collapse\"><div class=\"x-accordion-inner\">\n<div style=\"min-width:250px;overflow:auto;\">\n<table>\n<tbody>\n<tr>\n<th style=\"background-color: #999999;color:white;\">Grupos grandes<\/th>\n<th style=\"background-color: #999999;color : white;\" colspan=\"4\"><center>Grupos reducidos<\/center><\/th>\n<\/tr>\n<tr>\n<th><\/th>\n<th><center>Aula est\u00e1ndar<\/center><\/th>\n<th><center>Laboratorio<\/center><\/th>\n<th><center>Pr\u00e1cticas de campo<\/center><\/th>\n<th><center>Aula de inform\u00e1tica<\/center><\/th>\n<\/tr>\n<tr>\n<td><center><\/center><\/td>\n<td><center><\/center><\/td>\n<td><center><\/center><\/td>\n<td><center><\/center><\/td>\n<td><center><\/center><\/td>\n<\/tr>\n<\/tbody>\n<\/table>\n<p><\/p>\n<table>\n<tbody>\n<tr>\n<th colspan=\"4\">Horas<\/th>\n<\/tr>\n<tr>\n<td style=\"background-color: #999999;color : white; width:25%;\">N\u00famero de horas presenciales<\/td>\n<td style=\"width:25%;\">0<\/td>\n<td style=\"background-color: #999999;color : white;width:25%;\">N\u00famero de horas no presenciales<\/td>\n<td style=\"width:25%;\">0<\/td>\n<\/tr>\n<tr>\n<td style=\"background-color: #999999;color : white;width:25%;\">N\u00famero Total de horas<\/td>\n<td style=\"width:25%\";>0<\/td>\n<\/tr>\n<\/tbody>\n<\/table>\n<\/div>\n<\/div> <!-- end .x-accordion-inner --><\/div> <!-- end .x-accordion-body --><\/div> <!-- end .x-accordion-group -->\n<div  class=\"x-accordion-group\" ><div class=\"x-accordion-heading\"><a class=\"x-accordion-toggle collapsed\" data-toggle=\"collapse\" data-parent=\"#my-accordion\" href=\"#collapse-3\">Profesores que imparten la asignatura<\/a><\/div> <!-- end .x-accordion-heading --><div id=\"collapse-3\" class=\"accordion-body collapse\"><div class=\"x-accordion-inner\">\n<div style=\"min-width:250px;overflow:auto;\">\n<table>\n<tbody>\n<tr>\n<td style=\"background-color: #999999;color : white;\">Nombre<\/td>\n<td style=\"background-color: #999999;color : white;\">Correo<\/td>\n<td style=\"background-color: #999999;color : white;\">Telefono<\/td>\n<td style=\"background-color: #999999;color : white;\">Despacho<\/td>\n<\/tr>\n<tr>\n<td>\n\t\t\t<a href=\"#\" onClick=\"MyWindow=window.open('https:\/\/www.uhu.es\/etsi\/personal-docente-e-investigador\/?id=300','Profesor','width=685, height=700,fullscreen=no,scrollbars=1,top=0, left=0'); return false;\">\t<\/p>\n<p>\t\t\tDe la Villa Cordero, Manuel<\/a><\/td>\n<td>manuel.villa@dti.uhu.es<\/td>\n<td>959217639<\/td>\n<td>Edif. de la ETSI, Planta 1, Dcho. 131<\/td>\n<\/tr>\n<\/tbody>\n<\/table>\n<\/div>\n<\/div> <!-- end .x-accordion-inner --><\/div> <!-- end .x-accordion-body --><\/div> <!-- end .x-accordion-group -->\n<div  class=\"x-accordion-group\" ><div class=\"x-accordion-heading\"><a class=\"x-accordion-toggle collapsed\" data-toggle=\"collapse\" data-parent=\"#my-accordion\" href=\"#collapse-4\">Descripci\u00f3n de contenidos<\/a><\/div> <!-- end .x-accordion-heading --><div id=\"collapse-4\" class=\"accordion-body collapse\"><div class=\"x-accordion-inner\">\n<div style=\"min-width:250px;overflow:auto;\">\n<table>\n<tbody>\n<tr>\n<td style=\"background-color: #999999;color : white;\">Breve Descripci\u00f3n (En Castellano)<\/td>\n<\/tr>\n<tr>\n<td><\/td>\n<\/tr>\n<tr>\n<td style=\"background-color: #999999;color : white;\">Breve Descripci\u00f3n (En Ingl\u00e9s)<\/td>\n<\/tr>\n<tr>\n<td><\/td>\n<\/tr>\n<\/tbody>\n<\/table>\n<\/div>\n<\/div> <!-- end .x-accordion-inner --><\/div> <!-- end .x-accordion-body --><\/div> <!-- end .x-accordion-group -->\n<div  class=\"x-accordion-group\" ><div class=\"x-accordion-heading\"><a class=\"x-accordion-toggle collapsed\" data-toggle=\"collapse\" data-parent=\"#my-accordion\" href=\"#collapse-5\">Recomendaciones<\/a><\/div> <!-- end .x-accordion-heading --><div id=\"collapse-5\" class=\"accordion-body collapse\"><div class=\"x-accordion-inner\">\n<div style=\"min-width:250px;overflow:auto;\">\n<table>\n<tbody>\n<tr>\n<td style=\"background-color: #999999;color : white;\">Contexto dentro de la titulaci\u00f3n<\/td>\n<\/tr>\n<tr>\n<td><\/td>\n<\/tr>\n<tr>\n<td style=\"background-color: #999999;color : white;\">Recomendaciones<\/td>\n<\/tr>\n<tr>\n<td><\/td>\n<\/tr>\n<\/tbody>\n<\/table>\n<\/div>\n<\/div> <!-- end .x-accordion-inner --><\/div> <!-- end .x-accordion-body --><\/div> <!-- end .x-accordion-group -->\n<div  class=\"x-accordion-group\" ><div class=\"x-accordion-heading\"><a class=\"x-accordion-toggle collapsed\" data-toggle=\"collapse\" data-parent=\"#my-accordion\" href=\"#collapse-6\">Objetivos<\/a><\/div> <!-- end .x-accordion-heading --><div id=\"collapse-6\" class=\"accordion-body collapse\"><div class=\"x-accordion-inner\">\n<div style=\"min-width:250px;overflow:auto;\">\n<table>\n<tbody>\n<tr>\n<td style=\"background-color: #999999;color : white;\">Objetivos (Expresados como resultados del aprendizaje)<\/td>\n<\/tr>\n<tr>\n<td><\/td>\n<\/tr>\n<\/tbody>\n<\/table>\n<\/div>\n<\/div> <!-- end .x-accordion-inner --><\/div> <!-- end .x-accordion-body --><\/div> <!-- end .x-accordion-group -->\n<div  class=\"x-accordion-group\" ><div class=\"x-accordion-heading\"><a class=\"x-accordion-toggle collapsed\" data-toggle=\"collapse\" data-parent=\"#my-accordion\" href=\"#collapse-7\">Competencias a adquirir por los estudiantes<\/a><\/div> <!-- end .x-accordion-heading --><div id=\"collapse-7\" class=\"accordion-body collapse\"><div class=\"x-accordion-inner\">\n<div style=\"min-width:250px;overflow:auto;\">\n<table>\n<tbody>\n<tr>\n<td style=\"background-color: #999999;color : white;\">Competencias espec\u00edficas<\/td>\n<\/tr>\n<tr>\n<td>\n<\/td>\n<\/tr>\n<tr>\n<td style=\"background-color: #999999;color : white;\">Competencias b\u00e1sicas, generales o transversales<\/td>\n<\/tr>\n<tr>\n<td>\n<\/td>\n<\/tr>\n<\/tbody>\n<\/table>\n<\/div>\n<\/div> <!-- end .x-accordion-inner --><\/div> <!-- end .x-accordion-body --><\/div> <!-- end .x-accordion-group -->\n<div  class=\"x-accordion-group\" ><div class=\"x-accordion-heading\"><a class=\"x-accordion-toggle collapsed\" data-toggle=\"collapse\" data-parent=\"#my-accordion\" href=\"#collapse-8\">Actividades formativas y metodolog\u00edas docentes<\/a><\/div> <!-- end .x-accordion-heading --><div id=\"collapse-8\" class=\"accordion-body collapse\"><div class=\"x-accordion-inner\">\n<div style=\"min-width:250px;overflow:auto;\">\n<table>\n<tbody>\n<tr>\n<td style=\"background-color: #999999;color : white;\">Actividades formativas<\/td>\n<\/tr>\n<tr>\n<td>\n<\/td>\n<\/tr>\n<tr>\n<td style=\"background-color: #999999;color : white;\">Metodolog\u00edas docentes<\/td>\n<\/tr>\n<tr>\n<td>\n<\/td>\n<\/tr>\n<tr>\n<td style=\"background-color: #999999;color : white;\">Desarrollo y justificaci\u00f3n<\/td>\n<\/tr>\n<tr>\n<td><\/td>\n<\/tr>\n<\/tbody>\n<\/table>\n<\/div>\n<\/div> <!-- end .x-accordion-inner --><\/div> <!-- end .x-accordion-body --><\/div> <!-- end .x-accordion-group -->\n<div  class=\"x-accordion-group\" ><div class=\"x-accordion-heading\"><a class=\"x-accordion-toggle collapsed\" data-toggle=\"collapse\" data-parent=\"#my-accordion\" href=\"#collapse-9\">Temario desarrollado<\/a><\/div> <!-- end .x-accordion-heading --><div id=\"collapse-9\" class=\"accordion-body collapse\"><div class=\"x-accordion-inner\">\n<div style=\"min-width:250px;overflow:auto;\">\n<table>\n<tbody>\n<tr>\n<td style=\"background-color: #999999;color : white;\">Temario desarrollado:<\/td>\n<\/tr>\n<tr>\n<td><\/td>\n<\/tr>\n<\/tbody>\n<\/table>\n<\/div>\n<\/div> <!-- end .x-accordion-inner --><\/div> <!-- end .x-accordion-body --><\/div> <!-- end .x-accordion-group -->\n<div  class=\"x-accordion-group\" ><div class=\"x-accordion-heading\"><a class=\"x-accordion-toggle collapsed\" data-toggle=\"collapse\" data-parent=\"#my-accordion\" href=\"#collapse-10\">Bibliograf\u00eda<\/a><\/div> <!-- end .x-accordion-heading --><div id=\"collapse-10\" class=\"accordion-body collapse\"><div class=\"x-accordion-inner\">\n<div style=\"min-width:250px;overflow:auto;\">\n<table>\n<tbody>\n<tr>\n<td style=\"background-color: #999999;color : white;\"> Bibliograf\u00eda b\u00e1sica<\/td>\n<\/tr>\n<tr>\n<td><\/td>\n<\/tr>\n<tr>\n<td style=\"background-color: #999999;color : white;\"> Bibliograf\u00eda complementaria<\/td>\n<\/tr>\n<tr>\n<td><\/td>\n<\/tr>\n<\/tbody>\n<\/table>\n<\/div>\n<\/div> <!-- end .x-accordion-inner --><\/div> <!-- end .x-accordion-body --><\/div> <!-- end .x-accordion-group -->\n<div  class=\"x-accordion-group\" ><div class=\"x-accordion-heading\"><a class=\"x-accordion-toggle collapsed\" data-toggle=\"collapse\" data-parent=\"#my-accordion\" href=\"#collapse-11\">Sistemas y criterios de evaluaci\u00f3n<\/a><\/div> <!-- end .x-accordion-heading --><div id=\"collapse-11\" class=\"accordion-body collapse\"><div class=\"x-accordion-inner\">\n<div style=\"min-width:250px;overflow:auto;\">\n<table>\n<tbody>\n<tr>\n<td style=\"background-color: #999999;color : white;\">Sistemas de evaluaci\u00f3n<\/td>\n<\/tr>\n<tr>\n<td><\/td>\n<\/tr>\n<tr>\n<td style=\"background-color: #999999;color : white;\">Criterios de evaluaci\u00f3n y calificaci\u00f3n<\/td>\n<\/tr>\n<tr>\n<td><\/td>\n<\/tr>\n<\/tbody>\n<\/table>\n<\/div>\n<\/div> <!-- end .x-accordion-inner --><\/div> <!-- end .x-accordion-body --><\/div> <!-- end .x-accordion-group -->\n<div  class=\"x-accordion-group\" ><div class=\"x-accordion-heading\"><a class=\"x-accordion-toggle collapsed\" data-toggle=\"collapse\" data-parent=\"#my-accordion\" href=\"#collapse-12\">Organizaci\u00f3n docente semanal orientativa<\/a><\/div> <!-- end .x-accordion-heading --><div id=\"collapse-12\" class=\"accordion-body collapse\"><div class=\"x-accordion-inner\">\n<div style=\"min-width:250px;overflow:auto;\">\n<table>\n<tbody>\n<tr>\n<td style=\"background-color: #999999;color : white;\" colspan=\"8\">Tabla de organizaci\u00f3n docente semanal orientativa<\/td>\n<\/tr>\n<tr>\n<th>Semana<\/th>\n<th>Horas de grupos grandes<\/th>\n<th>Aula est\u00e1ndar<\/th>\n<th>Aula de inform\u00e1tica<\/th>\n<th>Laboratorio<\/th>\n<th>Pr\u00e1cticas de campo<\/th>\n<th>Pruebas y\/o actividades evaluables<\/th>\n<th>Contenido desarrollado<\/th>\n<\/tr>\n<tr>\n<td>1<\/td>\n<td>0<\/td>\n<td>0<\/td>\n<td>0<\/td>\n<td>0<\/td>\n<td>0<\/td>\n<td><\/td>\n<td><\/td>\n<\/tr>\n<tr>\n<td>2<\/td>\n<td>0<\/td>\n<td>0<\/td>\n<td>0<\/td>\n<td>0<\/td>\n<td>0<\/td>\n<td><\/td>\n<td><\/td>\n<\/tr>\n<tr>\n<td>3<\/td>\n<td>0<\/td>\n<td>0<\/td>\n<td>0<\/td>\n<td>0<\/td>\n<td>0<\/td>\n<td><\/td>\n<td><\/td>\n<\/tr>\n<tr>\n<td>4<\/td>\n<td>0<\/td>\n<td>0<\/td>\n<td>0<\/td>\n<td>0<\/td>\n<td>0<\/td>\n<td><\/td>\n<td><\/td>\n<\/tr>\n<tr>\n<td>5<\/td>\n<td>0<\/td>\n<td>0<\/td>\n<td>0<\/td>\n<td>0<\/td>\n<td>0<\/td>\n<td><\/td>\n<td><\/td>\n<\/tr>\n<tr>\n<td>6<\/td>\n<td>0<\/td>\n<td>0<\/td>\n<td>0<\/td>\n<td>0<\/td>\n<td>0<\/td>\n<td><\/td>\n<td><\/td>\n<\/tr>\n<tr>\n<td>7<\/td>\n<td>0<\/td>\n<td>0<\/td>\n<td>0<\/td>\n<td>0<\/td>\n<td>0<\/td>\n<td><\/td>\n<td><\/td>\n<\/tr>\n<tr>\n<td>8<\/td>\n<td>0<\/td>\n<td>0<\/td>\n<td>0<\/td>\n<td>0<\/td>\n<td>0<\/td>\n<td><\/td>\n<td><\/td>\n<\/tr>\n<tr>\n<td>9<\/td>\n<td>0<\/td>\n<td>0<\/td>\n<td>0<\/td>\n<td>0<\/td>\n<td>0<\/td>\n<td><\/td>\n<td><\/td>\n<\/tr>\n<tr>\n<td>10<\/td>\n<td>0<\/td>\n<td>0<\/td>\n<td>0<\/td>\n<td>0<\/td>\n<td>0<\/td>\n<td><\/td>\n<td><\/td>\n<\/tr>\n<tr>\n<td>11<\/td>\n<td>0<\/td>\n<td>0<\/td>\n<td>0<\/td>\n<td>0<\/td>\n<td>0<\/td>\n<td><\/td>\n<td><\/td>\n<\/tr>\n<tr>\n<td>12<\/td>\n<td>0<\/td>\n<td>0<\/td>\n<td>0<\/td>\n<td>0<\/td>\n<td>0<\/td>\n<td><\/td>\n<td><\/td>\n<\/tr>\n<tr>\n<td>13<\/td>\n<td>0<\/td>\n<td>0<\/td>\n<td>0<\/td>\n<td>0<\/td>\n<td>0<\/td>\n<td><\/td>\n<td><\/td>\n<\/tr>\n<tr>\n<td>14<\/td>\n<td>0<\/td>\n<td>0<\/td>\n<td>0<\/td>\n<td>0<\/td>\n<td>0<\/td>\n<td><\/td>\n<td><\/td>\n<\/tr>\n<tr>\n<td>15<\/td>\n<td>0<\/td>\n<td>0<\/td>\n<td>0<\/td>\n<td>0<\/td>\n<td>0<\/td>\n<td><\/td>\n<td><\/td>\n<\/tr>\n<tr>\n<td>Total:<\/td>\n<td>0<\/td>\n<td>0<\/td>\n<td>0<\/td>\n<td>0<\/td>\n<td>0<\/td>\n<td><\/td>\n<td><\/td>\n<\/tr>\n<\/tbody>\n<\/table>\n<\/div>\n<\/div> <!-- end .x-accordion-inner --><\/div> <!-- end .x-accordion-body --><\/div> <!-- end .x-accordion-group -->\n<\/div>\n","protected":false},"excerpt":{"rendered":"<p>&#8211; &#8211; Curso 2019\/20<\/p>\n","protected":false},"author":7,"featured_media":0,"parent":17905,"menu_order":0,"comment_status":"closed","ping_status":"closed","template":"template-layout-full-width.php","meta":[],"yoast_head":"<!-- This site is optimized with the Yoast SEO plugin v20.2.1 - https:\/\/yoast.com\/wordpress\/plugins\/seo\/ -->\n<title>- ETSI, UHU<\/title>\n<meta name=\"robots\" content=\"index, follow, max-snippet:-1, max-image-preview:large, max-video-preview:-1\" \/>\n<link rel=\"canonical\" href=\"https:\/\/www.uhu.es\/etsi\/informacion-academica\/informacion-comun-todos-los-titulos\/guias-docentes\/guias-docentes-2019-2020\/listado-guias\/guia_1920\/\" \/>\n<meta property=\"og:locale\" content=\"es_ES\" \/>\n<meta property=\"og:type\" content=\"article\" \/>\n<meta property=\"og:title\" content=\"- ETSI, UHU\" \/>\n<meta property=\"og:description\" content=\"&#8211; &#8211; Curso 2019\/20\" \/>\n<meta property=\"og:url\" content=\"https:\/\/www.uhu.es\/etsi\/informacion-academica\/informacion-comun-todos-los-titulos\/guias-docentes\/guias-docentes-2019-2020\/listado-guias\/guia_1920\/\" \/>\n<meta property=\"og:site_name\" content=\"ETSI, UHU\" \/>\n<meta property=\"article:modified_time\" content=\"2023-03-21T08:34:19+00:00\" \/>\n<meta name=\"twitter:label1\" content=\"Est. reading time\" \/>\n\t<meta name=\"twitter:data1\" content=\"2 minutes\" \/>\n<script type=\"application\/ld+json\" class=\"yoast-schema-graph\">{\"@context\":\"https:\/\/schema.org\",\"@graph\":[{\"@type\":\"WebPage\",\"@id\":\"https:\/\/www.uhu.es\/etsi\/informacion-academica\/informacion-comun-todos-los-titulos\/guias-docentes\/guias-docentes-2019-2020\/listado-guias\/guia_1920\/\",\"url\":\"https:\/\/www.uhu.es\/etsi\/informacion-academica\/informacion-comun-todos-los-titulos\/guias-docentes\/guias-docentes-2019-2020\/listado-guias\/guia_1920\/\",\"name\":\"- ETSI, UHU\",\"isPartOf\":{\"@id\":\"https:\/\/www.uhu.es\/etsi\/#website\"},\"datePublished\":\"2019-07-15T07:46:47+00:00\",\"dateModified\":\"2023-03-21T08:34:19+00:00\",\"breadcrumb\":{\"@id\":\"https:\/\/www.uhu.es\/etsi\/informacion-academica\/informacion-comun-todos-los-titulos\/guias-docentes\/guias-docentes-2019-2020\/listado-guias\/guia_1920\/#breadcrumb\"},\"inLanguage\":\"es-ES\",\"potentialAction\":[{\"@type\":\"ReadAction\",\"target\":[\"https:\/\/www.uhu.es\/etsi\/informacion-academica\/informacion-comun-todos-los-titulos\/guias-docentes\/guias-docentes-2019-2020\/listado-guias\/guia_1920\/\"]}]},{\"@type\":\"BreadcrumbList\",\"@id\":\"https:\/\/www.uhu.es\/etsi\/informacion-academica\/informacion-comun-todos-los-titulos\/guias-docentes\/guias-docentes-2019-2020\/listado-guias\/guia_1920\/#breadcrumb\",\"itemListElement\":[{\"@type\":\"ListItem\",\"position\":1,\"name\":\"Portada\",\"item\":\"https:\/\/www.uhu.es\/etsi\/\"},{\"@type\":\"ListItem\",\"position\":2,\"name\":\"Informaci\u00f3n Acad\u00e9mica\",\"item\":\"https:\/\/www.uhu.es\/etsi\/informacion-academica\/\"},{\"@type\":\"ListItem\",\"position\":3,\"name\":\"Informaci\u00f3n Com\u00fan a todos los T\u00edtulos\",\"item\":\"https:\/\/www.uhu.es\/etsi\/informacion-academica\/informacion-comun-todos-los-titulos\/\"},{\"@type\":\"ListItem\",\"position\":4,\"name\":\"Gu\u00edas Docentes\",\"item\":\"https:\/\/www.uhu.es\/etsi\/informacion-academica\/informacion-comun-todos-los-titulos\/guias-docentes\/\"},{\"@type\":\"ListItem\",\"position\":5,\"name\":\"Gu\u00edas Docentes \u2014 Curso 2019-2020\",\"item\":\"https:\/\/www.uhu.es\/etsi\/informacion-academica\/informacion-comun-todos-los-titulos\/guias-docentes\/guias-docentes-2019-2020\/\"},{\"@type\":\"ListItem\",\"position\":6,\"name\":\"Listado de Gu\u00edas\",\"item\":\"https:\/\/www.uhu.es\/etsi\/informacion-academica\/informacion-comun-todos-los-titulos\/guias-docentes\/guias-docentes-2019-2020\/listado-guias\/\"}]},{\"@type\":\"WebSite\",\"@id\":\"https:\/\/www.uhu.es\/etsi\/#website\",\"url\":\"https:\/\/www.uhu.es\/etsi\/\",\"name\":\"ETSI, UHU\",\"description\":\"Escuela T\u00e9cnica Superior de  Ingenier\u00eda de la Universidad de Huelva\",\"publisher\":{\"@id\":\"https:\/\/www.uhu.es\/etsi\/#organization\"},\"potentialAction\":[{\"@type\":\"SearchAction\",\"target\":{\"@type\":\"EntryPoint\",\"urlTemplate\":\"https:\/\/www.uhu.es\/etsi\/?s={search_term_string}\"},\"query-input\":\"required name=search_term_string\"}],\"inLanguage\":\"es-ES\"},{\"@type\":\"Organization\",\"@id\":\"https:\/\/www.uhu.es\/etsi\/#organization\",\"name\":\"UHU ETSI\",\"url\":\"https:\/\/www.uhu.es\/etsi\/\",\"logo\":{\"@type\":\"ImageObject\",\"inLanguage\":\"es-ES\",\"@id\":\"https:\/\/www.uhu.es\/etsi\/#\/schema\/logo\/image\/\",\"url\":\"http:\/\/www.uhu.es\/etsi\/wp-content\/uploads\/2016\/02\/membrete_ETSI.jpg\",\"contentUrl\":\"http:\/\/www.uhu.es\/etsi\/wp-content\/uploads\/2016\/02\/membrete_ETSI.jpg\",\"width\":423,\"height\":81,\"caption\":\"UHU ETSI\"},\"image\":{\"@id\":\"https:\/\/www.uhu.es\/etsi\/#\/schema\/logo\/image\/\"}}]}<\/script>\n<!-- \/ Yoast SEO plugin. -->","yoast_head_json":{"title":"- ETSI, UHU","robots":{"index":"index","follow":"follow","max-snippet":"max-snippet:-1","max-image-preview":"max-image-preview:large","max-video-preview":"max-video-preview:-1"},"canonical":"https:\/\/www.uhu.es\/etsi\/informacion-academica\/informacion-comun-todos-los-titulos\/guias-docentes\/guias-docentes-2019-2020\/listado-guias\/guia_1920\/","og_locale":"es_ES","og_type":"article","og_title":"- ETSI, UHU","og_description":"&#8211; &#8211; Curso 2019\/20","og_url":"https:\/\/www.uhu.es\/etsi\/informacion-academica\/informacion-comun-todos-los-titulos\/guias-docentes\/guias-docentes-2019-2020\/listado-guias\/guia_1920\/","og_site_name":"ETSI, UHU","article_modified_time":"2023-03-21T08:34:19+00:00","twitter_misc":{"Est. reading time":"2 minutes"},"schema":{"@context":"https:\/\/schema.org","@graph":[{"@type":"WebPage","@id":"https:\/\/www.uhu.es\/etsi\/informacion-academica\/informacion-comun-todos-los-titulos\/guias-docentes\/guias-docentes-2019-2020\/listado-guias\/guia_1920\/","url":"https:\/\/www.uhu.es\/etsi\/informacion-academica\/informacion-comun-todos-los-titulos\/guias-docentes\/guias-docentes-2019-2020\/listado-guias\/guia_1920\/","name":"- ETSI, UHU","isPartOf":{"@id":"https:\/\/www.uhu.es\/etsi\/#website"},"datePublished":"2019-07-15T07:46:47+00:00","dateModified":"2023-03-21T08:34:19+00:00","breadcrumb":{"@id":"https:\/\/www.uhu.es\/etsi\/informacion-academica\/informacion-comun-todos-los-titulos\/guias-docentes\/guias-docentes-2019-2020\/listado-guias\/guia_1920\/#breadcrumb"},"inLanguage":"es-ES","potentialAction":[{"@type":"ReadAction","target":["https:\/\/www.uhu.es\/etsi\/informacion-academica\/informacion-comun-todos-los-titulos\/guias-docentes\/guias-docentes-2019-2020\/listado-guias\/guia_1920\/"]}]},{"@type":"BreadcrumbList","@id":"https:\/\/www.uhu.es\/etsi\/informacion-academica\/informacion-comun-todos-los-titulos\/guias-docentes\/guias-docentes-2019-2020\/listado-guias\/guia_1920\/#breadcrumb","itemListElement":[{"@type":"ListItem","position":1,"name":"Portada","item":"https:\/\/www.uhu.es\/etsi\/"},{"@type":"ListItem","position":2,"name":"Informaci\u00f3n Acad\u00e9mica","item":"https:\/\/www.uhu.es\/etsi\/informacion-academica\/"},{"@type":"ListItem","position":3,"name":"Informaci\u00f3n Com\u00fan a todos los T\u00edtulos","item":"https:\/\/www.uhu.es\/etsi\/informacion-academica\/informacion-comun-todos-los-titulos\/"},{"@type":"ListItem","position":4,"name":"Gu\u00edas Docentes","item":"https:\/\/www.uhu.es\/etsi\/informacion-academica\/informacion-comun-todos-los-titulos\/guias-docentes\/"},{"@type":"ListItem","position":5,"name":"Gu\u00edas Docentes \u2014 Curso 2019-2020","item":"https:\/\/www.uhu.es\/etsi\/informacion-academica\/informacion-comun-todos-los-titulos\/guias-docentes\/guias-docentes-2019-2020\/"},{"@type":"ListItem","position":6,"name":"Listado de Gu\u00edas","item":"https:\/\/www.uhu.es\/etsi\/informacion-academica\/informacion-comun-todos-los-titulos\/guias-docentes\/guias-docentes-2019-2020\/listado-guias\/"}]},{"@type":"WebSite","@id":"https:\/\/www.uhu.es\/etsi\/#website","url":"https:\/\/www.uhu.es\/etsi\/","name":"ETSI, UHU","description":"Escuela T\u00e9cnica Superior de  Ingenier\u00eda de la Universidad de Huelva","publisher":{"@id":"https:\/\/www.uhu.es\/etsi\/#organization"},"potentialAction":[{"@type":"SearchAction","target":{"@type":"EntryPoint","urlTemplate":"https:\/\/www.uhu.es\/etsi\/?s={search_term_string}"},"query-input":"required name=search_term_string"}],"inLanguage":"es-ES"},{"@type":"Organization","@id":"https:\/\/www.uhu.es\/etsi\/#organization","name":"UHU ETSI","url":"https:\/\/www.uhu.es\/etsi\/","logo":{"@type":"ImageObject","inLanguage":"es-ES","@id":"https:\/\/www.uhu.es\/etsi\/#\/schema\/logo\/image\/","url":"http:\/\/www.uhu.es\/etsi\/wp-content\/uploads\/2016\/02\/membrete_ETSI.jpg","contentUrl":"http:\/\/www.uhu.es\/etsi\/wp-content\/uploads\/2016\/02\/membrete_ETSI.jpg","width":423,"height":81,"caption":"UHU ETSI"},"image":{"@id":"https:\/\/www.uhu.es\/etsi\/#\/schema\/logo\/image\/"}}]}},"_links":{"self":[{"href":"https:\/\/www.uhu.es\/etsi\/wp-json\/wp\/v2\/pages\/17914"}],"collection":[{"href":"https:\/\/www.uhu.es\/etsi\/wp-json\/wp\/v2\/pages"}],"about":[{"href":"https:\/\/www.uhu.es\/etsi\/wp-json\/wp\/v2\/types\/page"}],"author":[{"embeddable":true,"href":"https:\/\/www.uhu.es\/etsi\/wp-json\/wp\/v2\/users\/7"}],"replies":[{"embeddable":true,"href":"https:\/\/www.uhu.es\/etsi\/wp-json\/wp\/v2\/comments?post=17914"}],"version-history":[{"count":6,"href":"https:\/\/www.uhu.es\/etsi\/wp-json\/wp\/v2\/pages\/17914\/revisions"}],"predecessor-version":[{"id":22922,"href":"https:\/\/www.uhu.es\/etsi\/wp-json\/wp\/v2\/pages\/17914\/revisions\/22922"}],"up":[{"embeddable":true,"href":"https:\/\/www.uhu.es\/etsi\/wp-json\/wp\/v2\/pages\/17905"}],"wp:attachment":[{"href":"https:\/\/www.uhu.es\/etsi\/wp-json\/wp\/v2\/media?parent=17914"}],"curies":[{"name":"wp","href":"https:\/\/api.w.org\/{rel}","templated":true}]}}