{"id":18777,"date":"2020-01-14T10:52:06","date_gmt":"2020-01-14T09:52:06","guid":{"rendered":"http:\/\/www.uhu.es\/etsi\/?page_id=18777"},"modified":"2024-02-09T11:56:48","modified_gmt":"2024-02-09T10:56:48","slug":"cursos-de-colegios-profesionales","status":"publish","type":"page","link":"https:\/\/www.uhu.es\/etsi\/cursos-de-colegios-profesionales\/","title":{"rendered":"Aspectos Profesionales de la Ingenier\u00eda"},"content":{"rendered":"<p><center><div  class=\"x-alert x-alert-ATENCI\u00d3N x-alert-block\" ><strong><a href=\"https:\/\/www.uhu.es\/etsi\/cursos_profesionales\/inscripcion.php\"><span style=\"font-size: 14pt;\">Inscripci\u00f3n<\/span><\/a><\/strong><!--\n\n\n<h3 style=\"color: red;\"><a>Cerrado<\/a><\/h3>\n\n\nEnlace a poner arriba : https:\/\/www.uhu.es\/etsi\/cursos_profesionales\/inscripcion.php--><\/div><\/center><span style=\"font-size: 14pt;\">Con el objetivo en mente de ampliar la formaci\u00f3n de los estudiantes de la Escuela T\u00e9cnica Superior de Ingenier\u00eda de la UHU, se proponen el curso <strong>Aspectos Profesionales sobre Ingenier\u00eda<\/strong>. La finalidad fundamental de este curso es que los futuros graduados adquieran las competencias necesarias para ejercer la profesi\u00f3n de Ingeniero T\u00e9cnico seg\u00fan los criterios m\u00e1s aceptados y de acuerdo con lo regulado en la normativa aplicable, entendiendo como competencias el conjunto, identificable y evaluable de conocimientos, actitudes, valores, habilidades y destrezas, relacionados entre s\u00ed, que permitir\u00e1n al estudiante el ejercicio de la actividad profesional conforme a las exigencias y est\u00e1ndares utilizados en el \u00e1rea profesional correspondiente.<\/span><\/p>\n<p>&nbsp;<\/p>\n<p><span style=\"font-size: 14pt;\">Este curso que tiene una carga de 3 cr\u00e9ditos, se impartir\u00e1 por profesorado especializado bajo el amparo de la ETSI y del siguiente Colegio profesional:<\/span><\/p>\n<ul>\n<li><span style=\"font-size: 14pt;\">Colegio Oficial de Ingenieros T\u00e9cnicos Forestales y Graduados en Ingenier\u00eda Forestal y del Medio Natural.<\/span><\/li>\n<\/ul>\n<p><span style=\"font-size: 14pt;\">Los requisitos para poder matricularse del curso es tener superados al menos el 60% del total de cr\u00e9ditos de la titulaci\u00f3n. Este curso ser\u00e1 gratuito y se podr\u00e1 reconocer a posteriori en la Secretar\u00eda de la ETSI.<\/span><\/p>\n<hr \/>\n<p>&nbsp;<\/p>\n<p><center><span style=\"font-size: 25pt;\">Informaci\u00f3n relativa al curso:<\/span><\/center><span style=\"font-size: 14pt;\"><strong>Fechas<\/strong><\/span><\/p>\n<ul>\n<li style=\"list-style-type: none;\">\n<ul>\n<li style=\"list-style-type: none;\">\n<ul><!--\n \t\n\n<li><span style=\"font-size: 14pt;\">Periodo de inscripci\u00f3n Ampliado: del 22 de marzo hasta el 4 de abril.<\/span><\/li>\n\n\n--><\/ul>\n<\/li>\n<\/ul>\n<\/li>\n<\/ul>\n<p><!--\n \t\n\n<li><span style=\"font-size: 14pt;\">Periodo de la acci\u00f3n formativa (7,5 semanas a 3 horas semanales)<\/span><\/li>\n\n\n--><\/p>\n<ul>\n<li><span style=\"font-size: 14pt;\">Periodo de inscripci\u00f3n: del 12 al 29 de febrero de 2024.<\/span><\/li>\n<li><span style=\"font-size: 14pt;\">Comienzo curso: del 6 de marzo al 8 de mayo de 2024.<\/span><\/li>\n<\/ul>\n<p><!--<span style=\"font-size: 14pt;\">Comienzo curso: desde la semana del 21 de marzo (semana 3) hasta la semana del 20 de mayo(semana 10).<\/span>--><\/p>\n<p><!--<span style=\"font-size: 14pt;\"><strong>Horarios y aulas<\/strong><\/span>--><br \/>\n<span style=\"font-size: 14pt;\"><strong>Horarios<\/strong><\/span><\/p>\n<ul>\n<li><span style=\"font-size: 14pt;\">Mi\u00e9rcoles de 17:00 &#8211; 20:00 h, excepto la \u00faltima semana que ser\u00e1 de 17:00 &#8211; 18:30 h<\/span><\/li>\n<\/ul>\n<p><span style=\"font-size: 14pt;\"><strong>Correos Contactos Colegios para curso:<\/strong><\/span><\/p>\n<ul style=\"list-style-type: disc;\">\n<li style=\"text-align: justify; line-height: 150%;\"><span style=\"font-size: 14pt;\"><strong style=\"mso-bidi-font-weight: normal;\">Colegio Forestales<\/strong>: <\/span><a href=\"mailto:andalucia@forestales.net\"><span style=\"text-decoration: none; text-underline: none;\"><span style=\"font-size: 14pt;\">andalucia@forestales.net<\/span><\/span><\/a><\/li>\n<\/ul>\n<p><a href=\"https:\/\/www.uhu.es\/etsi\/wp-content\/uploads\/2024\/02\/7-Folleto_Aspectos_Profesionales_rev_1_page-0001.jpg\"><img decoding=\"async\" loading=\"lazy\" class=\"alignnone size-full wp-image-23815\" src=\"https:\/\/www.uhu.es\/etsi\/wp-content\/uploads\/2024\/02\/7-Folleto_Aspectos_Profesionales_rev_1_page-0001.jpg\" alt=\"\" width=\"1755\" height=\"1241\" srcset=\"https:\/\/www.uhu.es\/etsi\/wp-content\/uploads\/2024\/02\/7-Folleto_Aspectos_Profesionales_rev_1_page-0001.jpg 1755w, https:\/\/www.uhu.es\/etsi\/wp-content\/uploads\/2024\/02\/7-Folleto_Aspectos_Profesionales_rev_1_page-0001-300x212.jpg 300w, https:\/\/www.uhu.es\/etsi\/wp-content\/uploads\/2024\/02\/7-Folleto_Aspectos_Profesionales_rev_1_page-0001-1024x724.jpg 1024w, https:\/\/www.uhu.es\/etsi\/wp-content\/uploads\/2024\/02\/7-Folleto_Aspectos_Profesionales_rev_1_page-0001-768x543.jpg 768w, https:\/\/www.uhu.es\/etsi\/wp-content\/uploads\/2024\/02\/7-Folleto_Aspectos_Profesionales_rev_1_page-0001-1536x1086.jpg 1536w, https:\/\/www.uhu.es\/etsi\/wp-content\/uploads\/2024\/02\/7-Folleto_Aspectos_Profesionales_rev_1_page-0001-100x71.jpg 100w, https:\/\/www.uhu.es\/etsi\/wp-content\/uploads\/2024\/02\/7-Folleto_Aspectos_Profesionales_rev_1_page-0001-862x610.jpg 862w, https:\/\/www.uhu.es\/etsi\/wp-content\/uploads\/2024\/02\/7-Folleto_Aspectos_Profesionales_rev_1_page-0001-1200x849.jpg 1200w, https:\/\/www.uhu.es\/etsi\/wp-content\/uploads\/2024\/02\/7-Folleto_Aspectos_Profesionales_rev_1_page-0001-846x598.jpg 846w, https:\/\/www.uhu.es\/etsi\/wp-content\/uploads\/2024\/02\/7-Folleto_Aspectos_Profesionales_rev_1_page-0001-1184x837.jpg 1184w\" sizes=\"(max-width: 1755px) 100vw, 1755px\" \/><\/a><\/p>\n<p>&nbsp;<\/p>\n","protected":false},"excerpt":{"rendered":"<p>Con el objetivo en mente de ampliar la formaci\u00f3n de los estudiantes de la Escuela T\u00e9cnica Superior de Ingenier\u00eda de &#8230; <\/p>\n<div><a href=\"https:\/\/www.uhu.es\/etsi\/cursos-de-colegios-profesionales\/\" class=\"more-link\">Read More<\/a><\/div>\n","protected":false},"author":7,"featured_media":0,"parent":0,"menu_order":0,"comment_status":"closed","ping_status":"closed","template":"template-layout-full-width.php","meta":[],"yoast_head":"<!-- This site is optimized with the Yoast SEO plugin v20.2.1 - https:\/\/yoast.com\/wordpress\/plugins\/seo\/ -->\n<title>Aspectos Profesionales de la Ingenier\u00eda - ETSI, UHU<\/title>\n<meta name=\"robots\" content=\"index, follow, max-snippet:-1, max-image-preview:large, max-video-preview:-1\" \/>\n<link rel=\"canonical\" href=\"https:\/\/www.uhu.es\/etsi\/cursos-de-colegios-profesionales\/\" \/>\n<meta property=\"og:locale\" content=\"es_ES\" \/>\n<meta property=\"og:type\" content=\"article\" \/>\n<meta property=\"og:title\" content=\"Aspectos Profesionales de la Ingenier\u00eda - ETSI, UHU\" \/>\n<meta property=\"og:description\" content=\"Con el objetivo en mente de ampliar la formaci\u00f3n de los estudiantes de la Escuela T\u00e9cnica Superior de Ingenier\u00eda de ... Read More\" \/>\n<meta property=\"og:url\" content=\"https:\/\/www.uhu.es\/etsi\/cursos-de-colegios-profesionales\/\" \/>\n<meta property=\"og:site_name\" content=\"ETSI, UHU\" \/>\n<meta property=\"article:modified_time\" content=\"2024-02-09T10:56:48+00:00\" \/>\n<meta property=\"og:image\" content=\"https:\/\/www.uhu.es\/etsi\/wp-content\/uploads\/2024\/02\/7-Folleto_Aspectos_Profesionales_rev_1_page-0001.jpg\" \/>\n<meta name=\"twitter:label1\" content=\"Est. reading time\" \/>\n\t<meta name=\"twitter:data1\" content=\"2 minutes\" \/>\n<script type=\"application\/ld+json\" class=\"yoast-schema-graph\">{\"@context\":\"https:\/\/schema.org\",\"@graph\":[{\"@type\":\"WebPage\",\"@id\":\"https:\/\/www.uhu.es\/etsi\/cursos-de-colegios-profesionales\/\",\"url\":\"https:\/\/www.uhu.es\/etsi\/cursos-de-colegios-profesionales\/\",\"name\":\"Aspectos Profesionales de la Ingenier\u00eda - ETSI, UHU\",\"isPartOf\":{\"@id\":\"https:\/\/www.uhu.es\/etsi\/#website\"},\"datePublished\":\"2020-01-14T09:52:06+00:00\",\"dateModified\":\"2024-02-09T10:56:48+00:00\",\"breadcrumb\":{\"@id\":\"https:\/\/www.uhu.es\/etsi\/cursos-de-colegios-profesionales\/#breadcrumb\"},\"inLanguage\":\"es-ES\",\"potentialAction\":[{\"@type\":\"ReadAction\",\"target\":[\"https:\/\/www.uhu.es\/etsi\/cursos-de-colegios-profesionales\/\"]}]},{\"@type\":\"BreadcrumbList\",\"@id\":\"https:\/\/www.uhu.es\/etsi\/cursos-de-colegios-profesionales\/#breadcrumb\",\"itemListElement\":[{\"@type\":\"ListItem\",\"position\":1,\"name\":\"Portada\",\"item\":\"https:\/\/www.uhu.es\/etsi\/\"},{\"@type\":\"ListItem\",\"position\":2,\"name\":\"Aspectos Profesionales de la Ingenier\u00eda\"}]},{\"@type\":\"WebSite\",\"@id\":\"https:\/\/www.uhu.es\/etsi\/#website\",\"url\":\"https:\/\/www.uhu.es\/etsi\/\",\"name\":\"ETSI, UHU\",\"description\":\"Escuela T\u00e9cnica Superior de  Ingenier\u00eda de la Universidad de Huelva\",\"publisher\":{\"@id\":\"https:\/\/www.uhu.es\/etsi\/#organization\"},\"potentialAction\":[{\"@type\":\"SearchAction\",\"target\":{\"@type\":\"EntryPoint\",\"urlTemplate\":\"https:\/\/www.uhu.es\/etsi\/?s={search_term_string}\"},\"query-input\":\"required name=search_term_string\"}],\"inLanguage\":\"es-ES\"},{\"@type\":\"Organization\",\"@id\":\"https:\/\/www.uhu.es\/etsi\/#organization\",\"name\":\"UHU ETSI\",\"url\":\"https:\/\/www.uhu.es\/etsi\/\",\"logo\":{\"@type\":\"ImageObject\",\"inLanguage\":\"es-ES\",\"@id\":\"https:\/\/www.uhu.es\/etsi\/#\/schema\/logo\/image\/\",\"url\":\"http:\/\/www.uhu.es\/etsi\/wp-content\/uploads\/2016\/02\/membrete_ETSI.jpg\",\"contentUrl\":\"http:\/\/www.uhu.es\/etsi\/wp-content\/uploads\/2016\/02\/membrete_ETSI.jpg\",\"width\":423,\"height\":81,\"caption\":\"UHU ETSI\"},\"image\":{\"@id\":\"https:\/\/www.uhu.es\/etsi\/#\/schema\/logo\/image\/\"}}]}<\/script>\n<!-- \/ Yoast SEO plugin. -->","yoast_head_json":{"title":"Aspectos Profesionales de la Ingenier\u00eda - ETSI, UHU","robots":{"index":"index","follow":"follow","max-snippet":"max-snippet:-1","max-image-preview":"max-image-preview:large","max-video-preview":"max-video-preview:-1"},"canonical":"https:\/\/www.uhu.es\/etsi\/cursos-de-colegios-profesionales\/","og_locale":"es_ES","og_type":"article","og_title":"Aspectos Profesionales de la Ingenier\u00eda - ETSI, UHU","og_description":"Con el objetivo en mente de ampliar la formaci\u00f3n de los estudiantes de la Escuela T\u00e9cnica Superior de Ingenier\u00eda de ... Read More","og_url":"https:\/\/www.uhu.es\/etsi\/cursos-de-colegios-profesionales\/","og_site_name":"ETSI, UHU","article_modified_time":"2024-02-09T10:56:48+00:00","og_image":[{"url":"https:\/\/www.uhu.es\/etsi\/wp-content\/uploads\/2024\/02\/7-Folleto_Aspectos_Profesionales_rev_1_page-0001.jpg"}],"twitter_misc":{"Est. reading time":"2 minutes"},"schema":{"@context":"https:\/\/schema.org","@graph":[{"@type":"WebPage","@id":"https:\/\/www.uhu.es\/etsi\/cursos-de-colegios-profesionales\/","url":"https:\/\/www.uhu.es\/etsi\/cursos-de-colegios-profesionales\/","name":"Aspectos Profesionales de la Ingenier\u00eda - ETSI, UHU","isPartOf":{"@id":"https:\/\/www.uhu.es\/etsi\/#website"},"datePublished":"2020-01-14T09:52:06+00:00","dateModified":"2024-02-09T10:56:48+00:00","breadcrumb":{"@id":"https:\/\/www.uhu.es\/etsi\/cursos-de-colegios-profesionales\/#breadcrumb"},"inLanguage":"es-ES","potentialAction":[{"@type":"ReadAction","target":["https:\/\/www.uhu.es\/etsi\/cursos-de-colegios-profesionales\/"]}]},{"@type":"BreadcrumbList","@id":"https:\/\/www.uhu.es\/etsi\/cursos-de-colegios-profesionales\/#breadcrumb","itemListElement":[{"@type":"ListItem","position":1,"name":"Portada","item":"https:\/\/www.uhu.es\/etsi\/"},{"@type":"ListItem","position":2,"name":"Aspectos Profesionales de la Ingenier\u00eda"}]},{"@type":"WebSite","@id":"https:\/\/www.uhu.es\/etsi\/#website","url":"https:\/\/www.uhu.es\/etsi\/","name":"ETSI, UHU","description":"Escuela T\u00e9cnica Superior de  Ingenier\u00eda de la Universidad de Huelva","publisher":{"@id":"https:\/\/www.uhu.es\/etsi\/#organization"},"potentialAction":[{"@type":"SearchAction","target":{"@type":"EntryPoint","urlTemplate":"https:\/\/www.uhu.es\/etsi\/?s={search_term_string}"},"query-input":"required name=search_term_string"}],"inLanguage":"es-ES"},{"@type":"Organization","@id":"https:\/\/www.uhu.es\/etsi\/#organization","name":"UHU ETSI","url":"https:\/\/www.uhu.es\/etsi\/","logo":{"@type":"ImageObject","inLanguage":"es-ES","@id":"https:\/\/www.uhu.es\/etsi\/#\/schema\/logo\/image\/","url":"http:\/\/www.uhu.es\/etsi\/wp-content\/uploads\/2016\/02\/membrete_ETSI.jpg","contentUrl":"http:\/\/www.uhu.es\/etsi\/wp-content\/uploads\/2016\/02\/membrete_ETSI.jpg","width":423,"height":81,"caption":"UHU ETSI"},"image":{"@id":"https:\/\/www.uhu.es\/etsi\/#\/schema\/logo\/image\/"}}]}},"_links":{"self":[{"href":"https:\/\/www.uhu.es\/etsi\/wp-json\/wp\/v2\/pages\/18777"}],"collection":[{"href":"https:\/\/www.uhu.es\/etsi\/wp-json\/wp\/v2\/pages"}],"about":[{"href":"https:\/\/www.uhu.es\/etsi\/wp-json\/wp\/v2\/types\/page"}],"author":[{"embeddable":true,"href":"https:\/\/www.uhu.es\/etsi\/wp-json\/wp\/v2\/users\/7"}],"replies":[{"embeddable":true,"href":"https:\/\/www.uhu.es\/etsi\/wp-json\/wp\/v2\/comments?post=18777"}],"version-history":[{"count":70,"href":"https:\/\/www.uhu.es\/etsi\/wp-json\/wp\/v2\/pages\/18777\/revisions"}],"predecessor-version":[{"id":23820,"href":"https:\/\/www.uhu.es\/etsi\/wp-json\/wp\/v2\/pages\/18777\/revisions\/23820"}],"wp:attachment":[{"href":"https:\/\/www.uhu.es\/etsi\/wp-json\/wp\/v2\/media?parent=18777"}],"curies":[{"name":"wp","href":"https:\/\/api.w.org\/{rel}","templated":true}]}}