{"id":19023,"date":"2020-03-13T11:12:27","date_gmt":"2020-03-13T10:12:27","guid":{"rendered":"http:\/\/www.uhu.es\/etsi\/?page_id=19023"},"modified":"2020-09-14T08:34:36","modified_gmt":"2020-09-14T07:34:36","slug":"integracion-del-software-mathcad-en-estudios-de-ingenieria","status":"publish","type":"page","link":"https:\/\/www.uhu.es\/etsi\/integracion-del-software-mathcad-en-estudios-de-ingenieria\/","title":{"rendered":"Integraci\u00f3n del software MathCad en estudios de ingenier\u00eda."},"content":{"rendered":"<div  class=\"x-alert x-alert-danger x-alert-block\" > <center> <strong> El periodo de registro ha finalizado, disculpen las molestias . <\/strong><\/center> <\/div>\n<h4 style=\"font-family:arial;\"><strong>T\u00edtulo: <\/strong>Integraci\u00f3n del software MathCad en estudios de ingenier\u00eda.<\/h4>\n","protected":false},"excerpt":{"rendered":"<p>T\u00edtulo: Integraci\u00f3n del software MathCad en estudios de ingenier\u00eda.<\/p>\n","protected":false},"author":7,"featured_media":0,"parent":0,"menu_order":0,"comment_status":"closed","ping_status":"closed","template":"template-layout-full-width.php","meta":[],"yoast_head":"<!-- This site is optimized with the Yoast SEO plugin v20.2.1 - https:\/\/yoast.com\/wordpress\/plugins\/seo\/ -->\n<title>Integraci\u00f3n del software MathCad en estudios de ingenier\u00eda. - ETSI, UHU<\/title>\n<meta name=\"robots\" content=\"index, follow, max-snippet:-1, max-image-preview:large, max-video-preview:-1\" \/>\n<link rel=\"canonical\" href=\"https:\/\/www.uhu.es\/etsi\/integracion-del-software-mathcad-en-estudios-de-ingenieria\/\" \/>\n<meta property=\"og:locale\" content=\"es_ES\" \/>\n<meta property=\"og:type\" content=\"article\" \/>\n<meta property=\"og:title\" content=\"Integraci\u00f3n del software MathCad en estudios de ingenier\u00eda. - ETSI, UHU\" \/>\n<meta property=\"og:description\" content=\"T\u00edtulo: Integraci\u00f3n del software MathCad en estudios de ingenier\u00eda.\" \/>\n<meta property=\"og:url\" content=\"https:\/\/www.uhu.es\/etsi\/integracion-del-software-mathcad-en-estudios-de-ingenieria\/\" \/>\n<meta property=\"og:site_name\" content=\"ETSI, UHU\" \/>\n<meta property=\"article:modified_time\" content=\"2020-09-14T07:34:36+00:00\" \/>\n<meta property=\"og:image\" content=\"http:\/\/www.uhu.es\/etsi\/wp-content\/uploads\/2019\/05\/staelite.jpg\" \/>\n<meta name=\"twitter:label1\" content=\"Est. reading time\" \/>\n\t<meta name=\"twitter:data1\" content=\"1 minute\" \/>\n<script type=\"application\/ld+json\" class=\"yoast-schema-graph\">{\"@context\":\"https:\/\/schema.org\",\"@graph\":[{\"@type\":\"WebPage\",\"@id\":\"https:\/\/www.uhu.es\/etsi\/integracion-del-software-mathcad-en-estudios-de-ingenieria\/\",\"url\":\"https:\/\/www.uhu.es\/etsi\/integracion-del-software-mathcad-en-estudios-de-ingenieria\/\",\"name\":\"Integraci\u00f3n del software MathCad en estudios de ingenier\u00eda. - ETSI, UHU\",\"isPartOf\":{\"@id\":\"https:\/\/www.uhu.es\/etsi\/#website\"},\"datePublished\":\"2020-03-13T10:12:27+00:00\",\"dateModified\":\"2020-09-14T07:34:36+00:00\",\"breadcrumb\":{\"@id\":\"https:\/\/www.uhu.es\/etsi\/integracion-del-software-mathcad-en-estudios-de-ingenieria\/#breadcrumb\"},\"inLanguage\":\"es-ES\",\"potentialAction\":[{\"@type\":\"ReadAction\",\"target\":[\"https:\/\/www.uhu.es\/etsi\/integracion-del-software-mathcad-en-estudios-de-ingenieria\/\"]}]},{\"@type\":\"BreadcrumbList\",\"@id\":\"https:\/\/www.uhu.es\/etsi\/integracion-del-software-mathcad-en-estudios-de-ingenieria\/#breadcrumb\",\"itemListElement\":[{\"@type\":\"ListItem\",\"position\":1,\"name\":\"Portada\",\"item\":\"https:\/\/www.uhu.es\/etsi\/\"},{\"@type\":\"ListItem\",\"position\":2,\"name\":\"Integraci\u00f3n del software MathCad en estudios de ingenier\u00eda.\"}]},{\"@type\":\"WebSite\",\"@id\":\"https:\/\/www.uhu.es\/etsi\/#website\",\"url\":\"https:\/\/www.uhu.es\/etsi\/\",\"name\":\"ETSI, UHU\",\"description\":\"Escuela T\u00e9cnica Superior de  Ingenier\u00eda de la Universidad de Huelva\",\"publisher\":{\"@id\":\"https:\/\/www.uhu.es\/etsi\/#organization\"},\"potentialAction\":[{\"@type\":\"SearchAction\",\"target\":{\"@type\":\"EntryPoint\",\"urlTemplate\":\"https:\/\/www.uhu.es\/etsi\/?s={search_term_string}\"},\"query-input\":\"required name=search_term_string\"}],\"inLanguage\":\"es-ES\"},{\"@type\":\"Organization\",\"@id\":\"https:\/\/www.uhu.es\/etsi\/#organization\",\"name\":\"UHU ETSI\",\"url\":\"https:\/\/www.uhu.es\/etsi\/\",\"logo\":{\"@type\":\"ImageObject\",\"inLanguage\":\"es-ES\",\"@id\":\"https:\/\/www.uhu.es\/etsi\/#\/schema\/logo\/image\/\",\"url\":\"http:\/\/www.uhu.es\/etsi\/wp-content\/uploads\/2016\/02\/membrete_ETSI.jpg\",\"contentUrl\":\"http:\/\/www.uhu.es\/etsi\/wp-content\/uploads\/2016\/02\/membrete_ETSI.jpg\",\"width\":423,\"height\":81,\"caption\":\"UHU ETSI\"},\"image\":{\"@id\":\"https:\/\/www.uhu.es\/etsi\/#\/schema\/logo\/image\/\"}}]}<\/script>\n<!-- \/ Yoast SEO plugin. -->","yoast_head_json":{"title":"Integraci\u00f3n del software MathCad en estudios de ingenier\u00eda. - ETSI, UHU","robots":{"index":"index","follow":"follow","max-snippet":"max-snippet:-1","max-image-preview":"max-image-preview:large","max-video-preview":"max-video-preview:-1"},"canonical":"https:\/\/www.uhu.es\/etsi\/integracion-del-software-mathcad-en-estudios-de-ingenieria\/","og_locale":"es_ES","og_type":"article","og_title":"Integraci\u00f3n del software MathCad en estudios de ingenier\u00eda. - ETSI, UHU","og_description":"T\u00edtulo: Integraci\u00f3n del software MathCad en estudios de ingenier\u00eda.","og_url":"https:\/\/www.uhu.es\/etsi\/integracion-del-software-mathcad-en-estudios-de-ingenieria\/","og_site_name":"ETSI, UHU","article_modified_time":"2020-09-14T07:34:36+00:00","og_image":[{"url":"http:\/\/www.uhu.es\/etsi\/wp-content\/uploads\/2019\/05\/staelite.jpg"}],"twitter_misc":{"Est. reading time":"1 minute"},"schema":{"@context":"https:\/\/schema.org","@graph":[{"@type":"WebPage","@id":"https:\/\/www.uhu.es\/etsi\/integracion-del-software-mathcad-en-estudios-de-ingenieria\/","url":"https:\/\/www.uhu.es\/etsi\/integracion-del-software-mathcad-en-estudios-de-ingenieria\/","name":"Integraci\u00f3n del software MathCad en estudios de ingenier\u00eda. - ETSI, UHU","isPartOf":{"@id":"https:\/\/www.uhu.es\/etsi\/#website"},"datePublished":"2020-03-13T10:12:27+00:00","dateModified":"2020-09-14T07:34:36+00:00","breadcrumb":{"@id":"https:\/\/www.uhu.es\/etsi\/integracion-del-software-mathcad-en-estudios-de-ingenieria\/#breadcrumb"},"inLanguage":"es-ES","potentialAction":[{"@type":"ReadAction","target":["https:\/\/www.uhu.es\/etsi\/integracion-del-software-mathcad-en-estudios-de-ingenieria\/"]}]},{"@type":"BreadcrumbList","@id":"https:\/\/www.uhu.es\/etsi\/integracion-del-software-mathcad-en-estudios-de-ingenieria\/#breadcrumb","itemListElement":[{"@type":"ListItem","position":1,"name":"Portada","item":"https:\/\/www.uhu.es\/etsi\/"},{"@type":"ListItem","position":2,"name":"Integraci\u00f3n del software MathCad en estudios de ingenier\u00eda."}]},{"@type":"WebSite","@id":"https:\/\/www.uhu.es\/etsi\/#website","url":"https:\/\/www.uhu.es\/etsi\/","name":"ETSI, UHU","description":"Escuela T\u00e9cnica Superior de  Ingenier\u00eda de la Universidad de Huelva","publisher":{"@id":"https:\/\/www.uhu.es\/etsi\/#organization"},"potentialAction":[{"@type":"SearchAction","target":{"@type":"EntryPoint","urlTemplate":"https:\/\/www.uhu.es\/etsi\/?s={search_term_string}"},"query-input":"required name=search_term_string"}],"inLanguage":"es-ES"},{"@type":"Organization","@id":"https:\/\/www.uhu.es\/etsi\/#organization","name":"UHU ETSI","url":"https:\/\/www.uhu.es\/etsi\/","logo":{"@type":"ImageObject","inLanguage":"es-ES","@id":"https:\/\/www.uhu.es\/etsi\/#\/schema\/logo\/image\/","url":"http:\/\/www.uhu.es\/etsi\/wp-content\/uploads\/2016\/02\/membrete_ETSI.jpg","contentUrl":"http:\/\/www.uhu.es\/etsi\/wp-content\/uploads\/2016\/02\/membrete_ETSI.jpg","width":423,"height":81,"caption":"UHU ETSI"},"image":{"@id":"https:\/\/www.uhu.es\/etsi\/#\/schema\/logo\/image\/"}}]}},"_links":{"self":[{"href":"https:\/\/www.uhu.es\/etsi\/wp-json\/wp\/v2\/pages\/19023"}],"collection":[{"href":"https:\/\/www.uhu.es\/etsi\/wp-json\/wp\/v2\/pages"}],"about":[{"href":"https:\/\/www.uhu.es\/etsi\/wp-json\/wp\/v2\/types\/page"}],"author":[{"embeddable":true,"href":"https:\/\/www.uhu.es\/etsi\/wp-json\/wp\/v2\/users\/7"}],"replies":[{"embeddable":true,"href":"https:\/\/www.uhu.es\/etsi\/wp-json\/wp\/v2\/comments?post=19023"}],"version-history":[{"count":10,"href":"https:\/\/www.uhu.es\/etsi\/wp-json\/wp\/v2\/pages\/19023\/revisions"}],"predecessor-version":[{"id":19775,"href":"https:\/\/www.uhu.es\/etsi\/wp-json\/wp\/v2\/pages\/19023\/revisions\/19775"}],"wp:attachment":[{"href":"https:\/\/www.uhu.es\/etsi\/wp-json\/wp\/v2\/media?parent=19023"}],"curies":[{"name":"wp","href":"https:\/\/api.w.org\/{rel}","templated":true}]}}