{"id":19064,"date":"2020-04-16T11:23:34","date_gmt":"2020-04-16T10:23:34","guid":{"rendered":"http:\/\/www.uhu.es\/etsi\/?page_id=19064"},"modified":"2020-04-18T23:57:45","modified_gmt":"2020-04-18T22:57:45","slug":"covid19","status":"publish","type":"page","link":"https:\/\/www.uhu.es\/etsi\/covid19\/","title":{"rendered":"Documentos de utilidad para cumplimentar las adendas a las gu\u00edas docentes"},"content":{"rendered":"<ul>\n<li style=\"list-style-type: none;\">\n<ul>\n<li><a href=\"https:\/\/www.uhu.es\/etsi\/\/Covid-19\/Instruccion_CG_17_abril_2020_Docencia_online.pdf\"><span style=\"font-size: 16pt;\">Instrucci\u00f3n Rectoral (aprobada en Consejo de Gobierno de 17 de abril de 2020)<\/span><\/a><\/li>\n<li><a href=\"https:\/\/www.uhu.es\/etsi\/\/Covid-19\/Instruccion_CG_17_abril_2020_Docencia_online_Anexo1.pdf\"><span style=\"font-size: 16pt;\">Anexo &#8220;Pautas a seguir para la adaptaci\u00f3n de la evaluaci\u00f3n a la modalidad de docencia online&#8221;<br \/>\n(extra\u00eddo de la Instrucci\u00f3n Rectoral)<\/span><\/a><\/li>\n<li><a href=\"https:\/\/www.uhu.es\/etsi\/Covid-19\/Adenda_Guia_Docente_COVID19_ETSI.pdf\"><span style=\"font-size: 16pt;\">Plantilla de la ETSI para elaborar las adendas a la Gu\u00eda Docente<\/span><\/a><\/li>\n<li><a href=\"https:\/\/www.uhu.es\/etsi\/\/Covid-19\/Ayuda_Adenda_Guia_Docente_COVID19.pdf\"><span style=\"font-size: 16pt;\">Ayuda para la cumplimentaci\u00f3n de las adendas a la Gu\u00eda Docente<\/span><\/a><\/li>\n<li><a href=\"https:\/\/www.uhu.es\/etsi\/\/Covid-19\/Instrucciones_Adendas_Guias_COVID19_ETSI.pdf\"><span style=\"font-size: 16pt;\">Instrucciones de la ETSI para elaborar las adendas a la Gu\u00eda Docente<\/span><\/a><\/li>\n<\/ul>\n<\/li>\n<\/ul>\n<p><!--\n \t\n\n<li><span style=\"font-size: 16pt;\">Otra documentaci\u00f3n de inter\u00e9s<\/span>\n\n\n<ul>\n \t\n\n<li><span style=\"font-size: 16pt;\">Recomendaciones sobre criterios generales para la adaptaci\u00f3n del sistema universitario espa\u00f1ol ante la pandemia del Covid-19, durante el curso 2019-2020 (Ministerio de Universidades)<\/span><\/li>\n\n\n \t\n\n<li><span style=\"font-size: 16pt;\">Informe de iniciativas y herramientas de evaluaci\u00f3n online universitaria en el contexto del Covid-19 (Ministerio de Universidades)<\/span><\/li>\n\n\n<\/ul>\n\n\n--><\/p>\n","protected":false},"excerpt":{"rendered":"<p>Instrucci\u00f3n Rectoral (aprobada en Consejo de Gobierno de 17 de abril de 2020) Anexo &#8220;Pautas a seguir para la adaptaci\u00f3n &#8230; <\/p>\n<div><a href=\"https:\/\/www.uhu.es\/etsi\/covid19\/\" class=\"more-link\">Read More<\/a><\/div>\n","protected":false},"author":7,"featured_media":0,"parent":0,"menu_order":0,"comment_status":"closed","ping_status":"closed","template":"template-layout-full-width.php","meta":[],"yoast_head":"<!-- This site is optimized with the Yoast SEO plugin v20.2.1 - https:\/\/yoast.com\/wordpress\/plugins\/seo\/ -->\n<title>Documentos de utilidad para cumplimentar las adendas a las gu\u00edas docentes - ETSI, UHU<\/title>\n<meta name=\"robots\" content=\"index, follow, max-snippet:-1, max-image-preview:large, max-video-preview:-1\" \/>\n<link rel=\"canonical\" href=\"https:\/\/www.uhu.es\/etsi\/covid19\/\" \/>\n<meta property=\"og:locale\" content=\"es_ES\" \/>\n<meta property=\"og:type\" content=\"article\" \/>\n<meta property=\"og:title\" content=\"Documentos de utilidad para cumplimentar las adendas a las gu\u00edas docentes - ETSI, UHU\" \/>\n<meta property=\"og:description\" content=\"Instrucci\u00f3n Rectoral (aprobada en Consejo de Gobierno de 17 de abril de 2020) Anexo &#8220;Pautas a seguir para la adaptaci\u00f3n ... Read More\" \/>\n<meta property=\"og:url\" content=\"https:\/\/www.uhu.es\/etsi\/covid19\/\" \/>\n<meta property=\"og:site_name\" content=\"ETSI, UHU\" \/>\n<meta property=\"article:modified_time\" content=\"2020-04-18T22:57:45+00:00\" \/>\n<script type=\"application\/ld+json\" class=\"yoast-schema-graph\">{\"@context\":\"https:\/\/schema.org\",\"@graph\":[{\"@type\":\"WebPage\",\"@id\":\"https:\/\/www.uhu.es\/etsi\/covid19\/\",\"url\":\"https:\/\/www.uhu.es\/etsi\/covid19\/\",\"name\":\"Documentos de utilidad para cumplimentar las adendas a las gu\u00edas docentes - ETSI, UHU\",\"isPartOf\":{\"@id\":\"https:\/\/www.uhu.es\/etsi\/#website\"},\"datePublished\":\"2020-04-16T10:23:34+00:00\",\"dateModified\":\"2020-04-18T22:57:45+00:00\",\"breadcrumb\":{\"@id\":\"https:\/\/www.uhu.es\/etsi\/covid19\/#breadcrumb\"},\"inLanguage\":\"es-ES\",\"potentialAction\":[{\"@type\":\"ReadAction\",\"target\":[\"https:\/\/www.uhu.es\/etsi\/covid19\/\"]}]},{\"@type\":\"BreadcrumbList\",\"@id\":\"https:\/\/www.uhu.es\/etsi\/covid19\/#breadcrumb\",\"itemListElement\":[{\"@type\":\"ListItem\",\"position\":1,\"name\":\"Portada\",\"item\":\"https:\/\/www.uhu.es\/etsi\/\"},{\"@type\":\"ListItem\",\"position\":2,\"name\":\"Documentos de utilidad para cumplimentar las adendas a las gu\u00edas docentes\"}]},{\"@type\":\"WebSite\",\"@id\":\"https:\/\/www.uhu.es\/etsi\/#website\",\"url\":\"https:\/\/www.uhu.es\/etsi\/\",\"name\":\"ETSI, UHU\",\"description\":\"Escuela T\u00e9cnica Superior de  Ingenier\u00eda de la Universidad de Huelva\",\"publisher\":{\"@id\":\"https:\/\/www.uhu.es\/etsi\/#organization\"},\"potentialAction\":[{\"@type\":\"SearchAction\",\"target\":{\"@type\":\"EntryPoint\",\"urlTemplate\":\"https:\/\/www.uhu.es\/etsi\/?s={search_term_string}\"},\"query-input\":\"required name=search_term_string\"}],\"inLanguage\":\"es-ES\"},{\"@type\":\"Organization\",\"@id\":\"https:\/\/www.uhu.es\/etsi\/#organization\",\"name\":\"UHU ETSI\",\"url\":\"https:\/\/www.uhu.es\/etsi\/\",\"logo\":{\"@type\":\"ImageObject\",\"inLanguage\":\"es-ES\",\"@id\":\"https:\/\/www.uhu.es\/etsi\/#\/schema\/logo\/image\/\",\"url\":\"http:\/\/www.uhu.es\/etsi\/wp-content\/uploads\/2016\/02\/membrete_ETSI.jpg\",\"contentUrl\":\"http:\/\/www.uhu.es\/etsi\/wp-content\/uploads\/2016\/02\/membrete_ETSI.jpg\",\"width\":423,\"height\":81,\"caption\":\"UHU ETSI\"},\"image\":{\"@id\":\"https:\/\/www.uhu.es\/etsi\/#\/schema\/logo\/image\/\"}}]}<\/script>\n<!-- \/ Yoast SEO plugin. -->","yoast_head_json":{"title":"Documentos de utilidad para cumplimentar las adendas a las gu\u00edas docentes - ETSI, UHU","robots":{"index":"index","follow":"follow","max-snippet":"max-snippet:-1","max-image-preview":"max-image-preview:large","max-video-preview":"max-video-preview:-1"},"canonical":"https:\/\/www.uhu.es\/etsi\/covid19\/","og_locale":"es_ES","og_type":"article","og_title":"Documentos de utilidad para cumplimentar las adendas a las gu\u00edas docentes - ETSI, UHU","og_description":"Instrucci\u00f3n Rectoral (aprobada en Consejo de Gobierno de 17 de abril de 2020) Anexo &#8220;Pautas a seguir para la adaptaci\u00f3n ... Read More","og_url":"https:\/\/www.uhu.es\/etsi\/covid19\/","og_site_name":"ETSI, UHU","article_modified_time":"2020-04-18T22:57:45+00:00","schema":{"@context":"https:\/\/schema.org","@graph":[{"@type":"WebPage","@id":"https:\/\/www.uhu.es\/etsi\/covid19\/","url":"https:\/\/www.uhu.es\/etsi\/covid19\/","name":"Documentos de utilidad para cumplimentar las adendas a las gu\u00edas docentes - ETSI, UHU","isPartOf":{"@id":"https:\/\/www.uhu.es\/etsi\/#website"},"datePublished":"2020-04-16T10:23:34+00:00","dateModified":"2020-04-18T22:57:45+00:00","breadcrumb":{"@id":"https:\/\/www.uhu.es\/etsi\/covid19\/#breadcrumb"},"inLanguage":"es-ES","potentialAction":[{"@type":"ReadAction","target":["https:\/\/www.uhu.es\/etsi\/covid19\/"]}]},{"@type":"BreadcrumbList","@id":"https:\/\/www.uhu.es\/etsi\/covid19\/#breadcrumb","itemListElement":[{"@type":"ListItem","position":1,"name":"Portada","item":"https:\/\/www.uhu.es\/etsi\/"},{"@type":"ListItem","position":2,"name":"Documentos de utilidad para cumplimentar las adendas a las gu\u00edas docentes"}]},{"@type":"WebSite","@id":"https:\/\/www.uhu.es\/etsi\/#website","url":"https:\/\/www.uhu.es\/etsi\/","name":"ETSI, UHU","description":"Escuela T\u00e9cnica Superior de  Ingenier\u00eda de la Universidad de Huelva","publisher":{"@id":"https:\/\/www.uhu.es\/etsi\/#organization"},"potentialAction":[{"@type":"SearchAction","target":{"@type":"EntryPoint","urlTemplate":"https:\/\/www.uhu.es\/etsi\/?s={search_term_string}"},"query-input":"required name=search_term_string"}],"inLanguage":"es-ES"},{"@type":"Organization","@id":"https:\/\/www.uhu.es\/etsi\/#organization","name":"UHU ETSI","url":"https:\/\/www.uhu.es\/etsi\/","logo":{"@type":"ImageObject","inLanguage":"es-ES","@id":"https:\/\/www.uhu.es\/etsi\/#\/schema\/logo\/image\/","url":"http:\/\/www.uhu.es\/etsi\/wp-content\/uploads\/2016\/02\/membrete_ETSI.jpg","contentUrl":"http:\/\/www.uhu.es\/etsi\/wp-content\/uploads\/2016\/02\/membrete_ETSI.jpg","width":423,"height":81,"caption":"UHU ETSI"},"image":{"@id":"https:\/\/www.uhu.es\/etsi\/#\/schema\/logo\/image\/"}}]}},"_links":{"self":[{"href":"https:\/\/www.uhu.es\/etsi\/wp-json\/wp\/v2\/pages\/19064"}],"collection":[{"href":"https:\/\/www.uhu.es\/etsi\/wp-json\/wp\/v2\/pages"}],"about":[{"href":"https:\/\/www.uhu.es\/etsi\/wp-json\/wp\/v2\/types\/page"}],"author":[{"embeddable":true,"href":"https:\/\/www.uhu.es\/etsi\/wp-json\/wp\/v2\/users\/7"}],"replies":[{"embeddable":true,"href":"https:\/\/www.uhu.es\/etsi\/wp-json\/wp\/v2\/comments?post=19064"}],"version-history":[{"count":7,"href":"https:\/\/www.uhu.es\/etsi\/wp-json\/wp\/v2\/pages\/19064\/revisions"}],"predecessor-version":[{"id":19071,"href":"https:\/\/www.uhu.es\/etsi\/wp-json\/wp\/v2\/pages\/19064\/revisions\/19071"}],"wp:attachment":[{"href":"https:\/\/www.uhu.es\/etsi\/wp-json\/wp\/v2\/media?parent=19064"}],"curies":[{"name":"wp","href":"https:\/\/api.w.org\/{rel}","templated":true}]}}