{"id":19260,"date":"2020-05-22T11:48:08","date_gmt":"2020-05-22T10:48:08","guid":{"rendered":"http:\/\/www.uhu.es\/etsi\/?page_id=19260"},"modified":"2020-05-22T11:48:08","modified_gmt":"2020-05-22T10:48:08","slug":"incoming-students-18-19","status":"publish","type":"page","link":"https:\/\/www.uhu.es\/etsi\/estudiantes-2\/incoming-students-18-19\/","title":{"rendered":"COURSES LECTURED IN ENGLISH 2018-2019"},"content":{"rendered":"<p style=\"padding-left: 30px;\">Some of the English courses presented below are organized in minors. The option of picking up any course included or not in a minor is available. The minor only orientate to choose courses with the same background and allow compatible timetable for courses included (see timetable).<br \/>\nThere are two types of English courses: <strong>TOT<\/strong>, are taught completely in English; <strong>EF<\/strong>, are taught in Spanish but with presentations, bibliography, supplementary material and exams in English.<\/p>\n<p style=\"padding-left: 30px;\"><strong>Minor in Industrial Engineering (1st Semester):<\/strong><\/p>\n<p style=\"padding-left: 30px;\"><strong><a href=\"https:\/\/www.uhu.es\/etsi\/movilidad\/guias1819\/Industrial_%20Engineering_timetable.pdf\" target=\"_blank\" rel=\"noopener\">TIMETABLE<\/a> <\/strong><\/p>\n<table>\n<tbody>\n<tr>\n<th>CODE<\/th>\n<th>COURSE<\/th>\n<th>DEGREE<\/th>\n<th>YEAR<\/th>\n<th>LECTURERS<\/th>\n<th>TYPE<\/th>\n<th>ECTS<\/th>\n<\/tr>\n<tr>\n<td>606310102<\/td>\n<td><a title=\"(programme will be available soon)\" href=\"https:\/\/www.uhu.es\/etsi\/movilidad\/guias1819\/PHYSICS%20I.pdf\" target=\"_blank\" rel=\"noopener\"><strong>Physics I<\/strong><\/a><\/td>\n<td>Bachelor in Electrical Engineering<\/td>\n<td>1<\/td>\n<td>Enrique Guti\u00e9rrez (sanmigue@uhu.es)<br \/>\nMiguel Carvajal (miguel.carvajal@dfa.uhu.es)<\/td>\n<td>TOT<\/td>\n<td>6<\/td>\n<\/tr>\n<tr>\n<td>606310203<\/td>\n<td><a title=\"(programme will be available soon)\" href=\"https:\/\/www.uhu.es\/etsi\/movilidad\/guias1819\/Engineering%20Thermodynamics.pdf\" target=\"_blank\" rel=\"noopener\"><strong>Engineering Thermodynamics<\/strong><\/a><\/td>\n<td>Bachelor in Electrical Engineering<\/td>\n<td>2<\/td>\n<td>Juan Luis Bosch Salda\u00f1a<br \/>\n(jlbosch@die.uhu.es)<\/td>\n<td>TOT<\/td>\n<td>6<\/td>\n<\/tr>\n<tr>\n<td>606711215<\/td>\n<td><a title=\"(programme will be available soon)\" href=\"https:\/\/www.uhu.es\/etsi\/movilidad\/guias1819\/electric%20power%20systems.pdf\" target=\"_blank\" rel=\"noopener\"><strong>Electric Power Systems<\/strong><\/a><\/td>\n<td>Bachelor in Energy Engineering<\/td>\n<td>3<\/td>\n<td>Jos\u00e9 Antonio Due\u00f1as D\u00edaz<br \/>\n(jose.duenas@die.uhu.es)<\/td>\n<td>TOT<\/td>\n<td>6<\/td>\n<\/tr>\n<tr>\n<td>1140301<\/td>\n<td><a title=\"(programme will be available soon)\" href=\"https:\/\/www.uhu.es\/etsi\/movilidad\/guias1819\/Business%20Administration%20and%20Management.pdf\" target=\"_blank\" rel=\"noopener\"><strong>Business Administration and Management<\/strong><\/a><\/td>\n<td>Master in Industrial Engineering<\/td>\n<td>1<\/td>\n<td>Nuria Toledano Garrido<br \/>\n(toledano@uhu.es)<\/td>\n<td>TOT<\/td>\n<td>5<\/td>\n<\/tr>\n<tr>\n<td>606610103<\/td>\n<td><a title=\"(programme will be available soon)\" href=\"https:\/\/www.uhu.es\/etsi\/movilidad\/guias1819\/Chemistry.pdf\" target=\"_blank\" rel=\"noopener\"><strong>Chemistry<\/strong><\/a><\/td>\n<td>Bachelor in Industrial Electronics Engineering<\/td>\n<td>1<\/td>\n<td>Jos\u00e9 Mar\u00eda Mu\u00f1oz Molina (jose.molina@dqcm.uhu.es)<br \/>\nDaniel Alejandro S\u00e1nchez-Rodas Navarro (rodas@uhu.es)<\/td>\n<td>TOT<\/td>\n<td>6<\/td>\n<\/tr>\n<tr>\n<th><\/th>\n<th><\/th>\n<th><\/th>\n<th><\/th>\n<th>TOTAL ECTS<\/th>\n<th><\/th>\n<th>29<\/th>\n<\/tr>\n<\/tbody>\n<\/table>\n<p>&nbsp;<\/p>\n<p style=\"padding-left: 30px;\"><strong>Minor in Environmental Engineering (2nd Semester):<\/strong><\/p>\n<p style=\"padding-left: 30px;\"><strong><a href=\"https:\/\/www.uhu.es\/etsi\/movilidad\/guias1819\/Environmental_%20Engineering_timetable.pdf\" target=\"_blank\" rel=\"noopener\">TIMETABLE<\/a><\/strong><\/p>\n<table>\n<tbody>\n<tr>\n<th>CODE<\/th>\n<th>COURSE<\/th>\n<th>DEGREE<\/th>\n<th>YEAR<\/th>\n<th>LECTURERS<\/th>\n<th>TYPE<\/th>\n<th>ECTS<\/th>\n<\/tr>\n<tr>\n<td>606810228<\/td>\n<td><a title=\"(programme will be available soon)\" href=\"https:\/\/www.uhu.es\/etsi\/movilidad\/guias1819\/Alternative%20energies.pdf\" target=\"_blank\" rel=\"noopener\"><strong>Alternative Energies<\/strong><\/a><\/td>\n<td>Bachelor in Mining Exploitation and Energy Resources Engineering<\/td>\n<td>3<\/td>\n<td>Nuria Gil Carvajal<br \/>\n(carvajal@uhu.es)<\/td>\n<td>TOT<\/td>\n<td>6<\/td>\n<\/tr>\n<tr>\n<td>606510208<\/td>\n<td><a title=\"(programme will be available soon)\" href=\"https:\/\/www.uhu.es\/etsi\/movilidad\/guias1819\/Silviculture.pdf\" target=\"_blank\" rel=\"noopener\"><strong>Silviculture<\/strong><\/a><\/td>\n<td>Bachelor in Forestry and Natural Environment Engineering<\/td>\n<td>2<\/td>\n<td>Juan Domingo Santos<br \/>\n(santos@uhu.es)<\/td>\n<td>TOT<\/td>\n<td>6<\/td>\n<\/tr>\n<tr>\n<td>606510107<\/td>\n<td><a title=\"(programme will be available soon)\" href=\"https:\/\/www.uhu.es\/etsi\/movilidad\/guias1819\/Earth%20Sciences.pdf\" target=\"_blank\" rel=\"noopener\"><strong>Earth Sciences<\/strong><\/a><\/td>\n<td>Bachelor in Forestry and Natural Environment Engineering<\/td>\n<td>1<\/td>\n<td>Francisco Javier V\u00e1zquez Piqu\u00e9<br \/>\n(jpique@uhu.es)<\/td>\n<td>TOT<\/td>\n<td>6<\/td>\n<\/tr>\n<tr>\n<td>1140328<\/td>\n<td><a title=\"(programme will be available soon)\" href=\"https:\/\/www.uhu.es\/etsi\/movilidad\/guias1819\/Entrepreneurship.pdf\" target=\"_blank\" rel=\"noopener\"><strong>Entrepreneurship<\/strong><\/a><\/td>\n<td>Master in Industrial Engineering<\/td>\n<td>2<\/td>\n<td>Nuria Toledano Garrido<br \/>\n(toledano@uhu.es)<\/td>\n<td>EF<\/td>\n<td>5<\/td>\n<\/tr>\n<tr>\n<td>606510302<\/td>\n<td><a title=\"(programme will be available soon)\" href=\"https:\/\/www.uhu.es\/etsi\/movilidad\/guias1819\/Integrated%20Control%20of%20Forest%20Pests%20and%20Diseases.pdf\" target=\"_blank\" rel=\"noopener\"><strong>Integrated Control of Forest Pests and Diseases<\/strong><\/a><\/td>\n<td>Bachelor in Forestry and Natural Environment Engineering<\/td>\n<td>4<\/td>\n<td>Gloria L\u00f3pez Pantoja<br \/>\n(pantoja@uhu.es)<\/td>\n<td>EF<\/td>\n<td>4,5<\/td>\n<\/tr>\n<tr>\n<td>1150106<\/td>\n<td><a title=\"(programme will be available soon)\" href=\"https:\/\/www.uhu.es\/etsi\/movilidad\/guias1819\/Biotechnology%20and%20Genetic%20Improvement%20in%20Forestry.pdf\" target=\"_blank\" rel=\"noopener\"><strong>Biotechnology and Genetic Improvement in Forestry<\/strong><\/a><\/td>\n<td>Master in Forestry Engineering<\/td>\n<td>1<\/td>\n<td>Ra\u00fal Tapias Mart\u00edn (rtapias@uhu.es)<br \/>\nEncarnaci\u00f3n V\u00e1zquez (encarni@uhu.es)<\/td>\n<td>EF<\/td>\n<td>4<\/td>\n<\/tr>\n<tr>\n<th><\/th>\n<th><\/th>\n<th><\/th>\n<th><\/th>\n<th>TOTAL ECTS<\/th>\n<th><\/th>\n<th>31,5<\/th>\n<\/tr>\n<\/tbody>\n<\/table>\n<p>&nbsp;<\/p>\n<p style=\"padding-left: 30px;\"><strong>Other courses:<\/strong><\/p>\n<p style=\"padding-left: 30px;\"><strong><a href=\"https:\/\/www.uhu.es\/etsi\/movilidad\/guias1819\/Other_Courses_timetable.pdf\" target=\"_blank\" rel=\"noopener\">TIMETABLE<\/a><\/strong><\/p>\n<table>\n<tbody>\n<tr>\n<th>CODE<\/th>\n<th>COURSE<\/th>\n<th>DEGREE<\/th>\n<th>YEAR<\/th>\n<th>LECTURERS<\/th>\n<th>TYPE<\/th>\n<th>ECTS<\/th>\n<th>SEMESTER<\/th>\n<\/tr>\n<tr>\n<td>606010236<\/td>\n<td><a title=\"(programme will be available soon)\" href=\"https:\/\/www.uhu.es\/etsi\/movilidad\/guias1819\/knowledge%20representation.pdf\" target=\"_blank\" rel=\"noopener\"><strong>Knowledge Representation<\/strong><\/a><\/td>\n<td>Bachelor in Computer Science Engineering<\/td>\n<td>3<\/td>\n<td>Jos\u00e9 Carpio Ca\u00f1ada<br \/>\n(jose.carpio@dti.uhu.es)<\/td>\n<td>TOT<\/td>\n<td>6<\/td>\n<td>2<\/td>\n<\/tr>\n<tr>\n<td>606210301<\/td>\n<td><a title=\"(programme will be available soon)\" href=\"https:\/\/www.uhu.es\/etsi\/movilidad\/guias1819\/Polymer%20Technology.pdf\" target=\"_blank\" rel=\"noopener\"><strong>Polymer Technology<\/strong><\/a><\/td>\n<td>Bachelor in Industrial Chemical Engineering<\/td>\n<td>4<\/td>\n<td>Inmaculada Mart\u00ednez Garc\u00eda<br \/>\n(imgarcia@diq.uhu.es)<\/td>\n<td>TOT<\/td>\n<td>6<\/td>\n<td>1<\/td>\n<\/tr>\n<tr>\n<td>606410107<\/td>\n<td><a title=\"(programme will be available soon)\" href=\"https:\/\/www.uhu.es\/etsi\/movilidad\/guias1819\/PHYSICS%20II.pdf\" target=\"_blank\" rel=\"noopener\"><strong>Physics II<\/strong><\/a><\/td>\n<td>Bachelor in Mechanical Engineering<\/td>\n<td>1<\/td>\n<td>Mario G\u00f3mez Santamar\u00eda (mario.gomez@dfa.uhu.es)<br \/>\nJos\u00e9 Rodr\u00edguez Quintero (jose.rodriguez@dfaie.uhu.es)<\/td>\n<td>TOT<\/td>\n<td>6<\/td>\n<td>2<\/td>\n<\/tr>\n<tr>\n<td>606010212<\/td>\n<td><a title=\"(programme will be available soon)\" href=\"https:\/\/www.uhu.es\/etsi\/movilidad\/guias1819\/Information%20Systems%20%E2%80%93%20Design%20%26%20Development.PDF\" target=\"_blank\" rel=\"noopener\"><strong>Information Systems Design &amp; Development<\/strong><\/a><\/td>\n<td>Bachelor in Computer Science Engineering<\/td>\n<td>3<\/td>\n<td>Victoria Pach\u00f3n \u00c1lvarez<br \/>\n(vpachon@dti.uhu.es)<\/td>\n<td>TOT<\/td>\n<td>6<\/td>\n<td>1<\/td>\n<\/tr>\n<tr>\n<td>606210216<\/td>\n<td><a title=\"(programme will be available soon)\" href=\"https:\/\/www.uhu.es\/etsi\/movilidad\/guias1819\/Unit%20Operations%20of%20Chemical%20Engineering%20II.pdf\" target=\"_blank\" rel=\"noopener\"><strong>Unit Operations of Chemical Engineering II<\/strong><\/a><\/td>\n<td>Bachelor in Industrial Chemical Engineering<\/td>\n<td>3<\/td>\n<td>Mois\u00e9s Garc\u00eda Morales<br \/>\n(moises.garcia@diq.uhu.es)<\/td>\n<td>EF<\/td>\n<td>6<\/td>\n<td>2<\/td>\n<\/tr>\n<tr>\n<td>1180109<\/td>\n<td><a title=\"(programme will be available soon)\" href=\"https:\/\/www.uhu.es\/etsi\/movilidad\/guias1819\/Lubricant%20Technology.pdf\" target=\"_blank\" rel=\"noopener\"><strong>Lubricants Technology<\/strong><\/a><\/td>\n<td>Master in Chemical Engineering<\/td>\n<td>1<\/td>\n<td>Miguel \u00c1ngel Delgado Canto<br \/>\n(miguel.delgado@diq.uhu.es)<\/td>\n<td>EF<\/td>\n<td>4,5<\/td>\n<td>2<\/td>\n<\/tr>\n<tr>\n<td>606510205<\/td>\n<td><a href=\"https:\/\/www.uhu.es\/etsi\/movilidad\/guias1819\/Forest%20ecology.pdf\" target=\"_blank\" rel=\"noopener\"><strong>Forest Ecology<\/strong><\/a><\/td>\n<td>Bachelor in Forestry and Natural Environment Engineering<\/td>\n<td>2<\/td>\n<td>Ra\u00fal Tapias Mart\u00edn<br \/>\n(rtapias@uhu.es)<\/td>\n<td>EF<\/td>\n<td>6<\/td>\n<td>1<\/td>\n<\/tr>\n<\/tbody>\n<\/table>\n","protected":false},"excerpt":{"rendered":"<p>Some of the English courses presented below are organized in minors. The option of picking up any course included or &#8230; <\/p>\n<div><a href=\"https:\/\/www.uhu.es\/etsi\/estudiantes-2\/incoming-students-18-19\/\" class=\"more-link\">Read More<\/a><\/div>\n","protected":false},"author":7,"featured_media":0,"parent":7815,"menu_order":0,"comment_status":"closed","ping_status":"closed","template":"template-layout-full-width.php","meta":[],"yoast_head":"<!-- This site is optimized with the Yoast SEO plugin v20.2.1 - https:\/\/yoast.com\/wordpress\/plugins\/seo\/ -->\n<title>COURSES LECTURED IN ENGLISH 2018-2019 - ETSI, UHU<\/title>\n<meta name=\"robots\" content=\"index, follow, max-snippet:-1, max-image-preview:large, max-video-preview:-1\" \/>\n<link rel=\"canonical\" href=\"https:\/\/www.uhu.es\/etsi\/estudiantes-2\/incoming-students-18-19\/\" \/>\n<meta property=\"og:locale\" content=\"es_ES\" \/>\n<meta property=\"og:type\" content=\"article\" \/>\n<meta property=\"og:title\" content=\"COURSES LECTURED IN ENGLISH 2018-2019 - ETSI, UHU\" \/>\n<meta property=\"og:description\" content=\"Some of the English courses presented below are organized in minors. The option of picking up any course included or ... Read More\" \/>\n<meta property=\"og:url\" content=\"https:\/\/www.uhu.es\/etsi\/estudiantes-2\/incoming-students-18-19\/\" \/>\n<meta property=\"og:site_name\" content=\"ETSI, UHU\" \/>\n<meta name=\"twitter:label1\" content=\"Est. reading time\" \/>\n\t<meta name=\"twitter:data1\" content=\"2 minutes\" \/>\n<script type=\"application\/ld+json\" class=\"yoast-schema-graph\">{\"@context\":\"https:\/\/schema.org\",\"@graph\":[{\"@type\":\"WebPage\",\"@id\":\"https:\/\/www.uhu.es\/etsi\/estudiantes-2\/incoming-students-18-19\/\",\"url\":\"https:\/\/www.uhu.es\/etsi\/estudiantes-2\/incoming-students-18-19\/\",\"name\":\"COURSES LECTURED IN ENGLISH 2018-2019 - ETSI, UHU\",\"isPartOf\":{\"@id\":\"https:\/\/www.uhu.es\/etsi\/#website\"},\"datePublished\":\"2020-05-22T10:48:08+00:00\",\"dateModified\":\"2020-05-22T10:48:08+00:00\",\"breadcrumb\":{\"@id\":\"https:\/\/www.uhu.es\/etsi\/estudiantes-2\/incoming-students-18-19\/#breadcrumb\"},\"inLanguage\":\"es-ES\",\"potentialAction\":[{\"@type\":\"ReadAction\",\"target\":[\"https:\/\/www.uhu.es\/etsi\/estudiantes-2\/incoming-students-18-19\/\"]}]},{\"@type\":\"BreadcrumbList\",\"@id\":\"https:\/\/www.uhu.es\/etsi\/estudiantes-2\/incoming-students-18-19\/#breadcrumb\",\"itemListElement\":[{\"@type\":\"ListItem\",\"position\":1,\"name\":\"Portada\",\"item\":\"https:\/\/www.uhu.es\/etsi\/\"},{\"@type\":\"ListItem\",\"position\":2,\"name\":\"Estudiantes\",\"item\":\"https:\/\/www.uhu.es\/etsi\/estudiantes-2\/\"},{\"@type\":\"ListItem\",\"position\":3,\"name\":\"COURSES LECTURED IN ENGLISH 2018-2019\"}]},{\"@type\":\"WebSite\",\"@id\":\"https:\/\/www.uhu.es\/etsi\/#website\",\"url\":\"https:\/\/www.uhu.es\/etsi\/\",\"name\":\"ETSI, UHU\",\"description\":\"Escuela T\u00e9cnica Superior de  Ingenier\u00eda de la Universidad de Huelva\",\"publisher\":{\"@id\":\"https:\/\/www.uhu.es\/etsi\/#organization\"},\"potentialAction\":[{\"@type\":\"SearchAction\",\"target\":{\"@type\":\"EntryPoint\",\"urlTemplate\":\"https:\/\/www.uhu.es\/etsi\/?s={search_term_string}\"},\"query-input\":\"required name=search_term_string\"}],\"inLanguage\":\"es-ES\"},{\"@type\":\"Organization\",\"@id\":\"https:\/\/www.uhu.es\/etsi\/#organization\",\"name\":\"UHU ETSI\",\"url\":\"https:\/\/www.uhu.es\/etsi\/\",\"logo\":{\"@type\":\"ImageObject\",\"inLanguage\":\"es-ES\",\"@id\":\"https:\/\/www.uhu.es\/etsi\/#\/schema\/logo\/image\/\",\"url\":\"http:\/\/www.uhu.es\/etsi\/wp-content\/uploads\/2016\/02\/membrete_ETSI.jpg\",\"contentUrl\":\"http:\/\/www.uhu.es\/etsi\/wp-content\/uploads\/2016\/02\/membrete_ETSI.jpg\",\"width\":423,\"height\":81,\"caption\":\"UHU ETSI\"},\"image\":{\"@id\":\"https:\/\/www.uhu.es\/etsi\/#\/schema\/logo\/image\/\"}}]}<\/script>\n<!-- \/ Yoast SEO plugin. -->","yoast_head_json":{"title":"COURSES LECTURED IN ENGLISH 2018-2019 - ETSI, UHU","robots":{"index":"index","follow":"follow","max-snippet":"max-snippet:-1","max-image-preview":"max-image-preview:large","max-video-preview":"max-video-preview:-1"},"canonical":"https:\/\/www.uhu.es\/etsi\/estudiantes-2\/incoming-students-18-19\/","og_locale":"es_ES","og_type":"article","og_title":"COURSES LECTURED IN ENGLISH 2018-2019 - ETSI, UHU","og_description":"Some of the English courses presented below are organized in minors. The option of picking up any course included or ... Read More","og_url":"https:\/\/www.uhu.es\/etsi\/estudiantes-2\/incoming-students-18-19\/","og_site_name":"ETSI, UHU","twitter_misc":{"Est. reading time":"2 minutes"},"schema":{"@context":"https:\/\/schema.org","@graph":[{"@type":"WebPage","@id":"https:\/\/www.uhu.es\/etsi\/estudiantes-2\/incoming-students-18-19\/","url":"https:\/\/www.uhu.es\/etsi\/estudiantes-2\/incoming-students-18-19\/","name":"COURSES LECTURED IN ENGLISH 2018-2019 - ETSI, UHU","isPartOf":{"@id":"https:\/\/www.uhu.es\/etsi\/#website"},"datePublished":"2020-05-22T10:48:08+00:00","dateModified":"2020-05-22T10:48:08+00:00","breadcrumb":{"@id":"https:\/\/www.uhu.es\/etsi\/estudiantes-2\/incoming-students-18-19\/#breadcrumb"},"inLanguage":"es-ES","potentialAction":[{"@type":"ReadAction","target":["https:\/\/www.uhu.es\/etsi\/estudiantes-2\/incoming-students-18-19\/"]}]},{"@type":"BreadcrumbList","@id":"https:\/\/www.uhu.es\/etsi\/estudiantes-2\/incoming-students-18-19\/#breadcrumb","itemListElement":[{"@type":"ListItem","position":1,"name":"Portada","item":"https:\/\/www.uhu.es\/etsi\/"},{"@type":"ListItem","position":2,"name":"Estudiantes","item":"https:\/\/www.uhu.es\/etsi\/estudiantes-2\/"},{"@type":"ListItem","position":3,"name":"COURSES LECTURED IN ENGLISH 2018-2019"}]},{"@type":"WebSite","@id":"https:\/\/www.uhu.es\/etsi\/#website","url":"https:\/\/www.uhu.es\/etsi\/","name":"ETSI, UHU","description":"Escuela T\u00e9cnica Superior de  Ingenier\u00eda de la Universidad de Huelva","publisher":{"@id":"https:\/\/www.uhu.es\/etsi\/#organization"},"potentialAction":[{"@type":"SearchAction","target":{"@type":"EntryPoint","urlTemplate":"https:\/\/www.uhu.es\/etsi\/?s={search_term_string}"},"query-input":"required name=search_term_string"}],"inLanguage":"es-ES"},{"@type":"Organization","@id":"https:\/\/www.uhu.es\/etsi\/#organization","name":"UHU ETSI","url":"https:\/\/www.uhu.es\/etsi\/","logo":{"@type":"ImageObject","inLanguage":"es-ES","@id":"https:\/\/www.uhu.es\/etsi\/#\/schema\/logo\/image\/","url":"http:\/\/www.uhu.es\/etsi\/wp-content\/uploads\/2016\/02\/membrete_ETSI.jpg","contentUrl":"http:\/\/www.uhu.es\/etsi\/wp-content\/uploads\/2016\/02\/membrete_ETSI.jpg","width":423,"height":81,"caption":"UHU ETSI"},"image":{"@id":"https:\/\/www.uhu.es\/etsi\/#\/schema\/logo\/image\/"}}]}},"_links":{"self":[{"href":"https:\/\/www.uhu.es\/etsi\/wp-json\/wp\/v2\/pages\/19260"}],"collection":[{"href":"https:\/\/www.uhu.es\/etsi\/wp-json\/wp\/v2\/pages"}],"about":[{"href":"https:\/\/www.uhu.es\/etsi\/wp-json\/wp\/v2\/types\/page"}],"author":[{"embeddable":true,"href":"https:\/\/www.uhu.es\/etsi\/wp-json\/wp\/v2\/users\/7"}],"replies":[{"embeddable":true,"href":"https:\/\/www.uhu.es\/etsi\/wp-json\/wp\/v2\/comments?post=19260"}],"version-history":[{"count":1,"href":"https:\/\/www.uhu.es\/etsi\/wp-json\/wp\/v2\/pages\/19260\/revisions"}],"predecessor-version":[{"id":19261,"href":"https:\/\/www.uhu.es\/etsi\/wp-json\/wp\/v2\/pages\/19260\/revisions\/19261"}],"up":[{"embeddable":true,"href":"https:\/\/www.uhu.es\/etsi\/wp-json\/wp\/v2\/pages\/7815"}],"wp:attachment":[{"href":"https:\/\/www.uhu.es\/etsi\/wp-json\/wp\/v2\/media?parent=19260"}],"curies":[{"name":"wp","href":"https:\/\/api.w.org\/{rel}","templated":true}]}}