{"id":19778,"date":"2020-09-16T09:07:52","date_gmt":"2020-09-16T08:07:52","guid":{"rendered":"http:\/\/www.uhu.es\/etsi\/?page_id=19778"},"modified":"2020-11-26T11:59:52","modified_gmt":"2020-11-26T10:59:52","slug":"elecciones-a-junta-de-centro-2020","status":"publish","type":"page","link":"https:\/\/www.uhu.es\/etsi\/elecciones-a-junta-de-centro-2020\/","title":{"rendered":"Elecciones a Junta de Centro \u2013 2020"},"content":{"rendered":"<ul style=\"list-style-type: square;\">\n<li><span style=\"color: #ff0000;\"><a style=\"color: #ff0000;\" href=\"https:\/\/www.uhu.es\/etsi\/descargas\/2020\/septiembre\/Calendario_Electoral_ETSI_2020.pdf\" target=\"_blank\">Calendario<\/a><\/span><\/li>\n<li><span style=\"color: #ff0000;\"><a style=\"color: #ff0000;\" href=\"https:\/\/www.uhu.es\/etsi\/descargas\/2020\/septiembre\/Convocatoria_Elecciones_Junta_de_Centro_ETSI.pdf\" target=\"_blank\">Convocatoria Electoral<\/a><\/span><\/li>\n<li><span style=\"color: #ff0000;\"><a style=\"color: #ff0000;\" href=\"https:\/\/www.uhu.es\/etsi\/descargas\/2020\/septiembre\/Sorteo_Junta_Electoral_Firmado.pdf\" target=\"_blank\">Designaci\u00f3n de la Junta Electoral (Sorteo)<\/a><\/span><\/li>\n<li><span style=\"color: #ff0000;\"><a style=\"color: #ff0000;\" href=\"https:\/\/www.uhu.es\/etsi\/descargas\/2020\/septiembre\/Acta_Designacion_Junta_Electoral.pdf\" target=\"_blank\">Designaci\u00f3n de la Junta Electoral (Acta)<\/a><\/span><\/li>\n<li><span style=\"color: #ff0000;\"><a style=\"color: #ff0000;\" href=\"https:\/\/www.uhu.es\/etsi\/descargas\/2020\/septiembre\/Acta_Constitucion.pdf\" target=\"_blank\">Constituci\u00f3n de la Junta Electoral<\/a><\/span><\/li>\n<li><span style=\"color: #ff0000;\"><a style=\"color: #ff0000;\" href=\"https:\/\/www.uhu.es\/etsi\/descargas\/2020\/septiembre\/Comunicacion_Censo_Provisional(firmada_JUB).pdf\" target=\"_blank\">Publicaci\u00f3n del censo provisional (Candidaturas provisionales)<\/a><\/span><span style=\"color: #ff0000;\"><a href=\"https:\/\/www.uhu.es\/sic\/censo.centros\/ \" target=\"_blank\">&nbsp;&nbsp; Consulta online<\/a><\/span><\/li>\n<li><span style=\"color: #ff0000;\"><a style=\"color: #ff0000;\" href=\"https:\/\/www.uhu.es\/etsi\/descargas\/2020\/septiembre\/escrito-reclamacion-censo.pdf\" target=\"_blank\">Presentaci\u00f3n de reclamaciones al censo provisional<\/a><\/span><\/li>\n<li>Resoluci\u00f3n de reclamaciones<\/li>\n<li><span style=\"color: #ff0000;\"><a style=\"color: #ff0000;\" href=\"https:\/\/www.uhu.es\/etsi\/descargas\/2020\/septiembre\/Comunicacion_Censo_Definitivo_FIRMADO.pdf\" target=\"_blank\">Publicaci\u00f3n censo definitivo<\/a><\/span><\/li>\n<div class=\"panel panel-default\">\n<div class=\"panel-heading\">\n<li class=\"panel-title\"><span style=\"color: #ff0000;\"><a style=\"color: #ff0000;\" data-toggle=\"collapse\" data-parent=\"#accordion\" href=\"#collapse2\"> Presentaci\u00f3n candidaturas<\/a<\/span> <\/li><\/div>\n<div id=\"collapse2\" class=\"panel-collapse collapse\">\n<div class=\"panel-body\">\n<ul style=\"list-style-type: disc;\">\n<li><a href=\"https:\/\/www.uhu.es\/etsi\/descargas\/2020\/octubre\/Candidaturas%202020_Alumnos.pdf\" target=\"_blank\" rel=\"noopener\">Candidatura Estudiantes<\/a><\/li>\n<li><a href=\"https:\/\/www.uhu.es\/etsi\/descargas\/2020\/octubre\/Candidaturas%202020_PAS.pdf\" target=\"_blank\" rel=\"noopener\">Candidatura P.A.S.<\/a><\/li>\n<li><a href=\"https:\/\/www.uhu.es\/etsi\/descargas\/2020\/octubre\/Candidaturas%202020_PDI_VP.pdf\" target=\"_blank\" rel=\"noopener\">Candidatura P.D.I. Vinc. Permanente<\/a><\/li>\n<li><a href=\"https:\/\/www.uhu.es\/etsi\/descargas\/2020\/octubre\/Candidaturas%202020_PDI_VNP.pdf\" target=\"_blank\" rel=\"noopener\">Candidatura P.D.I. Vinc. No Permanente<\/a><\/li>\n<\/ul><\/div><\/div><\/div>\n<li><span style=\"color: #ff0000;\"><a style=\"color: #ff0000;\" href=\"https:\/\/www.uhu.es\/etsi\/descargas\/2020\/octubre\/Comunicacion_Candidaturas_provisional_firmada_JUB.pdf\" target=\"_blank\" rel=\"noopener\">Publicaci\u00f3n provisional de candidaturas<\/a> <a style=\"color: #ff0000;\" href=\"https:\/\/www.uhu.es\/etsi\/descargas\/2020\/octubre\/Listado_Provisional_Candidaturas.pdf\" target=\"_blank\" rel=\"noopener\">(Candidaturas provisionales)<\/a><\/span><\/li>\n<li><span style=\"color: #ff0000;\"><a style=\"color: #ff0000;\" href=\"https:\/\/www.uhu.es\/etsi\/descargas\/2020\/octubre\/escrito-reclamacion-proclamacion-provicional-candidatos.pdf\" target=\"_blank\" rel=\"noopener\">Presentaci\u00f3n de reclamaciones contra la proclamaci\u00f3n provisional de candidaturas<\/a><\/span><\/li>\n<li> <span style=\"color: #ff0000;\"><a style=\"color: #ff0000;\" href=\"https:\/\/www.uhu.es\/etsi\/descargas\/2020\/octubre\/Listado_Definitivo_Candidaturas.pdf\" target=\"_blank\" rel=\"noopener\">Listado definitivo de candidaturas<\/a><\/span><\/li>\n<li> <span style=\"color: #ff0000;\"><a style=\"color: #ff0000;\" href=\"https:\/\/www.uhu.es\/etsi\/descargas\/2020\/octubre\/Comunicacion_Candidaturas_definitiva_y_proclamacion.pdf\" target=\"_blank\" rel=\"noopener\">Publicaci\u00f3n definitiva de las candidaturas y proclamaci\u00f3n definitiva de electos<\/a><\/span><\/li>\n<li> <span style=\"color: #ff0000;\"><a style=\"color: #ff0000;\" href=\"https:\/\/www.uhu.es\/etsi\/descargas\/2020\/noviembre\/Comunicacion%20Provisional%20Electos.pdf\" target=\"_blank\" rel=\"noopener\">Publicaci\u00f3n Provisional de Candidatos Electos<\/a><\/span><\/li>\n<li> <span style=\"color: #ff0000;\"><a style=\"color: #ff0000;\" href=\"https:\/\/www.uhu.es\/etsi\/descargas\/2020\/noviembre\/Listado%20Provisional%20Electos.pdf\" target=\"_blank\" rel=\"noopener\">Listado Provisional Electos<\/a><\/span><\/li>\n<li>Jornada de reflexi\u00f3n<\/li>\n<li>Jornada electoral, escrutinio y publicaci\u00f3n provisional de electos<\/li>\n<li> <span style=\"color: #ff0000;\"><a style=\"color: #ff0000;\" href=\"https:\/\/www.uhu.es\/etsi\/descargas\/2020\/noviembre\/Listado_Definitivo_Electos.pdf\" target=\"_blank\" rel=\"noopener\">Proclamaci\u00f3n definitiva de candidatos<\/a><\/span><\/li>\n<li><span style=\"color: #ff0000;\"><a style=\"color: #ff0000;\" href=\"https:\/\/www.uhu.es\/etsi\/descargas\/2020\/septiembre\/Instancia_Voto_Anticipado.pdf\" target=\"_blank\">Instancia de Voto\n<li><span style=\"color: #ff0000;\"><a style=\"color: #ff0000;\" href=\"https:\/\/www.uhu.es\/etsi\/descargas\/2020\/noviembre\/Comunicacion%20Elecciones%20Director_Firmado.pdf\" target=\"_blank\">Convocatoria de la sesi\u00f3n electoral de la Junta de Centro\n<li><span style=\"color: #ff0000;\"><a style=\"color: #ff0000;\" href=\"https:\/\/www.uhu.es\/etsi\/descargas\/2020\/noviembre\/Candidaturas%20Director.doc\" target=\"_blank\">Impreso Candidatura Director\/a\n<li><span style=\"color: #ff0000;\"><a style=\"color: #ff0000;\" href=\"https:\/\/www.uhu.es\/etsi\/descargas\/2020\/noviembre\/ComunicacionCandidaturasDirector_Firmado.pdf\" target=\"_blank\">Publicaci\u00f3n de Candidaturas<br \/>\n                <!-- \n\n<li>Resoluci\u00f3n de reclamaciones y publicaci\u00f3n definitiva de las candidaturas<\/li>\n\n --><br \/>\n                <!--\n<\/ul>\n\n\n\n\n<ul style=\"list-style-type: square;\">\n \t\n\n<li><span style=\"color: #ff0000;\"><a style=\"color: #ff0000;\" href=\"https:\/\/www.uhu.es\/etsi\/descargas\/2020\/septiembre\/Instancia_Voto_Anticipado.pdf\" target=\"_blank\">Instancia de Voto Anticipado.<\/a><\/span><\/li>\n\n\n<\/ul>\n\n\n--><br \/>\n                <!--\n\n\n<ul style=\"list-style-type: square;\">\n \t\n\n<li><strong>Sesi\u00f3n constitutiva de la Junta de Centro<\/strong>\n\t\t\n\n<ul>\n \t\t\t\n\n<li>Tendr\u00e1 lugar en la Sala de Juntas del pr\u00f3ximo d\u00eda 27 de junio a las 10'45 horas en 1\u00aa convocatoria y a las 11'00 horas en segunda.<\/li>\n\n\n\t\t<\/ul>\n\n\n\t<\/li>\n\n\n<\/ul>\n\n \n--><\/p>\n<p>                <!--Tabl\u00f3n de Anuncios de Direcci\u00f3n--><\/p>\n","protected":false},"excerpt":{"rendered":"<p>Calendario Convocatoria Electoral Designaci\u00f3n de la Junta Electoral (Sorteo) Designaci\u00f3n de la Junta Electoral (Acta) Constituci\u00f3n de la Junta Electoral &#8230; <\/p>\n<div><a href=\"https:\/\/www.uhu.es\/etsi\/elecciones-a-junta-de-centro-2020\/\" class=\"more-link\">Read More<\/a><\/div>\n","protected":false},"author":7,"featured_media":0,"parent":0,"menu_order":0,"comment_status":"closed","ping_status":"closed","template":"template-layout-full-width.php","meta":[],"yoast_head":"<!-- This site is optimized with the Yoast SEO plugin v20.2.1 - https:\/\/yoast.com\/wordpress\/plugins\/seo\/ -->\n<title>Elecciones a Junta de Centro \u2013 2020 - ETSI, UHU<\/title>\n<meta name=\"robots\" content=\"index, follow, max-snippet:-1, max-image-preview:large, max-video-preview:-1\" \/>\n<link rel=\"canonical\" href=\"https:\/\/www.uhu.es\/etsi\/elecciones-a-junta-de-centro-2020\/\" \/>\n<meta property=\"og:locale\" content=\"es_ES\" \/>\n<meta property=\"og:type\" content=\"article\" \/>\n<meta property=\"og:title\" content=\"Elecciones a Junta de Centro \u2013 2020 - ETSI, UHU\" \/>\n<meta property=\"og:description\" content=\"Calendario Convocatoria Electoral Designaci\u00f3n de la Junta Electoral (Sorteo) Designaci\u00f3n de la Junta Electoral (Acta) Constituci\u00f3n de la Junta Electoral ... Read More\" \/>\n<meta property=\"og:url\" content=\"https:\/\/www.uhu.es\/etsi\/elecciones-a-junta-de-centro-2020\/\" \/>\n<meta property=\"og:site_name\" content=\"ETSI, UHU\" \/>\n<meta property=\"article:modified_time\" content=\"2020-11-26T10:59:52+00:00\" \/>\n<script type=\"application\/ld+json\" class=\"yoast-schema-graph\">{\"@context\":\"https:\/\/schema.org\",\"@graph\":[{\"@type\":\"WebPage\",\"@id\":\"https:\/\/www.uhu.es\/etsi\/elecciones-a-junta-de-centro-2020\/\",\"url\":\"https:\/\/www.uhu.es\/etsi\/elecciones-a-junta-de-centro-2020\/\",\"name\":\"Elecciones a Junta de Centro \u2013 2020 - ETSI, UHU\",\"isPartOf\":{\"@id\":\"https:\/\/www.uhu.es\/etsi\/#website\"},\"datePublished\":\"2020-09-16T08:07:52+00:00\",\"dateModified\":\"2020-11-26T10:59:52+00:00\",\"breadcrumb\":{\"@id\":\"https:\/\/www.uhu.es\/etsi\/elecciones-a-junta-de-centro-2020\/#breadcrumb\"},\"inLanguage\":\"es-ES\",\"potentialAction\":[{\"@type\":\"ReadAction\",\"target\":[\"https:\/\/www.uhu.es\/etsi\/elecciones-a-junta-de-centro-2020\/\"]}]},{\"@type\":\"BreadcrumbList\",\"@id\":\"https:\/\/www.uhu.es\/etsi\/elecciones-a-junta-de-centro-2020\/#breadcrumb\",\"itemListElement\":[{\"@type\":\"ListItem\",\"position\":1,\"name\":\"Portada\",\"item\":\"https:\/\/www.uhu.es\/etsi\/\"},{\"@type\":\"ListItem\",\"position\":2,\"name\":\"Elecciones a Junta de Centro \u2013 2020\"}]},{\"@type\":\"WebSite\",\"@id\":\"https:\/\/www.uhu.es\/etsi\/#website\",\"url\":\"https:\/\/www.uhu.es\/etsi\/\",\"name\":\"ETSI, UHU\",\"description\":\"Escuela T\u00e9cnica Superior de  Ingenier\u00eda de la Universidad de Huelva\",\"publisher\":{\"@id\":\"https:\/\/www.uhu.es\/etsi\/#organization\"},\"potentialAction\":[{\"@type\":\"SearchAction\",\"target\":{\"@type\":\"EntryPoint\",\"urlTemplate\":\"https:\/\/www.uhu.es\/etsi\/?s={search_term_string}\"},\"query-input\":\"required name=search_term_string\"}],\"inLanguage\":\"es-ES\"},{\"@type\":\"Organization\",\"@id\":\"https:\/\/www.uhu.es\/etsi\/#organization\",\"name\":\"UHU ETSI\",\"url\":\"https:\/\/www.uhu.es\/etsi\/\",\"logo\":{\"@type\":\"ImageObject\",\"inLanguage\":\"es-ES\",\"@id\":\"https:\/\/www.uhu.es\/etsi\/#\/schema\/logo\/image\/\",\"url\":\"http:\/\/www.uhu.es\/etsi\/wp-content\/uploads\/2016\/02\/membrete_ETSI.jpg\",\"contentUrl\":\"http:\/\/www.uhu.es\/etsi\/wp-content\/uploads\/2016\/02\/membrete_ETSI.jpg\",\"width\":423,\"height\":81,\"caption\":\"UHU ETSI\"},\"image\":{\"@id\":\"https:\/\/www.uhu.es\/etsi\/#\/schema\/logo\/image\/\"}}]}<\/script>\n<!-- \/ Yoast SEO plugin. -->","yoast_head_json":{"title":"Elecciones a Junta de Centro \u2013 2020 - ETSI, UHU","robots":{"index":"index","follow":"follow","max-snippet":"max-snippet:-1","max-image-preview":"max-image-preview:large","max-video-preview":"max-video-preview:-1"},"canonical":"https:\/\/www.uhu.es\/etsi\/elecciones-a-junta-de-centro-2020\/","og_locale":"es_ES","og_type":"article","og_title":"Elecciones a Junta de Centro \u2013 2020 - ETSI, UHU","og_description":"Calendario Convocatoria Electoral Designaci\u00f3n de la Junta Electoral (Sorteo) Designaci\u00f3n de la Junta Electoral (Acta) Constituci\u00f3n de la Junta Electoral ... Read More","og_url":"https:\/\/www.uhu.es\/etsi\/elecciones-a-junta-de-centro-2020\/","og_site_name":"ETSI, UHU","article_modified_time":"2020-11-26T10:59:52+00:00","schema":{"@context":"https:\/\/schema.org","@graph":[{"@type":"WebPage","@id":"https:\/\/www.uhu.es\/etsi\/elecciones-a-junta-de-centro-2020\/","url":"https:\/\/www.uhu.es\/etsi\/elecciones-a-junta-de-centro-2020\/","name":"Elecciones a Junta de Centro \u2013 2020 - ETSI, UHU","isPartOf":{"@id":"https:\/\/www.uhu.es\/etsi\/#website"},"datePublished":"2020-09-16T08:07:52+00:00","dateModified":"2020-11-26T10:59:52+00:00","breadcrumb":{"@id":"https:\/\/www.uhu.es\/etsi\/elecciones-a-junta-de-centro-2020\/#breadcrumb"},"inLanguage":"es-ES","potentialAction":[{"@type":"ReadAction","target":["https:\/\/www.uhu.es\/etsi\/elecciones-a-junta-de-centro-2020\/"]}]},{"@type":"BreadcrumbList","@id":"https:\/\/www.uhu.es\/etsi\/elecciones-a-junta-de-centro-2020\/#breadcrumb","itemListElement":[{"@type":"ListItem","position":1,"name":"Portada","item":"https:\/\/www.uhu.es\/etsi\/"},{"@type":"ListItem","position":2,"name":"Elecciones a Junta de Centro \u2013 2020"}]},{"@type":"WebSite","@id":"https:\/\/www.uhu.es\/etsi\/#website","url":"https:\/\/www.uhu.es\/etsi\/","name":"ETSI, UHU","description":"Escuela T\u00e9cnica Superior de  Ingenier\u00eda de la Universidad de Huelva","publisher":{"@id":"https:\/\/www.uhu.es\/etsi\/#organization"},"potentialAction":[{"@type":"SearchAction","target":{"@type":"EntryPoint","urlTemplate":"https:\/\/www.uhu.es\/etsi\/?s={search_term_string}"},"query-input":"required name=search_term_string"}],"inLanguage":"es-ES"},{"@type":"Organization","@id":"https:\/\/www.uhu.es\/etsi\/#organization","name":"UHU ETSI","url":"https:\/\/www.uhu.es\/etsi\/","logo":{"@type":"ImageObject","inLanguage":"es-ES","@id":"https:\/\/www.uhu.es\/etsi\/#\/schema\/logo\/image\/","url":"http:\/\/www.uhu.es\/etsi\/wp-content\/uploads\/2016\/02\/membrete_ETSI.jpg","contentUrl":"http:\/\/www.uhu.es\/etsi\/wp-content\/uploads\/2016\/02\/membrete_ETSI.jpg","width":423,"height":81,"caption":"UHU ETSI"},"image":{"@id":"https:\/\/www.uhu.es\/etsi\/#\/schema\/logo\/image\/"}}]}},"_links":{"self":[{"href":"https:\/\/www.uhu.es\/etsi\/wp-json\/wp\/v2\/pages\/19778"}],"collection":[{"href":"https:\/\/www.uhu.es\/etsi\/wp-json\/wp\/v2\/pages"}],"about":[{"href":"https:\/\/www.uhu.es\/etsi\/wp-json\/wp\/v2\/types\/page"}],"author":[{"embeddable":true,"href":"https:\/\/www.uhu.es\/etsi\/wp-json\/wp\/v2\/users\/7"}],"replies":[{"embeddable":true,"href":"https:\/\/www.uhu.es\/etsi\/wp-json\/wp\/v2\/comments?post=19778"}],"version-history":[{"count":29,"href":"https:\/\/www.uhu.es\/etsi\/wp-json\/wp\/v2\/pages\/19778\/revisions"}],"predecessor-version":[{"id":20068,"href":"https:\/\/www.uhu.es\/etsi\/wp-json\/wp\/v2\/pages\/19778\/revisions\/20068"}],"wp:attachment":[{"href":"https:\/\/www.uhu.es\/etsi\/wp-json\/wp\/v2\/media?parent=19778"}],"curies":[{"name":"wp","href":"https:\/\/api.w.org\/{rel}","templated":true}]}}