{"id":19866,"date":"2020-10-08T09:29:54","date_gmt":"2020-10-08T08:29:54","guid":{"rendered":"http:\/\/www.uhu.es\/etsi\/?page_id=19866"},"modified":"2020-10-08T09:35:20","modified_gmt":"2020-10-08T08:35:20","slug":"secretaria-informa-a-los-alumnos","status":"publish","type":"page","link":"https:\/\/www.uhu.es\/etsi\/secretaria-informa-a-los-alumnos\/","title":{"rendered":"SECRETARIA INFORMA A LOS ALUMNOS"},"content":{"rendered":"<p>Desde hoy 08-10-2020 contamos con una persona de apoyo, <strong>durante dos meses<\/strong>, para informaci\u00f3n de todos los temas de secretaria, que estar\u00e1 disponible en el tel\u00e9fono <strong>959218126.<\/strong><\/p>\n<p>En breve se pondr\u00e1 en marcha un <strong>sistema de atenci\u00f3n al estudiante<\/strong> a trav\u00e9s de zoom, que ser\u00e1 atendido durante dos meses por esta persona.<\/p>\n<p>&nbsp;<\/p>\n<p style=\"text-align: center;\"><a href=\"https:\/\/www.uhu.es\/etsi\/descargas\/2020\/julio\/LA_SECRETARIA_INFORMA_A_LOS_ALUMNOS.pdf\"><span style=\"font-size: 14pt;\">Documento PDF para m\u00e1s informaci\u00f3n<\/span><\/a><\/p>\n<p>&nbsp;<\/p>\n","protected":false},"excerpt":{"rendered":"<p>Desde hoy 08-10-2020 contamos con una persona de apoyo, durante dos meses, para informaci\u00f3n de todos los temas de secretaria, &#8230; <\/p>\n<div><a href=\"https:\/\/www.uhu.es\/etsi\/secretaria-informa-a-los-alumnos\/\" class=\"more-link\">Read More<\/a><\/div>\n","protected":false},"author":7,"featured_media":0,"parent":0,"menu_order":0,"comment_status":"closed","ping_status":"closed","template":"template-layout-full-width.php","meta":[],"yoast_head":"<!-- This site is optimized with the Yoast SEO plugin v20.2.1 - https:\/\/yoast.com\/wordpress\/plugins\/seo\/ -->\n<title>SECRETARIA INFORMA A LOS ALUMNOS - ETSI, UHU<\/title>\n<meta name=\"robots\" content=\"index, follow, max-snippet:-1, max-image-preview:large, max-video-preview:-1\" \/>\n<link rel=\"canonical\" href=\"http:\/\/web5n.uhu.es\/etsi\/secretaria-informa-a-los-alumnos\/\" \/>\n<meta property=\"og:locale\" content=\"es_ES\" \/>\n<meta property=\"og:type\" content=\"article\" \/>\n<meta property=\"og:title\" content=\"SECRETARIA INFORMA A LOS ALUMNOS - ETSI, UHU\" \/>\n<meta property=\"og:description\" content=\"Desde hoy 08-10-2020 contamos con una persona de apoyo, durante dos meses, para informaci\u00f3n de todos los temas de secretaria, ... Read More\" \/>\n<meta property=\"og:url\" content=\"http:\/\/web5n.uhu.es\/etsi\/secretaria-informa-a-los-alumnos\/\" \/>\n<meta property=\"og:site_name\" content=\"ETSI, UHU\" \/>\n<meta property=\"article:modified_time\" content=\"2020-10-08T08:35:20+00:00\" \/>\n<script type=\"application\/ld+json\" class=\"yoast-schema-graph\">{\"@context\":\"https:\/\/schema.org\",\"@graph\":[{\"@type\":\"WebPage\",\"@id\":\"http:\/\/web5n.uhu.es\/etsi\/secretaria-informa-a-los-alumnos\/\",\"url\":\"http:\/\/web5n.uhu.es\/etsi\/secretaria-informa-a-los-alumnos\/\",\"name\":\"SECRETARIA INFORMA A LOS ALUMNOS - ETSI, UHU\",\"isPartOf\":{\"@id\":\"https:\/\/www.uhu.es\/etsi\/#website\"},\"datePublished\":\"2020-10-08T08:29:54+00:00\",\"dateModified\":\"2020-10-08T08:35:20+00:00\",\"breadcrumb\":{\"@id\":\"http:\/\/web5n.uhu.es\/etsi\/secretaria-informa-a-los-alumnos\/#breadcrumb\"},\"inLanguage\":\"es-ES\",\"potentialAction\":[{\"@type\":\"ReadAction\",\"target\":[\"http:\/\/web5n.uhu.es\/etsi\/secretaria-informa-a-los-alumnos\/\"]}]},{\"@type\":\"BreadcrumbList\",\"@id\":\"http:\/\/web5n.uhu.es\/etsi\/secretaria-informa-a-los-alumnos\/#breadcrumb\",\"itemListElement\":[{\"@type\":\"ListItem\",\"position\":1,\"name\":\"Portada\",\"item\":\"https:\/\/www.uhu.es\/etsi\/\"},{\"@type\":\"ListItem\",\"position\":2,\"name\":\"SECRETARIA INFORMA A LOS ALUMNOS\"}]},{\"@type\":\"WebSite\",\"@id\":\"https:\/\/www.uhu.es\/etsi\/#website\",\"url\":\"https:\/\/www.uhu.es\/etsi\/\",\"name\":\"ETSI, UHU\",\"description\":\"Escuela T\u00e9cnica Superior de  Ingenier\u00eda de la Universidad de Huelva\",\"publisher\":{\"@id\":\"https:\/\/www.uhu.es\/etsi\/#organization\"},\"potentialAction\":[{\"@type\":\"SearchAction\",\"target\":{\"@type\":\"EntryPoint\",\"urlTemplate\":\"https:\/\/www.uhu.es\/etsi\/?s={search_term_string}\"},\"query-input\":\"required name=search_term_string\"}],\"inLanguage\":\"es-ES\"},{\"@type\":\"Organization\",\"@id\":\"https:\/\/www.uhu.es\/etsi\/#organization\",\"name\":\"UHU ETSI\",\"url\":\"https:\/\/www.uhu.es\/etsi\/\",\"logo\":{\"@type\":\"ImageObject\",\"inLanguage\":\"es-ES\",\"@id\":\"https:\/\/www.uhu.es\/etsi\/#\/schema\/logo\/image\/\",\"url\":\"http:\/\/www.uhu.es\/etsi\/wp-content\/uploads\/2016\/02\/membrete_ETSI.jpg\",\"contentUrl\":\"http:\/\/www.uhu.es\/etsi\/wp-content\/uploads\/2016\/02\/membrete_ETSI.jpg\",\"width\":423,\"height\":81,\"caption\":\"UHU ETSI\"},\"image\":{\"@id\":\"https:\/\/www.uhu.es\/etsi\/#\/schema\/logo\/image\/\"}}]}<\/script>\n<!-- \/ Yoast SEO plugin. -->","yoast_head_json":{"title":"SECRETARIA INFORMA A LOS ALUMNOS - ETSI, UHU","robots":{"index":"index","follow":"follow","max-snippet":"max-snippet:-1","max-image-preview":"max-image-preview:large","max-video-preview":"max-video-preview:-1"},"canonical":"http:\/\/web5n.uhu.es\/etsi\/secretaria-informa-a-los-alumnos\/","og_locale":"es_ES","og_type":"article","og_title":"SECRETARIA INFORMA A LOS ALUMNOS - ETSI, UHU","og_description":"Desde hoy 08-10-2020 contamos con una persona de apoyo, durante dos meses, para informaci\u00f3n de todos los temas de secretaria, ... Read More","og_url":"http:\/\/web5n.uhu.es\/etsi\/secretaria-informa-a-los-alumnos\/","og_site_name":"ETSI, UHU","article_modified_time":"2020-10-08T08:35:20+00:00","schema":{"@context":"https:\/\/schema.org","@graph":[{"@type":"WebPage","@id":"http:\/\/web5n.uhu.es\/etsi\/secretaria-informa-a-los-alumnos\/","url":"http:\/\/web5n.uhu.es\/etsi\/secretaria-informa-a-los-alumnos\/","name":"SECRETARIA INFORMA A LOS ALUMNOS - ETSI, UHU","isPartOf":{"@id":"https:\/\/www.uhu.es\/etsi\/#website"},"datePublished":"2020-10-08T08:29:54+00:00","dateModified":"2020-10-08T08:35:20+00:00","breadcrumb":{"@id":"http:\/\/web5n.uhu.es\/etsi\/secretaria-informa-a-los-alumnos\/#breadcrumb"},"inLanguage":"es-ES","potentialAction":[{"@type":"ReadAction","target":["http:\/\/web5n.uhu.es\/etsi\/secretaria-informa-a-los-alumnos\/"]}]},{"@type":"BreadcrumbList","@id":"http:\/\/web5n.uhu.es\/etsi\/secretaria-informa-a-los-alumnos\/#breadcrumb","itemListElement":[{"@type":"ListItem","position":1,"name":"Portada","item":"https:\/\/www.uhu.es\/etsi\/"},{"@type":"ListItem","position":2,"name":"SECRETARIA INFORMA A LOS ALUMNOS"}]},{"@type":"WebSite","@id":"https:\/\/www.uhu.es\/etsi\/#website","url":"https:\/\/www.uhu.es\/etsi\/","name":"ETSI, UHU","description":"Escuela T\u00e9cnica Superior de  Ingenier\u00eda de la Universidad de Huelva","publisher":{"@id":"https:\/\/www.uhu.es\/etsi\/#organization"},"potentialAction":[{"@type":"SearchAction","target":{"@type":"EntryPoint","urlTemplate":"https:\/\/www.uhu.es\/etsi\/?s={search_term_string}"},"query-input":"required name=search_term_string"}],"inLanguage":"es-ES"},{"@type":"Organization","@id":"https:\/\/www.uhu.es\/etsi\/#organization","name":"UHU ETSI","url":"https:\/\/www.uhu.es\/etsi\/","logo":{"@type":"ImageObject","inLanguage":"es-ES","@id":"https:\/\/www.uhu.es\/etsi\/#\/schema\/logo\/image\/","url":"http:\/\/www.uhu.es\/etsi\/wp-content\/uploads\/2016\/02\/membrete_ETSI.jpg","contentUrl":"http:\/\/www.uhu.es\/etsi\/wp-content\/uploads\/2016\/02\/membrete_ETSI.jpg","width":423,"height":81,"caption":"UHU ETSI"},"image":{"@id":"https:\/\/www.uhu.es\/etsi\/#\/schema\/logo\/image\/"}}]}},"_links":{"self":[{"href":"https:\/\/www.uhu.es\/etsi\/wp-json\/wp\/v2\/pages\/19866"}],"collection":[{"href":"https:\/\/www.uhu.es\/etsi\/wp-json\/wp\/v2\/pages"}],"about":[{"href":"https:\/\/www.uhu.es\/etsi\/wp-json\/wp\/v2\/types\/page"}],"author":[{"embeddable":true,"href":"https:\/\/www.uhu.es\/etsi\/wp-json\/wp\/v2\/users\/7"}],"replies":[{"embeddable":true,"href":"https:\/\/www.uhu.es\/etsi\/wp-json\/wp\/v2\/comments?post=19866"}],"version-history":[{"count":4,"href":"https:\/\/www.uhu.es\/etsi\/wp-json\/wp\/v2\/pages\/19866\/revisions"}],"predecessor-version":[{"id":19870,"href":"https:\/\/www.uhu.es\/etsi\/wp-json\/wp\/v2\/pages\/19866\/revisions\/19870"}],"wp:attachment":[{"href":"https:\/\/www.uhu.es\/etsi\/wp-json\/wp\/v2\/media?parent=19866"}],"curies":[{"name":"wp","href":"https:\/\/api.w.org\/{rel}","templated":true}]}}