{"id":20337,"date":"2021-03-23T12:44:36","date_gmt":"2021-03-23T11:44:36","guid":{"rendered":"http:\/\/www.uhu.es\/etsi\/?page_id=20337"},"modified":"2022-03-30T09:59:11","modified_gmt":"2022-03-30T08:59:11","slug":"ofertas-de-empleo","status":"publish","type":"page","link":"https:\/\/www.uhu.es\/etsi\/ofertas-de-empleo\/","title":{"rendered":"Ofertas de empleo"},"content":{"rendered":"<p><a href=\"https:\/\/www.uhu.es\/etsi\/wp-content\/uploads\/2021\/03\/cartel_16.3.21_SOIPEA.jpg\"><img\n\t\tclass=\"size-full wp-image-20277 aligncenter\"\n\t\tsrc=\"https:\/\/www.uhu.es\/etsi\/wp-content\/uploads\/2021\/03\/cartel_OfertaSemanal.jpg\" alt=\"\" width=\"960\"\n\t\theight=\"584\" \/><\/a><\/p>\n<div  class=\"x-alert x-alert-info x-alert-block\" >\n<p style=\"text-align: center;\"><span class=\"css-901oao css-16my406 r-poiln3 r-bcqeeo r-qvutc0\">IMPRESCINDIBLE ESTAR<br \/>\n\t\tINSCRITO EN LA AGENCIA DE COLOCACI\u00d3N DE LA UHU (\u00cdCARO) Y CUMPLIR CON LA TITULACI\u00d3N.<\/span><\/p>\n<\/div>\n<table style=\"height: 20px; width: 100%;\">\n<tbody>\n<tr>\n<td style=\"width: 266.883px; text-align: center;\">Puesto<\/td>\n<td style=\"width: 394.567px; text-align: center;\">Titulaci\u00f3n<\/td>\n<td style=\"width: 439.467px; text-align: center;\">Tareas a realizar<\/td>\n<td style=\"width: 250.083px; text-align: center;\">Enlace Puesto<\/td>\n<\/tr>\n<p><!-- A PARTIR DE AQUI SE PONEN LAS OFERTAS--><\/p>\n<tr>\n<td style=\"width: 266.883px; text-align: left;\">AP Oracle + .NET<\/td>\n<td style=\"width: 394.567px; text-align: left;\">\n<ul>\n<li>Ingeniero en Inform\u00e1tica<\/li>\n<li>T\u00e9cnico Superior Sist.Telecom.\/Informat.<\/li>\n<li>Ingeniero T\u00e9cnico en Inform\u00e1tica de Sistemas<\/li>\n<li>Grado en Ingenier\u00eda Inform\u00e1tica<\/li>\n<\/ul>\n<\/td>\n<td style=\"width: 439.467px; text-align: justify;\">\n                Analista programador Oracle + .Net. Buen nivel de ingl\u00e9s.\t\t<\/td>\n<td style=\"width: 250.083px; text-align: center;\"><a\n\t\t\t\t\thref=\"https:\/\/www.uhu.es\/etsi\/wp-content\/uploads\/2022\/03\/OFERTA 336682 29 MARZO 2022.jpg\"><img\n\t\t\t\t\t\tclass=\"alignnone wp-image-21045\"\n\t\t\t\t\t\tsrc=\"https:\/\/www.uhu.es\/etsi\/wp-content\/uploads\/2022\/03\/OFERTA 336682 29 MARZO 2022.jpg\" alt=\"\"\n\t\t\t\t\t\twidth=\"215\" height=\"156\" \/><\/a><\/p>\n<div  class=\"x-alert x-alert-danger x-alert-block\" ><a href=\"http:\/\/icaro.ual.es\/Oferta336682\">VER OFERTA<\/a><\/div><a\n\t\t\t\t\thref=\"http:\/\/icaro.ual.es\/Oferta336682\">icaro.ual.es\/Oferta336682<\/a><\/p>\n<p style=\"color: #ff0000;\">Referencia: 336682<\/p>\n<\/td>\n<\/tr>\n<p><!-- Siguiente OFERTA--><\/p>\n<tr>\n<td style=\"width: 266.883px; text-align: left;\">DESARROLLADOR .NET<\/td>\n<td style=\"width: 394.567px; text-align: left;\">\n<ul>\n<li>Ingeniero en Inform\u00e1tica<\/li>\n<li>T\u00e9cnico Superior Sist.Telecom.\/Informat.<\/li>\n<li>Ingeniero T\u00e9cnico en Inform\u00e1tica de Sistemas<\/li>\n<li>Grado en Ingenier\u00eda Inform\u00e1tica<\/li>\n<\/ul>\n<\/td>\n<td style=\"width: 439.467px; text-align: justify;\">\n            Servicio de replataformado de apps de Delphi y Cobol a .NET Buen nivel de ingl\u00e9s\t\t<\/td>\n<td style=\"width: 250.083px; text-align: center;\"><a\n\t\t\t\t\thref=\"https:\/\/www.uhu.es\/etsi\/wp-content\/uploads\/2022\/03\/OFERTA 336686 29 MARZO 2022.jpg\"><img\n\t\t\t\t\t\tclass=\"alignnone wp-image-21045\"\n\t\t\t\t\t\tsrc=\"https:\/\/www.uhu.es\/etsi\/wp-content\/uploads\/2022\/03\/OFERTA 336686 29 MARZO 2022.jpg\" alt=\"\"\n\t\t\t\t\t\twidth=\"215\" height=\"156\" \/><\/a><\/p>\n<div  class=\"x-alert x-alert-danger x-alert-block\" ><a href=\"http:\/\/icaro.ual.es\/Oferta336686\">VER OFERTA<\/a><\/div><a\n\t\t\t\t\thref=\"http:\/\/icaro.ual.es\/Oferta336686\">icaro.ual.es\/Oferta336686<\/a><\/p>\n<p style=\"color: #ff0000;\">Referencia: 336686<\/p>\n<\/td>\n<\/tr>\n<p><!-- Siguiente OFERTA--><\/p>\n<tr>\n<td style=\"width: 266.883px; text-align: left;\">NET Developer<\/td>\n<td style=\"width: 394.567px; text-align: left;\">\n<ul>\n<li>Ingeniero en Inform\u00e1tica<\/li>\n<li>T\u00e9cnico Superior Sist.Telecom.\/Informat.<\/li>\n<li>Ingeniero T\u00e9cnico en Inform\u00e1tica de Sistemas<\/li>\n<li>Grado en Ingenier\u00eda Inform\u00e1tica<\/li>\n<\/ul>\n<\/td>\n<td style=\"width: 439.467px; text-align: justify;\">\n            .NET ASP.NET, APS.NET MVC, WCF Buen nivel de ingl\u00e9s.\t\t\t<\/td>\n<td style=\"width: 250.083px; text-align: center;\"><a\n\t\t\t\t\thref=\"https:\/\/www.uhu.es\/etsi\/wp-content\/uploads\/2022\/03\/OFERTA 336687 29 MARZO 2022.png\"><img\n\t\t\t\t\t\tclass=\"alignnone wp-image-21045\"\n\t\t\t\t\t\tsrc=\"https:\/\/www.uhu.es\/etsi\/wp-content\/uploads\/2022\/03\/OFERTA 336687 29 MARZO 2022.png\" alt=\"\"\n\t\t\t\t\t\twidth=\"215\" height=\"156\" \/><\/a><\/p>\n<div  class=\"x-alert x-alert-danger x-alert-block\" ><a href=\"http:\/\/icaro.ual.es\/Oferta336687\">VER OFERTA<\/a><\/div><a\n\t\t\t\t\thref=\"http:\/\/icaro.ual.es\/Oferta336687\">icaro.ual.es\/Oferta336687<\/a><\/p>\n<p style=\"color: #ff0000;\">Referencia: 336687<\/p>\n<\/td>\n<\/tr>\n<p><!-- Siguiente OFERTA--><\/p>\n<tr>\n<td style=\"width: 266.883px; text-align: left;\">INTEGRADOR .NET<\/td>\n<td style=\"width: 394.567px; text-align: left;\">\n<ul>\n<li>Ingeniero en Inform\u00e1tica<\/li>\n<li>T\u00e9cnico Superior Sist.Telecom.\/Informat.<\/li>\n<li>Ingeniero T\u00e9cnico en Inform\u00e1tica de Sistemas<\/li>\n<li>Grado en Ingenier\u00eda Inform\u00e1tica<\/li>\n<\/ul>\n<\/td>\n<td style=\"width: 439.467px; text-align: justify;\">\n            Integraci\u00f3n SW. Net, Oracle + Jenkins Buen nivel de ingl\u00e9s.\t\t\t<\/td>\n<td style=\"width: 250.083px; text-align: center;\"><a\n\t\t\t\t\thref=\"https:\/\/www.uhu.es\/etsi\/wp-content\/uploads\/2022\/03\/OFERTA 336690 29 MARZO 2022.jpg\"><img\n\t\t\t\t\t\tclass=\"alignnone wp-image-21045\"\n\t\t\t\t\t\tsrc=\"https:\/\/www.uhu.es\/etsi\/wp-content\/uploads\/2022\/03\/OFERTA 336690 29 MARZO 2022.jpg\" alt=\"\"\n\t\t\t\t\t\twidth=\"215\" height=\"156\" \/><\/a><\/p>\n<div  class=\"x-alert x-alert-danger x-alert-block\" ><a href=\"http:\/\/icaro.ual.es\/Oferta336690\">VER OFERTA<\/a><\/div><a\n\t\t\t\t\thref=\"http:\/\/icaro.ual.es\/Oferta336690\">icaro.ual.es\/Oferta336690<\/a><\/p>\n<p style=\"color: #ff0000;\">Referencia: 336690<\/p>\n<\/td>\n<\/tr>\n<p><!-- Siguiente OFERTA--><\/p>\n<tr>\n<td style=\"width: 266.883px; text-align: left;\">INTEGRADOR .NET<\/td>\n<td style=\"width: 394.567px; text-align: left;\">\n<ul>\n<li>Ingeniero en Inform\u00e1tica<\/li>\n<li>T\u00e9cnico Superior Sist.Telecom.\/Informat.<\/li>\n<li>Ingeniero T\u00e9cnico en Inform\u00e1tica de Sistemas<\/li>\n<li>Grado en Ingenier\u00eda Inform\u00e1tica<\/li>\n<\/ul>\n<\/td>\n<td style=\"width: 439.467px; text-align: justify;\">\n            Integraci\u00f3n SW. Net, Oracle + Jenkins Buen nivel de ingl\u00e9s.\t\t\t<\/td>\n<td style=\"width: 250.083px; text-align: center;\"><a\n\t\t\t\t\thref=\"https:\/\/www.uhu.es\/etsi\/wp-content\/uploads\/2022\/03\/OFERTA 336692 29 MARZO 2022.jpg\"><img\n\t\t\t\t\t\tclass=\"alignnone wp-image-21045\"\n\t\t\t\t\t\tsrc=\"https:\/\/www.uhu.es\/etsi\/wp-content\/uploads\/2022\/03\/OFERTA 336692 29 MARZO 2022.jpg\" alt=\"\"\n\t\t\t\t\t\twidth=\"215\" height=\"156\" \/><\/a><\/p>\n<div  class=\"x-alert x-alert-danger x-alert-block\" ><a href=\"http:\/\/icaro.ual.es\/Oferta336692\">VER OFERTA<\/a><\/div><a\n\t\t\t\t\thref=\"http:\/\/icaro.ual.es\/Oferta336692\">icaro.ual.es\/Oferta336692<\/a><\/p>\n<p style=\"color: #ff0000;\">Referencia: 336692<\/p>\n<\/td>\n<\/tr>\n<p><!-- Siguiente OFERTA--><\/p>\n<tr>\n<td style=\"width: 266.883px; text-align: left;\">Desarrollador PowerBuilder<\/td>\n<td style=\"width: 394.567px; text-align: left;\">\n<ul>\n<li>Ingeniero en Inform\u00e1tica<\/li>\n<li>T\u00e9cnico Superior Sist.Telecom.\/Informat.<\/li>\n<li>Ingeniero T\u00e9cnico en Inform\u00e1tica de Sistemas<\/li>\n<li>Grado en Ingenier\u00eda Inform\u00e1tica<\/li>\n<\/ul>\n<\/td>\n<td style=\"width: 439.467px; text-align: justify;\">\n\t\t\tPowerBuilder. Buen nivel de ingl\u00e9s.\n\t\t\t<\/td>\n<td style=\"width: 250.083px; text-align: center;\"><a\n\t\t\t\t\thref=\"https:\/\/www.uhu.es\/etsi\/wp-content\/uploads\/2022\/03\/OFERTA 336693 29 MARZO 2022.jpg\"><img\n\t\t\t\t\t\tclass=\"alignnone wp-image-21045\"\n\t\t\t\t\t\tsrc=\"https:\/\/www.uhu.es\/etsi\/wp-content\/uploads\/2022\/03\/OFERTA 336693 29 MARZO 2022.jpg\" alt=\"\"\n\t\t\t\t\t\twidth=\"215\" height=\"156\" \/><\/a><\/p>\n<div  class=\"x-alert x-alert-danger x-alert-block\" ><a href=\"http:\/\/icaro.ual.es\/Oferta336693\">VER OFERTA<\/a><\/div><a\n\t\t\t\t\thref=\"http:\/\/icaro.ual.es\/Oferta336693\">icaro.ual.es\/Oferta336693<\/a><\/p>\n<p style=\"color: #ff0000;\">Referencia: 336693<\/p>\n<\/td>\n<\/tr>\n<p><!-- Siguiente OFERTA--><\/p>\n<tr>\n<td style=\"width: 266.883px; text-align: left;\">Scrum Master &#8211; Project Manager<\/td>\n<td style=\"width: 394.567px; text-align: left;\">\n<ul>\n<li>Ingeniero en Inform\u00e1tica<\/li>\n<li>T\u00e9cnico Superior Sist.Telecom.\/Informat.<\/li>\n<li>Ingeniero T\u00e9cnico en Inform\u00e1tica de Sistemas<\/li>\n<li>Grado en Ingenier\u00eda Inform\u00e1tica<\/li>\n<\/ul>\n<\/td>\n<td style=\"width: 439.467px; text-align: justify;\">\n\t\t\tScrum Master &#8211; Agile Coach &#8211; PM Buen nivel de ingl\u00e9s.\n\t\t\t<\/td>\n<td style=\"width: 250.083px; text-align: center;\"><a\n\t\t\t\t\thref=\"https:\/\/www.uhu.es\/etsi\/wp-content\/uploads\/2022\/03\/OFERTA 336695 29 MARZO 2022.jpg\"><img\n\t\t\t\t\t\tclass=\"alignnone wp-image-21045\"\n\t\t\t\t\t\tsrc=\"https:\/\/www.uhu.es\/etsi\/wp-content\/uploads\/2022\/03\/OFERTA 336695 29 MARZO 2022.jpg\" alt=\"\"\n\t\t\t\t\t\twidth=\"215\" height=\"156\" \/><\/a><\/p>\n<div  class=\"x-alert x-alert-danger x-alert-block\" ><a href=\"http:\/\/icaro.ual.es\/Oferta336695\">VER OFERTA<\/a><\/div><a\n\t\t\t\t\thref=\"http:\/\/icaro.ual.es\/Oferta336695\">icaro.ual.es\/Oferta336695<\/a><\/p>\n<p style=\"color: #ff0000;\">Referencia: 336695<\/p>\n<\/td>\n<\/tr>\n<p><!-- Siguiente OFERTA--><\/p>\n<tr>\n<td style=\"width: 266.883px; text-align: left;\">Monitoring Production Consultant &#8211; Project Manager<\/td>\n<td style=\"width: 394.567px; text-align: left;\">\n<ul>\n<li>Ingeniero en Inform\u00e1tica<\/li>\n<li>Ingeniero T\u00e9cnico en Inform\u00e1tica de Sistemas<\/li>\n<li>T\u00e9cnico Superior Sist. Telecom.\/Informat.<\/li>\n<li>Grado en Ingenier\u00eda Inform\u00e1tica<\/li>\n<\/ul>\n<\/td>\n<td style=\"width: 439.467px; text-align: justify;\">\n\t\t\tTareas a realizar:<br \/>\n            &#8211; Project Manager para interfaces y Aplicaciones: Centralizaci\u00f3n de todas las nuevas interfaces y solicitudes de aplicaciones con un &#8220;primer punto de contacto&#8221; para los diferentes equipos como DEV Middleware, finanzas, RRHH, usuarios de Compras, y otros; proyectos presentados al CIO de Operaciones del Grupo Asegurador. Funcional \/ de apoyo al negocio (finanzas, RRHH, proc,&#8230;). Experiencia en aplicaciones Experiencia en interfaces (ESG, EIP, UDM, Talend, &#8230;). Buen nivel de ingl\u00e9s.\n\t\t\t<\/td>\n<td style=\"width: 250.083px; text-align: center;\"><a\n\t\t\t\t\thref=\"https:\/\/www.uhu.es\/etsi\/wp-content\/uploads\/2022\/03\/OFERTA 336696 29 MARZO 2022.jpg\"><img\n\t\t\t\t\t\tclass=\"alignnone wp-image-21045\"\n\t\t\t\t\t\tsrc=\"https:\/\/www.uhu.es\/etsi\/wp-content\/uploads\/2022\/03\/OFERTA 336696 29 MARZO 2022.jpg\" alt=\"\"\n\t\t\t\t\t\twidth=\"215\" height=\"156\" \/><\/a><\/p>\n<div  class=\"x-alert x-alert-danger x-alert-block\" ><a href=\"http:\/\/icaro.ual.es\/Oferta336696\">VER OFERTA<\/a><\/div><a\n\t\t\t\t\thref=\"http:\/\/icaro.ual.es\/Oferta336696\">http:\/\/icaro.ual.es\/Oferta336696<\/a><\/p>\n<p style=\"color: #ff0000;\">Referencia: 336696<\/p>\n<\/td>\n<\/tr>\n<p><!-- Siguiente OFERTA--><\/p>\n<tr>\n<td style=\"width: 266.883px; text-align: left;\">Desarrollador de Software embebido en el \u00e1rea C\/C++ (m\/f)<\/td>\n<td style=\"width: 394.567px; text-align: left;\">\n<ul>\n<li>Ingeniero en Inform\u00e1tica<\/li>\n<li>Diplomado en Inform\u00e1tica, Secci\u00f3n Gesti\u00f3n<\/li>\n<li>Ingeniero T\u00e9cnico en Inform\u00e1tica de Gesti\u00f3n<\/li>\n<li>Ingeniero T\u00e9cnico en Inform\u00e1tica de Sistemas<\/li>\n<li>Grado en Ingenier\u00eda Inform\u00e1tica<\/li>\n<\/ul>\n<\/td>\n<td style=\"width: 439.467px; text-align: justify;\">\n\t\t\t&#8211;          Programaci\u00f3n relacionada con hardware en C y C ++<\/p>\n<p>&#8211;          Ampliaci\u00f3n, ensayo, mantenimiento y adaptaci\u00f3n de m\u00f3dulos existentes<\/p>\n<p>&#8211;          Creaci\u00f3n, pruebas, integraci\u00f3n y documentaci\u00f3n de software embebido<\/p>\n<p>&#8211;          Soporte hasta la producci\u00f3n en serie a trav\u00e9s del redise\u00f1o y las pruebas\n\t\t\t<\/td>\n<td style=\"width: 250.083px; text-align: center;\"><a\n\t\t\t\t\thref=\"https:\/\/www.uhu.es\/etsi\/wp-content\/uploads\/2022\/03\/OFERTA 336027-25-MARZO-2022.jpg\"><img\n\t\t\t\t\t\tclass=\"alignnone wp-image-21045\"\n\t\t\t\t\t\tsrc=\"https:\/\/www.uhu.es\/etsi\/wp-content\/uploads\/2022\/03\/OFERTA 336027-25-MARZO-2022.jpg\" alt=\"\"\n\t\t\t\t\t\twidth=\"215\" height=\"156\" \/><\/a><\/p>\n<div  class=\"x-alert x-alert-danger x-alert-block\" ><a href=\"http:\/\/icaro.ual.es\/Oferta336027\">VER OFERTA<\/a><\/div><a\n\t\t\t\t\thref=\"http:\/\/icaro.ual.es\/Oferta336027\">icaro.ual.es\/Oferta336027<\/a><\/p>\n<p style=\"color: #ff0000;\">Referencia: 336027<\/p>\n<\/td>\n<\/tr>\n<p><!-- Siguiente OFERTA--> <\/p>\n<tr>\n<td style=\"width: 266.883px; text-align: left;\">DESARROLLADOR DE JAVA<\/td>\n<td style=\"width: 394.567px; text-align: left;\">\n<ul>\n<li>Ingeniero en Inform\u00e1tica<\/li>\n<li>Diplomado en Inform\u00e1tica, Secci\u00f3n Gesti\u00f3n<\/li>\n<li>Ingeniero T\u00e9cnico en Inform\u00e1tica de Gesti\u00f3n<\/li>\n<li>Ingeniero T\u00e9cnico en Inform\u00e1tica de Sistemas<\/li>\n<li>Grado en Ingenier\u00eda Inform\u00e1tica<\/li>\n<\/ul>\n<\/td>\n<td style=\"width: 439.467px; text-align: justify;\">\n\t\t\t&#8211;          Programaci\u00f3n independiente de, aplicaciones Java de varios niveles con Eclipse<\/p>\n<p>&#8211;          Desarrollo y concepci\u00f3n de nuevas aplicaciones y\/o m\u00f3dulos<\/p>\n<p>&#8211;          Ampliaci\u00f3n o mantenimiento de aplicaciones existentes<\/p>\n<p>&#8211;          Revisi\u00f3n continua de los progresos sobre la base de las especificaciones<\/p>\n<p>&#8211;          Presentaci\u00f3n de sugerencias de mejora y correspondiente aplicaci\u00f3n<\/p>\n<p>&#8211;          Coordinaci\u00f3n y creaci\u00f3n con los usuarios clave de la aplicaci\u00f3n<\/p>\n<p>&#8211;          Cooperaci\u00f3n estrecha con especialistas de IT y consultores<\/p>\n<p>&#8211;          Aplicaci\u00f3n activa de medidas de garant\u00eda de calidad\n\t\t\t<\/td>\n<td style=\"width: 250.083px; text-align: center;\"><a\n\t\t\t\t\thref=\"https:\/\/www.uhu.es\/etsi\/wp-content\/uploads\/2022\/03\/OFERTA 336023-25-MARZO-2022.jpg\"><img\n\t\t\t\t\t\tclass=\"alignnone wp-image-21045\"\n\t\t\t\t\t\tsrc=\"https:\/\/www.uhu.es\/etsi\/wp-content\/uploads\/2022\/03\/OFERTA 336023-25-MARZO-2022.jpg\" alt=\"\"\n\t\t\t\t\t\twidth=\"215\" height=\"156\" \/><\/a><\/p>\n<div  class=\"x-alert x-alert-danger x-alert-block\" ><a href=\"http:\/\/icaro.ual.es\/Oferta336023\">VER OFERTA<\/a><\/div><a\n\t\t\t\t\thref=\"http:\/\/icaro.ual.es\/Oferta336023\">icaro.ual.es\/Oferta336023<\/a><\/p>\n<p style=\"color: #ff0000;\">Referencia: 336023<\/p>\n<\/td>\n<\/tr>\n<tr>\n<td style=\"width: 266.883px; text-align: left;\">Analista de Soporte IT<\/td>\n<td style=\"width: 394.567px; text-align: left;\">\n<ul>\n<li>Grado en Ingenier\u00eda Inform\u00e1tica<\/li>\n<\/ul>\n<\/td>\n<td style=\"width: 439.467px; text-align: justify;\">\n\t\t\t\t&#8211; Brindar el soporte a los usuarios de la organizaci\u00f3n sobre los sistemas<br \/>\n                    agr\u00edcolas. Analizar las necesidades relacionados a los sistemas y coordinar las<br \/>\n                    mejoras de los sistemas.<br \/>\n\t\t\t\t&#8211; Canalizar los requerimientos de desarrollo solicitado por los usuarios de la organizaci\u00f3n.<br \/>\n\t\t\t\t&#8211; Realizar el levantamiento de las necesidades y requerimientos, y an\u00e1lisis para poder generar propuestas de mejoras.<br \/>\n\t\t\t\t&#8211;  Realizar pruebas integrales ante los cambios en el sistema agr\u00edcola y coordinar las pruebas funcionales con los usuarios.<br \/>\n                &#8211; Desarrollar la documentaci\u00f3n referida a las aplicaciones desarrolladas (Manual de Usuario y un Manual de Sistemas)\n\t\t\t<\/td>\n<td style=\"width: 250.083px; text-align: center;\"><a\n\t\t\t\t\thref=\"https:\/\/www.uhu.es\/etsi\/wp-content\/uploads\/2022\/03\/OFERTA 334933-15-MARZO-2022.jpg\"><img\n\t\t\t\t\t\tclass=\"alignnone wp-image-21045\"\n\t\t\t\t\t\tsrc=\"https:\/\/www.uhu.es\/etsi\/wp-content\/uploads\/2022\/03\/OFERTA 334933-15-MARZO-2022.jpg\" alt=\"\"\n\t\t\t\t\t\twidth=\"215\" height=\"156\" \/><\/a><\/p>\n<div  class=\"x-alert x-alert-danger x-alert-block\" ><a href=\"http:\/\/icaro.ual.es\/Oferta334933\">VER OFERTA<\/a><\/div><a\n\t\t\t\t\thref=\"http:\/\/icaro.ual.es\/Oferta334933\">icaro.ual.es\/Oferta334933<\/a><\/p>\n<p style=\"color: #ff0000;\">Referencia: 339433<\/p>\n<\/td>\n<\/tr>\n<p><!-- NO HAY OFERTAS --><br \/>\n<!--[alert type=\"danger\"]\n\n\n<p style=\"text-align: center;\"><span class=\"css-901oao css-16my406 r-poiln3 r-bcqeeo r-qvutc0\">Por el momento no hay ofertas disponibles.<\/span><\/p>\n\n\n[\/alert]--><\/p>\n<a  class=\"x-btn x-btn-square, rounded, pill x-btn-mini, small, regular, large, x-large, jumbo x-btn-block\"  href=\"https:\/\/www.uhu.es\/etsi\/historico-de-ofertas-de-empleo\/\" title=\"Hist\u00f3rico de ofertas\"  data-toggle=\"popover, tooltip\" data-placement=\"top, right, bottom, left\" data-trigger=\"hover, click, focus\" data-content=\"This<br \/>\ncontent will only show up if you have decided to show a popover.\"  data-options=\"thumbnail: ''\"> HIST\u00d3RICO DE OFERTAS DE EMPLEO <\/a>\n","protected":false},"excerpt":{"rendered":"<p>Puesto Titulaci\u00f3n Tareas a realizar Enlace Puesto AP Oracle + .NET Ingeniero en Inform\u00e1tica T\u00e9cnico Superior Sist.Telecom.\/Informat. Ingeniero T\u00e9cnico en &#8230; <\/p>\n<div><a href=\"https:\/\/www.uhu.es\/etsi\/ofertas-de-empleo\/\" class=\"more-link\">Read More<\/a><\/div>\n","protected":false},"author":7,"featured_media":0,"parent":0,"menu_order":0,"comment_status":"closed","ping_status":"closed","template":"template-layout-full-width.php","meta":[],"yoast_head":"<!-- This site is optimized with the Yoast SEO plugin v20.2.1 - https:\/\/yoast.com\/wordpress\/plugins\/seo\/ -->\n<title>Ofertas de empleo - ETSI, UHU<\/title>\n<meta name=\"robots\" content=\"index, follow, max-snippet:-1, max-image-preview:large, max-video-preview:-1\" \/>\n<link rel=\"canonical\" href=\"https:\/\/www.uhu.es\/etsi\/ofertas-de-empleo\/\" \/>\n<meta property=\"og:locale\" content=\"es_ES\" \/>\n<meta property=\"og:type\" content=\"article\" \/>\n<meta property=\"og:title\" content=\"Ofertas de empleo - ETSI, UHU\" \/>\n<meta property=\"og:description\" content=\"Puesto Titulaci\u00f3n Tareas a realizar Enlace Puesto AP Oracle + .NET Ingeniero en Inform\u00e1tica T\u00e9cnico Superior Sist.Telecom.\/Informat. Ingeniero T\u00e9cnico en ... Read More\" \/>\n<meta property=\"og:url\" content=\"https:\/\/www.uhu.es\/etsi\/ofertas-de-empleo\/\" \/>\n<meta property=\"og:site_name\" content=\"ETSI, UHU\" \/>\n<meta property=\"article:modified_time\" content=\"2022-03-30T08:59:11+00:00\" \/>\n<meta name=\"twitter:label1\" content=\"Est. reading time\" \/>\n\t<meta name=\"twitter:data1\" content=\"5 minutes\" \/>\n<script type=\"application\/ld+json\" class=\"yoast-schema-graph\">{\"@context\":\"https:\/\/schema.org\",\"@graph\":[{\"@type\":\"WebPage\",\"@id\":\"https:\/\/www.uhu.es\/etsi\/ofertas-de-empleo\/\",\"url\":\"https:\/\/www.uhu.es\/etsi\/ofertas-de-empleo\/\",\"name\":\"Ofertas de empleo - ETSI, UHU\",\"isPartOf\":{\"@id\":\"https:\/\/www.uhu.es\/etsi\/#website\"},\"datePublished\":\"2021-03-23T11:44:36+00:00\",\"dateModified\":\"2022-03-30T08:59:11+00:00\",\"breadcrumb\":{\"@id\":\"https:\/\/www.uhu.es\/etsi\/ofertas-de-empleo\/#breadcrumb\"},\"inLanguage\":\"es-ES\",\"potentialAction\":[{\"@type\":\"ReadAction\",\"target\":[\"https:\/\/www.uhu.es\/etsi\/ofertas-de-empleo\/\"]}]},{\"@type\":\"BreadcrumbList\",\"@id\":\"https:\/\/www.uhu.es\/etsi\/ofertas-de-empleo\/#breadcrumb\",\"itemListElement\":[{\"@type\":\"ListItem\",\"position\":1,\"name\":\"Portada\",\"item\":\"https:\/\/www.uhu.es\/etsi\/\"},{\"@type\":\"ListItem\",\"position\":2,\"name\":\"Ofertas de empleo\"}]},{\"@type\":\"WebSite\",\"@id\":\"https:\/\/www.uhu.es\/etsi\/#website\",\"url\":\"https:\/\/www.uhu.es\/etsi\/\",\"name\":\"ETSI, UHU\",\"description\":\"Escuela T\u00e9cnica Superior de  Ingenier\u00eda de la Universidad de Huelva\",\"publisher\":{\"@id\":\"https:\/\/www.uhu.es\/etsi\/#organization\"},\"potentialAction\":[{\"@type\":\"SearchAction\",\"target\":{\"@type\":\"EntryPoint\",\"urlTemplate\":\"https:\/\/www.uhu.es\/etsi\/?s={search_term_string}\"},\"query-input\":\"required name=search_term_string\"}],\"inLanguage\":\"es-ES\"},{\"@type\":\"Organization\",\"@id\":\"https:\/\/www.uhu.es\/etsi\/#organization\",\"name\":\"UHU ETSI\",\"url\":\"https:\/\/www.uhu.es\/etsi\/\",\"logo\":{\"@type\":\"ImageObject\",\"inLanguage\":\"es-ES\",\"@id\":\"https:\/\/www.uhu.es\/etsi\/#\/schema\/logo\/image\/\",\"url\":\"http:\/\/www.uhu.es\/etsi\/wp-content\/uploads\/2016\/02\/membrete_ETSI.jpg\",\"contentUrl\":\"http:\/\/www.uhu.es\/etsi\/wp-content\/uploads\/2016\/02\/membrete_ETSI.jpg\",\"width\":423,\"height\":81,\"caption\":\"UHU ETSI\"},\"image\":{\"@id\":\"https:\/\/www.uhu.es\/etsi\/#\/schema\/logo\/image\/\"}}]}<\/script>\n<!-- \/ Yoast SEO plugin. -->","yoast_head_json":{"title":"Ofertas de empleo - ETSI, UHU","robots":{"index":"index","follow":"follow","max-snippet":"max-snippet:-1","max-image-preview":"max-image-preview:large","max-video-preview":"max-video-preview:-1"},"canonical":"https:\/\/www.uhu.es\/etsi\/ofertas-de-empleo\/","og_locale":"es_ES","og_type":"article","og_title":"Ofertas de empleo - ETSI, UHU","og_description":"Puesto Titulaci\u00f3n Tareas a realizar Enlace Puesto AP Oracle + .NET Ingeniero en Inform\u00e1tica T\u00e9cnico Superior Sist.Telecom.\/Informat. Ingeniero T\u00e9cnico en ... Read More","og_url":"https:\/\/www.uhu.es\/etsi\/ofertas-de-empleo\/","og_site_name":"ETSI, UHU","article_modified_time":"2022-03-30T08:59:11+00:00","twitter_misc":{"Est. reading time":"5 minutes"},"schema":{"@context":"https:\/\/schema.org","@graph":[{"@type":"WebPage","@id":"https:\/\/www.uhu.es\/etsi\/ofertas-de-empleo\/","url":"https:\/\/www.uhu.es\/etsi\/ofertas-de-empleo\/","name":"Ofertas de empleo - ETSI, UHU","isPartOf":{"@id":"https:\/\/www.uhu.es\/etsi\/#website"},"datePublished":"2021-03-23T11:44:36+00:00","dateModified":"2022-03-30T08:59:11+00:00","breadcrumb":{"@id":"https:\/\/www.uhu.es\/etsi\/ofertas-de-empleo\/#breadcrumb"},"inLanguage":"es-ES","potentialAction":[{"@type":"ReadAction","target":["https:\/\/www.uhu.es\/etsi\/ofertas-de-empleo\/"]}]},{"@type":"BreadcrumbList","@id":"https:\/\/www.uhu.es\/etsi\/ofertas-de-empleo\/#breadcrumb","itemListElement":[{"@type":"ListItem","position":1,"name":"Portada","item":"https:\/\/www.uhu.es\/etsi\/"},{"@type":"ListItem","position":2,"name":"Ofertas de empleo"}]},{"@type":"WebSite","@id":"https:\/\/www.uhu.es\/etsi\/#website","url":"https:\/\/www.uhu.es\/etsi\/","name":"ETSI, UHU","description":"Escuela T\u00e9cnica Superior de  Ingenier\u00eda de la Universidad de Huelva","publisher":{"@id":"https:\/\/www.uhu.es\/etsi\/#organization"},"potentialAction":[{"@type":"SearchAction","target":{"@type":"EntryPoint","urlTemplate":"https:\/\/www.uhu.es\/etsi\/?s={search_term_string}"},"query-input":"required name=search_term_string"}],"inLanguage":"es-ES"},{"@type":"Organization","@id":"https:\/\/www.uhu.es\/etsi\/#organization","name":"UHU ETSI","url":"https:\/\/www.uhu.es\/etsi\/","logo":{"@type":"ImageObject","inLanguage":"es-ES","@id":"https:\/\/www.uhu.es\/etsi\/#\/schema\/logo\/image\/","url":"http:\/\/www.uhu.es\/etsi\/wp-content\/uploads\/2016\/02\/membrete_ETSI.jpg","contentUrl":"http:\/\/www.uhu.es\/etsi\/wp-content\/uploads\/2016\/02\/membrete_ETSI.jpg","width":423,"height":81,"caption":"UHU ETSI"},"image":{"@id":"https:\/\/www.uhu.es\/etsi\/#\/schema\/logo\/image\/"}}]}},"_links":{"self":[{"href":"https:\/\/www.uhu.es\/etsi\/wp-json\/wp\/v2\/pages\/20337"}],"collection":[{"href":"https:\/\/www.uhu.es\/etsi\/wp-json\/wp\/v2\/pages"}],"about":[{"href":"https:\/\/www.uhu.es\/etsi\/wp-json\/wp\/v2\/types\/page"}],"author":[{"embeddable":true,"href":"https:\/\/www.uhu.es\/etsi\/wp-json\/wp\/v2\/users\/7"}],"replies":[{"embeddable":true,"href":"https:\/\/www.uhu.es\/etsi\/wp-json\/wp\/v2\/comments?post=20337"}],"version-history":[{"count":93,"href":"https:\/\/www.uhu.es\/etsi\/wp-json\/wp\/v2\/pages\/20337\/revisions"}],"predecessor-version":[{"id":21653,"href":"https:\/\/www.uhu.es\/etsi\/wp-json\/wp\/v2\/pages\/20337\/revisions\/21653"}],"wp:attachment":[{"href":"https:\/\/www.uhu.es\/etsi\/wp-json\/wp\/v2\/media?parent=20337"}],"curies":[{"name":"wp","href":"https:\/\/api.w.org\/{rel}","templated":true}]}}