{"id":20990,"date":"2021-07-16T11:10:40","date_gmt":"2021-07-16T10:10:40","guid":{"rendered":"http:\/\/www.uhu.es\/etsi\/?page_id=20990"},"modified":"2023-03-13T12:39:32","modified_gmt":"2023-03-13T11:39:32","slug":"examenes-2021-2022","status":"publish","type":"page","link":"https:\/\/www.uhu.es\/etsi\/informacion-academica\/informacion-comun-todos-los-titulos\/examenes\/examenes-2021-2022\/","title":{"rendered":"Ex\u00e1menes 2021-2022"},"content":{"rendered":"<p><!-- [alert type=\"info\"]\n\n\n<p style=\"font-size: 15px;\"><strong>ATENCI\u00d3N<\/strong>:<\/p>\n\n\n\n\n<p style=\"font-size: 15px;\"> <strong>En el curso acad\u00e9mico 2019-2020, se implanta la aplicaci\u00f3n para la gesti\u00f3n telem\u00e1tica del procedimiento de participaci\u00f3n en la convocatoria extraordinaria de ex\u00e1menes de noviembre.  <\/strong><\/p>\n\n\n[\/alert]\n\n\n<hr>\n\n\n--><br \/>\n<div id=\"my-accordion\" class=\"x-accordion\" >\n<div  class=\"x-accordion-group\" ><div class=\"x-accordion-heading\"><a class=\"x-accordion-toggle collapsed\" data-toggle=\"collapse\" data-parent=\"#my-accordion\" href=\"#collapse-1\"> Ex\u00e1menes de Incidencias de Septiembre<\/a><\/div> <!-- end .x-accordion-heading --><div id=\"collapse-1\" class=\"accordion-body collapse\"><div class=\"x-accordion-inner\">\n<ul>\n<li><a href=\"https:\/\/apppruebaetsi.uhu.es\/simplesaml\/app_gestion_cursos\/C_examenes\/xml\/xml_document_total.php?year=2022&#038;id_cal=25&#038;cuatr=8\" rel=\"noopener\" target=\"_blank\">Calendario Incidencias Septiembre.<\/a><\/li>\n<p> \t<!--\n\n<li><a href=\"https:\/\/www.uhu.es\/etsi\/horarios1819\/examenes\/1819_alumnos_junio_incidencias.pdf\" rel=\"noopener\" target=\"_blank\">Listado de Alumnos<\/a><\/li>\n\n-->\n<\/ul>\n<\/div> <!-- end .x-accordion-inner --><\/div> <!-- end .x-accordion-body --><\/div> <!-- end .x-accordion-group -->\n<div  class=\"x-accordion-group\" ><div class=\"x-accordion-heading\"><a class=\"x-accordion-toggle collapsed\" data-toggle=\"collapse\" data-parent=\"#my-accordion\" href=\"#collapse-2\"> Ex\u00e1menes de Incidencias de Junio<\/a><\/div> <!-- end .x-accordion-heading --><div id=\"collapse-2\" class=\"accordion-body collapse\"><div class=\"x-accordion-inner\">\n<ul>\n<li><a href=\"https:\/\/apppruebaetsi.uhu.es\/simplesaml\/app_gestion_cursos\/C_examenes\/xml\/xml_document_total.php?year=2022&#038;id_cal=25&#038;cuatr=7\" rel=\"noopener\" target=\"_blank\">Calendario Incidencias Junio.<\/a><\/li>\n<p> \t<!--\n\n<li><a href=\"https:\/\/www.uhu.es\/etsi\/horarios1819\/examenes\/1819_alumnos_junio_incidencias.pdf\" rel=\"noopener\" target=\"_blank\">Listado de Alumnos<\/a><\/li>\n\n-->\n<\/ul>\n<\/div> <!-- end .x-accordion-inner --><\/div> <!-- end .x-accordion-body --><\/div> <!-- end .x-accordion-group -->\n<div  class=\"x-accordion-group\" ><div class=\"x-accordion-heading\"><a class=\"x-accordion-toggle collapsed\" data-toggle=\"collapse\" data-parent=\"#my-accordion\" href=\"#collapse-3\"> Ex\u00e1menes de Incidencias de Febrero<\/a><\/div> <!-- end .x-accordion-heading --><div id=\"collapse-3\" class=\"accordion-body collapse\"><div class=\"x-accordion-inner\">\n<div  class=\"x-alert x-alert-ATENCI\u00d3N x-alert-block\" >\n<h6 style=\"color: red;\">\n<strong>Debido a la situaci\u00f3n COVID que atravesamos, el calendario de ex\u00e1menes de incidencia para la primera convocatoria y primer cuatrimestre (febrero), tiene las siguientes peculiaridades:<\/p>\n<ul>\n<li>Se ha tenido que elaborar un calendario completo ya que todav\u00eda no se tienen todas las solicitudes de examen de incidencia. A pesar de lo anterior, \u00fanicamente se realizar\u00e1n los ex\u00e1menes para los que haya solicitudes (que tendr\u00e1n hora y aula asignada).<\/li>\n<li>La asignaci\u00f3n de la hora y aula a cada examen de incidencia (siempre y cuando tengan solicitudes v\u00e1lidas) ser\u00e1 realizada por el Servicio de Coordinaci\u00f3n de Campus. De esta forma se garantizar\u00e1 que todos los ex\u00e1menes solicitados tengan un espacio para poder realizarse.<\/li>\n<li>Las horas y aulas se ir\u00e1n publicando a medida que el Servicio de Coordinaci\u00f3n de Campus nos remita la informaci\u00f3n.<\/li>\n<\/ul>\n<p>  <\/strong><br \/>\n<\/h3>\n<\/div>\n<ul>\n<li><a href=\"https:\/\/apppruebaetsi.uhu.es\/simplesaml\/app_gestion_cursos\/C_examenes\/xml\/xml_document_total.php?year=2022&#038;id_cal=25&#038;cuatr=6\" rel=\"noopener\" target=\"_blank\">Calendario Incidencias Grados.<\/a><\/li>\n<li><a href=\"https:\/\/apppruebaetsi.uhu.es\/simplesaml\/app_gestion_cursos\/C_examenes\/xml\/xml_document_total.php?year=2022&#038;id_cal=26&#038;cuatr=6\" rel=\"noopener\" target=\"_blank\">Calendario Incidencias M\u00e1ster Oficial en Ingenier\u00eda Industrial<\/a><\/li>\n<li><a href=\"https:\/\/apppruebaetsi.uhu.es\/simplesaml\/app_gestion_cursos\/C_examenes\/xml\/xml_document_total.php?year=2022&#038;id_cal=27&#038;cuatr=6\" rel=\"noopener\" target=\"_blank\">Calendario Incidencias M\u00e1ster Oficial en Ingenier\u00eda Inform\u00e1tica<\/a><\/li>\n<li><a href=\"https:\/\/apppruebaetsi.uhu.es\/simplesaml\/app_gestion_cursos\/C_examenes\/xml\/xml_document_total.php?year=2022&#038;id_cal=28&#038;cuatr=6\" rel=\"noopener\" target=\"_blank\">Calendario Incidencias M\u00e1ster Oficial en Ingenier\u00eda Qu\u00edmica<\/a><\/li>\n<li><a href=\"https:\/\/apppruebaetsi.uhu.es\/simplesaml\/app_gestion_cursos\/C_examenes\/xml\/xml_document_total.php?year=2022&#038;id_cal=29&#038;cuatr=6\" rel=\"noopener\" target=\"_blank\">Calendario Incidencias M\u00e1ster Oficial en Ingenier\u00eda de Monte<\/a><\/li>\n<li><a href=\"https:\/\/apppruebaetsi.uhu.es\/simplesaml\/app_gestion_cursos\/C_examenes\/xml\/xml_document_total.php?year=2022&#038;id_cal=30&#038;cuatr=6\" rel=\"noopener\" target=\"_blank\">Calendario Incidencias M\u00e1ster Oficial en Ingenier\u00eda de Minas<\/a><\/li>\n<\/ul>\n<\/div> <!-- end .x-accordion-inner --><\/div> <!-- end .x-accordion-body --><\/div> <!-- end .x-accordion-group -->\n<div  class=\"x-accordion-group\" ><div class=\"x-accordion-heading\"><a class=\"x-accordion-toggle collapsed\" data-toggle=\"collapse\" data-parent=\"#my-accordion\" href=\"#collapse-4\"> Convocatoria Extraordinaria de Noviembre y Tercera de Diciembre<\/a><\/div> <!-- end .x-accordion-heading --><div id=\"collapse-4\" class=\"accordion-body collapse\"><div class=\"x-accordion-inner\">\n<ul>\n<li><a href=\"https:\/\/apppruebaetsi.uhu.es\/simplesaml\/app_gestion_cursos\/C_examenes\/xml\/xml_cal_conv.php?year=2022&#038;id_cal=25&#038;cuatr=4\" rel=\"noopener\" target=\"_blank\">Calendario de Ex\u00e1menes Convocatoria Extraordinaria (Noviembre)<\/a><\/li>\n<li><a href=\"https:\/\/apppruebaetsi.uhu.es\/simplesaml\/app_gestion_cursos\/C_examenes\/xml\/xml_cal_conv.php?year=2022&#038;id_cal=25&#038;cuatr=5\" rel=\"noopener\" target=\"_blank\">Calendario de Ex\u00e1menes Tercera Convocatoria (Diciembre)<\/a><\/li>\n<p>    <!--\n\n<li><a href=\"https:\/\/apppruebaetsi.uhu.es\/simplesaml\/app_gestion_cursos\/C_examenes\/xml\/xml_document_total.php?year=2021&id_cal=20&cuatr=5\" rel=\"noopener\" target=\"_blank\">Calendario de Ex\u00e1menes M\u00e1ster en  Ingenier\u00eda Industrial<\/a><\/li>\n\n\n    \n\n<li><a href=\"https:\/\/apppruebaetsi.uhu.es\/simplesaml\/app_gestion_cursos\/C_examenes\/xml\/xml_document_total.php?year=2021&id_cal=23&cuatr=5\" rel=\"noopener\" target=\"_blank\">Calendario de Ex\u00e1menes M\u00e1ster en  Ingenier\u00eda Qu\u00edmica<\/a><\/li>\n\n\n    \n\n<li><a href=\"https:\/\/apppruebaetsi.uhu.es\/simplesaml\/app_gestion_cursos\/C_examenes\/xml\/xml_cal_conv.php?year=2021&id_cal=19&cuatr=4\" rel=\"noopener\" target=\"_blank\">Calendario de Ex\u00e1menes Grado<\/a><\/li>\n\n    \n    \n\n<li><a href=\"https:\/\/apppruebaetsi.uhu.es\/simplesaml\/app_gestion_cursos\/C_examenes\/xml\/xml_cal_conv.php?year=2021&id_cal=20&cuatr=4\" rel=\"noopener\" target=\"_blank\">Calendario de Ex\u00e1menes M\u00e1ster<\/a><\/li>\n\n -->\n<\/ul>\n<\/div> <!-- end .x-accordion-inner --><\/div> <!-- end .x-accordion-body --><\/div> <!-- end .x-accordion-group -->\n<div  class=\"x-accordion-group\" ><div class=\"x-accordion-heading\"><a class=\"x-accordion-toggle collapsed\" data-toggle=\"collapse\" data-parent=\"#my-accordion\" href=\"#collapse-5\"> T\u00edtulos de Grado<\/a><\/div> <!-- end .x-accordion-heading --><div id=\"collapse-5\" class=\"accordion-body collapse\"><div class=\"x-accordion-inner\">\n<ul>\n<li><a href=\"https:\/\/apppruebaetsi.uhu.es\/simplesaml\/app_gestion_cursos\/C_examenes\/xml\/xml_document.php?tit=1&#038;year=2022&#038;id_cal=25\">Grado en Ingenier\u00eda Agr\u00edcola<\/a><\/li>\n<li><a href=\"https:\/\/apppruebaetsi.uhu.es\/simplesaml\/app_gestion_cursos\/C_examenes\/xml\/xml_document.php?tit=3&#038;year=2022&#038;id_cal=25\">Grado de Ingenier\u00eda en Explotaci\u00f3n de Minas y Recursos Energ\u00e9ticos<\/a><\/li>\n<li><a href=\"https:\/\/apppruebaetsi.uhu.es\/simplesaml\/app_gestion_cursos\/C_examenes\/xml\/xml_document.php?tit=2&#038;year=2022&#038;id_cal=25\">Grado en Ingenier\u00eda Inform\u00e1tica<\/a><\/li>\n<li><a href=\"https:\/\/apppruebaetsi.uhu.es\/simplesaml\/app_gestion_cursos\/C_examenes\/xml\/xml_document.php?tit=6&#038;year=2022&#038;id_cal=25\">Grado en Ingenier\u00eda Forestal y del Medio Natural<\/a><\/li>\n<li><a href=\"https:\/\/apppruebaetsi.uhu.es\/simplesaml\/app_gestion_cursos\/C_examenes\/xml\/xml_document.php?tit=4&#038;year=2022&#038;id_cal=25\">Grado en Ingenier\u00eda El\u00e9ctrica<\/a><\/li>\n<li><a href=\"https:\/\/apppruebaetsi.uhu.es\/simplesaml\/app_gestion_cursos\/C_examenes\/xml\/xml_document.php?tit=5&#038;year=2022&#038;id_cal=25\">Grado en Ingenier\u00eda Electr\u00f3nica Industrial<\/a><\/li>\n<li><a href=\"https:\/\/apppruebaetsi.uhu.es\/simplesaml\/app_gestion_cursos\/C_examenes\/xml\/xml_document.php?tit=9&#038;year=2022&#038;id_cal=25\">Grado en Ingenier\u00eda Energ\u00e9tica<\/a><\/li>\n<li><a href=\"https:\/\/apppruebaetsi.uhu.es\/simplesaml\/app_gestion_cursos\/C_examenes\/xml\/xml_document.php?tit=7&#038;year=2022&#038;id_cal=25\">Grado en Ingenier\u00eda Mec\u00e1nica<\/a><\/li>\n<li><a href=\"https:\/\/apppruebaetsi.uhu.es\/simplesaml\/app_gestion_cursos\/C_examenes\/xml\/xml_document.php?tit=8&#038;year=2022&#038;id_cal=25\">Grado en Ingenier\u00eda Qu\u00edmica Industrial<\/a><\/li>\n<li><a href=\"https:\/\/apppruebaetsi.uhu.es\/simplesaml\/app_gestion_cursos\/C_examenes\/xml\/xml_document.php?tit=18&#038;year=2022&#038;id_cal=25\">Doble Grado en Ingenier\u00eda Electr\u00f3nica Industrial e Ingenier\u00eda Mec\u00e1nica<\/a><\/li>\n<li><a href=\"https:\/\/apppruebaetsi.uhu.es\/simplesaml\/app_gestion_cursos\/C_examenes\/xml\/xml_document.php?tit=17&#038;year=2022&#038;id_cal=25\">Doble Grado en Ingenier\u00eda El\u00e9ctrica e Ingenier\u00eda Energ\u00e9tica<\/a><\/li>\n<li><a href=\"https:\/\/apppruebaetsi.uhu.es\/simplesaml\/app_gestion_cursos\/C_examenes\/xml\/xml_document.php?tit=27&#038;year=2022&#038;id_cal=25\">Doble Grado en Ingenier\u00eda Mec\u00e1nica e Ingenier\u00eda en Explotaci\u00f3n de Minas y Recursos Energ\u00e9ticos<\/a><\/li>\n<\/ul>\n<\/div> <!-- end .x-accordion-inner --><\/div> <!-- end .x-accordion-body --><\/div> <!-- end .x-accordion-group -->\n<div  class=\"x-accordion-group\" ><div class=\"x-accordion-heading\"><a class=\"x-accordion-toggle collapsed\" data-toggle=\"collapse\" data-parent=\"#my-accordion\" href=\"#collapse-6\">T\u00edtulos de M\u00e1ster<\/a><\/div> <!-- end .x-accordion-heading --><div id=\"collapse-6\" class=\"accordion-body collapse\"><div class=\"x-accordion-inner\">\n<ul style=\"list-style-type: square;\">\n<li><a href=\"https:\/\/apppruebaetsi.uhu.es\/simplesaml\/app_gestion_cursos\/C_examenes\/xml\/xml_document.php?tit=26&#038;year=2022&#038;id_cal=28\">M\u00e1ster en Ingenier\u00eda Qu\u00edmica&nbsp;<\/a><\/li>\n<li><a href=\"https:\/\/apppruebaetsi.uhu.es\/simplesaml\/app_gestion_cursos\/C_examenes\/xml\/xml_document.php?tit=25&#038;year=2022&#038;id_cal=27\">M\u00e1ster en Ingenier\u00eda Inform\u00e1tica<\/a><\/li>\n<li><a href=\"https:\/\/apppruebaetsi.uhu.es\/simplesaml\/app_gestion_cursos\/C_examenes\/xml\/xml_document.php?tit=20&#038;year=2022&#038;id_cal=26\">M\u00e1ster en Ingenier\u00eda Industrial<\/a><\/li>\n<li><a href=\"https:\/\/apppruebaetsi.uhu.es\/simplesaml\/app_gestion_cursos\/C_examenes\/xml\/xml_document.php?tit=23&#038;year=2022&#038;id_cal=29\">M\u00e1ster en Ingenier\u00eda de Montes<\/a><\/li>\n<li><a href=\"https:\/\/apppruebaetsi.uhu.es\/simplesaml\/app_gestion_cursos\/C_examenes\/xml\/xml_document.php?tit=24&#038;year=2022&#038;id_cal=30\">M\u00e1ster en Ingenier\u00eda de Minas&nbsp;<\/a><\/li>\n<\/ul>\n<\/div> <!-- end .x-accordion-inner --><\/div> <!-- end .x-accordion-body --><\/div> <!-- end .x-accordion-group -->\n<\/div>\n<table>\n<tbody>\n<tr>\n<td><strong>Leyenda de las aulas:<\/strong><br \/>\n<span class=\"txtnormal\">I.M: Isidoro Morales.<\/span><br \/>\n<span class=\"txtnormal\">P.Q: P\u00e9rez Quintero.<\/span><br \/>\n<span class=\"txtnormal\">ENF: Enfermer\u00eda.<\/span><br \/>\n<span class=\"txtnormal\">G.: Galileo Galilei.<\/span><br \/>\n<span class=\"txtnormal\">FCCE: Facultad de Ciencias Experimentales.<\/span><\/td>\n<\/tr>\n<\/tbody>\n<\/table>\n","protected":false},"excerpt":{"rendered":"<p>Leyenda de las aulas: I.M: Isidoro Morales. P.Q: P\u00e9rez Quintero. ENF: Enfermer\u00eda. G.: Galileo Galilei. FCCE: Facultad de Ciencias Experimentales.<\/p>\n","protected":false},"author":7,"featured_media":0,"parent":6960,"menu_order":0,"comment_status":"closed","ping_status":"closed","template":"template-layout-full-width.php","meta":[],"yoast_head":"<!-- This site is optimized with the Yoast SEO plugin v20.2.1 - https:\/\/yoast.com\/wordpress\/plugins\/seo\/ -->\n<title>Ex\u00e1menes 2021-2022 - ETSI, UHU<\/title>\n<meta name=\"robots\" content=\"index, follow, max-snippet:-1, max-image-preview:large, max-video-preview:-1\" \/>\n<link rel=\"canonical\" href=\"http:\/\/web5n.uhu.es\/etsi\/informacion-academica\/informacion-comun-todos-los-titulos\/examenes\/examenes-2021-2022\/\" \/>\n<meta property=\"og:locale\" content=\"es_ES\" \/>\n<meta property=\"og:type\" content=\"article\" \/>\n<meta property=\"og:title\" content=\"Ex\u00e1menes 2021-2022 - ETSI, UHU\" \/>\n<meta property=\"og:description\" content=\"Leyenda de las aulas: I.M: Isidoro Morales. P.Q: P\u00e9rez Quintero. ENF: Enfermer\u00eda. G.: Galileo Galilei. FCCE: Facultad de Ciencias Experimentales.\" \/>\n<meta property=\"og:url\" content=\"http:\/\/web5n.uhu.es\/etsi\/informacion-academica\/informacion-comun-todos-los-titulos\/examenes\/examenes-2021-2022\/\" \/>\n<meta property=\"og:site_name\" content=\"ETSI, UHU\" \/>\n<meta property=\"article:modified_time\" content=\"2023-03-13T11:39:32+00:00\" \/>\n<meta name=\"twitter:label1\" content=\"Est. reading time\" \/>\n\t<meta name=\"twitter:data1\" content=\"2 minutes\" \/>\n<script type=\"application\/ld+json\" class=\"yoast-schema-graph\">{\"@context\":\"https:\/\/schema.org\",\"@graph\":[{\"@type\":\"WebPage\",\"@id\":\"http:\/\/web5n.uhu.es\/etsi\/informacion-academica\/informacion-comun-todos-los-titulos\/examenes\/examenes-2021-2022\/\",\"url\":\"http:\/\/web5n.uhu.es\/etsi\/informacion-academica\/informacion-comun-todos-los-titulos\/examenes\/examenes-2021-2022\/\",\"name\":\"Ex\u00e1menes 2021-2022 - ETSI, UHU\",\"isPartOf\":{\"@id\":\"https:\/\/www.uhu.es\/etsi\/#website\"},\"datePublished\":\"2021-07-16T10:10:40+00:00\",\"dateModified\":\"2023-03-13T11:39:32+00:00\",\"breadcrumb\":{\"@id\":\"http:\/\/web5n.uhu.es\/etsi\/informacion-academica\/informacion-comun-todos-los-titulos\/examenes\/examenes-2021-2022\/#breadcrumb\"},\"inLanguage\":\"es-ES\",\"potentialAction\":[{\"@type\":\"ReadAction\",\"target\":[\"http:\/\/web5n.uhu.es\/etsi\/informacion-academica\/informacion-comun-todos-los-titulos\/examenes\/examenes-2021-2022\/\"]}]},{\"@type\":\"BreadcrumbList\",\"@id\":\"http:\/\/web5n.uhu.es\/etsi\/informacion-academica\/informacion-comun-todos-los-titulos\/examenes\/examenes-2021-2022\/#breadcrumb\",\"itemListElement\":[{\"@type\":\"ListItem\",\"position\":1,\"name\":\"Portada\",\"item\":\"https:\/\/www.uhu.es\/etsi\/\"},{\"@type\":\"ListItem\",\"position\":2,\"name\":\"Informaci\u00f3n Acad\u00e9mica\",\"item\":\"https:\/\/www.uhu.es\/etsi\/informacion-academica\/\"},{\"@type\":\"ListItem\",\"position\":3,\"name\":\"Informaci\u00f3n Com\u00fan a todos los T\u00edtulos\",\"item\":\"https:\/\/www.uhu.es\/etsi\/informacion-academica\/informacion-comun-todos-los-titulos\/\"},{\"@type\":\"ListItem\",\"position\":4,\"name\":\"Calendario de Ex\u00e1menes\",\"item\":\"https:\/\/www.uhu.es\/etsi\/informacion-academica\/informacion-comun-todos-los-titulos\/examenes\/\"},{\"@type\":\"ListItem\",\"position\":5,\"name\":\"Ex\u00e1menes 2021-2022\"}]},{\"@type\":\"WebSite\",\"@id\":\"https:\/\/www.uhu.es\/etsi\/#website\",\"url\":\"https:\/\/www.uhu.es\/etsi\/\",\"name\":\"ETSI, UHU\",\"description\":\"Escuela T\u00e9cnica Superior de  Ingenier\u00eda de la Universidad de Huelva\",\"publisher\":{\"@id\":\"https:\/\/www.uhu.es\/etsi\/#organization\"},\"potentialAction\":[{\"@type\":\"SearchAction\",\"target\":{\"@type\":\"EntryPoint\",\"urlTemplate\":\"https:\/\/www.uhu.es\/etsi\/?s={search_term_string}\"},\"query-input\":\"required name=search_term_string\"}],\"inLanguage\":\"es-ES\"},{\"@type\":\"Organization\",\"@id\":\"https:\/\/www.uhu.es\/etsi\/#organization\",\"name\":\"UHU ETSI\",\"url\":\"https:\/\/www.uhu.es\/etsi\/\",\"logo\":{\"@type\":\"ImageObject\",\"inLanguage\":\"es-ES\",\"@id\":\"https:\/\/www.uhu.es\/etsi\/#\/schema\/logo\/image\/\",\"url\":\"http:\/\/www.uhu.es\/etsi\/wp-content\/uploads\/2016\/02\/membrete_ETSI.jpg\",\"contentUrl\":\"http:\/\/www.uhu.es\/etsi\/wp-content\/uploads\/2016\/02\/membrete_ETSI.jpg\",\"width\":423,\"height\":81,\"caption\":\"UHU ETSI\"},\"image\":{\"@id\":\"https:\/\/www.uhu.es\/etsi\/#\/schema\/logo\/image\/\"}}]}<\/script>\n<!-- \/ Yoast SEO plugin. -->","yoast_head_json":{"title":"Ex\u00e1menes 2021-2022 - ETSI, UHU","robots":{"index":"index","follow":"follow","max-snippet":"max-snippet:-1","max-image-preview":"max-image-preview:large","max-video-preview":"max-video-preview:-1"},"canonical":"http:\/\/web5n.uhu.es\/etsi\/informacion-academica\/informacion-comun-todos-los-titulos\/examenes\/examenes-2021-2022\/","og_locale":"es_ES","og_type":"article","og_title":"Ex\u00e1menes 2021-2022 - ETSI, UHU","og_description":"Leyenda de las aulas: I.M: Isidoro Morales. P.Q: P\u00e9rez Quintero. ENF: Enfermer\u00eda. G.: Galileo Galilei. FCCE: Facultad de Ciencias Experimentales.","og_url":"http:\/\/web5n.uhu.es\/etsi\/informacion-academica\/informacion-comun-todos-los-titulos\/examenes\/examenes-2021-2022\/","og_site_name":"ETSI, UHU","article_modified_time":"2023-03-13T11:39:32+00:00","twitter_misc":{"Est. reading time":"2 minutes"},"schema":{"@context":"https:\/\/schema.org","@graph":[{"@type":"WebPage","@id":"http:\/\/web5n.uhu.es\/etsi\/informacion-academica\/informacion-comun-todos-los-titulos\/examenes\/examenes-2021-2022\/","url":"http:\/\/web5n.uhu.es\/etsi\/informacion-academica\/informacion-comun-todos-los-titulos\/examenes\/examenes-2021-2022\/","name":"Ex\u00e1menes 2021-2022 - ETSI, UHU","isPartOf":{"@id":"https:\/\/www.uhu.es\/etsi\/#website"},"datePublished":"2021-07-16T10:10:40+00:00","dateModified":"2023-03-13T11:39:32+00:00","breadcrumb":{"@id":"http:\/\/web5n.uhu.es\/etsi\/informacion-academica\/informacion-comun-todos-los-titulos\/examenes\/examenes-2021-2022\/#breadcrumb"},"inLanguage":"es-ES","potentialAction":[{"@type":"ReadAction","target":["http:\/\/web5n.uhu.es\/etsi\/informacion-academica\/informacion-comun-todos-los-titulos\/examenes\/examenes-2021-2022\/"]}]},{"@type":"BreadcrumbList","@id":"http:\/\/web5n.uhu.es\/etsi\/informacion-academica\/informacion-comun-todos-los-titulos\/examenes\/examenes-2021-2022\/#breadcrumb","itemListElement":[{"@type":"ListItem","position":1,"name":"Portada","item":"https:\/\/www.uhu.es\/etsi\/"},{"@type":"ListItem","position":2,"name":"Informaci\u00f3n Acad\u00e9mica","item":"https:\/\/www.uhu.es\/etsi\/informacion-academica\/"},{"@type":"ListItem","position":3,"name":"Informaci\u00f3n Com\u00fan a todos los T\u00edtulos","item":"https:\/\/www.uhu.es\/etsi\/informacion-academica\/informacion-comun-todos-los-titulos\/"},{"@type":"ListItem","position":4,"name":"Calendario de Ex\u00e1menes","item":"https:\/\/www.uhu.es\/etsi\/informacion-academica\/informacion-comun-todos-los-titulos\/examenes\/"},{"@type":"ListItem","position":5,"name":"Ex\u00e1menes 2021-2022"}]},{"@type":"WebSite","@id":"https:\/\/www.uhu.es\/etsi\/#website","url":"https:\/\/www.uhu.es\/etsi\/","name":"ETSI, UHU","description":"Escuela T\u00e9cnica Superior de  Ingenier\u00eda de la Universidad de Huelva","publisher":{"@id":"https:\/\/www.uhu.es\/etsi\/#organization"},"potentialAction":[{"@type":"SearchAction","target":{"@type":"EntryPoint","urlTemplate":"https:\/\/www.uhu.es\/etsi\/?s={search_term_string}"},"query-input":"required name=search_term_string"}],"inLanguage":"es-ES"},{"@type":"Organization","@id":"https:\/\/www.uhu.es\/etsi\/#organization","name":"UHU ETSI","url":"https:\/\/www.uhu.es\/etsi\/","logo":{"@type":"ImageObject","inLanguage":"es-ES","@id":"https:\/\/www.uhu.es\/etsi\/#\/schema\/logo\/image\/","url":"http:\/\/www.uhu.es\/etsi\/wp-content\/uploads\/2016\/02\/membrete_ETSI.jpg","contentUrl":"http:\/\/www.uhu.es\/etsi\/wp-content\/uploads\/2016\/02\/membrete_ETSI.jpg","width":423,"height":81,"caption":"UHU ETSI"},"image":{"@id":"https:\/\/www.uhu.es\/etsi\/#\/schema\/logo\/image\/"}}]}},"_links":{"self":[{"href":"https:\/\/www.uhu.es\/etsi\/wp-json\/wp\/v2\/pages\/20990"}],"collection":[{"href":"https:\/\/www.uhu.es\/etsi\/wp-json\/wp\/v2\/pages"}],"about":[{"href":"https:\/\/www.uhu.es\/etsi\/wp-json\/wp\/v2\/types\/page"}],"author":[{"embeddable":true,"href":"https:\/\/www.uhu.es\/etsi\/wp-json\/wp\/v2\/users\/7"}],"replies":[{"embeddable":true,"href":"https:\/\/www.uhu.es\/etsi\/wp-json\/wp\/v2\/comments?post=20990"}],"version-history":[{"count":28,"href":"https:\/\/www.uhu.es\/etsi\/wp-json\/wp\/v2\/pages\/20990\/revisions"}],"predecessor-version":[{"id":22900,"href":"https:\/\/www.uhu.es\/etsi\/wp-json\/wp\/v2\/pages\/20990\/revisions\/22900"}],"up":[{"embeddable":true,"href":"https:\/\/www.uhu.es\/etsi\/wp-json\/wp\/v2\/pages\/6960"}],"wp:attachment":[{"href":"https:\/\/www.uhu.es\/etsi\/wp-json\/wp\/v2\/media?parent=20990"}],"curies":[{"name":"wp","href":"https:\/\/api.w.org\/{rel}","templated":true}]}}