{"id":21010,"date":"2021-07-23T12:43:21","date_gmt":"2021-07-23T11:43:21","guid":{"rendered":"http:\/\/www.uhu.es\/etsi\/?page_id=21010"},"modified":"2026-01-16T10:45:32","modified_gmt":"2026-01-16T09:45:32","slug":"cambio-de-grupo-de-matricula","status":"publish","type":"page","link":"https:\/\/www.uhu.es\/etsi\/secretaria\/cambio-de-grupo-de-matricula\/","title":{"rendered":"Cambio de grupo de matr\u00edcula"},"content":{"rendered":"<div id=\"my-accordion\" class=\"x-accordion\" >\n<p><!--\n&#091;accordion_item parent_id=\"my-accordion\" title=\"Curso Proximo\" open=\"true\"&#093;\n\n<span style=\"font-size: large;\"><span style=\"color: #ff0000;\">Cambio Grupo Matr\u00edcula 2022-2023<\/span><\/span>\n\n\n<ul>\n \t\n\n<li><span style=\"font-size: large;\"><a href=\"https:\/\/www.uhu.es\/etsi\/descargas\/Proced_asigancion_grupos_22-23_20072022_Fdo.pdf\">Procedimiento de Asignaci\u00f3n de Grupos de Matr\u00edcula.<\/a><\/span><\/li>\n\n\n \t\n\n<li><span style=\"font-size: large;\"><a href=\"\">Resoluci\u00f3n de solicitudes por compensaci\u00f3n de cuotas (pendiente).<\/a><\/span><\/li>\n\n\n<\/ul>\n\n\n&#091;\/accordion_item&#093;\n--><\/p>\n<p><!-- &#091;accordion_item parent_id=\"my-accordion\" title=\"Curso Actual\" open=\"true\"&#093; --><br \/>\n<span style=\"font-size: large;\"><span style=\"color: #ff0000;\">Cambio Grupo Matr\u00edcula 2025-2026<\/span><\/span><\/p>\n<ul>\n<li><span style=\"font-size: large;\"><a href=\"https:\/\/www.uhu.es\/etsi\/wp-content\/uploads\/2025\/07\/Proced_asigancion_grupos_25-26_20250717.report.pdf\">Procedimiento de Asignaci\u00f3n y Cambio de Grupos de Matr\u00edcula 2025-2026.<\/a><\/span><\/li>\n<li><span style=\"font-size: large;\"><a href=\"https:\/\/www.uhu.es\/etsi\/secretariaDocumentos\/CambioGrupoMatricula\/2026\/4_Cambio Grupo_606210202_Oficio.report_1.report_Reg.pdf\">    Resoluci\u00f3n de Cambio de Grupo: Experimentaci\u00f3n en Qu\u00edmica.<\/a><\/span><\/li>\n<li><span style=\"font-size: large;\">Resoluciones colectivas de cambio de Grupo de Teor\u00eda: (se indica la fecha aproximada de publicaci\u00f3n)<\/span>\n<ul style=\"list-style: none;\">\n<li>&#8211; Modalidad de Compensaci\u00f3n de Grupos (\u00faltima semana de septiembre de 2025).<\/li>\n<ul style=\"list-style: none;\">\n<li><span style=\"font-size: large;\"><a href=\"https:\/\/www.uhu.es\/etsi\/secretariaDocumentos\/CambioGrupoMatricula\/2025\/Resolucion%20Compensacion%20Grupos%2025-26.report.pdf\">* Resoluci\u00f3n Provisional.<\/a><\/span><\/li>\n<li><span style=\"font-size: large;\"><a href=\"https:\/\/www.uhu.es\/etsi\/secretariaDocumentos\/CambioGrupoMatricula\/2025\/3_Compensacion Grupos_25-26_ResolucionDefinitiva.report_Reg.pdf\">* Resoluci\u00f3n Definitiva.<\/a><\/span><\/li>\n<\/ul>\n<li>&#8211; Resto de modalidades (Causas tasadas; Permuta; Grupo en ingl\u00e9s (DLEX); Otros motivos):\n<ul style=\"list-style: none;\">\n<li><span style=\"font-size: large;\"><a href=\"https:\/\/www.uhu.es\/etsi\/secretariaDocumentos\/CambioGrupoMatricula\/2025\/4_Cambio grupo_Otras modalidades_Resolucion 25-26.report_Reg.pdf\">Resoluci\u00f3n 1: 8 de octubre de 2025 (solicitudes presentadas hasta el 5 de octubre).<\/a><\/span><\/li>\n<li><span style=\"font-size: large;\"><a href=\"https:\/\/www.uhu.es\/etsi\/secretariaDocumentos\/CambioGrupoMatricula\/2025\/3_Cambio grupo_Otras modalidades_25-26_Resolucion 2.report_RS.pdf\">Resoluci\u00f3n 2: 15 de octubre de 2025 (solicitudes presentadas del 6 al 12 de octubre).<\/a><\/span><\/li>\n<li><span style=\"font-size: large;\"><a href=\"https:\/\/www.uhu.es\/etsi\/secretariaDocumentos\/CambioGrupoMatricula\/2025\/1_Cambio grupo_Otras modalidades_25-26_Resolucion 3.report.pdf\"> Resoluci\u00f3n 3: 1_Cambio grupo_Otras modalidades_25-26_Resolucion 3<\/a><\/span><\/li>\n<\/ul>\n<\/li>\n<li>&#8211; Modalidad de Grupo en ingl\u00e9s (DELEX) de asignaturas matriculadas en el Periodo de Ampliaci\u00f3n: 16 de marzo de 2026.\n<ul style=\"list-style: none;\">\n<\/ul>\n<p><!-- &#091;\/accordion_item&#093; --><br \/>\n<div  class=\"x-accordion-group\" ><div class=\"x-accordion-heading\"><a class=\"x-accordion-toggle collapsed\" data-toggle=\"collapse\" data-parent=\"#my-accordion\" href=\"#collapse-1\">Cursos Anteriores<\/a><\/div> <!-- end .x-accordion-heading --><div id=\"collapse-1\" class=\"accordion-body collapse\"><div class=\"x-accordion-inner\">\n<p><span style=\"font-size: large;\"><span style=\"color: #ff0000;\">Cambio Grupo Matr\u00edcula 2024-2025<\/span><\/span><\/p>\n<ul>\n<li><span style=\"font-size: large;\"><a href=\"https:\/\/www.uhu.es\/etsi\/secretariaDocumentos\/CambioGrupoMatricula\/2024\/Proced_asigancion_grupos_24-25_202407011.report.pdf\">Procedimiento de Asignaci\u00f3n y Cambio de Grupos de Matr\u00edcula 2024-2025.<\/a><\/span><\/li>\n<li><span style=\"font-size: large;\"><a href=\"https:\/\/www.uhu.es\/etsi\/wp-content\/uploads\/2025\/02\/Diligencia modificacion plazos cambio de grupo en Ampliacion.report-1.pdf\"> ADENDA-Cambio Grupo DLEXT en Ampliaci\u00f3n de Matr\u00edcula.<\/a><\/span><\/li>\n<li><a href=\"https:\/\/www.uhu.es\/etsi\/wp-content\/uploads\/2025\/02\/9_Cambio de grupo_606210218_RESOLUCION-2.report_REG.pdf\">&#8211; Compensaci\u00f3n de Grupos asignatura Experimentaci\u00f3n en Ingenier\u00eda Qu\u00edmica I (606210218):\n<\/ul>\n<p><span style=\"font-size: large;\"><span style=\"color: #ff0000;\">Cambio Grupo Matr\u00edcula 2023-2024<\/span><\/span><\/p>\n<ul>\n<li><span style=\"font-size: large;\"><a href=\"https:\/\/www.uhu.es\/etsi\/secretariaDocumentos\/CambioGrupoMatricula\/2023\/Proced_asigancion_grupos_23-24_20230705_Fdo.pdf\">Procedimiento de Asignaci\u00f3n de Grupos de Matr\u00edcula.<\/a><\/span><\/li>\n<li><span style=\"font-size: large;\"><a href=\"https:\/\/www.uhu.es\/etsi\/wp-content\/uploads\/2023\/10\/Resolucion-Cambio-Grupos-Modalidad-3b_23-24_20231010.report_Rgdo.pdf\">Resoluci\u00f3n de solicitudes. Modalidad 3.b)<\/a><\/span><\/li>\n<\/ul>\n<p><span style=\"font-size: large;\"><span style=\"color: #ff0000;\">Cambio Grupo Matr\u00edcula 2022-2023<\/span><\/span><\/p>\n<ul>\n<li><span style=\"font-size: large;\"><a href=\"https:\/\/www.uhu.es\/etsi\/secretariaDocumentos\/CambioGrupoMatricula\/2022\/Proced_asigancion_grupos_22-23_20072022_Fdo.pdf\">Procedimiento de Asignaci\u00f3n de Grupos de Matr\u00edcula.<\/a><\/span><\/li>\n<li><span style=\"font-size: large;\"><a href=\"https:\/\/www.uhu.es\/etsi\/secretariaDocumentos\/CambioGrupoMatricula\/2022\/1_Resoluci%C3%B3n%20Compensaci%C3%B3n%20Grupos%2022-23_Fdo_Rgdo.pdf\">Resoluci\u00f3n de solicitudes por compensaci\u00f3n de cuotas.<\/a><\/span><\/li>\n<li><span style=\"font-size: large;\"><a href=\"https:\/\/www.uhu.es\/etsi\/secretariaDocumentos\/CambioGrupoMatricula\/2022\/2_Resoluci%C3%B3n%20Cambio%20Grupos%2020221007_Fdo_Rgdo%20975.pdf\">Resoluci\u00f3n de solicitudes. Modalidad 3 (RS 975).<\/a><\/span><\/li>\n<li><span style=\"font-size: large;\"><a href=\"https:\/\/www.uhu.es\/etsi\/secretariaDocumentos\/CambioGrupoMatricula\/2022\/3_Resoluci%C3%B3n%20Cambio%20Grupos%2020221007_Correcci%C3%B3n_Fdo_Rgdo%201233.pdf\">Resoluci\u00f3n de solicitudes. Modalidad 3. Rectificaci\u00f3n (RS 1233).<\/a><\/span><\/li>\n<li><span style=\"font-size: large;\"><a href=\"https:\/\/www.uhu.es\/etsi\/secretariaDocumentos\/CambioGrupoMatricula\/2022\/4_Resoluci%C3%B3n%20Cambio%20Grupos%2020221116_Complementaria_Fdo_Rgdo%201234.pdf\">Resoluci\u00f3n de solicitudes. Modalidad 3. Complementaria (RS 1234).<\/a><\/span><\/li>\n<\/ul>\n<p><span style=\"font-size: large;\"><span style=\"color: #ff0000;\">Cambio Grupo Matr\u00edcula 2021-2022<\/span><\/span><\/p>\n<ul>\n<li><span style=\"font-size: large;\"><a href=\"https:\/\/www.uhu.es\/etsi\/secretariaDocumentos\/CambioGrupoMatricula\/2021\/Proced_asiganci%C3%B3n_grupos_21-22.pdf\">Procedimiento de Asignaci\u00f3n de Grupos de Matr\u00edcula.<\/a><\/span><\/li>\n<li><span style=\"font-size: large;\"><a href=\"https:\/\/www.uhu.es\/etsi\/secretariaDocumentos\/CambioGrupoMatricula\/2021\/Impreso%20solicitud%20cambio%20grupo%20por%20Permuta%20%28CG01%29.pdf\">Impreso de solicitud de cambio de Grupo por PERMUTA (CG01).<\/a><\/span><\/li>\n<li><span style=\"font-size: large;\"><a href=\"https:\/\/www.uhu.es\/etsi\/secretariaDocumentos\/CambioGrupoMatricula\/2021\/Impreso%20solicitud%20cambio%20grupo%20%28CG012%29.pdf\">Impreso de solicitud de cambio de Grupo por otros motivos (CG02).<\/a><\/span><\/li>\n<li><span style=\"font-size: large;\"><a href=\"https:\/\/www.uhu.es\/etsi\/secretariaDocumentos\/CambioGrupoMatricula\/2021\/2_Resoluci%C3%B3n%20Compensaci%C3%B3n%20Grupos%2021-22_Fdo_Rgdo.pdf\">Resoluci\u00f3n de solicitudes por Compensaci\u00f3n de Cuotas.<\/a><\/span><\/li>\n<\/ul>\n<p><span style=\"font-size: large;\"><span style=\"color: #ff0000;\">Cambio Grupo Matr\u00edcula 2020-2021<\/span><\/span><\/p>\n<ul>\n<li><span style=\"font-size: large;\"><a href=\"https:\/\/www.uhu.es\/etsi\/secretariaDocumentos\/CambioGrupoMatricula\/2020\/Proced_asiganci%C3%B3n_grupos_20-21.pdf\">Procedimiento de Asignaci\u00f3n de Grupos de Matr\u00edcula.<\/a><\/span><\/li>\n<li><span style=\"font-size: large;\"><a href=\"https:\/\/www.uhu.es\/etsi\/secretariaDocumentos\/CambioGrupoMatricula\/2020\/01_Impreso_Solicitud_cambio_grupo_modelo_CG01_Permuta_2020-21.pdf\">Impreso de solicitud de cambio de Grupo por PERMUTA (CG01).<\/a><\/span><\/li>\n<li><span style=\"font-size: large;\"><a href=\"https:\/\/www.uhu.es\/etsi\/secretariaDocumentos\/CambioGrupoMatricula\/2020\/02_Impreso_Solicitud_cambio_grupo_modelo_CG02_2020-21.pdf\">Impreso de solicitud de cambio de Grupo por otros motivos (CG02).<\/a><\/span><\/li>\n<li><span style=\"font-size: large;\"><a href=\"https:\/\/www.uhu.es\/etsi\/secretariaDocumentos\/CambioGrupoMatricula\/2020\/Resoluciones%202020.zip\">Resoluci\u00f3n de solicitudes.<\/a><\/span><\/li>\n<\/ul>\n<p><span style=\"font-size: large;\"><span style=\"color: #ff0000;\">Cambio Grupo Matr\u00edcula 2019-2020<\/span><\/span><\/p>\n<ul>\n<li><span style=\"font-size: large;\"><a href=\"https:\/\/www.uhu.es\/etsi\/secretariaDocumentos\/CambioGrupoMatricula\/2019\/Resoluciones%202019.zip\">Resoluciones<\/a><\/span><\/li>\n<\/ul>\n<p><span style=\"font-size: large;\"><span style=\"color: #ff0000;\">Cambio Grupo Matr\u00edcula 2018-2019<\/span><\/span><\/p>\n<ul>\n<li><span style=\"font-size: large;\"><a href=\"https:\/\/www.uhu.es\/etsi\/secretariaDocumentos\/CambioGrupoMatricula\/2018\/Resoluciones%202018.zip\">Resoluciones<\/a><\/span><\/li>\n<\/ul>\n<p><span style=\"font-size: large;\"><span style=\"color: #ff0000;\">Cambio Grupo Matr\u00edcula 2017-2018<\/span><\/span><\/p>\n<ul>\n<li><span style=\"font-size: large;\"><a href=\"https:\/\/www.uhu.es\/etsi\/secretariaDocumentos\/CambioGrupoMatricula\/2017\/Resoluciones%202017.zip\">Resoluciones<\/a><\/span><\/li>\n<\/ul>\n<\/div> <!-- end .x-accordion-inner --><\/div> <!-- end .x-accordion-body --><\/div> <!-- end .x-accordion-group -->\n<\/div>\n","protected":false},"excerpt":{"rendered":"Cambio Grupo Matr\u00edcula 2025-2026 Procedimiento de Asignaci\u00f3n y Cambio de Grupos de Matr\u00edcula 2025-2026. Resoluci\u00f3n de Cambio de Grupo: Experimentaci\u00f3n ... <div><a href=\"https:\/\/www.uhu.es\/etsi\/secretaria\/cambio-de-grupo-de-matricula\/\" class=\"more-link\">Read More<\/a><\/div>","protected":false},"author":7,"featured_media":0,"parent":6660,"menu_order":0,"comment_status":"closed","ping_status":"closed","template":"template-layout-full-width.php","meta":[],"yoast_head":"<!-- This site is optimized with the Yoast SEO plugin v20.2.1 - https:\/\/yoast.com\/wordpress\/plugins\/seo\/ -->\n<title>Cambio de grupo de matr\u00edcula - ETSI, UHU<\/title>\n<meta name=\"robots\" content=\"index, follow, max-snippet:-1, max-image-preview:large, max-video-preview:-1\" \/>\n<link rel=\"canonical\" href=\"https:\/\/www.uhu.es\/etsi\/secretaria\/cambio-de-grupo-de-matricula\/\" \/>\n<meta property=\"og:locale\" content=\"es_ES\" \/>\n<meta property=\"og:type\" content=\"article\" \/>\n<meta property=\"og:title\" content=\"Cambio de grupo de matr\u00edcula - ETSI, UHU\" \/>\n<meta property=\"og:url\" content=\"https:\/\/www.uhu.es\/etsi\/secretaria\/cambio-de-grupo-de-matricula\/\" \/>\n<meta property=\"og:site_name\" content=\"ETSI, UHU\" \/>\n<meta property=\"article:modified_time\" content=\"2026-01-16T09:45:32+00:00\" \/>\n<meta name=\"twitter:label1\" content=\"Est. reading time\" \/>\n\t<meta name=\"twitter:data1\" content=\"2 minutes\" \/>\n<script type=\"application\/ld+json\" class=\"yoast-schema-graph\">{\"@context\":\"https:\/\/schema.org\",\"@graph\":[{\"@type\":\"WebPage\",\"@id\":\"https:\/\/www.uhu.es\/etsi\/secretaria\/cambio-de-grupo-de-matricula\/\",\"url\":\"https:\/\/www.uhu.es\/etsi\/secretaria\/cambio-de-grupo-de-matricula\/\",\"name\":\"Cambio de grupo de matr\u00edcula - ETSI, UHU\",\"isPartOf\":{\"@id\":\"https:\/\/www.uhu.es\/etsi\/#website\"},\"datePublished\":\"2021-07-23T11:43:21+00:00\",\"dateModified\":\"2026-01-16T09:45:32+00:00\",\"breadcrumb\":{\"@id\":\"https:\/\/www.uhu.es\/etsi\/secretaria\/cambio-de-grupo-de-matricula\/#breadcrumb\"},\"inLanguage\":\"es-ES\",\"potentialAction\":[{\"@type\":\"ReadAction\",\"target\":[\"https:\/\/www.uhu.es\/etsi\/secretaria\/cambio-de-grupo-de-matricula\/\"]}]},{\"@type\":\"BreadcrumbList\",\"@id\":\"https:\/\/www.uhu.es\/etsi\/secretaria\/cambio-de-grupo-de-matricula\/#breadcrumb\",\"itemListElement\":[{\"@type\":\"ListItem\",\"position\":1,\"name\":\"Portada\",\"item\":\"https:\/\/www.uhu.es\/etsi\/\"},{\"@type\":\"ListItem\",\"position\":2,\"name\":\"Secretar\u00eda\",\"item\":\"https:\/\/www.uhu.es\/etsi\/secretaria\/\"},{\"@type\":\"ListItem\",\"position\":3,\"name\":\"Cambio de grupo de matr\u00edcula\"}]},{\"@type\":\"WebSite\",\"@id\":\"https:\/\/www.uhu.es\/etsi\/#website\",\"url\":\"https:\/\/www.uhu.es\/etsi\/\",\"name\":\"ETSI, UHU\",\"description\":\"Escuela T\u00e9cnica Superior de  Ingenier\u00eda de la Universidad de Huelva\",\"publisher\":{\"@id\":\"https:\/\/www.uhu.es\/etsi\/#organization\"},\"potentialAction\":[{\"@type\":\"SearchAction\",\"target\":{\"@type\":\"EntryPoint\",\"urlTemplate\":\"https:\/\/www.uhu.es\/etsi\/?s={search_term_string}\"},\"query-input\":\"required name=search_term_string\"}],\"inLanguage\":\"es-ES\"},{\"@type\":\"Organization\",\"@id\":\"https:\/\/www.uhu.es\/etsi\/#organization\",\"name\":\"UHU ETSI\",\"url\":\"https:\/\/www.uhu.es\/etsi\/\",\"logo\":{\"@type\":\"ImageObject\",\"inLanguage\":\"es-ES\",\"@id\":\"https:\/\/www.uhu.es\/etsi\/#\/schema\/logo\/image\/\",\"url\":\"http:\/\/www.uhu.es\/etsi\/wp-content\/uploads\/2016\/02\/membrete_ETSI.jpg\",\"contentUrl\":\"http:\/\/www.uhu.es\/etsi\/wp-content\/uploads\/2016\/02\/membrete_ETSI.jpg\",\"width\":423,\"height\":81,\"caption\":\"UHU ETSI\"},\"image\":{\"@id\":\"https:\/\/www.uhu.es\/etsi\/#\/schema\/logo\/image\/\"}}]}<\/script>\n<!-- \/ Yoast SEO plugin. -->","yoast_head_json":{"title":"Cambio de grupo de matr\u00edcula - ETSI, UHU","robots":{"index":"index","follow":"follow","max-snippet":"max-snippet:-1","max-image-preview":"max-image-preview:large","max-video-preview":"max-video-preview:-1"},"canonical":"https:\/\/www.uhu.es\/etsi\/secretaria\/cambio-de-grupo-de-matricula\/","og_locale":"es_ES","og_type":"article","og_title":"Cambio de grupo de matr\u00edcula - ETSI, UHU","og_url":"https:\/\/www.uhu.es\/etsi\/secretaria\/cambio-de-grupo-de-matricula\/","og_site_name":"ETSI, UHU","article_modified_time":"2026-01-16T09:45:32+00:00","twitter_misc":{"Est. reading time":"2 minutes"},"schema":{"@context":"https:\/\/schema.org","@graph":[{"@type":"WebPage","@id":"https:\/\/www.uhu.es\/etsi\/secretaria\/cambio-de-grupo-de-matricula\/","url":"https:\/\/www.uhu.es\/etsi\/secretaria\/cambio-de-grupo-de-matricula\/","name":"Cambio de grupo de matr\u00edcula - ETSI, UHU","isPartOf":{"@id":"https:\/\/www.uhu.es\/etsi\/#website"},"datePublished":"2021-07-23T11:43:21+00:00","dateModified":"2026-01-16T09:45:32+00:00","breadcrumb":{"@id":"https:\/\/www.uhu.es\/etsi\/secretaria\/cambio-de-grupo-de-matricula\/#breadcrumb"},"inLanguage":"es-ES","potentialAction":[{"@type":"ReadAction","target":["https:\/\/www.uhu.es\/etsi\/secretaria\/cambio-de-grupo-de-matricula\/"]}]},{"@type":"BreadcrumbList","@id":"https:\/\/www.uhu.es\/etsi\/secretaria\/cambio-de-grupo-de-matricula\/#breadcrumb","itemListElement":[{"@type":"ListItem","position":1,"name":"Portada","item":"https:\/\/www.uhu.es\/etsi\/"},{"@type":"ListItem","position":2,"name":"Secretar\u00eda","item":"https:\/\/www.uhu.es\/etsi\/secretaria\/"},{"@type":"ListItem","position":3,"name":"Cambio de grupo de matr\u00edcula"}]},{"@type":"WebSite","@id":"https:\/\/www.uhu.es\/etsi\/#website","url":"https:\/\/www.uhu.es\/etsi\/","name":"ETSI, UHU","description":"Escuela T\u00e9cnica Superior de  Ingenier\u00eda de la Universidad de Huelva","publisher":{"@id":"https:\/\/www.uhu.es\/etsi\/#organization"},"potentialAction":[{"@type":"SearchAction","target":{"@type":"EntryPoint","urlTemplate":"https:\/\/www.uhu.es\/etsi\/?s={search_term_string}"},"query-input":"required name=search_term_string"}],"inLanguage":"es-ES"},{"@type":"Organization","@id":"https:\/\/www.uhu.es\/etsi\/#organization","name":"UHU ETSI","url":"https:\/\/www.uhu.es\/etsi\/","logo":{"@type":"ImageObject","inLanguage":"es-ES","@id":"https:\/\/www.uhu.es\/etsi\/#\/schema\/logo\/image\/","url":"http:\/\/www.uhu.es\/etsi\/wp-content\/uploads\/2016\/02\/membrete_ETSI.jpg","contentUrl":"http:\/\/www.uhu.es\/etsi\/wp-content\/uploads\/2016\/02\/membrete_ETSI.jpg","width":423,"height":81,"caption":"UHU ETSI"},"image":{"@id":"https:\/\/www.uhu.es\/etsi\/#\/schema\/logo\/image\/"}}]}},"_links":{"self":[{"href":"https:\/\/www.uhu.es\/etsi\/wp-json\/wp\/v2\/pages\/21010"}],"collection":[{"href":"https:\/\/www.uhu.es\/etsi\/wp-json\/wp\/v2\/pages"}],"about":[{"href":"https:\/\/www.uhu.es\/etsi\/wp-json\/wp\/v2\/types\/page"}],"author":[{"embeddable":true,"href":"https:\/\/www.uhu.es\/etsi\/wp-json\/wp\/v2\/users\/7"}],"replies":[{"embeddable":true,"href":"https:\/\/www.uhu.es\/etsi\/wp-json\/wp\/v2\/comments?post=21010"}],"version-history":[{"count":65,"href":"https:\/\/www.uhu.es\/etsi\/wp-json\/wp\/v2\/pages\/21010\/revisions"}],"predecessor-version":[{"id":25782,"href":"https:\/\/www.uhu.es\/etsi\/wp-json\/wp\/v2\/pages\/21010\/revisions\/25782"}],"up":[{"embeddable":true,"href":"https:\/\/www.uhu.es\/etsi\/wp-json\/wp\/v2\/pages\/6660"}],"wp:attachment":[{"href":"https:\/\/www.uhu.es\/etsi\/wp-json\/wp\/v2\/media?parent=21010"}],"curies":[{"name":"wp","href":"https:\/\/api.w.org\/{rel}","templated":true}]}}