{"id":21342,"date":"2021-11-10T11:56:37","date_gmt":"2021-11-10T10:56:37","guid":{"rendered":"http:\/\/www.uhu.es\/etsi\/?page_id=21342"},"modified":"2026-03-25T14:25:50","modified_gmt":"2026-03-25T13:25:50","slug":"tribunales","status":"publish","type":"page","link":"https:\/\/www.uhu.es\/etsi\/informacion-academica\/informacion-comun-todos-los-titulos\/tribunales\/","title":{"rendered":"Visualizar Tribunales"},"content":{"rendered":"<br \/>\n<tr>\n<h1>\n            Tribunales Curso acad\u00e9mico 2025\/26        <\/h1>\n<form method=\"POST\" action=\"\">\n<td>Grado:<\/td>\n<p>            <select name=\"Grados\" onchange=\"this.form.submit()\"><option value=\"null\" selected>Elija un grado<\/option><option value= selected='selected'>Titulaci\u00f3n <\/option><option value=184 > Grado en Ingenier\u00eda Minera<\/option><option value=185 > Grado en Ingenier\u00eda de Energ\u00edas Renovables Y Tecnolog\u00edas del Hidr\u00f3geno<\/option><option value=186 > Doble Grado en Ingenier\u00eda El\u00e9ctrica e ingenier\u00eda de Energ\u00edas Renovables y Tecnolog\u00eda del Hidr\u00f3geno<\/option><option value=187 > Doble Grado en Ingenier\u00eda Minera e Ingenier\u00eda Mec\u00e1nica<\/option><option value=30 > Ingeniero Industrial (Plan 2004)<\/option><option value=32 > INGENIERO QU\u00cdMICO<\/option><option value=6026 > Grado en Ingenier\u00eda Inform\u00e1tica<\/option><option value=6126 > Grado en Ingenier\u00eda Agr\u00edcola<\/option><option value=G25 > Grado en Ingenier\u00eda Mec\u00e1nica<\/option><option value=G26 > Grado en Ingenier\u00eda Inform\u00e1tica (2010)<\/option><option value=G27 > Grado en Ingenier\u00eda Forestal y del Medio Natural<\/option><option value=G28 > Grado en Ingenier\u00eda El\u00e9ctrica<\/option><option value=G29 > Grado en Ingenier\u00eda Electr\u00f3nica Industrial<\/option><option value=G30 > Grado de Ingenier\u00eda en Explotaci\u00f3n de Minas y Recursos Energ\u00e9ticos<\/option><option value=G31 > Grado en Ingenier\u00eda Qu\u00edmica Industrial<\/option><option value=G32 > Grado en Ingenier\u00eda Agr\u00edcola (2010)<\/option><option value=G33 > Grado en Ingenier\u00eda Energ\u00e9tica<\/option><option value=G58 > Doble Grado en Ingenier\u00eda Mec\u00e1nica y Grado de Ingenier\u00eda en Explotaci\u00f3n de Minas y Recursos Energ\u00e9ticos<\/option><option value=H97 > Doble Grado en Ingenier\u00eda Electr\u00f3nica Industrial e Ingenier\u00eda Mec\u00e1nica<\/option><option value=H98 > Doble Grado en Ingenier\u00eda El\u00e9ctrica e Ingenier\u00eda Energ\u00e9tica<\/option><option value=J59 > Doble Grado en Ciencias Ambientales e Ingenier\u00eda Forestal y del Medio Natural <\/option><option value=M02 > M\u00e1ster Universitario en Ingenier\u00eda Inform\u00e1tica (2018)<\/option><option value=M14 > M\u00e1ster Universitario en Ingenier\u00eda Inform\u00e1tica (Plan 2023)<\/option><option value=P66 > M\u00e1ster Oficial en Ingenier\u00eda Qu\u00edmica<\/option><option value=P67 > M\u00e1ster Oficial en Ingenier\u00eda Inform\u00e1tica<\/option><option value=P68 > M\u00e1ster Oficial en Ingenier\u00eda Industrial<\/option><option value=P69 > M\u00e1ster Oficial en Ingenier\u00eda de Montes<\/option><option value=P95 > M\u00e1ster Oficial en Ingenier\u00eda de Minas<\/option><option value=P97 > M\u00e1ster en Ingenier\u00eda Qu\u00edmica (2018)<\/option><input class='hidden' name='AntiguoSeleccionado' type='text' value=''>            <\/select><br \/>\n                    <\/form>\n<\/tr>\n<tr>\n            <\/tr>\n<style>\n    .Centrado {\n        text-align: center;\n    }<\/p>\n<p>    .hidden {\n        display: none;\n    }<\/p>\n<p>    body {\n        margin: 0;\n        padding: 0;\n        box-sizing: border-box;\n        background: #000;\n    }\n    \/* Oculta el T\u00edtulo de la p\u00e1gina *\/\n    .entry-title {\n        display: none;\n    }\n<\/style>\n","protected":false},"excerpt":{"rendered":"<p>Tribunales Curso acad\u00e9mico 2025\/26 Grado: Elija un gradoTitulaci\u00f3n Grado en Ingenier\u00eda Minera Grado en Ingenier\u00eda de Energ\u00edas Renovables Y Tecnolog\u00edas &#8230; <\/p>\n<div><a href=\"https:\/\/www.uhu.es\/etsi\/informacion-academica\/informacion-comun-todos-los-titulos\/tribunales\/\" class=\"more-link\">Read More<\/a><\/div>\n","protected":false},"author":7,"featured_media":0,"parent":6951,"menu_order":0,"comment_status":"closed","ping_status":"closed","template":"template-layout-full-width.php","meta":[],"yoast_head":"<!-- This site is optimized with the Yoast SEO plugin v20.2.1 - https:\/\/yoast.com\/wordpress\/plugins\/seo\/ -->\n<title>Visualizar Tribunales - ETSI, UHU<\/title>\n<meta name=\"robots\" content=\"index, follow, max-snippet:-1, max-image-preview:large, max-video-preview:-1\" \/>\n<link rel=\"canonical\" href=\"https:\/\/www.uhu.es\/etsi\/informacion-academica\/informacion-comun-todos-los-titulos\/tribunales\/\" \/>\n<meta property=\"og:locale\" content=\"es_ES\" \/>\n<meta property=\"og:type\" content=\"article\" \/>\n<meta property=\"og:title\" content=\"Visualizar Tribunales - ETSI, UHU\" \/>\n<meta property=\"og:description\" content=\"Tribunales Curso acad\u00e9mico 2025\/26 Grado: Elija un gradoTitulaci\u00f3n Grado en Ingenier\u00eda Minera Grado en Ingenier\u00eda de Energ\u00edas Renovables Y Tecnolog\u00edas ... Read More\" \/>\n<meta property=\"og:url\" content=\"https:\/\/www.uhu.es\/etsi\/informacion-academica\/informacion-comun-todos-los-titulos\/tribunales\/\" \/>\n<meta property=\"og:site_name\" content=\"ETSI, UHU\" \/>\n<meta property=\"article:modified_time\" content=\"2026-03-25T13:25:50+00:00\" \/>\n<meta name=\"twitter:label1\" content=\"Est. reading time\" \/>\n\t<meta name=\"twitter:data1\" content=\"3 minutes\" \/>\n<script type=\"application\/ld+json\" class=\"yoast-schema-graph\">{\"@context\":\"https:\/\/schema.org\",\"@graph\":[{\"@type\":\"WebPage\",\"@id\":\"https:\/\/www.uhu.es\/etsi\/informacion-academica\/informacion-comun-todos-los-titulos\/tribunales\/\",\"url\":\"https:\/\/www.uhu.es\/etsi\/informacion-academica\/informacion-comun-todos-los-titulos\/tribunales\/\",\"name\":\"Visualizar Tribunales - ETSI, UHU\",\"isPartOf\":{\"@id\":\"https:\/\/www.uhu.es\/etsi\/#website\"},\"datePublished\":\"2021-11-10T10:56:37+00:00\",\"dateModified\":\"2026-03-25T13:25:50+00:00\",\"breadcrumb\":{\"@id\":\"https:\/\/www.uhu.es\/etsi\/informacion-academica\/informacion-comun-todos-los-titulos\/tribunales\/#breadcrumb\"},\"inLanguage\":\"es-ES\",\"potentialAction\":[{\"@type\":\"ReadAction\",\"target\":[\"https:\/\/www.uhu.es\/etsi\/informacion-academica\/informacion-comun-todos-los-titulos\/tribunales\/\"]}]},{\"@type\":\"BreadcrumbList\",\"@id\":\"https:\/\/www.uhu.es\/etsi\/informacion-academica\/informacion-comun-todos-los-titulos\/tribunales\/#breadcrumb\",\"itemListElement\":[{\"@type\":\"ListItem\",\"position\":1,\"name\":\"Portada\",\"item\":\"https:\/\/www.uhu.es\/etsi\/\"},{\"@type\":\"ListItem\",\"position\":2,\"name\":\"Informaci\u00f3n Acad\u00e9mica\",\"item\":\"https:\/\/www.uhu.es\/etsi\/informacion-academica\/\"},{\"@type\":\"ListItem\",\"position\":3,\"name\":\"Informaci\u00f3n Com\u00fan a todos los T\u00edtulos\",\"item\":\"https:\/\/www.uhu.es\/etsi\/informacion-academica\/informacion-comun-todos-los-titulos\/\"},{\"@type\":\"ListItem\",\"position\":4,\"name\":\"Visualizar Tribunales\"}]},{\"@type\":\"WebSite\",\"@id\":\"https:\/\/www.uhu.es\/etsi\/#website\",\"url\":\"https:\/\/www.uhu.es\/etsi\/\",\"name\":\"ETSI, UHU\",\"description\":\"Escuela T\u00e9cnica Superior de  Ingenier\u00eda de la Universidad de Huelva\",\"publisher\":{\"@id\":\"https:\/\/www.uhu.es\/etsi\/#organization\"},\"potentialAction\":[{\"@type\":\"SearchAction\",\"target\":{\"@type\":\"EntryPoint\",\"urlTemplate\":\"https:\/\/www.uhu.es\/etsi\/?s={search_term_string}\"},\"query-input\":\"required name=search_term_string\"}],\"inLanguage\":\"es-ES\"},{\"@type\":\"Organization\",\"@id\":\"https:\/\/www.uhu.es\/etsi\/#organization\",\"name\":\"UHU ETSI\",\"url\":\"https:\/\/www.uhu.es\/etsi\/\",\"logo\":{\"@type\":\"ImageObject\",\"inLanguage\":\"es-ES\",\"@id\":\"https:\/\/www.uhu.es\/etsi\/#\/schema\/logo\/image\/\",\"url\":\"http:\/\/www.uhu.es\/etsi\/wp-content\/uploads\/2016\/02\/membrete_ETSI.jpg\",\"contentUrl\":\"http:\/\/www.uhu.es\/etsi\/wp-content\/uploads\/2016\/02\/membrete_ETSI.jpg\",\"width\":423,\"height\":81,\"caption\":\"UHU ETSI\"},\"image\":{\"@id\":\"https:\/\/www.uhu.es\/etsi\/#\/schema\/logo\/image\/\"}}]}<\/script>\n<!-- \/ Yoast SEO plugin. -->","yoast_head_json":{"title":"Visualizar Tribunales - ETSI, UHU","robots":{"index":"index","follow":"follow","max-snippet":"max-snippet:-1","max-image-preview":"max-image-preview:large","max-video-preview":"max-video-preview:-1"},"canonical":"https:\/\/www.uhu.es\/etsi\/informacion-academica\/informacion-comun-todos-los-titulos\/tribunales\/","og_locale":"es_ES","og_type":"article","og_title":"Visualizar Tribunales - ETSI, UHU","og_description":"Tribunales Curso acad\u00e9mico 2025\/26 Grado: Elija un gradoTitulaci\u00f3n Grado en Ingenier\u00eda Minera Grado en Ingenier\u00eda de Energ\u00edas Renovables Y Tecnolog\u00edas ... Read More","og_url":"https:\/\/www.uhu.es\/etsi\/informacion-academica\/informacion-comun-todos-los-titulos\/tribunales\/","og_site_name":"ETSI, UHU","article_modified_time":"2026-03-25T13:25:50+00:00","twitter_misc":{"Est. reading time":"3 minutes"},"schema":{"@context":"https:\/\/schema.org","@graph":[{"@type":"WebPage","@id":"https:\/\/www.uhu.es\/etsi\/informacion-academica\/informacion-comun-todos-los-titulos\/tribunales\/","url":"https:\/\/www.uhu.es\/etsi\/informacion-academica\/informacion-comun-todos-los-titulos\/tribunales\/","name":"Visualizar Tribunales - ETSI, UHU","isPartOf":{"@id":"https:\/\/www.uhu.es\/etsi\/#website"},"datePublished":"2021-11-10T10:56:37+00:00","dateModified":"2026-03-25T13:25:50+00:00","breadcrumb":{"@id":"https:\/\/www.uhu.es\/etsi\/informacion-academica\/informacion-comun-todos-los-titulos\/tribunales\/#breadcrumb"},"inLanguage":"es-ES","potentialAction":[{"@type":"ReadAction","target":["https:\/\/www.uhu.es\/etsi\/informacion-academica\/informacion-comun-todos-los-titulos\/tribunales\/"]}]},{"@type":"BreadcrumbList","@id":"https:\/\/www.uhu.es\/etsi\/informacion-academica\/informacion-comun-todos-los-titulos\/tribunales\/#breadcrumb","itemListElement":[{"@type":"ListItem","position":1,"name":"Portada","item":"https:\/\/www.uhu.es\/etsi\/"},{"@type":"ListItem","position":2,"name":"Informaci\u00f3n Acad\u00e9mica","item":"https:\/\/www.uhu.es\/etsi\/informacion-academica\/"},{"@type":"ListItem","position":3,"name":"Informaci\u00f3n Com\u00fan a todos los T\u00edtulos","item":"https:\/\/www.uhu.es\/etsi\/informacion-academica\/informacion-comun-todos-los-titulos\/"},{"@type":"ListItem","position":4,"name":"Visualizar Tribunales"}]},{"@type":"WebSite","@id":"https:\/\/www.uhu.es\/etsi\/#website","url":"https:\/\/www.uhu.es\/etsi\/","name":"ETSI, UHU","description":"Escuela T\u00e9cnica Superior de  Ingenier\u00eda de la Universidad de Huelva","publisher":{"@id":"https:\/\/www.uhu.es\/etsi\/#organization"},"potentialAction":[{"@type":"SearchAction","target":{"@type":"EntryPoint","urlTemplate":"https:\/\/www.uhu.es\/etsi\/?s={search_term_string}"},"query-input":"required name=search_term_string"}],"inLanguage":"es-ES"},{"@type":"Organization","@id":"https:\/\/www.uhu.es\/etsi\/#organization","name":"UHU ETSI","url":"https:\/\/www.uhu.es\/etsi\/","logo":{"@type":"ImageObject","inLanguage":"es-ES","@id":"https:\/\/www.uhu.es\/etsi\/#\/schema\/logo\/image\/","url":"http:\/\/www.uhu.es\/etsi\/wp-content\/uploads\/2016\/02\/membrete_ETSI.jpg","contentUrl":"http:\/\/www.uhu.es\/etsi\/wp-content\/uploads\/2016\/02\/membrete_ETSI.jpg","width":423,"height":81,"caption":"UHU ETSI"},"image":{"@id":"https:\/\/www.uhu.es\/etsi\/#\/schema\/logo\/image\/"}}]}},"_links":{"self":[{"href":"https:\/\/www.uhu.es\/etsi\/wp-json\/wp\/v2\/pages\/21342"}],"collection":[{"href":"https:\/\/www.uhu.es\/etsi\/wp-json\/wp\/v2\/pages"}],"about":[{"href":"https:\/\/www.uhu.es\/etsi\/wp-json\/wp\/v2\/types\/page"}],"author":[{"embeddable":true,"href":"https:\/\/www.uhu.es\/etsi\/wp-json\/wp\/v2\/users\/7"}],"replies":[{"embeddable":true,"href":"https:\/\/www.uhu.es\/etsi\/wp-json\/wp\/v2\/comments?post=21342"}],"version-history":[{"count":63,"href":"https:\/\/www.uhu.es\/etsi\/wp-json\/wp\/v2\/pages\/21342\/revisions"}],"predecessor-version":[{"id":26038,"href":"https:\/\/www.uhu.es\/etsi\/wp-json\/wp\/v2\/pages\/21342\/revisions\/26038"}],"up":[{"embeddable":true,"href":"https:\/\/www.uhu.es\/etsi\/wp-json\/wp\/v2\/pages\/6951"}],"wp:attachment":[{"href":"https:\/\/www.uhu.es\/etsi\/wp-json\/wp\/v2\/media?parent=21342"}],"curies":[{"name":"wp","href":"https:\/\/api.w.org\/{rel}","templated":true}]}}