{"id":21654,"date":"2022-03-30T10:23:04","date_gmt":"2022-03-30T09:23:04","guid":{"rendered":"http:\/\/www.uhu.es\/etsi\/?page_id=21654"},"modified":"2022-03-31T08:35:24","modified_gmt":"2022-03-31T07:35:24","slug":"solicitud-set","status":"publish","type":"page","link":"https:\/\/www.uhu.es\/etsi\/solicitud-set\/","title":{"rendered":"Solicitud SET"},"content":{"rendered":"<p><span style=\"color: #ff0000;\">INSTRUCCIONES DE SOLICITUD DEL SUPLEMENTO EUROPEO AL T\u00cdTULO (SET)<\/span><\/p>\n<p style=\"padding-left: 30px;\"><span style=\"color: #000000;\"><strong><span dir=\"ltr\" role=\"presentation\">A) QUIEN PUEDE SOLICITARLO<\/span><\/strong><\/span><\/p>\n<p style=\"padding-left: 60px;\"><span style=\"color: #000000;\"><span dir=\"ltr\" role=\"presentation\">1.- Para diplomaturas y licenciaturas: Aquellos estudiantes cuyo t\u00edtulo haya sido expedido<\/span><br role=\"presentation\" \/><span dir=\"ltr\" role=\"presentation\">a partir del 24\/04\/2007 o cuya expedici\u00f3n haya sido solicitada con posterioridad al<\/span><br role=\"presentation\" \/><span dir=\"ltr\" role=\"presentation\">11\/09\/2003, y se correspondan, en ambos casos, con estudios finalizados en el curso<\/span><br role=\"presentation\" \/><span dir=\"ltr\" role=\"presentation\">acad\u00e9mico 2003-04 o posteriores.<\/span><br role=\"presentation\" \/><span dir=\"ltr\" role=\"presentation\">2.- Para las titulaciones de grados y m\u00e1steres reguladas por el RD 1393\/2007 de 29 de<\/span><br role=\"presentation\" \/><span dir=\"ltr\" role=\"presentation\">octubre y que hayan finalizado con anterioridad a la convocatoria de febrero y junio del<\/span><br role=\"presentation\" \/><span dir=\"ltr\" role=\"presentation\">2016-17,<\/span> <span dir=\"ltr\" role=\"presentation\">respectivamente.<\/span> <span dir=\"ltr\" role=\"presentation\">Para<\/span> <span dir=\"ltr\" role=\"presentation\">aquellos<\/span> <span dir=\"ltr\" role=\"presentation\">que<\/span> <span dir=\"ltr\" role=\"presentation\">finalicen<\/span> <span dir=\"ltr\" role=\"presentation\">con<\/span> <span dir=\"ltr\" role=\"presentation\">posterioridad<\/span> <span dir=\"ltr\" role=\"presentation\">a<\/span> <span dir=\"ltr\" role=\"presentation\">dichas<\/span><br role=\"presentation\" \/><span dir=\"ltr\" role=\"presentation\">convocatorias el SET ser\u00e1 tramitado de oficio por la secretar\u00eda del centro, una vez que<\/span><br role=\"presentation\" \/><span dir=\"ltr\" role=\"presentation\">alumno presente la solicitud del t\u00edtulo oficial.<\/span><\/span><\/p>\n<p style=\"padding-left: 30px;\"><span style=\"color: #000000;\"><br role=\"presentation\" \/><strong><span dir=\"ltr\" role=\"presentation\">B) PLAZO DE PRESENTACI\u00d3N DE SOLICITUD<\/span><\/strong><br role=\"presentation\" \/><\/span><\/p>\n<p style=\"padding-left: 60px;\"><span style=\"color: #000000;\"><span dir=\"ltr\" role=\"presentation\">En cualquier momento para aquellos que est\u00e9n obligados a presentar solicitud.<\/span><\/span><\/p>\n<p style=\"padding-left: 30px;\"><span style=\"color: #000000;\"><br role=\"presentation\" \/><strong><span dir=\"ltr\" role=\"presentation\">C) LUGAR DE PRESENTACI\u00d3N DE LA SOLICITUD<\/span><\/strong><br role=\"presentation\" \/><\/span><\/p>\n<p style=\"padding-left: 60px;\"><span style=\"color: #000000;\"><span dir=\"ltr\" role=\"presentation\">&#8211;<\/span> <span dir=\"ltr\" role=\"presentation\">En<\/span> <span dir=\"ltr\" role=\"presentation\">la<\/span> <span dir=\"ltr\" role=\"presentation\">ventanilla<\/span> <span dir=\"ltr\" role=\"presentation\">de<\/span> <span dir=\"ltr\" role=\"presentation\">la<\/span> <span dir=\"ltr\" role=\"presentation\">secretar\u00eda<\/span> <span dir=\"ltr\" role=\"presentation\">de<\/span> <span dir=\"ltr\" role=\"presentation\">la<\/span> <span dir=\"ltr\" role=\"presentation\">facultad<\/span> <span dir=\"ltr\" role=\"presentation\">previa<\/span> <span dir=\"ltr\" role=\"presentation\">cita<\/span><br role=\"presentation\" \/><a href=\"https:\/\/www.uhu.es\/etsi\/citanet\/\"><span dir=\"ltr\" role=\"presentation\">https:\/\/www.uhu.es\/etsi\/citanet\/<\/span><\/a><br role=\"presentation\" \/><span dir=\"ltr\" role=\"presentation\">&#8211;<\/span><span dir=\"ltr\" role=\"presentation\">Por correo electr\u00f3nico<\/span> <span dir=\"ltr\" role=\"presentation\">(dirigido a la persona de Secretar\u00eda encargada de los tr\u00e1mites<\/span><span dir=\"ltr\" role=\"presentation\">(dirigi<\/span><br role=\"presentation\" \/><span dir=\"ltr\" role=\"presentation\">de la titulaci\u00f3n, cuyos datos de contacto se pueden consultar en<\/span> <a href=\"https:\/\/www.uhu.es\/etsi\/secretaria\/listado-telefonico-secretaria\/\"><span dir=\"ltr\" role=\"presentation\">http:\/\/www.uhu.es\/<\/span><span dir=\"ltr\" role=\"presentation\">etsi\/secretaria\/listado-telefonico-secretaria\/<\/span><\/a><span dir=\"ltr\" role=\"presentation\">, <\/span><\/span><span style=\"color: #000000;\"><span dir=\"ltr\" role=\"presentation\">utilizando el correo de alumno o, en su<\/span><br role=\"presentation\" \/><span dir=\"ltr\" role=\"presentation\">defecto, su cuenta personal adjuntando copia del DNI.<\/span><\/span><\/p>\n<p style=\"padding-left: 30px;\"><span style=\"color: #000000;\"><strong><span dir=\"ltr\" role=\"presentation\">D) DOCUMENTACI\u00d3N A APORTAR<\/span><\/strong><br role=\"presentation\" \/><\/span><\/p>\n<p style=\"padding-left: 60px;\"><span style=\"color: #000000;\"><span dir=\"ltr\" role=\"presentation\">&#8211;<\/span> <span dir=\"ltr\" role=\"presentation\">Solicitud cumplimentada y firmada<\/span><br role=\"presentation\" \/><span dir=\"ltr\" role=\"presentation\">&#8211;<\/span> <span dir=\"ltr\" role=\"presentation\">Para espa\u00f1oles fotocopia del D.N.I., para extranjeros fotocopia del pasaporte o del<\/span><br role=\"presentation\" \/><span dir=\"ltr\" role=\"presentation\">documento de identidad de su pa\u00eds (este \u00faltimo si pertenece a la U.E.).<\/span><br role=\"presentation\" \/><\/span><\/p>\n<p style=\"padding-left: 30px;\"><span style=\"color: #000000;\"><strong><span dir=\"ltr\" role=\"presentation\">E) RECOGIDA DEL SET<\/span><\/strong><\/span><\/p>\n<p style=\"padding-left: 60px;\"><span style=\"color: #000000;\"><span dir=\"ltr\" role=\"presentation\">&#8211;<\/span> <span dir=\"ltr\" role=\"presentation\">Podr\u00e1 ser retirado:<\/span><br role=\"presentation\" \/><\/span><\/p>\n<p style=\"padding-left: 90px;\"><span style=\"color: #000000;\"><strong><span dir=\"ltr\" role=\"presentation\">A) Para el alumnado que tenga en su poder el t\u00edtulo oficial<\/span><\/strong><br role=\"presentation\" \/><\/span><\/p>\n<p style=\"padding-left: 120px;\"><span style=\"color: #000000;\"><span dir=\"ltr\" role=\"presentation\">&#8211;<\/span> <span dir=\"ltr\" role=\"presentation\">En la secretar\u00eda de la Escuela previa cita (<a href=\"https:\/\/www.uhu.es\/etsi\/citanet\/\">https:\/\/www.uhu.es\/etsi\/citanet\/<\/a><\/span><span dir=\"ltr\" role=\"presentation\">),<\/span> <span dir=\"ltr\" role=\"presentation\">por el<\/span><br role=\"presentation\" \/><span dir=\"ltr\" role=\"presentation\">interesado<\/span> <span dir=\"ltr\" role=\"presentation\">presentado<\/span> <span dir=\"ltr\" role=\"presentation\">su<\/span> <span dir=\"ltr\" role=\"presentation\">DNI<\/span> <span dir=\"ltr\" role=\"presentation\">o<\/span> <span dir=\"ltr\" role=\"presentation\">por<\/span> <span dir=\"ltr\" role=\"presentation\">la<\/span> <span dir=\"ltr\" role=\"presentation\">persona<\/span> <span dir=\"ltr\" role=\"presentation\">en<\/span> <span dir=\"ltr\" role=\"presentation\">quien<\/span> <span dir=\"ltr\" role=\"presentation\">delegue<\/span> <span dir=\"ltr\" role=\"presentation\">con<\/span> <span dir=\"ltr\" role=\"presentation\">la<\/span><br role=\"presentation\" \/><span dir=\"ltr\" role=\"presentation\">autorizaci\u00f3n pertinente<\/span><br role=\"presentation\" \/><span dir=\"ltr\" role=\"presentation\">&#8211;<\/span> <span dir=\"ltr\" role=\"presentation\">Por mensajer\u00eda previa solicitud del interesado. Los tr\u00e1mites y gastos de mensajer\u00eda<\/span><br role=\"presentation\" \/><span dir=\"ltr\" role=\"presentation\">correr\u00e1n a su cargo.<\/span><br role=\"presentation\" \/><\/span><\/p>\n<p style=\"padding-left: 90px;\"><span style=\"color: #000000;\"><strong><span dir=\"ltr\" role=\"presentation\">B) Para el alumnado que este pendiente de recoger el t\u00edtulo oficial<\/span><\/strong><br role=\"presentation\" \/><\/span><\/p>\n<p style=\"padding-left: 120px;\"><span style=\"color: #000000;\"><span dir=\"ltr\" role=\"presentation\">&#8211;<\/span> <span dir=\"ltr\" role=\"presentation\">En la secretar\u00eda de la Escuela en el momento que proceda a retirar su t\u00edtulo oficial<\/span><br role=\"presentation\" \/><span dir=\"ltr\" role=\"presentation\">por los medios establecidos. (Ver instrucciones de solicitud de t\u00edtulo en la web de<\/span><br role=\"presentation\" \/><span dir=\"ltr\" role=\"presentation\">la facultad)<\/span><\/span><\/p>\n<div class=\"col-sm-2\" style=\"padding: 5px;\"><a style=\"width: 98%; margin-left: auto; margin-right: auto;\n  color: #fff;\n  background-color: #1a242f;\n  border-color: #161f29;box-shadow: inset 0 3px 5px rgba(0, 0, 0, .125);padding: 10px 16px;\nfont-size: 18px;\nline-height: 1.3333333;\nborder-radius: 6px;\ndisplay: inline-block;\npadding: 6px 12px;\nmargin-bottom: 0;\nfont-size: 14px;\nfont-weight: normal;\nline-height: 1.42857143;\ntext-align: center;\nwhite-space: nowrap;\nvertical-align: middle;\n-ms-touch-action: manipulation;\ntouch-action: manipulation;\ncursor: pointer;\nuser-select: none;\nbackground-image: none;\nborder: 1px solid transparent;\nborder-radius: 4px;\n\" role=\"button\" href=\" https:\/\/www.uhu.es\/etsi\/impresos\/nuevo\/Sol_7.pdf\" target=\"_blank\" rel=\"noopener\" aria-pressed=\"true\">Impreso de solicitud del Suplemento Europeo del T\u00edtulo (SET)<\/a><\/div>\n","protected":false},"excerpt":{"rendered":"<p>INSTRUCCIONES DE SOLICITUD DEL SUPLEMENTO EUROPEO AL T\u00cdTULO (SET) A) QUIEN PUEDE SOLICITARLO 1.- Para diplomaturas y licenciaturas: Aquellos estudiantes &#8230; <\/p>\n<div><a href=\"https:\/\/www.uhu.es\/etsi\/solicitud-set\/\" class=\"more-link\">Read More<\/a><\/div>\n","protected":false},"author":7,"featured_media":0,"parent":0,"menu_order":0,"comment_status":"closed","ping_status":"closed","template":"template-layout-full-width.php","meta":[],"yoast_head":"<!-- This site is optimized with the Yoast SEO plugin v20.2.1 - https:\/\/yoast.com\/wordpress\/plugins\/seo\/ -->\n<title>Solicitud SET - ETSI, UHU<\/title>\n<meta name=\"robots\" content=\"index, follow, max-snippet:-1, max-image-preview:large, max-video-preview:-1\" \/>\n<link rel=\"canonical\" href=\"https:\/\/www.uhu.es\/etsi\/solicitud-set\/\" \/>\n<meta property=\"og:locale\" content=\"es_ES\" \/>\n<meta property=\"og:type\" content=\"article\" \/>\n<meta property=\"og:title\" content=\"Solicitud SET - ETSI, UHU\" \/>\n<meta property=\"og:description\" content=\"INSTRUCCIONES DE SOLICITUD DEL SUPLEMENTO EUROPEO AL T\u00cdTULO (SET) A) QUIEN PUEDE SOLICITARLO 1.- Para diplomaturas y licenciaturas: Aquellos estudiantes ... Read More\" \/>\n<meta property=\"og:url\" content=\"https:\/\/www.uhu.es\/etsi\/solicitud-set\/\" \/>\n<meta property=\"og:site_name\" content=\"ETSI, UHU\" \/>\n<meta property=\"article:modified_time\" content=\"2022-03-31T07:35:24+00:00\" \/>\n<meta name=\"twitter:label1\" content=\"Est. reading time\" \/>\n\t<meta name=\"twitter:data1\" content=\"2 minutes\" \/>\n<script type=\"application\/ld+json\" class=\"yoast-schema-graph\">{\"@context\":\"https:\/\/schema.org\",\"@graph\":[{\"@type\":\"WebPage\",\"@id\":\"https:\/\/www.uhu.es\/etsi\/solicitud-set\/\",\"url\":\"https:\/\/www.uhu.es\/etsi\/solicitud-set\/\",\"name\":\"Solicitud SET - ETSI, UHU\",\"isPartOf\":{\"@id\":\"https:\/\/www.uhu.es\/etsi\/#website\"},\"datePublished\":\"2022-03-30T09:23:04+00:00\",\"dateModified\":\"2022-03-31T07:35:24+00:00\",\"breadcrumb\":{\"@id\":\"https:\/\/www.uhu.es\/etsi\/solicitud-set\/#breadcrumb\"},\"inLanguage\":\"es-ES\",\"potentialAction\":[{\"@type\":\"ReadAction\",\"target\":[\"https:\/\/www.uhu.es\/etsi\/solicitud-set\/\"]}]},{\"@type\":\"BreadcrumbList\",\"@id\":\"https:\/\/www.uhu.es\/etsi\/solicitud-set\/#breadcrumb\",\"itemListElement\":[{\"@type\":\"ListItem\",\"position\":1,\"name\":\"Portada\",\"item\":\"https:\/\/www.uhu.es\/etsi\/\"},{\"@type\":\"ListItem\",\"position\":2,\"name\":\"Solicitud SET\"}]},{\"@type\":\"WebSite\",\"@id\":\"https:\/\/www.uhu.es\/etsi\/#website\",\"url\":\"https:\/\/www.uhu.es\/etsi\/\",\"name\":\"ETSI, UHU\",\"description\":\"Escuela T\u00e9cnica Superior de  Ingenier\u00eda de la Universidad de Huelva\",\"publisher\":{\"@id\":\"https:\/\/www.uhu.es\/etsi\/#organization\"},\"potentialAction\":[{\"@type\":\"SearchAction\",\"target\":{\"@type\":\"EntryPoint\",\"urlTemplate\":\"https:\/\/www.uhu.es\/etsi\/?s={search_term_string}\"},\"query-input\":\"required name=search_term_string\"}],\"inLanguage\":\"es-ES\"},{\"@type\":\"Organization\",\"@id\":\"https:\/\/www.uhu.es\/etsi\/#organization\",\"name\":\"UHU ETSI\",\"url\":\"https:\/\/www.uhu.es\/etsi\/\",\"logo\":{\"@type\":\"ImageObject\",\"inLanguage\":\"es-ES\",\"@id\":\"https:\/\/www.uhu.es\/etsi\/#\/schema\/logo\/image\/\",\"url\":\"http:\/\/www.uhu.es\/etsi\/wp-content\/uploads\/2016\/02\/membrete_ETSI.jpg\",\"contentUrl\":\"http:\/\/www.uhu.es\/etsi\/wp-content\/uploads\/2016\/02\/membrete_ETSI.jpg\",\"width\":423,\"height\":81,\"caption\":\"UHU ETSI\"},\"image\":{\"@id\":\"https:\/\/www.uhu.es\/etsi\/#\/schema\/logo\/image\/\"}}]}<\/script>\n<!-- \/ Yoast SEO plugin. -->","yoast_head_json":{"title":"Solicitud SET - ETSI, UHU","robots":{"index":"index","follow":"follow","max-snippet":"max-snippet:-1","max-image-preview":"max-image-preview:large","max-video-preview":"max-video-preview:-1"},"canonical":"https:\/\/www.uhu.es\/etsi\/solicitud-set\/","og_locale":"es_ES","og_type":"article","og_title":"Solicitud SET - ETSI, UHU","og_description":"INSTRUCCIONES DE SOLICITUD DEL SUPLEMENTO EUROPEO AL T\u00cdTULO (SET) A) QUIEN PUEDE SOLICITARLO 1.- Para diplomaturas y licenciaturas: Aquellos estudiantes ... Read More","og_url":"https:\/\/www.uhu.es\/etsi\/solicitud-set\/","og_site_name":"ETSI, UHU","article_modified_time":"2022-03-31T07:35:24+00:00","twitter_misc":{"Est. reading time":"2 minutes"},"schema":{"@context":"https:\/\/schema.org","@graph":[{"@type":"WebPage","@id":"https:\/\/www.uhu.es\/etsi\/solicitud-set\/","url":"https:\/\/www.uhu.es\/etsi\/solicitud-set\/","name":"Solicitud SET - ETSI, UHU","isPartOf":{"@id":"https:\/\/www.uhu.es\/etsi\/#website"},"datePublished":"2022-03-30T09:23:04+00:00","dateModified":"2022-03-31T07:35:24+00:00","breadcrumb":{"@id":"https:\/\/www.uhu.es\/etsi\/solicitud-set\/#breadcrumb"},"inLanguage":"es-ES","potentialAction":[{"@type":"ReadAction","target":["https:\/\/www.uhu.es\/etsi\/solicitud-set\/"]}]},{"@type":"BreadcrumbList","@id":"https:\/\/www.uhu.es\/etsi\/solicitud-set\/#breadcrumb","itemListElement":[{"@type":"ListItem","position":1,"name":"Portada","item":"https:\/\/www.uhu.es\/etsi\/"},{"@type":"ListItem","position":2,"name":"Solicitud SET"}]},{"@type":"WebSite","@id":"https:\/\/www.uhu.es\/etsi\/#website","url":"https:\/\/www.uhu.es\/etsi\/","name":"ETSI, UHU","description":"Escuela T\u00e9cnica Superior de  Ingenier\u00eda de la Universidad de Huelva","publisher":{"@id":"https:\/\/www.uhu.es\/etsi\/#organization"},"potentialAction":[{"@type":"SearchAction","target":{"@type":"EntryPoint","urlTemplate":"https:\/\/www.uhu.es\/etsi\/?s={search_term_string}"},"query-input":"required name=search_term_string"}],"inLanguage":"es-ES"},{"@type":"Organization","@id":"https:\/\/www.uhu.es\/etsi\/#organization","name":"UHU ETSI","url":"https:\/\/www.uhu.es\/etsi\/","logo":{"@type":"ImageObject","inLanguage":"es-ES","@id":"https:\/\/www.uhu.es\/etsi\/#\/schema\/logo\/image\/","url":"http:\/\/www.uhu.es\/etsi\/wp-content\/uploads\/2016\/02\/membrete_ETSI.jpg","contentUrl":"http:\/\/www.uhu.es\/etsi\/wp-content\/uploads\/2016\/02\/membrete_ETSI.jpg","width":423,"height":81,"caption":"UHU ETSI"},"image":{"@id":"https:\/\/www.uhu.es\/etsi\/#\/schema\/logo\/image\/"}}]}},"_links":{"self":[{"href":"https:\/\/www.uhu.es\/etsi\/wp-json\/wp\/v2\/pages\/21654"}],"collection":[{"href":"https:\/\/www.uhu.es\/etsi\/wp-json\/wp\/v2\/pages"}],"about":[{"href":"https:\/\/www.uhu.es\/etsi\/wp-json\/wp\/v2\/types\/page"}],"author":[{"embeddable":true,"href":"https:\/\/www.uhu.es\/etsi\/wp-json\/wp\/v2\/users\/7"}],"replies":[{"embeddable":true,"href":"https:\/\/www.uhu.es\/etsi\/wp-json\/wp\/v2\/comments?post=21654"}],"version-history":[{"count":4,"href":"https:\/\/www.uhu.es\/etsi\/wp-json\/wp\/v2\/pages\/21654\/revisions"}],"predecessor-version":[{"id":21677,"href":"https:\/\/www.uhu.es\/etsi\/wp-json\/wp\/v2\/pages\/21654\/revisions\/21677"}],"wp:attachment":[{"href":"https:\/\/www.uhu.es\/etsi\/wp-json\/wp\/v2\/media?parent=21654"}],"curies":[{"name":"wp","href":"https:\/\/api.w.org\/{rel}","templated":true}]}}