{"id":21750,"date":"2022-04-13T10:35:14","date_gmt":"2022-04-13T09:35:14","guid":{"rendered":"http:\/\/www.uhu.es\/etsi\/?page_id=21750"},"modified":"2022-04-13T10:43:16","modified_gmt":"2022-04-13T09:43:16","slug":"salidas-academicas-master-en-ing-industrial","status":"publish","type":"page","link":"https:\/\/www.uhu.es\/etsi\/salidas-academicas-master-en-ing-industrial\/","title":{"rendered":"Salidas acad\u00e9micas Master en Ing. industrial"},"content":{"rendered":"<p><Strong>La salida Acad\u00e9mica natural del M\u00e1ster Universitario en Ingenier\u00eda Industrial es el doctorado en<br \/>\n    Ciencia y Tecnolog\u00eda Industrial y Ambiental. El Programa Oficial de Doctorado en Ciencia y<br \/>\n    Tecnolog\u00eda Industrial y Ambiental (verificado conforme al RD 99\/2011), consta de las siguientes<br \/>\n    l\u00edneas de investigaci\u00f3n que aparecen a continuaci\u00f3n y a las que alumno podr\u00e1 acceder.<\/p>\n<p><\/strong><\/p>\n<ul>\n<li> An\u00e1lisis medioambiental, bioan\u00e1lisis y biotecnolog\u00eda<\/li>\n<li> Biolog\u00eda ambiental<\/li>\n<li> Biorrefiner\u00eda industrial y tecnolog\u00eda forestal<\/li>\n<li> Cat\u00e1lisis homog\u00e9nea y fotoqu\u00edmica org\u00e1nica<\/li>\n<li> Ciencia y tecnolog\u00eda del medio ambiente<\/li>\n<li> Ciencias de la Tierra<\/li>\n<li> Ingenier\u00eda de procesos y productos qu\u00edmicos<\/li>\n<li> Ingenier\u00eda el\u00e9ctrica, electr\u00f3nica, de control y rob\u00f3tica<\/li>\n<li> F\u00edsica, matem\u00e1ticas y computaci\u00f3n<\/li>\n<\/ul>\n","protected":false},"excerpt":{"rendered":"<p>La salida Acad\u00e9mica natural del M\u00e1ster Universitario en Ingenier\u00eda Industrial es el doctorado en Ciencia y Tecnolog\u00eda Industrial y Ambiental. &#8230; <\/p>\n<div><a href=\"https:\/\/www.uhu.es\/etsi\/salidas-academicas-master-en-ing-industrial\/\" class=\"more-link\">Read More<\/a><\/div>\n","protected":false},"author":7,"featured_media":0,"parent":0,"menu_order":0,"comment_status":"closed","ping_status":"closed","template":"template-layout-full-width.php","meta":[],"yoast_head":"<!-- This site is optimized with the Yoast SEO plugin v20.2.1 - https:\/\/yoast.com\/wordpress\/plugins\/seo\/ -->\n<title>Salidas acad\u00e9micas Master en Ing. industrial - ETSI, UHU<\/title>\n<meta name=\"robots\" content=\"index, follow, max-snippet:-1, max-image-preview:large, max-video-preview:-1\" \/>\n<link rel=\"canonical\" href=\"https:\/\/www.uhu.es\/etsi\/salidas-academicas-master-en-ing-industrial\/\" \/>\n<meta property=\"og:locale\" content=\"es_ES\" \/>\n<meta property=\"og:type\" content=\"article\" \/>\n<meta property=\"og:title\" content=\"Salidas acad\u00e9micas Master en Ing. industrial - ETSI, UHU\" \/>\n<meta property=\"og:description\" content=\"La salida Acad\u00e9mica natural del M\u00e1ster Universitario en Ingenier\u00eda Industrial es el doctorado en Ciencia y Tecnolog\u00eda Industrial y Ambiental. ... Read More\" \/>\n<meta property=\"og:url\" content=\"https:\/\/www.uhu.es\/etsi\/salidas-academicas-master-en-ing-industrial\/\" \/>\n<meta property=\"og:site_name\" content=\"ETSI, UHU\" \/>\n<meta property=\"article:modified_time\" content=\"2022-04-13T09:43:16+00:00\" \/>\n<meta name=\"twitter:label1\" content=\"Est. reading time\" \/>\n\t<meta name=\"twitter:data1\" content=\"1 minute\" \/>\n<script type=\"application\/ld+json\" class=\"yoast-schema-graph\">{\"@context\":\"https:\/\/schema.org\",\"@graph\":[{\"@type\":\"WebPage\",\"@id\":\"https:\/\/www.uhu.es\/etsi\/salidas-academicas-master-en-ing-industrial\/\",\"url\":\"https:\/\/www.uhu.es\/etsi\/salidas-academicas-master-en-ing-industrial\/\",\"name\":\"Salidas acad\u00e9micas Master en Ing. industrial - ETSI, UHU\",\"isPartOf\":{\"@id\":\"https:\/\/www.uhu.es\/etsi\/#website\"},\"datePublished\":\"2022-04-13T09:35:14+00:00\",\"dateModified\":\"2022-04-13T09:43:16+00:00\",\"breadcrumb\":{\"@id\":\"https:\/\/www.uhu.es\/etsi\/salidas-academicas-master-en-ing-industrial\/#breadcrumb\"},\"inLanguage\":\"es-ES\",\"potentialAction\":[{\"@type\":\"ReadAction\",\"target\":[\"https:\/\/www.uhu.es\/etsi\/salidas-academicas-master-en-ing-industrial\/\"]}]},{\"@type\":\"BreadcrumbList\",\"@id\":\"https:\/\/www.uhu.es\/etsi\/salidas-academicas-master-en-ing-industrial\/#breadcrumb\",\"itemListElement\":[{\"@type\":\"ListItem\",\"position\":1,\"name\":\"Portada\",\"item\":\"https:\/\/www.uhu.es\/etsi\/\"},{\"@type\":\"ListItem\",\"position\":2,\"name\":\"Salidas acad\u00e9micas Master en Ing. industrial\"}]},{\"@type\":\"WebSite\",\"@id\":\"https:\/\/www.uhu.es\/etsi\/#website\",\"url\":\"https:\/\/www.uhu.es\/etsi\/\",\"name\":\"ETSI, UHU\",\"description\":\"Escuela T\u00e9cnica Superior de  Ingenier\u00eda de la Universidad de Huelva\",\"publisher\":{\"@id\":\"https:\/\/www.uhu.es\/etsi\/#organization\"},\"potentialAction\":[{\"@type\":\"SearchAction\",\"target\":{\"@type\":\"EntryPoint\",\"urlTemplate\":\"https:\/\/www.uhu.es\/etsi\/?s={search_term_string}\"},\"query-input\":\"required name=search_term_string\"}],\"inLanguage\":\"es-ES\"},{\"@type\":\"Organization\",\"@id\":\"https:\/\/www.uhu.es\/etsi\/#organization\",\"name\":\"UHU ETSI\",\"url\":\"https:\/\/www.uhu.es\/etsi\/\",\"logo\":{\"@type\":\"ImageObject\",\"inLanguage\":\"es-ES\",\"@id\":\"https:\/\/www.uhu.es\/etsi\/#\/schema\/logo\/image\/\",\"url\":\"http:\/\/www.uhu.es\/etsi\/wp-content\/uploads\/2016\/02\/membrete_ETSI.jpg\",\"contentUrl\":\"http:\/\/www.uhu.es\/etsi\/wp-content\/uploads\/2016\/02\/membrete_ETSI.jpg\",\"width\":423,\"height\":81,\"caption\":\"UHU ETSI\"},\"image\":{\"@id\":\"https:\/\/www.uhu.es\/etsi\/#\/schema\/logo\/image\/\"}}]}<\/script>\n<!-- \/ Yoast SEO plugin. -->","yoast_head_json":{"title":"Salidas acad\u00e9micas Master en Ing. industrial - ETSI, UHU","robots":{"index":"index","follow":"follow","max-snippet":"max-snippet:-1","max-image-preview":"max-image-preview:large","max-video-preview":"max-video-preview:-1"},"canonical":"https:\/\/www.uhu.es\/etsi\/salidas-academicas-master-en-ing-industrial\/","og_locale":"es_ES","og_type":"article","og_title":"Salidas acad\u00e9micas Master en Ing. industrial - ETSI, UHU","og_description":"La salida Acad\u00e9mica natural del M\u00e1ster Universitario en Ingenier\u00eda Industrial es el doctorado en Ciencia y Tecnolog\u00eda Industrial y Ambiental. ... Read More","og_url":"https:\/\/www.uhu.es\/etsi\/salidas-academicas-master-en-ing-industrial\/","og_site_name":"ETSI, UHU","article_modified_time":"2022-04-13T09:43:16+00:00","twitter_misc":{"Est. reading time":"1 minute"},"schema":{"@context":"https:\/\/schema.org","@graph":[{"@type":"WebPage","@id":"https:\/\/www.uhu.es\/etsi\/salidas-academicas-master-en-ing-industrial\/","url":"https:\/\/www.uhu.es\/etsi\/salidas-academicas-master-en-ing-industrial\/","name":"Salidas acad\u00e9micas Master en Ing. industrial - ETSI, UHU","isPartOf":{"@id":"https:\/\/www.uhu.es\/etsi\/#website"},"datePublished":"2022-04-13T09:35:14+00:00","dateModified":"2022-04-13T09:43:16+00:00","breadcrumb":{"@id":"https:\/\/www.uhu.es\/etsi\/salidas-academicas-master-en-ing-industrial\/#breadcrumb"},"inLanguage":"es-ES","potentialAction":[{"@type":"ReadAction","target":["https:\/\/www.uhu.es\/etsi\/salidas-academicas-master-en-ing-industrial\/"]}]},{"@type":"BreadcrumbList","@id":"https:\/\/www.uhu.es\/etsi\/salidas-academicas-master-en-ing-industrial\/#breadcrumb","itemListElement":[{"@type":"ListItem","position":1,"name":"Portada","item":"https:\/\/www.uhu.es\/etsi\/"},{"@type":"ListItem","position":2,"name":"Salidas acad\u00e9micas Master en Ing. industrial"}]},{"@type":"WebSite","@id":"https:\/\/www.uhu.es\/etsi\/#website","url":"https:\/\/www.uhu.es\/etsi\/","name":"ETSI, UHU","description":"Escuela T\u00e9cnica Superior de  Ingenier\u00eda de la Universidad de Huelva","publisher":{"@id":"https:\/\/www.uhu.es\/etsi\/#organization"},"potentialAction":[{"@type":"SearchAction","target":{"@type":"EntryPoint","urlTemplate":"https:\/\/www.uhu.es\/etsi\/?s={search_term_string}"},"query-input":"required name=search_term_string"}],"inLanguage":"es-ES"},{"@type":"Organization","@id":"https:\/\/www.uhu.es\/etsi\/#organization","name":"UHU ETSI","url":"https:\/\/www.uhu.es\/etsi\/","logo":{"@type":"ImageObject","inLanguage":"es-ES","@id":"https:\/\/www.uhu.es\/etsi\/#\/schema\/logo\/image\/","url":"http:\/\/www.uhu.es\/etsi\/wp-content\/uploads\/2016\/02\/membrete_ETSI.jpg","contentUrl":"http:\/\/www.uhu.es\/etsi\/wp-content\/uploads\/2016\/02\/membrete_ETSI.jpg","width":423,"height":81,"caption":"UHU ETSI"},"image":{"@id":"https:\/\/www.uhu.es\/etsi\/#\/schema\/logo\/image\/"}}]}},"_links":{"self":[{"href":"https:\/\/www.uhu.es\/etsi\/wp-json\/wp\/v2\/pages\/21750"}],"collection":[{"href":"https:\/\/www.uhu.es\/etsi\/wp-json\/wp\/v2\/pages"}],"about":[{"href":"https:\/\/www.uhu.es\/etsi\/wp-json\/wp\/v2\/types\/page"}],"author":[{"embeddable":true,"href":"https:\/\/www.uhu.es\/etsi\/wp-json\/wp\/v2\/users\/7"}],"replies":[{"embeddable":true,"href":"https:\/\/www.uhu.es\/etsi\/wp-json\/wp\/v2\/comments?post=21750"}],"version-history":[{"count":3,"href":"https:\/\/www.uhu.es\/etsi\/wp-json\/wp\/v2\/pages\/21750\/revisions"}],"predecessor-version":[{"id":21757,"href":"https:\/\/www.uhu.es\/etsi\/wp-json\/wp\/v2\/pages\/21750\/revisions\/21757"}],"wp:attachment":[{"href":"https:\/\/www.uhu.es\/etsi\/wp-json\/wp\/v2\/media?parent=21750"}],"curies":[{"name":"wp","href":"https:\/\/api.w.org\/{rel}","templated":true}]}}