{"id":21754,"date":"2022-04-13T10:41:35","date_gmt":"2022-04-13T09:41:35","guid":{"rendered":"http:\/\/www.uhu.es\/etsi\/?page_id=21754"},"modified":"2022-04-13T10:43:06","modified_gmt":"2022-04-13T09:43:06","slug":"salidas-profesionales-master-oficial-en-ingenieria-industrial","status":"publish","type":"page","link":"https:\/\/www.uhu.es\/etsi\/salidas-profesionales-master-oficial-en-ingenieria-industrial\/","title":{"rendered":"Salidas Profesionales M\u00e1ster Oficial en Ingenier\u00eda Industrial"},"content":{"rendered":"<p>Las ense\u00f1anzas de M\u00e1ster tienen como finalidad la adquisici\u00f3n por el estudiante de una<br \/>\n    formaci\u00f3n avanzada, de car\u00e1cter especializado o multidisciplinar, orientada a la<br \/>\n    especializaci\u00f3n acad\u00e9mica o profesional.\n<\/p>\n<p>\n    Con respecto a la orientaci\u00f3n profesional, tiene una formaci\u00f3n de car\u00e1cter generalista que le<br \/>\n    capacita para el ejercicio profesional en todas las \u00e1reas t\u00e9cnicas de la empresa industrial;<br \/>\n    tanto en la resoluci\u00f3n de los problemas t\u00e9cnicos planteados como en el dise\u00f1o e implantaci\u00f3n<br \/>\n    de nuevas tecnolog\u00edas en el proceso productivo. Entre las principales posibilidades<br \/>\n    profesionales del egresado se encuentran las siguientes:<\/p>\n<ul>\n<li> Responsable de proyecto.<\/li>\n<li> Responsable de producto<\/li>\n<li> Responsable de operaci\u00f3n y explotaci\u00f3n econ\u00f3mica de grandes instalaciones.<\/li>\n<li> Consultor y asesor.<\/li>\n<li> Direcci\u00f3n general, t\u00e9cnica o de gesti\u00f3n de organizaciones.<\/li>\n<li> Director de planificaci\u00f3n estrat\u00e9gica, de sistemas de calidad, de producci\u00f3n y de gesti\u00f3n medioambiental.<\/li>\n<li> Direcci\u00f3n, planificaci\u00f3n y supervisi\u00f3n de equipos multidisciplinares<\/li>\n<li> Investigaci\u00f3n, desarrollo e innovaci\u00f3n industrial.<\/li>\n<\/ul>\n<p>En definitiva, un Ingeniero Industrial es un pilar imprescindible para el avance industrial,<br \/>\n    tecnol\u00f3gico y econ\u00f3mico de cualquier sociedad. De hecho, seg\u00fan el &#8220;Estudio de la oferta, la<br \/>\n    demanda y la matr\u00edcula de nuevo ingreso en las Universidades p\u00fablicas y privadas&#8221;<br \/>\n    elaborado por el Ministerio de Ciencia e Innovaci\u00f3n, el PERFIL UNIVERSITARIO M\u00c1S<br \/>\n    BUSCADO por las empresas espa\u00f1olas es el de la Ingenier\u00eda Industrial.<\/p>\n","protected":false},"excerpt":{"rendered":"<p>Las ense\u00f1anzas de M\u00e1ster tienen como finalidad la adquisici\u00f3n por el estudiante de una formaci\u00f3n avanzada, de car\u00e1cter especializado o &#8230; <\/p>\n<div><a href=\"https:\/\/www.uhu.es\/etsi\/salidas-profesionales-master-oficial-en-ingenieria-industrial\/\" class=\"more-link\">Read More<\/a><\/div>\n","protected":false},"author":7,"featured_media":0,"parent":0,"menu_order":0,"comment_status":"closed","ping_status":"closed","template":"template-layout-full-width.php","meta":[],"yoast_head":"<!-- This site is optimized with the Yoast SEO plugin v20.2.1 - https:\/\/yoast.com\/wordpress\/plugins\/seo\/ -->\n<title>Salidas Profesionales M\u00e1ster Oficial en Ingenier\u00eda Industrial - ETSI, UHU<\/title>\n<meta name=\"robots\" content=\"index, follow, max-snippet:-1, max-image-preview:large, max-video-preview:-1\" \/>\n<link rel=\"canonical\" href=\"https:\/\/www.uhu.es\/etsi\/salidas-profesionales-master-oficial-en-ingenieria-industrial\/\" \/>\n<meta property=\"og:locale\" content=\"es_ES\" \/>\n<meta property=\"og:type\" content=\"article\" \/>\n<meta property=\"og:title\" content=\"Salidas Profesionales M\u00e1ster Oficial en Ingenier\u00eda Industrial - ETSI, UHU\" \/>\n<meta property=\"og:description\" content=\"Las ense\u00f1anzas de M\u00e1ster tienen como finalidad la adquisici\u00f3n por el estudiante de una formaci\u00f3n avanzada, de car\u00e1cter especializado o ... Read More\" \/>\n<meta property=\"og:url\" content=\"https:\/\/www.uhu.es\/etsi\/salidas-profesionales-master-oficial-en-ingenieria-industrial\/\" \/>\n<meta property=\"og:site_name\" content=\"ETSI, UHU\" \/>\n<meta property=\"article:modified_time\" content=\"2022-04-13T09:43:06+00:00\" \/>\n<meta name=\"twitter:label1\" content=\"Est. reading time\" \/>\n\t<meta name=\"twitter:data1\" content=\"1 minute\" \/>\n<script type=\"application\/ld+json\" class=\"yoast-schema-graph\">{\"@context\":\"https:\/\/schema.org\",\"@graph\":[{\"@type\":\"WebPage\",\"@id\":\"https:\/\/www.uhu.es\/etsi\/salidas-profesionales-master-oficial-en-ingenieria-industrial\/\",\"url\":\"https:\/\/www.uhu.es\/etsi\/salidas-profesionales-master-oficial-en-ingenieria-industrial\/\",\"name\":\"Salidas Profesionales M\u00e1ster Oficial en Ingenier\u00eda Industrial - ETSI, UHU\",\"isPartOf\":{\"@id\":\"https:\/\/www.uhu.es\/etsi\/#website\"},\"datePublished\":\"2022-04-13T09:41:35+00:00\",\"dateModified\":\"2022-04-13T09:43:06+00:00\",\"breadcrumb\":{\"@id\":\"https:\/\/www.uhu.es\/etsi\/salidas-profesionales-master-oficial-en-ingenieria-industrial\/#breadcrumb\"},\"inLanguage\":\"es-ES\",\"potentialAction\":[{\"@type\":\"ReadAction\",\"target\":[\"https:\/\/www.uhu.es\/etsi\/salidas-profesionales-master-oficial-en-ingenieria-industrial\/\"]}]},{\"@type\":\"BreadcrumbList\",\"@id\":\"https:\/\/www.uhu.es\/etsi\/salidas-profesionales-master-oficial-en-ingenieria-industrial\/#breadcrumb\",\"itemListElement\":[{\"@type\":\"ListItem\",\"position\":1,\"name\":\"Portada\",\"item\":\"https:\/\/www.uhu.es\/etsi\/\"},{\"@type\":\"ListItem\",\"position\":2,\"name\":\"Salidas Profesionales M\u00e1ster Oficial en Ingenier\u00eda Industrial\"}]},{\"@type\":\"WebSite\",\"@id\":\"https:\/\/www.uhu.es\/etsi\/#website\",\"url\":\"https:\/\/www.uhu.es\/etsi\/\",\"name\":\"ETSI, UHU\",\"description\":\"Escuela T\u00e9cnica Superior de  Ingenier\u00eda de la Universidad de Huelva\",\"publisher\":{\"@id\":\"https:\/\/www.uhu.es\/etsi\/#organization\"},\"potentialAction\":[{\"@type\":\"SearchAction\",\"target\":{\"@type\":\"EntryPoint\",\"urlTemplate\":\"https:\/\/www.uhu.es\/etsi\/?s={search_term_string}\"},\"query-input\":\"required name=search_term_string\"}],\"inLanguage\":\"es-ES\"},{\"@type\":\"Organization\",\"@id\":\"https:\/\/www.uhu.es\/etsi\/#organization\",\"name\":\"UHU ETSI\",\"url\":\"https:\/\/www.uhu.es\/etsi\/\",\"logo\":{\"@type\":\"ImageObject\",\"inLanguage\":\"es-ES\",\"@id\":\"https:\/\/www.uhu.es\/etsi\/#\/schema\/logo\/image\/\",\"url\":\"http:\/\/www.uhu.es\/etsi\/wp-content\/uploads\/2016\/02\/membrete_ETSI.jpg\",\"contentUrl\":\"http:\/\/www.uhu.es\/etsi\/wp-content\/uploads\/2016\/02\/membrete_ETSI.jpg\",\"width\":423,\"height\":81,\"caption\":\"UHU ETSI\"},\"image\":{\"@id\":\"https:\/\/www.uhu.es\/etsi\/#\/schema\/logo\/image\/\"}}]}<\/script>\n<!-- \/ Yoast SEO plugin. -->","yoast_head_json":{"title":"Salidas Profesionales M\u00e1ster Oficial en Ingenier\u00eda Industrial - ETSI, UHU","robots":{"index":"index","follow":"follow","max-snippet":"max-snippet:-1","max-image-preview":"max-image-preview:large","max-video-preview":"max-video-preview:-1"},"canonical":"https:\/\/www.uhu.es\/etsi\/salidas-profesionales-master-oficial-en-ingenieria-industrial\/","og_locale":"es_ES","og_type":"article","og_title":"Salidas Profesionales M\u00e1ster Oficial en Ingenier\u00eda Industrial - ETSI, UHU","og_description":"Las ense\u00f1anzas de M\u00e1ster tienen como finalidad la adquisici\u00f3n por el estudiante de una formaci\u00f3n avanzada, de car\u00e1cter especializado o ... Read More","og_url":"https:\/\/www.uhu.es\/etsi\/salidas-profesionales-master-oficial-en-ingenieria-industrial\/","og_site_name":"ETSI, UHU","article_modified_time":"2022-04-13T09:43:06+00:00","twitter_misc":{"Est. reading time":"1 minute"},"schema":{"@context":"https:\/\/schema.org","@graph":[{"@type":"WebPage","@id":"https:\/\/www.uhu.es\/etsi\/salidas-profesionales-master-oficial-en-ingenieria-industrial\/","url":"https:\/\/www.uhu.es\/etsi\/salidas-profesionales-master-oficial-en-ingenieria-industrial\/","name":"Salidas Profesionales M\u00e1ster Oficial en Ingenier\u00eda Industrial - ETSI, UHU","isPartOf":{"@id":"https:\/\/www.uhu.es\/etsi\/#website"},"datePublished":"2022-04-13T09:41:35+00:00","dateModified":"2022-04-13T09:43:06+00:00","breadcrumb":{"@id":"https:\/\/www.uhu.es\/etsi\/salidas-profesionales-master-oficial-en-ingenieria-industrial\/#breadcrumb"},"inLanguage":"es-ES","potentialAction":[{"@type":"ReadAction","target":["https:\/\/www.uhu.es\/etsi\/salidas-profesionales-master-oficial-en-ingenieria-industrial\/"]}]},{"@type":"BreadcrumbList","@id":"https:\/\/www.uhu.es\/etsi\/salidas-profesionales-master-oficial-en-ingenieria-industrial\/#breadcrumb","itemListElement":[{"@type":"ListItem","position":1,"name":"Portada","item":"https:\/\/www.uhu.es\/etsi\/"},{"@type":"ListItem","position":2,"name":"Salidas Profesionales M\u00e1ster Oficial en Ingenier\u00eda Industrial"}]},{"@type":"WebSite","@id":"https:\/\/www.uhu.es\/etsi\/#website","url":"https:\/\/www.uhu.es\/etsi\/","name":"ETSI, UHU","description":"Escuela T\u00e9cnica Superior de  Ingenier\u00eda de la Universidad de Huelva","publisher":{"@id":"https:\/\/www.uhu.es\/etsi\/#organization"},"potentialAction":[{"@type":"SearchAction","target":{"@type":"EntryPoint","urlTemplate":"https:\/\/www.uhu.es\/etsi\/?s={search_term_string}"},"query-input":"required name=search_term_string"}],"inLanguage":"es-ES"},{"@type":"Organization","@id":"https:\/\/www.uhu.es\/etsi\/#organization","name":"UHU ETSI","url":"https:\/\/www.uhu.es\/etsi\/","logo":{"@type":"ImageObject","inLanguage":"es-ES","@id":"https:\/\/www.uhu.es\/etsi\/#\/schema\/logo\/image\/","url":"http:\/\/www.uhu.es\/etsi\/wp-content\/uploads\/2016\/02\/membrete_ETSI.jpg","contentUrl":"http:\/\/www.uhu.es\/etsi\/wp-content\/uploads\/2016\/02\/membrete_ETSI.jpg","width":423,"height":81,"caption":"UHU ETSI"},"image":{"@id":"https:\/\/www.uhu.es\/etsi\/#\/schema\/logo\/image\/"}}]}},"_links":{"self":[{"href":"https:\/\/www.uhu.es\/etsi\/wp-json\/wp\/v2\/pages\/21754"}],"collection":[{"href":"https:\/\/www.uhu.es\/etsi\/wp-json\/wp\/v2\/pages"}],"about":[{"href":"https:\/\/www.uhu.es\/etsi\/wp-json\/wp\/v2\/types\/page"}],"author":[{"embeddable":true,"href":"https:\/\/www.uhu.es\/etsi\/wp-json\/wp\/v2\/users\/7"}],"replies":[{"embeddable":true,"href":"https:\/\/www.uhu.es\/etsi\/wp-json\/wp\/v2\/comments?post=21754"}],"version-history":[{"count":2,"href":"https:\/\/www.uhu.es\/etsi\/wp-json\/wp\/v2\/pages\/21754\/revisions"}],"predecessor-version":[{"id":21756,"href":"https:\/\/www.uhu.es\/etsi\/wp-json\/wp\/v2\/pages\/21754\/revisions\/21756"}],"wp:attachment":[{"href":"https:\/\/www.uhu.es\/etsi\/wp-json\/wp\/v2\/media?parent=21754"}],"curies":[{"name":"wp","href":"https:\/\/api.w.org\/{rel}","templated":true}]}}