{"id":21758,"date":"2022-04-13T10:58:35","date_gmt":"2022-04-13T09:58:35","guid":{"rendered":"http:\/\/www.uhu.es\/etsi\/?page_id=21758"},"modified":"2024-05-23T12:42:54","modified_gmt":"2024-05-23T11:42:54","slug":"perfil-recomendado-de-acceso-y-requisitos-y-criterios-de-admision-master-oficial-en-ingenieria-industrial","status":"publish","type":"page","link":"https:\/\/www.uhu.es\/etsi\/perfil-recomendado-de-acceso-y-requisitos-y-criterios-de-admision-master-oficial-en-ingenieria-industrial\/","title":{"rendered":"Perfil recomendado de acceso y Requisitos y criterios de admisi\u00f3n M\u00e1ster Oficial en Ingenier\u00eda Industrial"},"content":{"rendered":"<p><strong>Perfil de acceso<\/strong><\/p>\n<p>El M\u00e1ster Universitario en Ingenier\u00eda Industrial est\u00e1 destinado a titulados universitarios que posean las competencias vinculadas con la profesi\u00f3n de Ingeniero T\u00e9cnico Industrial y que deseen adquirir y desarrollar las competencias de Ingeniero Industrial. Debido a ello, el M\u00e1ster Universitario en Ingenier\u00eda Industrial est\u00e1 destinado, preferentemente, a los estudiantes egresados de un t\u00edtulo de Grado en Ingenier\u00eda Industrial en cualquiera de sus ramas de conocimiento (mec\u00e1nica, qu\u00edmica, electr\u00f3nica, electricidad, energ\u00e9tica, tecnolog\u00edas industriales), as\u00ed como a los actualesIngenieros T\u00e9cnicos Industriales, que son las titulaciones vinculadas al ejercicio de la profesi\u00f3n de Ingeniero T\u00e9cnico Industrial, y cuyas competencias se ajustan a las que deben haber sido adquiridas, y que se recogen en el apartado 3 de la Orden Ministerial CIN\/311\/2009 de 9 de febrero, por la que se establecen los requisitos para la verificaci\u00f3n de los t\u00edtulos universitarios oficiales que habiliten para el ejercicio de la profesi\u00f3n de Ingeniero T\u00e9cnico Industrial y su formaci\u00f3n estar de acuerdo con la que se establece en el apartado 5 de la antes citada Orden Ministerial. Por lo tanto, el perfil de ingreso recomendado est\u00e1 definido por las competencias asociadas a todo Ingeniero T\u00e9cnico Industrial.<\/p>\n<p><strong>Requisitos de admisi\u00f3n<\/strong><br \/>\nSe podr\u00e1 acceder al M\u00e1ster desde las siguientes titulaciones:<\/p>\n<ul>\n<li>T\u00edtulo oficial de Ingeniero Industrial.<\/li>\n<li>T\u00edtulo oficial de Grado en Ingenier\u00eda, de la rama industrial que habilite para el ejercicio de la profesi\u00f3n de Ingeniero T\u00e9cnico Industrial.<\/li>\n<li>Grado en Ingenier\u00eda Energ\u00e9tica.<\/li>\n<li>Grado en Ingenier\u00eda en Tecnolog\u00edas Industriales.<\/li>\n<li>T\u00edtulo oficial de Ingenier\u00eda T\u00e9cnica Industrial de la rama industrial o el t\u00edtulo de Ingenier\u00eda Qu\u00edmica.<\/li>\n<li>T\u00edtulos de segundos Ciclos del \u00e1mbito industrial, de la antigua ordenaci\u00f3n de ense\u00f1anzas (Ingenier\u00eda Electr\u00f3nica, Ingenier\u00eda en Organizaci\u00f3n Industrial,\u2026)<\/li>\n<li>Titulados en Ingenier\u00eda de la rama industrial de cualquier universidad extranjera con derecho de acceso a las ense\u00f1anzas de M\u00e1ster en su pa\u00eds de origen, que deseen acceder al M\u00e1ster, podr\u00e1n solicitar su admisi\u00f3n al mismo una vez hayan adaptado su titulaci\u00f3n a cualquiera de los t\u00edtulos de Grado con acceso.<\/li>\n<\/ul>\n<p>El proceso de acceso y admisi\u00f3n al M\u00e1ster universitario en Ingenier\u00eda Industrial por la Universidad de Huelva ser\u00e1 gestionado principalmente por parte de la Administraci\u00f3n Auton\u00f3mica a trav\u00e9s del Distrito Universitario \u00danico Andaluz.<\/p>\n<p><strong>Puede consultar m\u00e1s detalles sobre los criterios de admisi\u00f3n en la <a href=\"https:\/\/www.uhu.es\/etsi\/wp-content\/uploads\/2023\/11\/2.1-JUSTIFICACION-ING.-INDUSTRIAL-11-07-2023.pdf\"><span style=\"text-decoration: underline;\">memoria de verificaci\u00f3n de la titulaci\u00f3n<\/span><\/a>.<\/strong><\/p>\n","protected":false},"excerpt":{"rendered":"<p>Perfil de acceso El M\u00e1ster Universitario en Ingenier\u00eda Industrial est\u00e1 destinado a titulados universitarios que posean las competencias vinculadas con &#8230; <\/p>\n<div><a href=\"https:\/\/www.uhu.es\/etsi\/perfil-recomendado-de-acceso-y-requisitos-y-criterios-de-admision-master-oficial-en-ingenieria-industrial\/\" class=\"more-link\">Read More<\/a><\/div>\n","protected":false},"author":7,"featured_media":0,"parent":0,"menu_order":0,"comment_status":"closed","ping_status":"closed","template":"template-layout-full-width.php","meta":[],"yoast_head":"<!-- This site is optimized with the Yoast SEO plugin v20.2.1 - https:\/\/yoast.com\/wordpress\/plugins\/seo\/ -->\n<title>Perfil recomendado de acceso y Requisitos y criterios de admisi\u00f3n M\u00e1ster Oficial en Ingenier\u00eda Industrial - ETSI, UHU<\/title>\n<meta name=\"robots\" content=\"index, follow, max-snippet:-1, max-image-preview:large, max-video-preview:-1\" \/>\n<link rel=\"canonical\" href=\"https:\/\/www.uhu.es\/etsi\/perfil-recomendado-de-acceso-y-requisitos-y-criterios-de-admision-master-oficial-en-ingenieria-industrial\/\" \/>\n<meta property=\"og:locale\" content=\"es_ES\" \/>\n<meta property=\"og:type\" content=\"article\" \/>\n<meta property=\"og:title\" content=\"Perfil recomendado de acceso y Requisitos y criterios de admisi\u00f3n M\u00e1ster Oficial en Ingenier\u00eda Industrial - ETSI, UHU\" \/>\n<meta property=\"og:description\" content=\"Perfil de acceso El M\u00e1ster Universitario en Ingenier\u00eda Industrial est\u00e1 destinado a titulados universitarios que posean las competencias vinculadas con ... Read More\" \/>\n<meta property=\"og:url\" content=\"https:\/\/www.uhu.es\/etsi\/perfil-recomendado-de-acceso-y-requisitos-y-criterios-de-admision-master-oficial-en-ingenieria-industrial\/\" \/>\n<meta property=\"og:site_name\" content=\"ETSI, UHU\" \/>\n<meta property=\"article:modified_time\" content=\"2024-05-23T11:42:54+00:00\" \/>\n<meta name=\"twitter:label1\" content=\"Est. reading time\" \/>\n\t<meta name=\"twitter:data1\" content=\"2 minutes\" \/>\n<script type=\"application\/ld+json\" class=\"yoast-schema-graph\">{\"@context\":\"https:\/\/schema.org\",\"@graph\":[{\"@type\":\"WebPage\",\"@id\":\"https:\/\/www.uhu.es\/etsi\/perfil-recomendado-de-acceso-y-requisitos-y-criterios-de-admision-master-oficial-en-ingenieria-industrial\/\",\"url\":\"https:\/\/www.uhu.es\/etsi\/perfil-recomendado-de-acceso-y-requisitos-y-criterios-de-admision-master-oficial-en-ingenieria-industrial\/\",\"name\":\"Perfil recomendado de acceso y Requisitos y criterios de admisi\u00f3n M\u00e1ster Oficial en Ingenier\u00eda Industrial - ETSI, UHU\",\"isPartOf\":{\"@id\":\"https:\/\/www.uhu.es\/etsi\/#website\"},\"datePublished\":\"2022-04-13T09:58:35+00:00\",\"dateModified\":\"2024-05-23T11:42:54+00:00\",\"breadcrumb\":{\"@id\":\"https:\/\/www.uhu.es\/etsi\/perfil-recomendado-de-acceso-y-requisitos-y-criterios-de-admision-master-oficial-en-ingenieria-industrial\/#breadcrumb\"},\"inLanguage\":\"es-ES\",\"potentialAction\":[{\"@type\":\"ReadAction\",\"target\":[\"https:\/\/www.uhu.es\/etsi\/perfil-recomendado-de-acceso-y-requisitos-y-criterios-de-admision-master-oficial-en-ingenieria-industrial\/\"]}]},{\"@type\":\"BreadcrumbList\",\"@id\":\"https:\/\/www.uhu.es\/etsi\/perfil-recomendado-de-acceso-y-requisitos-y-criterios-de-admision-master-oficial-en-ingenieria-industrial\/#breadcrumb\",\"itemListElement\":[{\"@type\":\"ListItem\",\"position\":1,\"name\":\"Portada\",\"item\":\"https:\/\/www.uhu.es\/etsi\/\"},{\"@type\":\"ListItem\",\"position\":2,\"name\":\"Perfil recomendado de acceso y Requisitos y criterios de admisi\u00f3n M\u00e1ster Oficial en Ingenier\u00eda Industrial\"}]},{\"@type\":\"WebSite\",\"@id\":\"https:\/\/www.uhu.es\/etsi\/#website\",\"url\":\"https:\/\/www.uhu.es\/etsi\/\",\"name\":\"ETSI, UHU\",\"description\":\"Escuela T\u00e9cnica Superior de  Ingenier\u00eda de la Universidad de Huelva\",\"publisher\":{\"@id\":\"https:\/\/www.uhu.es\/etsi\/#organization\"},\"potentialAction\":[{\"@type\":\"SearchAction\",\"target\":{\"@type\":\"EntryPoint\",\"urlTemplate\":\"https:\/\/www.uhu.es\/etsi\/?s={search_term_string}\"},\"query-input\":\"required name=search_term_string\"}],\"inLanguage\":\"es-ES\"},{\"@type\":\"Organization\",\"@id\":\"https:\/\/www.uhu.es\/etsi\/#organization\",\"name\":\"UHU ETSI\",\"url\":\"https:\/\/www.uhu.es\/etsi\/\",\"logo\":{\"@type\":\"ImageObject\",\"inLanguage\":\"es-ES\",\"@id\":\"https:\/\/www.uhu.es\/etsi\/#\/schema\/logo\/image\/\",\"url\":\"http:\/\/www.uhu.es\/etsi\/wp-content\/uploads\/2016\/02\/membrete_ETSI.jpg\",\"contentUrl\":\"http:\/\/www.uhu.es\/etsi\/wp-content\/uploads\/2016\/02\/membrete_ETSI.jpg\",\"width\":423,\"height\":81,\"caption\":\"UHU ETSI\"},\"image\":{\"@id\":\"https:\/\/www.uhu.es\/etsi\/#\/schema\/logo\/image\/\"}}]}<\/script>\n<!-- \/ Yoast SEO plugin. -->","yoast_head_json":{"title":"Perfil recomendado de acceso y Requisitos y criterios de admisi\u00f3n M\u00e1ster Oficial en Ingenier\u00eda Industrial - ETSI, UHU","robots":{"index":"index","follow":"follow","max-snippet":"max-snippet:-1","max-image-preview":"max-image-preview:large","max-video-preview":"max-video-preview:-1"},"canonical":"https:\/\/www.uhu.es\/etsi\/perfil-recomendado-de-acceso-y-requisitos-y-criterios-de-admision-master-oficial-en-ingenieria-industrial\/","og_locale":"es_ES","og_type":"article","og_title":"Perfil recomendado de acceso y Requisitos y criterios de admisi\u00f3n M\u00e1ster Oficial en Ingenier\u00eda Industrial - ETSI, UHU","og_description":"Perfil de acceso El M\u00e1ster Universitario en Ingenier\u00eda Industrial est\u00e1 destinado a titulados universitarios que posean las competencias vinculadas con ... Read More","og_url":"https:\/\/www.uhu.es\/etsi\/perfil-recomendado-de-acceso-y-requisitos-y-criterios-de-admision-master-oficial-en-ingenieria-industrial\/","og_site_name":"ETSI, UHU","article_modified_time":"2024-05-23T11:42:54+00:00","twitter_misc":{"Est. reading time":"2 minutes"},"schema":{"@context":"https:\/\/schema.org","@graph":[{"@type":"WebPage","@id":"https:\/\/www.uhu.es\/etsi\/perfil-recomendado-de-acceso-y-requisitos-y-criterios-de-admision-master-oficial-en-ingenieria-industrial\/","url":"https:\/\/www.uhu.es\/etsi\/perfil-recomendado-de-acceso-y-requisitos-y-criterios-de-admision-master-oficial-en-ingenieria-industrial\/","name":"Perfil recomendado de acceso y Requisitos y criterios de admisi\u00f3n M\u00e1ster Oficial en Ingenier\u00eda Industrial - ETSI, UHU","isPartOf":{"@id":"https:\/\/www.uhu.es\/etsi\/#website"},"datePublished":"2022-04-13T09:58:35+00:00","dateModified":"2024-05-23T11:42:54+00:00","breadcrumb":{"@id":"https:\/\/www.uhu.es\/etsi\/perfil-recomendado-de-acceso-y-requisitos-y-criterios-de-admision-master-oficial-en-ingenieria-industrial\/#breadcrumb"},"inLanguage":"es-ES","potentialAction":[{"@type":"ReadAction","target":["https:\/\/www.uhu.es\/etsi\/perfil-recomendado-de-acceso-y-requisitos-y-criterios-de-admision-master-oficial-en-ingenieria-industrial\/"]}]},{"@type":"BreadcrumbList","@id":"https:\/\/www.uhu.es\/etsi\/perfil-recomendado-de-acceso-y-requisitos-y-criterios-de-admision-master-oficial-en-ingenieria-industrial\/#breadcrumb","itemListElement":[{"@type":"ListItem","position":1,"name":"Portada","item":"https:\/\/www.uhu.es\/etsi\/"},{"@type":"ListItem","position":2,"name":"Perfil recomendado de acceso y Requisitos y criterios de admisi\u00f3n M\u00e1ster Oficial en Ingenier\u00eda Industrial"}]},{"@type":"WebSite","@id":"https:\/\/www.uhu.es\/etsi\/#website","url":"https:\/\/www.uhu.es\/etsi\/","name":"ETSI, UHU","description":"Escuela T\u00e9cnica Superior de  Ingenier\u00eda de la Universidad de Huelva","publisher":{"@id":"https:\/\/www.uhu.es\/etsi\/#organization"},"potentialAction":[{"@type":"SearchAction","target":{"@type":"EntryPoint","urlTemplate":"https:\/\/www.uhu.es\/etsi\/?s={search_term_string}"},"query-input":"required name=search_term_string"}],"inLanguage":"es-ES"},{"@type":"Organization","@id":"https:\/\/www.uhu.es\/etsi\/#organization","name":"UHU ETSI","url":"https:\/\/www.uhu.es\/etsi\/","logo":{"@type":"ImageObject","inLanguage":"es-ES","@id":"https:\/\/www.uhu.es\/etsi\/#\/schema\/logo\/image\/","url":"http:\/\/www.uhu.es\/etsi\/wp-content\/uploads\/2016\/02\/membrete_ETSI.jpg","contentUrl":"http:\/\/www.uhu.es\/etsi\/wp-content\/uploads\/2016\/02\/membrete_ETSI.jpg","width":423,"height":81,"caption":"UHU ETSI"},"image":{"@id":"https:\/\/www.uhu.es\/etsi\/#\/schema\/logo\/image\/"}}]}},"_links":{"self":[{"href":"https:\/\/www.uhu.es\/etsi\/wp-json\/wp\/v2\/pages\/21758"}],"collection":[{"href":"https:\/\/www.uhu.es\/etsi\/wp-json\/wp\/v2\/pages"}],"about":[{"href":"https:\/\/www.uhu.es\/etsi\/wp-json\/wp\/v2\/types\/page"}],"author":[{"embeddable":true,"href":"https:\/\/www.uhu.es\/etsi\/wp-json\/wp\/v2\/users\/7"}],"replies":[{"embeddable":true,"href":"https:\/\/www.uhu.es\/etsi\/wp-json\/wp\/v2\/comments?post=21758"}],"version-history":[{"count":11,"href":"https:\/\/www.uhu.es\/etsi\/wp-json\/wp\/v2\/pages\/21758\/revisions"}],"predecessor-version":[{"id":23969,"href":"https:\/\/www.uhu.es\/etsi\/wp-json\/wp\/v2\/pages\/21758\/revisions\/23969"}],"wp:attachment":[{"href":"https:\/\/www.uhu.es\/etsi\/wp-json\/wp\/v2\/media?parent=21758"}],"curies":[{"name":"wp","href":"https:\/\/api.w.org\/{rel}","templated":true}]}}