{"id":21764,"date":"2022-04-13T11:02:31","date_gmt":"2022-04-13T10:02:31","guid":{"rendered":"http:\/\/www.uhu.es\/etsi\/?page_id=21764"},"modified":"2023-11-08T10:26:01","modified_gmt":"2023-11-08T09:26:01","slug":"calendario-de-implantacion-master-oficial-en-ingenieria-industrial","status":"publish","type":"page","link":"https:\/\/www.uhu.es\/etsi\/calendario-de-implantacion-master-oficial-en-ingenieria-industrial\/","title":{"rendered":"Calendario de implantaci\u00f3n M\u00e1ster Oficial en Ingenier\u00eda Industrial"},"content":{"rendered":"<pr>\nEl m\u00e1ster de Ingenier\u00eda Industrial viene a corresponder en la nueva ordenaci\u00f3n de las<br \/>\nense\u00f1anzas dentro del EEES al segundo ciclo de Ingeniero Industrial existente<br \/>\nanteriormente. <\/p>\n<p>Dado que dicha titulaci\u00f3n de segundo ciclo comenz\u00f3 a extinguirse en el curso 2013-14,<br \/>\ny la implantaci\u00f3n del M\u00e1ster en Ingeniero Industrial, no dar\u00e1 lugar a la extinci\u00f3n de<br \/>\nninguna titulaci\u00f3n.<\/p>\n<p>El cronograma de implantaci\u00f3n ser\u00e1:<\/p>\n<p>1\u00ba Curso del M\u00e1ster: Curso acad\u00e9mico 2023\/2024<br \/>\n2\u00ba Curso del M\u00e1ster: Curso acad\u00e9mico 2024\/2025\n<\/pr>\n","protected":false},"excerpt":{"rendered":"<p>El m\u00e1ster de Ingenier\u00eda Industrial viene a corresponder en la nueva ordenaci\u00f3n de las ense\u00f1anzas dentro del EEES al segundo &#8230; <\/p>\n<div><a href=\"https:\/\/www.uhu.es\/etsi\/calendario-de-implantacion-master-oficial-en-ingenieria-industrial\/\" class=\"more-link\">Read More<\/a><\/div>\n","protected":false},"author":7,"featured_media":0,"parent":0,"menu_order":0,"comment_status":"closed","ping_status":"closed","template":"template-layout-full-width.php","meta":[],"yoast_head":"<!-- This site is optimized with the Yoast SEO plugin v20.2.1 - https:\/\/yoast.com\/wordpress\/plugins\/seo\/ -->\n<title>Calendario de implantaci\u00f3n M\u00e1ster Oficial en Ingenier\u00eda Industrial - ETSI, UHU<\/title>\n<meta name=\"robots\" content=\"index, follow, max-snippet:-1, max-image-preview:large, max-video-preview:-1\" \/>\n<link rel=\"canonical\" href=\"https:\/\/www.uhu.es\/etsi\/calendario-de-implantacion-master-oficial-en-ingenieria-industrial\/\" \/>\n<meta property=\"og:locale\" content=\"es_ES\" \/>\n<meta property=\"og:type\" content=\"article\" \/>\n<meta property=\"og:title\" content=\"Calendario de implantaci\u00f3n M\u00e1ster Oficial en Ingenier\u00eda Industrial - ETSI, UHU\" \/>\n<meta property=\"og:description\" content=\"El m\u00e1ster de Ingenier\u00eda Industrial viene a corresponder en la nueva ordenaci\u00f3n de las ense\u00f1anzas dentro del EEES al segundo ... Read More\" \/>\n<meta property=\"og:url\" content=\"https:\/\/www.uhu.es\/etsi\/calendario-de-implantacion-master-oficial-en-ingenieria-industrial\/\" \/>\n<meta property=\"og:site_name\" content=\"ETSI, UHU\" \/>\n<meta property=\"article:modified_time\" content=\"2023-11-08T09:26:01+00:00\" \/>\n<meta name=\"twitter:label1\" content=\"Est. reading time\" \/>\n\t<meta name=\"twitter:data1\" content=\"1 minute\" \/>\n<script type=\"application\/ld+json\" class=\"yoast-schema-graph\">{\"@context\":\"https:\/\/schema.org\",\"@graph\":[{\"@type\":\"WebPage\",\"@id\":\"https:\/\/www.uhu.es\/etsi\/calendario-de-implantacion-master-oficial-en-ingenieria-industrial\/\",\"url\":\"https:\/\/www.uhu.es\/etsi\/calendario-de-implantacion-master-oficial-en-ingenieria-industrial\/\",\"name\":\"Calendario de implantaci\u00f3n M\u00e1ster Oficial en Ingenier\u00eda Industrial - ETSI, UHU\",\"isPartOf\":{\"@id\":\"https:\/\/www.uhu.es\/etsi\/#website\"},\"datePublished\":\"2022-04-13T10:02:31+00:00\",\"dateModified\":\"2023-11-08T09:26:01+00:00\",\"breadcrumb\":{\"@id\":\"https:\/\/www.uhu.es\/etsi\/calendario-de-implantacion-master-oficial-en-ingenieria-industrial\/#breadcrumb\"},\"inLanguage\":\"es-ES\",\"potentialAction\":[{\"@type\":\"ReadAction\",\"target\":[\"https:\/\/www.uhu.es\/etsi\/calendario-de-implantacion-master-oficial-en-ingenieria-industrial\/\"]}]},{\"@type\":\"BreadcrumbList\",\"@id\":\"https:\/\/www.uhu.es\/etsi\/calendario-de-implantacion-master-oficial-en-ingenieria-industrial\/#breadcrumb\",\"itemListElement\":[{\"@type\":\"ListItem\",\"position\":1,\"name\":\"Portada\",\"item\":\"https:\/\/www.uhu.es\/etsi\/\"},{\"@type\":\"ListItem\",\"position\":2,\"name\":\"Calendario de implantaci\u00f3n M\u00e1ster Oficial en Ingenier\u00eda Industrial\"}]},{\"@type\":\"WebSite\",\"@id\":\"https:\/\/www.uhu.es\/etsi\/#website\",\"url\":\"https:\/\/www.uhu.es\/etsi\/\",\"name\":\"ETSI, UHU\",\"description\":\"Escuela T\u00e9cnica Superior de  Ingenier\u00eda de la Universidad de Huelva\",\"publisher\":{\"@id\":\"https:\/\/www.uhu.es\/etsi\/#organization\"},\"potentialAction\":[{\"@type\":\"SearchAction\",\"target\":{\"@type\":\"EntryPoint\",\"urlTemplate\":\"https:\/\/www.uhu.es\/etsi\/?s={search_term_string}\"},\"query-input\":\"required name=search_term_string\"}],\"inLanguage\":\"es-ES\"},{\"@type\":\"Organization\",\"@id\":\"https:\/\/www.uhu.es\/etsi\/#organization\",\"name\":\"UHU ETSI\",\"url\":\"https:\/\/www.uhu.es\/etsi\/\",\"logo\":{\"@type\":\"ImageObject\",\"inLanguage\":\"es-ES\",\"@id\":\"https:\/\/www.uhu.es\/etsi\/#\/schema\/logo\/image\/\",\"url\":\"http:\/\/www.uhu.es\/etsi\/wp-content\/uploads\/2016\/02\/membrete_ETSI.jpg\",\"contentUrl\":\"http:\/\/www.uhu.es\/etsi\/wp-content\/uploads\/2016\/02\/membrete_ETSI.jpg\",\"width\":423,\"height\":81,\"caption\":\"UHU ETSI\"},\"image\":{\"@id\":\"https:\/\/www.uhu.es\/etsi\/#\/schema\/logo\/image\/\"}}]}<\/script>\n<!-- \/ Yoast SEO plugin. -->","yoast_head_json":{"title":"Calendario de implantaci\u00f3n M\u00e1ster Oficial en Ingenier\u00eda Industrial - ETSI, UHU","robots":{"index":"index","follow":"follow","max-snippet":"max-snippet:-1","max-image-preview":"max-image-preview:large","max-video-preview":"max-video-preview:-1"},"canonical":"https:\/\/www.uhu.es\/etsi\/calendario-de-implantacion-master-oficial-en-ingenieria-industrial\/","og_locale":"es_ES","og_type":"article","og_title":"Calendario de implantaci\u00f3n M\u00e1ster Oficial en Ingenier\u00eda Industrial - ETSI, UHU","og_description":"El m\u00e1ster de Ingenier\u00eda Industrial viene a corresponder en la nueva ordenaci\u00f3n de las ense\u00f1anzas dentro del EEES al segundo ... Read More","og_url":"https:\/\/www.uhu.es\/etsi\/calendario-de-implantacion-master-oficial-en-ingenieria-industrial\/","og_site_name":"ETSI, UHU","article_modified_time":"2023-11-08T09:26:01+00:00","twitter_misc":{"Est. reading time":"1 minute"},"schema":{"@context":"https:\/\/schema.org","@graph":[{"@type":"WebPage","@id":"https:\/\/www.uhu.es\/etsi\/calendario-de-implantacion-master-oficial-en-ingenieria-industrial\/","url":"https:\/\/www.uhu.es\/etsi\/calendario-de-implantacion-master-oficial-en-ingenieria-industrial\/","name":"Calendario de implantaci\u00f3n M\u00e1ster Oficial en Ingenier\u00eda Industrial - ETSI, UHU","isPartOf":{"@id":"https:\/\/www.uhu.es\/etsi\/#website"},"datePublished":"2022-04-13T10:02:31+00:00","dateModified":"2023-11-08T09:26:01+00:00","breadcrumb":{"@id":"https:\/\/www.uhu.es\/etsi\/calendario-de-implantacion-master-oficial-en-ingenieria-industrial\/#breadcrumb"},"inLanguage":"es-ES","potentialAction":[{"@type":"ReadAction","target":["https:\/\/www.uhu.es\/etsi\/calendario-de-implantacion-master-oficial-en-ingenieria-industrial\/"]}]},{"@type":"BreadcrumbList","@id":"https:\/\/www.uhu.es\/etsi\/calendario-de-implantacion-master-oficial-en-ingenieria-industrial\/#breadcrumb","itemListElement":[{"@type":"ListItem","position":1,"name":"Portada","item":"https:\/\/www.uhu.es\/etsi\/"},{"@type":"ListItem","position":2,"name":"Calendario de implantaci\u00f3n M\u00e1ster Oficial en Ingenier\u00eda Industrial"}]},{"@type":"WebSite","@id":"https:\/\/www.uhu.es\/etsi\/#website","url":"https:\/\/www.uhu.es\/etsi\/","name":"ETSI, UHU","description":"Escuela T\u00e9cnica Superior de  Ingenier\u00eda de la Universidad de Huelva","publisher":{"@id":"https:\/\/www.uhu.es\/etsi\/#organization"},"potentialAction":[{"@type":"SearchAction","target":{"@type":"EntryPoint","urlTemplate":"https:\/\/www.uhu.es\/etsi\/?s={search_term_string}"},"query-input":"required name=search_term_string"}],"inLanguage":"es-ES"},{"@type":"Organization","@id":"https:\/\/www.uhu.es\/etsi\/#organization","name":"UHU ETSI","url":"https:\/\/www.uhu.es\/etsi\/","logo":{"@type":"ImageObject","inLanguage":"es-ES","@id":"https:\/\/www.uhu.es\/etsi\/#\/schema\/logo\/image\/","url":"http:\/\/www.uhu.es\/etsi\/wp-content\/uploads\/2016\/02\/membrete_ETSI.jpg","contentUrl":"http:\/\/www.uhu.es\/etsi\/wp-content\/uploads\/2016\/02\/membrete_ETSI.jpg","width":423,"height":81,"caption":"UHU ETSI"},"image":{"@id":"https:\/\/www.uhu.es\/etsi\/#\/schema\/logo\/image\/"}}]}},"_links":{"self":[{"href":"https:\/\/www.uhu.es\/etsi\/wp-json\/wp\/v2\/pages\/21764"}],"collection":[{"href":"https:\/\/www.uhu.es\/etsi\/wp-json\/wp\/v2\/pages"}],"about":[{"href":"https:\/\/www.uhu.es\/etsi\/wp-json\/wp\/v2\/types\/page"}],"author":[{"embeddable":true,"href":"https:\/\/www.uhu.es\/etsi\/wp-json\/wp\/v2\/users\/7"}],"replies":[{"embeddable":true,"href":"https:\/\/www.uhu.es\/etsi\/wp-json\/wp\/v2\/comments?post=21764"}],"version-history":[{"count":3,"href":"https:\/\/www.uhu.es\/etsi\/wp-json\/wp\/v2\/pages\/21764\/revisions"}],"predecessor-version":[{"id":23580,"href":"https:\/\/www.uhu.es\/etsi\/wp-json\/wp\/v2\/pages\/21764\/revisions\/23580"}],"wp:attachment":[{"href":"https:\/\/www.uhu.es\/etsi\/wp-json\/wp\/v2\/media?parent=21764"}],"curies":[{"name":"wp","href":"https:\/\/api.w.org\/{rel}","templated":true}]}}