{"id":21766,"date":"2022-04-13T11:05:54","date_gmt":"2022-04-13T10:05:54","guid":{"rendered":"http:\/\/www.uhu.es\/etsi\/?page_id=21766"},"modified":"2022-04-13T11:08:39","modified_gmt":"2022-04-13T10:08:39","slug":"procedimiento-de-adaptacion-master-en-ingenieria-industrial","status":"publish","type":"page","link":"https:\/\/www.uhu.es\/etsi\/procedimiento-de-adaptacion-master-en-ingenieria-industrial\/","title":{"rendered":"Procedimiento de adaptaci\u00f3n M\u00e1ster en Ingenier\u00eda Industrial"},"content":{"rendered":"<pr> El M\u00e1ster de Ingeniero industrial viene a sustituir al segundo ciclo de Ingeniero<br \/>\n    Industrial de la anterior ordenaci\u00f3n de las ense\u00f1anzas, por lo que los alumnos que a\u00fan<br \/>\n    est\u00e9n cursando el segundo ciclo de Ingeniero Industrial y no puedan terminar en la<br \/>\n    antigua ordenaci\u00f3n podr\u00e1n adaptarse al M\u00e1ster de Ingenier\u00eda Industrial.<br \/>\n    El proceso para los alumnos que en el momento de la implantaci\u00f3n del nuevo plan de<br \/>\n    estudios deseen adaptarse desde la titulaci\u00f3n de Ingeniero Industrial, se har\u00e1 en base<br \/>\n    al reconocimiento de los cr\u00e9ditos recogido en la tabla 9.2.1\n<\/pr>\n<p><a href=\"https:\/\/www.uhu.es\/etsi\/wp-content\/uploads\/2022\/04\/img1-1.png\"><img decoding=\"async\" loading=\"lazy\" src=\"https:\/\/www.uhu.es\/etsi\/wp-content\/uploads\/2022\/04\/img1-1.png\" alt=\"\" width=\"595\" height=\"520\" class=\"alignnone size-full wp-image-21768\" srcset=\"https:\/\/www.uhu.es\/etsi\/wp-content\/uploads\/2022\/04\/img1-1.png 595w, https:\/\/www.uhu.es\/etsi\/wp-content\/uploads\/2022\/04\/img1-1-300x262.png 300w, https:\/\/www.uhu.es\/etsi\/wp-content\/uploads\/2022\/04\/img1-1-100x87.png 100w\" sizes=\"(max-width: 595px) 100vw, 595px\" \/><\/a><br \/>\n<a href=\"https:\/\/www.uhu.es\/etsi\/wp-content\/uploads\/2022\/04\/img2-1.png\"><img decoding=\"async\" loading=\"lazy\" src=\"https:\/\/www.uhu.es\/etsi\/wp-content\/uploads\/2022\/04\/img2-1.png\" alt=\"\" width=\"588\" height=\"404\" class=\"alignnone size-full wp-image-21767\" srcset=\"https:\/\/www.uhu.es\/etsi\/wp-content\/uploads\/2022\/04\/img2-1.png 588w, https:\/\/www.uhu.es\/etsi\/wp-content\/uploads\/2022\/04\/img2-1-300x206.png 300w, https:\/\/www.uhu.es\/etsi\/wp-content\/uploads\/2022\/04\/img2-1-100x69.png 100w\" sizes=\"(max-width: 588px) 100vw, 588px\" \/><\/a><\/p>\n<pr>Los ingenieros Industriales de la anterior ordenaci\u00f3n de las ense\u00f1anzas, que tengan ya<br \/>\n    el t\u00edtulo de Ingeniero Industrial podr\u00e1n obtener el M\u00e1ster en Ingeniero Industrial<br \/>\n    realizando solo el Trabajo Fin de M\u00e1ster, dado que este no puede ser reconocido<br \/>\n    seg\u00fan el Real Decreto 1393\/2007<\/p>\n<\/pr>\n","protected":false},"excerpt":{"rendered":"<p>El M\u00e1ster de Ingeniero industrial viene a sustituir al segundo ciclo de Ingeniero Industrial de la anterior ordenaci\u00f3n de las &#8230; <\/p>\n<div><a href=\"https:\/\/www.uhu.es\/etsi\/procedimiento-de-adaptacion-master-en-ingenieria-industrial\/\" class=\"more-link\">Read More<\/a><\/div>\n","protected":false},"author":7,"featured_media":0,"parent":0,"menu_order":0,"comment_status":"closed","ping_status":"closed","template":"template-layout-full-width.php","meta":[],"yoast_head":"<!-- This site is optimized with the Yoast SEO plugin v20.2.1 - https:\/\/yoast.com\/wordpress\/plugins\/seo\/ -->\n<title>Procedimiento de adaptaci\u00f3n M\u00e1ster en Ingenier\u00eda Industrial - ETSI, UHU<\/title>\n<meta name=\"robots\" content=\"index, follow, max-snippet:-1, max-image-preview:large, max-video-preview:-1\" \/>\n<link rel=\"canonical\" href=\"https:\/\/www.uhu.es\/etsi\/procedimiento-de-adaptacion-master-en-ingenieria-industrial\/\" \/>\n<meta property=\"og:locale\" content=\"es_ES\" \/>\n<meta property=\"og:type\" content=\"article\" \/>\n<meta property=\"og:title\" content=\"Procedimiento de adaptaci\u00f3n M\u00e1ster en Ingenier\u00eda Industrial - ETSI, UHU\" \/>\n<meta property=\"og:description\" content=\"El M\u00e1ster de Ingeniero industrial viene a sustituir al segundo ciclo de Ingeniero Industrial de la anterior ordenaci\u00f3n de las ... Read More\" \/>\n<meta property=\"og:url\" content=\"https:\/\/www.uhu.es\/etsi\/procedimiento-de-adaptacion-master-en-ingenieria-industrial\/\" \/>\n<meta property=\"og:site_name\" content=\"ETSI, UHU\" \/>\n<meta property=\"article:modified_time\" content=\"2022-04-13T10:08:39+00:00\" \/>\n<meta property=\"og:image\" content=\"http:\/\/www.uhu.es\/etsi\/wp-content\/uploads\/2022\/04\/img1-1.png\" \/>\n<meta name=\"twitter:label1\" content=\"Est. reading time\" \/>\n\t<meta name=\"twitter:data1\" content=\"1 minute\" \/>\n<script type=\"application\/ld+json\" class=\"yoast-schema-graph\">{\"@context\":\"https:\/\/schema.org\",\"@graph\":[{\"@type\":\"WebPage\",\"@id\":\"https:\/\/www.uhu.es\/etsi\/procedimiento-de-adaptacion-master-en-ingenieria-industrial\/\",\"url\":\"https:\/\/www.uhu.es\/etsi\/procedimiento-de-adaptacion-master-en-ingenieria-industrial\/\",\"name\":\"Procedimiento de adaptaci\u00f3n M\u00e1ster en Ingenier\u00eda Industrial - ETSI, UHU\",\"isPartOf\":{\"@id\":\"https:\/\/www.uhu.es\/etsi\/#website\"},\"datePublished\":\"2022-04-13T10:05:54+00:00\",\"dateModified\":\"2022-04-13T10:08:39+00:00\",\"breadcrumb\":{\"@id\":\"https:\/\/www.uhu.es\/etsi\/procedimiento-de-adaptacion-master-en-ingenieria-industrial\/#breadcrumb\"},\"inLanguage\":\"es-ES\",\"potentialAction\":[{\"@type\":\"ReadAction\",\"target\":[\"https:\/\/www.uhu.es\/etsi\/procedimiento-de-adaptacion-master-en-ingenieria-industrial\/\"]}]},{\"@type\":\"BreadcrumbList\",\"@id\":\"https:\/\/www.uhu.es\/etsi\/procedimiento-de-adaptacion-master-en-ingenieria-industrial\/#breadcrumb\",\"itemListElement\":[{\"@type\":\"ListItem\",\"position\":1,\"name\":\"Portada\",\"item\":\"https:\/\/www.uhu.es\/etsi\/\"},{\"@type\":\"ListItem\",\"position\":2,\"name\":\"Procedimiento de adaptaci\u00f3n M\u00e1ster en Ingenier\u00eda Industrial\"}]},{\"@type\":\"WebSite\",\"@id\":\"https:\/\/www.uhu.es\/etsi\/#website\",\"url\":\"https:\/\/www.uhu.es\/etsi\/\",\"name\":\"ETSI, UHU\",\"description\":\"Escuela T\u00e9cnica Superior de  Ingenier\u00eda de la Universidad de Huelva\",\"publisher\":{\"@id\":\"https:\/\/www.uhu.es\/etsi\/#organization\"},\"potentialAction\":[{\"@type\":\"SearchAction\",\"target\":{\"@type\":\"EntryPoint\",\"urlTemplate\":\"https:\/\/www.uhu.es\/etsi\/?s={search_term_string}\"},\"query-input\":\"required name=search_term_string\"}],\"inLanguage\":\"es-ES\"},{\"@type\":\"Organization\",\"@id\":\"https:\/\/www.uhu.es\/etsi\/#organization\",\"name\":\"UHU ETSI\",\"url\":\"https:\/\/www.uhu.es\/etsi\/\",\"logo\":{\"@type\":\"ImageObject\",\"inLanguage\":\"es-ES\",\"@id\":\"https:\/\/www.uhu.es\/etsi\/#\/schema\/logo\/image\/\",\"url\":\"http:\/\/www.uhu.es\/etsi\/wp-content\/uploads\/2016\/02\/membrete_ETSI.jpg\",\"contentUrl\":\"http:\/\/www.uhu.es\/etsi\/wp-content\/uploads\/2016\/02\/membrete_ETSI.jpg\",\"width\":423,\"height\":81,\"caption\":\"UHU ETSI\"},\"image\":{\"@id\":\"https:\/\/www.uhu.es\/etsi\/#\/schema\/logo\/image\/\"}}]}<\/script>\n<!-- \/ Yoast SEO plugin. -->","yoast_head_json":{"title":"Procedimiento de adaptaci\u00f3n M\u00e1ster en Ingenier\u00eda Industrial - ETSI, UHU","robots":{"index":"index","follow":"follow","max-snippet":"max-snippet:-1","max-image-preview":"max-image-preview:large","max-video-preview":"max-video-preview:-1"},"canonical":"https:\/\/www.uhu.es\/etsi\/procedimiento-de-adaptacion-master-en-ingenieria-industrial\/","og_locale":"es_ES","og_type":"article","og_title":"Procedimiento de adaptaci\u00f3n M\u00e1ster en Ingenier\u00eda Industrial - ETSI, UHU","og_description":"El M\u00e1ster de Ingeniero industrial viene a sustituir al segundo ciclo de Ingeniero Industrial de la anterior ordenaci\u00f3n de las ... Read More","og_url":"https:\/\/www.uhu.es\/etsi\/procedimiento-de-adaptacion-master-en-ingenieria-industrial\/","og_site_name":"ETSI, UHU","article_modified_time":"2022-04-13T10:08:39+00:00","og_image":[{"url":"http:\/\/www.uhu.es\/etsi\/wp-content\/uploads\/2022\/04\/img1-1.png"}],"twitter_misc":{"Est. reading time":"1 minute"},"schema":{"@context":"https:\/\/schema.org","@graph":[{"@type":"WebPage","@id":"https:\/\/www.uhu.es\/etsi\/procedimiento-de-adaptacion-master-en-ingenieria-industrial\/","url":"https:\/\/www.uhu.es\/etsi\/procedimiento-de-adaptacion-master-en-ingenieria-industrial\/","name":"Procedimiento de adaptaci\u00f3n M\u00e1ster en Ingenier\u00eda Industrial - ETSI, UHU","isPartOf":{"@id":"https:\/\/www.uhu.es\/etsi\/#website"},"datePublished":"2022-04-13T10:05:54+00:00","dateModified":"2022-04-13T10:08:39+00:00","breadcrumb":{"@id":"https:\/\/www.uhu.es\/etsi\/procedimiento-de-adaptacion-master-en-ingenieria-industrial\/#breadcrumb"},"inLanguage":"es-ES","potentialAction":[{"@type":"ReadAction","target":["https:\/\/www.uhu.es\/etsi\/procedimiento-de-adaptacion-master-en-ingenieria-industrial\/"]}]},{"@type":"BreadcrumbList","@id":"https:\/\/www.uhu.es\/etsi\/procedimiento-de-adaptacion-master-en-ingenieria-industrial\/#breadcrumb","itemListElement":[{"@type":"ListItem","position":1,"name":"Portada","item":"https:\/\/www.uhu.es\/etsi\/"},{"@type":"ListItem","position":2,"name":"Procedimiento de adaptaci\u00f3n M\u00e1ster en Ingenier\u00eda Industrial"}]},{"@type":"WebSite","@id":"https:\/\/www.uhu.es\/etsi\/#website","url":"https:\/\/www.uhu.es\/etsi\/","name":"ETSI, UHU","description":"Escuela T\u00e9cnica Superior de  Ingenier\u00eda de la Universidad de Huelva","publisher":{"@id":"https:\/\/www.uhu.es\/etsi\/#organization"},"potentialAction":[{"@type":"SearchAction","target":{"@type":"EntryPoint","urlTemplate":"https:\/\/www.uhu.es\/etsi\/?s={search_term_string}"},"query-input":"required name=search_term_string"}],"inLanguage":"es-ES"},{"@type":"Organization","@id":"https:\/\/www.uhu.es\/etsi\/#organization","name":"UHU ETSI","url":"https:\/\/www.uhu.es\/etsi\/","logo":{"@type":"ImageObject","inLanguage":"es-ES","@id":"https:\/\/www.uhu.es\/etsi\/#\/schema\/logo\/image\/","url":"http:\/\/www.uhu.es\/etsi\/wp-content\/uploads\/2016\/02\/membrete_ETSI.jpg","contentUrl":"http:\/\/www.uhu.es\/etsi\/wp-content\/uploads\/2016\/02\/membrete_ETSI.jpg","width":423,"height":81,"caption":"UHU ETSI"},"image":{"@id":"https:\/\/www.uhu.es\/etsi\/#\/schema\/logo\/image\/"}}]}},"_links":{"self":[{"href":"https:\/\/www.uhu.es\/etsi\/wp-json\/wp\/v2\/pages\/21766"}],"collection":[{"href":"https:\/\/www.uhu.es\/etsi\/wp-json\/wp\/v2\/pages"}],"about":[{"href":"https:\/\/www.uhu.es\/etsi\/wp-json\/wp\/v2\/types\/page"}],"author":[{"embeddable":true,"href":"https:\/\/www.uhu.es\/etsi\/wp-json\/wp\/v2\/users\/7"}],"replies":[{"embeddable":true,"href":"https:\/\/www.uhu.es\/etsi\/wp-json\/wp\/v2\/comments?post=21766"}],"version-history":[{"count":2,"href":"https:\/\/www.uhu.es\/etsi\/wp-json\/wp\/v2\/pages\/21766\/revisions"}],"predecessor-version":[{"id":21770,"href":"https:\/\/www.uhu.es\/etsi\/wp-json\/wp\/v2\/pages\/21766\/revisions\/21770"}],"wp:attachment":[{"href":"https:\/\/www.uhu.es\/etsi\/wp-json\/wp\/v2\/media?parent=21766"}],"curies":[{"name":"wp","href":"https:\/\/api.w.org\/{rel}","templated":true}]}}