{"id":21787,"date":"2022-04-19T09:41:10","date_gmt":"2022-04-19T08:41:10","guid":{"rendered":"http:\/\/www.uhu.es\/etsi\/?page_id=21787"},"modified":"2024-03-01T09:17:22","modified_gmt":"2024-03-01T08:17:22","slug":"reconocimiento-y-transferencia-de-creditos-master","status":"publish","type":"page","link":"https:\/\/www.uhu.es\/etsi\/reconocimiento-y-transferencia-de-creditos-master\/","title":{"rendered":"Reconocimiento y Transferencia de Cr\u00e9ditos en las Ense\u00f1anzas de M\u00e1ster"},"content":{"rendered":"<p align=\"justify\"><span style=\"color: #212529;\"><span style=\"font-family: Arial, serif;\"><span style=\"font-size: x-large;\"><a href=\"https:\/\/www.uhu.es\/etsi\/wp-content\/uploads\/2022\/04\/Diapositiva1.jpg\"><img decoding=\"async\" loading=\"lazy\" class=\"wp-image-21684 aligncenter\" src=\"https:\/\/www.uhu.es\/etsi\/wp-content\/uploads\/2022\/04\/Diapositiva1.jpg\" alt=\"\" width=\"653\" height=\"367\" \/><\/a><\/span><\/span><\/span><\/p>\n<p align=\"justify\"><span style=\"color: #212529; font-family: arial, helvetica, sans-serif;\"><span style=\"font-size: x-large;\"><b>Definici\u00f3n<\/b><\/span><\/span><\/p>\n<ul>\n<li><span style=\"color: #212529; font-family: arial, helvetica, sans-serif;\"><span style=\"font-size: medium;\"><b>Reconocimiento de cr\u00e9ditos.<\/b><\/span><\/span>\n<ul>\n<li><span style=\"font-family: arial, helvetica, sans-serif;\"><span style=\"font-size: medium;\">Se entiende por reconocimiento, la aceptaci\u00f3n por la Universidad de Huelva de los cr\u00e9ditos que, habiendo sido obtenidos en unas ense\u00f1anzas oficiales, en la misma u otra universidad, son computados en otras distintas a efectos de la obtenci\u00f3n de un t\u00edtulo oficial.<\/span><\/span><\/li>\n<li><span style=\"font-family: arial, helvetica, sans-serif;\"><span style=\"font-size: medium;\">Asimismo, podr\u00e1n ser objeto de reconocimiento los cr\u00e9ditos cursados en otras ense\u00f1anzas superiores oficiales o en ense\u00f1anzas universitarias conducentes a la obtenci\u00f3n de otros t\u00edtulos, a los que se refiere el art\u00edculo 34.1 de la Ley Org\u00e1nica 6\/2001, de 21 de diciembre, de Universidades.<\/span><\/span><\/li>\n<\/ul>\n<\/li>\n<\/ul>\n<ul>\n<li style=\"list-style-type: none;\">\n<ul>\n<li><span style=\"font-family: arial, helvetica, sans-serif;\"><span style=\"font-size: medium;\">La experiencia laboral y profesional acreditada podr\u00e1 ser tambi\u00e9n reconocida en forma de cr\u00e9ditos que computar\u00e1n a efectos de la obtenci\u00f3n de un t\u00edtulo oficial, siempre que dicha experiencia est\u00e9 relacionada con las competencias inherentes a dicho t\u00edtulo.<\/span><\/span><\/li>\n<\/ul>\n<\/li>\n<\/ul>\n<ul>\n<li style=\"list-style-type: none;\">\n<ul>\n<li><span style=\"font-family: arial, helvetica, sans-serif;\"><span style=\"font-size: medium;\">En todo caso, no podr\u00e1n ser objeto de reconocimiento los cr\u00e9ditos correspondientes a los trabajos de fin de M\u00e1ster.<\/span><\/span><\/li>\n<\/ul>\n<\/li>\n<\/ul>\n<ul>\n<li style=\"list-style-type: none;\">\n<ul>\n<li>\n<p align=\"justify\"><span style=\"font-family: arial, helvetica, sans-serif;\"><span style=\"font-size: medium;\">o La transferencia de cr\u00e9ditos implica que, en los documentos acad\u00e9micos oficiales acreditativos de las ense\u00f1anzas seguidas por cada estudiante, se incluir\u00e1n la totalidad de los cr\u00e9ditos obtenidos en ense\u00f1anzas oficiales cursadas con anterioridad, en la misma u otra universidad, que no hayan conducido a la obtenci\u00f3n de un t\u00edtulo oficial.<\/span><\/span><\/p>\n<\/li>\n<\/ul>\n<\/li>\n<\/ul>\n<p align=\"justify\"><span style=\"color: #212529; font-family: arial, helvetica, sans-serif;\"><span style=\"font-size: x-large;\"><b>Reconocimiento de Cr\u00e9ditos en las Ense\u00f1anzas de M\u00e1ster.<\/b><\/span><\/span><\/p>\n<ul>\n<li><span style=\"color: #212529; font-family: arial, helvetica, sans-serif;\"><span style=\"font-size: medium;\"><b>Reconocimiento de cr\u00e9ditos obtenidos en estudios oficiales conforme a anteriores ordenaciones universitarias:<\/b><\/span><\/span><\/li>\n<\/ul>\n<p><span style=\"font-family: arial, helvetica, sans-serif;\"><span style=\"color: #212529;\"><span style=\"font-size: medium;\">En el caso de cr\u00e9ditos obtenidos en <\/span><\/span><span style=\"color: #212529;\"><span style=\"font-size: medium;\"><b>estudios oficiales de la UHU<\/b><\/span><\/span><span style=\"color: #212529;\"><span style=\"font-size: medium;\">, el reconocimiento se realizar\u00e1 teniendo en cuenta la tabla de adaptaci\u00f3n de cr\u00e9ditos de las asignaturas de dichos planes de estudio con las asignaturas de los nuevos planes de estudio regulados seg\u00fan lo reflejado en cada memoria para la solicitud de verificaci\u00f3n de t\u00edtulos.<\/span><\/span><\/span><\/p>\n<p><span style=\"font-family: arial, helvetica, sans-serif;\"><span style=\"color: #212529;\"><span style=\"font-size: medium;\">En el caso de cr\u00e9ditos obtenidos en <\/span><\/span><span style=\"color: #212529;\"><span style=\"font-size: medium;\"><b>otros estudios oficiales<\/b><\/span><\/span><span style=\"color: #212529;\"><span style=\"font-size: medium;\">, \u00e9stos se podr\u00e1n reconocer teniendo en cuenta la adecuaci\u00f3n entre los conocimientos asociados a las materias y\/o asignaturas cursadas por el estudiante seg\u00fan lo establecido en la normativa vigente.<\/span><\/span><\/span><\/p>\n<ul>\n<li><span style=\"color: #212529; font-family: arial, helvetica, sans-serif;\"><span style=\"font-size: medium;\"><b>Reconocimiento de cr\u00e9ditos obtenidos en t\u00edtulos de la actual ordenaci\u00f3n.<\/b><\/span><\/span><\/li>\n<\/ul>\n<p><span style=\"color: #212529; font-family: arial, helvetica, sans-serif;\"><span style=\"font-size: medium;\">Los cr\u00e9ditos podr\u00e1n ser reconocidos teniendo en cuenta la adecuaci\u00f3n entre las competencias y conocimientos adquiridos bien en otros m\u00f3dulos, materias, asignaturas o ense\u00f1anzas cursadas por el estudiante y los previstos en el plan de estudios o bien que tengan car\u00e1cter transversal. En cualquier caso, no podr\u00e1n ser objeto de reconocimiento los cr\u00e9ditos correspondientes a los trabajos de fin de grado y m\u00e1ster.<\/span><\/span><\/p>\n<p><span style=\"color: #212529; font-family: arial, helvetica, sans-serif;\"><span style=\"font-size: medium;\">El reconocimiento entre asignaturas del M\u00e1ster en Ingenier\u00eda Industrial y los diferentes grados de la rama industrial de la ETSI de la UHU, est\u00e1 regulado seg\u00fan <a href=\"https:\/\/www.uhu.es\/etsi\/descargas\/Tabla_Reconocimiento_Creditos_MasterII_v3.pdf\">acuerdo de la Comisi\u00f3n Acad\u00e9mica del M\u00e1ster.<\/a><\/span><\/span><\/p>\n<ul>\n<li><span style=\"color: #212529; font-family: arial, helvetica, sans-serif;\"><span style=\"font-size: medium;\"><b>Reconocimiento de cr\u00e9ditos por estudios no oficiales y experiencia laboral o profesional:<\/b><\/span><\/span><\/li>\n<\/ul>\n<p><span style=\"color: #212529; font-family: arial, helvetica, sans-serif;\"><span style=\"font-size: medium;\">El reconocimiento de cr\u00e9ditos obtenido por esta v\u00eda, supone la aceptaci\u00f3n de cr\u00e9ditos obtenidos en estudios universitarios no oficiales (T\u00edtulos propios), o bien por la acreditaci\u00f3n de experiencia laboral o profesional, y por tanto, su c\u00f3mputo como superados, seg\u00fan el reglamento vigente<\/span><\/span><\/p>\n<p><span style=\"font-family: arial, helvetica, sans-serif;\"><span style=\"color: #212529;\"><span style=\"font-size: medium;\">En el caso de t\u00edtulos universitarios distintos de los de car\u00e1cter oficial (T\u00edtulos propios) cada una de las materias reconocidas deber\u00e1n presentar una adecuaci\u00f3n entre las competencias y conocimientos adquiridos y los previstos en el plan de estudios del t\u00edtulo de destino. <\/span><\/span><span style=\"color: #212529;\"><span style=\"font-size: medium;\"><b>No pudiendo superar los cr\u00e9ditos de expuestos en la tabla de reconocimientos para M\u00e1steres de la ETSI.<\/b><\/span><\/span><\/span><\/p>\n<p><span style=\"color: #212529; font-family: arial, helvetica, sans-serif;\"><span style=\"font-size: medium;\">Los cr\u00e9ditos por experiencia laboral podr\u00e1n ser reconocidos teniendo en cuenta el nivel de cualificaci\u00f3n profesional desempe\u00f1ado, y su relaci\u00f3n con las competencias y conocimientos que deben ser adquiridos de acuerdo con el plan de estudios, y la experiencia laboral o profesional acreditada, as\u00ed como el n\u00famero de cr\u00e9ditos que deben ser objeto de reconocimiento teniendo en cuenta la documentaci\u00f3n aportada.El m\u00e1ximo de cr\u00e9ditos reconocidos por experiencia para cada titulaci\u00f3n de M\u00e1ster queda reflejado en la tabla de reconocimientos para M\u00e1steres de la ETSI<\/span><\/span><\/p>\n<ul>\n<li><span style=\"color: #212529; font-family: arial, helvetica, sans-serif;\"><span style=\"font-size: medium;\"><b>Reconocimiento de asignaturas de Ciclos Formativos de Grado Superior:<\/b><\/span><\/span><\/li>\n<\/ul>\n<p><span style=\"color: #212529; font-family: arial, helvetica, sans-serif;\"><span style=\"font-size: medium;\">Los estudiantes con un Ciclo Formativo de Grado Superior podr\u00e1n solicitar el reconocimiento de asignaturas en el M\u00e1ster siempre que pertenezcan a la misma rama de conocimiento y siempre que la memoria de verificaci\u00f3n del t\u00edtulo lo permita. No pudiendo superar los cr\u00e9ditos de expuestos en la tabla de reconocimientos para M\u00e1steres de la ETSI.<\/span><\/span><\/p>\n<p><a href=\"https:\/\/www.uhu.es\/etsi\/wp-content\/uploads\/2023\/10\/Tabla-Reconocimiento-de-Creditos-Master.JPG\"><img decoding=\"async\" loading=\"lazy\" class=\"alignnone size-full wp-image-21791\" src=\"https:\/\/www.uhu.es\/etsi\/wp-content\/uploads\/2023\/10\/Tabla-Reconocimiento-de-Creditos-Master.JPG\" alt=\"\" width=\"1115\" height=\"534\" \/><\/a><br \/>\n<span style=\"color: #212529; font-family: arial, helvetica, sans-serif;\"><span style=\"font-size: medium;\">Para m\u00e1s informaci\u00f3n, consultar: <a href=\"https:\/\/www.uhu.es\/secretaria-general\/sites\/secretaria-general\/files\/2023-07\/Reglamento_Reconocimiento_UHU.pdf\">https:\/\/www.uhu.es\/secretaria-general\/sites\/secretaria-general\/files\/2023-07\/Reglamento_Reconocimiento_UHU.pdf<\/a>.<\/span><\/span><\/p>\n<p><span style=\"color: #212529; font-family: arial, helvetica, sans-serif;\"><span style=\"font-size: medium;\">Por correo electr\u00f3nico dirigido a la persona de Secretar\u00eda encargada de los tr\u00e1mites de la titulaci\u00f3n, cuyos datos de contacto se pueden consultar en <a href=\"https:\/\/www.uhu.es\/etsi\/secretaria\/listado-telefonico-secretaria\/\" target=\"_blank\" rel=\"noopener\">http:\/\/www.uhu.es\/ etsi\/secretaria\/listado-telefonico-secretaria\/<\/a><\/span><\/span><\/p>\n<p>&nbsp;<\/p>\n","protected":false},"excerpt":{"rendered":"<p>Definici\u00f3n Reconocimiento de cr\u00e9ditos. Se entiende por reconocimiento, la aceptaci\u00f3n por la Universidad de Huelva de los cr\u00e9ditos que, habiendo &#8230; <\/p>\n<div><a href=\"https:\/\/www.uhu.es\/etsi\/reconocimiento-y-transferencia-de-creditos-master\/\" class=\"more-link\">Read More<\/a><\/div>\n","protected":false},"author":7,"featured_media":0,"parent":0,"menu_order":0,"comment_status":"closed","ping_status":"closed","template":"template-layout-full-width.php","meta":[],"yoast_head":"<!-- This site is optimized with the Yoast SEO plugin v20.2.1 - https:\/\/yoast.com\/wordpress\/plugins\/seo\/ -->\n<title>Reconocimiento y Transferencia de Cr\u00e9ditos en las Ense\u00f1anzas de M\u00e1ster - ETSI, UHU<\/title>\n<meta name=\"robots\" content=\"index, follow, max-snippet:-1, max-image-preview:large, max-video-preview:-1\" \/>\n<link rel=\"canonical\" href=\"https:\/\/www.uhu.es\/etsi\/reconocimiento-y-transferencia-de-creditos-master\/\" \/>\n<meta property=\"og:locale\" content=\"es_ES\" \/>\n<meta property=\"og:type\" content=\"article\" \/>\n<meta property=\"og:title\" content=\"Reconocimiento y Transferencia de Cr\u00e9ditos en las Ense\u00f1anzas de M\u00e1ster - ETSI, UHU\" \/>\n<meta property=\"og:description\" content=\"Definici\u00f3n Reconocimiento de cr\u00e9ditos. Se entiende por reconocimiento, la aceptaci\u00f3n por la Universidad de Huelva de los cr\u00e9ditos que, habiendo ... Read More\" \/>\n<meta property=\"og:url\" content=\"https:\/\/www.uhu.es\/etsi\/reconocimiento-y-transferencia-de-creditos-master\/\" \/>\n<meta property=\"og:site_name\" content=\"ETSI, UHU\" \/>\n<meta property=\"article:modified_time\" content=\"2024-03-01T08:17:22+00:00\" \/>\n<meta property=\"og:image\" content=\"http:\/\/www.uhu.es\/etsi\/wp-content\/uploads\/2022\/04\/Diapositiva1.jpg\" \/>\n<meta name=\"twitter:label1\" content=\"Est. reading time\" \/>\n\t<meta name=\"twitter:data1\" content=\"4 minutes\" \/>\n<script type=\"application\/ld+json\" class=\"yoast-schema-graph\">{\"@context\":\"https:\/\/schema.org\",\"@graph\":[{\"@type\":\"WebPage\",\"@id\":\"https:\/\/www.uhu.es\/etsi\/reconocimiento-y-transferencia-de-creditos-master\/\",\"url\":\"https:\/\/www.uhu.es\/etsi\/reconocimiento-y-transferencia-de-creditos-master\/\",\"name\":\"Reconocimiento y Transferencia de Cr\u00e9ditos en las Ense\u00f1anzas de M\u00e1ster - ETSI, UHU\",\"isPartOf\":{\"@id\":\"https:\/\/www.uhu.es\/etsi\/#website\"},\"datePublished\":\"2022-04-19T08:41:10+00:00\",\"dateModified\":\"2024-03-01T08:17:22+00:00\",\"breadcrumb\":{\"@id\":\"https:\/\/www.uhu.es\/etsi\/reconocimiento-y-transferencia-de-creditos-master\/#breadcrumb\"},\"inLanguage\":\"es-ES\",\"potentialAction\":[{\"@type\":\"ReadAction\",\"target\":[\"https:\/\/www.uhu.es\/etsi\/reconocimiento-y-transferencia-de-creditos-master\/\"]}]},{\"@type\":\"BreadcrumbList\",\"@id\":\"https:\/\/www.uhu.es\/etsi\/reconocimiento-y-transferencia-de-creditos-master\/#breadcrumb\",\"itemListElement\":[{\"@type\":\"ListItem\",\"position\":1,\"name\":\"Portada\",\"item\":\"https:\/\/www.uhu.es\/etsi\/\"},{\"@type\":\"ListItem\",\"position\":2,\"name\":\"Reconocimiento y Transferencia de Cr\u00e9ditos en las Ense\u00f1anzas de M\u00e1ster\"}]},{\"@type\":\"WebSite\",\"@id\":\"https:\/\/www.uhu.es\/etsi\/#website\",\"url\":\"https:\/\/www.uhu.es\/etsi\/\",\"name\":\"ETSI, UHU\",\"description\":\"Escuela T\u00e9cnica Superior de  Ingenier\u00eda de la Universidad de Huelva\",\"publisher\":{\"@id\":\"https:\/\/www.uhu.es\/etsi\/#organization\"},\"potentialAction\":[{\"@type\":\"SearchAction\",\"target\":{\"@type\":\"EntryPoint\",\"urlTemplate\":\"https:\/\/www.uhu.es\/etsi\/?s={search_term_string}\"},\"query-input\":\"required name=search_term_string\"}],\"inLanguage\":\"es-ES\"},{\"@type\":\"Organization\",\"@id\":\"https:\/\/www.uhu.es\/etsi\/#organization\",\"name\":\"UHU ETSI\",\"url\":\"https:\/\/www.uhu.es\/etsi\/\",\"logo\":{\"@type\":\"ImageObject\",\"inLanguage\":\"es-ES\",\"@id\":\"https:\/\/www.uhu.es\/etsi\/#\/schema\/logo\/image\/\",\"url\":\"http:\/\/www.uhu.es\/etsi\/wp-content\/uploads\/2016\/02\/membrete_ETSI.jpg\",\"contentUrl\":\"http:\/\/www.uhu.es\/etsi\/wp-content\/uploads\/2016\/02\/membrete_ETSI.jpg\",\"width\":423,\"height\":81,\"caption\":\"UHU ETSI\"},\"image\":{\"@id\":\"https:\/\/www.uhu.es\/etsi\/#\/schema\/logo\/image\/\"}}]}<\/script>\n<!-- \/ Yoast SEO plugin. -->","yoast_head_json":{"title":"Reconocimiento y Transferencia de Cr\u00e9ditos en las Ense\u00f1anzas de M\u00e1ster - ETSI, UHU","robots":{"index":"index","follow":"follow","max-snippet":"max-snippet:-1","max-image-preview":"max-image-preview:large","max-video-preview":"max-video-preview:-1"},"canonical":"https:\/\/www.uhu.es\/etsi\/reconocimiento-y-transferencia-de-creditos-master\/","og_locale":"es_ES","og_type":"article","og_title":"Reconocimiento y Transferencia de Cr\u00e9ditos en las Ense\u00f1anzas de M\u00e1ster - ETSI, UHU","og_description":"Definici\u00f3n Reconocimiento de cr\u00e9ditos. Se entiende por reconocimiento, la aceptaci\u00f3n por la Universidad de Huelva de los cr\u00e9ditos que, habiendo ... Read More","og_url":"https:\/\/www.uhu.es\/etsi\/reconocimiento-y-transferencia-de-creditos-master\/","og_site_name":"ETSI, UHU","article_modified_time":"2024-03-01T08:17:22+00:00","og_image":[{"url":"http:\/\/www.uhu.es\/etsi\/wp-content\/uploads\/2022\/04\/Diapositiva1.jpg"}],"twitter_misc":{"Est. reading time":"4 minutes"},"schema":{"@context":"https:\/\/schema.org","@graph":[{"@type":"WebPage","@id":"https:\/\/www.uhu.es\/etsi\/reconocimiento-y-transferencia-de-creditos-master\/","url":"https:\/\/www.uhu.es\/etsi\/reconocimiento-y-transferencia-de-creditos-master\/","name":"Reconocimiento y Transferencia de Cr\u00e9ditos en las Ense\u00f1anzas de M\u00e1ster - ETSI, UHU","isPartOf":{"@id":"https:\/\/www.uhu.es\/etsi\/#website"},"datePublished":"2022-04-19T08:41:10+00:00","dateModified":"2024-03-01T08:17:22+00:00","breadcrumb":{"@id":"https:\/\/www.uhu.es\/etsi\/reconocimiento-y-transferencia-de-creditos-master\/#breadcrumb"},"inLanguage":"es-ES","potentialAction":[{"@type":"ReadAction","target":["https:\/\/www.uhu.es\/etsi\/reconocimiento-y-transferencia-de-creditos-master\/"]}]},{"@type":"BreadcrumbList","@id":"https:\/\/www.uhu.es\/etsi\/reconocimiento-y-transferencia-de-creditos-master\/#breadcrumb","itemListElement":[{"@type":"ListItem","position":1,"name":"Portada","item":"https:\/\/www.uhu.es\/etsi\/"},{"@type":"ListItem","position":2,"name":"Reconocimiento y Transferencia de Cr\u00e9ditos en las Ense\u00f1anzas de M\u00e1ster"}]},{"@type":"WebSite","@id":"https:\/\/www.uhu.es\/etsi\/#website","url":"https:\/\/www.uhu.es\/etsi\/","name":"ETSI, UHU","description":"Escuela T\u00e9cnica Superior de  Ingenier\u00eda de la Universidad de Huelva","publisher":{"@id":"https:\/\/www.uhu.es\/etsi\/#organization"},"potentialAction":[{"@type":"SearchAction","target":{"@type":"EntryPoint","urlTemplate":"https:\/\/www.uhu.es\/etsi\/?s={search_term_string}"},"query-input":"required name=search_term_string"}],"inLanguage":"es-ES"},{"@type":"Organization","@id":"https:\/\/www.uhu.es\/etsi\/#organization","name":"UHU ETSI","url":"https:\/\/www.uhu.es\/etsi\/","logo":{"@type":"ImageObject","inLanguage":"es-ES","@id":"https:\/\/www.uhu.es\/etsi\/#\/schema\/logo\/image\/","url":"http:\/\/www.uhu.es\/etsi\/wp-content\/uploads\/2016\/02\/membrete_ETSI.jpg","contentUrl":"http:\/\/www.uhu.es\/etsi\/wp-content\/uploads\/2016\/02\/membrete_ETSI.jpg","width":423,"height":81,"caption":"UHU ETSI"},"image":{"@id":"https:\/\/www.uhu.es\/etsi\/#\/schema\/logo\/image\/"}}]}},"_links":{"self":[{"href":"https:\/\/www.uhu.es\/etsi\/wp-json\/wp\/v2\/pages\/21787"}],"collection":[{"href":"https:\/\/www.uhu.es\/etsi\/wp-json\/wp\/v2\/pages"}],"about":[{"href":"https:\/\/www.uhu.es\/etsi\/wp-json\/wp\/v2\/types\/page"}],"author":[{"embeddable":true,"href":"https:\/\/www.uhu.es\/etsi\/wp-json\/wp\/v2\/users\/7"}],"replies":[{"embeddable":true,"href":"https:\/\/www.uhu.es\/etsi\/wp-json\/wp\/v2\/comments?post=21787"}],"version-history":[{"count":9,"href":"https:\/\/www.uhu.es\/etsi\/wp-json\/wp\/v2\/pages\/21787\/revisions"}],"predecessor-version":[{"id":23881,"href":"https:\/\/www.uhu.es\/etsi\/wp-json\/wp\/v2\/pages\/21787\/revisions\/23881"}],"wp:attachment":[{"href":"https:\/\/www.uhu.es\/etsi\/wp-json\/wp\/v2\/media?parent=21787"}],"curies":[{"name":"wp","href":"https:\/\/api.w.org\/{rel}","templated":true}]}}