{"id":21831,"date":"2022-05-04T10:33:15","date_gmt":"2022-05-04T09:33:15","guid":{"rendered":"http:\/\/www.uhu.es\/etsi\/?page_id=21831"},"modified":"2025-06-03T10:43:20","modified_gmt":"2025-06-03T09:43:20","slug":"ceremonias-de-graduacion","status":"publish","type":"page","link":"https:\/\/www.uhu.es\/etsi\/ceremonias-de-graduacion\/","title":{"rendered":"Ceremonias de graduaci\u00f3n"},"content":{"rendered":"<p>La ceremonia de graduaci\u00f3n es un acto acad\u00e9mico de gran importancia en el trascurrir de la vida universitaria y se convierte en un logro tanto para el estudiante, como para sus familiares, amigos y dem\u00e1s personas allegadas, que presencian con alegr\u00eda y satisfacci\u00f3n la culminaci\u00f3n de un proceso fruto de la perseverancia y el tes\u00f3n para realizar el sue\u00f1o de ser ingeniero.<br \/>\nEl acto de graduaci\u00f3n en la Escuela T\u00e9cnica Superior de Ingenier\u00eda es un acto que conmemora la finalizaci\u00f3n de los estudios en cada una de las titulaciones impartidas en el centro.<br \/>\nHasta hace unos a\u00f1os este acto se ven\u00eda organizando de manera individual para cada una de las titulaciones, pero desde el equipo de gobierno de la Escuela se ha decidido que la ceremonia de graduaci\u00f3n debe ser un acto conjunto de todas las titulaciones y los alumnos que participen en ella sean los que realmente han terminado sus estudios en el curso acad\u00e9mico correspondiente.<br \/>\nLa organizaci\u00f3n de la ceremonia correr\u00e1 a cargo de la Escuela y la fecha y lugar de celebraci\u00f3n ser\u00e1 tambi\u00e9n propuesto por la direcci\u00f3n del centro.<br \/>\nSer\u00e1 la Escuela quien se ponga en contacto con los alumnos que hayan finalizado sus estudios durante el presente curso.<br \/>\nLa fecha propuesta para la realizaci\u00f3n de la Ceremonia de graduaci\u00f3n es:<\/p>\n<h5><strong>Curso 2024\/2025<br \/>\nViernes 10 de octubre de 2025.<\/strong><\/h5>\n<p>Para cualquier duda contactar con el Subdirector de Estudiantes <a href=\"mailto:sub.estudiantes@etsi.uhu.es\">(sub.estudiantes@etsi.uhu.es)<\/a> o con la Secretaria de Direcci\u00f3n <a href=\"mailto:secretaria.direccion@etsi.uhu.es\">(secretaria.direccion@etsi.uhu.es)<\/a>.<\/p>\n","protected":false},"excerpt":{"rendered":"<p>La ceremonia de graduaci\u00f3n es un acto acad\u00e9mico de gran importancia en el trascurrir de la vida universitaria y se &#8230; <\/p>\n<div><a href=\"https:\/\/www.uhu.es\/etsi\/ceremonias-de-graduacion\/\" class=\"more-link\">Read More<\/a><\/div>\n","protected":false},"author":7,"featured_media":0,"parent":0,"menu_order":0,"comment_status":"closed","ping_status":"closed","template":"template-layout-full-width.php","meta":[],"yoast_head":"<!-- This site is optimized with the Yoast SEO plugin v20.2.1 - https:\/\/yoast.com\/wordpress\/plugins\/seo\/ -->\n<title>Ceremonias de graduaci\u00f3n - ETSI, UHU<\/title>\n<meta name=\"robots\" content=\"index, follow, max-snippet:-1, max-image-preview:large, max-video-preview:-1\" \/>\n<link rel=\"canonical\" href=\"https:\/\/www.uhu.es\/etsi\/ceremonias-de-graduacion\/\" \/>\n<meta property=\"og:locale\" content=\"es_ES\" \/>\n<meta property=\"og:type\" content=\"article\" \/>\n<meta property=\"og:title\" content=\"Ceremonias de graduaci\u00f3n - ETSI, UHU\" \/>\n<meta property=\"og:description\" content=\"La ceremonia de graduaci\u00f3n es un acto acad\u00e9mico de gran importancia en el trascurrir de la vida universitaria y se ... Read More\" \/>\n<meta property=\"og:url\" content=\"https:\/\/www.uhu.es\/etsi\/ceremonias-de-graduacion\/\" \/>\n<meta property=\"og:site_name\" content=\"ETSI, UHU\" \/>\n<meta property=\"article:modified_time\" content=\"2025-06-03T09:43:20+00:00\" \/>\n<meta name=\"twitter:label1\" content=\"Est. reading time\" \/>\n\t<meta name=\"twitter:data1\" content=\"2 minutes\" \/>\n<script type=\"application\/ld+json\" class=\"yoast-schema-graph\">{\"@context\":\"https:\/\/schema.org\",\"@graph\":[{\"@type\":\"WebPage\",\"@id\":\"https:\/\/www.uhu.es\/etsi\/ceremonias-de-graduacion\/\",\"url\":\"https:\/\/www.uhu.es\/etsi\/ceremonias-de-graduacion\/\",\"name\":\"Ceremonias de graduaci\u00f3n - ETSI, UHU\",\"isPartOf\":{\"@id\":\"https:\/\/www.uhu.es\/etsi\/#website\"},\"datePublished\":\"2022-05-04T09:33:15+00:00\",\"dateModified\":\"2025-06-03T09:43:20+00:00\",\"breadcrumb\":{\"@id\":\"https:\/\/www.uhu.es\/etsi\/ceremonias-de-graduacion\/#breadcrumb\"},\"inLanguage\":\"es-ES\",\"potentialAction\":[{\"@type\":\"ReadAction\",\"target\":[\"https:\/\/www.uhu.es\/etsi\/ceremonias-de-graduacion\/\"]}]},{\"@type\":\"BreadcrumbList\",\"@id\":\"https:\/\/www.uhu.es\/etsi\/ceremonias-de-graduacion\/#breadcrumb\",\"itemListElement\":[{\"@type\":\"ListItem\",\"position\":1,\"name\":\"Portada\",\"item\":\"https:\/\/www.uhu.es\/etsi\/\"},{\"@type\":\"ListItem\",\"position\":2,\"name\":\"Ceremonias de graduaci\u00f3n\"}]},{\"@type\":\"WebSite\",\"@id\":\"https:\/\/www.uhu.es\/etsi\/#website\",\"url\":\"https:\/\/www.uhu.es\/etsi\/\",\"name\":\"ETSI, UHU\",\"description\":\"Escuela T\u00e9cnica Superior de  Ingenier\u00eda de la Universidad de Huelva\",\"publisher\":{\"@id\":\"https:\/\/www.uhu.es\/etsi\/#organization\"},\"potentialAction\":[{\"@type\":\"SearchAction\",\"target\":{\"@type\":\"EntryPoint\",\"urlTemplate\":\"https:\/\/www.uhu.es\/etsi\/?s={search_term_string}\"},\"query-input\":\"required name=search_term_string\"}],\"inLanguage\":\"es-ES\"},{\"@type\":\"Organization\",\"@id\":\"https:\/\/www.uhu.es\/etsi\/#organization\",\"name\":\"UHU ETSI\",\"url\":\"https:\/\/www.uhu.es\/etsi\/\",\"logo\":{\"@type\":\"ImageObject\",\"inLanguage\":\"es-ES\",\"@id\":\"https:\/\/www.uhu.es\/etsi\/#\/schema\/logo\/image\/\",\"url\":\"http:\/\/www.uhu.es\/etsi\/wp-content\/uploads\/2016\/02\/membrete_ETSI.jpg\",\"contentUrl\":\"http:\/\/www.uhu.es\/etsi\/wp-content\/uploads\/2016\/02\/membrete_ETSI.jpg\",\"width\":423,\"height\":81,\"caption\":\"UHU ETSI\"},\"image\":{\"@id\":\"https:\/\/www.uhu.es\/etsi\/#\/schema\/logo\/image\/\"}}]}<\/script>\n<!-- \/ Yoast SEO plugin. -->","yoast_head_json":{"title":"Ceremonias de graduaci\u00f3n - ETSI, UHU","robots":{"index":"index","follow":"follow","max-snippet":"max-snippet:-1","max-image-preview":"max-image-preview:large","max-video-preview":"max-video-preview:-1"},"canonical":"https:\/\/www.uhu.es\/etsi\/ceremonias-de-graduacion\/","og_locale":"es_ES","og_type":"article","og_title":"Ceremonias de graduaci\u00f3n - ETSI, UHU","og_description":"La ceremonia de graduaci\u00f3n es un acto acad\u00e9mico de gran importancia en el trascurrir de la vida universitaria y se ... Read More","og_url":"https:\/\/www.uhu.es\/etsi\/ceremonias-de-graduacion\/","og_site_name":"ETSI, UHU","article_modified_time":"2025-06-03T09:43:20+00:00","twitter_misc":{"Est. reading time":"2 minutes"},"schema":{"@context":"https:\/\/schema.org","@graph":[{"@type":"WebPage","@id":"https:\/\/www.uhu.es\/etsi\/ceremonias-de-graduacion\/","url":"https:\/\/www.uhu.es\/etsi\/ceremonias-de-graduacion\/","name":"Ceremonias de graduaci\u00f3n - ETSI, UHU","isPartOf":{"@id":"https:\/\/www.uhu.es\/etsi\/#website"},"datePublished":"2022-05-04T09:33:15+00:00","dateModified":"2025-06-03T09:43:20+00:00","breadcrumb":{"@id":"https:\/\/www.uhu.es\/etsi\/ceremonias-de-graduacion\/#breadcrumb"},"inLanguage":"es-ES","potentialAction":[{"@type":"ReadAction","target":["https:\/\/www.uhu.es\/etsi\/ceremonias-de-graduacion\/"]}]},{"@type":"BreadcrumbList","@id":"https:\/\/www.uhu.es\/etsi\/ceremonias-de-graduacion\/#breadcrumb","itemListElement":[{"@type":"ListItem","position":1,"name":"Portada","item":"https:\/\/www.uhu.es\/etsi\/"},{"@type":"ListItem","position":2,"name":"Ceremonias de graduaci\u00f3n"}]},{"@type":"WebSite","@id":"https:\/\/www.uhu.es\/etsi\/#website","url":"https:\/\/www.uhu.es\/etsi\/","name":"ETSI, UHU","description":"Escuela T\u00e9cnica Superior de  Ingenier\u00eda de la Universidad de Huelva","publisher":{"@id":"https:\/\/www.uhu.es\/etsi\/#organization"},"potentialAction":[{"@type":"SearchAction","target":{"@type":"EntryPoint","urlTemplate":"https:\/\/www.uhu.es\/etsi\/?s={search_term_string}"},"query-input":"required name=search_term_string"}],"inLanguage":"es-ES"},{"@type":"Organization","@id":"https:\/\/www.uhu.es\/etsi\/#organization","name":"UHU ETSI","url":"https:\/\/www.uhu.es\/etsi\/","logo":{"@type":"ImageObject","inLanguage":"es-ES","@id":"https:\/\/www.uhu.es\/etsi\/#\/schema\/logo\/image\/","url":"http:\/\/www.uhu.es\/etsi\/wp-content\/uploads\/2016\/02\/membrete_ETSI.jpg","contentUrl":"http:\/\/www.uhu.es\/etsi\/wp-content\/uploads\/2016\/02\/membrete_ETSI.jpg","width":423,"height":81,"caption":"UHU ETSI"},"image":{"@id":"https:\/\/www.uhu.es\/etsi\/#\/schema\/logo\/image\/"}}]}},"_links":{"self":[{"href":"https:\/\/www.uhu.es\/etsi\/wp-json\/wp\/v2\/pages\/21831"}],"collection":[{"href":"https:\/\/www.uhu.es\/etsi\/wp-json\/wp\/v2\/pages"}],"about":[{"href":"https:\/\/www.uhu.es\/etsi\/wp-json\/wp\/v2\/types\/page"}],"author":[{"embeddable":true,"href":"https:\/\/www.uhu.es\/etsi\/wp-json\/wp\/v2\/users\/7"}],"replies":[{"embeddable":true,"href":"https:\/\/www.uhu.es\/etsi\/wp-json\/wp\/v2\/comments?post=21831"}],"version-history":[{"count":10,"href":"https:\/\/www.uhu.es\/etsi\/wp-json\/wp\/v2\/pages\/21831\/revisions"}],"predecessor-version":[{"id":25154,"href":"https:\/\/www.uhu.es\/etsi\/wp-json\/wp\/v2\/pages\/21831\/revisions\/25154"}],"wp:attachment":[{"href":"https:\/\/www.uhu.es\/etsi\/wp-json\/wp\/v2\/media?parent=21831"}],"curies":[{"name":"wp","href":"https:\/\/api.w.org\/{rel}","templated":true}]}}