{"id":22195,"date":"2022-07-26T12:55:53","date_gmt":"2022-07-26T11:55:53","guid":{"rendered":"http:\/\/www.uhu.es\/etsi\/?page_id=22195"},"modified":"2023-07-04T10:31:51","modified_gmt":"2023-07-04T09:31:51","slug":"examenes-2022-2023","status":"publish","type":"page","link":"https:\/\/www.uhu.es\/etsi\/informacion-academica\/informacion-comun-todos-los-titulos\/examenes\/examenes-2022-2023\/","title":{"rendered":"Ex\u00e1menes 2022-2023"},"content":{"rendered":"<p><!-- [alert type=\"info\"]\n\n\n<p style=\"font-size: 15px;\"><strong>ATENCI\u00d3N<\/strong>:<\/p>\n\n\n\n\n<p style=\"font-size: 15px;\"> <strong>En el curso acad\u00e9mico 2019-2020, se implanta la aplicaci\u00f3n para la gesti\u00f3n telem\u00e1tica del procedimiento de participaci\u00f3n en la convocatoria extraordinaria de ex\u00e1menes de noviembre.  <\/strong><\/p>\n\n\n[\/alert]\n\n\n<hr>\n\n\n--><br \/>\n<div id=\"my-accordion\" class=\"x-accordion\" >\n<div  class=\"x-accordion-group\" ><div class=\"x-accordion-heading\"><a class=\"x-accordion-toggle collapsed\" data-toggle=\"collapse\" data-parent=\"#my-accordion\" href=\"#collapse-1\"> Ex\u00e1menes de Incidencias de Julio<\/a><\/div> <!-- end .x-accordion-heading --><div id=\"collapse-1\" class=\"accordion-body collapse\"><div class=\"x-accordion-inner\">\n<ul>\n<li><a href=\"https:\/\/apppruebaetsi.uhu.es\/simplesaml\/app_gestion_cursos\/C_examenes\/xml\/xml_document_total.php?year=2023&#038;id_cal=31&#038;cuatr=8\" rel=\"noopener\" target=\"_blank\">Calendario Incidencias Julio.<\/a><\/li>\n<p> \t<!--\n\n<li><a href=\"https:\/\/www.uhu.es\/etsi\/horarios1819\/examenes\/1819_alumnos_junio_incidencias.pdf\" rel=\"noopener\" target=\"_blank\">Listado de Alumnos<\/a><\/li>\n\n\n<\/ul>\n\n--><br \/>\n<\/div> <!-- end .x-accordion-inner --><\/div> <!-- end .x-accordion-body --><\/div> <!-- end .x-accordion-group -->\n<div  class=\"x-accordion-group\" ><div class=\"x-accordion-heading\"><a class=\"x-accordion-toggle collapsed\" data-toggle=\"collapse\" data-parent=\"#my-accordion\" href=\"#collapse-2\"> Ex\u00e1menes de Incidencias de Junio<\/a><\/div> <!-- end .x-accordion-heading --><div id=\"collapse-2\" class=\"accordion-body collapse\"><div class=\"x-accordion-inner\">\n<ul>\n<li><a href=\"https:\/\/apppruebaetsi.uhu.es\/simplesaml\/app_gestion_cursos\/C_examenes\/xml\/xml_document_total.php?year=2023&#038;id_cal=31&#038;cuatr=7\" rel=\"noopener\" target=\"_blank\">Calendario Incidencias Junio.<\/a><\/li>\n<p> \t<!--\n\n<li><a href=\"https:\/\/www.uhu.es\/etsi\/horarios1819\/examenes\/1819_alumnos_junio_incidencias.pdf\" rel=\"noopener\" target=\"_blank\">Listado de Alumnos<\/a><\/li>\n\n\n<\/ul>\n\n--><br \/>\n<\/div> <!-- end .x-accordion-inner --><\/div> <!-- end .x-accordion-body --><\/div> <!-- end .x-accordion-group -->\n<div  class=\"x-accordion-group\" ><div class=\"x-accordion-heading\"><a class=\"x-accordion-toggle collapsed\" data-toggle=\"collapse\" data-parent=\"#my-accordion\" href=\"#collapse-3\"> Ex\u00e1menes de Incidencias de Febrero<\/a><\/div> <!-- end .x-accordion-heading --><div id=\"collapse-3\" class=\"accordion-body collapse\"><div class=\"x-accordion-inner\">\n<ul>\n<li><a href=\"https:\/\/apppruebaetsi.uhu.es\/simplesaml\/app_gestion_cursos\/C_examenes\/xml\/xml_document_total.php?year=2023&#038;id_cal=31&#038;cuatr=6\" rel=\"noopener\" target=\"_blank\">Calendario Incidencias Grados.<\/a><\/li>\n<li><a href=\"https:\/\/apppruebaetsi.uhu.es\/simplesaml\/app_gestion_cursos\/C_examenes\/xml\/xml_document_total.php?year=2023&#038;id_cal=35&#038;cuatr=6\" rel=\"noopener\" target=\"_blank\">Calendario Incidencias M\u00e1steres.<\/a><\/li>\n<\/ul>\n<\/div> <!-- end .x-accordion-inner --><\/div> <!-- end .x-accordion-body --><\/div> <!-- end .x-accordion-group -->\n<div  class=\"x-accordion-group\" ><div class=\"x-accordion-heading\"><a class=\"x-accordion-toggle collapsed\" data-toggle=\"collapse\" data-parent=\"#my-accordion\" href=\"#collapse-4\"> Convocatoria Extraordinaria de Noviembre y Tercera de Diciembre<\/a><\/div> <!-- end .x-accordion-heading --><div id=\"collapse-4\" class=\"accordion-body collapse\"><div class=\"x-accordion-inner\">\n<ul>\n<li><a href=\"https:\/\/apppruebaetsi.uhu.es\/simplesaml\/app_gestion_cursos\/C_examenes\/xml\/xml_cal_conv.php?year=2023&#038;id_cal=31&#038;cuatr=4\" rel=\"noopener\" target=\"_blank\">Calendario de Ex\u00e1menes Convocatoria Extraordinaria (Noviembre)<\/a><\/li>\n<li><a href=\"https:\/\/apppruebaetsi.uhu.es\/simplesaml\/app_gestion_cursos\/C_examenes\/xml\/xml_cal_conv.php?year=2023&#038;id_cal=31&#038;cuatr=5\" rel=\"noopener\" target=\"_blank\">Calendario de Ex\u00e1menes Tercera Convocatoria (Diciembre)<\/a><\/li>\n<p>    <!--\n\n<li><a href=\"https:\/\/apppruebaetsi.uhu.es\/simplesaml\/app_gestion_cursos\/C_examenes\/xml\/xml_document_total.php?year=2021&id_cal=20&cuatr=5\" rel=\"noopener\" target=\"_blank\">Calendario de Ex\u00e1menes M\u00e1ster en  Ingenier\u00eda Industrial<\/a><\/li>\n\n\n    \n\n<li><a href=\"https:\/\/apppruebaetsi.uhu.es\/simplesaml\/app_gestion_cursos\/C_examenes\/xml\/xml_document_total.php?year=2021&id_cal=23&cuatr=5\" rel=\"noopener\" target=\"_blank\">Calendario de Ex\u00e1menes M\u00e1ster en  Ingenier\u00eda Qu\u00edmica<\/a><\/li>\n\n\n    \n\n<li><a href=\"https:\/\/apppruebaetsi.uhu.es\/simplesaml\/app_gestion_cursos\/C_examenes\/xml\/xml_cal_conv.php?year=2021&id_cal=19&cuatr=4\" rel=\"noopener\" target=\"_blank\">Calendario de Ex\u00e1menes Grado<\/a><\/li>\n\n    \n    \n\n<li><a href=\"https:\/\/apppruebaetsi.uhu.es\/simplesaml\/app_gestion_cursos\/C_examenes\/xml\/xml_cal_conv.php?year=2021&id_cal=20&cuatr=4\" rel=\"noopener\" target=\"_blank\">Calendario de Ex\u00e1menes M\u00e1ster<\/a><\/li>\n\n\n<\/ul>\n\n--><br \/>\n<\/div> <!-- end .x-accordion-inner --><\/div> <!-- end .x-accordion-body --><\/div> <!-- end .x-accordion-group -->\n<div  class=\"x-accordion-group\" ><div class=\"x-accordion-heading\"><a class=\"x-accordion-toggle collapsed\" data-toggle=\"collapse\" data-parent=\"#my-accordion\" href=\"#collapse-5\"> T\u00edtulos de Grado<\/a><\/div> <!-- end .x-accordion-heading --><div id=\"collapse-5\" class=\"accordion-body collapse\"><div class=\"x-accordion-inner\">\n<ul>\n<li><a href=\"https:\/\/apppruebaetsi.uhu.es\/simplesaml\/app_gestion_cursos\/C_examenes\/xml\/xml_document.php?tit=G32&#038;year=2023&#038;id_cal=31\">Grado en Ingenier\u00eda Agr\u00edcola<\/a><\/li>\n<li><a href=\"https:\/\/apppruebaetsi.uhu.es\/simplesaml\/app_gestion_cursos\/C_examenes\/xml\/xml_document.php?tit=G30&#038;year=2023&#038;id_cal=31\">Grado de Ingenier\u00eda en Explotaci\u00f3n de Minas y Recursos Energ\u00e9ticos<\/a><\/li>\n<li><a href=\"https:\/\/apppruebaetsi.uhu.es\/simplesaml\/app_gestion_cursos\/C_examenes\/xml\/xml_document.php?tit=G26&#038;year=2023&#038;id_cal=31\">Grado en Ingenier\u00eda Inform\u00e1tica<\/a><\/li>\n<li><a href=\"https:\/\/apppruebaetsi.uhu.es\/simplesaml\/app_gestion_cursos\/C_examenes\/xml\/xml_document.php?tit=G27&#038;year=2023&#038;id_cal=31\">Grado en Ingenier\u00eda Forestal y del Medio Natural<\/a><\/li>\n<li><a href=\"https:\/\/apppruebaetsi.uhu.es\/simplesaml\/app_gestion_cursos\/C_examenes\/xml\/xml_document.php?tit=G28&#038;year=2023&#038;id_cal=31\">Grado en Ingenier\u00eda El\u00e9ctrica<\/a><\/li>\n<li><a href=\"https:\/\/apppruebaetsi.uhu.es\/simplesaml\/app_gestion_cursos\/C_examenes\/xml\/xml_document.php?tit=G29&#038;year=2023&#038;id_cal=31\">Grado en Ingenier\u00eda Electr\u00f3nica Industrial<\/a><\/li>\n<li><a href=\"https:\/\/apppruebaetsi.uhu.es\/simplesaml\/app_gestion_cursos\/C_examenes\/xml\/xml_document.php?tit=G33&#038;year=2023&#038;id_cal=31\">Grado en Ingenier\u00eda Energ\u00e9tica<\/a><\/li>\n<li><a href=\"https:\/\/apppruebaetsi.uhu.es\/simplesaml\/app_gestion_cursos\/C_examenes\/xml\/xml_document.php?tit=G25&#038;year=2023&#038;id_cal=31\">Grado en Ingenier\u00eda Mec\u00e1nica<\/a><\/li>\n<li><a href=\"https:\/\/apppruebaetsi.uhu.es\/simplesaml\/app_gestion_cursos\/C_examenes\/xml\/xml_document.php?tit=G31&#038;year=2023&#038;id_cal=31\">Grado en Ingenier\u00eda Qu\u00edmica Industrial<\/a><\/li>\n<li><a href=\"https:\/\/apppruebaetsi.uhu.es\/simplesaml\/app_gestion_cursos\/C_examenes\/xml\/xml_document.php?tit=H97&#038;year=2023&#038;id_cal=31\">Doble Grado en Ingenier\u00eda Electr\u00f3nica Industrial e Ingenier\u00eda Mec\u00e1nica<\/a><\/li>\n<li><a href=\"https:\/\/apppruebaetsi.uhu.es\/simplesaml\/app_gestion_cursos\/C_examenes\/xml\/xml_document.php?tit=H98&#038;year=2023&#038;id_cal=31\">Doble Grado en Ingenier\u00eda El\u00e9ctrica e Ingenier\u00eda Energ\u00e9tica<\/a><\/li>\n<li><a href=\"https:\/\/apppruebaetsi.uhu.es\/simplesaml\/app_gestion_cursos\/C_examenes\/xml\/xml_document.php?tit=G58&#038;year=2023&#038;id_cal=31\">Doble Grado en Ingenier\u00eda Mec\u00e1nica e Ingenier\u00eda en Explotaci\u00f3n de Minas y Recursos Energ\u00e9ticos<\/a><\/li>\n<\/ul>\n<\/div> <!-- end .x-accordion-inner --><\/div> <!-- end .x-accordion-body --><\/div> <!-- end .x-accordion-group -->\n<div  class=\"x-accordion-group\" ><div class=\"x-accordion-heading\"><a class=\"x-accordion-toggle collapsed\" data-toggle=\"collapse\" data-parent=\"#my-accordion\" href=\"#collapse-6\">T\u00edtulos de M\u00e1ster<\/a><\/div> <!-- end .x-accordion-heading --><div id=\"collapse-6\" class=\"accordion-body collapse\"><div class=\"x-accordion-inner\">\n<ul style=\"list-style-type: square;\">\n<li><a href=\"https:\/\/apppruebaetsi.uhu.es\/simplesaml\/app_gestion_cursos\/C_examenes\/xml\/xml_document.php?tit=P97&#038;year=2023&#038;id_cal=33\">M\u00e1ster en Ingenier\u00eda Qu\u00edmica&nbsp;<\/a><\/li>\n<li><a href=\"https:\/\/www.uhu.es\/etsi\/descargas\/MasterHorarios2223\/ExamenesMasterInformatica22-23.pdf\">M\u00e1ster en Ingenier\u00eda Inform\u00e1tica<\/a><\/li>\n<li><a href=\"https:\/\/apppruebaetsi.uhu.es\/simplesaml\/app_gestion_cursos\/C_examenes\/xml\/xml_document.php?tit=P68&#038;year=2023&#038;id_cal=34\">M\u00e1ster en Ingenier\u00eda Industrial<\/a><\/li>\n<li><a href=\"https:\/\/www.uhu.es\/etsi\/descargas\/\/MasterHorarios2223\/ExamenesMasterMontes22-23.pdf\">M\u00e1ster en Ingenier\u00eda de Montes<\/a><\/li>\n<li><a href=\"https:\/\/apppruebaetsi.uhu.es\/simplesaml\/app_gestion_cursos\/C_examenes\/xml\/xml_document.php?tit=P95&#038;year=2023&#038;id_cal=36\">M\u00e1ster en Ingenier\u00eda de Minas&nbsp;<\/a><\/li>\n<p>    <!-- \n\n<li><a href=\"https:\/\/apppruebaetsi.uhu.es\/simplesaml\/app_gestion_cursos\/C_examenes\/xml\/xml_document.php?tit=M02&year=2023&id_cal=32\">M\u00e1ster en Ingenier\u00eda Inform\u00e1tica<\/a><\/li>\n\n --><br \/>\n    <!-- \n\n<li><a href=\"https:\/\/apppruebaetsi.uhu.es\/simplesaml\/app_gestion_cursos\/C_examenes\/xml\/xml_document.php?tit=P69&year=2023&id_cal=35\">M\u00e1ster en Ingenier\u00eda de Montes<\/a><\/li>\n\n -->\n<\/ul>\n<\/div> <!-- end .x-accordion-inner --><\/div> <!-- end .x-accordion-body --><\/div> <!-- end .x-accordion-group -->\n<\/div>\n<table>\n<tbody>\n<tr>\n<td><strong>Leyenda de las aulas:<\/strong><br \/>\n<span class=\"txtnormal\">I.M: Isidoro Morales.<\/span><br \/>\n<span class=\"txtnormal\">P.Q: P\u00e9rez Quintero.<\/span><br \/>\n<span class=\"txtnormal\">ENF: Enfermer\u00eda.<\/span><br \/>\n<span class=\"txtnormal\">G.: Galileo Galilei.<\/span><br \/>\n<span class=\"txtnormal\">FCCE: Facultad de Ciencias Experimentales.<\/span><\/td>\n<\/tr>\n<\/tbody>\n<\/table>\n","protected":false},"excerpt":{"rendered":"<p>Leyenda de las aulas: I.M: Isidoro Morales. P.Q: P\u00e9rez Quintero. ENF: Enfermer\u00eda. G.: Galileo Galilei. FCCE: Facultad de Ciencias Experimentales.<\/p>\n","protected":false},"author":7,"featured_media":0,"parent":6960,"menu_order":0,"comment_status":"closed","ping_status":"closed","template":"template-layout-full-width.php","meta":[],"yoast_head":"<!-- This site is optimized with the Yoast SEO plugin v20.2.1 - https:\/\/yoast.com\/wordpress\/plugins\/seo\/ -->\n<title>Ex\u00e1menes 2022-2023 - ETSI, UHU<\/title>\n<meta name=\"robots\" content=\"index, follow, max-snippet:-1, max-image-preview:large, max-video-preview:-1\" \/>\n<link rel=\"canonical\" href=\"https:\/\/www.uhu.es\/etsi\/informacion-academica\/informacion-comun-todos-los-titulos\/examenes\/examenes-2022-2023\/\" \/>\n<meta property=\"og:locale\" content=\"es_ES\" \/>\n<meta property=\"og:type\" content=\"article\" \/>\n<meta property=\"og:title\" content=\"Ex\u00e1menes 2022-2023 - ETSI, UHU\" \/>\n<meta property=\"og:description\" content=\"Leyenda de las aulas: I.M: Isidoro Morales. P.Q: P\u00e9rez Quintero. ENF: Enfermer\u00eda. G.: Galileo Galilei. FCCE: Facultad de Ciencias Experimentales.\" \/>\n<meta property=\"og:url\" content=\"https:\/\/www.uhu.es\/etsi\/informacion-academica\/informacion-comun-todos-los-titulos\/examenes\/examenes-2022-2023\/\" \/>\n<meta property=\"og:site_name\" content=\"ETSI, UHU\" \/>\n<meta property=\"article:modified_time\" content=\"2023-07-04T09:31:51+00:00\" \/>\n<meta name=\"twitter:label1\" content=\"Est. reading time\" \/>\n\t<meta name=\"twitter:data1\" content=\"2 minutes\" \/>\n<script type=\"application\/ld+json\" class=\"yoast-schema-graph\">{\"@context\":\"https:\/\/schema.org\",\"@graph\":[{\"@type\":\"WebPage\",\"@id\":\"https:\/\/www.uhu.es\/etsi\/informacion-academica\/informacion-comun-todos-los-titulos\/examenes\/examenes-2022-2023\/\",\"url\":\"https:\/\/www.uhu.es\/etsi\/informacion-academica\/informacion-comun-todos-los-titulos\/examenes\/examenes-2022-2023\/\",\"name\":\"Ex\u00e1menes 2022-2023 - ETSI, UHU\",\"isPartOf\":{\"@id\":\"https:\/\/www.uhu.es\/etsi\/#website\"},\"datePublished\":\"2022-07-26T11:55:53+00:00\",\"dateModified\":\"2023-07-04T09:31:51+00:00\",\"breadcrumb\":{\"@id\":\"https:\/\/www.uhu.es\/etsi\/informacion-academica\/informacion-comun-todos-los-titulos\/examenes\/examenes-2022-2023\/#breadcrumb\"},\"inLanguage\":\"es-ES\",\"potentialAction\":[{\"@type\":\"ReadAction\",\"target\":[\"https:\/\/www.uhu.es\/etsi\/informacion-academica\/informacion-comun-todos-los-titulos\/examenes\/examenes-2022-2023\/\"]}]},{\"@type\":\"BreadcrumbList\",\"@id\":\"https:\/\/www.uhu.es\/etsi\/informacion-academica\/informacion-comun-todos-los-titulos\/examenes\/examenes-2022-2023\/#breadcrumb\",\"itemListElement\":[{\"@type\":\"ListItem\",\"position\":1,\"name\":\"Portada\",\"item\":\"https:\/\/www.uhu.es\/etsi\/\"},{\"@type\":\"ListItem\",\"position\":2,\"name\":\"Informaci\u00f3n Acad\u00e9mica\",\"item\":\"https:\/\/www.uhu.es\/etsi\/informacion-academica\/\"},{\"@type\":\"ListItem\",\"position\":3,\"name\":\"Informaci\u00f3n Com\u00fan a todos los T\u00edtulos\",\"item\":\"https:\/\/www.uhu.es\/etsi\/informacion-academica\/informacion-comun-todos-los-titulos\/\"},{\"@type\":\"ListItem\",\"position\":4,\"name\":\"Calendario de Ex\u00e1menes\",\"item\":\"https:\/\/www.uhu.es\/etsi\/informacion-academica\/informacion-comun-todos-los-titulos\/examenes\/\"},{\"@type\":\"ListItem\",\"position\":5,\"name\":\"Ex\u00e1menes 2022-2023\"}]},{\"@type\":\"WebSite\",\"@id\":\"https:\/\/www.uhu.es\/etsi\/#website\",\"url\":\"https:\/\/www.uhu.es\/etsi\/\",\"name\":\"ETSI, UHU\",\"description\":\"Escuela T\u00e9cnica Superior de  Ingenier\u00eda de la Universidad de Huelva\",\"publisher\":{\"@id\":\"https:\/\/www.uhu.es\/etsi\/#organization\"},\"potentialAction\":[{\"@type\":\"SearchAction\",\"target\":{\"@type\":\"EntryPoint\",\"urlTemplate\":\"https:\/\/www.uhu.es\/etsi\/?s={search_term_string}\"},\"query-input\":\"required name=search_term_string\"}],\"inLanguage\":\"es-ES\"},{\"@type\":\"Organization\",\"@id\":\"https:\/\/www.uhu.es\/etsi\/#organization\",\"name\":\"UHU ETSI\",\"url\":\"https:\/\/www.uhu.es\/etsi\/\",\"logo\":{\"@type\":\"ImageObject\",\"inLanguage\":\"es-ES\",\"@id\":\"https:\/\/www.uhu.es\/etsi\/#\/schema\/logo\/image\/\",\"url\":\"http:\/\/www.uhu.es\/etsi\/wp-content\/uploads\/2016\/02\/membrete_ETSI.jpg\",\"contentUrl\":\"http:\/\/www.uhu.es\/etsi\/wp-content\/uploads\/2016\/02\/membrete_ETSI.jpg\",\"width\":423,\"height\":81,\"caption\":\"UHU ETSI\"},\"image\":{\"@id\":\"https:\/\/www.uhu.es\/etsi\/#\/schema\/logo\/image\/\"}}]}<\/script>\n<!-- \/ Yoast SEO plugin. -->","yoast_head_json":{"title":"Ex\u00e1menes 2022-2023 - ETSI, UHU","robots":{"index":"index","follow":"follow","max-snippet":"max-snippet:-1","max-image-preview":"max-image-preview:large","max-video-preview":"max-video-preview:-1"},"canonical":"https:\/\/www.uhu.es\/etsi\/informacion-academica\/informacion-comun-todos-los-titulos\/examenes\/examenes-2022-2023\/","og_locale":"es_ES","og_type":"article","og_title":"Ex\u00e1menes 2022-2023 - ETSI, UHU","og_description":"Leyenda de las aulas: I.M: Isidoro Morales. P.Q: P\u00e9rez Quintero. ENF: Enfermer\u00eda. G.: Galileo Galilei. FCCE: Facultad de Ciencias Experimentales.","og_url":"https:\/\/www.uhu.es\/etsi\/informacion-academica\/informacion-comun-todos-los-titulos\/examenes\/examenes-2022-2023\/","og_site_name":"ETSI, UHU","article_modified_time":"2023-07-04T09:31:51+00:00","twitter_misc":{"Est. reading time":"2 minutes"},"schema":{"@context":"https:\/\/schema.org","@graph":[{"@type":"WebPage","@id":"https:\/\/www.uhu.es\/etsi\/informacion-academica\/informacion-comun-todos-los-titulos\/examenes\/examenes-2022-2023\/","url":"https:\/\/www.uhu.es\/etsi\/informacion-academica\/informacion-comun-todos-los-titulos\/examenes\/examenes-2022-2023\/","name":"Ex\u00e1menes 2022-2023 - ETSI, UHU","isPartOf":{"@id":"https:\/\/www.uhu.es\/etsi\/#website"},"datePublished":"2022-07-26T11:55:53+00:00","dateModified":"2023-07-04T09:31:51+00:00","breadcrumb":{"@id":"https:\/\/www.uhu.es\/etsi\/informacion-academica\/informacion-comun-todos-los-titulos\/examenes\/examenes-2022-2023\/#breadcrumb"},"inLanguage":"es-ES","potentialAction":[{"@type":"ReadAction","target":["https:\/\/www.uhu.es\/etsi\/informacion-academica\/informacion-comun-todos-los-titulos\/examenes\/examenes-2022-2023\/"]}]},{"@type":"BreadcrumbList","@id":"https:\/\/www.uhu.es\/etsi\/informacion-academica\/informacion-comun-todos-los-titulos\/examenes\/examenes-2022-2023\/#breadcrumb","itemListElement":[{"@type":"ListItem","position":1,"name":"Portada","item":"https:\/\/www.uhu.es\/etsi\/"},{"@type":"ListItem","position":2,"name":"Informaci\u00f3n Acad\u00e9mica","item":"https:\/\/www.uhu.es\/etsi\/informacion-academica\/"},{"@type":"ListItem","position":3,"name":"Informaci\u00f3n Com\u00fan a todos los T\u00edtulos","item":"https:\/\/www.uhu.es\/etsi\/informacion-academica\/informacion-comun-todos-los-titulos\/"},{"@type":"ListItem","position":4,"name":"Calendario de Ex\u00e1menes","item":"https:\/\/www.uhu.es\/etsi\/informacion-academica\/informacion-comun-todos-los-titulos\/examenes\/"},{"@type":"ListItem","position":5,"name":"Ex\u00e1menes 2022-2023"}]},{"@type":"WebSite","@id":"https:\/\/www.uhu.es\/etsi\/#website","url":"https:\/\/www.uhu.es\/etsi\/","name":"ETSI, UHU","description":"Escuela T\u00e9cnica Superior de  Ingenier\u00eda de la Universidad de Huelva","publisher":{"@id":"https:\/\/www.uhu.es\/etsi\/#organization"},"potentialAction":[{"@type":"SearchAction","target":{"@type":"EntryPoint","urlTemplate":"https:\/\/www.uhu.es\/etsi\/?s={search_term_string}"},"query-input":"required name=search_term_string"}],"inLanguage":"es-ES"},{"@type":"Organization","@id":"https:\/\/www.uhu.es\/etsi\/#organization","name":"UHU ETSI","url":"https:\/\/www.uhu.es\/etsi\/","logo":{"@type":"ImageObject","inLanguage":"es-ES","@id":"https:\/\/www.uhu.es\/etsi\/#\/schema\/logo\/image\/","url":"http:\/\/www.uhu.es\/etsi\/wp-content\/uploads\/2016\/02\/membrete_ETSI.jpg","contentUrl":"http:\/\/www.uhu.es\/etsi\/wp-content\/uploads\/2016\/02\/membrete_ETSI.jpg","width":423,"height":81,"caption":"UHU ETSI"},"image":{"@id":"https:\/\/www.uhu.es\/etsi\/#\/schema\/logo\/image\/"}}]}},"_links":{"self":[{"href":"https:\/\/www.uhu.es\/etsi\/wp-json\/wp\/v2\/pages\/22195"}],"collection":[{"href":"https:\/\/www.uhu.es\/etsi\/wp-json\/wp\/v2\/pages"}],"about":[{"href":"https:\/\/www.uhu.es\/etsi\/wp-json\/wp\/v2\/types\/page"}],"author":[{"embeddable":true,"href":"https:\/\/www.uhu.es\/etsi\/wp-json\/wp\/v2\/users\/7"}],"replies":[{"embeddable":true,"href":"https:\/\/www.uhu.es\/etsi\/wp-json\/wp\/v2\/comments?post=22195"}],"version-history":[{"count":11,"href":"https:\/\/www.uhu.es\/etsi\/wp-json\/wp\/v2\/pages\/22195\/revisions"}],"predecessor-version":[{"id":23174,"href":"https:\/\/www.uhu.es\/etsi\/wp-json\/wp\/v2\/pages\/22195\/revisions\/23174"}],"up":[{"embeddable":true,"href":"https:\/\/www.uhu.es\/etsi\/wp-json\/wp\/v2\/pages\/6960"}],"wp:attachment":[{"href":"https:\/\/www.uhu.es\/etsi\/wp-json\/wp\/v2\/media?parent=22195"}],"curies":[{"name":"wp","href":"https:\/\/api.w.org\/{rel}","templated":true}]}}