{"id":22359,"date":"2022-10-05T12:55:43","date_gmt":"2022-10-05T11:55:43","guid":{"rendered":"http:\/\/www.uhu.es\/etsi\/?page_id=22359"},"modified":"2022-10-06T12:29:36","modified_gmt":"2022-10-06T11:29:36","slug":"perfil-recomendado-de-acceso-y-requisitos-y-criterios-de-admision-master-oficial-en-ingenieria-de-minas","status":"publish","type":"page","link":"https:\/\/www.uhu.es\/etsi\/perfil-recomendado-de-acceso-y-requisitos-y-criterios-de-admision-master-oficial-en-ingenieria-de-minas\/","title":{"rendered":"Perfil recomendado de acceso y Requisitos y criterios de admisi\u00f3n M\u00e1ster Oficial en Ingenier\u00eda de Minas"},"content":{"rendered":"<p><strong>Perfil de Ingreso<\/strong><br \/>\nEl M\u00e1ster Interuniversitario en Ingenier\u00eda de Minas est\u00e1 destinado a titulados universitarios que posean las competencias vinculadas con la profesi\u00f3n de Ingeniero T\u00e9cnico de Minas y que       deseen adquirir y desarrollar las competencias de Ingeniero de Minas. Debido a ello, el M\u00e1ster Interuniversitario en Ingenier\u00eda de Minas est\u00e1 destinado a los estudiantes egresados de un t\u00edtulo           de Grado en Ingenier\u00eda de Minas en cualquiera de sus ramas de conocimiento (Sondeos y Prospecciones Mineras, Explotaci\u00f3n de Minas o Recursos energ\u00e9ticos), as\u00ed como a los actuales Ingenieros T\u00e9cnicos de Minas, que son las titulaciones vinculadas al ejercicio de la profesi\u00f3n de Ingeniero T\u00e9cnico de Minas, y cuyas competencias se ajustan a las que deben haber sido adquiridas, y que se recogen en el apartado 3 de la Orden Ministerial CIN\/306\/2009 de 9 de febrero, por la que se establecen los requisitos para la verificaci\u00f3n de los t\u00edtulos universitarios oficiales que habiliten para el ejercicio de la profesi\u00f3n de Ingeniero T\u00e9cnico de Minas y su formaci\u00f3n estar de acuerdo con la que se establece en el apartado 5 de la antes citada Orden Ministerial. Por lo tanto, el perfil de ingreso recomendado est\u00e1 definido por las competencias asociadas a todo Ingeniero T\u00e9cnico de Minas.<\/p>\n<p><strong>Admisi\u00f3n y Acceso<\/strong><br \/>\nSe podr\u00e1 acceder al M\u00e1ster desde las siguientes titulaciones:<\/p>\n<ol>\n<li>Con un t\u00edtulo oficial de Grado en Ingenier\u00eda de Minas, que habilite para la profesi\u00f3n de Ingeniero T\u00e9cnico de Minas.<\/li>\n<li>Grado en Ingenier\u00eda en Tecnolog\u00edas Mineras y que cumplan con el Apartado 5 de la Orden CIN\/306\/2009.<\/li>\n<li>Con un t\u00edtulo oficial de Ingenier\u00eda T\u00e9cnica Minas en cualquiera de sus ramas.<\/li>\n<li>Aquellos Graduados en Ingenier\u00eda de la Rama de Minas o Energ\u00eda, por una universidad espa\u00f1ola, que no que cumplan con el Apartado 5 de la Orden CIN\/306\/2009, podr\u00e1n solicitar su admisi\u00f3n   al M\u00e1ster una vez hayan adaptado su titulaci\u00f3n a cualquiera de los Grados con acceso<\/li>\n<\/ol>\n<p>El proceso de acceso y admisi\u00f3n al M\u00e1ster Interuniversitario en Ingenier\u00eda de Minas por las Universidades de Huelva, Ja\u00e9n y C\u00f3rdoba ser\u00e1 gestionado por parte de la Administraci\u00f3n Auton\u00f3mica a trav\u00e9s del Distrito Universitario \u00danico Andaluz (<a href=\"http:\/\/www.juntadeandalucia.es\/innovacioncienciayempresa\/sguit\/#\">http:\/\/www.juntadeandalucia.es\/innovacioncienciayempresa\/sguit\/#<\/a>).<\/p>\n<p><b><i>Orden CIN\/306\/2009, de 9 de febrero, por la que se establecen los requisitos para la verificaci\u00f3n de los t\u00edtulos universitarios oficiales que habiliten para el ejercicio de la profesi\u00f3n de Ingeniero T\u00e9cnico de Minas.<\/b><\/i><\/p>\n<dd><b>Apartado 5. Planificaci\u00f3n de las ense\u00f1anzas.<\/b><\/dd>\n<p>Los t\u00edtulos a que se refiere el presente acuerdo son ense\u00f1anzas universitarias oficiales de Grado, y sus planes de estudios tendr\u00e1n una duraci\u00f3n de 240 cr\u00e9ditos europeos a los que se refiere el art\u00edculo 5 del mencionado Real Decreto 1393\/2007, de 29 de octubre.<\/p>\n<p>Deber\u00e1n cursarse el bloque de formaci\u00f3n b\u00e1sica de 60 cr\u00e9ditos, el bloque com\u00fan a la rama de Minas de 60 cr\u00e9ditos, un bloque completo de 48 cr\u00e9ditos, correspondiente a cada \u00e1mbito de tecnolog\u00eda espec\u00edfica, y realizarse un trabajo fin de grado de 12 cr\u00e9ditos. El plan de estudios deber\u00e1 incluir como m\u00ednimo, los siguientes m\u00f3dulos:<\/p>\n<table border=\"1\" rules=\"all\">\n<tr>\n<th align=\"center\">M\u00f3dulo<\/th>\n<th align=\"center\">N\u00ba de Cr\u00e9ditos europeos<\/th>\n<th align=\"center\">Competencias que deben adquirirse<\/th>\n<\/tr>\n<tr>\n<td>De formaci\u00f3n b\u00e1sica<\/td>\n<td align=\"center\">60<\/td>\n<td>\n<ul>\n<li>Capacidad para la resoluci\u00f3n de los problemas matem\u00e1ticos que puedan plantearse en la ingenier\u00eda. Aptitud para aplicar los<br \/>\n                    conocimientos sobre: \u00e1lgebra lineal; geometr\u00eda; geometr\u00eda diferencial; c\u00e1lculo diferencial e integral; ecuaciones diferenciales y en derivadas parciales; m\u00e9todos num\u00e9ricos; algor\u00edtmica num\u00e9rica; estad\u00edstica y optimizaci\u00f3n.<\/li>\n<li>Capacidad de visi\u00f3n espacial y conocimiento de las t\u00e9cnicas de representaci\u00f3n gr\u00e1fica, tanto por m\u00e9todos tradicionales de geometr\u00eda m\u00e9trica y geometr\u00eda descriptiva, como mediante las aplicaciones de dise\u00f1o asistido por ordenador.<\/li>\n<li>Conocimientos b\u00e1sicos sobre el uso y programaci\u00f3n de los ordenadores, sistemas operativos, bases de datos y programas inform\u00e1ticos con aplicaci\u00f3n en ingenier\u00eda.<\/li>\n<li>Comprensi\u00f3n y dominio de los conceptos b\u00e1sicos sobre las leyes generales de la mec\u00e1nica, termodin\u00e1mica, campos y ondas y electromagnetismo y su aplicaci\u00f3n para la resoluci\u00f3n de problemas propios de la ingenier\u00eda.<\/li>\n<li>Conocimientos b\u00e1sicos de geolog\u00eda y morfolog\u00eda del terreno y su aplicaci\u00f3n en problemas relacionados con la ingenier\u00eda.<\/li>\n<li>Climatolog\u00eda.<\/li>\n<li>Conocimiento adecuado del concepto de empresa, marco institucional y jur\u00eddico de la empresa. Organizaci\u00f3n y gesti\u00f3n de empresas.<\/li>\n<\/ul>\n<\/td>\n<\/tr>\n<tr>\n<td>Com\u00fan a la rama de Minas<\/td>\n<td align=\"center\">60<\/td>\n<td>\n<ul>\n<li>Capacidad para la resoluci\u00f3n de ecuaciones diferenciales ordinarias para su aplicaci\u00f3n en los problemas de Ingenier\u00eda.<\/li>\n<li>Comprensi\u00f3n de los conceptos de aleatoriedad de los fen\u00f3menos f\u00edsicos, sociales y econ\u00f3micos, as\u00ed como de incertidumbre.<\/li>\n<li>Conocimientos de c\u00e1lculo num\u00e9rico b\u00e1sico y aplicado a la ingenier\u00eda.<\/li>\n<li>Comprensi\u00f3n y dominio de los conceptos b\u00e1sicos sobre las leyes generales de la mec\u00e1nica y de la termodin\u00e1mica y su aplicaci\u00f3n para la resoluci\u00f3n de los problemas propios de la ingenier\u00eda. Transferencia de calor y materia y m\u00e1quinas t\u00e9rmicas<\/li>\n<li>Capacidad para conocer, comprender y utilizar los principios y tecnolog\u00eda de materiales.<\/li>\n<li>Conocimiento de geotecnia y mec\u00e1nica de suelos y de rocas.<\/li>\n<li>Conocimiento de resistencia de materiales y teor\u00eda de estructuras.<\/li>\n<li>Conocimiento de topograf\u00eda, fotogrametr\u00eda y cartograf\u00eda.<\/li>\n<li>Conocimiento de los principios de mec\u00e1nica de fluidos e hidr\u00e1ulica.<\/li>\n<li>Capacidad de an\u00e1lisis de la problem\u00e1tica de la seguridad y salud en los proyectos, plantas o instalaciones.<\/li>\n<li>Conocimientos fundamentales sobre el sistema el\u00e9ctrico de potencia: generaci\u00f3n de energ\u00eda, red de transporte, reparto y distribuci\u00f3n, as\u00ed como sobre tipos de l\u00edneas y conductores. Conocimiento de la normativa sobre baja y alta tensi\u00f3n.<\/li>\n<li>Conocimiento de electr\u00f3nica b\u00e1sica y sistemas de control.<\/li>\n<li>Capacidad para aplicar metodolog\u00edas de estudios y evaluaciones de impacto ambiental y, en general, de tecnolog\u00edas ambientales, sostenibilidad y tratamiento de residuos.<\/li>\n<li>Capacidad de planificaci\u00f3n y gesti\u00f3n integral de obras, mediciones, replanteos, control y seguimiento.<\/li>\n<li>Conocimiento de procedimientos de construcci\u00f3n.<\/li>\n<li>Conocimiento de la metodolog\u00eda, gesti\u00f3n y organizaci\u00f3n de proyectos.<\/li>\n<\/ul>\n<\/td>\n<\/tr>\n<tr>\n<td>De tecnolog\u00eda espec\u00edfica<\/td>\n<td align=\"center\">48<\/td>\n<td>Capacidad para conocer, comprender y utilizar los principios de:<\/td>\n<\/tr>\n<tr>\n<td>Explotaci\u00f3n de Minas <\/td>\n<td><\/td>\n<td>\n<ul>\n<li>Extracci\u00f3n de materias primas de origen mineral.<\/li>\n<li>Dise\u00f1o, planificaci\u00f3n y direcci\u00f3n de explotaciones mineras.<\/li>\n<li>Geolog\u00eda general y de detalle.<\/li>\n<li>Estudios geot\u00e9cnicos aplicados a la miner\u00eda, construcci\u00f3n y obra civil.<\/li>\n<li>Ensayos mineral\u00f3gicos, petrogr\u00e1ficos y geot\u00e9cnicos. T\u00e9cnicas de muestreo.<\/li>\n<li>Modelizaci\u00f3n de yacimientos.<\/li>\n<li>Elaboraci\u00f3n de cartograf\u00eda tem\u00e1tica.<\/li>\n<li>Dise\u00f1o y ejecuci\u00f3n de obras superficiales y subterr\u00e1neas.<\/li>\n<li>T\u00e9cnicas de perforaci\u00f3n y sostenimiento aplicadas a obras subterr\u00e1neas y superficiales.<\/li>\n<li>Manejo, transporte y distribuci\u00f3n de explosivos<\/li>\n<li>Dise\u00f1o, operaci\u00f3n y mantenimiento de plantas de preparaci\u00f3n y tratamiento de minerales, rocas industriales, rocas ornamentales y residuos.<\/li>\n<li>Dise\u00f1o, operaci\u00f3n y mantenimiento de plantas de fabricaci\u00f3n de materiales de construcci\u00f3n.<\/li>\n<li>Electrificaci\u00f3n en industrias mineras.<\/li>\n<li>Ecolog\u00eda y ordenaci\u00f3n del territorio. Planificaci\u00f3n y gesti\u00f3n territorial y urban\u00edstica.<\/li>\n<\/ul>\n<\/td>\n<\/tr>\n<tr>\n<td>Instalaciones Electromec\u00e1nicas Mineras<\/td>\n<td><\/td>\n<td>\n<ul>\n<li>Extracci\u00f3n de materias primas de origen mineral.<\/li>\n<li>Dise\u00f1o, planificaci\u00f3n y direcci\u00f3n de explotaciones mineras.<\/li>\n<li>Geolog\u00eda general y de detalle.<\/li>\n<li>Estudios geot\u00e9cnicos aplicados a la miner\u00eda, construcci\u00f3n y obra civil.<\/li>\n<li>Ensayos mineral\u00f3gicos, petrogr\u00e1ficos y geot\u00e9cnicos. T\u00e9cnicas de muestreo.<\/li>\n<li>Modelizaci\u00f3n de yacimientos.<\/li>\n<li>Elaboraci\u00f3n de cartograf\u00eda tem\u00e1tica.<\/li>\n<li>Dise\u00f1o y ejecuci\u00f3n de obras superficiales y subterr\u00e1neas.<\/li>\n<li>T\u00e9cnicas de perforaci\u00f3n y sostenimiento aplicadas a obras subterr\u00e1neas y superficiales.<\/li>\n<li>Manejo, transporte y distribuci\u00f3n de explosivos<\/li>\n<li>Dise\u00f1o, operaci\u00f3n y mantenimiento de plantas de preparaci\u00f3n y tratamiento de minerales, rocas industriales, rocas ornamentales y residuos.<\/li>\n<li>Dise\u00f1o, operaci\u00f3n y mantenimiento de plantas de fabricaci\u00f3n de materiales de construcci\u00f3n.<\/li>\n<li>Electrificaci\u00f3n en industrias mineras.<\/li>\n<li>Ecolog\u00eda y ordenaci\u00f3n del territorio. Planificaci\u00f3n y gesti\u00f3n territorial y urban\u00edstica.<\/li>\n<\/ul>\n<\/td>\n<\/tr>\n<tr>\n<td>Mineralurgia y metalurgia<\/td>\n<td><\/td>\n<td>\n<ul>\n<li>Ingenier\u00eda de los materiales.<\/li>\n<li>Metalurgia y tratamiento de concentrados minerales, metales y aleaciones: Industria metalurgia f\u00e9rrea y no f\u00e9rrea, aleaciones especiales, ensayos metalot\u00e9cnicos, etc.<\/li>\n<li>Composici\u00f3n, estructuras, propiedad y aplicaciones de los Materiales Geol\u00f3gicos Metal\u00fargicos.<\/li>\n<li>Tratamiento de superficies y soldaduras.<\/li>\n<li>Ensayos y control de calidad de materiales met\u00e1licos y no met\u00e1licos, materiales cer\u00e1micos y pl\u00e1sticos.<\/li>\n<li>Reciclaje de los materiales met\u00e1licos.<\/li>\n<li>Dise\u00f1o, operaci\u00f3n y mantenimiento de plantas de fabricaci\u00f3n de materiales de construcci\u00f3n.<\/li>\n<\/ul>\n<\/td>\n<\/tr>\n<tr>\n<td>Recursos Energ\u00e9ticos, Combustibles y Explosivos.<\/td>\n<td><\/td>\n<td>\n<ul>\n<li>Aprovechamiento, transformaci\u00f3n y gesti\u00f3n de los recursos energ\u00e9ticos.<\/li>\n<li>Obras e instalaciones hidr\u00e1ulicas. Planificaci\u00f3n y gesti\u00f3n de recursos hidr\u00e1ulicos.<\/li>\n<li>Industrias de generaci\u00f3n, transporte, transformaci\u00f3n y gesti\u00f3n de la energ\u00eda el\u00e9ctrica y t\u00e9rmica.<\/li>\n<li>Operaciones b\u00e1sicas de procesos.<\/li>\n<li>Procesos de refino, petroqu\u00edmicos y carboqu\u00edmicos.<\/li>\n<li>Ingenier\u00eda nuclear y protecci\u00f3n radiol\u00f3gica.<\/li>\n<li>Log\u00edstica y distribuci\u00f3n energ\u00e9tica.<\/li>\n<li>Energ\u00edas alternativas y uso eficiente de la energ\u00eda.<\/li>\n<li>Fabricaci\u00f3n, manejo y utilizaci\u00f3n de explosivos industriales y pirot\u00e9cnicos. Ensayos de caracterizaci\u00f3n de sustancias explosivas. Transporte y distribuci\u00f3n de explosivos.<\/li>\n<li>Control de la calidad de los materiales empleados.<\/li>\n<\/ul>\n<\/td>\n<\/tr>\n<tr>\n<td>Sondeos y Prospecciones Mineras<\/td>\n<td><\/td>\n<td>\n<ul>\n<li>Prospecci\u00f3n Geof\u00edsica y Geoqu\u00edmica.<\/li>\n<li>Dise\u00f1o, planificaci\u00f3n y ejecuci\u00f3n para prospecci\u00f3n y extracci\u00f3n de minerales, rocas, combustibles f\u00f3siles y nucleares, aguas subterr\u00e1neas y geot\u00e9cnicos. \u00cddem para inyecci\u00f3n de fluidos en estructuras subterr\u00e1neas.<\/li>\n<li>T\u00e9cnicas de perforaci\u00f3n y sostenimiento aplicadas a obras subterr\u00e1neas y superficiales.<\/li>\n<li>Ensayos mineral\u00f3gicos, petrogr\u00e1ficos y geot\u00e9cnicos. T\u00e9cnicas de muestreo. Control de la calidad de los materiales empleados. Geolog\u00eda general y de detalle.<\/li>\n<li>Estudios hidrol\u00f3gicos, hidrogeol\u00f3gicos, estratigr\u00e1ficos y Paleontol\u00f3gicos. Topograf\u00eda general y de detalle<\/li>\n<li>Elaboraci\u00f3n de cartograf\u00eda tem\u00e1tica.<\/li>\n<li>Modelizaci\u00f3n de yacimientos.<\/li>\n<li>Estudios geot\u00e9cnicos aplicados a la miner\u00eda, construcci\u00f3n y obra civil.<\/li>\n<li>Dise\u00f1o y ejecuci\u00f3n de obras superficiales y subterr\u00e1neas.<\/li>\n<li>Ecolog\u00eda y ordenaci\u00f3n del territorio. Planificaci\u00f3n y gesti\u00f3n territorial y urban\u00edstica.<\/li>\n<\/ul>\n<\/td>\n<\/tr>\n<tr>\n<td>Trabajo fin de grado<\/td>\n<td>12<\/td>\n<td>Ejercicio original a realizar individualmente y presentar y defender ante un tribunal universitario, consistente en un proyecto en el \u00e1mbito de las tecnolog\u00edas espec\u00edficas de la Ingenier\u00eda de Minas de naturaleza profesional en el que se sinteticen e integren las competencias adquiridas en las ense\u00f1anzas.<\/td>\n<\/tr>\n<\/table>\n","protected":false},"excerpt":{"rendered":"<p>Perfil de Ingreso El M\u00e1ster Interuniversitario en Ingenier\u00eda de Minas est\u00e1 destinado a titulados universitarios que posean las competencias vinculadas &#8230; <\/p>\n<div><a href=\"https:\/\/www.uhu.es\/etsi\/perfil-recomendado-de-acceso-y-requisitos-y-criterios-de-admision-master-oficial-en-ingenieria-de-minas\/\" class=\"more-link\">Read More<\/a><\/div>\n","protected":false},"author":7,"featured_media":0,"parent":0,"menu_order":0,"comment_status":"closed","ping_status":"closed","template":"template-layout-full-width.php","meta":[],"yoast_head":"<!-- This site is optimized with the Yoast SEO plugin v20.2.1 - https:\/\/yoast.com\/wordpress\/plugins\/seo\/ -->\n<title>Perfil recomendado de acceso y Requisitos y criterios de admisi\u00f3n M\u00e1ster Oficial en Ingenier\u00eda de Minas - ETSI, UHU<\/title>\n<meta name=\"robots\" content=\"index, follow, max-snippet:-1, max-image-preview:large, max-video-preview:-1\" \/>\n<link rel=\"canonical\" href=\"https:\/\/www.uhu.es\/etsi\/perfil-recomendado-de-acceso-y-requisitos-y-criterios-de-admision-master-oficial-en-ingenieria-de-minas\/\" \/>\n<meta property=\"og:locale\" content=\"es_ES\" \/>\n<meta property=\"og:type\" content=\"article\" \/>\n<meta property=\"og:title\" content=\"Perfil recomendado de acceso y Requisitos y criterios de admisi\u00f3n M\u00e1ster Oficial en Ingenier\u00eda de Minas - ETSI, UHU\" \/>\n<meta property=\"og:description\" content=\"Perfil de Ingreso El M\u00e1ster Interuniversitario en Ingenier\u00eda de Minas est\u00e1 destinado a titulados universitarios que posean las competencias vinculadas ... Read More\" \/>\n<meta property=\"og:url\" content=\"https:\/\/www.uhu.es\/etsi\/perfil-recomendado-de-acceso-y-requisitos-y-criterios-de-admision-master-oficial-en-ingenieria-de-minas\/\" \/>\n<meta property=\"og:site_name\" content=\"ETSI, UHU\" \/>\n<meta property=\"article:modified_time\" content=\"2022-10-06T11:29:36+00:00\" \/>\n<meta name=\"twitter:label1\" content=\"Est. reading time\" \/>\n\t<meta name=\"twitter:data1\" content=\"9 minutes\" \/>\n<script type=\"application\/ld+json\" class=\"yoast-schema-graph\">{\"@context\":\"https:\/\/schema.org\",\"@graph\":[{\"@type\":\"WebPage\",\"@id\":\"https:\/\/www.uhu.es\/etsi\/perfil-recomendado-de-acceso-y-requisitos-y-criterios-de-admision-master-oficial-en-ingenieria-de-minas\/\",\"url\":\"https:\/\/www.uhu.es\/etsi\/perfil-recomendado-de-acceso-y-requisitos-y-criterios-de-admision-master-oficial-en-ingenieria-de-minas\/\",\"name\":\"Perfil recomendado de acceso y Requisitos y criterios de admisi\u00f3n M\u00e1ster Oficial en Ingenier\u00eda de Minas - ETSI, UHU\",\"isPartOf\":{\"@id\":\"https:\/\/www.uhu.es\/etsi\/#website\"},\"datePublished\":\"2022-10-05T11:55:43+00:00\",\"dateModified\":\"2022-10-06T11:29:36+00:00\",\"breadcrumb\":{\"@id\":\"https:\/\/www.uhu.es\/etsi\/perfil-recomendado-de-acceso-y-requisitos-y-criterios-de-admision-master-oficial-en-ingenieria-de-minas\/#breadcrumb\"},\"inLanguage\":\"es-ES\",\"potentialAction\":[{\"@type\":\"ReadAction\",\"target\":[\"https:\/\/www.uhu.es\/etsi\/perfil-recomendado-de-acceso-y-requisitos-y-criterios-de-admision-master-oficial-en-ingenieria-de-minas\/\"]}]},{\"@type\":\"BreadcrumbList\",\"@id\":\"https:\/\/www.uhu.es\/etsi\/perfil-recomendado-de-acceso-y-requisitos-y-criterios-de-admision-master-oficial-en-ingenieria-de-minas\/#breadcrumb\",\"itemListElement\":[{\"@type\":\"ListItem\",\"position\":1,\"name\":\"Portada\",\"item\":\"https:\/\/www.uhu.es\/etsi\/\"},{\"@type\":\"ListItem\",\"position\":2,\"name\":\"Perfil recomendado de acceso y Requisitos y criterios de admisi\u00f3n M\u00e1ster Oficial en Ingenier\u00eda de Minas\"}]},{\"@type\":\"WebSite\",\"@id\":\"https:\/\/www.uhu.es\/etsi\/#website\",\"url\":\"https:\/\/www.uhu.es\/etsi\/\",\"name\":\"ETSI, UHU\",\"description\":\"Escuela T\u00e9cnica Superior de  Ingenier\u00eda de la Universidad de Huelva\",\"publisher\":{\"@id\":\"https:\/\/www.uhu.es\/etsi\/#organization\"},\"potentialAction\":[{\"@type\":\"SearchAction\",\"target\":{\"@type\":\"EntryPoint\",\"urlTemplate\":\"https:\/\/www.uhu.es\/etsi\/?s={search_term_string}\"},\"query-input\":\"required name=search_term_string\"}],\"inLanguage\":\"es-ES\"},{\"@type\":\"Organization\",\"@id\":\"https:\/\/www.uhu.es\/etsi\/#organization\",\"name\":\"UHU ETSI\",\"url\":\"https:\/\/www.uhu.es\/etsi\/\",\"logo\":{\"@type\":\"ImageObject\",\"inLanguage\":\"es-ES\",\"@id\":\"https:\/\/www.uhu.es\/etsi\/#\/schema\/logo\/image\/\",\"url\":\"http:\/\/www.uhu.es\/etsi\/wp-content\/uploads\/2016\/02\/membrete_ETSI.jpg\",\"contentUrl\":\"http:\/\/www.uhu.es\/etsi\/wp-content\/uploads\/2016\/02\/membrete_ETSI.jpg\",\"width\":423,\"height\":81,\"caption\":\"UHU ETSI\"},\"image\":{\"@id\":\"https:\/\/www.uhu.es\/etsi\/#\/schema\/logo\/image\/\"}}]}<\/script>\n<!-- \/ Yoast SEO plugin. -->","yoast_head_json":{"title":"Perfil recomendado de acceso y Requisitos y criterios de admisi\u00f3n M\u00e1ster Oficial en Ingenier\u00eda de Minas - ETSI, UHU","robots":{"index":"index","follow":"follow","max-snippet":"max-snippet:-1","max-image-preview":"max-image-preview:large","max-video-preview":"max-video-preview:-1"},"canonical":"https:\/\/www.uhu.es\/etsi\/perfil-recomendado-de-acceso-y-requisitos-y-criterios-de-admision-master-oficial-en-ingenieria-de-minas\/","og_locale":"es_ES","og_type":"article","og_title":"Perfil recomendado de acceso y Requisitos y criterios de admisi\u00f3n M\u00e1ster Oficial en Ingenier\u00eda de Minas - ETSI, UHU","og_description":"Perfil de Ingreso El M\u00e1ster Interuniversitario en Ingenier\u00eda de Minas est\u00e1 destinado a titulados universitarios que posean las competencias vinculadas ... Read More","og_url":"https:\/\/www.uhu.es\/etsi\/perfil-recomendado-de-acceso-y-requisitos-y-criterios-de-admision-master-oficial-en-ingenieria-de-minas\/","og_site_name":"ETSI, UHU","article_modified_time":"2022-10-06T11:29:36+00:00","twitter_misc":{"Est. reading time":"9 minutes"},"schema":{"@context":"https:\/\/schema.org","@graph":[{"@type":"WebPage","@id":"https:\/\/www.uhu.es\/etsi\/perfil-recomendado-de-acceso-y-requisitos-y-criterios-de-admision-master-oficial-en-ingenieria-de-minas\/","url":"https:\/\/www.uhu.es\/etsi\/perfil-recomendado-de-acceso-y-requisitos-y-criterios-de-admision-master-oficial-en-ingenieria-de-minas\/","name":"Perfil recomendado de acceso y Requisitos y criterios de admisi\u00f3n M\u00e1ster Oficial en Ingenier\u00eda de Minas - ETSI, UHU","isPartOf":{"@id":"https:\/\/www.uhu.es\/etsi\/#website"},"datePublished":"2022-10-05T11:55:43+00:00","dateModified":"2022-10-06T11:29:36+00:00","breadcrumb":{"@id":"https:\/\/www.uhu.es\/etsi\/perfil-recomendado-de-acceso-y-requisitos-y-criterios-de-admision-master-oficial-en-ingenieria-de-minas\/#breadcrumb"},"inLanguage":"es-ES","potentialAction":[{"@type":"ReadAction","target":["https:\/\/www.uhu.es\/etsi\/perfil-recomendado-de-acceso-y-requisitos-y-criterios-de-admision-master-oficial-en-ingenieria-de-minas\/"]}]},{"@type":"BreadcrumbList","@id":"https:\/\/www.uhu.es\/etsi\/perfil-recomendado-de-acceso-y-requisitos-y-criterios-de-admision-master-oficial-en-ingenieria-de-minas\/#breadcrumb","itemListElement":[{"@type":"ListItem","position":1,"name":"Portada","item":"https:\/\/www.uhu.es\/etsi\/"},{"@type":"ListItem","position":2,"name":"Perfil recomendado de acceso y Requisitos y criterios de admisi\u00f3n M\u00e1ster Oficial en Ingenier\u00eda de Minas"}]},{"@type":"WebSite","@id":"https:\/\/www.uhu.es\/etsi\/#website","url":"https:\/\/www.uhu.es\/etsi\/","name":"ETSI, UHU","description":"Escuela T\u00e9cnica Superior de  Ingenier\u00eda de la Universidad de Huelva","publisher":{"@id":"https:\/\/www.uhu.es\/etsi\/#organization"},"potentialAction":[{"@type":"SearchAction","target":{"@type":"EntryPoint","urlTemplate":"https:\/\/www.uhu.es\/etsi\/?s={search_term_string}"},"query-input":"required name=search_term_string"}],"inLanguage":"es-ES"},{"@type":"Organization","@id":"https:\/\/www.uhu.es\/etsi\/#organization","name":"UHU ETSI","url":"https:\/\/www.uhu.es\/etsi\/","logo":{"@type":"ImageObject","inLanguage":"es-ES","@id":"https:\/\/www.uhu.es\/etsi\/#\/schema\/logo\/image\/","url":"http:\/\/www.uhu.es\/etsi\/wp-content\/uploads\/2016\/02\/membrete_ETSI.jpg","contentUrl":"http:\/\/www.uhu.es\/etsi\/wp-content\/uploads\/2016\/02\/membrete_ETSI.jpg","width":423,"height":81,"caption":"UHU ETSI"},"image":{"@id":"https:\/\/www.uhu.es\/etsi\/#\/schema\/logo\/image\/"}}]}},"_links":{"self":[{"href":"https:\/\/www.uhu.es\/etsi\/wp-json\/wp\/v2\/pages\/22359"}],"collection":[{"href":"https:\/\/www.uhu.es\/etsi\/wp-json\/wp\/v2\/pages"}],"about":[{"href":"https:\/\/www.uhu.es\/etsi\/wp-json\/wp\/v2\/types\/page"}],"author":[{"embeddable":true,"href":"https:\/\/www.uhu.es\/etsi\/wp-json\/wp\/v2\/users\/7"}],"replies":[{"embeddable":true,"href":"https:\/\/www.uhu.es\/etsi\/wp-json\/wp\/v2\/comments?post=22359"}],"version-history":[{"count":15,"href":"https:\/\/www.uhu.es\/etsi\/wp-json\/wp\/v2\/pages\/22359\/revisions"}],"predecessor-version":[{"id":22395,"href":"https:\/\/www.uhu.es\/etsi\/wp-json\/wp\/v2\/pages\/22359\/revisions\/22395"}],"wp:attachment":[{"href":"https:\/\/www.uhu.es\/etsi\/wp-json\/wp\/v2\/media?parent=22359"}],"curies":[{"name":"wp","href":"https:\/\/api.w.org\/{rel}","templated":true}]}}