{"id":22361,"date":"2022-10-05T13:02:03","date_gmt":"2022-10-05T12:02:03","guid":{"rendered":"http:\/\/www.uhu.es\/etsi\/?page_id=22361"},"modified":"2022-12-21T11:00:57","modified_gmt":"2022-12-21T10:00:57","slug":"perfil-recomendado-de-acceso-y-requisitos-y-criterios-de-admision-master-oficial-en-ingenieria-informatica","status":"publish","type":"page","link":"https:\/\/www.uhu.es\/etsi\/perfil-recomendado-de-acceso-y-requisitos-y-criterios-de-admision-master-oficial-en-ingenieria-informatica\/","title":{"rendered":"Perfil recomendado de acceso y Requisitos y criterios de admisi\u00f3n M\u00e1ster Oficial en Ingenier\u00eda Inform\u00e1tica"},"content":{"rendered":"<p><strong>Perfil de acceso recomendado<\/strong><\/p>\n<p>El M\u00e1ster Universitario en Ingenier\u00eda Inform\u00e1tica est\u00e1 destinado a titulados universitarios que posean las competencias vinculadas con la profesi\u00f3n de Ingeniero T\u00e9cnico en Inform\u00e1tica y que deseen adquirir y desarrollar las competencias de Ingeniero Inform\u00e1tico. Debido a ello, el M\u00e1ster Universitario en Ingenier\u00eda Inform\u00e1tica est\u00e1 destinado, preferentemente, a los estudiantes egresados de un t\u00edtulo de Grado en Ingenier\u00eda Inform\u00e1tica, as\u00ed como a los actuales Ingenieros T\u00e9cnicos en Inform\u00e1tica de Sistemas e Ingenieros T\u00e9cnicos en Inform\u00e1tica de Gesti\u00f3n, que son las titulaciones vinculadas al ejercicio de la profesi\u00f3n de Ingeniero T\u00e9cnico en Inform\u00e1tica, y cuyas competencias se ajustan a lo establecido en el apartado 5 del Anexo II de la Resoluci\u00f3n de 8 de junio de 2009 (BOE 4-agosto-2009), de la Secretar\u00eda General de Universidades. Por lo tanto, el perfil de ingreso recomendado est\u00e1 definido por las competencias asociadas a todo Ingeniero T\u00e9cnico en Inform\u00e1tica.<\/p>\n<p>Es aconsejable que el alumno tenga las siguientes caracter\u00edsticas personales (capacidades y aptitudes):<\/p>\n<ul>\n<li>Tener inter\u00e9s en la actualizaci\u00f3n de conocimientos y saber adaptarse a nuevas situaciones, m\u00e9todos y tecnolog\u00edas <\/li>\n<li>Capacidad para el aprendizaje aut\u00f3nomo.<\/li>\n<li>Capacidad para trabajar de forma colaborativa, integrado en equipos, organizando, planificando, tomando decisiones, negociando y resolviendo conflictos.<\/li>\n<li>Capacidad de innovaci\u00f3n, creatividad y generaci\u00f3n de nuevas ideas.<\/li>\n<li>Tener iniciativa y esp\u00edritu emprendedor.<\/li>\n<li>Capacidad para el liderazgo, la direcci\u00f3n, la gesti\u00f3n de equipos y proyectos.<\/li>\n<li>Capacidad de comunicaci\u00f3n, tanto en forma hablada como escrita.<\/li>\n<li>Capacidad de cr\u00edtica y autocr\u00edtica.<\/li>\n<\/ul>\n<p>Las caracter\u00edsticas acad\u00e9micas recomendables son las obtenidas a trav\u00e9s de las competencias adquiridas por los alumnos egresados principalmente de un t\u00edtulo de Grado en Ingenier\u00eda Inform\u00e1tica. Adem\u00e1s, aunque la docencia del t\u00edtulo es en espa\u00f1ol (se requiere un nivel B2 del Marco Europeo Com\u00fan de referencia para las lenguas del Consejo Europeo), es recomendable tener conocimientos suficientes de ingl\u00e9s (equivalente al nivel B1 del Marco Europeo Com\u00fan de referencia para las lenguas del Consejo de Europa) puesto que la docencia que se imparte en el m\u00e1ster pueden tener contenidos en dicho idioma.<\/p>\n<p>La Universidad de Huelva dispone de un sistema amplio y estructurado de informaci\u00f3n para sus nuevos estudiantes que comienza incluso antes de su incorporaci\u00f3n a sus centros y titulaciones. En el caso de las ense\u00f1anzas de posgrado, este sistema pretende dirigirse y atender las necesidades de todos los colectivos potenciales: alumnos\/as reci\u00e9n graduados\/as de la misma Universidad de Huelva, alumnado graduado en otras Universidades andaluzas, espa\u00f1olas o extranjeras, egresados y profesionales que regresan a la Universidad en el marco de un proceso de actualizaci\u00f3n, especializaci\u00f3n o reciclaje, etc.<\/p>\n<p>De esta forma, se pretende acercar la oferta de posgrado a todos los \u00e1mbitos, facilitando as\u00ed la transici\u00f3n de una etapa a otra, la incorporaci\u00f3n al mundo universitario, y adem\u00e1s el desenvolvimiento del alumnado a lo largo de los a\u00f1os acad\u00e9micos.<\/p>\n<p><strong>Requisito de Acceso<\/strong><br \/>\nLos requisitos generales de acceso a los m\u00e1steres oficiales son los que se establecen en el art\u00edculo 16 del Real Decreto 1393\/2007, modificado por el Real Decreto 861\/2010 y el acuerdo de 8 de abril de 2010, de la Direcci\u00f3n General de Universidades, seg\u00fan los cuales quienes deseen ser admitidos, deber\u00e1n encontrarse en alguna de las siguientes situaciones:<\/p>\n<ol>\n<li>Estar en posesi\u00f3n de un t\u00edtulo de Grado, o de Arquitecto, Ingeniero, Licenciado, Arquitecto T\u00e9cnico, Diplomado, Ingeniero T\u00e9cnico o Maestro, u otro expresamente declarado equivalente.<\/li>\n<li>Estar en posesi\u00f3n de un t\u00edtulo universitario extranjero expedido por una instituci\u00f3n de educaci\u00f3n superior del Espacio Europeo de Educaci\u00f3n Superior que facultan en el pa\u00eds expedidor del t\u00edtulo para el acceso a ense\u00f1anzas de m\u00e1ster.<\/li>\n<li>Estar en posesi\u00f3n de un t\u00edtulo universitario extranjero, equivalente al nivel de grado en Espa\u00f1a, pero que no ha sido homologado por el Ministerio de Educaci\u00f3n Espa\u00f1ol y que faculte en su pa\u00eds de origen para cursar estudios de posgrado<\/li>\n<\/ol>\n<p>De acuerdo con las previsiones del art. 75 de la Ley 15\/2003, Andaluza de Universidades, a los \u00fanicos efectos del ingreso en los centros universitarios, todas las Universidades p\u00fablicas andaluzas se constituyen en un distrito \u00fanico. En consecuencia los procesos de admisi\u00f3n de alumnos se realizan de acuerdo con los criterios que establezca la Comisi\u00f3n de Distrito \u00danico Andaluz, consider\u00e1ndose en los mismos la existencia de estudiantes con necesidades educativas espec\u00edficas derivadas de discapacidad<\/p>\n<p>Las condiciones generales de acceso al presente M\u00e1ster en Ingenier\u00eda Inform\u00e1tica son las indicadas en el Apartado 4.2 de la Resoluci\u00f3n de 8 de junio de 2009, de la Secretar\u00eda General de Universidades, por la que se da publicidad al Acuerdo del Consejo de Universidades, por el que se establecen recomendaciones para la propuesta por las universidades de memorias de solicitud de t\u00edtulos oficiales en los \u00e1mbitos de la Ingenier\u00eda Inform\u00e1tica. Ese apartado se encuentra, concretamente, en el Anexo que hace referencia al &#8220;Establecimiento de recomendaciones respecto a determinados apartados del anexo I del Real Decreto 1393\/2007, de 29 de octubre, por el que se establece la ordenaci\u00f3n de las ense\u00f1anzas universitarias oficiales, relativo a la memoria para la solicitud de verificaci\u00f3n de t\u00edtulos oficiales de la profesi\u00f3n de Ingeniero en Inform\u00e1tica&#8221; y que dicen lo siguiente:<\/p>\n<p>Apartado 4.2. Condiciones de acceso al M\u00e1ster<\/p>\n<ul>\n<li type=\"square\">4.2.1 Podr\u00e1 acceder al M\u00e1ster vinculado con el ejercicio de la profesi\u00f3n de Ingeniero en Inform\u00e1tica, quien haya adquirido previamente las competencias que se recogen en el apartado 3 del Anexo II el presente Acuerdo por el que se establecen las recomendaciones para la verificaci\u00f3n de los t\u00edtulos universitarios oficiales vinculados con el ejercicio de la profesi\u00f3n de Ingeniero T\u00e9cnico en Inform\u00e1tica, y su formaci\u00f3n estar de acuerdo con la que se establece en el apartado 5 del Anexo II antes citado.<\/li>\n<li type=\"square\">4.2.2 Asimismo, se permitir\u00e1 el acceso al M\u00e1ster cuando el t\u00edtulo de grado del interesado acredite haber cursado el m\u00f3dulo de formaci\u00f3n b\u00e1sica y el m\u00f3dulo com\u00fan a la rama, a\u00fan no cubriendo un bloque completo del m\u00f3dulo de tecnolog\u00eda espec\u00edfica y s\u00ed 48 cr\u00e9ditos de los ofertados en el conjunto de los bloques de dicho m\u00f3dulo de un t\u00edtulo de grado vinculado con el ejercicio de la profesi\u00f3n de Ingeniero T\u00e9cnico en Inform\u00e1tica, de acuerdo con el presente acuerdo.<\/li>\n<li type=\"square\">4.2.3. Igualmente, podr\u00e1n acceder a este M\u00e1ster quienes est\u00e9n en posesi\u00f3n de cualquier t\u00edtulo de grado sin perjuicio de que en este caso se establezcan los complementos de formaci\u00f3n previa que se estimen necesarios.<\/li>\n<\/ul>\n<p>Los apartados anteriores se entender\u00e1n, sin perjuicio de lo dispuesto en el art\u00edculo 17.2 y en la disposici\u00f3n adicional cuarta del real decreto 1393\/2007, de 29 de octubre, modificado por el Real Decreto 861\/2010.<\/p>\n<p>Para cualquier otra titulaci\u00f3n, los estudiantes cursar\u00e1n los complementos necesarios para alcanzar las competencias b\u00e1sicas definidas en el Acuerdo del Consejo de Universidades, publicado en el BOE de 4 de agosto de 2009, por el que se establecen las recomendaciones para la verificaci\u00f3n de los t\u00edtulos universitarios oficiales vinculados con el ejercicio de la profesi\u00f3n de Ingeniero T\u00e9cnico en Inform\u00e1tica. Estos complementos formativos se establecer\u00e1n por la Comisi\u00f3n Acad\u00e9mica del M\u00e1ster de acuerdo con la titulaci\u00f3n de origen y no exceder\u00e1n de 30 cr\u00e9ditos ECTS.<\/p>\n<p>Se puede consultar los complementos formativos del M\u00e1ster en Ingenier\u00eda Inform\u00e1tica en la siguiente direcci\u00f3n: <a href=\"https:\/\/www.uhu.es\/etsi\/master_inginformatica_2018_documentacion\/ComplementosFormativos.pdf\">https:\/\/www.uhu.es\/etsi\/master_inginformatica_2018_documentacion\/ComplementosFormativos.pdf<\/a><\/p>\n<p><strong>Proceso y Criterios de Admisi\u00f3n <\/strong><br \/>\nEl RD 1393\/2007, de 29 de octubre, modificado por el RD 861\/2010, de 2 de julio, refuerza la autonom\u00eda universitaria para regular y limitar este acceso mediante el establecimiento de unos criterios de admisi\u00f3n y unos complementos de formaci\u00f3n en el caso de que sea necesario para ser admitidos en el mismo. En el caso del M\u00e1ster en Ingenier\u00eda Inform\u00e1tica, las condiciones de admisi\u00f3n se perfilan en la Resoluci\u00f3n de 8 de junio de 2009, de la Secretar\u00eda General de Universidades, por la que se da publicidad al Acuerdo del Consejo de Universidades, por el que se establecen recomendaciones para la propuesta por las universidades de memorias de solicitud de t\u00edtulos oficiales en los \u00e1mbitos de la Ingenier\u00eda Inform\u00e1tica, siendo la propia Universidad, en el ejercicio de su autonom\u00eda, la que deber\u00e1 establecer con claridad las condiciones y criterios de admisi\u00f3n de los estudiantes, conforme a los Reales Decretos 1393\/2007 y 861\/2010.<\/p>\n<p>En base al acuerdo del Consejo de Universidades mencionado y al Real Decreto 1393\/2007 de 29 de octubre, se establece el siguiente perfil de acceso:<\/p>\n<ol>\n<li type=\"a\">Los titulados en el Grado en Ingenier\u00eda Inform\u00e1tica, en cualquiera de las tecnolog\u00edas espec\u00edficas del t\u00edtulo, tendr\u00e1n acceso directo al M\u00e1ster. Deber\u00e1n cursar la totalidad de cr\u00e9ditos del M\u00e1ster en Ingenier\u00eda Inform\u00e1tica.<\/li>\n<li type=\"a\">Los titulados en Ingenier\u00eda Inform\u00e1tica o equivalente tendr\u00e1n acceso directo al M\u00e1ster. Para obtener el t\u00edtulo de M\u00e1ster en Ingenier\u00eda Inform\u00e1tica deber\u00e1n realizar el Trabajo Fin de M\u00e1ster.<\/li>\n<li type=\"a\">\n<p>Los titulados en cualquier especialidad de Ingenier\u00eda T\u00e9cnica en Inform\u00e1tica o cualquier otra titulaci\u00f3n que haya proporcionado un t\u00edtulo equivalente al de Ingenier\u00eda T\u00e9cnica Inform\u00e1tica en ordenaciones anteriores podr\u00e1n tener acceso al M\u00e1ster en Ingenier\u00eda Inform\u00e1tica. Para estos titulados se establecer\u00e1 un programa formativo complementario a cursar (se definen en el apartado 4.5 de esta memoria) para dar cumplimiento a lo establecido en el Apartado 5 del Acuerdo mencionado. En este caso, los estudiantes podr\u00e1n acceder al M\u00e1ster pero no adquieren la titulaci\u00f3n de Grado.<\/p>\n<\/li>\n<li type=\"a\">\n<p>Todas aquellas personas que cumplan los requisitos del apartado 4.2.3. Una vez admitidos al m\u00e1ster y de forma previa a su matriculaci\u00f3n en asignaturas del m\u00e1ster, tendr\u00e1n que cursar los complementos formativos que establezca la Comisi\u00f3n Acad\u00e9mica del M\u00e1ster. Estos complementos formativos se establecer\u00e1n para cada titulado una vez acreditadas sus competencias, de forma que se asegure que adquieran las recogidas en el Anexo II del Acuerdo del Consejo de Universidades.<\/p>\n<\/li>\n<\/ol>\n<p>El proceso de acceso y admisi\u00f3n al M\u00e1ster universitario en Ingenier\u00eda Inform\u00e1tica por la Universidad de Huelva ser\u00e1 gestionado principalmente por parte de la Administraci\u00f3n Auton\u00f3mica a trav\u00e9s del Distrito Universitario \u00danico Andaluz (<a href=\"http:\/\/www.juntadeandalucia.es\/innovacioncienciayempresa\/sguit\/#\">http:\/\/www.juntadeandalucia.es\/innovacioncienciayempresa\/sguit\/#<\/a>).<\/p>\n<p> La Comisi\u00f3n Acad\u00e9mica del M\u00e1ster propondr\u00e1 criterios de selecci\u00f3n para el caso de que se llegue a producir una situaci\u00f3n de acceso competitivo en un curso acad\u00e9mico, al haber m\u00e1s solicitudes que plazas disponibles. Dichos criterios ser\u00e1n publicados y revisados para cada curso acad\u00e9mico. A la hora de establecer los criterios de admisi\u00f3n, se tendr\u00e1 en cuenta lo establecido en el art\u00edculo 17 del Real decreto 1393\/2007, modificado por el Real Decreto 861\/2010.<\/p>\n<p>Los criterios de prelaci\u00f3n se realizar\u00e1n en funci\u00f3n de la nota media del expediente acad\u00e9mico de la titulaci\u00f3n con la que acceden al M\u00e1ster, y el orden de prioridad se establecer\u00e1, adem\u00e1s, en funci\u00f3n de dicha titulaci\u00f3n siguiendo este orden:<\/p>\n<ol>\n<li><u>Prioridad alta<\/u>: Graduados en Ingenier\u00eda Inform\u00e1tica en cualquiera de sus especialidades, as\u00ed como Ingenieros Inform\u00e1ticos.<\/li>\n<li><u>Prioridad media<\/u>: Ingenieros T\u00e9cnicos Inform\u00e1ticos en cualquiera de sus especialidades.<\/li>\n<li><u>Prioridad baja<\/u>: Otros graduados, ingenieros y licenciados relacionados con el \u00e1mbito de la Inform\u00e1tica.<\/li>\n<\/ol>\n<p>Los estudiantes se ordenar\u00e1n seg\u00fan su nota de acceso dentro cada uno de los grupos, de tal forma que acceder\u00e1n, en primer lugar, los estudiantes que se encuentren en el grupo de prioridad alta, en segundo lugar los estudiantes que se encuentren en el grupo de prioridad media y, por \u00faltimo, los estudiantes que se encuentren en el grupo de prioridad baja. Dentro de cada grupo, el orden    se establecer\u00e1 por la calificaci\u00f3n del expediente acad\u00e9mico.<\/p>\n<p>Los criterios y requisitos de admisi\u00f3n en el M\u00e1ster universitario en Ingenier\u00eda Inform\u00e1tica responden al acuerdo general normativo adoptado por las autoridades acad\u00e9micas andaluzas que afecta a todos los m\u00e1steres oficiales ofertados en la Comunidad Aut\u00f3noma de Andaluc\u00eda y que se plasman en los mecanismos de acceso establecidos a trav\u00e9s del Distrito \u00danico Universitario Andaluz, siendo \u00e9stos objetivables y ponderables.<\/p>\n<p>No obstante, la Comisi\u00f3n Acad\u00e9mica podr\u00e1 modificar, siempre con car\u00e1cter previo, la selecci\u00f3n de los criterios de valoraci\u00f3n anteriormente referidos. Todos los aspectos relativos al proceso de preinscripci\u00f3n y matr\u00edcula ser\u00e1n objeto de informaci\u00f3n p\u00fablica, integrada y coordinada a trav\u00e9s de las p\u00e1ginas web del Distrito Universitario \u00danico Andaluz, la Oficina de Posgrado de la Universidad de Huelva y la p\u00e1gina web de la Escuela T\u00e9cnica Superior de Ingenier\u00eda.<\/p>\n","protected":false},"excerpt":{"rendered":"<p>Perfil de acceso recomendado El M\u00e1ster Universitario en Ingenier\u00eda Inform\u00e1tica est\u00e1 destinado a titulados universitarios que posean las competencias vinculadas &#8230; <\/p>\n<div><a href=\"https:\/\/www.uhu.es\/etsi\/perfil-recomendado-de-acceso-y-requisitos-y-criterios-de-admision-master-oficial-en-ingenieria-informatica\/\" class=\"more-link\">Read More<\/a><\/div>\n","protected":false},"author":7,"featured_media":0,"parent":0,"menu_order":0,"comment_status":"closed","ping_status":"closed","template":"template-layout-full-width.php","meta":[],"yoast_head":"<!-- This site is optimized with the Yoast SEO plugin v20.2.1 - https:\/\/yoast.com\/wordpress\/plugins\/seo\/ -->\n<title>Perfil recomendado de acceso y Requisitos y criterios de admisi\u00f3n M\u00e1ster Oficial en Ingenier\u00eda Inform\u00e1tica - ETSI, UHU<\/title>\n<meta name=\"robots\" content=\"index, follow, max-snippet:-1, max-image-preview:large, max-video-preview:-1\" \/>\n<link rel=\"canonical\" href=\"https:\/\/www.uhu.es\/etsi\/perfil-recomendado-de-acceso-y-requisitos-y-criterios-de-admision-master-oficial-en-ingenieria-informatica\/\" \/>\n<meta property=\"og:locale\" content=\"es_ES\" \/>\n<meta property=\"og:type\" content=\"article\" \/>\n<meta property=\"og:title\" content=\"Perfil recomendado de acceso y Requisitos y criterios de admisi\u00f3n M\u00e1ster Oficial en Ingenier\u00eda Inform\u00e1tica - ETSI, UHU\" \/>\n<meta property=\"og:description\" content=\"Perfil de acceso recomendado El M\u00e1ster Universitario en Ingenier\u00eda Inform\u00e1tica est\u00e1 destinado a titulados universitarios que posean las competencias vinculadas ... Read More\" \/>\n<meta property=\"og:url\" content=\"https:\/\/www.uhu.es\/etsi\/perfil-recomendado-de-acceso-y-requisitos-y-criterios-de-admision-master-oficial-en-ingenieria-informatica\/\" \/>\n<meta property=\"og:site_name\" content=\"ETSI, UHU\" \/>\n<meta property=\"article:modified_time\" content=\"2022-12-21T10:00:57+00:00\" \/>\n<meta name=\"twitter:label1\" content=\"Est. reading time\" \/>\n\t<meta name=\"twitter:data1\" content=\"11 minutes\" \/>\n<script type=\"application\/ld+json\" class=\"yoast-schema-graph\">{\"@context\":\"https:\/\/schema.org\",\"@graph\":[{\"@type\":\"WebPage\",\"@id\":\"https:\/\/www.uhu.es\/etsi\/perfil-recomendado-de-acceso-y-requisitos-y-criterios-de-admision-master-oficial-en-ingenieria-informatica\/\",\"url\":\"https:\/\/www.uhu.es\/etsi\/perfil-recomendado-de-acceso-y-requisitos-y-criterios-de-admision-master-oficial-en-ingenieria-informatica\/\",\"name\":\"Perfil recomendado de acceso y Requisitos y criterios de admisi\u00f3n M\u00e1ster Oficial en Ingenier\u00eda Inform\u00e1tica - ETSI, UHU\",\"isPartOf\":{\"@id\":\"https:\/\/www.uhu.es\/etsi\/#website\"},\"datePublished\":\"2022-10-05T12:02:03+00:00\",\"dateModified\":\"2022-12-21T10:00:57+00:00\",\"breadcrumb\":{\"@id\":\"https:\/\/www.uhu.es\/etsi\/perfil-recomendado-de-acceso-y-requisitos-y-criterios-de-admision-master-oficial-en-ingenieria-informatica\/#breadcrumb\"},\"inLanguage\":\"es-ES\",\"potentialAction\":[{\"@type\":\"ReadAction\",\"target\":[\"https:\/\/www.uhu.es\/etsi\/perfil-recomendado-de-acceso-y-requisitos-y-criterios-de-admision-master-oficial-en-ingenieria-informatica\/\"]}]},{\"@type\":\"BreadcrumbList\",\"@id\":\"https:\/\/www.uhu.es\/etsi\/perfil-recomendado-de-acceso-y-requisitos-y-criterios-de-admision-master-oficial-en-ingenieria-informatica\/#breadcrumb\",\"itemListElement\":[{\"@type\":\"ListItem\",\"position\":1,\"name\":\"Portada\",\"item\":\"https:\/\/www.uhu.es\/etsi\/\"},{\"@type\":\"ListItem\",\"position\":2,\"name\":\"Perfil recomendado de acceso y Requisitos y criterios de admisi\u00f3n M\u00e1ster Oficial en Ingenier\u00eda Inform\u00e1tica\"}]},{\"@type\":\"WebSite\",\"@id\":\"https:\/\/www.uhu.es\/etsi\/#website\",\"url\":\"https:\/\/www.uhu.es\/etsi\/\",\"name\":\"ETSI, UHU\",\"description\":\"Escuela T\u00e9cnica Superior de  Ingenier\u00eda de la Universidad de Huelva\",\"publisher\":{\"@id\":\"https:\/\/www.uhu.es\/etsi\/#organization\"},\"potentialAction\":[{\"@type\":\"SearchAction\",\"target\":{\"@type\":\"EntryPoint\",\"urlTemplate\":\"https:\/\/www.uhu.es\/etsi\/?s={search_term_string}\"},\"query-input\":\"required name=search_term_string\"}],\"inLanguage\":\"es-ES\"},{\"@type\":\"Organization\",\"@id\":\"https:\/\/www.uhu.es\/etsi\/#organization\",\"name\":\"UHU ETSI\",\"url\":\"https:\/\/www.uhu.es\/etsi\/\",\"logo\":{\"@type\":\"ImageObject\",\"inLanguage\":\"es-ES\",\"@id\":\"https:\/\/www.uhu.es\/etsi\/#\/schema\/logo\/image\/\",\"url\":\"http:\/\/www.uhu.es\/etsi\/wp-content\/uploads\/2016\/02\/membrete_ETSI.jpg\",\"contentUrl\":\"http:\/\/www.uhu.es\/etsi\/wp-content\/uploads\/2016\/02\/membrete_ETSI.jpg\",\"width\":423,\"height\":81,\"caption\":\"UHU ETSI\"},\"image\":{\"@id\":\"https:\/\/www.uhu.es\/etsi\/#\/schema\/logo\/image\/\"}}]}<\/script>\n<!-- \/ Yoast SEO plugin. -->","yoast_head_json":{"title":"Perfil recomendado de acceso y Requisitos y criterios de admisi\u00f3n M\u00e1ster Oficial en Ingenier\u00eda Inform\u00e1tica - ETSI, UHU","robots":{"index":"index","follow":"follow","max-snippet":"max-snippet:-1","max-image-preview":"max-image-preview:large","max-video-preview":"max-video-preview:-1"},"canonical":"https:\/\/www.uhu.es\/etsi\/perfil-recomendado-de-acceso-y-requisitos-y-criterios-de-admision-master-oficial-en-ingenieria-informatica\/","og_locale":"es_ES","og_type":"article","og_title":"Perfil recomendado de acceso y Requisitos y criterios de admisi\u00f3n M\u00e1ster Oficial en Ingenier\u00eda Inform\u00e1tica - ETSI, UHU","og_description":"Perfil de acceso recomendado El M\u00e1ster Universitario en Ingenier\u00eda Inform\u00e1tica est\u00e1 destinado a titulados universitarios que posean las competencias vinculadas ... Read More","og_url":"https:\/\/www.uhu.es\/etsi\/perfil-recomendado-de-acceso-y-requisitos-y-criterios-de-admision-master-oficial-en-ingenieria-informatica\/","og_site_name":"ETSI, UHU","article_modified_time":"2022-12-21T10:00:57+00:00","twitter_misc":{"Est. reading time":"11 minutes"},"schema":{"@context":"https:\/\/schema.org","@graph":[{"@type":"WebPage","@id":"https:\/\/www.uhu.es\/etsi\/perfil-recomendado-de-acceso-y-requisitos-y-criterios-de-admision-master-oficial-en-ingenieria-informatica\/","url":"https:\/\/www.uhu.es\/etsi\/perfil-recomendado-de-acceso-y-requisitos-y-criterios-de-admision-master-oficial-en-ingenieria-informatica\/","name":"Perfil recomendado de acceso y Requisitos y criterios de admisi\u00f3n M\u00e1ster Oficial en Ingenier\u00eda Inform\u00e1tica - ETSI, UHU","isPartOf":{"@id":"https:\/\/www.uhu.es\/etsi\/#website"},"datePublished":"2022-10-05T12:02:03+00:00","dateModified":"2022-12-21T10:00:57+00:00","breadcrumb":{"@id":"https:\/\/www.uhu.es\/etsi\/perfil-recomendado-de-acceso-y-requisitos-y-criterios-de-admision-master-oficial-en-ingenieria-informatica\/#breadcrumb"},"inLanguage":"es-ES","potentialAction":[{"@type":"ReadAction","target":["https:\/\/www.uhu.es\/etsi\/perfil-recomendado-de-acceso-y-requisitos-y-criterios-de-admision-master-oficial-en-ingenieria-informatica\/"]}]},{"@type":"BreadcrumbList","@id":"https:\/\/www.uhu.es\/etsi\/perfil-recomendado-de-acceso-y-requisitos-y-criterios-de-admision-master-oficial-en-ingenieria-informatica\/#breadcrumb","itemListElement":[{"@type":"ListItem","position":1,"name":"Portada","item":"https:\/\/www.uhu.es\/etsi\/"},{"@type":"ListItem","position":2,"name":"Perfil recomendado de acceso y Requisitos y criterios de admisi\u00f3n M\u00e1ster Oficial en Ingenier\u00eda Inform\u00e1tica"}]},{"@type":"WebSite","@id":"https:\/\/www.uhu.es\/etsi\/#website","url":"https:\/\/www.uhu.es\/etsi\/","name":"ETSI, UHU","description":"Escuela T\u00e9cnica Superior de  Ingenier\u00eda de la Universidad de Huelva","publisher":{"@id":"https:\/\/www.uhu.es\/etsi\/#organization"},"potentialAction":[{"@type":"SearchAction","target":{"@type":"EntryPoint","urlTemplate":"https:\/\/www.uhu.es\/etsi\/?s={search_term_string}"},"query-input":"required name=search_term_string"}],"inLanguage":"es-ES"},{"@type":"Organization","@id":"https:\/\/www.uhu.es\/etsi\/#organization","name":"UHU ETSI","url":"https:\/\/www.uhu.es\/etsi\/","logo":{"@type":"ImageObject","inLanguage":"es-ES","@id":"https:\/\/www.uhu.es\/etsi\/#\/schema\/logo\/image\/","url":"http:\/\/www.uhu.es\/etsi\/wp-content\/uploads\/2016\/02\/membrete_ETSI.jpg","contentUrl":"http:\/\/www.uhu.es\/etsi\/wp-content\/uploads\/2016\/02\/membrete_ETSI.jpg","width":423,"height":81,"caption":"UHU ETSI"},"image":{"@id":"https:\/\/www.uhu.es\/etsi\/#\/schema\/logo\/image\/"}}]}},"_links":{"self":[{"href":"https:\/\/www.uhu.es\/etsi\/wp-json\/wp\/v2\/pages\/22361"}],"collection":[{"href":"https:\/\/www.uhu.es\/etsi\/wp-json\/wp\/v2\/pages"}],"about":[{"href":"https:\/\/www.uhu.es\/etsi\/wp-json\/wp\/v2\/types\/page"}],"author":[{"embeddable":true,"href":"https:\/\/www.uhu.es\/etsi\/wp-json\/wp\/v2\/users\/7"}],"replies":[{"embeddable":true,"href":"https:\/\/www.uhu.es\/etsi\/wp-json\/wp\/v2\/comments?post=22361"}],"version-history":[{"count":13,"href":"https:\/\/www.uhu.es\/etsi\/wp-json\/wp\/v2\/pages\/22361\/revisions"}],"predecessor-version":[{"id":22561,"href":"https:\/\/www.uhu.es\/etsi\/wp-json\/wp\/v2\/pages\/22361\/revisions\/22561"}],"wp:attachment":[{"href":"https:\/\/www.uhu.es\/etsi\/wp-json\/wp\/v2\/media?parent=22361"}],"curies":[{"name":"wp","href":"https:\/\/api.w.org\/{rel}","templated":true}]}}